{"id":59756,"date":"2026-04-15T10:50:53","date_gmt":"2026-04-15T08:50:53","guid":{"rendered":"https:\/\/ironsky.pl\/sklep\/produkt\/powerbank-romoss-wms10-10000mah-30w-czarny-2\/"},"modified":"2026-04-15T10:51:17","modified_gmt":"2026-04-15T08:51:17","slug":"powerbank-romoss-wms10-10000mah-30w-czarny-2","status":"publish","type":"product","link":"https:\/\/ironsky.pl\/sklep\/produkt\/powerbank-romoss-wms10-10000mah-30w-czarny-2\/","title":{"rendered":"Powerbank ROMOSS WMS10 10000mAh 30W (czarny)"},"content":{"rendered":"<h3>Powerbank Romoss WMS10 10000mAh 30W (czarny)<\/h3>\n<p>Romoss WMS10 to niezawodny powerbank, kt\u00f3ry \u0142\u0105czy w sobie pot\u0119\u017cn\u0105 moc, szybko\u015b\u0107 \u0142adowania oraz estetyczny wygl\u0105d. Dzi\u0119ki funkcji magnetycznego \u0142adowania bezprzewodowego oraz wszechstronno\u015bci w obs\u0142udze r\u00f3\u017cnych urz\u0105dze\u0144 WMS10 jest doskona\u0142ym wyborem dla wszystkich, kt\u00f3rzy chc\u0105 cieszy\u0107 si\u0119 pe\u0142n\u0105 swobod\u0105 bez obaw o wyczerpan\u0105 energi\u0119. Wybierz Romoss WMS10 i b\u0105d\u017a zawsze gotowy na wyzwania dnia codziennego!<\/p>\n<p>\n<img decoding=\"async\" src=\"https:\/\/assets.innpro.pl\/10536\/12380\/3.jpg\" border=\"0\" \/>\n<\/p>\n<h3>Superszybkie \u0142adowanie\u00a0<\/h3>\n<p>Romoss WMS10 umo\u017cliwia szybkie \u0142adowanie o mocy do 30W, co sprawia, \u017ce Twoje urz\u0105dzenia mog\u0105 by\u0107 gotowe do u\u017cycia w znacznie kr\u00f3tszym czasie. Dzi\u0119ki technologii Power Delivery mo\u017cesz na\u0142adowa\u0107 swojego smartfona lub tablet w mgnieniu oka. Ponadto jego imponuj\u0105ca pojemno\u015b\u0107 wynosz\u0105ca 10000 mAh to doskona\u0142y atut, kt\u00f3ry sprawdzi si\u0119 w ka\u017cdej sytuacji. Idealne rozwi\u0105zanie dla os\u00f3b, kt\u00f3re ceni\u0105 sobie oszcz\u0119dno\u015b\u0107 czasu.<\/p>\n<p>\n<img decoding=\"async\" src=\"https:\/\/assets.innpro.pl\/10536\/12380\/5.jpg\" border=\"0\" \/>\n<\/p>\n<h3>\u0141atwe i stabilne \u0142adowanie bezprzewodowe<\/h3>\n<p>Zintegrowana funkcja \u0142adowania bezprzewodowego pozwala na szybkie do\u0142adowanie urz\u0105dze\u0144, bez potrzeby u\u017cywania kabli. Magnetyczne mocowanie zapewnia pewne i stabilne \u0142adowanie, a dzi\u0119ki temu mo\u017cesz skupi\u0107 si\u0119 na tym, co wa\u017cne, bez obaw o stan akumulatora. Idealnie sprawdzi si\u0119 podczas spotka\u0144 biznesowych, wycieczek oraz codziennego u\u017cytkowania.<\/p>\n<p>\n<img decoding=\"async\" src=\"https:\/\/assets.innpro.pl\/10536\/12380\/4.jpg\" border=\"0\" \/>\n<\/p>\n<h3>Wszechstronno\u015b\u0107 dla ka\u017cdego urz\u0105dzenia<\/h3>\n<p>Powerbank Romoss WMS10 jest wyposa\u017cony w porty Lightning i Type-C, co zapewnia pe\u0142n\u0105 kompatybilno\u015b\u0107 z wi\u0119kszo\u015bci\u0105 urz\u0105dze\u0144, od smartfon\u00f3w po tablety i s\u0142uchawki. Mo\u017cliwo\u015b\u0107 jednoczesnego \u0142adowania wielu urz\u0105dze\u0144 sprawia, \u017ce jest to idealny wyb\u00f3r dla os\u00f3b, kt\u00f3re zawsze musz\u0105 mie\u0107 pod r\u0119k\u0105 niezawodny zapas energii.<\/p>\n<p>\n<img decoding=\"async\" src=\"https:\/\/assets.innpro.pl\/10536\/12380\/6.jpg\" border=\"0\" \/>\n<\/p>\n<h3>Elegancki design i wygoda u\u017cytkowania<\/h3>\n<p>Romoss WMS10 zosta\u0142 zaprojektowany z my\u015bl\u0105 o nowoczesnym stylu \u017cycia. Elegancki wygl\u0105d oraz niewielkie wymiary sprawiaj\u0105, \u017ce bez problemu zmie\u015bcisz go w torbie, plecaku, a nawet w kieszeni. Wysokiej jako\u015bci materia\u0142y oraz staranne wykonanie podkre\u015blaj\u0105 jego ekskluzywny charakter i wytrzyma\u0142o\u015b\u0107.<\/p>\n<p>\n<img decoding=\"async\" src=\"https:\/\/assets.innpro.pl\/10536\/12380\/7.jpg\" border=\"0\" \/>\n<\/p>\n<h3>W zestawie<\/h3>\n<ul class=\"list-disc pl-5\">\n<li>powerbank<\/li>\n<li>kabel \u0142aduj\u0105cy<\/li>\n<li>instrukcja obs\u0142ugi<\/li>\n<\/ul>\n<div class=\"table-wrapper\">\n<p>\u00a0<\/p>\n<h3><\/h3>\n<table>\n<tbody>\n<tr>\n<th>Producent<\/th>\n<td>Romoss<\/td>\n<\/tr>\n<tr>\n<th>Model<\/th>\n<td>WMS10<\/td>\n<\/tr>\n<tr>\n<th>Akumulator <\/th>\n<td>litowo-jonowy<\/td>\n<\/tr>\n<tr>\n<th>Energia znamionowa<\/th>\n<td>37Wh (10000mAh)<\/td>\n<\/tr>\n<tr>\n<th>Pojemno\u015b\u0107 znamionowa<\/th>\n<td>6000mAh (5V\/2A)<\/td>\n<\/tr>\n<tr>\n<th>Efektywno\u015b\u0107 akumulatora<\/th>\n<td> \u2265 75%<\/td>\n<\/tr>\n<tr>\n<th>Wej\u015bcie<\/th>\n<td>5V\u23932A \/ 9V\u23932A (Lightning 1); 5V\u23933A \/ 9V\u23933A \/ 12V\u23932.5A \/ 15V\u23932A (Lightning\/Type-C)<\/td>\n<\/tr>\n<tr>\n<th>Wyj\u015bcie<\/th>\n<td>5V\u23933A \/ 9V\u23933A \/ 12V\u23932.5A \/ 15V\u23932A (Lightning\/Type-C); 15W (Magnetyczna stacja \u0142adowania bezprzewodowego)<\/td>\n<\/tr>\n<tr>\n<th>\u0141\u0105czne wyj\u015bcie<\/th>\n<td>Lightning\/Type-C + bezprzewodowe: 5V\u23933A<\/td>\n<\/tr>\n<tr>\n<th>Rozmiar<\/th>\n<td>104 \u00d7 67 \u00d7 20.5 mm<\/td>\n<\/tr>\n<tr>\n<th>Waga<\/th>\n<td>225 g<\/td>\n<\/tr>\n<tr>\n<th>Kolor<\/th>\n<td>czarny<\/td>\n<\/tr>\n<tr>\n<th>Zakres temperatur<\/th>\n<td>\u0141adowanie: 0 \u2013 25\u00b0C \/ 32 \u2013 77\u00b0F Przechowywanie: -20 \u2013 45\u00b0C \/ -4 \u2013 113\u00b0F<\/td>\n<\/tr>\n<\/tbody>\n<\/table>\n<\/div>\n","protected":false},"excerpt":{"rendered":"<p>Powerbank Romoss WMS10 10000mAh 30W (czarny) Romoss WMS10 to niezawodny powerbank, kt\u00f3ry \u0142\u0105czy w sobie pot\u0119\u017cn\u0105 moc, szybko\u015b\u0107 \u0142adowania oraz<\/p>\n","protected":false},"featured_media":59757,"comment_status":"closed","ping_status":"open","template":"","meta":{"_acf_changed":false},"product_brand":[],"product_cat":[1108,1113],"product_tag":[],"class_list":{"0":"post-59756","1":"product","2":"type-product","3":"status-publish","4":"has-post-thumbnail","6":"product_cat-energia","7":"product_cat-powerbanki","8":"pa_okres-gwarancji-5754","9":"pa_producent-romoss","11":"first","12":"outofstock","13":"taxable","14":"shipping-taxable","15":"purchasable","16":"product-type-simple"},"acf":[],"yoast_head":"<!-- This site is optimized with the Yoast SEO plugin v27.2 - https:\/\/yoast.com\/product\/yoast-seo-wordpress\/ -->\n<title>Powerbank ROMOSS WMS10 10000mAh 30W (czarny) - IRONSKY.PL Sklep z Dronami<\/title>\n<meta name=\"description\" content=\"Powerbank ROMOSS WMS10 10000mAh 30W (czarny) - \u2705 sklep z dronami i fachowym doradztwem. \u2705 Tutaj kupisz produkty DJI, Yuneec, Parrot, Syma i wiele innych, a tak\u017ce kursy i licencje na operatora drona.\" \/>\n<meta name=\"robots\" content=\"index, follow, max-snippet:-1, max-image-preview:large, max-video-preview:-1\" \/>\n<link rel=\"canonical\" href=\"https:\/\/ironsky.pl\/sklep\/produkt\/powerbank-romoss-wms10-10000mah-30w-czarny-2\/\" \/>\n<meta property=\"og:locale\" content=\"pl_PL\" \/>\n<meta property=\"og:type\" content=\"article\" \/>\n<meta property=\"og:title\" content=\"Powerbank ROMOSS WMS10 10000mAh 30W (czarny) - IRONSKY.PL Sklep z Dronami\" \/>\n<meta property=\"og:description\" content=\"Powerbank ROMOSS WMS10 10000mAh 30W (czarny) - \u2705 sklep z dronami i fachowym doradztwem. \u2705 Tutaj kupisz produkty DJI, Yuneec, Parrot, Syma i wiele innych, a tak\u017ce kursy i licencje na operatora drona.\" \/>\n<meta property=\"og:url\" content=\"https:\/\/ironsky.pl\/sklep\/produkt\/powerbank-romoss-wms10-10000mah-30w-czarny-2\/\" \/>\n<meta property=\"og:site_name\" content=\"IRONSKY.PL Sklep z Dronami\" \/>\n<meta property=\"article:modified_time\" content=\"2026-04-15T08:51:17+00:00\" \/>\n<meta property=\"og:image\" content=\"https:\/\/ironsky.pl\/sklep\/wp-content\/uploads\/2026\/04\/47813_4.jpg\" \/>\n\t<meta property=\"og:image:width\" content=\"800\" \/>\n\t<meta property=\"og:image:height\" content=\"800\" \/>\n\t<meta property=\"og:image:type\" content=\"image\/jpeg\" \/>\n<meta name=\"twitter:card\" content=\"summary_large_image\" \/>\n<meta name=\"twitter:label1\" content=\"Szacowany czas czytania\" \/>\n\t<meta name=\"twitter:data1\" content=\"2 minuty\" \/>\n<script type=\"application\/ld+json\" class=\"yoast-schema-graph\">{\"@context\":\"https:\/\/schema.org\",\"@graph\":[{\"@type\":\"WebPage\",\"@id\":\"https:\/\/ironsky.pl\/sklep\/produkt\/powerbank-romoss-wms10-10000mah-30w-czarny-2\/\",\"url\":\"https:\/\/ironsky.pl\/sklep\/produkt\/powerbank-romoss-wms10-10000mah-30w-czarny-2\/\",\"name\":\"Powerbank ROMOSS WMS10 10000mAh 30W (czarny) - IRONSKY.PL Sklep z Dronami\",\"isPartOf\":{\"@id\":\"https:\/\/ironsky.pl\/sklep\/#website\"},\"primaryImageOfPage\":{\"@id\":\"https:\/\/ironsky.pl\/sklep\/produkt\/powerbank-romoss-wms10-10000mah-30w-czarny-2\/#primaryimage\"},\"image\":{\"@id\":\"https:\/\/ironsky.pl\/sklep\/produkt\/powerbank-romoss-wms10-10000mah-30w-czarny-2\/#primaryimage\"},\"thumbnailUrl\":\"https:\/\/ironsky.pl\/sklep\/wp-content\/uploads\/2026\/04\/47813_4.jpg\",\"datePublished\":\"2026-04-15T08:50:53+00:00\",\"dateModified\":\"2026-04-15T08:51:17+00:00\",\"description\":\"Powerbank ROMOSS WMS10 10000mAh 30W (czarny) - \u2705 sklep z dronami i fachowym doradztwem. \u2705 Tutaj kupisz produkty DJI, Yuneec, Parrot, Syma i wiele innych, a tak\u017ce kursy i licencje na operatora drona.\",\"breadcrumb\":{\"@id\":\"https:\/\/ironsky.pl\/sklep\/produkt\/powerbank-romoss-wms10-10000mah-30w-czarny-2\/#breadcrumb\"},\"inLanguage\":\"pl-PL\",\"potentialAction\":[{\"@type\":\"ReadAction\",\"target\":[\"https:\/\/ironsky.pl\/sklep\/produkt\/powerbank-romoss-wms10-10000mah-30w-czarny-2\/\"]}]},{\"@type\":\"ImageObject\",\"inLanguage\":\"pl-PL\",\"@id\":\"https:\/\/ironsky.pl\/sklep\/produkt\/powerbank-romoss-wms10-10000mah-30w-czarny-2\/#primaryimage\",\"url\":\"https:\/\/ironsky.pl\/sklep\/wp-content\/uploads\/2026\/04\/47813_4.jpg\",\"contentUrl\":\"https:\/\/ironsky.pl\/sklep\/wp-content\/uploads\/2026\/04\/47813_4.jpg\",\"width\":800,\"height\":800},{\"@type\":\"BreadcrumbList\",\"@id\":\"https:\/\/ironsky.pl\/sklep\/produkt\/powerbank-romoss-wms10-10000mah-30w-czarny-2\/#breadcrumb\",\"itemListElement\":[{\"@type\":\"ListItem\",\"position\":1,\"name\":\"Strona g\u0142\u00f3wna\",\"item\":\"https:\/\/ironsky.pl\/sklep\/\"},{\"@type\":\"ListItem\",\"position\":2,\"name\":\"Wszystkie produkty\",\"item\":\"https:\/\/ironsky.pl\/sklep\/produkty\/\"},{\"@type\":\"ListItem\",\"position\":3,\"name\":\"Powerbank ROMOSS WMS10 10000mAh 30W (czarny)\"}]},{\"@type\":\"WebSite\",\"@id\":\"https:\/\/ironsky.pl\/sklep\/#website\",\"url\":\"https:\/\/ironsky.pl\/sklep\/\",\"name\":\"IRONSKY.PL Sklep z Dronami\",\"description\":\"IRONSKY.PL Sklep z Dronami\",\"potentialAction\":[{\"@type\":\"SearchAction\",\"target\":{\"@type\":\"EntryPoint\",\"urlTemplate\":\"https:\/\/ironsky.pl\/sklep\/?s={search_term_string}\"},\"query-input\":{\"@type\":\"PropertyValueSpecification\",\"valueRequired\":true,\"valueName\":\"search_term_string\"}}],\"inLanguage\":\"pl-PL\"}]}<\/script>\n<!-- \/ Yoast SEO plugin. -->","yoast_head_json":{"title":"Powerbank ROMOSS WMS10 10000mAh 30W (czarny) - IRONSKY.PL Sklep z Dronami","description":"Powerbank ROMOSS WMS10 10000mAh 30W (czarny) - \u2705 sklep z dronami i fachowym doradztwem. \u2705 Tutaj kupisz produkty DJI, Yuneec, Parrot, Syma i wiele innych, a tak\u017ce kursy i licencje na operatora drona.","robots":{"index":"index","follow":"follow","max-snippet":"max-snippet:-1","max-image-preview":"max-image-preview:large","max-video-preview":"max-video-preview:-1"},"canonical":"https:\/\/ironsky.pl\/sklep\/produkt\/powerbank-romoss-wms10-10000mah-30w-czarny-2\/","og_locale":"pl_PL","og_type":"article","og_title":"Powerbank ROMOSS WMS10 10000mAh 30W (czarny) - IRONSKY.PL Sklep z Dronami","og_description":"Powerbank ROMOSS WMS10 10000mAh 30W (czarny) - \u2705 sklep z dronami i fachowym doradztwem. \u2705 Tutaj kupisz produkty DJI, Yuneec, Parrot, Syma i wiele innych, a tak\u017ce kursy i licencje na operatora drona.","og_url":"https:\/\/ironsky.pl\/sklep\/produkt\/powerbank-romoss-wms10-10000mah-30w-czarny-2\/","og_site_name":"IRONSKY.PL Sklep z Dronami","article_modified_time":"2026-04-15T08:51:17+00:00","og_image":[{"width":800,"height":800,"url":"https:\/\/ironsky.pl\/sklep\/wp-content\/uploads\/2026\/04\/47813_4.jpg","type":"image\/jpeg"}],"twitter_card":"summary_large_image","twitter_misc":{"Szacowany czas czytania":"2 minuty"},"schema":{"@context":"https:\/\/schema.org","@graph":[{"@type":"WebPage","@id":"https:\/\/ironsky.pl\/sklep\/produkt\/powerbank-romoss-wms10-10000mah-30w-czarny-2\/","url":"https:\/\/ironsky.pl\/sklep\/produkt\/powerbank-romoss-wms10-10000mah-30w-czarny-2\/","name":"Powerbank ROMOSS WMS10 10000mAh 30W (czarny) - IRONSKY.PL Sklep z Dronami","isPartOf":{"@id":"https:\/\/ironsky.pl\/sklep\/#website"},"primaryImageOfPage":{"@id":"https:\/\/ironsky.pl\/sklep\/produkt\/powerbank-romoss-wms10-10000mah-30w-czarny-2\/#primaryimage"},"image":{"@id":"https:\/\/ironsky.pl\/sklep\/produkt\/powerbank-romoss-wms10-10000mah-30w-czarny-2\/#primaryimage"},"thumbnailUrl":"https:\/\/ironsky.pl\/sklep\/wp-content\/uploads\/2026\/04\/47813_4.jpg","datePublished":"2026-04-15T08:50:53+00:00","dateModified":"2026-04-15T08:51:17+00:00","description":"Powerbank ROMOSS WMS10 10000mAh 30W (czarny) - \u2705 sklep z dronami i fachowym doradztwem. \u2705 Tutaj kupisz produkty DJI, Yuneec, Parrot, Syma i wiele innych, a tak\u017ce kursy i licencje na operatora drona.","breadcrumb":{"@id":"https:\/\/ironsky.pl\/sklep\/produkt\/powerbank-romoss-wms10-10000mah-30w-czarny-2\/#breadcrumb"},"inLanguage":"pl-PL","potentialAction":[{"@type":"ReadAction","target":["https:\/\/ironsky.pl\/sklep\/produkt\/powerbank-romoss-wms10-10000mah-30w-czarny-2\/"]}]},{"@type":"ImageObject","inLanguage":"pl-PL","@id":"https:\/\/ironsky.pl\/sklep\/produkt\/powerbank-romoss-wms10-10000mah-30w-czarny-2\/#primaryimage","url":"https:\/\/ironsky.pl\/sklep\/wp-content\/uploads\/2026\/04\/47813_4.jpg","contentUrl":"https:\/\/ironsky.pl\/sklep\/wp-content\/uploads\/2026\/04\/47813_4.jpg","width":800,"height":800},{"@type":"BreadcrumbList","@id":"https:\/\/ironsky.pl\/sklep\/produkt\/powerbank-romoss-wms10-10000mah-30w-czarny-2\/#breadcrumb","itemListElement":[{"@type":"ListItem","position":1,"name":"Strona g\u0142\u00f3wna","item":"https:\/\/ironsky.pl\/sklep\/"},{"@type":"ListItem","position":2,"name":"Wszystkie produkty","item":"https:\/\/ironsky.pl\/sklep\/produkty\/"},{"@type":"ListItem","position":3,"name":"Powerbank ROMOSS WMS10 10000mAh 30W (czarny)"}]},{"@type":"WebSite","@id":"https:\/\/ironsky.pl\/sklep\/#website","url":"https:\/\/ironsky.pl\/sklep\/","name":"IRONSKY.PL Sklep z Dronami","description":"IRONSKY.PL Sklep z Dronami","potentialAction":[{"@type":"SearchAction","target":{"@type":"EntryPoint","urlTemplate":"https:\/\/ironsky.pl\/sklep\/?s={search_term_string}"},"query-input":{"@type":"PropertyValueSpecification","valueRequired":true,"valueName":"search_term_string"}}],"inLanguage":"pl-PL"}]}},"_links":{"self":[{"href":"https:\/\/ironsky.pl\/sklep\/wp-json\/wp\/v2\/product\/59756","targetHints":{"allow":["GET"]}}],"collection":[{"href":"https:\/\/ironsky.pl\/sklep\/wp-json\/wp\/v2\/product"}],"about":[{"href":"https:\/\/ironsky.pl\/sklep\/wp-json\/wp\/v2\/types\/product"}],"replies":[{"embeddable":true,"href":"https:\/\/ironsky.pl\/sklep\/wp-json\/wp\/v2\/comments?post=59756"}],"wp:featuredmedia":[{"embeddable":true,"href":"https:\/\/ironsky.pl\/sklep\/wp-json\/wp\/v2\/media\/59757"}],"wp:attachment":[{"href":"https:\/\/ironsky.pl\/sklep\/wp-json\/wp\/v2\/media?parent=59756"}],"wp:term":[{"taxonomy":"product_brand","embeddable":true,"href":"https:\/\/ironsky.pl\/sklep\/wp-json\/wp\/v2\/product_brand?post=59756"},{"taxonomy":"product_cat","embeddable":true,"href":"https:\/\/ironsky.pl\/sklep\/wp-json\/wp\/v2\/product_cat?post=59756"},{"taxonomy":"product_tag","embeddable":true,"href":"https:\/\/ironsky.pl\/sklep\/wp-json\/wp\/v2\/product_tag?post=59756"}],"curies":[{"name":"wp","href":"https:\/\/api.w.org\/{rel}","templated":true}]}}