{"id":59750,"date":"2026-04-15T10:50:53","date_gmt":"2026-04-15T08:50:53","guid":{"rendered":"https:\/\/ironsky.pl\/sklep\/produkt\/powerbank-romoss-wms10-10000mah-20w-bialy-2\/"},"modified":"2026-04-15T10:51:14","modified_gmt":"2026-04-15T08:51:14","slug":"powerbank-romoss-wms10-10000mah-20w-bialy-2","status":"publish","type":"product","link":"https:\/\/ironsky.pl\/sklep\/produkt\/powerbank-romoss-wms10-10000mah-20w-bialy-2\/","title":{"rendered":"Powerbank ROMOSS WMS10 10000mAh 20W (bia\u0142y)"},"content":{"rendered":"<h3>Powerbank Romoss WMS10 10000mAh 20W (bia\u0142y)<\/h3>\n<p>Powerbank ROMOSS WMS10 to niezawodne i stylowe rozwi\u0105zanie Twoich potrzeb \u0142adowania. Dzi\u0119ki magnetycznemu mocowaniu, podw\u00f3jnym trybom \u0142adowania i lekkiej konstrukcji jest to idealny towarzysz dla nowoczesnych u\u017cytkownik\u00f3w. B\u0105d\u017a na\u0142adowany, w kontakcie i gotowy na wszystko, co nadejdzie, z ROMOSS przy Twoim boku.<\/p>\n<p>\n<img decoding=\"async\" src=\"https:\/\/assets.innpro.pl\/10533\/12376\/1.jpg\" border=\"0\" \/>\n<\/p>\n<h3>Mocne magnetyczne mocowanie, pe\u0142ne bezpiecze\u0144stwo<\/h3>\n<p>ROMOSS WMS10 oferuje silne magnetyczne mocowanie, kt\u00f3re bezpiecznie przyczepia si\u0119 do Twojego telefonu, umo\u017cliwiaj\u0105c p\u0142ynne \u0142adowanie bezprzewodowe. Koniec z pl\u0105taniem kabli\u2014wystarczy przypi\u0105\u0107 i dzia\u0142a\u0107 dalej. Zaprojektowany specjalnie z my\u015bl\u0105 o urz\u0105dzeniach kompatybilnych z MagSafe, ten powerbank zapewnia bezproblemowe \u0142adowanie, kt\u00f3re nad\u0105\u017ca za Twoim stylem \u017cycia.<\/p>\n<p>\n<img decoding=\"async\" src=\"https:\/\/assets.innpro.pl\/10533\/12376\/3.jpg\" border=\"0\" \/>\n<\/p>\n<h3>Podw\u00f3jny tryb \u0142adowania dla wszechstronno\u015bci<\/h3>\n<p>Ten powerbank jest tak wszechstronny, jak Twoje potrzeby \u0142adowania. Wyposa\u017cony zar\u00f3wno w port USB-C o mocy 20W, jak i magnetyczne \u0142adowanie bezprzewodowe do 15W, WMS10 oferuje wiele opcji szybkiego na\u0142adowania. Mo\u017cesz jednocze\u015bnie \u0142adowa\u0107 sw\u00f3j telefon oraz urz\u0105dzenie przyjaciela, utrzymuj\u0105c wszystkich w kontakcie.<\/p>\n<p>\n<img decoding=\"async\" src=\"https:\/\/assets.innpro.pl\/10533\/12376\/7.jpg\" border=\"0\" \/>\n<\/p>\n<h3>Wydajna moc na ca\u0142y dzie\u0144<\/h3>\n<p>Z pojemno\u015bci\u0105 10000mAh powerbank WMS10 jest idealny dla os\u00f3b w ci\u0105g\u0142ym ruchu. Zapewnia do dw\u00f3ch pe\u0142nych \u0142adowa\u0144 Twojego iPhone&#8217;a lub innego podobnego urz\u0105dzenia, dzi\u0119ki czemu masz energi\u0119 przez ca\u0142y dzie\u0144. Koniec z obawami o brak energii w wa\u017cnych momentach \u2014 ROMOSS to Tw\u00f3j energetyczny zapas na ka\u017cd\u0105 przygod\u0119.<\/p>\n<p>\n<img decoding=\"async\" src=\"https:\/\/assets.innpro.pl\/10533\/12376\/5.jpg\" border=\"0\" \/>\n<\/p>\n<h3>Zwi\u0119kszone bezpiecze\u0144stwo i niezawodno\u015b\u0107<\/h3>\n<p>Dzi\u0119ki zaawansowanej technologii ROMOSS SmartFit ten powerbank automatycznie dostosowuje pr\u0105d \u0142adowania do pod\u0142\u0105czonego urz\u0105dzenia, zapewniaj\u0105c bezpieczne i wydajne \u0142adowanie w ka\u017cdej sytuacji. Wbudowana ochrona przed przegrzaniem i bezpieczna technologia obwod\u00f3w gwarantuj\u0105 optymaln\u0105 wydajno\u015b\u0107 bez ryzyka przegrzania, czyni\u0105c go niezawodnym wyborem na co dzie\u0144.<\/p>\n<p>\n<img decoding=\"async\" src=\"https:\/\/assets.innpro.pl\/10533\/12376\/6.jpg\" border=\"0\" \/>\n<\/p>\n<h3>Szeroka kompatybilno\u015b\u0107 i stylowy design<\/h3>\n<p>Niezale\u017cnie od tego, czy posiadasz iPhone&#8217;a, smartfon Huawei, czy inne urz\u0105dzenie zgodne z USB-C, ROMOSS WMS10 sprawdzi si\u0119 doskonale. Jego wszechstronno\u015b\u0107 obejmuje szerok\u0105 gam\u0119 modeli, co sprawia, \u017ce jest idealnym akcesorium do u\u017cytku rodzinnego i grupowego. ROMOSS WMS10 to nie tylko funkcjonalno\u015b\u0107 na najwy\u017cszym poziomie, ale tak\u017ce \u015bwietny wygl\u0105d. Nowoczesny, elegancki design dost\u0119pny w wielu kolorach sprawia, \u017ce powerbank doskonale pasuje do ka\u017cdej sytuacji\u2014czy to w pracy, kawiarni, czy na weekendowym wypadzie.<\/p>\n<p>\n<img decoding=\"async\" src=\"https:\/\/assets.innpro.pl\/10533\/12376\/4.jpg\" border=\"0\" \/>\n<\/p>\n<h3>W zestawie<\/h3>\n<ul class=\"list-disc pl-5\">\n<li>powerbank<\/li>\n<li>kabel \u0142adowania<\/li>\n<li>instrukcja obs\u0142ugi<\/li>\n<\/ul>\n<div class=\"table-wrapper\">\n<p>\u00a0<\/p>\n<h3><\/h3>\n<table>\n<tbody>\n<tr>\n<th>Producent<\/th>\n<td>Romoss<\/td>\n<\/tr>\n<tr>\n<th>Model<\/th>\n<td>WMS10<\/td>\n<\/tr>\n<tr>\n<th>Akumulator<\/th>\n<td>litowo-jonowy<\/td>\n<\/tr>\n<tr>\n<th>Pojemno\u015b\u0107<\/th>\n<td>37Wh (10000mAh)<\/td>\n<\/tr>\n<tr>\n<th>Nominalna pojemno\u015b\u0107<\/th>\n<td>6000mAh (5V\/3A)<\/td>\n<\/tr>\n<tr>\n<th>Wej\u015bcie<\/th>\n<td>5V \u2393 2A lub 9V \u2393 2A (Lightning1), 5V \u2393 3A lub 9V \u2393 2A (Lightning), 5V \u2393 3A lub 9V \u2393 2A (Typ-C)<\/td>\n<\/tr>\n<tr>\n<th>Wyj\u015bcie<\/th>\n<td>5V \u2393 3A lub 9V \u2393 2.22A lub 12V \u2393 1.67A (Lightning), 5V \u2393 3A lub 9V \u2393 2.22A lub 12V \u2393 1.67A (Typ-C)<\/td>\n<\/tr>\n<tr>\n<th>Wyj\u015bcie bezprzewodowe<\/th>\n<td>15W (maks.)<\/td>\n<\/tr>\n<tr>\n<th>\u0141\u0105czna moc wyj\u015bciowa<\/th>\n<td>15W (maks.)<\/td>\n<\/tr>\n<tr>\n<th>Rozmiar<\/th>\n<td>104 x 67 x 20,5 mm<\/td>\n<\/tr>\n<tr>\n<th>Waga<\/th>\n<td>225g<\/td>\n<\/tr>\n<\/tbody>\n<\/table>\n<\/div>\n","protected":false},"excerpt":{"rendered":"<p>Powerbank Romoss WMS10 10000mAh 20W (bia\u0142y) Powerbank ROMOSS WMS10 to niezawodne i stylowe rozwi\u0105zanie Twoich potrzeb \u0142adowania. Dzi\u0119ki magnetycznemu mocowaniu,<\/p>\n","protected":false},"featured_media":59751,"comment_status":"closed","ping_status":"open","template":"","meta":{"_acf_changed":false},"product_brand":[],"product_cat":[1108,1113],"product_tag":[],"class_list":{"0":"post-59750","1":"product","2":"type-product","3":"status-publish","4":"has-post-thumbnail","6":"product_cat-energia","7":"product_cat-powerbanki","8":"pa_okres-gwarancji-5754","9":"pa_producent-romoss","11":"first","12":"outofstock","13":"taxable","14":"shipping-taxable","15":"purchasable","16":"product-type-simple"},"acf":[],"yoast_head":"<!-- This site is optimized with the Yoast SEO plugin v27.2 - https:\/\/yoast.com\/product\/yoast-seo-wordpress\/ -->\n<title>Powerbank ROMOSS WMS10 10000mAh 20W (bia\u0142y) - IRONSKY.PL Sklep z Dronami<\/title>\n<meta name=\"description\" content=\"Powerbank ROMOSS WMS10 10000mAh 20W (bia\u0142y) - \u2705 sklep z dronami i fachowym doradztwem. \u2705 Tutaj kupisz produkty DJI, Yuneec, Parrot, Syma i wiele innych, a tak\u017ce kursy i licencje na operatora drona.\" \/>\n<meta name=\"robots\" content=\"index, follow, max-snippet:-1, max-image-preview:large, max-video-preview:-1\" \/>\n<link rel=\"canonical\" href=\"https:\/\/ironsky.pl\/sklep\/produkt\/powerbank-romoss-wms10-10000mah-20w-bialy-2\/\" \/>\n<meta property=\"og:locale\" content=\"pl_PL\" \/>\n<meta property=\"og:type\" content=\"article\" \/>\n<meta property=\"og:title\" content=\"Powerbank ROMOSS WMS10 10000mAh 20W (bia\u0142y) - IRONSKY.PL Sklep z Dronami\" \/>\n<meta property=\"og:description\" content=\"Powerbank ROMOSS WMS10 10000mAh 20W (bia\u0142y) - \u2705 sklep z dronami i fachowym doradztwem. \u2705 Tutaj kupisz produkty DJI, Yuneec, Parrot, Syma i wiele innych, a tak\u017ce kursy i licencje na operatora drona.\" \/>\n<meta property=\"og:url\" content=\"https:\/\/ironsky.pl\/sklep\/produkt\/powerbank-romoss-wms10-10000mah-20w-bialy-2\/\" \/>\n<meta property=\"og:site_name\" content=\"IRONSKY.PL Sklep z Dronami\" \/>\n<meta property=\"article:modified_time\" content=\"2026-04-15T08:51:14+00:00\" \/>\n<meta property=\"og:image\" content=\"https:\/\/ironsky.pl\/sklep\/wp-content\/uploads\/2026\/04\/47810_1.jpg\" \/>\n\t<meta property=\"og:image:width\" content=\"800\" \/>\n\t<meta property=\"og:image:height\" content=\"800\" \/>\n\t<meta property=\"og:image:type\" content=\"image\/jpeg\" \/>\n<meta name=\"twitter:card\" content=\"summary_large_image\" \/>\n<meta name=\"twitter:label1\" content=\"Szacowany czas czytania\" \/>\n\t<meta name=\"twitter:data1\" content=\"2 minuty\" \/>\n<script type=\"application\/ld+json\" class=\"yoast-schema-graph\">{\"@context\":\"https:\/\/schema.org\",\"@graph\":[{\"@type\":\"WebPage\",\"@id\":\"https:\/\/ironsky.pl\/sklep\/produkt\/powerbank-romoss-wms10-10000mah-20w-bialy-2\/\",\"url\":\"https:\/\/ironsky.pl\/sklep\/produkt\/powerbank-romoss-wms10-10000mah-20w-bialy-2\/\",\"name\":\"Powerbank ROMOSS WMS10 10000mAh 20W (bia\u0142y) - IRONSKY.PL Sklep z Dronami\",\"isPartOf\":{\"@id\":\"https:\/\/ironsky.pl\/sklep\/#website\"},\"primaryImageOfPage\":{\"@id\":\"https:\/\/ironsky.pl\/sklep\/produkt\/powerbank-romoss-wms10-10000mah-20w-bialy-2\/#primaryimage\"},\"image\":{\"@id\":\"https:\/\/ironsky.pl\/sklep\/produkt\/powerbank-romoss-wms10-10000mah-20w-bialy-2\/#primaryimage\"},\"thumbnailUrl\":\"https:\/\/ironsky.pl\/sklep\/wp-content\/uploads\/2026\/04\/47810_1.jpg\",\"datePublished\":\"2026-04-15T08:50:53+00:00\",\"dateModified\":\"2026-04-15T08:51:14+00:00\",\"description\":\"Powerbank ROMOSS WMS10 10000mAh 20W (bia\u0142y) - \u2705 sklep z dronami i fachowym doradztwem. \u2705 Tutaj kupisz produkty DJI, Yuneec, Parrot, Syma i wiele innych, a tak\u017ce kursy i licencje na operatora drona.\",\"breadcrumb\":{\"@id\":\"https:\/\/ironsky.pl\/sklep\/produkt\/powerbank-romoss-wms10-10000mah-20w-bialy-2\/#breadcrumb\"},\"inLanguage\":\"pl-PL\",\"potentialAction\":[{\"@type\":\"ReadAction\",\"target\":[\"https:\/\/ironsky.pl\/sklep\/produkt\/powerbank-romoss-wms10-10000mah-20w-bialy-2\/\"]}]},{\"@type\":\"ImageObject\",\"inLanguage\":\"pl-PL\",\"@id\":\"https:\/\/ironsky.pl\/sklep\/produkt\/powerbank-romoss-wms10-10000mah-20w-bialy-2\/#primaryimage\",\"url\":\"https:\/\/ironsky.pl\/sklep\/wp-content\/uploads\/2026\/04\/47810_1.jpg\",\"contentUrl\":\"https:\/\/ironsky.pl\/sklep\/wp-content\/uploads\/2026\/04\/47810_1.jpg\",\"width\":800,\"height\":800},{\"@type\":\"BreadcrumbList\",\"@id\":\"https:\/\/ironsky.pl\/sklep\/produkt\/powerbank-romoss-wms10-10000mah-20w-bialy-2\/#breadcrumb\",\"itemListElement\":[{\"@type\":\"ListItem\",\"position\":1,\"name\":\"Strona g\u0142\u00f3wna\",\"item\":\"https:\/\/ironsky.pl\/sklep\/\"},{\"@type\":\"ListItem\",\"position\":2,\"name\":\"Wszystkie produkty\",\"item\":\"https:\/\/ironsky.pl\/sklep\/produkty\/\"},{\"@type\":\"ListItem\",\"position\":3,\"name\":\"Powerbank ROMOSS WMS10 10000mAh 20W (bia\u0142y)\"}]},{\"@type\":\"WebSite\",\"@id\":\"https:\/\/ironsky.pl\/sklep\/#website\",\"url\":\"https:\/\/ironsky.pl\/sklep\/\",\"name\":\"IRONSKY.PL Sklep z Dronami\",\"description\":\"IRONSKY.PL Sklep z Dronami\",\"potentialAction\":[{\"@type\":\"SearchAction\",\"target\":{\"@type\":\"EntryPoint\",\"urlTemplate\":\"https:\/\/ironsky.pl\/sklep\/?s={search_term_string}\"},\"query-input\":{\"@type\":\"PropertyValueSpecification\",\"valueRequired\":true,\"valueName\":\"search_term_string\"}}],\"inLanguage\":\"pl-PL\"}]}<\/script>\n<!-- \/ Yoast SEO plugin. -->","yoast_head_json":{"title":"Powerbank ROMOSS WMS10 10000mAh 20W (bia\u0142y) - IRONSKY.PL Sklep z Dronami","description":"Powerbank ROMOSS WMS10 10000mAh 20W (bia\u0142y) - \u2705 sklep z dronami i fachowym doradztwem. \u2705 Tutaj kupisz produkty DJI, Yuneec, Parrot, Syma i wiele innych, a tak\u017ce kursy i licencje na operatora drona.","robots":{"index":"index","follow":"follow","max-snippet":"max-snippet:-1","max-image-preview":"max-image-preview:large","max-video-preview":"max-video-preview:-1"},"canonical":"https:\/\/ironsky.pl\/sklep\/produkt\/powerbank-romoss-wms10-10000mah-20w-bialy-2\/","og_locale":"pl_PL","og_type":"article","og_title":"Powerbank ROMOSS WMS10 10000mAh 20W (bia\u0142y) - IRONSKY.PL Sklep z Dronami","og_description":"Powerbank ROMOSS WMS10 10000mAh 20W (bia\u0142y) - \u2705 sklep z dronami i fachowym doradztwem. \u2705 Tutaj kupisz produkty DJI, Yuneec, Parrot, Syma i wiele innych, a tak\u017ce kursy i licencje na operatora drona.","og_url":"https:\/\/ironsky.pl\/sklep\/produkt\/powerbank-romoss-wms10-10000mah-20w-bialy-2\/","og_site_name":"IRONSKY.PL Sklep z Dronami","article_modified_time":"2026-04-15T08:51:14+00:00","og_image":[{"width":800,"height":800,"url":"https:\/\/ironsky.pl\/sklep\/wp-content\/uploads\/2026\/04\/47810_1.jpg","type":"image\/jpeg"}],"twitter_card":"summary_large_image","twitter_misc":{"Szacowany czas czytania":"2 minuty"},"schema":{"@context":"https:\/\/schema.org","@graph":[{"@type":"WebPage","@id":"https:\/\/ironsky.pl\/sklep\/produkt\/powerbank-romoss-wms10-10000mah-20w-bialy-2\/","url":"https:\/\/ironsky.pl\/sklep\/produkt\/powerbank-romoss-wms10-10000mah-20w-bialy-2\/","name":"Powerbank ROMOSS WMS10 10000mAh 20W (bia\u0142y) - IRONSKY.PL Sklep z Dronami","isPartOf":{"@id":"https:\/\/ironsky.pl\/sklep\/#website"},"primaryImageOfPage":{"@id":"https:\/\/ironsky.pl\/sklep\/produkt\/powerbank-romoss-wms10-10000mah-20w-bialy-2\/#primaryimage"},"image":{"@id":"https:\/\/ironsky.pl\/sklep\/produkt\/powerbank-romoss-wms10-10000mah-20w-bialy-2\/#primaryimage"},"thumbnailUrl":"https:\/\/ironsky.pl\/sklep\/wp-content\/uploads\/2026\/04\/47810_1.jpg","datePublished":"2026-04-15T08:50:53+00:00","dateModified":"2026-04-15T08:51:14+00:00","description":"Powerbank ROMOSS WMS10 10000mAh 20W (bia\u0142y) - \u2705 sklep z dronami i fachowym doradztwem. \u2705 Tutaj kupisz produkty DJI, Yuneec, Parrot, Syma i wiele innych, a tak\u017ce kursy i licencje na operatora drona.","breadcrumb":{"@id":"https:\/\/ironsky.pl\/sklep\/produkt\/powerbank-romoss-wms10-10000mah-20w-bialy-2\/#breadcrumb"},"inLanguage":"pl-PL","potentialAction":[{"@type":"ReadAction","target":["https:\/\/ironsky.pl\/sklep\/produkt\/powerbank-romoss-wms10-10000mah-20w-bialy-2\/"]}]},{"@type":"ImageObject","inLanguage":"pl-PL","@id":"https:\/\/ironsky.pl\/sklep\/produkt\/powerbank-romoss-wms10-10000mah-20w-bialy-2\/#primaryimage","url":"https:\/\/ironsky.pl\/sklep\/wp-content\/uploads\/2026\/04\/47810_1.jpg","contentUrl":"https:\/\/ironsky.pl\/sklep\/wp-content\/uploads\/2026\/04\/47810_1.jpg","width":800,"height":800},{"@type":"BreadcrumbList","@id":"https:\/\/ironsky.pl\/sklep\/produkt\/powerbank-romoss-wms10-10000mah-20w-bialy-2\/#breadcrumb","itemListElement":[{"@type":"ListItem","position":1,"name":"Strona g\u0142\u00f3wna","item":"https:\/\/ironsky.pl\/sklep\/"},{"@type":"ListItem","position":2,"name":"Wszystkie produkty","item":"https:\/\/ironsky.pl\/sklep\/produkty\/"},{"@type":"ListItem","position":3,"name":"Powerbank ROMOSS WMS10 10000mAh 20W (bia\u0142y)"}]},{"@type":"WebSite","@id":"https:\/\/ironsky.pl\/sklep\/#website","url":"https:\/\/ironsky.pl\/sklep\/","name":"IRONSKY.PL Sklep z Dronami","description":"IRONSKY.PL Sklep z Dronami","potentialAction":[{"@type":"SearchAction","target":{"@type":"EntryPoint","urlTemplate":"https:\/\/ironsky.pl\/sklep\/?s={search_term_string}"},"query-input":{"@type":"PropertyValueSpecification","valueRequired":true,"valueName":"search_term_string"}}],"inLanguage":"pl-PL"}]}},"_links":{"self":[{"href":"https:\/\/ironsky.pl\/sklep\/wp-json\/wp\/v2\/product\/59750","targetHints":{"allow":["GET"]}}],"collection":[{"href":"https:\/\/ironsky.pl\/sklep\/wp-json\/wp\/v2\/product"}],"about":[{"href":"https:\/\/ironsky.pl\/sklep\/wp-json\/wp\/v2\/types\/product"}],"replies":[{"embeddable":true,"href":"https:\/\/ironsky.pl\/sklep\/wp-json\/wp\/v2\/comments?post=59750"}],"wp:featuredmedia":[{"embeddable":true,"href":"https:\/\/ironsky.pl\/sklep\/wp-json\/wp\/v2\/media\/59751"}],"wp:attachment":[{"href":"https:\/\/ironsky.pl\/sklep\/wp-json\/wp\/v2\/media?parent=59750"}],"wp:term":[{"taxonomy":"product_brand","embeddable":true,"href":"https:\/\/ironsky.pl\/sklep\/wp-json\/wp\/v2\/product_brand?post=59750"},{"taxonomy":"product_cat","embeddable":true,"href":"https:\/\/ironsky.pl\/sklep\/wp-json\/wp\/v2\/product_cat?post=59750"},{"taxonomy":"product_tag","embeddable":true,"href":"https:\/\/ironsky.pl\/sklep\/wp-json\/wp\/v2\/product_tag?post=59750"}],"curies":[{"name":"wp","href":"https:\/\/api.w.org\/{rel}","templated":true}]}}