{"id":59747,"date":"2026-04-15T10:50:53","date_gmt":"2026-04-15T08:50:53","guid":{"rendered":"https:\/\/ironsky.pl\/sklep\/produkt\/powerbank-romoss-ppu20-20000mah-130w-srebrny-2\/"},"modified":"2026-04-15T10:51:12","modified_gmt":"2026-04-15T08:51:12","slug":"powerbank-romoss-ppu20-20000mah-130w-srebrny-2","status":"publish","type":"product","link":"https:\/\/ironsky.pl\/sklep\/produkt\/powerbank-romoss-ppu20-20000mah-130w-srebrny-2\/","title":{"rendered":"Powerbank ROMOSS PPU20 20000mAh 130W (srebrny)"},"content":{"rendered":"<h3>Powerbank Romoss PPU20 20000mAh 130W (srebrny)<\/h3>\n<p>Romoss PPU20 to niezawodny powerbank, kt\u00f3ry \u0142\u0105czy du\u017c\u0105 moc, wyj\u0105tkow\u0105 trwa\u0142o\u015b\u0107 i stylowy design. Idealnie sprawdzi si\u0119 zar\u00f3wno dla os\u00f3b cz\u0119sto podr\u00f3\u017cuj\u0105cych, jak i u\u017cytkownik\u00f3w potrzebuj\u0105cych wydajnego \u017ar\u00f3d\u0142a energii na co dzie\u0144. Jego nowoczesne funkcje, inteligentne technologie i wysoka jako\u015b\u0107 wykonania sprawiaj\u0105, \u017ce jest to produkt, na kt\u00f3rym mo\u017cesz polega\u0107. Wybierz Romoss PPU20 i ciesz si\u0119 niezawodnym zasilaniem, gdziekolwiek jeste\u015b.<\/p>\n<p>\n<img decoding=\"async\" src=\"https:\/\/assets.innpro.pl\/10530\/12373\/2.jpg\" border=\"0\" \/>\n<\/p>\n<h3>Moc 130W \u2013 gotowy do ka\u017cdego zadania<\/h3>\n<p>Romoss PPU20 oferuje maksymaln\u0105 moc wyj\u015bciow\u0105 130W, co sprawia, \u017ce jest w stanie na\u0142adowa\u0107 nawet najbardziej wymagaj\u0105ce urz\u0105dzenia, takie jak laptopy, tablety i smartfony. Dzi\u0119ki technologii TurboCharge mo\u017cesz na\u0142adowa\u0107 swoje urz\u0105dzenia szybciej ni\u017c kiedykolwiek, oszcz\u0119dzaj\u0105c cenny czas. Wystarczy zaledwie 30 minut, aby uzyska\u0107 pe\u0142ne \u0142adunki na wielu nowoczesnych smartfonach, takich jak iPhone 15 Pro Max, Samsung Galaxy S23 Ultra czy Xiaomi 14.<\/p>\n<p>\n<img decoding=\"async\" src=\"https:\/\/assets.innpro.pl\/10530\/12373\/4.jpg\" border=\"0\" \/>\n<\/p>\n<h3>Wytrzyma\u0142o\u015b\u0107 na najwy\u017cszym poziomie<\/h3>\n<p>Romoss PPU20 zosta\u0142 wykonany z trwa\u0142ego aluminium klasy lotniczej, co nie tylko zapewnia estetyczny wygl\u0105d, ale r\u00f3wnie\u017c odporno\u015b\u0107 na wstrz\u0105sy i uszkodzenia. Precyzyjne wyko\u0144czenie typu \u201efine sand finish\u201d sprawia, \u017ce urz\u0105dzenie jest przyjemne w dotyku, a jednocze\u015bnie odporne na odciski palc\u00f3w, co zapewnia elegancki wygl\u0105d na d\u0142u\u017cej. Inspiracja sportowymi samochodami w designie nadaje mu nowoczesny, dynamiczny charakter.<\/p>\n<p>\n<img decoding=\"async\" src=\"https:\/\/assets.innpro.pl\/10530\/12373\/7.jpg\" border=\"0\" \/>\n<\/p>\n<h3>W pe\u0142ni informacyjny wy\u015bwietlacz<\/h3>\n<p>Wbudowany wy\u015bwietlacz LED zapewnia pe\u0142n\u0105 kontrol\u0119 nad procesem \u0142adowania. Wystarczy jedno spojrzenie, aby sprawdzi\u0107 poziom na\u0142adowania akumulatora, moc wyj\u015bciow\u0105 oraz czas pozosta\u0142y do pe\u0142nego na\u0142adowania. Dzi\u0119ki funkcji wizualizacji \u0142adowania masz pewno\u015b\u0107, \u017ce Twoje urz\u0105dzenia s\u0105 \u0142adowane w spos\u00f3b szybki i bezpieczny.<\/p>\n<p>\n<img decoding=\"async\" src=\"https:\/\/assets.innpro.pl\/10530\/12373\/3.jpg\" border=\"0\" \/>\n<\/p>\n<h3>Inteligentna technologia \u0142adowania &#8211; Romoss Fit Charge\u00ae<\/h3>\n<p>Powerbank PPU20 wyposa\u017cono w technologi\u0119 Romoss Fit Charge\u00ae, kt\u00f3ra inteligentnie dostosowuje pr\u0105d \u0142adowania do ka\u017cdego urz\u0105dzenia, zapewniaj\u0105c optymalne i bezpieczne \u0142adowanie. Czujniki monitorowania temperatury oraz chip kontroluj\u0105cy temperatur\u0119 chroni\u0105 urz\u0105dzenia przed przegrzaniem i nadmiernym przeci\u0105\u017ceniem, co czyni PPU20 niezwykle bezpiecznym rozwi\u0105zaniem.<\/p>\n<p>\n<img decoding=\"async\" src=\"https:\/\/assets.innpro.pl\/10530\/12373\/5.jpg\" border=\"0\" \/>\n<\/p>\n<h3>Gotowy na ka\u017cd\u0105 podr\u00f3\u017c<\/h3>\n<p>Romoss PPU20 jest idealnym towarzyszem podr\u00f3\u017cy. Dzi\u0119ki du\u017cej pojemno\u015bci 20000mAh mo\u017cesz bez obaw zabra\u0107 go w dalek\u0105 podr\u00f3\u017c, wiedz\u0105c, \u017ce wystarczy mocy na wiele \u0142adowa\u0144 Twoich urz\u0105dze\u0144. Jest to idealne rozwi\u0105zanie zar\u00f3wno podczas lot\u00f3w, d\u0142ugich wycieczek, jak i codziennych aktywno\u015bci na \u015bwie\u017cym powietrzu.<\/p>\n<p>\n<img decoding=\"async\" src=\"https:\/\/assets.innpro.pl\/10530\/12373\/6.jpg\" border=\"0\" \/>\n<\/p>\n<h3>Doskona\u0142a kompatybilno\u015b\u0107 i wiele opcji \u0142adowania<\/h3>\n<p>Powerbank Romoss PPU20 oferuje r\u00f3\u017cne opcje wyj\u015bcia, w tym USB-C i USB-A, umo\u017cliwiaj\u0105c \u0142adowanie kilku urz\u0105dze\u0144 jednocze\u015bnie bez obni\u017cenia pr\u0119dko\u015bci \u0142adowania. Obs\u0142uguje wiele protoko\u0142\u00f3w \u0142adowania, co czyni go kompatybilnym z wi\u0119kszo\u015bci\u0105 urz\u0105dze\u0144 na rynku, w tym z laptopami, kamerami, smartfonami i tabletami.<\/p>\n<p>\n<img decoding=\"async\" src=\"https:\/\/assets.innpro.pl\/10530\/12373\/1.jpg\" border=\"0\" \/>\n<\/p>\n<h3>W zestawie<\/h3>\n<ul class=\"list-disc pl-5\">\n<li>powerbank<\/li>\n<li>kabel \u0142adowania<\/li>\n<li>instrukcja obs\u0142ugi<\/li>\n<\/ul>\n<div class=\"table-wrapper\">\n<p>\u00a0<\/p>\n<h3><\/h3>\n<table>\n<tbody>\n<tr>\n<th>Producent<\/th>\n<td>Romoss<\/td>\n<\/tr>\n<tr>\n<th>Model<\/th>\n<td>PPU20-128<\/td>\n<\/tr>\n<tr>\n<th>Akumulator <\/th>\n<td>litowo-jonowy<\/td>\n<\/tr>\n<tr>\n<th>Pojemno\u015b\u0107 akumulatora<\/th>\n<td>20000mAh (72Wh)<\/td>\n<\/tr>\n<tr>\n<th>Pojemno\u015b\u0107 znamionowa<\/th>\n<td>11000mAh (5V\/2A)<\/td>\n<\/tr>\n<tr>\n<th>Wymiary<\/th>\n<td>153 x 66.5 x 30.5 mm<\/td>\n<\/tr>\n<tr>\n<th>Waga <\/th>\n<td>500 g<\/td>\n<\/tr>\n<tr>\n<th>Kolor<\/th>\n<td>Srebrny<\/td>\n<\/tr>\n<tr>\n<th>Wej\u015bcie<\/th>\n<td>5V\u23933A \/ 9V\u23933A \/ 12V\u23933A \/ 15V\u23933A \/ 20V\u23933.25A (Type-C1); 5V\u23933A \/ 9V\u23933A \/ 12V\u23933A \/ 15V\u23933A \/ 20V\u23933A (Type-C2)<\/td>\n<\/tr>\n<tr>\n<th>Wyj\u015bcie<\/th>\n<td>5V\u23933A \/ 9V\u23933A \/ 12V\u23933A \/ 15V\u23933A \/ 20V\u23935A (Type-C1); 5V\u23933A \/ 9V\u23933A \/ 12V\u23933A \/ 15V\u23933A \/ 20V\u23933A (Type-C2); 5V\u23933A \/ 9V\u23933A \/ 10V\u23932.25A \/ 12V\u23932.5A (USB-A); Type-C1 + Type-C2: 120W; Type-C1 + USB-A: 100W + 30W; Type-C2 + USB-A: 60W + 30W<\/td>\n<\/tr>\n<tr>\n<th>Ca\u0142kowita moc wyj\u015bciowa<\/th>\n<td>Type-C1 + Type-C2 + USB-A = 20W (5V\u23934A) + 30W (12V\u23932.5A)<\/td>\n<\/tr>\n<\/tbody>\n<\/table>\n<\/div>\n","protected":false},"excerpt":{"rendered":"<p>Powerbank Romoss PPU20 20000mAh 130W (srebrny) Romoss PPU20 to niezawodny powerbank, kt\u00f3ry \u0142\u0105czy du\u017c\u0105 moc, wyj\u0105tkow\u0105 trwa\u0142o\u015b\u0107 i stylowy design.<\/p>\n","protected":false},"featured_media":59748,"comment_status":"closed","ping_status":"open","template":"","meta":{"_acf_changed":false},"product_brand":[],"product_cat":[1108,1113],"product_tag":[],"class_list":{"0":"post-59747","1":"product","2":"type-product","3":"status-publish","4":"has-post-thumbnail","6":"product_cat-energia","7":"product_cat-powerbanki","8":"pa_okres-gwarancji-5754","9":"pa_producent-romoss","11":"first","12":"outofstock","13":"taxable","14":"shipping-taxable","15":"purchasable","16":"product-type-simple"},"acf":[],"yoast_head":"<!-- This site is optimized with the Yoast SEO plugin v27.2 - https:\/\/yoast.com\/product\/yoast-seo-wordpress\/ -->\n<title>Powerbank ROMOSS PPU20 20000mAh 130W (srebrny) - IRONSKY.PL Sklep z Dronami<\/title>\n<meta name=\"description\" content=\"Powerbank ROMOSS PPU20 20000mAh 130W (srebrny) - \u2705 sklep z dronami i fachowym doradztwem. \u2705 Tutaj kupisz produkty DJI, Yuneec, Parrot, Syma i wiele innych, a tak\u017ce kursy i licencje na operatora drona.\" \/>\n<meta name=\"robots\" content=\"index, follow, max-snippet:-1, max-image-preview:large, max-video-preview:-1\" \/>\n<link rel=\"canonical\" href=\"https:\/\/ironsky.pl\/sklep\/produkt\/powerbank-romoss-ppu20-20000mah-130w-srebrny-2\/\" \/>\n<meta property=\"og:locale\" content=\"pl_PL\" \/>\n<meta property=\"og:type\" content=\"article\" \/>\n<meta property=\"og:title\" content=\"Powerbank ROMOSS PPU20 20000mAh 130W (srebrny) - IRONSKY.PL Sklep z Dronami\" \/>\n<meta property=\"og:description\" content=\"Powerbank ROMOSS PPU20 20000mAh 130W (srebrny) - \u2705 sklep z dronami i fachowym doradztwem. \u2705 Tutaj kupisz produkty DJI, Yuneec, Parrot, Syma i wiele innych, a tak\u017ce kursy i licencje na operatora drona.\" \/>\n<meta property=\"og:url\" content=\"https:\/\/ironsky.pl\/sklep\/produkt\/powerbank-romoss-ppu20-20000mah-130w-srebrny-2\/\" \/>\n<meta property=\"og:site_name\" content=\"IRONSKY.PL Sklep z Dronami\" \/>\n<meta property=\"article:modified_time\" content=\"2026-04-15T08:51:12+00:00\" \/>\n<meta property=\"og:image\" content=\"https:\/\/ironsky.pl\/sklep\/wp-content\/uploads\/2026\/04\/47807_1.jpg\" \/>\n\t<meta property=\"og:image:width\" content=\"800\" \/>\n\t<meta property=\"og:image:height\" content=\"800\" \/>\n\t<meta property=\"og:image:type\" content=\"image\/jpeg\" \/>\n<meta name=\"twitter:card\" content=\"summary_large_image\" \/>\n<meta name=\"twitter:label1\" content=\"Szacowany czas czytania\" \/>\n\t<meta name=\"twitter:data1\" content=\"3 minuty\" \/>\n<script type=\"application\/ld+json\" class=\"yoast-schema-graph\">{\"@context\":\"https:\/\/schema.org\",\"@graph\":[{\"@type\":\"WebPage\",\"@id\":\"https:\/\/ironsky.pl\/sklep\/produkt\/powerbank-romoss-ppu20-20000mah-130w-srebrny-2\/\",\"url\":\"https:\/\/ironsky.pl\/sklep\/produkt\/powerbank-romoss-ppu20-20000mah-130w-srebrny-2\/\",\"name\":\"Powerbank ROMOSS PPU20 20000mAh 130W (srebrny) - IRONSKY.PL Sklep z Dronami\",\"isPartOf\":{\"@id\":\"https:\/\/ironsky.pl\/sklep\/#website\"},\"primaryImageOfPage\":{\"@id\":\"https:\/\/ironsky.pl\/sklep\/produkt\/powerbank-romoss-ppu20-20000mah-130w-srebrny-2\/#primaryimage\"},\"image\":{\"@id\":\"https:\/\/ironsky.pl\/sklep\/produkt\/powerbank-romoss-ppu20-20000mah-130w-srebrny-2\/#primaryimage\"},\"thumbnailUrl\":\"https:\/\/ironsky.pl\/sklep\/wp-content\/uploads\/2026\/04\/47807_1.jpg\",\"datePublished\":\"2026-04-15T08:50:53+00:00\",\"dateModified\":\"2026-04-15T08:51:12+00:00\",\"description\":\"Powerbank ROMOSS PPU20 20000mAh 130W (srebrny) - \u2705 sklep z dronami i fachowym doradztwem. \u2705 Tutaj kupisz produkty DJI, Yuneec, Parrot, Syma i wiele innych, a tak\u017ce kursy i licencje na operatora drona.\",\"breadcrumb\":{\"@id\":\"https:\/\/ironsky.pl\/sklep\/produkt\/powerbank-romoss-ppu20-20000mah-130w-srebrny-2\/#breadcrumb\"},\"inLanguage\":\"pl-PL\",\"potentialAction\":[{\"@type\":\"ReadAction\",\"target\":[\"https:\/\/ironsky.pl\/sklep\/produkt\/powerbank-romoss-ppu20-20000mah-130w-srebrny-2\/\"]}]},{\"@type\":\"ImageObject\",\"inLanguage\":\"pl-PL\",\"@id\":\"https:\/\/ironsky.pl\/sklep\/produkt\/powerbank-romoss-ppu20-20000mah-130w-srebrny-2\/#primaryimage\",\"url\":\"https:\/\/ironsky.pl\/sklep\/wp-content\/uploads\/2026\/04\/47807_1.jpg\",\"contentUrl\":\"https:\/\/ironsky.pl\/sklep\/wp-content\/uploads\/2026\/04\/47807_1.jpg\",\"width\":800,\"height\":800},{\"@type\":\"BreadcrumbList\",\"@id\":\"https:\/\/ironsky.pl\/sklep\/produkt\/powerbank-romoss-ppu20-20000mah-130w-srebrny-2\/#breadcrumb\",\"itemListElement\":[{\"@type\":\"ListItem\",\"position\":1,\"name\":\"Strona g\u0142\u00f3wna\",\"item\":\"https:\/\/ironsky.pl\/sklep\/\"},{\"@type\":\"ListItem\",\"position\":2,\"name\":\"Wszystkie produkty\",\"item\":\"https:\/\/ironsky.pl\/sklep\/produkty\/\"},{\"@type\":\"ListItem\",\"position\":3,\"name\":\"Powerbank ROMOSS PPU20 20000mAh 130W (srebrny)\"}]},{\"@type\":\"WebSite\",\"@id\":\"https:\/\/ironsky.pl\/sklep\/#website\",\"url\":\"https:\/\/ironsky.pl\/sklep\/\",\"name\":\"IRONSKY.PL Sklep z Dronami\",\"description\":\"IRONSKY.PL Sklep z Dronami\",\"potentialAction\":[{\"@type\":\"SearchAction\",\"target\":{\"@type\":\"EntryPoint\",\"urlTemplate\":\"https:\/\/ironsky.pl\/sklep\/?s={search_term_string}\"},\"query-input\":{\"@type\":\"PropertyValueSpecification\",\"valueRequired\":true,\"valueName\":\"search_term_string\"}}],\"inLanguage\":\"pl-PL\"}]}<\/script>\n<!-- \/ Yoast SEO plugin. -->","yoast_head_json":{"title":"Powerbank ROMOSS PPU20 20000mAh 130W (srebrny) - IRONSKY.PL Sklep z Dronami","description":"Powerbank ROMOSS PPU20 20000mAh 130W (srebrny) - \u2705 sklep z dronami i fachowym doradztwem. \u2705 Tutaj kupisz produkty DJI, Yuneec, Parrot, Syma i wiele innych, a tak\u017ce kursy i licencje na operatora drona.","robots":{"index":"index","follow":"follow","max-snippet":"max-snippet:-1","max-image-preview":"max-image-preview:large","max-video-preview":"max-video-preview:-1"},"canonical":"https:\/\/ironsky.pl\/sklep\/produkt\/powerbank-romoss-ppu20-20000mah-130w-srebrny-2\/","og_locale":"pl_PL","og_type":"article","og_title":"Powerbank ROMOSS PPU20 20000mAh 130W (srebrny) - IRONSKY.PL Sklep z Dronami","og_description":"Powerbank ROMOSS PPU20 20000mAh 130W (srebrny) - \u2705 sklep z dronami i fachowym doradztwem. \u2705 Tutaj kupisz produkty DJI, Yuneec, Parrot, Syma i wiele innych, a tak\u017ce kursy i licencje na operatora drona.","og_url":"https:\/\/ironsky.pl\/sklep\/produkt\/powerbank-romoss-ppu20-20000mah-130w-srebrny-2\/","og_site_name":"IRONSKY.PL Sklep z Dronami","article_modified_time":"2026-04-15T08:51:12+00:00","og_image":[{"width":800,"height":800,"url":"https:\/\/ironsky.pl\/sklep\/wp-content\/uploads\/2026\/04\/47807_1.jpg","type":"image\/jpeg"}],"twitter_card":"summary_large_image","twitter_misc":{"Szacowany czas czytania":"3 minuty"},"schema":{"@context":"https:\/\/schema.org","@graph":[{"@type":"WebPage","@id":"https:\/\/ironsky.pl\/sklep\/produkt\/powerbank-romoss-ppu20-20000mah-130w-srebrny-2\/","url":"https:\/\/ironsky.pl\/sklep\/produkt\/powerbank-romoss-ppu20-20000mah-130w-srebrny-2\/","name":"Powerbank ROMOSS PPU20 20000mAh 130W (srebrny) - IRONSKY.PL Sklep z Dronami","isPartOf":{"@id":"https:\/\/ironsky.pl\/sklep\/#website"},"primaryImageOfPage":{"@id":"https:\/\/ironsky.pl\/sklep\/produkt\/powerbank-romoss-ppu20-20000mah-130w-srebrny-2\/#primaryimage"},"image":{"@id":"https:\/\/ironsky.pl\/sklep\/produkt\/powerbank-romoss-ppu20-20000mah-130w-srebrny-2\/#primaryimage"},"thumbnailUrl":"https:\/\/ironsky.pl\/sklep\/wp-content\/uploads\/2026\/04\/47807_1.jpg","datePublished":"2026-04-15T08:50:53+00:00","dateModified":"2026-04-15T08:51:12+00:00","description":"Powerbank ROMOSS PPU20 20000mAh 130W (srebrny) - \u2705 sklep z dronami i fachowym doradztwem. \u2705 Tutaj kupisz produkty DJI, Yuneec, Parrot, Syma i wiele innych, a tak\u017ce kursy i licencje na operatora drona.","breadcrumb":{"@id":"https:\/\/ironsky.pl\/sklep\/produkt\/powerbank-romoss-ppu20-20000mah-130w-srebrny-2\/#breadcrumb"},"inLanguage":"pl-PL","potentialAction":[{"@type":"ReadAction","target":["https:\/\/ironsky.pl\/sklep\/produkt\/powerbank-romoss-ppu20-20000mah-130w-srebrny-2\/"]}]},{"@type":"ImageObject","inLanguage":"pl-PL","@id":"https:\/\/ironsky.pl\/sklep\/produkt\/powerbank-romoss-ppu20-20000mah-130w-srebrny-2\/#primaryimage","url":"https:\/\/ironsky.pl\/sklep\/wp-content\/uploads\/2026\/04\/47807_1.jpg","contentUrl":"https:\/\/ironsky.pl\/sklep\/wp-content\/uploads\/2026\/04\/47807_1.jpg","width":800,"height":800},{"@type":"BreadcrumbList","@id":"https:\/\/ironsky.pl\/sklep\/produkt\/powerbank-romoss-ppu20-20000mah-130w-srebrny-2\/#breadcrumb","itemListElement":[{"@type":"ListItem","position":1,"name":"Strona g\u0142\u00f3wna","item":"https:\/\/ironsky.pl\/sklep\/"},{"@type":"ListItem","position":2,"name":"Wszystkie produkty","item":"https:\/\/ironsky.pl\/sklep\/produkty\/"},{"@type":"ListItem","position":3,"name":"Powerbank ROMOSS PPU20 20000mAh 130W (srebrny)"}]},{"@type":"WebSite","@id":"https:\/\/ironsky.pl\/sklep\/#website","url":"https:\/\/ironsky.pl\/sklep\/","name":"IRONSKY.PL Sklep z Dronami","description":"IRONSKY.PL Sklep z Dronami","potentialAction":[{"@type":"SearchAction","target":{"@type":"EntryPoint","urlTemplate":"https:\/\/ironsky.pl\/sklep\/?s={search_term_string}"},"query-input":{"@type":"PropertyValueSpecification","valueRequired":true,"valueName":"search_term_string"}}],"inLanguage":"pl-PL"}]}},"_links":{"self":[{"href":"https:\/\/ironsky.pl\/sklep\/wp-json\/wp\/v2\/product\/59747","targetHints":{"allow":["GET"]}}],"collection":[{"href":"https:\/\/ironsky.pl\/sklep\/wp-json\/wp\/v2\/product"}],"about":[{"href":"https:\/\/ironsky.pl\/sklep\/wp-json\/wp\/v2\/types\/product"}],"replies":[{"embeddable":true,"href":"https:\/\/ironsky.pl\/sklep\/wp-json\/wp\/v2\/comments?post=59747"}],"wp:featuredmedia":[{"embeddable":true,"href":"https:\/\/ironsky.pl\/sklep\/wp-json\/wp\/v2\/media\/59748"}],"wp:attachment":[{"href":"https:\/\/ironsky.pl\/sklep\/wp-json\/wp\/v2\/media?parent=59747"}],"wp:term":[{"taxonomy":"product_brand","embeddable":true,"href":"https:\/\/ironsky.pl\/sklep\/wp-json\/wp\/v2\/product_brand?post=59747"},{"taxonomy":"product_cat","embeddable":true,"href":"https:\/\/ironsky.pl\/sklep\/wp-json\/wp\/v2\/product_cat?post=59747"},{"taxonomy":"product_tag","embeddable":true,"href":"https:\/\/ironsky.pl\/sklep\/wp-json\/wp\/v2\/product_tag?post=59747"}],"curies":[{"name":"wp","href":"https:\/\/api.w.org\/{rel}","templated":true}]}}