{"id":59731,"date":"2026-04-15T10:50:53","date_gmt":"2026-04-15T08:50:53","guid":{"rendered":"https:\/\/ironsky.pl\/sklep\/produkt\/powerbank-ugreen-nexode-pb724-12000mah-100w-brak-koloru\/"},"modified":"2026-04-21T10:03:28","modified_gmt":"2026-04-21T08:03:28","slug":"powerbank-ugreen-nexode-pb724-12000mah-100w-brak-koloru","status":"publish","type":"product","link":"https:\/\/ironsky.pl\/sklep\/produkt\/powerbank-ugreen-nexode-pb724-12000mah-100w-brak-koloru\/","title":{"rendered":"Powerbank UGREEN Nexode PB724 12000mAh 100W (brak koloru)"},"content":{"rendered":"<h3>Powerbank 12000mAh Ugreen Nexode PB724, USB-C + USB, 100W<\/h3>\n<p>Z Ugreen Nexode PB724 masz pewno\u015b\u0107, \u017ce Twoje urz\u0105dzenia b\u0119d\u0105 zawsze gotowe do dzia\u0142ania. Ten powerbank oferuje pojemno\u015b\u0107 12000 mAh, ultra-szybkie \u0142adowanie do 100W oraz innowacyjne rozwi\u0105zania, aby zapewni\u0107 maksymaln\u0105 wydajno\u015b\u0107 w ka\u017cdej sytuacji. Bez wzgl\u0119du na to, czy jeste\u015b w podr\u00f3\u017cy, w pracy, czy na \u0142onie natury, Ugreen Nexode PB724 dostarcza energii tam, gdzie jej potrzebujesz, gwarantuj\u0105c pe\u0142n\u0105 niezale\u017cno\u015b\u0107 od gniazdka.<\/p>\n<p>\n<img decoding=\"async\" src=\"https:\/\/assets.innpro.pl\/10164\/11918\/8.jpg\" border=\"0\" \/>\n<\/p>\n<h3>Niezr\u00f3wnana moc \u0142adowania a\u017c do 100W<\/h3>\n<p>Nexode PB724 wyposa\u017cono w dwa porty USB, dzi\u0119ki czemu mo\u017cesz \u0142adowa\u0107 2 urz\u0105dzenia jednocze\u015bnie z pe\u0142n\u0105 wydajno\u015bci\u0105. Port USB-C obs\u0142uguje najnowszy standard PD 3.0 i zapewnia maksymaln\u0105 moc 100W, co sprawia, \u017ce idealnie nadaje si\u0119 do \u0142adowania najbardziej wymagaj\u0105cych urz\u0105dze\u0144, takich jak laptopy czy tablety. Natomiast port USB-A o mocy 22.5W b\u0119dzie odpowiedni w przypadku mniejszych urz\u0105dzeniach, takich jak s\u0142uchawki czy smartwatche.\u00a0<\/p>\n<p>\n<img decoding=\"async\" src=\"https:\/\/assets.innpro.pl\/10164\/11918\/1.jpg\" border=\"0\" \/>\n<\/p>\n<h3>Pojemno\u015b\u0107 12000 mAh<\/h3>\n<p>Z powerbankiem Ugreen Nexode PB724, o pojemno\u015bci 12000 mAh, nigdy nie zabraknie Ci energii. Ten powerbank pozwala na 1,28 pe\u0142ne \u0142adowania iPhone\u2019a 15, 0,85 \u0142adowania iPada Pro 11\u201d lub 1,26 \u0142adowania Samsunga Galaxy S24 Ultra \u2013 idealne rozwi\u0105zanie dla tych, kt\u00f3rzy s\u0105 ci\u0105gle w ruchu. Cho\u0107 pojemno\u015b\u0107 12000 mAh mo\u017ce wydawa\u0107 si\u0119 spora, powerbank mo\u017cna na\u0142adowa\u0107 do pe\u0142na w zaledwie 1,5 godziny \u2013 wszystko dzi\u0119ki wej\u015bciu USB-C o mocy 65W.<\/p>\n<p>\n<img decoding=\"async\" src=\"https:\/\/assets.innpro.pl\/10164\/11918\/5.jpg\" border=\"0\" \/>\n<\/p>\n<h3>Inteligentny wy\u015bwietlacz LCD<\/h3>\n<p>Innowacyjny wy\u015bwietlacz LCD zapewnia bie\u017c\u0105cy podgl\u0105d parametr\u00f3w \u0142adowania. Mo\u017cesz \u015bledzi\u0107 napi\u0119cie, nat\u0119\u017cenie pr\u0105du oraz pozosta\u0142y czas \u0142adowania, co czyni korzystanie z powerbanku jeszcze bardziej intuicyjnym. Dodatkowo ekran wy\u015bwietla urocze animacje, kt\u00f3re zmieniaj\u0105 si\u0119 w zale\u017cno\u015bci od poziomu na\u0142adowania \u2013 od zabawnych min przy niskim stanie na\u0142adowania po zadowolone u\u015bmiechy, gdy akumulator jest w pe\u0142ni na\u0142adowany. Te ma\u0142e detale dodaj\u0105 urz\u0105dzeniu charakteru i sprawiaj\u0105, \u017ce jego u\u017cywanie staje si\u0119 przyjemniejsze.<\/p>\n<p>\n<img decoding=\"async\" src=\"https:\/\/assets.innpro.pl\/10164\/11918\/7.jpg\" border=\"0\" \/>\n<\/p>\n<h3>Tryb trickle charge \u2013 idealny dla ma\u0142ych urz\u0105dze\u0144<\/h3>\n<p>Powerbank Ugreen Nexode PB724 wyposa\u017cony zosta\u0142 w tryb trickle charge, kt\u00f3ry idealnie nadaje si\u0119 do \u0142adowania urz\u0105dze\u0144 wymagaj\u0105cych ma\u0142ego pr\u0105du, takich jak s\u0142uchawki bezprzewodowe czy smartwatche. Dzi\u0119ki temu masz pewno\u015b\u0107, \u017ce ka\u017cde Twoje urz\u0105dzenie otrzyma odpowiedni\u0105 ilo\u015b\u0107 energii.<\/p>\n<p>\n<img decoding=\"async\" src=\"https:\/\/assets.innpro.pl\/10164\/11918\/3.jpg\" border=\"0\" \/>\n<\/p>\n<h3>Idealny na podr\u00f3\u017c<\/h3>\n<p>Mimo du\u017cej pojemno\u015bci Ugreen Nexode PB724 wa\u017cy jedynie 309 g, co czyni go wyj\u0105tkowo por\u0119cznym urz\u0105dzeniem. Jego kompaktowy rozmiar (45,5 x 46 x 115 mm) oraz dopracowany design sprawiaj\u0105, \u017ce idealnie nadaje si\u0119 do zabrania w ka\u017cd\u0105 podr\u00f3\u017c \u2013 z powodzeniem zabierzesz go r\u00f3wnie\u017c na pok\u0142ad samolotu!<\/p>\n<p>\n<img decoding=\"async\" src=\"https:\/\/assets.innpro.pl\/10164\/11918\/4.jpg\" border=\"0\" \/>\n<\/p>\n<h3>Maksymalne bezpiecze\u0144stwo<\/h3>\n<p>Powerbank Ugreen wyposa\u017cono w a\u017c 13 zabezpiecze\u0144, w tym przed przegrzaniem, przepi\u0119ciem i zwarciem. Dzi\u0119ki temu mo\u017cesz by\u0107 pewny, \u017ce Twoje urz\u0105dzenia s\u0105 zawsze bezpieczne, niezale\u017cnie od warunk\u00f3w. Co wi\u0119cej, powerbank zosta\u0142 zaprojektowany tak, aby wytrzyma\u0107 ponad 1000 cykli \u0142adowania, zachowuj\u0105c co najmniej 80% pojemno\u015bci. To inwestycja na lata, kt\u00f3ra zapewnia niezawodne dzia\u0142anie.<\/p>\n<p>\n<img decoding=\"async\" src=\"https:\/\/assets.innpro.pl\/10164\/11918\/6.jpg\" border=\"0\" \/>\n<\/p>\n<div class=\"table-wrapper\">\n<p>\u00a0<\/p>\n<h3><\/h3>\n<table>\n<tbody>\n<tr>\n<th>Producent<\/th>\n<td>Ugreen<\/td>\n<\/tr>\n<tr>\n<th>Model<\/th>\n<td>PB724<\/td>\n<\/tr>\n<tr>\n<th>Pojemno\u015b\u0107 akumulatora<\/th>\n<td>12000 mAh<\/td>\n<\/tr>\n<tr>\n<th>Porty<\/th>\n<td>1x USB-C, 1x USB-A<\/td>\n<\/tr>\n<tr>\n<th>Pr\u0105d wej\u015bciowy USB-C<\/th>\n<td>5V\/3A, 9V\/3A, 12V\/3A, 15V\/3A, 20V\/3.25A  (65W Max)<\/td>\n<\/tr>\n<tr>\n<th>Pr\u0105d wyj\u015bciowy USB-C<\/th>\n<td>5V\/3A, 9V\/3A, 12V\/3A, 15V\/3A, 20V\/5A (100W Max) PPS: 3.3-21V\/5A<\/td>\n<\/tr>\n<tr>\n<th>Pr\u0105d wyj\u015bciowy USB-A<\/th>\n<td>10V\/2.25A,5V\/3A,9V\/2A,12V\/1.5A (22.5W Max)<\/td>\n<\/tr>\n<tr>\n<th>\u0141\u0105czna moc wyj\u015bciowa USB-C+USB-A<\/th>\n<td>10W+10W<\/td>\n<\/tr>\n<tr>\n<th>Rodzaj akumulatora<\/th>\n<td>Litowo-jonowy<\/td>\n<\/tr>\n<tr>\n<th>Czas \u0142adowania powerbanku<\/th>\n<td>Oko\u0142o 2 godziny (z \u0142adowark\u0105 PD65W)<\/td>\n<\/tr>\n<tr>\n<th>Wymiary<\/th>\n<td>45,5 x 46 x 115 mm<\/td>\n<\/tr>\n<tr>\n<th>Waga<\/th>\n<td>309 g<\/td>\n<\/tr>\n<\/tbody>\n<\/table>\n<\/div>\n","protected":false},"excerpt":{"rendered":"<p>Powerbank 12000mAh Ugreen Nexode PB724, USB-C + USB, 100W Z Ugreen Nexode PB724 masz pewno\u015b\u0107, \u017ce Twoje urz\u0105dzenia b\u0119d\u0105 zawsze<\/p>\n","protected":false},"featured_media":59732,"comment_status":"closed","ping_status":"open","template":"","meta":{"_acf_changed":false},"product_brand":[],"product_cat":[1108,1113],"product_tag":[],"class_list":{"0":"post-59731","1":"product","2":"type-product","3":"status-publish","4":"has-post-thumbnail","6":"product_cat-energia","7":"product_cat-powerbanki","8":"pa_okres-gwarancji-5757","9":"pa_producent-ugreen","11":"first","12":"instock","13":"taxable","14":"shipping-taxable","15":"purchasable","16":"product-type-simple"},"acf":[],"yoast_head":"<!-- This site is optimized with the Yoast SEO plugin v27.2 - https:\/\/yoast.com\/product\/yoast-seo-wordpress\/ -->\n<title>Powerbank UGREEN Nexode PB724 12000mAh 100W (brak koloru) - IRONSKY.PL Sklep z Dronami<\/title>\n<meta name=\"description\" content=\"Powerbank UGREEN Nexode PB724 12000mAh 100W (brak koloru) - \u2705 sklep z dronami i fachowym doradztwem. \u2705 Tutaj kupisz produkty DJI, Yuneec, Parrot, Syma i wiele innych, a tak\u017ce kursy i licencje na operatora drona.\" \/>\n<meta name=\"robots\" content=\"index, follow, max-snippet:-1, max-image-preview:large, max-video-preview:-1\" \/>\n<link rel=\"canonical\" href=\"https:\/\/ironsky.pl\/sklep\/produkt\/powerbank-ugreen-nexode-pb724-12000mah-100w-brak-koloru\/\" \/>\n<meta property=\"og:locale\" content=\"pl_PL\" \/>\n<meta property=\"og:type\" content=\"article\" \/>\n<meta property=\"og:title\" content=\"Powerbank UGREEN Nexode PB724 12000mAh 100W (brak koloru) - IRONSKY.PL Sklep z Dronami\" \/>\n<meta property=\"og:description\" content=\"Powerbank UGREEN Nexode PB724 12000mAh 100W (brak koloru) - \u2705 sklep z dronami i fachowym doradztwem. \u2705 Tutaj kupisz produkty DJI, Yuneec, Parrot, Syma i wiele innych, a tak\u017ce kursy i licencje na operatora drona.\" \/>\n<meta property=\"og:url\" content=\"https:\/\/ironsky.pl\/sklep\/produkt\/powerbank-ugreen-nexode-pb724-12000mah-100w-brak-koloru\/\" \/>\n<meta property=\"og:site_name\" content=\"IRONSKY.PL Sklep z Dronami\" \/>\n<meta property=\"article:modified_time\" content=\"2026-04-21T08:03:28+00:00\" \/>\n<meta property=\"og:image\" content=\"https:\/\/ironsky.pl\/sklep\/wp-content\/uploads\/2026\/04\/47799_3.jpg\" \/>\n\t<meta property=\"og:image:width\" content=\"800\" \/>\n\t<meta property=\"og:image:height\" content=\"800\" \/>\n\t<meta property=\"og:image:type\" content=\"image\/jpeg\" \/>\n<meta name=\"twitter:card\" content=\"summary_large_image\" \/>\n<meta name=\"twitter:label1\" content=\"Szacowany czas czytania\" \/>\n\t<meta name=\"twitter:data1\" content=\"3 minuty\" \/>\n<script type=\"application\/ld+json\" class=\"yoast-schema-graph\">{\"@context\":\"https:\/\/schema.org\",\"@graph\":[{\"@type\":\"WebPage\",\"@id\":\"https:\/\/ironsky.pl\/sklep\/produkt\/powerbank-ugreen-nexode-pb724-12000mah-100w-brak-koloru\/\",\"url\":\"https:\/\/ironsky.pl\/sklep\/produkt\/powerbank-ugreen-nexode-pb724-12000mah-100w-brak-koloru\/\",\"name\":\"Powerbank UGREEN Nexode PB724 12000mAh 100W (brak koloru) - IRONSKY.PL Sklep z Dronami\",\"isPartOf\":{\"@id\":\"https:\/\/ironsky.pl\/sklep\/#website\"},\"primaryImageOfPage\":{\"@id\":\"https:\/\/ironsky.pl\/sklep\/produkt\/powerbank-ugreen-nexode-pb724-12000mah-100w-brak-koloru\/#primaryimage\"},\"image\":{\"@id\":\"https:\/\/ironsky.pl\/sklep\/produkt\/powerbank-ugreen-nexode-pb724-12000mah-100w-brak-koloru\/#primaryimage\"},\"thumbnailUrl\":\"https:\/\/ironsky.pl\/sklep\/wp-content\/uploads\/2026\/04\/47799_3.jpg\",\"datePublished\":\"2026-04-15T08:50:53+00:00\",\"dateModified\":\"2026-04-21T08:03:28+00:00\",\"description\":\"Powerbank UGREEN Nexode PB724 12000mAh 100W (brak koloru) - \u2705 sklep z dronami i fachowym doradztwem. \u2705 Tutaj kupisz produkty DJI, Yuneec, Parrot, Syma i wiele innych, a tak\u017ce kursy i licencje na operatora drona.\",\"breadcrumb\":{\"@id\":\"https:\/\/ironsky.pl\/sklep\/produkt\/powerbank-ugreen-nexode-pb724-12000mah-100w-brak-koloru\/#breadcrumb\"},\"inLanguage\":\"pl-PL\",\"potentialAction\":[{\"@type\":\"ReadAction\",\"target\":[\"https:\/\/ironsky.pl\/sklep\/produkt\/powerbank-ugreen-nexode-pb724-12000mah-100w-brak-koloru\/\"]}]},{\"@type\":\"ImageObject\",\"inLanguage\":\"pl-PL\",\"@id\":\"https:\/\/ironsky.pl\/sklep\/produkt\/powerbank-ugreen-nexode-pb724-12000mah-100w-brak-koloru\/#primaryimage\",\"url\":\"https:\/\/ironsky.pl\/sklep\/wp-content\/uploads\/2026\/04\/47799_3.jpg\",\"contentUrl\":\"https:\/\/ironsky.pl\/sklep\/wp-content\/uploads\/2026\/04\/47799_3.jpg\",\"width\":800,\"height\":800},{\"@type\":\"BreadcrumbList\",\"@id\":\"https:\/\/ironsky.pl\/sklep\/produkt\/powerbank-ugreen-nexode-pb724-12000mah-100w-brak-koloru\/#breadcrumb\",\"itemListElement\":[{\"@type\":\"ListItem\",\"position\":1,\"name\":\"Strona g\u0142\u00f3wna\",\"item\":\"https:\/\/ironsky.pl\/sklep\/\"},{\"@type\":\"ListItem\",\"position\":2,\"name\":\"Wszystkie produkty\",\"item\":\"https:\/\/ironsky.pl\/sklep\/produkty\/\"},{\"@type\":\"ListItem\",\"position\":3,\"name\":\"Powerbank UGREEN Nexode PB724 12000mAh 100W (brak koloru)\"}]},{\"@type\":\"WebSite\",\"@id\":\"https:\/\/ironsky.pl\/sklep\/#website\",\"url\":\"https:\/\/ironsky.pl\/sklep\/\",\"name\":\"IRONSKY.PL Sklep z Dronami\",\"description\":\"IRONSKY.PL Sklep z Dronami\",\"potentialAction\":[{\"@type\":\"SearchAction\",\"target\":{\"@type\":\"EntryPoint\",\"urlTemplate\":\"https:\/\/ironsky.pl\/sklep\/?s={search_term_string}\"},\"query-input\":{\"@type\":\"PropertyValueSpecification\",\"valueRequired\":true,\"valueName\":\"search_term_string\"}}],\"inLanguage\":\"pl-PL\"}]}<\/script>\n<!-- \/ Yoast SEO plugin. -->","yoast_head_json":{"title":"Powerbank UGREEN Nexode PB724 12000mAh 100W (brak koloru) - IRONSKY.PL Sklep z Dronami","description":"Powerbank UGREEN Nexode PB724 12000mAh 100W (brak koloru) - \u2705 sklep z dronami i fachowym doradztwem. \u2705 Tutaj kupisz produkty DJI, Yuneec, Parrot, Syma i wiele innych, a tak\u017ce kursy i licencje na operatora drona.","robots":{"index":"index","follow":"follow","max-snippet":"max-snippet:-1","max-image-preview":"max-image-preview:large","max-video-preview":"max-video-preview:-1"},"canonical":"https:\/\/ironsky.pl\/sklep\/produkt\/powerbank-ugreen-nexode-pb724-12000mah-100w-brak-koloru\/","og_locale":"pl_PL","og_type":"article","og_title":"Powerbank UGREEN Nexode PB724 12000mAh 100W (brak koloru) - IRONSKY.PL Sklep z Dronami","og_description":"Powerbank UGREEN Nexode PB724 12000mAh 100W (brak koloru) - \u2705 sklep z dronami i fachowym doradztwem. \u2705 Tutaj kupisz produkty DJI, Yuneec, Parrot, Syma i wiele innych, a tak\u017ce kursy i licencje na operatora drona.","og_url":"https:\/\/ironsky.pl\/sklep\/produkt\/powerbank-ugreen-nexode-pb724-12000mah-100w-brak-koloru\/","og_site_name":"IRONSKY.PL Sklep z Dronami","article_modified_time":"2026-04-21T08:03:28+00:00","og_image":[{"width":800,"height":800,"url":"https:\/\/ironsky.pl\/sklep\/wp-content\/uploads\/2026\/04\/47799_3.jpg","type":"image\/jpeg"}],"twitter_card":"summary_large_image","twitter_misc":{"Szacowany czas czytania":"3 minuty"},"schema":{"@context":"https:\/\/schema.org","@graph":[{"@type":"WebPage","@id":"https:\/\/ironsky.pl\/sklep\/produkt\/powerbank-ugreen-nexode-pb724-12000mah-100w-brak-koloru\/","url":"https:\/\/ironsky.pl\/sklep\/produkt\/powerbank-ugreen-nexode-pb724-12000mah-100w-brak-koloru\/","name":"Powerbank UGREEN Nexode PB724 12000mAh 100W (brak koloru) - IRONSKY.PL Sklep z Dronami","isPartOf":{"@id":"https:\/\/ironsky.pl\/sklep\/#website"},"primaryImageOfPage":{"@id":"https:\/\/ironsky.pl\/sklep\/produkt\/powerbank-ugreen-nexode-pb724-12000mah-100w-brak-koloru\/#primaryimage"},"image":{"@id":"https:\/\/ironsky.pl\/sklep\/produkt\/powerbank-ugreen-nexode-pb724-12000mah-100w-brak-koloru\/#primaryimage"},"thumbnailUrl":"https:\/\/ironsky.pl\/sklep\/wp-content\/uploads\/2026\/04\/47799_3.jpg","datePublished":"2026-04-15T08:50:53+00:00","dateModified":"2026-04-21T08:03:28+00:00","description":"Powerbank UGREEN Nexode PB724 12000mAh 100W (brak koloru) - \u2705 sklep z dronami i fachowym doradztwem. \u2705 Tutaj kupisz produkty DJI, Yuneec, Parrot, Syma i wiele innych, a tak\u017ce kursy i licencje na operatora drona.","breadcrumb":{"@id":"https:\/\/ironsky.pl\/sklep\/produkt\/powerbank-ugreen-nexode-pb724-12000mah-100w-brak-koloru\/#breadcrumb"},"inLanguage":"pl-PL","potentialAction":[{"@type":"ReadAction","target":["https:\/\/ironsky.pl\/sklep\/produkt\/powerbank-ugreen-nexode-pb724-12000mah-100w-brak-koloru\/"]}]},{"@type":"ImageObject","inLanguage":"pl-PL","@id":"https:\/\/ironsky.pl\/sklep\/produkt\/powerbank-ugreen-nexode-pb724-12000mah-100w-brak-koloru\/#primaryimage","url":"https:\/\/ironsky.pl\/sklep\/wp-content\/uploads\/2026\/04\/47799_3.jpg","contentUrl":"https:\/\/ironsky.pl\/sklep\/wp-content\/uploads\/2026\/04\/47799_3.jpg","width":800,"height":800},{"@type":"BreadcrumbList","@id":"https:\/\/ironsky.pl\/sklep\/produkt\/powerbank-ugreen-nexode-pb724-12000mah-100w-brak-koloru\/#breadcrumb","itemListElement":[{"@type":"ListItem","position":1,"name":"Strona g\u0142\u00f3wna","item":"https:\/\/ironsky.pl\/sklep\/"},{"@type":"ListItem","position":2,"name":"Wszystkie produkty","item":"https:\/\/ironsky.pl\/sklep\/produkty\/"},{"@type":"ListItem","position":3,"name":"Powerbank UGREEN Nexode PB724 12000mAh 100W (brak koloru)"}]},{"@type":"WebSite","@id":"https:\/\/ironsky.pl\/sklep\/#website","url":"https:\/\/ironsky.pl\/sklep\/","name":"IRONSKY.PL Sklep z Dronami","description":"IRONSKY.PL Sklep z Dronami","potentialAction":[{"@type":"SearchAction","target":{"@type":"EntryPoint","urlTemplate":"https:\/\/ironsky.pl\/sklep\/?s={search_term_string}"},"query-input":{"@type":"PropertyValueSpecification","valueRequired":true,"valueName":"search_term_string"}}],"inLanguage":"pl-PL"}]}},"_links":{"self":[{"href":"https:\/\/ironsky.pl\/sklep\/wp-json\/wp\/v2\/product\/59731","targetHints":{"allow":["GET"]}}],"collection":[{"href":"https:\/\/ironsky.pl\/sklep\/wp-json\/wp\/v2\/product"}],"about":[{"href":"https:\/\/ironsky.pl\/sklep\/wp-json\/wp\/v2\/types\/product"}],"replies":[{"embeddable":true,"href":"https:\/\/ironsky.pl\/sklep\/wp-json\/wp\/v2\/comments?post=59731"}],"wp:featuredmedia":[{"embeddable":true,"href":"https:\/\/ironsky.pl\/sklep\/wp-json\/wp\/v2\/media\/59732"}],"wp:attachment":[{"href":"https:\/\/ironsky.pl\/sklep\/wp-json\/wp\/v2\/media?parent=59731"}],"wp:term":[{"taxonomy":"product_brand","embeddable":true,"href":"https:\/\/ironsky.pl\/sklep\/wp-json\/wp\/v2\/product_brand?post=59731"},{"taxonomy":"product_cat","embeddable":true,"href":"https:\/\/ironsky.pl\/sklep\/wp-json\/wp\/v2\/product_cat?post=59731"},{"taxonomy":"product_tag","embeddable":true,"href":"https:\/\/ironsky.pl\/sklep\/wp-json\/wp\/v2\/product_tag?post=59731"}],"curies":[{"name":"wp","href":"https:\/\/api.w.org\/{rel}","templated":true}]}}