{"id":59724,"date":"2026-04-15T10:50:53","date_gmt":"2026-04-15T08:50:53","guid":{"rendered":"https:\/\/ironsky.pl\/sklep\/produkt\/powerbank-romoss-wms10-10000mah-20w-niebieski-2\/"},"modified":"2026-04-15T10:50:59","modified_gmt":"2026-04-15T08:50:59","slug":"powerbank-romoss-wms10-10000mah-20w-niebieski-2","status":"publish","type":"product","link":"https:\/\/ironsky.pl\/sklep\/produkt\/powerbank-romoss-wms10-10000mah-20w-niebieski-2\/","title":{"rendered":"Powerbank ROMOSS WMS10 10000mAh 20W (niebieski)"},"content":{"rendered":"<h3>Powerbank Romoss WMS10 10000mAh 20W (niebieski)<\/h3>\n<p>Powerbank Romoss WMS10 to doskona\u0142e po\u0142\u0105czenie pojemno\u015bci, szybko\u015bci \u0142adowania, bezpiecze\u0144stwa i stylu. Jego wszechstronno\u015b\u0107 i niezawodno\u015b\u0107 sprawiaj\u0105, \u017ce jest to niezb\u0119dny gad\u017cet dla ka\u017cdego, kto ceni sobie ci\u0105g\u0142y dost\u0119p do energii. Wybierz Romoss WMS10 i ciesz si\u0119 nieprzerwan\u0105 prac\u0105 swoich urz\u0105dze\u0144 w ka\u017cdej sytuacji!<\/p>\n<p>\n<img decoding=\"async\" src=\"https:\/\/assets.innpro.pl\/10516\/12360\/2.jpg\" border=\"0\" \/>\n<\/p>\n<h3>Niezr\u00f3wnana pojemno\u015b\u0107 i wydajno\u015b\u0107<\/h3>\n<p>Powerbank Romoss WMS10 to wyj\u0105tkowe urz\u0105dzenie o imponuj\u0105cej pojemno\u015bci 10000mAh, kt\u00f3re zapewnia moc na d\u0142ugie dni, co jest niezwykle przydatne w ka\u017cdej sytuacji. Dzi\u0119ki tej pojemno\u015bci mo\u017cesz na\u0142adowa\u0107 swojego iPhone&#8217;a 14 Pro 2.1 razy, Samsunga Galaxy S23 1.7 razy, iPhone&#8217;a 13 2.1 razy oraz Xiaomi 11 Pro 1.7 razy. To idealne rozwi\u0105zanie dla os\u00f3b cz\u0119sto podr\u00f3\u017cuj\u0105cych lub korzystaj\u0105cych intensywnie ze swoich urz\u0105dze\u0144 mobilnych, kt\u00f3rym zale\u017cy na czasie i precyzji. Ponadto powerbank pozwala na \u0142adowanie dw\u00f3ch urz\u0105dze\u0144 jednocze\u015bnie, co pozwala w zaoszcz\u0119dzeniu czasu. <\/p>\n<p>\n<img decoding=\"async\" src=\"https:\/\/assets.innpro.pl\/10516\/12360\/4.jpg\" border=\"0\" \/>\n<\/p>\n<h3>Szybkie \u0142adowanie<\/h3>\n<p>Powerbank imponuje swoimi czterema trybami \u0142adowania \u2014 \u0142adowanie bezprzewodowe o mocy 15W pozwala na wygodne i szybkie \u0142adowanie, niezale\u017cnie od miejsca, w kt\u00f3rym si\u0119 znajdujesz. \u0141adowanie przewodowe o mocy 20W jest w stanie na\u0142adowa\u0107 iPhone&#8217;a 14 Pro do 57% w zaledwie 30 minut. Przeno\u015bne \u0142adowanie dzi\u0119ki wbudowanemu kablowi umo\u017cliwia wygodn\u0105 pozycj\u0119 chwytu podczas \u0142adowania, natomiast \u0142adowanie niskim pr\u0105dem jest idealnym rozwi\u0105zaniem dla odnawiania energii takim urz\u0105dzeniom, jak s\u0142uchawki bezprzewodowe czy smartwatche. Powerbank Romoss spe\u0142ni Twoje ka\u017cde oczekiwania!<\/p>\n<p>\n<img decoding=\"async\" src=\"https:\/\/assets.innpro.pl\/10516\/12360\/5.jpg\" border=\"0\" \/>\n<\/p>\n<h3>Bezpiecze\u0144stwo na pierwszym miejscu<\/h3>\n<p>Powerbank Romoss WMS10 zosta\u0142 wyposa\u017cony w zaawansowane technologie bezpiecze\u0144stwa, takie jak czujnik NTC i inteligentny czip, kt\u00f3re monitoruj\u0105 temperatur\u0119 i zapewniaj\u0105 podw\u00f3jne zabezpieczenie przed spi\u0119ciami oraz przegrzaniem. Dodatkowo 10 zaawansowanych zabezpiecze\u0144 chroni przed przepi\u0119ciami, prze\u0142adowaniami i innymi zagro\u017ceniami, gwarantuj\u0105c bezpieczne u\u017cytkowanie ka\u017cdego dnia. Opr\u00f3cz tego powerbank Romoss jest kompatybilny z etui na smartfony Magsafe dla iPhone&#8217;\u00f3w z serii 12\/13\/14, co daje jeszcze wi\u0119ksze poczucie bezpiecze\u0144stwa i stabilno\u015b\u0107.<\/p>\n<p>\n<img decoding=\"async\" src=\"https:\/\/assets.innpro.pl\/10516\/12360\/7.jpg\" border=\"0\" \/>\n<\/p>\n<h3>Wszechstronna kompatybilno\u015b\u0107 i wygoda<\/h3>\n<p>Dzi\u0119ki inteligentnemu dopasowaniu pr\u0105du \u0142adowania oraz wbudowanemu wszechstronnemu kablowi Romoss WMS10 jest kompatybilny z szerok\u0105 gam\u0105 urz\u0105dze\u0144 \u2013 w tym z urz\u0105dzeniami marki Apple (kabel Lightning), oraz z urz\u0105dzeniami z systemem Android (USB-C). Ponadto wbudowany kabel umo\u017cliwia samo\u0142adowanie powerbanka. Niezale\u017cnie od tego, czy preferujesz \u0142adowanie bezprzewodowe, czy magnetyczne, ten powerbank spe\u0142ni Twoje oczekiwania.\u00a0<\/p>\n<p>\n<img decoding=\"async\" src=\"https:\/\/assets.innpro.pl\/10516\/12360\/6.jpg\" border=\"0\" \/>\n<\/p>\n<h3>Stylowy design i mocny magnes<\/h3>\n<p>Romoss WMS10 zosta\u0142 zaprojektowany z my\u015bl\u0105 o mobilno\u015bci. Jego kompaktowe wymiary i lekka waga sprawiaj\u0105, \u017ce bez problemu zmie\u015bcisz go w torbie, plecaku czy walizce. Elegancki, minimalistyczny design dodaje mu nowoczesnego wygl\u0105du, kt\u00f3ry doskonale komponuje si\u0119 z ka\u017cdym stylem. Ponadto jego magnesy o mocy 14N s\u0105 w stanie ud\u017awign\u0105\u0107 do nawet 1.3kg ci\u0119\u017caru, co oznacza, \u017ce Tw\u00f3j smartfon jest w pe\u0142ni zabezpieczony, a \u0142\u0105czno\u015b\u0107 mi\u0119dzy nim a powerbankiem jest nieprzerwana.\u00a0Dla jeszcze wi\u0119kszego komfortu, powerbank wyposa\u017cono w wygodny pasek na r\u0119k\u0119, co u\u0142atwia przenoszenie i dodaje stylu.<\/p>\n<p>\n<img decoding=\"async\" src=\"https:\/\/assets.innpro.pl\/10516\/12360\/1.jpg\" border=\"0\" \/>\n<\/p>\n<h3>W zestawie<\/h3>\n<ul class=\"list-disc pl-5\">\n<li>powerbank<\/li>\n<li>kabel \u0142adowania<\/li>\n<li>instrukcja obs\u0142ugi<\/li>\n<\/ul>\n<div class=\"table-wrapper\">\n<p>\u00a0<\/p>\n<h3><\/h3>\n<table>\n<tbody>\n<tr>\n<th>Producent<\/th>\n<td>Romoss<\/td>\n<\/tr>\n<tr>\n<th>Model<\/th>\n<td>WMS10<\/td>\n<\/tr>\n<tr>\n<th>Akumulator<\/th>\n<td>litowo-jonowy<\/td>\n<\/tr>\n<tr>\n<th>Pojemno\u015b\u0107 akumulatora<\/th>\n<td>10000mAh<\/td>\n<\/tr>\n<tr>\n<th>Pojemno\u015b\u0107 znamienowa<\/th>\n<td>6000mAh<\/td>\n<\/tr>\n<tr>\n<th>Moc wej\u015bciowa<\/th>\n<td>5V-2A, 9V\u20222A (Lightning1) 5V-3A, 9V\u20222A (Lightning) 5V-3A, 9V-2A (Type-C) <\/td>\n<\/tr>\n<tr>\n<th>Moc wyj\u015bciowa<\/th>\n<td>5V-3A, 9V-2.22A,12V-1.67A (Lightning1 )5Vm-3A, 9V-2.22A, 12V-1.67A(Type-C) 15W (bezprzewodowe \u0142adowanie)<\/td>\n<\/tr>\n<tr>\n<th>Ca\u0142kowita moc wyj\u015bciowa<\/th>\n<td>15W<\/td>\n<\/tr>\n<tr>\n<th>Wymiary<\/th>\n<td>104 x 67 x 20.5 mm<\/td>\n<\/tr>\n<tr>\n<th>Waga<\/th>\n<td>225g<\/td>\n<\/tr>\n<tr>\n<th>Kolor<\/th>\n<td>niebieski<\/td>\n<\/tr>\n<\/tbody>\n<\/table>\n<\/div>\n","protected":false},"excerpt":{"rendered":"<p>Powerbank Romoss WMS10 10000mAh 20W (niebieski) Powerbank Romoss WMS10 to doskona\u0142e po\u0142\u0105czenie pojemno\u015bci, szybko\u015bci \u0142adowania, bezpiecze\u0144stwa i stylu. Jego wszechstronno\u015b\u0107<\/p>\n","protected":false},"featured_media":59725,"comment_status":"closed","ping_status":"open","template":"","meta":{"_acf_changed":false},"product_brand":[],"product_cat":[1108,1113],"product_tag":[],"class_list":{"0":"post-59724","1":"product","2":"type-product","3":"status-publish","4":"has-post-thumbnail","6":"product_cat-energia","7":"product_cat-powerbanki","8":"pa_okres-gwarancji-5754","9":"pa_producent-romoss","11":"first","12":"outofstock","13":"taxable","14":"shipping-taxable","15":"purchasable","16":"product-type-simple"},"acf":[],"yoast_head":"<!-- This site is optimized with the Yoast SEO plugin v27.2 - https:\/\/yoast.com\/product\/yoast-seo-wordpress\/ -->\n<title>Powerbank ROMOSS WMS10 10000mAh 20W (niebieski) - IRONSKY.PL Sklep z Dronami<\/title>\n<meta name=\"description\" content=\"Powerbank ROMOSS WMS10 10000mAh 20W (niebieski) - \u2705 sklep z dronami i fachowym doradztwem. \u2705 Tutaj kupisz produkty DJI, Yuneec, Parrot, Syma i wiele innych, a tak\u017ce kursy i licencje na operatora drona.\" \/>\n<meta name=\"robots\" content=\"index, follow, max-snippet:-1, max-image-preview:large, max-video-preview:-1\" \/>\n<link rel=\"canonical\" href=\"https:\/\/ironsky.pl\/sklep\/produkt\/powerbank-romoss-wms10-10000mah-20w-niebieski-2\/\" \/>\n<meta property=\"og:locale\" content=\"pl_PL\" \/>\n<meta property=\"og:type\" content=\"article\" \/>\n<meta property=\"og:title\" content=\"Powerbank ROMOSS WMS10 10000mAh 20W (niebieski) - IRONSKY.PL Sklep z Dronami\" \/>\n<meta property=\"og:description\" content=\"Powerbank ROMOSS WMS10 10000mAh 20W (niebieski) - \u2705 sklep z dronami i fachowym doradztwem. \u2705 Tutaj kupisz produkty DJI, Yuneec, Parrot, Syma i wiele innych, a tak\u017ce kursy i licencje na operatora drona.\" \/>\n<meta property=\"og:url\" content=\"https:\/\/ironsky.pl\/sklep\/produkt\/powerbank-romoss-wms10-10000mah-20w-niebieski-2\/\" \/>\n<meta property=\"og:site_name\" content=\"IRONSKY.PL Sklep z Dronami\" \/>\n<meta property=\"article:modified_time\" content=\"2026-04-15T08:50:59+00:00\" \/>\n<meta property=\"og:image\" content=\"https:\/\/ironsky.pl\/sklep\/wp-content\/uploads\/2026\/04\/47781_1.jpg\" \/>\n\t<meta property=\"og:image:width\" content=\"800\" \/>\n\t<meta property=\"og:image:height\" content=\"800\" \/>\n\t<meta property=\"og:image:type\" content=\"image\/jpeg\" \/>\n<meta name=\"twitter:card\" content=\"summary_large_image\" \/>\n<meta name=\"twitter:label1\" content=\"Szacowany czas czytania\" \/>\n\t<meta name=\"twitter:data1\" content=\"3 minuty\" \/>\n<script type=\"application\/ld+json\" class=\"yoast-schema-graph\">{\"@context\":\"https:\/\/schema.org\",\"@graph\":[{\"@type\":\"WebPage\",\"@id\":\"https:\/\/ironsky.pl\/sklep\/produkt\/powerbank-romoss-wms10-10000mah-20w-niebieski-2\/\",\"url\":\"https:\/\/ironsky.pl\/sklep\/produkt\/powerbank-romoss-wms10-10000mah-20w-niebieski-2\/\",\"name\":\"Powerbank ROMOSS WMS10 10000mAh 20W (niebieski) - IRONSKY.PL Sklep z Dronami\",\"isPartOf\":{\"@id\":\"https:\/\/ironsky.pl\/sklep\/#website\"},\"primaryImageOfPage\":{\"@id\":\"https:\/\/ironsky.pl\/sklep\/produkt\/powerbank-romoss-wms10-10000mah-20w-niebieski-2\/#primaryimage\"},\"image\":{\"@id\":\"https:\/\/ironsky.pl\/sklep\/produkt\/powerbank-romoss-wms10-10000mah-20w-niebieski-2\/#primaryimage\"},\"thumbnailUrl\":\"https:\/\/ironsky.pl\/sklep\/wp-content\/uploads\/2026\/04\/47781_1.jpg\",\"datePublished\":\"2026-04-15T08:50:53+00:00\",\"dateModified\":\"2026-04-15T08:50:59+00:00\",\"description\":\"Powerbank ROMOSS WMS10 10000mAh 20W (niebieski) - \u2705 sklep z dronami i fachowym doradztwem. \u2705 Tutaj kupisz produkty DJI, Yuneec, Parrot, Syma i wiele innych, a tak\u017ce kursy i licencje na operatora drona.\",\"breadcrumb\":{\"@id\":\"https:\/\/ironsky.pl\/sklep\/produkt\/powerbank-romoss-wms10-10000mah-20w-niebieski-2\/#breadcrumb\"},\"inLanguage\":\"pl-PL\",\"potentialAction\":[{\"@type\":\"ReadAction\",\"target\":[\"https:\/\/ironsky.pl\/sklep\/produkt\/powerbank-romoss-wms10-10000mah-20w-niebieski-2\/\"]}]},{\"@type\":\"ImageObject\",\"inLanguage\":\"pl-PL\",\"@id\":\"https:\/\/ironsky.pl\/sklep\/produkt\/powerbank-romoss-wms10-10000mah-20w-niebieski-2\/#primaryimage\",\"url\":\"https:\/\/ironsky.pl\/sklep\/wp-content\/uploads\/2026\/04\/47781_1.jpg\",\"contentUrl\":\"https:\/\/ironsky.pl\/sklep\/wp-content\/uploads\/2026\/04\/47781_1.jpg\",\"width\":800,\"height\":800},{\"@type\":\"BreadcrumbList\",\"@id\":\"https:\/\/ironsky.pl\/sklep\/produkt\/powerbank-romoss-wms10-10000mah-20w-niebieski-2\/#breadcrumb\",\"itemListElement\":[{\"@type\":\"ListItem\",\"position\":1,\"name\":\"Strona g\u0142\u00f3wna\",\"item\":\"https:\/\/ironsky.pl\/sklep\/\"},{\"@type\":\"ListItem\",\"position\":2,\"name\":\"Wszystkie produkty\",\"item\":\"https:\/\/ironsky.pl\/sklep\/produkty\/\"},{\"@type\":\"ListItem\",\"position\":3,\"name\":\"Powerbank ROMOSS WMS10 10000mAh 20W (niebieski)\"}]},{\"@type\":\"WebSite\",\"@id\":\"https:\/\/ironsky.pl\/sklep\/#website\",\"url\":\"https:\/\/ironsky.pl\/sklep\/\",\"name\":\"IRONSKY.PL Sklep z Dronami\",\"description\":\"IRONSKY.PL Sklep z Dronami\",\"potentialAction\":[{\"@type\":\"SearchAction\",\"target\":{\"@type\":\"EntryPoint\",\"urlTemplate\":\"https:\/\/ironsky.pl\/sklep\/?s={search_term_string}\"},\"query-input\":{\"@type\":\"PropertyValueSpecification\",\"valueRequired\":true,\"valueName\":\"search_term_string\"}}],\"inLanguage\":\"pl-PL\"}]}<\/script>\n<!-- \/ Yoast SEO plugin. -->","yoast_head_json":{"title":"Powerbank ROMOSS WMS10 10000mAh 20W (niebieski) - IRONSKY.PL Sklep z Dronami","description":"Powerbank ROMOSS WMS10 10000mAh 20W (niebieski) - \u2705 sklep z dronami i fachowym doradztwem. \u2705 Tutaj kupisz produkty DJI, Yuneec, Parrot, Syma i wiele innych, a tak\u017ce kursy i licencje na operatora drona.","robots":{"index":"index","follow":"follow","max-snippet":"max-snippet:-1","max-image-preview":"max-image-preview:large","max-video-preview":"max-video-preview:-1"},"canonical":"https:\/\/ironsky.pl\/sklep\/produkt\/powerbank-romoss-wms10-10000mah-20w-niebieski-2\/","og_locale":"pl_PL","og_type":"article","og_title":"Powerbank ROMOSS WMS10 10000mAh 20W (niebieski) - IRONSKY.PL Sklep z Dronami","og_description":"Powerbank ROMOSS WMS10 10000mAh 20W (niebieski) - \u2705 sklep z dronami i fachowym doradztwem. \u2705 Tutaj kupisz produkty DJI, Yuneec, Parrot, Syma i wiele innych, a tak\u017ce kursy i licencje na operatora drona.","og_url":"https:\/\/ironsky.pl\/sklep\/produkt\/powerbank-romoss-wms10-10000mah-20w-niebieski-2\/","og_site_name":"IRONSKY.PL Sklep z Dronami","article_modified_time":"2026-04-15T08:50:59+00:00","og_image":[{"width":800,"height":800,"url":"https:\/\/ironsky.pl\/sklep\/wp-content\/uploads\/2026\/04\/47781_1.jpg","type":"image\/jpeg"}],"twitter_card":"summary_large_image","twitter_misc":{"Szacowany czas czytania":"3 minuty"},"schema":{"@context":"https:\/\/schema.org","@graph":[{"@type":"WebPage","@id":"https:\/\/ironsky.pl\/sklep\/produkt\/powerbank-romoss-wms10-10000mah-20w-niebieski-2\/","url":"https:\/\/ironsky.pl\/sklep\/produkt\/powerbank-romoss-wms10-10000mah-20w-niebieski-2\/","name":"Powerbank ROMOSS WMS10 10000mAh 20W (niebieski) - IRONSKY.PL Sklep z Dronami","isPartOf":{"@id":"https:\/\/ironsky.pl\/sklep\/#website"},"primaryImageOfPage":{"@id":"https:\/\/ironsky.pl\/sklep\/produkt\/powerbank-romoss-wms10-10000mah-20w-niebieski-2\/#primaryimage"},"image":{"@id":"https:\/\/ironsky.pl\/sklep\/produkt\/powerbank-romoss-wms10-10000mah-20w-niebieski-2\/#primaryimage"},"thumbnailUrl":"https:\/\/ironsky.pl\/sklep\/wp-content\/uploads\/2026\/04\/47781_1.jpg","datePublished":"2026-04-15T08:50:53+00:00","dateModified":"2026-04-15T08:50:59+00:00","description":"Powerbank ROMOSS WMS10 10000mAh 20W (niebieski) - \u2705 sklep z dronami i fachowym doradztwem. \u2705 Tutaj kupisz produkty DJI, Yuneec, Parrot, Syma i wiele innych, a tak\u017ce kursy i licencje na operatora drona.","breadcrumb":{"@id":"https:\/\/ironsky.pl\/sklep\/produkt\/powerbank-romoss-wms10-10000mah-20w-niebieski-2\/#breadcrumb"},"inLanguage":"pl-PL","potentialAction":[{"@type":"ReadAction","target":["https:\/\/ironsky.pl\/sklep\/produkt\/powerbank-romoss-wms10-10000mah-20w-niebieski-2\/"]}]},{"@type":"ImageObject","inLanguage":"pl-PL","@id":"https:\/\/ironsky.pl\/sklep\/produkt\/powerbank-romoss-wms10-10000mah-20w-niebieski-2\/#primaryimage","url":"https:\/\/ironsky.pl\/sklep\/wp-content\/uploads\/2026\/04\/47781_1.jpg","contentUrl":"https:\/\/ironsky.pl\/sklep\/wp-content\/uploads\/2026\/04\/47781_1.jpg","width":800,"height":800},{"@type":"BreadcrumbList","@id":"https:\/\/ironsky.pl\/sklep\/produkt\/powerbank-romoss-wms10-10000mah-20w-niebieski-2\/#breadcrumb","itemListElement":[{"@type":"ListItem","position":1,"name":"Strona g\u0142\u00f3wna","item":"https:\/\/ironsky.pl\/sklep\/"},{"@type":"ListItem","position":2,"name":"Wszystkie produkty","item":"https:\/\/ironsky.pl\/sklep\/produkty\/"},{"@type":"ListItem","position":3,"name":"Powerbank ROMOSS WMS10 10000mAh 20W (niebieski)"}]},{"@type":"WebSite","@id":"https:\/\/ironsky.pl\/sklep\/#website","url":"https:\/\/ironsky.pl\/sklep\/","name":"IRONSKY.PL Sklep z Dronami","description":"IRONSKY.PL Sklep z Dronami","potentialAction":[{"@type":"SearchAction","target":{"@type":"EntryPoint","urlTemplate":"https:\/\/ironsky.pl\/sklep\/?s={search_term_string}"},"query-input":{"@type":"PropertyValueSpecification","valueRequired":true,"valueName":"search_term_string"}}],"inLanguage":"pl-PL"}]}},"_links":{"self":[{"href":"https:\/\/ironsky.pl\/sklep\/wp-json\/wp\/v2\/product\/59724","targetHints":{"allow":["GET"]}}],"collection":[{"href":"https:\/\/ironsky.pl\/sklep\/wp-json\/wp\/v2\/product"}],"about":[{"href":"https:\/\/ironsky.pl\/sklep\/wp-json\/wp\/v2\/types\/product"}],"replies":[{"embeddable":true,"href":"https:\/\/ironsky.pl\/sklep\/wp-json\/wp\/v2\/comments?post=59724"}],"wp:featuredmedia":[{"embeddable":true,"href":"https:\/\/ironsky.pl\/sklep\/wp-json\/wp\/v2\/media\/59725"}],"wp:attachment":[{"href":"https:\/\/ironsky.pl\/sklep\/wp-json\/wp\/v2\/media?parent=59724"}],"wp:term":[{"taxonomy":"product_brand","embeddable":true,"href":"https:\/\/ironsky.pl\/sklep\/wp-json\/wp\/v2\/product_brand?post=59724"},{"taxonomy":"product_cat","embeddable":true,"href":"https:\/\/ironsky.pl\/sklep\/wp-json\/wp\/v2\/product_cat?post=59724"},{"taxonomy":"product_tag","embeddable":true,"href":"https:\/\/ironsky.pl\/sklep\/wp-json\/wp\/v2\/product_tag?post=59724"}],"curies":[{"name":"wp","href":"https:\/\/api.w.org\/{rel}","templated":true}]}}