{"id":59719,"date":"2026-04-15T10:50:53","date_gmt":"2026-04-15T08:50:53","guid":{"rendered":"https:\/\/ironsky.pl\/sklep\/produkt\/obudowa-silikonowa-sunnylife-do-dji-rc-n1-rc-n2-rc-n3-szara\/"},"modified":"2026-04-15T10:50:55","modified_gmt":"2026-04-15T08:50:55","slug":"obudowa-silikonowa-sunnylife-do-dji-rc-n1-rc-n2-rc-n3-szara","status":"publish","type":"product","link":"https:\/\/ironsky.pl\/sklep\/produkt\/obudowa-silikonowa-sunnylife-do-dji-rc-n1-rc-n2-rc-n3-szara\/","title":{"rendered":"Obudowa silikonowa SUNNYLIFE do DJI RC-N1\/RC-N2\/RC-N3 (szara)"},"content":{"rendered":"<h3>Silikonowa obudowa Sunnylife do DJI RC-N1 \/ RC-N2 \/ RC-N3 (szara)<\/h3>\n<p>Obudowa do aparatury steruj\u0105cej zosta\u0142a zaprojektowana z my\u015bl\u0105 o bezpiecze\u0144stwie i wygodzie u\u017cytkowania. Dzi\u0119ki praktycznemu paskowi z \u0142atwo\u015bci\u0105 przypniesz kontroler, co zapobiega przypadkowemu upadkowi. Taka konstrukcja daje Ci pe\u0142n\u0105 swobod\u0119 ruch\u00f3w, co jest szczeg\u00f3lnie istotne podczas nagrywania film\u00f3w czy wykonywania skomplikowanych manewr\u00f3w dronem. Mo\u017cesz skupi\u0107 si\u0119 na tym, co najwa\u017cniejsze \u2013 cieszeniu si\u0119 swoimi filmami i chwytaniu niezapomnianych moment\u00f3w bez zb\u0119dnych przeszk\u00f3d.<\/p>\n<p>\n<img decoding=\"async\" src=\"https:\/\/assets.innpro.pl\/10245\/12045\/1.jpg\" border=\"0\" \/>\n<\/p>\n<h3>Precyzyjne dopasowanie<\/h3>\n<p>Obudowa charakteryzuje si\u0119 dok\u0142adnym dopasowaniem, dzi\u0119ki czemu nie wp\u0142ywa na komfort u\u017cytkowania. Skutecznie chroni kontroler RC-N3\/2\/1 przed zarysowaniami i kurzem, co zapewnia d\u0142ugotrwa\u0142\u0105 ochron\u0119. Co wa\u017cne, nie musisz zdejmowa\u0107 pokrowca \u2013 mo\u017cesz przechowywa\u0107 kontroler z silikonow\u0105 obudow\u0105 w torbie Sunnylife B864\/B169 oraz w pokrowcu AQX-15, co czyni j\u0105 praktycznym akcesorium dla ka\u017cdego entuzjasty dron\u00f3w.<\/p>\n<p>\n<img decoding=\"async\" src=\"https:\/\/assets.innpro.pl\/10245\/12045\/7.jpg\" border=\"0\" \/>\n<\/p>\n<h3>W zestawie<\/h3>\n<ul class=\"list-disc pl-5\">\n<li>silikonowa obudowa<\/li>\n<li>pasek<\/li>\n<\/ul>\n<div class=\"table-wrapper\">\n<p>\u00a0<\/p>\n<h3><\/h3>\n<table>\n<tbody>\n<tr>\n<th>Producent<\/th>\n<td>Sunnylife<\/td>\n<\/tr>\n<tr>\n<th>Model<\/th>\n<td>NE-BHT879-G<\/td>\n<\/tr>\n<tr>\n<th>Kolor<\/th>\n<td>szary<\/td>\n<\/tr>\n<tr>\n<th>Kompatybilno\u015b\u0107<\/th>\n<td>DJI RC-N1 \/ RC-N2 \/ RC-N3<\/td>\n<\/tr>\n<tr>\n<th>Materia\u0142 <\/th>\n<td>silikon<\/td>\n<\/tr>\n<tr>\n<th>Waga<\/th>\n<td>84 g<\/td>\n<\/tr>\n<\/tbody>\n<\/table>\n<\/div>\n","protected":false},"excerpt":{"rendered":"<p>Silikonowa obudowa Sunnylife do DJI RC-N1 \/ RC-N2 \/ RC-N3 (szara) Obudowa do aparatury steruj\u0105cej zosta\u0142a zaprojektowana z my\u015bl\u0105 o<\/p>\n","protected":false},"featured_media":59720,"comment_status":"closed","ping_status":"open","template":"","meta":{"_acf_changed":false},"product_brand":[],"product_cat":[6167,6170,1088],"product_tag":[],"class_list":{"0":"post-59719","1":"product","2":"type-product","3":"status-publish","4":"has-post-thumbnail","6":"product_cat-akcesoria-do-dronow","7":"product_cat-dji-akcesoria-do-dronow","8":"product_cat-drony","9":"pa_okres-gwarancji-5757","10":"pa_producent-sunnylife","12":"first","13":"outofstock","14":"taxable","15":"shipping-taxable","16":"purchasable","17":"product-type-simple"},"acf":[],"yoast_head":"<!-- This site is optimized with the Yoast SEO plugin v27.2 - https:\/\/yoast.com\/product\/yoast-seo-wordpress\/ -->\n<title>Obudowa silikonowa SUNNYLIFE do DJI RC-N1\/RC-N2\/RC-N3 (szara) - IRONSKY.PL Sklep z Dronami<\/title>\n<meta name=\"description\" content=\"Obudowa silikonowa SUNNYLIFE do DJI RC-N1\/RC-N2\/RC-N3 (szara) - \u2705 sklep z dronami i fachowym doradztwem. \u2705 Tutaj kupisz produkty DJI, Yuneec, Parrot, Syma i wiele innych, a tak\u017ce kursy i licencje na operatora drona.\" \/>\n<meta name=\"robots\" content=\"index, follow, max-snippet:-1, max-image-preview:large, max-video-preview:-1\" \/>\n<link rel=\"canonical\" href=\"https:\/\/ironsky.pl\/sklep\/produkt\/obudowa-silikonowa-sunnylife-do-dji-rc-n1-rc-n2-rc-n3-szara\/\" \/>\n<meta property=\"og:locale\" content=\"pl_PL\" \/>\n<meta property=\"og:type\" content=\"article\" \/>\n<meta property=\"og:title\" content=\"Obudowa silikonowa SUNNYLIFE do DJI RC-N1\/RC-N2\/RC-N3 (szara) - IRONSKY.PL Sklep z Dronami\" \/>\n<meta property=\"og:description\" content=\"Obudowa silikonowa SUNNYLIFE do DJI RC-N1\/RC-N2\/RC-N3 (szara) - \u2705 sklep z dronami i fachowym doradztwem. \u2705 Tutaj kupisz produkty DJI, Yuneec, Parrot, Syma i wiele innych, a tak\u017ce kursy i licencje na operatora drona.\" \/>\n<meta property=\"og:url\" content=\"https:\/\/ironsky.pl\/sklep\/produkt\/obudowa-silikonowa-sunnylife-do-dji-rc-n1-rc-n2-rc-n3-szara\/\" \/>\n<meta property=\"og:site_name\" content=\"IRONSKY.PL Sklep z Dronami\" \/>\n<meta property=\"article:modified_time\" content=\"2026-04-15T08:50:55+00:00\" \/>\n<meta property=\"og:image\" content=\"https:\/\/ironsky.pl\/sklep\/wp-content\/uploads\/2026\/04\/47689_1.jpg\" \/>\n\t<meta property=\"og:image:width\" content=\"800\" \/>\n\t<meta property=\"og:image:height\" content=\"800\" \/>\n\t<meta property=\"og:image:type\" content=\"image\/jpeg\" \/>\n<meta name=\"twitter:card\" content=\"summary_large_image\" \/>\n<meta name=\"twitter:label1\" content=\"Szacowany czas czytania\" \/>\n\t<meta name=\"twitter:data1\" content=\"1 minuta\" \/>\n<script type=\"application\/ld+json\" class=\"yoast-schema-graph\">{\"@context\":\"https:\/\/schema.org\",\"@graph\":[{\"@type\":\"WebPage\",\"@id\":\"https:\/\/ironsky.pl\/sklep\/produkt\/obudowa-silikonowa-sunnylife-do-dji-rc-n1-rc-n2-rc-n3-szara\/\",\"url\":\"https:\/\/ironsky.pl\/sklep\/produkt\/obudowa-silikonowa-sunnylife-do-dji-rc-n1-rc-n2-rc-n3-szara\/\",\"name\":\"Obudowa silikonowa SUNNYLIFE do DJI RC-N1\/RC-N2\/RC-N3 (szara) - IRONSKY.PL Sklep z Dronami\",\"isPartOf\":{\"@id\":\"https:\/\/ironsky.pl\/sklep\/#website\"},\"primaryImageOfPage\":{\"@id\":\"https:\/\/ironsky.pl\/sklep\/produkt\/obudowa-silikonowa-sunnylife-do-dji-rc-n1-rc-n2-rc-n3-szara\/#primaryimage\"},\"image\":{\"@id\":\"https:\/\/ironsky.pl\/sklep\/produkt\/obudowa-silikonowa-sunnylife-do-dji-rc-n1-rc-n2-rc-n3-szara\/#primaryimage\"},\"thumbnailUrl\":\"https:\/\/ironsky.pl\/sklep\/wp-content\/uploads\/2026\/04\/47689_1.jpg\",\"datePublished\":\"2026-04-15T08:50:53+00:00\",\"dateModified\":\"2026-04-15T08:50:55+00:00\",\"description\":\"Obudowa silikonowa SUNNYLIFE do DJI RC-N1\/RC-N2\/RC-N3 (szara) - \u2705 sklep z dronami i fachowym doradztwem. \u2705 Tutaj kupisz produkty DJI, Yuneec, Parrot, Syma i wiele innych, a tak\u017ce kursy i licencje na operatora drona.\",\"breadcrumb\":{\"@id\":\"https:\/\/ironsky.pl\/sklep\/produkt\/obudowa-silikonowa-sunnylife-do-dji-rc-n1-rc-n2-rc-n3-szara\/#breadcrumb\"},\"inLanguage\":\"pl-PL\",\"potentialAction\":[{\"@type\":\"ReadAction\",\"target\":[\"https:\/\/ironsky.pl\/sklep\/produkt\/obudowa-silikonowa-sunnylife-do-dji-rc-n1-rc-n2-rc-n3-szara\/\"]}]},{\"@type\":\"ImageObject\",\"inLanguage\":\"pl-PL\",\"@id\":\"https:\/\/ironsky.pl\/sklep\/produkt\/obudowa-silikonowa-sunnylife-do-dji-rc-n1-rc-n2-rc-n3-szara\/#primaryimage\",\"url\":\"https:\/\/ironsky.pl\/sklep\/wp-content\/uploads\/2026\/04\/47689_1.jpg\",\"contentUrl\":\"https:\/\/ironsky.pl\/sklep\/wp-content\/uploads\/2026\/04\/47689_1.jpg\",\"width\":800,\"height\":800},{\"@type\":\"BreadcrumbList\",\"@id\":\"https:\/\/ironsky.pl\/sklep\/produkt\/obudowa-silikonowa-sunnylife-do-dji-rc-n1-rc-n2-rc-n3-szara\/#breadcrumb\",\"itemListElement\":[{\"@type\":\"ListItem\",\"position\":1,\"name\":\"Strona g\u0142\u00f3wna\",\"item\":\"https:\/\/ironsky.pl\/sklep\/\"},{\"@type\":\"ListItem\",\"position\":2,\"name\":\"Wszystkie produkty\",\"item\":\"https:\/\/ironsky.pl\/sklep\/produkty\/\"},{\"@type\":\"ListItem\",\"position\":3,\"name\":\"Obudowa silikonowa SUNNYLIFE do DJI RC-N1\/RC-N2\/RC-N3 (szara)\"}]},{\"@type\":\"WebSite\",\"@id\":\"https:\/\/ironsky.pl\/sklep\/#website\",\"url\":\"https:\/\/ironsky.pl\/sklep\/\",\"name\":\"IRONSKY.PL Sklep z Dronami\",\"description\":\"IRONSKY.PL Sklep z Dronami\",\"potentialAction\":[{\"@type\":\"SearchAction\",\"target\":{\"@type\":\"EntryPoint\",\"urlTemplate\":\"https:\/\/ironsky.pl\/sklep\/?s={search_term_string}\"},\"query-input\":{\"@type\":\"PropertyValueSpecification\",\"valueRequired\":true,\"valueName\":\"search_term_string\"}}],\"inLanguage\":\"pl-PL\"}]}<\/script>\n<!-- \/ Yoast SEO plugin. -->","yoast_head_json":{"title":"Obudowa silikonowa SUNNYLIFE do DJI RC-N1\/RC-N2\/RC-N3 (szara) - IRONSKY.PL Sklep z Dronami","description":"Obudowa silikonowa SUNNYLIFE do DJI RC-N1\/RC-N2\/RC-N3 (szara) - \u2705 sklep z dronami i fachowym doradztwem. \u2705 Tutaj kupisz produkty DJI, Yuneec, Parrot, Syma i wiele innych, a tak\u017ce kursy i licencje na operatora drona.","robots":{"index":"index","follow":"follow","max-snippet":"max-snippet:-1","max-image-preview":"max-image-preview:large","max-video-preview":"max-video-preview:-1"},"canonical":"https:\/\/ironsky.pl\/sklep\/produkt\/obudowa-silikonowa-sunnylife-do-dji-rc-n1-rc-n2-rc-n3-szara\/","og_locale":"pl_PL","og_type":"article","og_title":"Obudowa silikonowa SUNNYLIFE do DJI RC-N1\/RC-N2\/RC-N3 (szara) - IRONSKY.PL Sklep z Dronami","og_description":"Obudowa silikonowa SUNNYLIFE do DJI RC-N1\/RC-N2\/RC-N3 (szara) - \u2705 sklep z dronami i fachowym doradztwem. \u2705 Tutaj kupisz produkty DJI, Yuneec, Parrot, Syma i wiele innych, a tak\u017ce kursy i licencje na operatora drona.","og_url":"https:\/\/ironsky.pl\/sklep\/produkt\/obudowa-silikonowa-sunnylife-do-dji-rc-n1-rc-n2-rc-n3-szara\/","og_site_name":"IRONSKY.PL Sklep z Dronami","article_modified_time":"2026-04-15T08:50:55+00:00","og_image":[{"width":800,"height":800,"url":"https:\/\/ironsky.pl\/sklep\/wp-content\/uploads\/2026\/04\/47689_1.jpg","type":"image\/jpeg"}],"twitter_card":"summary_large_image","twitter_misc":{"Szacowany czas czytania":"1 minuta"},"schema":{"@context":"https:\/\/schema.org","@graph":[{"@type":"WebPage","@id":"https:\/\/ironsky.pl\/sklep\/produkt\/obudowa-silikonowa-sunnylife-do-dji-rc-n1-rc-n2-rc-n3-szara\/","url":"https:\/\/ironsky.pl\/sklep\/produkt\/obudowa-silikonowa-sunnylife-do-dji-rc-n1-rc-n2-rc-n3-szara\/","name":"Obudowa silikonowa SUNNYLIFE do DJI RC-N1\/RC-N2\/RC-N3 (szara) - IRONSKY.PL Sklep z Dronami","isPartOf":{"@id":"https:\/\/ironsky.pl\/sklep\/#website"},"primaryImageOfPage":{"@id":"https:\/\/ironsky.pl\/sklep\/produkt\/obudowa-silikonowa-sunnylife-do-dji-rc-n1-rc-n2-rc-n3-szara\/#primaryimage"},"image":{"@id":"https:\/\/ironsky.pl\/sklep\/produkt\/obudowa-silikonowa-sunnylife-do-dji-rc-n1-rc-n2-rc-n3-szara\/#primaryimage"},"thumbnailUrl":"https:\/\/ironsky.pl\/sklep\/wp-content\/uploads\/2026\/04\/47689_1.jpg","datePublished":"2026-04-15T08:50:53+00:00","dateModified":"2026-04-15T08:50:55+00:00","description":"Obudowa silikonowa SUNNYLIFE do DJI RC-N1\/RC-N2\/RC-N3 (szara) - \u2705 sklep z dronami i fachowym doradztwem. \u2705 Tutaj kupisz produkty DJI, Yuneec, Parrot, Syma i wiele innych, a tak\u017ce kursy i licencje na operatora drona.","breadcrumb":{"@id":"https:\/\/ironsky.pl\/sklep\/produkt\/obudowa-silikonowa-sunnylife-do-dji-rc-n1-rc-n2-rc-n3-szara\/#breadcrumb"},"inLanguage":"pl-PL","potentialAction":[{"@type":"ReadAction","target":["https:\/\/ironsky.pl\/sklep\/produkt\/obudowa-silikonowa-sunnylife-do-dji-rc-n1-rc-n2-rc-n3-szara\/"]}]},{"@type":"ImageObject","inLanguage":"pl-PL","@id":"https:\/\/ironsky.pl\/sklep\/produkt\/obudowa-silikonowa-sunnylife-do-dji-rc-n1-rc-n2-rc-n3-szara\/#primaryimage","url":"https:\/\/ironsky.pl\/sklep\/wp-content\/uploads\/2026\/04\/47689_1.jpg","contentUrl":"https:\/\/ironsky.pl\/sklep\/wp-content\/uploads\/2026\/04\/47689_1.jpg","width":800,"height":800},{"@type":"BreadcrumbList","@id":"https:\/\/ironsky.pl\/sklep\/produkt\/obudowa-silikonowa-sunnylife-do-dji-rc-n1-rc-n2-rc-n3-szara\/#breadcrumb","itemListElement":[{"@type":"ListItem","position":1,"name":"Strona g\u0142\u00f3wna","item":"https:\/\/ironsky.pl\/sklep\/"},{"@type":"ListItem","position":2,"name":"Wszystkie produkty","item":"https:\/\/ironsky.pl\/sklep\/produkty\/"},{"@type":"ListItem","position":3,"name":"Obudowa silikonowa SUNNYLIFE do DJI RC-N1\/RC-N2\/RC-N3 (szara)"}]},{"@type":"WebSite","@id":"https:\/\/ironsky.pl\/sklep\/#website","url":"https:\/\/ironsky.pl\/sklep\/","name":"IRONSKY.PL Sklep z Dronami","description":"IRONSKY.PL Sklep z Dronami","potentialAction":[{"@type":"SearchAction","target":{"@type":"EntryPoint","urlTemplate":"https:\/\/ironsky.pl\/sklep\/?s={search_term_string}"},"query-input":{"@type":"PropertyValueSpecification","valueRequired":true,"valueName":"search_term_string"}}],"inLanguage":"pl-PL"}]}},"_links":{"self":[{"href":"https:\/\/ironsky.pl\/sklep\/wp-json\/wp\/v2\/product\/59719","targetHints":{"allow":["GET"]}}],"collection":[{"href":"https:\/\/ironsky.pl\/sklep\/wp-json\/wp\/v2\/product"}],"about":[{"href":"https:\/\/ironsky.pl\/sklep\/wp-json\/wp\/v2\/types\/product"}],"replies":[{"embeddable":true,"href":"https:\/\/ironsky.pl\/sklep\/wp-json\/wp\/v2\/comments?post=59719"}],"wp:featuredmedia":[{"embeddable":true,"href":"https:\/\/ironsky.pl\/sklep\/wp-json\/wp\/v2\/media\/59720"}],"wp:attachment":[{"href":"https:\/\/ironsky.pl\/sklep\/wp-json\/wp\/v2\/media?parent=59719"}],"wp:term":[{"taxonomy":"product_brand","embeddable":true,"href":"https:\/\/ironsky.pl\/sklep\/wp-json\/wp\/v2\/product_brand?post=59719"},{"taxonomy":"product_cat","embeddable":true,"href":"https:\/\/ironsky.pl\/sklep\/wp-json\/wp\/v2\/product_cat?post=59719"},{"taxonomy":"product_tag","embeddable":true,"href":"https:\/\/ironsky.pl\/sklep\/wp-json\/wp\/v2\/product_tag?post=59719"}],"curies":[{"name":"wp","href":"https:\/\/api.w.org\/{rel}","templated":true}]}}