{"id":59716,"date":"2026-04-15T10:50:27","date_gmt":"2026-04-15T08:50:27","guid":{"rendered":"https:\/\/ironsky.pl\/sklep\/produkt\/uchwyt-na-szyje-telesin-te-hnb-003-do-telefonu-kamery\/"},"modified":"2026-04-15T10:50:52","modified_gmt":"2026-04-15T08:50:52","slug":"uchwyt-na-szyje-telesin-te-hnb-003-do-telefonu-kamery","status":"publish","type":"product","link":"https:\/\/ironsky.pl\/sklep\/produkt\/uchwyt-na-szyje-telesin-te-hnb-003-do-telefonu-kamery\/","title":{"rendered":"Uchwyt na szyj\u0119 TELESIN TE-HNB-003 do telefonu\/kamery"},"content":{"rendered":"<h3>Uchwyt na szyj\u0119 Telesin z mocowaniem do kamer sportowych \/ telefon\u00f3w<\/h3>\n<p>Telesin TE-HNB-003 to uchwyt na szyj\u0119, kt\u00f3re odblokowuje pe\u0142en potencja\u0142 nagra\u0144 w perspektywie pierwszej osoby (POV). Dzi\u0119ki centralnemu po\u0142o\u017ceniu urz\u0105dzenia mo\u017cesz swobodnie korzysta\u0107 z obu r\u0105k, jednocze\u015bnie rejestruj\u0105c dynamiczne uj\u0119cia podczas podr\u00f3\u017cy, trening\u00f3w czy r\u00f3\u017cnego rodzaju aktywno\u015bci sportowych. Wystarczy za\u0142o\u017cy\u0107 uchwyt na szyj\u0119 i cieszy\u0107 si\u0119 pe\u0142n\u0105 swobod\u0105 ruchu oraz stabilnym kadrem bez konieczno\u015bci u\u017cywania r\u0105k.<\/p>\n<p>\n<img decoding=\"async\" src=\"https:\/\/assets.innpro.pl\/14389\/18016\/4.jpg\" border=\"0\" alt=\"\" \/>\n<\/p>\n<h3>Przemy\u015blana konstrukcja<\/h3>\n<p>Wysokiej jako\u015bci materia\u0142y, takie jak tworzywa PC i ABS, silikon przyjazny dla sk\u00f3ry oraz stal nierdzewna, gwarantuj\u0105 d\u0142ugotrwa\u0142e u\u017cytkowanie i odporno\u015b\u0107 na uszkodzenia. Elastyczna konstrukcja umo\u017cliwia dostosowanie mocowania do indywidualnych potrzeb, a ergonomiczny design z antypo\u015blizgowymi paskami zapewnia komfort nawet przy d\u0142ugotrwa\u0142ym noszeniu. Dzi\u0119ki wi\u0119kszej szeroko\u015bci wewn\u0119trznej (od S do XXL) uchwyt bez trudu dopasuje si\u0119 do wielu typ\u00f3w sylwetek oraz ubra\u0144.<\/p>\n<p>\n<img decoding=\"async\" src=\"https:\/\/assets.innpro.pl\/14389\/18016\/7.jpg\" border=\"0\" alt=\"\" \/>\n<\/p>\n<h3>Wygodna obs\u0142uga<\/h3>\n<p>Mocowanie zaprojektowano tak, aby z \u0142atwo\u015bci\u0105 obs\u0142ugiwa\u0107 je przy pomocy jednego przycisku. W razie potrzeby mo\u017cesz b\u0142yskawicznie odblokowa\u0107 kamer\u0119 i zmieni\u0107 jej k\u0105t uj\u0119cia \u2013 nawet o 180\u00b0 w pionie. Ta funkcja przydaje si\u0119 szczeg\u00f3lnie wtedy, gdy chcesz szybko sprawdzi\u0107 nagranie lub dokona\u0107 korekty ustawienia kamery podczas filmowania.<\/p>\n<p>\n<img decoding=\"async\" src=\"https:\/\/assets.innpro.pl\/14389\/18016\/1.jpg\" border=\"0\" alt=\"\" \/>\n<\/p>\n<h3>Szeroka kompatybilno\u015b\u0107<\/h3>\n<p>Za spraw\u0105 do\u0142\u0105czonego adaptera 3-prong uchwyt wsp\u00f3\u0142pracuje z popularnymi kamerami sportowymi, takimi jak GoPro, DJI czy Insta360, a tak\u017ce z wieloma smartfonami. Maksymalne obci\u0105\u017cenie uchwytu wynosi 300 g.<\/p>\n<p>\n<img decoding=\"async\" src=\"https:\/\/assets.innpro.pl\/14389\/18016\/2.jpg\" border=\"0\" alt=\"\" \/>\n<\/p>\n<h3>W zestawie<\/h3>\n<ul class=\"list-disc pl-5\">\n<li>uchwyt na szyj\u0119<\/li>\n<li>\u015bruba blokuj\u0105ca<\/li>\n<\/ul>\n<div class=\"table-wrapper\">\n<p>\u00a0<\/p>\n<h3><\/h3>\n<table>\n<tbody>\n<tr>\n<th>Producent<\/th>\n<td>Telesin<\/td>\n<\/tr>\n<tr>\n<th>Model<\/th>\n<td>TE-HNB-003<\/td>\n<\/tr>\n<tr>\n<th>Materia\u0142<\/th>\n<td>PC, ABS, silikon, stal nierdzewna<\/td>\n<\/tr>\n<tr>\n<th>Waga<\/th>\n<td>127,4 g<\/td>\n<\/tr>\n<tr>\n<th>Wymiary<\/th>\n<td>28 x 17 x 20 cm<\/td>\n<\/tr>\n<tr>\n<th>Kompatybilno\u015b\u0107<\/th>\n<td>kamery sportowe, smartfony<\/td>\n<\/tr>\n<tr>\n<th>Maksymalne obci\u0105\u017cenie<\/th>\n<td>300 g<\/td>\n<\/tr>\n<\/tbody>\n<\/table>\n<\/div>\n","protected":false},"excerpt":{"rendered":"<p>Uchwyt na szyj\u0119 Telesin z mocowaniem do kamer sportowych \/ telefon\u00f3w Telesin TE-HNB-003 to uchwyt na szyj\u0119, kt\u00f3re odblokowuje pe\u0142en<\/p>\n","protected":false},"featured_media":40023,"comment_status":"closed","ping_status":"open","template":"","meta":{"_acf_changed":false},"product_brand":[],"product_cat":[1128,6178,6176,6177,1138,6179],"product_tag":[],"class_list":{"0":"post-59716","1":"product","2":"type-product","3":"status-publish","4":"has-post-thumbnail","6":"product_cat-foto-wideo","7":"product_cat-mocowania","8":"product_cat-selfie-stiki","9":"product_cat-statywy-selfie-stiki","10":"product_cat-wysiegniki","11":"product_cat-wysiegniki-i-uchwyty-selfie","12":"pa_okres-gwarancji-5757","13":"pa_producent-telesin","15":"first","16":"outofstock","17":"taxable","18":"shipping-taxable","19":"purchasable","20":"product-type-simple"},"acf":[],"yoast_head":"<!-- This site is optimized with the Yoast SEO plugin v27.2 - https:\/\/yoast.com\/product\/yoast-seo-wordpress\/ -->\n<title>Uchwyt na szyj\u0119 TELESIN TE-HNB-003 do telefonu\/kamery - IRONSKY.PL Sklep z Dronami<\/title>\n<meta name=\"description\" content=\"Uchwyt na szyj\u0119 TELESIN TE-HNB-003 do telefonu\/kamery - \u2705 sklep z dronami i fachowym doradztwem. \u2705 Tutaj kupisz produkty DJI, Yuneec, Parrot, Syma i wiele innych, a tak\u017ce kursy i licencje na operatora drona.\" \/>\n<meta name=\"robots\" content=\"index, follow, max-snippet:-1, max-image-preview:large, max-video-preview:-1\" \/>\n<link rel=\"canonical\" href=\"https:\/\/ironsky.pl\/sklep\/produkt\/uchwyt-na-szyje-telesin-te-hnb-003-do-telefonu-kamery\/\" \/>\n<meta property=\"og:locale\" content=\"pl_PL\" \/>\n<meta property=\"og:type\" content=\"article\" \/>\n<meta property=\"og:title\" content=\"Uchwyt na szyj\u0119 TELESIN TE-HNB-003 do telefonu\/kamery - IRONSKY.PL Sklep z Dronami\" \/>\n<meta property=\"og:description\" content=\"Uchwyt na szyj\u0119 TELESIN TE-HNB-003 do telefonu\/kamery - \u2705 sklep z dronami i fachowym doradztwem. \u2705 Tutaj kupisz produkty DJI, Yuneec, Parrot, Syma i wiele innych, a tak\u017ce kursy i licencje na operatora drona.\" \/>\n<meta property=\"og:url\" content=\"https:\/\/ironsky.pl\/sklep\/produkt\/uchwyt-na-szyje-telesin-te-hnb-003-do-telefonu-kamery\/\" \/>\n<meta property=\"og:site_name\" content=\"IRONSKY.PL Sklep z Dronami\" \/>\n<meta property=\"article:modified_time\" content=\"2026-04-15T08:50:52+00:00\" \/>\n<meta property=\"og:image\" content=\"https:\/\/ironsky.pl\/sklep\/wp-content\/uploads\/2025\/05\/47635_1.jpg\" \/>\n\t<meta property=\"og:image:width\" content=\"800\" \/>\n\t<meta property=\"og:image:height\" content=\"800\" \/>\n\t<meta property=\"og:image:type\" content=\"image\/jpeg\" \/>\n<meta name=\"twitter:card\" content=\"summary_large_image\" \/>\n<meta name=\"twitter:label1\" content=\"Szacowany czas czytania\" \/>\n\t<meta name=\"twitter:data1\" content=\"1 minuta\" \/>\n<script type=\"application\/ld+json\" class=\"yoast-schema-graph\">{\"@context\":\"https:\/\/schema.org\",\"@graph\":[{\"@type\":\"WebPage\",\"@id\":\"https:\/\/ironsky.pl\/sklep\/produkt\/uchwyt-na-szyje-telesin-te-hnb-003-do-telefonu-kamery\/\",\"url\":\"https:\/\/ironsky.pl\/sklep\/produkt\/uchwyt-na-szyje-telesin-te-hnb-003-do-telefonu-kamery\/\",\"name\":\"Uchwyt na szyj\u0119 TELESIN TE-HNB-003 do telefonu\/kamery - IRONSKY.PL Sklep z Dronami\",\"isPartOf\":{\"@id\":\"https:\/\/ironsky.pl\/sklep\/#website\"},\"primaryImageOfPage\":{\"@id\":\"https:\/\/ironsky.pl\/sklep\/produkt\/uchwyt-na-szyje-telesin-te-hnb-003-do-telefonu-kamery\/#primaryimage\"},\"image\":{\"@id\":\"https:\/\/ironsky.pl\/sklep\/produkt\/uchwyt-na-szyje-telesin-te-hnb-003-do-telefonu-kamery\/#primaryimage\"},\"thumbnailUrl\":\"https:\/\/ironsky.pl\/sklep\/wp-content\/uploads\/2025\/05\/47635_1.jpg\",\"datePublished\":\"2026-04-15T08:50:27+00:00\",\"dateModified\":\"2026-04-15T08:50:52+00:00\",\"description\":\"Uchwyt na szyj\u0119 TELESIN TE-HNB-003 do telefonu\/kamery - \u2705 sklep z dronami i fachowym doradztwem. \u2705 Tutaj kupisz produkty DJI, Yuneec, Parrot, Syma i wiele innych, a tak\u017ce kursy i licencje na operatora drona.\",\"breadcrumb\":{\"@id\":\"https:\/\/ironsky.pl\/sklep\/produkt\/uchwyt-na-szyje-telesin-te-hnb-003-do-telefonu-kamery\/#breadcrumb\"},\"inLanguage\":\"pl-PL\",\"potentialAction\":[{\"@type\":\"ReadAction\",\"target\":[\"https:\/\/ironsky.pl\/sklep\/produkt\/uchwyt-na-szyje-telesin-te-hnb-003-do-telefonu-kamery\/\"]}]},{\"@type\":\"ImageObject\",\"inLanguage\":\"pl-PL\",\"@id\":\"https:\/\/ironsky.pl\/sklep\/produkt\/uchwyt-na-szyje-telesin-te-hnb-003-do-telefonu-kamery\/#primaryimage\",\"url\":\"https:\/\/ironsky.pl\/sklep\/wp-content\/uploads\/2025\/05\/47635_1.jpg\",\"contentUrl\":\"https:\/\/ironsky.pl\/sklep\/wp-content\/uploads\/2025\/05\/47635_1.jpg\",\"width\":800,\"height\":800},{\"@type\":\"BreadcrumbList\",\"@id\":\"https:\/\/ironsky.pl\/sklep\/produkt\/uchwyt-na-szyje-telesin-te-hnb-003-do-telefonu-kamery\/#breadcrumb\",\"itemListElement\":[{\"@type\":\"ListItem\",\"position\":1,\"name\":\"Strona g\u0142\u00f3wna\",\"item\":\"https:\/\/ironsky.pl\/sklep\/\"},{\"@type\":\"ListItem\",\"position\":2,\"name\":\"Wszystkie produkty\",\"item\":\"https:\/\/ironsky.pl\/sklep\/produkty\/\"},{\"@type\":\"ListItem\",\"position\":3,\"name\":\"Uchwyt na szyj\u0119 TELESIN TE-HNB-003 do telefonu\/kamery\"}]},{\"@type\":\"WebSite\",\"@id\":\"https:\/\/ironsky.pl\/sklep\/#website\",\"url\":\"https:\/\/ironsky.pl\/sklep\/\",\"name\":\"IRONSKY.PL Sklep z Dronami\",\"description\":\"IRONSKY.PL Sklep z Dronami\",\"potentialAction\":[{\"@type\":\"SearchAction\",\"target\":{\"@type\":\"EntryPoint\",\"urlTemplate\":\"https:\/\/ironsky.pl\/sklep\/?s={search_term_string}\"},\"query-input\":{\"@type\":\"PropertyValueSpecification\",\"valueRequired\":true,\"valueName\":\"search_term_string\"}}],\"inLanguage\":\"pl-PL\"}]}<\/script>\n<!-- \/ Yoast SEO plugin. -->","yoast_head_json":{"title":"Uchwyt na szyj\u0119 TELESIN TE-HNB-003 do telefonu\/kamery - IRONSKY.PL Sklep z Dronami","description":"Uchwyt na szyj\u0119 TELESIN TE-HNB-003 do telefonu\/kamery - \u2705 sklep z dronami i fachowym doradztwem. \u2705 Tutaj kupisz produkty DJI, Yuneec, Parrot, Syma i wiele innych, a tak\u017ce kursy i licencje na operatora drona.","robots":{"index":"index","follow":"follow","max-snippet":"max-snippet:-1","max-image-preview":"max-image-preview:large","max-video-preview":"max-video-preview:-1"},"canonical":"https:\/\/ironsky.pl\/sklep\/produkt\/uchwyt-na-szyje-telesin-te-hnb-003-do-telefonu-kamery\/","og_locale":"pl_PL","og_type":"article","og_title":"Uchwyt na szyj\u0119 TELESIN TE-HNB-003 do telefonu\/kamery - IRONSKY.PL Sklep z Dronami","og_description":"Uchwyt na szyj\u0119 TELESIN TE-HNB-003 do telefonu\/kamery - \u2705 sklep z dronami i fachowym doradztwem. \u2705 Tutaj kupisz produkty DJI, Yuneec, Parrot, Syma i wiele innych, a tak\u017ce kursy i licencje na operatora drona.","og_url":"https:\/\/ironsky.pl\/sklep\/produkt\/uchwyt-na-szyje-telesin-te-hnb-003-do-telefonu-kamery\/","og_site_name":"IRONSKY.PL Sklep z Dronami","article_modified_time":"2026-04-15T08:50:52+00:00","og_image":[{"width":800,"height":800,"url":"https:\/\/ironsky.pl\/sklep\/wp-content\/uploads\/2025\/05\/47635_1.jpg","type":"image\/jpeg"}],"twitter_card":"summary_large_image","twitter_misc":{"Szacowany czas czytania":"1 minuta"},"schema":{"@context":"https:\/\/schema.org","@graph":[{"@type":"WebPage","@id":"https:\/\/ironsky.pl\/sklep\/produkt\/uchwyt-na-szyje-telesin-te-hnb-003-do-telefonu-kamery\/","url":"https:\/\/ironsky.pl\/sklep\/produkt\/uchwyt-na-szyje-telesin-te-hnb-003-do-telefonu-kamery\/","name":"Uchwyt na szyj\u0119 TELESIN TE-HNB-003 do telefonu\/kamery - IRONSKY.PL Sklep z Dronami","isPartOf":{"@id":"https:\/\/ironsky.pl\/sklep\/#website"},"primaryImageOfPage":{"@id":"https:\/\/ironsky.pl\/sklep\/produkt\/uchwyt-na-szyje-telesin-te-hnb-003-do-telefonu-kamery\/#primaryimage"},"image":{"@id":"https:\/\/ironsky.pl\/sklep\/produkt\/uchwyt-na-szyje-telesin-te-hnb-003-do-telefonu-kamery\/#primaryimage"},"thumbnailUrl":"https:\/\/ironsky.pl\/sklep\/wp-content\/uploads\/2025\/05\/47635_1.jpg","datePublished":"2026-04-15T08:50:27+00:00","dateModified":"2026-04-15T08:50:52+00:00","description":"Uchwyt na szyj\u0119 TELESIN TE-HNB-003 do telefonu\/kamery - \u2705 sklep z dronami i fachowym doradztwem. \u2705 Tutaj kupisz produkty DJI, Yuneec, Parrot, Syma i wiele innych, a tak\u017ce kursy i licencje na operatora drona.","breadcrumb":{"@id":"https:\/\/ironsky.pl\/sklep\/produkt\/uchwyt-na-szyje-telesin-te-hnb-003-do-telefonu-kamery\/#breadcrumb"},"inLanguage":"pl-PL","potentialAction":[{"@type":"ReadAction","target":["https:\/\/ironsky.pl\/sklep\/produkt\/uchwyt-na-szyje-telesin-te-hnb-003-do-telefonu-kamery\/"]}]},{"@type":"ImageObject","inLanguage":"pl-PL","@id":"https:\/\/ironsky.pl\/sklep\/produkt\/uchwyt-na-szyje-telesin-te-hnb-003-do-telefonu-kamery\/#primaryimage","url":"https:\/\/ironsky.pl\/sklep\/wp-content\/uploads\/2025\/05\/47635_1.jpg","contentUrl":"https:\/\/ironsky.pl\/sklep\/wp-content\/uploads\/2025\/05\/47635_1.jpg","width":800,"height":800},{"@type":"BreadcrumbList","@id":"https:\/\/ironsky.pl\/sklep\/produkt\/uchwyt-na-szyje-telesin-te-hnb-003-do-telefonu-kamery\/#breadcrumb","itemListElement":[{"@type":"ListItem","position":1,"name":"Strona g\u0142\u00f3wna","item":"https:\/\/ironsky.pl\/sklep\/"},{"@type":"ListItem","position":2,"name":"Wszystkie produkty","item":"https:\/\/ironsky.pl\/sklep\/produkty\/"},{"@type":"ListItem","position":3,"name":"Uchwyt na szyj\u0119 TELESIN TE-HNB-003 do telefonu\/kamery"}]},{"@type":"WebSite","@id":"https:\/\/ironsky.pl\/sklep\/#website","url":"https:\/\/ironsky.pl\/sklep\/","name":"IRONSKY.PL Sklep z Dronami","description":"IRONSKY.PL Sklep z Dronami","potentialAction":[{"@type":"SearchAction","target":{"@type":"EntryPoint","urlTemplate":"https:\/\/ironsky.pl\/sklep\/?s={search_term_string}"},"query-input":{"@type":"PropertyValueSpecification","valueRequired":true,"valueName":"search_term_string"}}],"inLanguage":"pl-PL"}]}},"_links":{"self":[{"href":"https:\/\/ironsky.pl\/sklep\/wp-json\/wp\/v2\/product\/59716","targetHints":{"allow":["GET"]}}],"collection":[{"href":"https:\/\/ironsky.pl\/sklep\/wp-json\/wp\/v2\/product"}],"about":[{"href":"https:\/\/ironsky.pl\/sklep\/wp-json\/wp\/v2\/types\/product"}],"replies":[{"embeddable":true,"href":"https:\/\/ironsky.pl\/sklep\/wp-json\/wp\/v2\/comments?post=59716"}],"wp:featuredmedia":[{"embeddable":true,"href":"https:\/\/ironsky.pl\/sklep\/wp-json\/wp\/v2\/media\/40023"}],"wp:attachment":[{"href":"https:\/\/ironsky.pl\/sklep\/wp-json\/wp\/v2\/media?parent=59716"}],"wp:term":[{"taxonomy":"product_brand","embeddable":true,"href":"https:\/\/ironsky.pl\/sklep\/wp-json\/wp\/v2\/product_brand?post=59716"},{"taxonomy":"product_cat","embeddable":true,"href":"https:\/\/ironsky.pl\/sklep\/wp-json\/wp\/v2\/product_cat?post=59716"},{"taxonomy":"product_tag","embeddable":true,"href":"https:\/\/ironsky.pl\/sklep\/wp-json\/wp\/v2\/product_tag?post=59716"}],"curies":[{"name":"wp","href":"https:\/\/api.w.org\/{rel}","templated":true}]}}