{"id":59695,"date":"2026-04-15T10:50:27","date_gmt":"2026-04-15T08:50:27","guid":{"rendered":"https:\/\/ironsky.pl\/sklep\/produkt\/zestaw-filtrow-sunnylife-mcuv-cpl-nd8-16-32-64-do-neo\/"},"modified":"2026-04-15T10:50:37","modified_gmt":"2026-04-15T08:50:37","slug":"zestaw-filtrow-sunnylife-mcuv-cpl-nd8-16-32-64-do-neo","status":"publish","type":"product","link":"https:\/\/ironsky.pl\/sklep\/produkt\/zestaw-filtrow-sunnylife-mcuv-cpl-nd8-16-32-64-do-neo\/","title":{"rendered":"Zestaw filtr\u00f3w SUNNYLIFE MCUV\/CPL\/ND8\/16\/32\/64 do Neo"},"content":{"rendered":"<h3>Zestaw sze\u015bciu filtr\u00f3w SUNNYLIFE do DJI Neo MCUV+CPL+ND8+ND16+ND32+ND64<\/h3>\n<p>Zestaw SUNNYLIFE do DJI Neo, zawieraj\u0105cy filtry MCUV, CPL, ND8, ND16, ND32 oraz ND64, zachwyci ka\u017cdego entuzjast\u0119 fotografii i filmowania dronem. Akcesoria pozwalaj\u0105 kontrolowa\u0107 ekspozycj\u0119 i redukowa\u0107 niechciane odblaski, gwarantuj\u0105c jednocze\u015bnie ochron\u0119 obiektywu przed szkodliwymi promieniami UV. Wykonano je z wysokiej klasy niemieckiego szk\u0142a, zapewniaj\u0105cego wytrzyma\u0142o\u015b\u0107. Ich monta\u017c nie sprawi Ci trudno\u015bci.<\/p>\n<p>\n<img decoding=\"async\" src=\"https:\/\/assets.innpro.pl\/10250\/12050\/1.jpg\" border=\"0\" \/>\n<\/p>\n<h3>Filtr MCUV \u2013 redukcja odcieni niebieskich<\/h3>\n<p>Filtr MCUV pomaga zmniejszy\u0107 efekt niepo\u017c\u0105danych niebieskich zafarb\u00f3w i odcieni szaro\u015bci, kt\u00f3re s\u0105 spowodowane promieniowaniem ultrafioletowym. Dzi\u0119ki zwi\u0119kszonej przepuszczalno\u015bci \u015bwiat\u0142a produkt poprawia klarowno\u015b\u0107 obrazu, co jest szczeg\u00f3lnie przydatne podczas fotografowania w wysokich g\u00f3rach lub na du\u017cych wysoko\u015bciach.<\/p>\n<p>\n<img decoding=\"async\" src=\"https:\/\/assets.innpro.pl\/10250\/12050\/2.jpg\" border=\"0\" \/>\n<\/p>\n<h3>Filtr CPL \u2013 eliminacja odblask\u00f3w<\/h3>\n<p>Filtr CPL (Circular Polarizer) skutecznie usuwa niepo\u017c\u0105dane odbicia \u015bwiat\u0142a od powierzchni niemetalicznych, takich jak woda czy szk\u0142o. Dzi\u0119ki temu kolory staj\u0105 si\u0119 bardziej nasycone, a obraz uzyskuje wi\u0119ksz\u0105 g\u0142\u0119bi\u0119 i kontrast. Akcesorium b\u0119dzie doskona\u0142ym wyborem, gdy zale\u017cy Ci na podkre\u015bleniu b\u0142\u0119kitnego nieba lub poprawieniu jako\u015bci zdj\u0119\u0107 przy scenach plenerowych.<\/p>\n<p>\n<img decoding=\"async\" src=\"https:\/\/assets.innpro.pl\/10250\/12050\/3.jpg\" border=\"0\" \/>\n<\/p>\n<h3>Filtr ND8 \u2013 kontrola ekspozycji w s\u0142oneczne dni<\/h3>\n<p>Filtr ND8 redukuje ilo\u015b\u0107 \u015bwiat\u0142a docieraj\u0105cego do matrycy drona o trzy przys\u0142ony, co pozwala na precyzyjne ustawienie ekspozycji nawet w jasnych warunkach. Dzi\u0119ki temu mo\u017cesz unikn\u0105\u0107 prze\u015bwietle\u0144 i uzyska\u0107 bardziej zr\u00f3wnowa\u017cony obraz nawet w lekko zachmurzonych warunkach.<\/p>\n<p>\n<img decoding=\"async\" src=\"https:\/\/assets.innpro.pl\/10250\/12050\/4.jpg\" border=\"0\" \/>\n<\/p>\n<h3>Filtr ND16 \u2013 lepsza kontrola nad \u015bwiat\u0142em<\/h3>\n<p>Filtr ND16 redukuje ilo\u015b\u0107 \u015bwiat\u0142a o cztery przys\u0142ony, co czyni go idealnym do fotografowania i filmowania w mocnym, bezpo\u015brednim s\u0142o\u0144cu. Zastosowanie tego akcesorium pozwala na uzyskanie naturalnego efektu rozmycia przy nagrywaniu wideo oraz wi\u0119kszej kontroli nad ekspozycj\u0105 w jasnych warunkach o\u015bwietleniowych.<\/p>\n<p>\n<img decoding=\"async\" src=\"https:\/\/assets.innpro.pl\/10250\/12050\/5.jpg\" border=\"0\" \/>\n<\/p>\n<h3>Filtr ND32 \u2013 idealny wyb\u00f3r na bardzo jasne dni<\/h3>\n<p>Filtr ND32 ogranicza \u015bwiat\u0142o wpadaj\u0105ce do obiektywu a\u017c o pi\u0119\u0107 przys\u0142on, co pozwala na znaczne przyciemnienie ekspozycji nawet w ekstremalnych warunkach o\u015bwietleniowych. Akcesorium sprawdzi si\u0119 podczas filmowania krajobraz\u00f3w przy jasnym niebie, gdzie wymagane jest zmniejszenie jasno\u015bci oraz uzyskanie ostrego obrazu.<\/p>\n<p>\n<img decoding=\"async\" src=\"https:\/\/assets.innpro.pl\/10250\/12050\/6.jpg\" border=\"0\" \/>\n<\/p>\n<h3>Filtr ND64 \u2013 maksymalna redukcja \u015bwiat\u0142a<\/h3>\n<p>Filtr ND64 to najmocniejszy z filtr\u00f3w w zestawie, zmniejszaj\u0105cy ilo\u015b\u0107 \u015bwiat\u0142a o sze\u015b\u0107 przys\u0142on. Jest on idealnym rozwi\u0105zaniem do nagrywania w bardzo intensywnym \u015bwietle s\u0142onecznym. Dzi\u0119ki niemu unikniesz niechcianych efekt\u00f3w wizualnych i zyskasz p\u0142ynno\u015b\u0107 ruchu w nagraniach.<\/p>\n<p>\n<img decoding=\"async\" src=\"https:\/\/assets.innpro.pl\/10250\/12050\/7.jpg\" border=\"0\" \/>\n<\/p>\n<h3>W zestawie:<\/h3>\n<ul class=\"list-disc pl-5\">\n<li>Filtr MCUV<\/li>\n<li>Filtr CPL<\/li>\n<li>Filtr ND8<\/li>\n<li>Filtr ND16<\/li>\n<li>Filtr ND32<\/li>\n<li>Filtr ND64<\/li>\n<\/ul>\n<div class=\"table-wrapper\">\n<p>\u00a0<\/p>\n<h3><\/h3>\n<table>\n<tbody>\n<tr>\n<th>Producent<\/th>\n<td>Sunnylife<\/td>\n<\/tr>\n<tr>\n<th>Kod producenta<\/th>\n<td>NE-FI877<\/td>\n<\/tr>\n<tr>\n<th>Kompatybilno\u015b\u0107<\/th>\n<td>DJI Neo<\/td>\n<\/tr>\n<tr>\n<th>Materia\u0142<\/th>\n<td>Plastik + Soczewki optyczne ze szk\u0142a<\/td>\n<\/tr>\n<tr>\n<th>Waga netto<\/th>\n<td>0.5 g na sztuk\u0119<\/td>\n<\/tr>\n<tr>\n<th>Wymiary pojedynczego filtra<\/th>\n<td>20 x 19 x 17 mm<\/td>\n<\/tr>\n<\/tbody>\n<\/table>\n<\/div>\n","protected":false},"excerpt":{"rendered":"<p>Zestaw sze\u015bciu filtr\u00f3w SUNNYLIFE do DJI Neo MCUV+CPL+ND8+ND16+ND32+ND64 Zestaw SUNNYLIFE do DJI Neo, zawieraj\u0105cy filtry MCUV, CPL, ND8, ND16, ND32<\/p>\n","protected":false},"featured_media":59696,"comment_status":"closed","ping_status":"open","template":"","meta":{"_acf_changed":false},"product_brand":[],"product_cat":[6167,1088,6200],"product_tag":[],"class_list":{"0":"post-59695","1":"product","2":"type-product","3":"status-publish","4":"has-post-thumbnail","6":"product_cat-akcesoria-do-dronow","7":"product_cat-drony","8":"product_cat-filtry-do-dronow-akcesoria-do-dronow","9":"pa_okres-gwarancji-5757","10":"pa_producent-sunnylife","12":"first","13":"outofstock","14":"taxable","15":"shipping-taxable","16":"purchasable","17":"product-type-simple"},"acf":[],"yoast_head":"<!-- This site is optimized with the Yoast SEO plugin v27.2 - https:\/\/yoast.com\/product\/yoast-seo-wordpress\/ -->\n<title>Zestaw filtr\u00f3w SUNNYLIFE MCUV\/CPL\/ND8\/16\/32\/64 do Neo - IRONSKY.PL Sklep z Dronami<\/title>\n<meta name=\"description\" content=\"Zestaw filtr\u00f3w SUNNYLIFE MCUV\/CPL\/ND8\/16\/32\/64 do Neo - \u2705 sklep z dronami i fachowym doradztwem. \u2705 Tutaj kupisz produkty DJI, Yuneec, Parrot, Syma i wiele innych, a tak\u017ce kursy i licencje na operatora drona.\" \/>\n<meta name=\"robots\" content=\"index, follow, max-snippet:-1, max-image-preview:large, max-video-preview:-1\" \/>\n<link rel=\"canonical\" href=\"https:\/\/ironsky.pl\/sklep\/produkt\/zestaw-filtrow-sunnylife-mcuv-cpl-nd8-16-32-64-do-neo\/\" \/>\n<meta property=\"og:locale\" content=\"pl_PL\" \/>\n<meta property=\"og:type\" content=\"article\" \/>\n<meta property=\"og:title\" content=\"Zestaw filtr\u00f3w SUNNYLIFE MCUV\/CPL\/ND8\/16\/32\/64 do Neo - IRONSKY.PL Sklep z Dronami\" \/>\n<meta property=\"og:description\" content=\"Zestaw filtr\u00f3w SUNNYLIFE MCUV\/CPL\/ND8\/16\/32\/64 do Neo - \u2705 sklep z dronami i fachowym doradztwem. \u2705 Tutaj kupisz produkty DJI, Yuneec, Parrot, Syma i wiele innych, a tak\u017ce kursy i licencje na operatora drona.\" \/>\n<meta property=\"og:url\" content=\"https:\/\/ironsky.pl\/sklep\/produkt\/zestaw-filtrow-sunnylife-mcuv-cpl-nd8-16-32-64-do-neo\/\" \/>\n<meta property=\"og:site_name\" content=\"IRONSKY.PL Sklep z Dronami\" \/>\n<meta property=\"article:modified_time\" content=\"2026-04-15T08:50:37+00:00\" \/>\n<meta property=\"og:image\" content=\"https:\/\/ironsky.pl\/sklep\/wp-content\/uploads\/2026\/04\/47618_1.jpg\" \/>\n\t<meta property=\"og:image:width\" content=\"800\" \/>\n\t<meta property=\"og:image:height\" content=\"800\" \/>\n\t<meta property=\"og:image:type\" content=\"image\/jpeg\" \/>\n<meta name=\"twitter:card\" content=\"summary_large_image\" \/>\n<meta name=\"twitter:label1\" content=\"Szacowany czas czytania\" \/>\n\t<meta name=\"twitter:data1\" content=\"2 minuty\" \/>\n<script type=\"application\/ld+json\" class=\"yoast-schema-graph\">{\"@context\":\"https:\/\/schema.org\",\"@graph\":[{\"@type\":\"WebPage\",\"@id\":\"https:\/\/ironsky.pl\/sklep\/produkt\/zestaw-filtrow-sunnylife-mcuv-cpl-nd8-16-32-64-do-neo\/\",\"url\":\"https:\/\/ironsky.pl\/sklep\/produkt\/zestaw-filtrow-sunnylife-mcuv-cpl-nd8-16-32-64-do-neo\/\",\"name\":\"Zestaw filtr\u00f3w SUNNYLIFE MCUV\/CPL\/ND8\/16\/32\/64 do Neo - IRONSKY.PL Sklep z Dronami\",\"isPartOf\":{\"@id\":\"https:\/\/ironsky.pl\/sklep\/#website\"},\"primaryImageOfPage\":{\"@id\":\"https:\/\/ironsky.pl\/sklep\/produkt\/zestaw-filtrow-sunnylife-mcuv-cpl-nd8-16-32-64-do-neo\/#primaryimage\"},\"image\":{\"@id\":\"https:\/\/ironsky.pl\/sklep\/produkt\/zestaw-filtrow-sunnylife-mcuv-cpl-nd8-16-32-64-do-neo\/#primaryimage\"},\"thumbnailUrl\":\"https:\/\/ironsky.pl\/sklep\/wp-content\/uploads\/2026\/04\/47618_1.jpg\",\"datePublished\":\"2026-04-15T08:50:27+00:00\",\"dateModified\":\"2026-04-15T08:50:37+00:00\",\"description\":\"Zestaw filtr\u00f3w SUNNYLIFE MCUV\/CPL\/ND8\/16\/32\/64 do Neo - \u2705 sklep z dronami i fachowym doradztwem. \u2705 Tutaj kupisz produkty DJI, Yuneec, Parrot, Syma i wiele innych, a tak\u017ce kursy i licencje na operatora drona.\",\"breadcrumb\":{\"@id\":\"https:\/\/ironsky.pl\/sklep\/produkt\/zestaw-filtrow-sunnylife-mcuv-cpl-nd8-16-32-64-do-neo\/#breadcrumb\"},\"inLanguage\":\"pl-PL\",\"potentialAction\":[{\"@type\":\"ReadAction\",\"target\":[\"https:\/\/ironsky.pl\/sklep\/produkt\/zestaw-filtrow-sunnylife-mcuv-cpl-nd8-16-32-64-do-neo\/\"]}]},{\"@type\":\"ImageObject\",\"inLanguage\":\"pl-PL\",\"@id\":\"https:\/\/ironsky.pl\/sklep\/produkt\/zestaw-filtrow-sunnylife-mcuv-cpl-nd8-16-32-64-do-neo\/#primaryimage\",\"url\":\"https:\/\/ironsky.pl\/sklep\/wp-content\/uploads\/2026\/04\/47618_1.jpg\",\"contentUrl\":\"https:\/\/ironsky.pl\/sklep\/wp-content\/uploads\/2026\/04\/47618_1.jpg\",\"width\":800,\"height\":800},{\"@type\":\"BreadcrumbList\",\"@id\":\"https:\/\/ironsky.pl\/sklep\/produkt\/zestaw-filtrow-sunnylife-mcuv-cpl-nd8-16-32-64-do-neo\/#breadcrumb\",\"itemListElement\":[{\"@type\":\"ListItem\",\"position\":1,\"name\":\"Strona g\u0142\u00f3wna\",\"item\":\"https:\/\/ironsky.pl\/sklep\/\"},{\"@type\":\"ListItem\",\"position\":2,\"name\":\"Wszystkie produkty\",\"item\":\"https:\/\/ironsky.pl\/sklep\/produkty\/\"},{\"@type\":\"ListItem\",\"position\":3,\"name\":\"Zestaw filtr\u00f3w SUNNYLIFE MCUV\/CPL\/ND8\/16\/32\/64 do Neo\"}]},{\"@type\":\"WebSite\",\"@id\":\"https:\/\/ironsky.pl\/sklep\/#website\",\"url\":\"https:\/\/ironsky.pl\/sklep\/\",\"name\":\"IRONSKY.PL Sklep z Dronami\",\"description\":\"IRONSKY.PL Sklep z Dronami\",\"potentialAction\":[{\"@type\":\"SearchAction\",\"target\":{\"@type\":\"EntryPoint\",\"urlTemplate\":\"https:\/\/ironsky.pl\/sklep\/?s={search_term_string}\"},\"query-input\":{\"@type\":\"PropertyValueSpecification\",\"valueRequired\":true,\"valueName\":\"search_term_string\"}}],\"inLanguage\":\"pl-PL\"}]}<\/script>\n<!-- \/ Yoast SEO plugin. -->","yoast_head_json":{"title":"Zestaw filtr\u00f3w SUNNYLIFE MCUV\/CPL\/ND8\/16\/32\/64 do Neo - IRONSKY.PL Sklep z Dronami","description":"Zestaw filtr\u00f3w SUNNYLIFE MCUV\/CPL\/ND8\/16\/32\/64 do Neo - \u2705 sklep z dronami i fachowym doradztwem. \u2705 Tutaj kupisz produkty DJI, Yuneec, Parrot, Syma i wiele innych, a tak\u017ce kursy i licencje na operatora drona.","robots":{"index":"index","follow":"follow","max-snippet":"max-snippet:-1","max-image-preview":"max-image-preview:large","max-video-preview":"max-video-preview:-1"},"canonical":"https:\/\/ironsky.pl\/sklep\/produkt\/zestaw-filtrow-sunnylife-mcuv-cpl-nd8-16-32-64-do-neo\/","og_locale":"pl_PL","og_type":"article","og_title":"Zestaw filtr\u00f3w SUNNYLIFE MCUV\/CPL\/ND8\/16\/32\/64 do Neo - IRONSKY.PL Sklep z Dronami","og_description":"Zestaw filtr\u00f3w SUNNYLIFE MCUV\/CPL\/ND8\/16\/32\/64 do Neo - \u2705 sklep z dronami i fachowym doradztwem. \u2705 Tutaj kupisz produkty DJI, Yuneec, Parrot, Syma i wiele innych, a tak\u017ce kursy i licencje na operatora drona.","og_url":"https:\/\/ironsky.pl\/sklep\/produkt\/zestaw-filtrow-sunnylife-mcuv-cpl-nd8-16-32-64-do-neo\/","og_site_name":"IRONSKY.PL Sklep z Dronami","article_modified_time":"2026-04-15T08:50:37+00:00","og_image":[{"width":800,"height":800,"url":"https:\/\/ironsky.pl\/sklep\/wp-content\/uploads\/2026\/04\/47618_1.jpg","type":"image\/jpeg"}],"twitter_card":"summary_large_image","twitter_misc":{"Szacowany czas czytania":"2 minuty"},"schema":{"@context":"https:\/\/schema.org","@graph":[{"@type":"WebPage","@id":"https:\/\/ironsky.pl\/sklep\/produkt\/zestaw-filtrow-sunnylife-mcuv-cpl-nd8-16-32-64-do-neo\/","url":"https:\/\/ironsky.pl\/sklep\/produkt\/zestaw-filtrow-sunnylife-mcuv-cpl-nd8-16-32-64-do-neo\/","name":"Zestaw filtr\u00f3w SUNNYLIFE MCUV\/CPL\/ND8\/16\/32\/64 do Neo - IRONSKY.PL Sklep z Dronami","isPartOf":{"@id":"https:\/\/ironsky.pl\/sklep\/#website"},"primaryImageOfPage":{"@id":"https:\/\/ironsky.pl\/sklep\/produkt\/zestaw-filtrow-sunnylife-mcuv-cpl-nd8-16-32-64-do-neo\/#primaryimage"},"image":{"@id":"https:\/\/ironsky.pl\/sklep\/produkt\/zestaw-filtrow-sunnylife-mcuv-cpl-nd8-16-32-64-do-neo\/#primaryimage"},"thumbnailUrl":"https:\/\/ironsky.pl\/sklep\/wp-content\/uploads\/2026\/04\/47618_1.jpg","datePublished":"2026-04-15T08:50:27+00:00","dateModified":"2026-04-15T08:50:37+00:00","description":"Zestaw filtr\u00f3w SUNNYLIFE MCUV\/CPL\/ND8\/16\/32\/64 do Neo - \u2705 sklep z dronami i fachowym doradztwem. \u2705 Tutaj kupisz produkty DJI, Yuneec, Parrot, Syma i wiele innych, a tak\u017ce kursy i licencje na operatora drona.","breadcrumb":{"@id":"https:\/\/ironsky.pl\/sklep\/produkt\/zestaw-filtrow-sunnylife-mcuv-cpl-nd8-16-32-64-do-neo\/#breadcrumb"},"inLanguage":"pl-PL","potentialAction":[{"@type":"ReadAction","target":["https:\/\/ironsky.pl\/sklep\/produkt\/zestaw-filtrow-sunnylife-mcuv-cpl-nd8-16-32-64-do-neo\/"]}]},{"@type":"ImageObject","inLanguage":"pl-PL","@id":"https:\/\/ironsky.pl\/sklep\/produkt\/zestaw-filtrow-sunnylife-mcuv-cpl-nd8-16-32-64-do-neo\/#primaryimage","url":"https:\/\/ironsky.pl\/sklep\/wp-content\/uploads\/2026\/04\/47618_1.jpg","contentUrl":"https:\/\/ironsky.pl\/sklep\/wp-content\/uploads\/2026\/04\/47618_1.jpg","width":800,"height":800},{"@type":"BreadcrumbList","@id":"https:\/\/ironsky.pl\/sklep\/produkt\/zestaw-filtrow-sunnylife-mcuv-cpl-nd8-16-32-64-do-neo\/#breadcrumb","itemListElement":[{"@type":"ListItem","position":1,"name":"Strona g\u0142\u00f3wna","item":"https:\/\/ironsky.pl\/sklep\/"},{"@type":"ListItem","position":2,"name":"Wszystkie produkty","item":"https:\/\/ironsky.pl\/sklep\/produkty\/"},{"@type":"ListItem","position":3,"name":"Zestaw filtr\u00f3w SUNNYLIFE MCUV\/CPL\/ND8\/16\/32\/64 do Neo"}]},{"@type":"WebSite","@id":"https:\/\/ironsky.pl\/sklep\/#website","url":"https:\/\/ironsky.pl\/sklep\/","name":"IRONSKY.PL Sklep z Dronami","description":"IRONSKY.PL Sklep z Dronami","potentialAction":[{"@type":"SearchAction","target":{"@type":"EntryPoint","urlTemplate":"https:\/\/ironsky.pl\/sklep\/?s={search_term_string}"},"query-input":{"@type":"PropertyValueSpecification","valueRequired":true,"valueName":"search_term_string"}}],"inLanguage":"pl-PL"}]}},"_links":{"self":[{"href":"https:\/\/ironsky.pl\/sklep\/wp-json\/wp\/v2\/product\/59695","targetHints":{"allow":["GET"]}}],"collection":[{"href":"https:\/\/ironsky.pl\/sklep\/wp-json\/wp\/v2\/product"}],"about":[{"href":"https:\/\/ironsky.pl\/sklep\/wp-json\/wp\/v2\/types\/product"}],"replies":[{"embeddable":true,"href":"https:\/\/ironsky.pl\/sklep\/wp-json\/wp\/v2\/comments?post=59695"}],"wp:featuredmedia":[{"embeddable":true,"href":"https:\/\/ironsky.pl\/sklep\/wp-json\/wp\/v2\/media\/59696"}],"wp:attachment":[{"href":"https:\/\/ironsky.pl\/sklep\/wp-json\/wp\/v2\/media?parent=59695"}],"wp:term":[{"taxonomy":"product_brand","embeddable":true,"href":"https:\/\/ironsky.pl\/sklep\/wp-json\/wp\/v2\/product_brand?post=59695"},{"taxonomy":"product_cat","embeddable":true,"href":"https:\/\/ironsky.pl\/sklep\/wp-json\/wp\/v2\/product_cat?post=59695"},{"taxonomy":"product_tag","embeddable":true,"href":"https:\/\/ironsky.pl\/sklep\/wp-json\/wp\/v2\/product_tag?post=59695"}],"curies":[{"name":"wp","href":"https:\/\/api.w.org\/{rel}","templated":true}]}}