{"id":59688,"date":"2026-04-15T10:50:27","date_gmt":"2026-04-15T08:50:27","guid":{"rendered":"https:\/\/ironsky.pl\/sklep\/produkt\/torba-sunnylife-combo-dji-neo-czarna\/"},"modified":"2026-04-15T10:50:32","modified_gmt":"2026-04-15T08:50:32","slug":"torba-sunnylife-combo-dji-neo-czarna","status":"publish","type":"product","link":"https:\/\/ironsky.pl\/sklep\/produkt\/torba-sunnylife-combo-dji-neo-czarna\/","title":{"rendered":"Torba SUNNYLIFE Combo DJI Neo (czarna)"},"content":{"rendered":"<h3>Torba SUNNYLIFE Combo for DJI Neo (czarna)<\/h3>\n<p>Kompaktowa torba transportowa SUNNYLIFE Combo zosta\u0142a stworzona dla w\u0142a\u015bcicieli DJI Neo, kt\u00f3rzy poszukuj\u0105 wygodnego i bezpiecznego sposobu przechowywania swojego sprz\u0119tu. Dzi\u0119ki du\u017cej pojemno\u015bci i przemy\u015blanej konstrukcji mo\u017cesz umie\u015bci\u0107 w niej nie tylko drona, ale r\u00f3wnie\u017c kontroler RC-N3 wraz z uchwytami na tablet ZJ067 i ZJ508, oryginaln\u0105 os\u0142on\u0119 gimbala, hub \u0142adowania, a\u017c 4 akumulatory (w tym jeden zamontowany w dronie) oraz dodatkowe akcesoria, takie jak filtry obiektywu, zapasowe \u015bmig\u0142a, \u015brubokr\u0119t i kable do \u0142adowania.<\/p>\n<p>\n<img decoding=\"async\" src=\"https:\/\/assets.innpro.pl\/10226\/12024\/1a (5).jpg\" border=\"0\" alt=\"\" \/>\n<\/p>\n<h3>Doskona\u0142a organizacja przestrzeni<\/h3>\n<p>Torba wyposa\u017cona jest w precyzyjnie uformowan\u0105 wy\u015bci\u00f3\u0142k\u0119 wewn\u0119trzn\u0105, kt\u00f3ra zapewnia doskona\u0142e dopasowanie do drona i jego akcesori\u00f3w, skutecznie chroni\u0105c je przed wstrz\u0105sami i uszkodzeniami. Mi\u0119kka i amortyzuj\u0105ca wk\u0142adka zapobiega przesuwaniu si\u0119 element\u00f3w, co gwarantuje bezpiecze\u0144stwo w ka\u017cdej sytuacji.<\/p>\n<p>\n<img decoding=\"async\" src=\"https:\/\/assets.innpro.pl\/10226\/12024\/1a (3).jpg\" border=\"0\" alt=\"\" \/>\n<\/p>\n<h3>Wysokiej jako\u015bci materia\u0142<\/h3>\n<p>Torb\u0119 SUNNYLIFE Combo wykonano z matowej sk\u00f3ry PU, kt\u00f3ra jest odporna na wod\u0119, wilgo\u0107 i py\u0142. Solidne wykonanie i trwa\u0142y materia\u0142 sprawiaj\u0105, \u017ce Twoje urz\u0105dzenia s\u0105 chronione przed niekorzystnymi warunkami atmosferycznymi. Teraz mo\u017cesz podr\u00f3\u017cowa\u0107 bez zmartwie\u0144!<\/p>\n<p>\n<img decoding=\"async\" src=\"https:\/\/assets.innpro.pl\/10226\/12024\/1a (1).jpg\" border=\"0\" alt=\"\" \/>\n<\/p>\n<h3>Praktyczna kiesze\u0144 na akcesoria<\/h3>\n<p>Zamykana na zamek kiesze\u0144 siatkowa idealnie nadaje si\u0119 do przechowywania drobnych akcesori\u00f3w, takich jak filtry, zapasowe \u015bmig\u0142a, \u015brubokr\u0119t czy kable do \u0142adowania. Dzi\u0119ki niej wszystkie niezb\u0119dne elementy s\u0105 dobrze zabezpieczone.<\/p>\n<p>\n<img decoding=\"async\" src=\"https:\/\/assets.innpro.pl\/10226\/12024\/1a (2).jpg\" border=\"0\" alt=\"\" \/>\n<\/p>\n<div class=\"table-wrapper\">\n<p>\u00a0<\/p>\n<h3><\/h3>\n<table>\n<tbody>\n<tr>\n<th>Producent<\/th>\n<td>Sunnylife<\/td>\n<\/tr>\n<tr>\n<th>Model<\/th>\n<td>NE-B864-D<\/td>\n<\/tr>\n<tr>\n<th>Kompatybilno\u015b\u0107 <\/th>\n<td>DJI Neo<\/td>\n<\/tr>\n<tr>\n<th>Materia\u0142<\/th>\n<td>Sk\u00f3ra PU + EVA<\/td>\n<\/tr>\n<tr>\n<th>Waga<\/th>\n<td>367 g<\/td>\n<\/tr>\n<tr>\n<th>Wymiary<\/th>\n<td>266 x 191 x 93 mm<\/td>\n<\/tr>\n<tr>\n<th>Kolor<\/th>\n<td>czarny<\/td>\n<\/tr>\n<\/tbody>\n<\/table>\n<\/div>\n","protected":false},"excerpt":{"rendered":"<p>Torba SUNNYLIFE Combo for DJI Neo (czarna) Kompaktowa torba transportowa SUNNYLIFE Combo zosta\u0142a stworzona dla w\u0142a\u015bcicieli DJI Neo, kt\u00f3rzy poszukuj\u0105<\/p>\n","protected":false},"featured_media":59689,"comment_status":"closed","ping_status":"open","template":"","meta":{"_acf_changed":false},"product_brand":[],"product_cat":[6167,1088,6171],"product_tag":[],"class_list":{"0":"post-59688","1":"product","2":"type-product","3":"status-publish","4":"has-post-thumbnail","6":"product_cat-akcesoria-do-dronow","7":"product_cat-drony","8":"product_cat-torby-i-walizki","9":"pa_okres-gwarancji-5757","10":"pa_producent-sunnylife","12":"first","13":"outofstock","14":"taxable","15":"shipping-taxable","16":"purchasable","17":"product-type-simple"},"acf":[],"yoast_head":"<!-- This site is optimized with the Yoast SEO plugin v27.2 - https:\/\/yoast.com\/product\/yoast-seo-wordpress\/ -->\n<title>Torba SUNNYLIFE Combo DJI Neo (czarna) - IRONSKY.PL Sklep z Dronami<\/title>\n<meta name=\"description\" content=\"Torba SUNNYLIFE Combo DJI Neo (czarna) - \u2705 sklep z dronami i fachowym doradztwem. \u2705 Tutaj kupisz produkty DJI, Yuneec, Parrot, Syma i wiele innych, a tak\u017ce kursy i licencje na operatora drona.\" \/>\n<meta name=\"robots\" content=\"index, follow, max-snippet:-1, max-image-preview:large, max-video-preview:-1\" \/>\n<link rel=\"canonical\" href=\"https:\/\/ironsky.pl\/sklep\/produkt\/torba-sunnylife-combo-dji-neo-czarna\/\" \/>\n<meta property=\"og:locale\" content=\"pl_PL\" \/>\n<meta property=\"og:type\" content=\"article\" \/>\n<meta property=\"og:title\" content=\"Torba SUNNYLIFE Combo DJI Neo (czarna) - IRONSKY.PL Sklep z Dronami\" \/>\n<meta property=\"og:description\" content=\"Torba SUNNYLIFE Combo DJI Neo (czarna) - \u2705 sklep z dronami i fachowym doradztwem. \u2705 Tutaj kupisz produkty DJI, Yuneec, Parrot, Syma i wiele innych, a tak\u017ce kursy i licencje na operatora drona.\" \/>\n<meta property=\"og:url\" content=\"https:\/\/ironsky.pl\/sklep\/produkt\/torba-sunnylife-combo-dji-neo-czarna\/\" \/>\n<meta property=\"og:site_name\" content=\"IRONSKY.PL Sklep z Dronami\" \/>\n<meta property=\"article:modified_time\" content=\"2026-04-15T08:50:32+00:00\" \/>\n<meta property=\"og:image\" content=\"https:\/\/ironsky.pl\/sklep\/wp-content\/uploads\/2026\/04\/47574_1.jpg\" \/>\n\t<meta property=\"og:image:width\" content=\"800\" \/>\n\t<meta property=\"og:image:height\" content=\"800\" \/>\n\t<meta property=\"og:image:type\" content=\"image\/jpeg\" \/>\n<meta name=\"twitter:card\" content=\"summary_large_image\" \/>\n<meta name=\"twitter:label1\" content=\"Szacowany czas czytania\" \/>\n\t<meta name=\"twitter:data1\" content=\"1 minuta\" \/>\n<script type=\"application\/ld+json\" class=\"yoast-schema-graph\">{\"@context\":\"https:\/\/schema.org\",\"@graph\":[{\"@type\":\"WebPage\",\"@id\":\"https:\/\/ironsky.pl\/sklep\/produkt\/torba-sunnylife-combo-dji-neo-czarna\/\",\"url\":\"https:\/\/ironsky.pl\/sklep\/produkt\/torba-sunnylife-combo-dji-neo-czarna\/\",\"name\":\"Torba SUNNYLIFE Combo DJI Neo (czarna) - IRONSKY.PL Sklep z Dronami\",\"isPartOf\":{\"@id\":\"https:\/\/ironsky.pl\/sklep\/#website\"},\"primaryImageOfPage\":{\"@id\":\"https:\/\/ironsky.pl\/sklep\/produkt\/torba-sunnylife-combo-dji-neo-czarna\/#primaryimage\"},\"image\":{\"@id\":\"https:\/\/ironsky.pl\/sklep\/produkt\/torba-sunnylife-combo-dji-neo-czarna\/#primaryimage\"},\"thumbnailUrl\":\"https:\/\/ironsky.pl\/sklep\/wp-content\/uploads\/2026\/04\/47574_1.jpg\",\"datePublished\":\"2026-04-15T08:50:27+00:00\",\"dateModified\":\"2026-04-15T08:50:32+00:00\",\"description\":\"Torba SUNNYLIFE Combo DJI Neo (czarna) - \u2705 sklep z dronami i fachowym doradztwem. \u2705 Tutaj kupisz produkty DJI, Yuneec, Parrot, Syma i wiele innych, a tak\u017ce kursy i licencje na operatora drona.\",\"breadcrumb\":{\"@id\":\"https:\/\/ironsky.pl\/sklep\/produkt\/torba-sunnylife-combo-dji-neo-czarna\/#breadcrumb\"},\"inLanguage\":\"pl-PL\",\"potentialAction\":[{\"@type\":\"ReadAction\",\"target\":[\"https:\/\/ironsky.pl\/sklep\/produkt\/torba-sunnylife-combo-dji-neo-czarna\/\"]}]},{\"@type\":\"ImageObject\",\"inLanguage\":\"pl-PL\",\"@id\":\"https:\/\/ironsky.pl\/sklep\/produkt\/torba-sunnylife-combo-dji-neo-czarna\/#primaryimage\",\"url\":\"https:\/\/ironsky.pl\/sklep\/wp-content\/uploads\/2026\/04\/47574_1.jpg\",\"contentUrl\":\"https:\/\/ironsky.pl\/sklep\/wp-content\/uploads\/2026\/04\/47574_1.jpg\",\"width\":800,\"height\":800},{\"@type\":\"BreadcrumbList\",\"@id\":\"https:\/\/ironsky.pl\/sklep\/produkt\/torba-sunnylife-combo-dji-neo-czarna\/#breadcrumb\",\"itemListElement\":[{\"@type\":\"ListItem\",\"position\":1,\"name\":\"Strona g\u0142\u00f3wna\",\"item\":\"https:\/\/ironsky.pl\/sklep\/\"},{\"@type\":\"ListItem\",\"position\":2,\"name\":\"Wszystkie produkty\",\"item\":\"https:\/\/ironsky.pl\/sklep\/produkty\/\"},{\"@type\":\"ListItem\",\"position\":3,\"name\":\"Torba SUNNYLIFE Combo DJI Neo (czarna)\"}]},{\"@type\":\"WebSite\",\"@id\":\"https:\/\/ironsky.pl\/sklep\/#website\",\"url\":\"https:\/\/ironsky.pl\/sklep\/\",\"name\":\"IRONSKY.PL Sklep z Dronami\",\"description\":\"IRONSKY.PL Sklep z Dronami\",\"potentialAction\":[{\"@type\":\"SearchAction\",\"target\":{\"@type\":\"EntryPoint\",\"urlTemplate\":\"https:\/\/ironsky.pl\/sklep\/?s={search_term_string}\"},\"query-input\":{\"@type\":\"PropertyValueSpecification\",\"valueRequired\":true,\"valueName\":\"search_term_string\"}}],\"inLanguage\":\"pl-PL\"}]}<\/script>\n<!-- \/ Yoast SEO plugin. -->","yoast_head_json":{"title":"Torba SUNNYLIFE Combo DJI Neo (czarna) - IRONSKY.PL Sklep z Dronami","description":"Torba SUNNYLIFE Combo DJI Neo (czarna) - \u2705 sklep z dronami i fachowym doradztwem. \u2705 Tutaj kupisz produkty DJI, Yuneec, Parrot, Syma i wiele innych, a tak\u017ce kursy i licencje na operatora drona.","robots":{"index":"index","follow":"follow","max-snippet":"max-snippet:-1","max-image-preview":"max-image-preview:large","max-video-preview":"max-video-preview:-1"},"canonical":"https:\/\/ironsky.pl\/sklep\/produkt\/torba-sunnylife-combo-dji-neo-czarna\/","og_locale":"pl_PL","og_type":"article","og_title":"Torba SUNNYLIFE Combo DJI Neo (czarna) - IRONSKY.PL Sklep z Dronami","og_description":"Torba SUNNYLIFE Combo DJI Neo (czarna) - \u2705 sklep z dronami i fachowym doradztwem. \u2705 Tutaj kupisz produkty DJI, Yuneec, Parrot, Syma i wiele innych, a tak\u017ce kursy i licencje na operatora drona.","og_url":"https:\/\/ironsky.pl\/sklep\/produkt\/torba-sunnylife-combo-dji-neo-czarna\/","og_site_name":"IRONSKY.PL Sklep z Dronami","article_modified_time":"2026-04-15T08:50:32+00:00","og_image":[{"width":800,"height":800,"url":"https:\/\/ironsky.pl\/sklep\/wp-content\/uploads\/2026\/04\/47574_1.jpg","type":"image\/jpeg"}],"twitter_card":"summary_large_image","twitter_misc":{"Szacowany czas czytania":"1 minuta"},"schema":{"@context":"https:\/\/schema.org","@graph":[{"@type":"WebPage","@id":"https:\/\/ironsky.pl\/sklep\/produkt\/torba-sunnylife-combo-dji-neo-czarna\/","url":"https:\/\/ironsky.pl\/sklep\/produkt\/torba-sunnylife-combo-dji-neo-czarna\/","name":"Torba SUNNYLIFE Combo DJI Neo (czarna) - IRONSKY.PL Sklep z Dronami","isPartOf":{"@id":"https:\/\/ironsky.pl\/sklep\/#website"},"primaryImageOfPage":{"@id":"https:\/\/ironsky.pl\/sklep\/produkt\/torba-sunnylife-combo-dji-neo-czarna\/#primaryimage"},"image":{"@id":"https:\/\/ironsky.pl\/sklep\/produkt\/torba-sunnylife-combo-dji-neo-czarna\/#primaryimage"},"thumbnailUrl":"https:\/\/ironsky.pl\/sklep\/wp-content\/uploads\/2026\/04\/47574_1.jpg","datePublished":"2026-04-15T08:50:27+00:00","dateModified":"2026-04-15T08:50:32+00:00","description":"Torba SUNNYLIFE Combo DJI Neo (czarna) - \u2705 sklep z dronami i fachowym doradztwem. \u2705 Tutaj kupisz produkty DJI, Yuneec, Parrot, Syma i wiele innych, a tak\u017ce kursy i licencje na operatora drona.","breadcrumb":{"@id":"https:\/\/ironsky.pl\/sklep\/produkt\/torba-sunnylife-combo-dji-neo-czarna\/#breadcrumb"},"inLanguage":"pl-PL","potentialAction":[{"@type":"ReadAction","target":["https:\/\/ironsky.pl\/sklep\/produkt\/torba-sunnylife-combo-dji-neo-czarna\/"]}]},{"@type":"ImageObject","inLanguage":"pl-PL","@id":"https:\/\/ironsky.pl\/sklep\/produkt\/torba-sunnylife-combo-dji-neo-czarna\/#primaryimage","url":"https:\/\/ironsky.pl\/sklep\/wp-content\/uploads\/2026\/04\/47574_1.jpg","contentUrl":"https:\/\/ironsky.pl\/sklep\/wp-content\/uploads\/2026\/04\/47574_1.jpg","width":800,"height":800},{"@type":"BreadcrumbList","@id":"https:\/\/ironsky.pl\/sklep\/produkt\/torba-sunnylife-combo-dji-neo-czarna\/#breadcrumb","itemListElement":[{"@type":"ListItem","position":1,"name":"Strona g\u0142\u00f3wna","item":"https:\/\/ironsky.pl\/sklep\/"},{"@type":"ListItem","position":2,"name":"Wszystkie produkty","item":"https:\/\/ironsky.pl\/sklep\/produkty\/"},{"@type":"ListItem","position":3,"name":"Torba SUNNYLIFE Combo DJI Neo (czarna)"}]},{"@type":"WebSite","@id":"https:\/\/ironsky.pl\/sklep\/#website","url":"https:\/\/ironsky.pl\/sklep\/","name":"IRONSKY.PL Sklep z Dronami","description":"IRONSKY.PL Sklep z Dronami","potentialAction":[{"@type":"SearchAction","target":{"@type":"EntryPoint","urlTemplate":"https:\/\/ironsky.pl\/sklep\/?s={search_term_string}"},"query-input":{"@type":"PropertyValueSpecification","valueRequired":true,"valueName":"search_term_string"}}],"inLanguage":"pl-PL"}]}},"_links":{"self":[{"href":"https:\/\/ironsky.pl\/sklep\/wp-json\/wp\/v2\/product\/59688","targetHints":{"allow":["GET"]}}],"collection":[{"href":"https:\/\/ironsky.pl\/sklep\/wp-json\/wp\/v2\/product"}],"about":[{"href":"https:\/\/ironsky.pl\/sklep\/wp-json\/wp\/v2\/types\/product"}],"replies":[{"embeddable":true,"href":"https:\/\/ironsky.pl\/sklep\/wp-json\/wp\/v2\/comments?post=59688"}],"wp:featuredmedia":[{"embeddable":true,"href":"https:\/\/ironsky.pl\/sklep\/wp-json\/wp\/v2\/media\/59689"}],"wp:attachment":[{"href":"https:\/\/ironsky.pl\/sklep\/wp-json\/wp\/v2\/media?parent=59688"}],"wp:term":[{"taxonomy":"product_brand","embeddable":true,"href":"https:\/\/ironsky.pl\/sklep\/wp-json\/wp\/v2\/product_brand?post=59688"},{"taxonomy":"product_cat","embeddable":true,"href":"https:\/\/ironsky.pl\/sklep\/wp-json\/wp\/v2\/product_cat?post=59688"},{"taxonomy":"product_tag","embeddable":true,"href":"https:\/\/ironsky.pl\/sklep\/wp-json\/wp\/v2\/product_tag?post=59688"}],"curies":[{"name":"wp","href":"https:\/\/api.w.org\/{rel}","templated":true}]}}