{"id":59681,"date":"2026-04-15T10:49:44","date_gmt":"2026-04-15T08:49:44","guid":{"rendered":"https:\/\/ironsky.pl\/sklep\/produkt\/walizka-sunnylife-dji-neo-czarna\/"},"modified":"2026-04-15T10:50:25","modified_gmt":"2026-04-15T08:50:25","slug":"walizka-sunnylife-dji-neo-czarna","status":"publish","type":"product","link":"https:\/\/ironsky.pl\/sklep\/produkt\/walizka-sunnylife-dji-neo-czarna\/","title":{"rendered":"Walizka SUNNYLIFE DJI Neo (czarna)"},"content":{"rendered":"<h3>Walizka SUNNYLIFE do DJI Neo (czarna)<\/h3>\n<p>Walizka SUNNYLIFE u\u0142atwia przechowywanie i transport drona DJI Neo wraz z akcesoriami, takimi jak kontroler RC-N3 wraz z uchwytem na tablet ZJ067 oraz ZJ508, podwy\u017cszenie podwozia LG865, hub do \u0142adowania, a\u017c 7 akumulator\u00f3w (w tym jeden w dronie i trzy w hubie), a tak\u017ce filtry do obiektywu, zapasowe \u015bmig\u0142a, \u015brubokr\u0119t i przewody do \u0142adowania. Solidna i niezawodna konstrukcja zapewnia pe\u0142n\u0105 ochron\u0119 sprz\u0119tu w ka\u017cdych warunkach. Wymiary produktu wynosz\u0105 34 x 25 x 13,8 cm, a jego waga nie przekracza 1,32 kg. W oddzielnej sprzeda\u017cy dost\u0119pny jest pasek, kt\u00f3ry dodatkowo u\u0142atwia przenoszenie walizki. Podr\u00f3\u017cuj wygodniej z SUNNYLIFE!<\/p>\n<p>\n<img decoding=\"async\" src=\"https:\/\/assets.innpro.pl\/10222\/12019\/2.jpg\" border=\"0\" \/>\n<\/p>\n<h3>Wodoodporno\u015b\u0107\u00a0<\/h3>\n<p>Dzi\u0119ki wodoodporno\u015bci walizka chroni urz\u0105dzenia przed zalaniem i wilgoci\u0105. Szczelnie zamkni\u0119ta konstrukcja skutecznie zapobiega przedostawaniu si\u0119 wody do wn\u0119trza \u2013 mo\u017cesz wi\u0119c transportowa\u0107 sw\u00f3j sprz\u0119t bez obaw w ka\u017cdych warunkach pogodowych.<\/p>\n<p>\n<img decoding=\"async\" src=\"https:\/\/assets.innpro.pl\/10222\/12019\/6.jpg\" border=\"0\" \/>\n<\/p>\n<h3>Odporno\u015b\u0107 na wstrz\u0105sy i uderzenia<\/h3>\n<p>Do produkcji walizki zastosowano wytrzyma\u0142e materia\u0142y, w tym stal nierdzewn\u0105 304, kt\u00f3re zapewniaj\u0105 odporno\u015b\u0107 na wstrz\u0105sy, uderzenia i zmiany temperatury. Wewn\u0119trzna wy\u015bci\u00f3\u0142ka o precyzyjnym kszta\u0142cie gwarantuje stabilno\u015b\u0107 i dodatkow\u0105 ochron\u0119 dla Twojego sprz\u0119tu, minimalizuj\u0105c ryzyko uszkodze\u0144 podczas transportu.<\/p>\n<p>\n<img decoding=\"async\" src=\"https:\/\/assets.innpro.pl\/10222\/12019\/1.jpg\" border=\"0\" \/>\n<\/p>\n<h3>Bezpieczne przechowywanie sprz\u0119tu<\/h3>\n<p>Niezawodny zamek walizki jest odporny na zu\u017cycie, a wysokiej jako\u015bci tworzywo sztuczne, z kt\u00f3rego wykonano obudow\u0119, jest nie tylko niepodatne na korozj\u0119, ale tak\u017ce skutecznie chroni zawarto\u015b\u0107 przed uszkodzeniami mechanicznymi.<\/p>\n<p>\n<img decoding=\"async\" src=\"https:\/\/assets.innpro.pl\/10222\/12019\/3.jpg\" border=\"0\" \/>\n<\/p>\n<div class=\"table-wrapper\">\n<p>\u00a0<\/p>\n<h3><\/h3>\n<table>\n<tbody>\n<tr>\n<th>Producent<\/th>\n<td>Sunnylife<\/td>\n<\/tr>\n<tr>\n<th>Kod producenta<\/th>\n<td>AQX-15<\/td>\n<\/tr>\n<tr>\n<th>Kompatybilno\u015b\u0107<\/th>\n<td>DJI Neo<\/td>\n<\/tr>\n<tr>\n<th>Waga<\/th>\n<td>1,32 kg<\/td>\n<\/tr>\n<tr>\n<th>Wymiary<\/th>\n<td>34 x 25 x 13,8 cm<\/td>\n<\/tr>\n<tr>\n<th>Kolor<\/th>\n<td>czarny<\/td>\n<\/tr>\n<\/tbody>\n<\/table>\n<\/div>\n","protected":false},"excerpt":{"rendered":"<p>Walizka SUNNYLIFE do DJI Neo (czarna) Walizka SUNNYLIFE u\u0142atwia przechowywanie i transport drona DJI Neo wraz z akcesoriami, takimi jak<\/p>\n","protected":false},"featured_media":59682,"comment_status":"closed","ping_status":"open","template":"","meta":{"_acf_changed":false},"product_brand":[],"product_cat":[6167,1088,6171],"product_tag":[],"class_list":{"0":"post-59681","1":"product","2":"type-product","3":"status-publish","4":"has-post-thumbnail","6":"product_cat-akcesoria-do-dronow","7":"product_cat-drony","8":"product_cat-torby-i-walizki","9":"pa_okres-gwarancji-5757","10":"pa_producent-sunnylife","12":"first","13":"outofstock","14":"taxable","15":"shipping-taxable","16":"purchasable","17":"product-type-simple"},"acf":[],"yoast_head":"<!-- This site is optimized with the Yoast SEO plugin v27.2 - https:\/\/yoast.com\/product\/yoast-seo-wordpress\/ -->\n<title>Walizka SUNNYLIFE DJI Neo (czarna) - IRONSKY.PL Sklep z Dronami<\/title>\n<meta name=\"description\" content=\"Walizka SUNNYLIFE DJI Neo (czarna) - \u2705 sklep z dronami i fachowym doradztwem. \u2705 Tutaj kupisz produkty DJI, Yuneec, Parrot, Syma i wiele innych, a tak\u017ce kursy i licencje na operatora drona.\" \/>\n<meta name=\"robots\" content=\"index, follow, max-snippet:-1, max-image-preview:large, max-video-preview:-1\" \/>\n<link rel=\"canonical\" href=\"https:\/\/ironsky.pl\/sklep\/produkt\/walizka-sunnylife-dji-neo-czarna\/\" \/>\n<meta property=\"og:locale\" content=\"pl_PL\" \/>\n<meta property=\"og:type\" content=\"article\" \/>\n<meta property=\"og:title\" content=\"Walizka SUNNYLIFE DJI Neo (czarna) - IRONSKY.PL Sklep z Dronami\" \/>\n<meta property=\"og:description\" content=\"Walizka SUNNYLIFE DJI Neo (czarna) - \u2705 sklep z dronami i fachowym doradztwem. \u2705 Tutaj kupisz produkty DJI, Yuneec, Parrot, Syma i wiele innych, a tak\u017ce kursy i licencje na operatora drona.\" \/>\n<meta property=\"og:url\" content=\"https:\/\/ironsky.pl\/sklep\/produkt\/walizka-sunnylife-dji-neo-czarna\/\" \/>\n<meta property=\"og:site_name\" content=\"IRONSKY.PL Sklep z Dronami\" \/>\n<meta property=\"article:modified_time\" content=\"2026-04-15T08:50:25+00:00\" \/>\n<meta property=\"og:image\" content=\"https:\/\/ironsky.pl\/sklep\/wp-content\/uploads\/2026\/04\/47571_1.jpg\" \/>\n\t<meta property=\"og:image:width\" content=\"800\" \/>\n\t<meta property=\"og:image:height\" content=\"800\" \/>\n\t<meta property=\"og:image:type\" content=\"image\/jpeg\" \/>\n<meta name=\"twitter:card\" content=\"summary_large_image\" \/>\n<meta name=\"twitter:label1\" content=\"Szacowany czas czytania\" \/>\n\t<meta name=\"twitter:data1\" content=\"1 minuta\" \/>\n<script type=\"application\/ld+json\" class=\"yoast-schema-graph\">{\"@context\":\"https:\/\/schema.org\",\"@graph\":[{\"@type\":\"WebPage\",\"@id\":\"https:\/\/ironsky.pl\/sklep\/produkt\/walizka-sunnylife-dji-neo-czarna\/\",\"url\":\"https:\/\/ironsky.pl\/sklep\/produkt\/walizka-sunnylife-dji-neo-czarna\/\",\"name\":\"Walizka SUNNYLIFE DJI Neo (czarna) - IRONSKY.PL Sklep z Dronami\",\"isPartOf\":{\"@id\":\"https:\/\/ironsky.pl\/sklep\/#website\"},\"primaryImageOfPage\":{\"@id\":\"https:\/\/ironsky.pl\/sklep\/produkt\/walizka-sunnylife-dji-neo-czarna\/#primaryimage\"},\"image\":{\"@id\":\"https:\/\/ironsky.pl\/sklep\/produkt\/walizka-sunnylife-dji-neo-czarna\/#primaryimage\"},\"thumbnailUrl\":\"https:\/\/ironsky.pl\/sklep\/wp-content\/uploads\/2026\/04\/47571_1.jpg\",\"datePublished\":\"2026-04-15T08:49:44+00:00\",\"dateModified\":\"2026-04-15T08:50:25+00:00\",\"description\":\"Walizka SUNNYLIFE DJI Neo (czarna) - \u2705 sklep z dronami i fachowym doradztwem. \u2705 Tutaj kupisz produkty DJI, Yuneec, Parrot, Syma i wiele innych, a tak\u017ce kursy i licencje na operatora drona.\",\"breadcrumb\":{\"@id\":\"https:\/\/ironsky.pl\/sklep\/produkt\/walizka-sunnylife-dji-neo-czarna\/#breadcrumb\"},\"inLanguage\":\"pl-PL\",\"potentialAction\":[{\"@type\":\"ReadAction\",\"target\":[\"https:\/\/ironsky.pl\/sklep\/produkt\/walizka-sunnylife-dji-neo-czarna\/\"]}]},{\"@type\":\"ImageObject\",\"inLanguage\":\"pl-PL\",\"@id\":\"https:\/\/ironsky.pl\/sklep\/produkt\/walizka-sunnylife-dji-neo-czarna\/#primaryimage\",\"url\":\"https:\/\/ironsky.pl\/sklep\/wp-content\/uploads\/2026\/04\/47571_1.jpg\",\"contentUrl\":\"https:\/\/ironsky.pl\/sklep\/wp-content\/uploads\/2026\/04\/47571_1.jpg\",\"width\":800,\"height\":800},{\"@type\":\"BreadcrumbList\",\"@id\":\"https:\/\/ironsky.pl\/sklep\/produkt\/walizka-sunnylife-dji-neo-czarna\/#breadcrumb\",\"itemListElement\":[{\"@type\":\"ListItem\",\"position\":1,\"name\":\"Strona g\u0142\u00f3wna\",\"item\":\"https:\/\/ironsky.pl\/sklep\/\"},{\"@type\":\"ListItem\",\"position\":2,\"name\":\"Wszystkie produkty\",\"item\":\"https:\/\/ironsky.pl\/sklep\/produkty\/\"},{\"@type\":\"ListItem\",\"position\":3,\"name\":\"Walizka SUNNYLIFE DJI Neo (czarna)\"}]},{\"@type\":\"WebSite\",\"@id\":\"https:\/\/ironsky.pl\/sklep\/#website\",\"url\":\"https:\/\/ironsky.pl\/sklep\/\",\"name\":\"IRONSKY.PL Sklep z Dronami\",\"description\":\"IRONSKY.PL Sklep z Dronami\",\"potentialAction\":[{\"@type\":\"SearchAction\",\"target\":{\"@type\":\"EntryPoint\",\"urlTemplate\":\"https:\/\/ironsky.pl\/sklep\/?s={search_term_string}\"},\"query-input\":{\"@type\":\"PropertyValueSpecification\",\"valueRequired\":true,\"valueName\":\"search_term_string\"}}],\"inLanguage\":\"pl-PL\"}]}<\/script>\n<!-- \/ Yoast SEO plugin. -->","yoast_head_json":{"title":"Walizka SUNNYLIFE DJI Neo (czarna) - IRONSKY.PL Sklep z Dronami","description":"Walizka SUNNYLIFE DJI Neo (czarna) - \u2705 sklep z dronami i fachowym doradztwem. \u2705 Tutaj kupisz produkty DJI, Yuneec, Parrot, Syma i wiele innych, a tak\u017ce kursy i licencje na operatora drona.","robots":{"index":"index","follow":"follow","max-snippet":"max-snippet:-1","max-image-preview":"max-image-preview:large","max-video-preview":"max-video-preview:-1"},"canonical":"https:\/\/ironsky.pl\/sklep\/produkt\/walizka-sunnylife-dji-neo-czarna\/","og_locale":"pl_PL","og_type":"article","og_title":"Walizka SUNNYLIFE DJI Neo (czarna) - IRONSKY.PL Sklep z Dronami","og_description":"Walizka SUNNYLIFE DJI Neo (czarna) - \u2705 sklep z dronami i fachowym doradztwem. \u2705 Tutaj kupisz produkty DJI, Yuneec, Parrot, Syma i wiele innych, a tak\u017ce kursy i licencje na operatora drona.","og_url":"https:\/\/ironsky.pl\/sklep\/produkt\/walizka-sunnylife-dji-neo-czarna\/","og_site_name":"IRONSKY.PL Sklep z Dronami","article_modified_time":"2026-04-15T08:50:25+00:00","og_image":[{"width":800,"height":800,"url":"https:\/\/ironsky.pl\/sklep\/wp-content\/uploads\/2026\/04\/47571_1.jpg","type":"image\/jpeg"}],"twitter_card":"summary_large_image","twitter_misc":{"Szacowany czas czytania":"1 minuta"},"schema":{"@context":"https:\/\/schema.org","@graph":[{"@type":"WebPage","@id":"https:\/\/ironsky.pl\/sklep\/produkt\/walizka-sunnylife-dji-neo-czarna\/","url":"https:\/\/ironsky.pl\/sklep\/produkt\/walizka-sunnylife-dji-neo-czarna\/","name":"Walizka SUNNYLIFE DJI Neo (czarna) - IRONSKY.PL Sklep z Dronami","isPartOf":{"@id":"https:\/\/ironsky.pl\/sklep\/#website"},"primaryImageOfPage":{"@id":"https:\/\/ironsky.pl\/sklep\/produkt\/walizka-sunnylife-dji-neo-czarna\/#primaryimage"},"image":{"@id":"https:\/\/ironsky.pl\/sklep\/produkt\/walizka-sunnylife-dji-neo-czarna\/#primaryimage"},"thumbnailUrl":"https:\/\/ironsky.pl\/sklep\/wp-content\/uploads\/2026\/04\/47571_1.jpg","datePublished":"2026-04-15T08:49:44+00:00","dateModified":"2026-04-15T08:50:25+00:00","description":"Walizka SUNNYLIFE DJI Neo (czarna) - \u2705 sklep z dronami i fachowym doradztwem. \u2705 Tutaj kupisz produkty DJI, Yuneec, Parrot, Syma i wiele innych, a tak\u017ce kursy i licencje na operatora drona.","breadcrumb":{"@id":"https:\/\/ironsky.pl\/sklep\/produkt\/walizka-sunnylife-dji-neo-czarna\/#breadcrumb"},"inLanguage":"pl-PL","potentialAction":[{"@type":"ReadAction","target":["https:\/\/ironsky.pl\/sklep\/produkt\/walizka-sunnylife-dji-neo-czarna\/"]}]},{"@type":"ImageObject","inLanguage":"pl-PL","@id":"https:\/\/ironsky.pl\/sklep\/produkt\/walizka-sunnylife-dji-neo-czarna\/#primaryimage","url":"https:\/\/ironsky.pl\/sklep\/wp-content\/uploads\/2026\/04\/47571_1.jpg","contentUrl":"https:\/\/ironsky.pl\/sklep\/wp-content\/uploads\/2026\/04\/47571_1.jpg","width":800,"height":800},{"@type":"BreadcrumbList","@id":"https:\/\/ironsky.pl\/sklep\/produkt\/walizka-sunnylife-dji-neo-czarna\/#breadcrumb","itemListElement":[{"@type":"ListItem","position":1,"name":"Strona g\u0142\u00f3wna","item":"https:\/\/ironsky.pl\/sklep\/"},{"@type":"ListItem","position":2,"name":"Wszystkie produkty","item":"https:\/\/ironsky.pl\/sklep\/produkty\/"},{"@type":"ListItem","position":3,"name":"Walizka SUNNYLIFE DJI Neo (czarna)"}]},{"@type":"WebSite","@id":"https:\/\/ironsky.pl\/sklep\/#website","url":"https:\/\/ironsky.pl\/sklep\/","name":"IRONSKY.PL Sklep z Dronami","description":"IRONSKY.PL Sklep z Dronami","potentialAction":[{"@type":"SearchAction","target":{"@type":"EntryPoint","urlTemplate":"https:\/\/ironsky.pl\/sklep\/?s={search_term_string}"},"query-input":{"@type":"PropertyValueSpecification","valueRequired":true,"valueName":"search_term_string"}}],"inLanguage":"pl-PL"}]}},"_links":{"self":[{"href":"https:\/\/ironsky.pl\/sklep\/wp-json\/wp\/v2\/product\/59681","targetHints":{"allow":["GET"]}}],"collection":[{"href":"https:\/\/ironsky.pl\/sklep\/wp-json\/wp\/v2\/product"}],"about":[{"href":"https:\/\/ironsky.pl\/sklep\/wp-json\/wp\/v2\/types\/product"}],"replies":[{"embeddable":true,"href":"https:\/\/ironsky.pl\/sklep\/wp-json\/wp\/v2\/comments?post=59681"}],"wp:featuredmedia":[{"embeddable":true,"href":"https:\/\/ironsky.pl\/sklep\/wp-json\/wp\/v2\/media\/59682"}],"wp:attachment":[{"href":"https:\/\/ironsky.pl\/sklep\/wp-json\/wp\/v2\/media?parent=59681"}],"wp:term":[{"taxonomy":"product_brand","embeddable":true,"href":"https:\/\/ironsky.pl\/sklep\/wp-json\/wp\/v2\/product_brand?post=59681"},{"taxonomy":"product_cat","embeddable":true,"href":"https:\/\/ironsky.pl\/sklep\/wp-json\/wp\/v2\/product_cat?post=59681"},{"taxonomy":"product_tag","embeddable":true,"href":"https:\/\/ironsky.pl\/sklep\/wp-json\/wp\/v2\/product_tag?post=59681"}],"curies":[{"name":"wp","href":"https:\/\/api.w.org\/{rel}","templated":true}]}}