{"id":59677,"date":"2026-04-15T10:49:44","date_gmt":"2026-04-15T08:49:44","guid":{"rendered":"https:\/\/ironsky.pl\/sklep\/produkt\/etui-na-laptopa-tomtoc-terra-a27-16-niebieskie\/"},"modified":"2026-04-15T10:50:17","modified_gmt":"2026-04-15T08:50:17","slug":"etui-na-laptopa-tomtoc-terra-a27-16-niebieskie","status":"publish","type":"product","link":"https:\/\/ironsky.pl\/sklep\/produkt\/etui-na-laptopa-tomtoc-terra-a27-16-niebieskie\/","title":{"rendered":"Etui na laptopa TOMTOC Terra-A27 16&#8243; (niebieskie)"},"content":{"rendered":"<h3>Etui na laptopa 16&#8221; Tomtoc Terra-A27 (niebieskie)<\/h3>\n<p>Etui Tomtoc Terra-A27 to stylowe i ekologiczne rozwi\u0105zanie do ochrony laptopa, wykonane w 100% z materia\u0142\u00f3w pochodz\u0105cych z recyklingu. Dzi\u0119ki technologii CornerArmor X4 i mi\u0119kkiej, pikowanej strukturze etui zapewnia doskona\u0142\u0105 ochron\u0119 i komfort u\u017cytkowania. Produkt jest kompatybilny z wieloma modelami MacBooka i iPada, co czyni go idealnym wyborem dla os\u00f3b ceni\u0105cych zar\u00f3wno bezpiecze\u0144stwo swojego sprz\u0119tu, jak i trosk\u0119 o \u015brodowisko.<\/p>\n<p>\n<img decoding=\"async\" src=\"https:\/\/assets.innpro.pl\/10658\/12565\/5.jpg\" border=\"0\" \/>\n<\/p>\n<h3>Z my\u015bl\u0105 o \u015brodowisku<\/h3>\n<p>Etui Terra-A27 zosta\u0142o wykonane z innowacyjnych tkanin w 100% pochodz\u0105cych z recyklingu. Materia\u0142y, takie jak nylon z recyklingu oraz zamki YKK NATULON Plus, zosta\u0142y starannie dobrane, by \u0142\u0105czy\u0107 wytrzyma\u0142o\u015b\u0107 z trosk\u0105 o nasz\u0105 planet\u0119. Ka\u017cdy detal \u2013 od zewn\u0119trznej tkaniny po wst\u0105\u017ck\u0119 z etykiet\u0105 \u2013 odzwierciedla nasze zaanga\u017cowanie w ochron\u0119 \u015brodowiska.<\/p>\n<p>\n<img decoding=\"async\" src=\"https:\/\/assets.innpro.pl\/10658\/12565\/6.jpg\" border=\"0\" \/>\n<\/p>\n<h3>Mi\u0119kko\u015b\u0107 z ochron\u0105 na najwy\u017cszym poziomie<\/h3>\n<p>Wyobra\u017a sobie sw\u00f3j laptop otulony w puchate etui o mi\u0119kkiej, pikowanej strukturze, kt\u00f3re zarazem jest solidne i niezawodne \u2014 to gwarantuje etui Terra-A27. Akcesorium przypomina mi\u0119kk\u0105 poduszk\u0119, kt\u00f3ra zapewnia doskona\u0142e po\u0142\u0105czenie delikatno\u015bci i wytrzyma\u0142o\u015bci. Etui bez problemu zmie\u015bci si\u0119 w wi\u0119kszej torbie, zawsze zachowuj\u0105c sw\u00f3j kszta\u0142t i bezpiecznie obejmuj\u0105c Tw\u00f3j sprz\u0119t.<\/p>\n<p>\n<img decoding=\"async\" src=\"https:\/\/assets.innpro.pl\/10658\/12565\/3.jpg\" border=\"0\" \/>\n<\/p>\n<h3>Technologia CornerArmor X4 dla maksymalnej ochrony<\/h3>\n<p>Zastosowana technologia CornerArmor X4 sprawia, \u017ce etui zapewnia maksymaln\u0105 ochron\u0119 Twojego MacBooka nawet w najtrudniejszych sytuacjach. Wysokiej jako\u015bci materia\u0142 z eko-poliestrowej bawe\u0142ny oraz supermi\u0119kkie welurowe wn\u0119trze nadaj\u0105 produktowi nie tylko odporno\u015b\u0107 na uderzenia i wstrz\u0105sy, ale te\u017c niezr\u00f3wnan\u0105 ochron\u0119 Twojego urz\u0105dzenia.<\/p>\n<p>\n<img decoding=\"async\" src=\"https:\/\/assets.innpro.pl\/10658\/12565\/4.jpg\" border=\"0\" \/>\n<\/p>\n<h3>Elegancki design i kompatybilno\u015b\u0107<\/h3>\n<p>Doskonale kompatybilny z 16-calowym MacBookiem Pro z chipami M3\/M2\/M1 Pro\/Max (modele A2991, A2780, A2485, A2141) z lat 2023-2019, 15-calowym Microsoft Surface Book 3\/2, nowym Razer Blade 15 oraz laptopem ThinkPad X1 Extreme Gen 3\/2 (15&#8243;). Wewn\u0119trzne wymiary wynosz\u0105 40.5 x 28.8 x 3 cm, co sprawia, \u017ce etui jest por\u0119czne i \u0142atwe w transporcie. Tomtoc Terra-A27 \u0142\u0105czy praktyczne z estetycznym, oferuj\u0105c Twoim urz\u0105dzeniom maksimum ochrony ka\u017cdego dnia.<\/p>\n<p>\n<img decoding=\"async\" src=\"https:\/\/assets.innpro.pl\/10658\/12565\/1.jpg\" border=\"0\" \/>\n<\/p>\n<div class=\"table-wrapper\">\n<p>\u00a0<\/p>\n<h3><\/h3>\n<table>\n<tbody>\n<tr>\n<th>Producent<\/th>\n<td>Tomtoc <\/td>\n<\/tr>\n<tr>\n<th>Model<\/th>\n<td>Terra-A27<\/td>\n<\/tr>\n<tr>\n<th>Kolor<\/th>\n<td>niebieski<\/td>\n<\/tr>\n<tr>\n<th>Wymiary<\/th>\n<td>40.5 x 28.8 x 3 cm<\/td>\n<\/tr>\n<tr>\n<th>Waga<\/th>\n<td>255 g<\/td>\n<\/tr>\n<tr>\n<th>Kompatybilne urz\u0105dzenia<\/th>\n<td>16-calowy MacBook Pro z chipami M3\/M2\/M1 Pro\/Max (modele A2991, A2780, A2485, A2141), 15-calowy Microsoft Surface Book 3\/2,  Razer Blade 15, laptop ThinkPad X1 Extreme Gen 3\/2 (15&#8243;)<\/td>\n<\/tr>\n<tr>\n<th>Materia\u0142 wykonania<\/th>\n<td>Innowacyjne tkaniny w 100% pochodz\u0105ce z recyklingu (nylon z recyklingu, zamki YKK NATULON Plus)<\/td>\n<\/tr>\n<tr>\n<th>Dodatkowe zabezpieczenia<\/th>\n<td>Technologia CornerArmor X4, supermi\u0119kkie welurowe wn\u0119trze, eko-poliestrowa bawe\u0142na<\/td>\n<\/tr>\n<tr>\n<th>Design<\/th>\n<td>Pikowana struktura<\/td>\n<\/tr>\n<\/tbody>\n<\/table>\n<\/div>\n","protected":false},"excerpt":{"rendered":"<p>Etui na laptopa 16&#8221; Tomtoc Terra-A27 (niebieskie) Etui Tomtoc Terra-A27 to stylowe i ekologiczne rozwi\u0105zanie do ochrony laptopa, wykonane w<\/p>\n","protected":false},"featured_media":46097,"comment_status":"closed","ping_status":"open","template":"","meta":{"_acf_changed":false},"product_brand":[],"product_cat":[5929,5955],"product_tag":[],"class_list":{"0":"post-59677","1":"product","2":"type-product","3":"status-publish","4":"has-post-thumbnail","6":"product_cat-akcesoria-it","7":"product_cat-przenoszenie","8":"pa_okres-gwarancji-5757","9":"pa_producent-tomtoc","11":"first","12":"outofstock","13":"taxable","14":"shipping-taxable","15":"purchasable","16":"product-type-simple"},"acf":[],"yoast_head":"<!-- This site is optimized with the Yoast SEO plugin v27.2 - https:\/\/yoast.com\/product\/yoast-seo-wordpress\/ -->\n<title>Etui na laptopa TOMTOC Terra-A27 16&quot; (niebieskie) - IRONSKY.PL Sklep z Dronami<\/title>\n<meta name=\"description\" content=\"Etui na laptopa TOMTOC Terra-A27 16&quot; (niebieskie) - \u2705 sklep z dronami i fachowym doradztwem. \u2705 Tutaj kupisz produkty DJI, Yuneec, Parrot, Syma i wiele innych, a tak\u017ce kursy i licencje na operatora drona.\" \/>\n<meta name=\"robots\" content=\"index, follow, max-snippet:-1, max-image-preview:large, max-video-preview:-1\" \/>\n<link rel=\"canonical\" href=\"https:\/\/ironsky.pl\/sklep\/produkt\/etui-na-laptopa-tomtoc-terra-a27-16-niebieskie\/\" \/>\n<meta property=\"og:locale\" content=\"pl_PL\" \/>\n<meta property=\"og:type\" content=\"article\" \/>\n<meta property=\"og:title\" content=\"Etui na laptopa TOMTOC Terra-A27 16&quot; (niebieskie) - IRONSKY.PL Sklep z Dronami\" \/>\n<meta property=\"og:description\" content=\"Etui na laptopa TOMTOC Terra-A27 16&quot; (niebieskie) - \u2705 sklep z dronami i fachowym doradztwem. \u2705 Tutaj kupisz produkty DJI, Yuneec, Parrot, Syma i wiele innych, a tak\u017ce kursy i licencje na operatora drona.\" \/>\n<meta property=\"og:url\" content=\"https:\/\/ironsky.pl\/sklep\/produkt\/etui-na-laptopa-tomtoc-terra-a27-16-niebieskie\/\" \/>\n<meta property=\"og:site_name\" content=\"IRONSKY.PL Sklep z Dronami\" \/>\n<meta property=\"article:modified_time\" content=\"2026-04-15T08:50:17+00:00\" \/>\n<meta property=\"og:image\" content=\"https:\/\/ironsky.pl\/sklep\/wp-content\/uploads\/2025\/06\/47545_1.jpg\" \/>\n\t<meta property=\"og:image:width\" content=\"800\" \/>\n\t<meta property=\"og:image:height\" content=\"800\" \/>\n\t<meta property=\"og:image:type\" content=\"image\/jpeg\" \/>\n<meta name=\"twitter:card\" content=\"summary_large_image\" \/>\n<meta name=\"twitter:label1\" content=\"Szacowany czas czytania\" \/>\n\t<meta name=\"twitter:data1\" content=\"2 minuty\" \/>\n<script type=\"application\/ld+json\" class=\"yoast-schema-graph\">{\"@context\":\"https:\/\/schema.org\",\"@graph\":[{\"@type\":\"WebPage\",\"@id\":\"https:\/\/ironsky.pl\/sklep\/produkt\/etui-na-laptopa-tomtoc-terra-a27-16-niebieskie\/\",\"url\":\"https:\/\/ironsky.pl\/sklep\/produkt\/etui-na-laptopa-tomtoc-terra-a27-16-niebieskie\/\",\"name\":\"Etui na laptopa TOMTOC Terra-A27 16\\\" (niebieskie) - IRONSKY.PL Sklep z Dronami\",\"isPartOf\":{\"@id\":\"https:\/\/ironsky.pl\/sklep\/#website\"},\"primaryImageOfPage\":{\"@id\":\"https:\/\/ironsky.pl\/sklep\/produkt\/etui-na-laptopa-tomtoc-terra-a27-16-niebieskie\/#primaryimage\"},\"image\":{\"@id\":\"https:\/\/ironsky.pl\/sklep\/produkt\/etui-na-laptopa-tomtoc-terra-a27-16-niebieskie\/#primaryimage\"},\"thumbnailUrl\":\"https:\/\/ironsky.pl\/sklep\/wp-content\/uploads\/2025\/06\/47545_1.jpg\",\"datePublished\":\"2026-04-15T08:49:44+00:00\",\"dateModified\":\"2026-04-15T08:50:17+00:00\",\"description\":\"Etui na laptopa TOMTOC Terra-A27 16\\\" (niebieskie) - \u2705 sklep z dronami i fachowym doradztwem. \u2705 Tutaj kupisz produkty DJI, Yuneec, Parrot, Syma i wiele innych, a tak\u017ce kursy i licencje na operatora drona.\",\"breadcrumb\":{\"@id\":\"https:\/\/ironsky.pl\/sklep\/produkt\/etui-na-laptopa-tomtoc-terra-a27-16-niebieskie\/#breadcrumb\"},\"inLanguage\":\"pl-PL\",\"potentialAction\":[{\"@type\":\"ReadAction\",\"target\":[\"https:\/\/ironsky.pl\/sklep\/produkt\/etui-na-laptopa-tomtoc-terra-a27-16-niebieskie\/\"]}]},{\"@type\":\"ImageObject\",\"inLanguage\":\"pl-PL\",\"@id\":\"https:\/\/ironsky.pl\/sklep\/produkt\/etui-na-laptopa-tomtoc-terra-a27-16-niebieskie\/#primaryimage\",\"url\":\"https:\/\/ironsky.pl\/sklep\/wp-content\/uploads\/2025\/06\/47545_1.jpg\",\"contentUrl\":\"https:\/\/ironsky.pl\/sklep\/wp-content\/uploads\/2025\/06\/47545_1.jpg\",\"width\":800,\"height\":800},{\"@type\":\"BreadcrumbList\",\"@id\":\"https:\/\/ironsky.pl\/sklep\/produkt\/etui-na-laptopa-tomtoc-terra-a27-16-niebieskie\/#breadcrumb\",\"itemListElement\":[{\"@type\":\"ListItem\",\"position\":1,\"name\":\"Strona g\u0142\u00f3wna\",\"item\":\"https:\/\/ironsky.pl\/sklep\/\"},{\"@type\":\"ListItem\",\"position\":2,\"name\":\"Wszystkie produkty\",\"item\":\"https:\/\/ironsky.pl\/sklep\/produkty\/\"},{\"@type\":\"ListItem\",\"position\":3,\"name\":\"Etui na laptopa TOMTOC Terra-A27 16&#8243; (niebieskie)\"}]},{\"@type\":\"WebSite\",\"@id\":\"https:\/\/ironsky.pl\/sklep\/#website\",\"url\":\"https:\/\/ironsky.pl\/sklep\/\",\"name\":\"IRONSKY.PL Sklep z Dronami\",\"description\":\"IRONSKY.PL Sklep z Dronami\",\"potentialAction\":[{\"@type\":\"SearchAction\",\"target\":{\"@type\":\"EntryPoint\",\"urlTemplate\":\"https:\/\/ironsky.pl\/sklep\/?s={search_term_string}\"},\"query-input\":{\"@type\":\"PropertyValueSpecification\",\"valueRequired\":true,\"valueName\":\"search_term_string\"}}],\"inLanguage\":\"pl-PL\"}]}<\/script>\n<!-- \/ Yoast SEO plugin. -->","yoast_head_json":{"title":"Etui na laptopa TOMTOC Terra-A27 16\" (niebieskie) - IRONSKY.PL Sklep z Dronami","description":"Etui na laptopa TOMTOC Terra-A27 16\" (niebieskie) - \u2705 sklep z dronami i fachowym doradztwem. \u2705 Tutaj kupisz produkty DJI, Yuneec, Parrot, Syma i wiele innych, a tak\u017ce kursy i licencje na operatora drona.","robots":{"index":"index","follow":"follow","max-snippet":"max-snippet:-1","max-image-preview":"max-image-preview:large","max-video-preview":"max-video-preview:-1"},"canonical":"https:\/\/ironsky.pl\/sklep\/produkt\/etui-na-laptopa-tomtoc-terra-a27-16-niebieskie\/","og_locale":"pl_PL","og_type":"article","og_title":"Etui na laptopa TOMTOC Terra-A27 16\" (niebieskie) - IRONSKY.PL Sklep z Dronami","og_description":"Etui na laptopa TOMTOC Terra-A27 16\" (niebieskie) - \u2705 sklep z dronami i fachowym doradztwem. \u2705 Tutaj kupisz produkty DJI, Yuneec, Parrot, Syma i wiele innych, a tak\u017ce kursy i licencje na operatora drona.","og_url":"https:\/\/ironsky.pl\/sklep\/produkt\/etui-na-laptopa-tomtoc-terra-a27-16-niebieskie\/","og_site_name":"IRONSKY.PL Sklep z Dronami","article_modified_time":"2026-04-15T08:50:17+00:00","og_image":[{"width":800,"height":800,"url":"https:\/\/ironsky.pl\/sklep\/wp-content\/uploads\/2025\/06\/47545_1.jpg","type":"image\/jpeg"}],"twitter_card":"summary_large_image","twitter_misc":{"Szacowany czas czytania":"2 minuty"},"schema":{"@context":"https:\/\/schema.org","@graph":[{"@type":"WebPage","@id":"https:\/\/ironsky.pl\/sklep\/produkt\/etui-na-laptopa-tomtoc-terra-a27-16-niebieskie\/","url":"https:\/\/ironsky.pl\/sklep\/produkt\/etui-na-laptopa-tomtoc-terra-a27-16-niebieskie\/","name":"Etui na laptopa TOMTOC Terra-A27 16\" (niebieskie) - IRONSKY.PL Sklep z Dronami","isPartOf":{"@id":"https:\/\/ironsky.pl\/sklep\/#website"},"primaryImageOfPage":{"@id":"https:\/\/ironsky.pl\/sklep\/produkt\/etui-na-laptopa-tomtoc-terra-a27-16-niebieskie\/#primaryimage"},"image":{"@id":"https:\/\/ironsky.pl\/sklep\/produkt\/etui-na-laptopa-tomtoc-terra-a27-16-niebieskie\/#primaryimage"},"thumbnailUrl":"https:\/\/ironsky.pl\/sklep\/wp-content\/uploads\/2025\/06\/47545_1.jpg","datePublished":"2026-04-15T08:49:44+00:00","dateModified":"2026-04-15T08:50:17+00:00","description":"Etui na laptopa TOMTOC Terra-A27 16\" (niebieskie) - \u2705 sklep z dronami i fachowym doradztwem. \u2705 Tutaj kupisz produkty DJI, Yuneec, Parrot, Syma i wiele innych, a tak\u017ce kursy i licencje na operatora drona.","breadcrumb":{"@id":"https:\/\/ironsky.pl\/sklep\/produkt\/etui-na-laptopa-tomtoc-terra-a27-16-niebieskie\/#breadcrumb"},"inLanguage":"pl-PL","potentialAction":[{"@type":"ReadAction","target":["https:\/\/ironsky.pl\/sklep\/produkt\/etui-na-laptopa-tomtoc-terra-a27-16-niebieskie\/"]}]},{"@type":"ImageObject","inLanguage":"pl-PL","@id":"https:\/\/ironsky.pl\/sklep\/produkt\/etui-na-laptopa-tomtoc-terra-a27-16-niebieskie\/#primaryimage","url":"https:\/\/ironsky.pl\/sklep\/wp-content\/uploads\/2025\/06\/47545_1.jpg","contentUrl":"https:\/\/ironsky.pl\/sklep\/wp-content\/uploads\/2025\/06\/47545_1.jpg","width":800,"height":800},{"@type":"BreadcrumbList","@id":"https:\/\/ironsky.pl\/sklep\/produkt\/etui-na-laptopa-tomtoc-terra-a27-16-niebieskie\/#breadcrumb","itemListElement":[{"@type":"ListItem","position":1,"name":"Strona g\u0142\u00f3wna","item":"https:\/\/ironsky.pl\/sklep\/"},{"@type":"ListItem","position":2,"name":"Wszystkie produkty","item":"https:\/\/ironsky.pl\/sklep\/produkty\/"},{"@type":"ListItem","position":3,"name":"Etui na laptopa TOMTOC Terra-A27 16&#8243; (niebieskie)"}]},{"@type":"WebSite","@id":"https:\/\/ironsky.pl\/sklep\/#website","url":"https:\/\/ironsky.pl\/sklep\/","name":"IRONSKY.PL Sklep z Dronami","description":"IRONSKY.PL Sklep z Dronami","potentialAction":[{"@type":"SearchAction","target":{"@type":"EntryPoint","urlTemplate":"https:\/\/ironsky.pl\/sklep\/?s={search_term_string}"},"query-input":{"@type":"PropertyValueSpecification","valueRequired":true,"valueName":"search_term_string"}}],"inLanguage":"pl-PL"}]}},"_links":{"self":[{"href":"https:\/\/ironsky.pl\/sklep\/wp-json\/wp\/v2\/product\/59677","targetHints":{"allow":["GET"]}}],"collection":[{"href":"https:\/\/ironsky.pl\/sklep\/wp-json\/wp\/v2\/product"}],"about":[{"href":"https:\/\/ironsky.pl\/sklep\/wp-json\/wp\/v2\/types\/product"}],"replies":[{"embeddable":true,"href":"https:\/\/ironsky.pl\/sklep\/wp-json\/wp\/v2\/comments?post=59677"}],"wp:featuredmedia":[{"embeddable":true,"href":"https:\/\/ironsky.pl\/sklep\/wp-json\/wp\/v2\/media\/46097"}],"wp:attachment":[{"href":"https:\/\/ironsky.pl\/sklep\/wp-json\/wp\/v2\/media?parent=59677"}],"wp:term":[{"taxonomy":"product_brand","embeddable":true,"href":"https:\/\/ironsky.pl\/sklep\/wp-json\/wp\/v2\/product_brand?post=59677"},{"taxonomy":"product_cat","embeddable":true,"href":"https:\/\/ironsky.pl\/sklep\/wp-json\/wp\/v2\/product_cat?post=59677"},{"taxonomy":"product_tag","embeddable":true,"href":"https:\/\/ironsky.pl\/sklep\/wp-json\/wp\/v2\/product_tag?post=59677"}],"curies":[{"name":"wp","href":"https:\/\/api.w.org\/{rel}","templated":true}]}}