{"id":59658,"date":"2026-04-15T10:49:44","date_gmt":"2026-04-15T08:49:44","guid":{"rendered":"https:\/\/ironsky.pl\/sklep\/produkt\/uchwyt-montazowy-dji-high-bright-remote-monitor-focus-pro\/"},"modified":"2026-04-15T10:49:59","modified_gmt":"2026-04-15T08:49:59","slug":"uchwyt-montazowy-dji-high-bright-remote-monitor-focus-pro","status":"publish","type":"product","link":"https:\/\/ironsky.pl\/sklep\/produkt\/uchwyt-montazowy-dji-high-bright-remote-monitor-focus-pro\/","title":{"rendered":"Uchwyt monta\u017cowy DJI High-Bright Remote Monitor Focus Pro"},"content":{"rendered":"<h3>DJI High-Bright Remote Monitor uchwyt\u00a0 monta\u017cowy do Focus Pro Hand Unit<\/h3>\n<p>Ten niewielki uchwyt umo\u017cliwia monta\u017c zdalnego monitora DJI High-Bright Remote Monitor razem z modu\u0142em DJI Focus Pro Hand Unit. Dzi\u0119ki temu osoby zajmuj\u0105ce si\u0119 regulacj\u0105 ostro\u015bci na planie filmowym mog\u0105 wygodnie kontrolowa\u0107 focus, a jednocze\u015bnie sprawdza\u0107 podgl\u0105d z kamery.<\/p>\n<p>\n<img decoding=\"async\" src=\"https:\/\/assets.innpro.pl\/9980\/11681\/1.jpg\" border=\"0\" \/>\n<\/p>\n<h3>W zestawie<\/h3>\n<ul class=\"list-disc pl-5\">\n<li>Uchwyt x1<\/li>\n<li>Adapter x1<\/li>\n<li>Nakr\u0119tka motylkowa x2<\/li>\n<li>\u015aruba mocuj\u0105ca 1\/4&#8243;-20 x1<\/li>\n<\/ul>\n<div class=\"table-wrapper\">\n<p>\u00a0<\/p>\n<h3><\/h3>\n<table>\n<tbody>\n<tr>\n<th>Producent<\/th>\n<td>DJI<\/td>\n<\/tr>\n<tr>\n<th>Nazwa<\/th>\n<td>DJI High-Bright Remote Monitor Holder<\/td>\n<\/tr>\n<tr>\n<th>Model<\/th>\n<td>CP.RN.00000380.01<\/td>\n<\/tr>\n<tr>\n<th>Waga<\/th>\n<td>Uchwyt: 133 g; Uchwyt + adapter: 190 g;<\/td>\n<\/tr>\n<tr>\n<th>Wymiary<\/th>\n<td>Uchwyt: 149 x 104,2 x 34,5 mm; Uchwyt + adapter: 170 x 128,2 x 34,5 mm;<\/td>\n<\/tr>\n<tr>\n<th>Kompatybilno\u015b\u0107<\/th>\n<td>DJI Focus Pro Hand Unit, DJI High-Bright Remote Monitor* *Dzi\u0119ki DJI Transmission osoby ustawiaj\u0105ce ostro\u015b\u0107 mog\u0105 zdalnie monitorowa\u0107 obraz z kamery na DJI High-Bright Remote Monitor lub zdalnie kontrolowa\u0107 ostro\u015b\u0107 DJI Inspire 3 lub DJI Ronin 4D za pomoc\u0105 DJI Focus Pro Hand Unit.<\/td>\n<\/tr>\n<\/tbody>\n<\/table>\n<\/div>\n","protected":false},"excerpt":{"rendered":"<p>DJI High-Bright Remote Monitor uchwyt\u00a0 monta\u017cowy do Focus Pro Hand Unit Ten niewielki uchwyt umo\u017cliwia monta\u017c zdalnego monitora DJI High-Bright<\/p>\n","protected":false},"featured_media":59659,"comment_status":"closed","ping_status":"open","template":"","meta":{"_acf_changed":false},"product_brand":[],"product_cat":[1130,6174,1128],"product_tag":[],"class_list":{"0":"post-59658","1":"product","2":"type-product","3":"status-publish","4":"has-post-thumbnail","6":"product_cat-akcesoria-foto","7":"product_cat-do-aparatow-i-kamer","8":"product_cat-foto-wideo","9":"pa_okres-gwarancji-5757","10":"pa_producent-dji","12":"first","13":"outofstock","14":"taxable","15":"shipping-taxable","16":"purchasable","17":"product-type-simple"},"acf":[],"yoast_head":"<!-- This site is optimized with the Yoast SEO plugin v27.2 - https:\/\/yoast.com\/product\/yoast-seo-wordpress\/ -->\n<title>Uchwyt monta\u017cowy DJI High-Bright Remote Monitor Focus Pro - IRONSKY.PL Sklep z Dronami<\/title>\n<meta name=\"description\" content=\"Uchwyt monta\u017cowy DJI High-Bright Remote Monitor Focus Pro - \u2705 sklep z dronami i fachowym doradztwem. \u2705 Tutaj kupisz produkty DJI, Yuneec, Parrot, Syma i wiele innych, a tak\u017ce kursy i licencje na operatora drona.\" \/>\n<meta name=\"robots\" content=\"index, follow, max-snippet:-1, max-image-preview:large, max-video-preview:-1\" \/>\n<link rel=\"canonical\" href=\"https:\/\/ironsky.pl\/sklep\/produkt\/uchwyt-montazowy-dji-high-bright-remote-monitor-focus-pro\/\" \/>\n<meta property=\"og:locale\" content=\"pl_PL\" \/>\n<meta property=\"og:type\" content=\"article\" \/>\n<meta property=\"og:title\" content=\"Uchwyt monta\u017cowy DJI High-Bright Remote Monitor Focus Pro - IRONSKY.PL Sklep z Dronami\" \/>\n<meta property=\"og:description\" content=\"Uchwyt monta\u017cowy DJI High-Bright Remote Monitor Focus Pro - \u2705 sklep z dronami i fachowym doradztwem. \u2705 Tutaj kupisz produkty DJI, Yuneec, Parrot, Syma i wiele innych, a tak\u017ce kursy i licencje na operatora drona.\" \/>\n<meta property=\"og:url\" content=\"https:\/\/ironsky.pl\/sklep\/produkt\/uchwyt-montazowy-dji-high-bright-remote-monitor-focus-pro\/\" \/>\n<meta property=\"og:site_name\" content=\"IRONSKY.PL Sklep z Dronami\" \/>\n<meta property=\"article:modified_time\" content=\"2026-04-15T08:49:59+00:00\" \/>\n<meta property=\"og:image\" content=\"https:\/\/ironsky.pl\/sklep\/wp-content\/uploads\/2026\/04\/47525_1.jpg\" \/>\n\t<meta property=\"og:image:width\" content=\"800\" \/>\n\t<meta property=\"og:image:height\" content=\"800\" \/>\n\t<meta property=\"og:image:type\" content=\"image\/jpeg\" \/>\n<meta name=\"twitter:card\" content=\"summary_large_image\" \/>\n<meta name=\"twitter:label1\" content=\"Szacowany czas czytania\" \/>\n\t<meta name=\"twitter:data1\" content=\"1 minuta\" \/>\n<script type=\"application\/ld+json\" class=\"yoast-schema-graph\">{\"@context\":\"https:\/\/schema.org\",\"@graph\":[{\"@type\":\"WebPage\",\"@id\":\"https:\/\/ironsky.pl\/sklep\/produkt\/uchwyt-montazowy-dji-high-bright-remote-monitor-focus-pro\/\",\"url\":\"https:\/\/ironsky.pl\/sklep\/produkt\/uchwyt-montazowy-dji-high-bright-remote-monitor-focus-pro\/\",\"name\":\"Uchwyt monta\u017cowy DJI High-Bright Remote Monitor Focus Pro - IRONSKY.PL Sklep z Dronami\",\"isPartOf\":{\"@id\":\"https:\/\/ironsky.pl\/sklep\/#website\"},\"primaryImageOfPage\":{\"@id\":\"https:\/\/ironsky.pl\/sklep\/produkt\/uchwyt-montazowy-dji-high-bright-remote-monitor-focus-pro\/#primaryimage\"},\"image\":{\"@id\":\"https:\/\/ironsky.pl\/sklep\/produkt\/uchwyt-montazowy-dji-high-bright-remote-monitor-focus-pro\/#primaryimage\"},\"thumbnailUrl\":\"https:\/\/ironsky.pl\/sklep\/wp-content\/uploads\/2026\/04\/47525_1.jpg\",\"datePublished\":\"2026-04-15T08:49:44+00:00\",\"dateModified\":\"2026-04-15T08:49:59+00:00\",\"description\":\"Uchwyt monta\u017cowy DJI High-Bright Remote Monitor Focus Pro - \u2705 sklep z dronami i fachowym doradztwem. \u2705 Tutaj kupisz produkty DJI, Yuneec, Parrot, Syma i wiele innych, a tak\u017ce kursy i licencje na operatora drona.\",\"breadcrumb\":{\"@id\":\"https:\/\/ironsky.pl\/sklep\/produkt\/uchwyt-montazowy-dji-high-bright-remote-monitor-focus-pro\/#breadcrumb\"},\"inLanguage\":\"pl-PL\",\"potentialAction\":[{\"@type\":\"ReadAction\",\"target\":[\"https:\/\/ironsky.pl\/sklep\/produkt\/uchwyt-montazowy-dji-high-bright-remote-monitor-focus-pro\/\"]}]},{\"@type\":\"ImageObject\",\"inLanguage\":\"pl-PL\",\"@id\":\"https:\/\/ironsky.pl\/sklep\/produkt\/uchwyt-montazowy-dji-high-bright-remote-monitor-focus-pro\/#primaryimage\",\"url\":\"https:\/\/ironsky.pl\/sklep\/wp-content\/uploads\/2026\/04\/47525_1.jpg\",\"contentUrl\":\"https:\/\/ironsky.pl\/sklep\/wp-content\/uploads\/2026\/04\/47525_1.jpg\",\"width\":800,\"height\":800},{\"@type\":\"BreadcrumbList\",\"@id\":\"https:\/\/ironsky.pl\/sklep\/produkt\/uchwyt-montazowy-dji-high-bright-remote-monitor-focus-pro\/#breadcrumb\",\"itemListElement\":[{\"@type\":\"ListItem\",\"position\":1,\"name\":\"Strona g\u0142\u00f3wna\",\"item\":\"https:\/\/ironsky.pl\/sklep\/\"},{\"@type\":\"ListItem\",\"position\":2,\"name\":\"Wszystkie produkty\",\"item\":\"https:\/\/ironsky.pl\/sklep\/produkty\/\"},{\"@type\":\"ListItem\",\"position\":3,\"name\":\"Uchwyt monta\u017cowy DJI High-Bright Remote Monitor Focus Pro\"}]},{\"@type\":\"WebSite\",\"@id\":\"https:\/\/ironsky.pl\/sklep\/#website\",\"url\":\"https:\/\/ironsky.pl\/sklep\/\",\"name\":\"IRONSKY.PL Sklep z Dronami\",\"description\":\"IRONSKY.PL Sklep z Dronami\",\"potentialAction\":[{\"@type\":\"SearchAction\",\"target\":{\"@type\":\"EntryPoint\",\"urlTemplate\":\"https:\/\/ironsky.pl\/sklep\/?s={search_term_string}\"},\"query-input\":{\"@type\":\"PropertyValueSpecification\",\"valueRequired\":true,\"valueName\":\"search_term_string\"}}],\"inLanguage\":\"pl-PL\"}]}<\/script>\n<!-- \/ Yoast SEO plugin. -->","yoast_head_json":{"title":"Uchwyt monta\u017cowy DJI High-Bright Remote Monitor Focus Pro - IRONSKY.PL Sklep z Dronami","description":"Uchwyt monta\u017cowy DJI High-Bright Remote Monitor Focus Pro - \u2705 sklep z dronami i fachowym doradztwem. \u2705 Tutaj kupisz produkty DJI, Yuneec, Parrot, Syma i wiele innych, a tak\u017ce kursy i licencje na operatora drona.","robots":{"index":"index","follow":"follow","max-snippet":"max-snippet:-1","max-image-preview":"max-image-preview:large","max-video-preview":"max-video-preview:-1"},"canonical":"https:\/\/ironsky.pl\/sklep\/produkt\/uchwyt-montazowy-dji-high-bright-remote-monitor-focus-pro\/","og_locale":"pl_PL","og_type":"article","og_title":"Uchwyt monta\u017cowy DJI High-Bright Remote Monitor Focus Pro - IRONSKY.PL Sklep z Dronami","og_description":"Uchwyt monta\u017cowy DJI High-Bright Remote Monitor Focus Pro - \u2705 sklep z dronami i fachowym doradztwem. \u2705 Tutaj kupisz produkty DJI, Yuneec, Parrot, Syma i wiele innych, a tak\u017ce kursy i licencje na operatora drona.","og_url":"https:\/\/ironsky.pl\/sklep\/produkt\/uchwyt-montazowy-dji-high-bright-remote-monitor-focus-pro\/","og_site_name":"IRONSKY.PL Sklep z Dronami","article_modified_time":"2026-04-15T08:49:59+00:00","og_image":[{"width":800,"height":800,"url":"https:\/\/ironsky.pl\/sklep\/wp-content\/uploads\/2026\/04\/47525_1.jpg","type":"image\/jpeg"}],"twitter_card":"summary_large_image","twitter_misc":{"Szacowany czas czytania":"1 minuta"},"schema":{"@context":"https:\/\/schema.org","@graph":[{"@type":"WebPage","@id":"https:\/\/ironsky.pl\/sklep\/produkt\/uchwyt-montazowy-dji-high-bright-remote-monitor-focus-pro\/","url":"https:\/\/ironsky.pl\/sklep\/produkt\/uchwyt-montazowy-dji-high-bright-remote-monitor-focus-pro\/","name":"Uchwyt monta\u017cowy DJI High-Bright Remote Monitor Focus Pro - IRONSKY.PL Sklep z Dronami","isPartOf":{"@id":"https:\/\/ironsky.pl\/sklep\/#website"},"primaryImageOfPage":{"@id":"https:\/\/ironsky.pl\/sklep\/produkt\/uchwyt-montazowy-dji-high-bright-remote-monitor-focus-pro\/#primaryimage"},"image":{"@id":"https:\/\/ironsky.pl\/sklep\/produkt\/uchwyt-montazowy-dji-high-bright-remote-monitor-focus-pro\/#primaryimage"},"thumbnailUrl":"https:\/\/ironsky.pl\/sklep\/wp-content\/uploads\/2026\/04\/47525_1.jpg","datePublished":"2026-04-15T08:49:44+00:00","dateModified":"2026-04-15T08:49:59+00:00","description":"Uchwyt monta\u017cowy DJI High-Bright Remote Monitor Focus Pro - \u2705 sklep z dronami i fachowym doradztwem. \u2705 Tutaj kupisz produkty DJI, Yuneec, Parrot, Syma i wiele innych, a tak\u017ce kursy i licencje na operatora drona.","breadcrumb":{"@id":"https:\/\/ironsky.pl\/sklep\/produkt\/uchwyt-montazowy-dji-high-bright-remote-monitor-focus-pro\/#breadcrumb"},"inLanguage":"pl-PL","potentialAction":[{"@type":"ReadAction","target":["https:\/\/ironsky.pl\/sklep\/produkt\/uchwyt-montazowy-dji-high-bright-remote-monitor-focus-pro\/"]}]},{"@type":"ImageObject","inLanguage":"pl-PL","@id":"https:\/\/ironsky.pl\/sklep\/produkt\/uchwyt-montazowy-dji-high-bright-remote-monitor-focus-pro\/#primaryimage","url":"https:\/\/ironsky.pl\/sklep\/wp-content\/uploads\/2026\/04\/47525_1.jpg","contentUrl":"https:\/\/ironsky.pl\/sklep\/wp-content\/uploads\/2026\/04\/47525_1.jpg","width":800,"height":800},{"@type":"BreadcrumbList","@id":"https:\/\/ironsky.pl\/sklep\/produkt\/uchwyt-montazowy-dji-high-bright-remote-monitor-focus-pro\/#breadcrumb","itemListElement":[{"@type":"ListItem","position":1,"name":"Strona g\u0142\u00f3wna","item":"https:\/\/ironsky.pl\/sklep\/"},{"@type":"ListItem","position":2,"name":"Wszystkie produkty","item":"https:\/\/ironsky.pl\/sklep\/produkty\/"},{"@type":"ListItem","position":3,"name":"Uchwyt monta\u017cowy DJI High-Bright Remote Monitor Focus Pro"}]},{"@type":"WebSite","@id":"https:\/\/ironsky.pl\/sklep\/#website","url":"https:\/\/ironsky.pl\/sklep\/","name":"IRONSKY.PL Sklep z Dronami","description":"IRONSKY.PL Sklep z Dronami","potentialAction":[{"@type":"SearchAction","target":{"@type":"EntryPoint","urlTemplate":"https:\/\/ironsky.pl\/sklep\/?s={search_term_string}"},"query-input":{"@type":"PropertyValueSpecification","valueRequired":true,"valueName":"search_term_string"}}],"inLanguage":"pl-PL"}]}},"_links":{"self":[{"href":"https:\/\/ironsky.pl\/sklep\/wp-json\/wp\/v2\/product\/59658","targetHints":{"allow":["GET"]}}],"collection":[{"href":"https:\/\/ironsky.pl\/sklep\/wp-json\/wp\/v2\/product"}],"about":[{"href":"https:\/\/ironsky.pl\/sklep\/wp-json\/wp\/v2\/types\/product"}],"replies":[{"embeddable":true,"href":"https:\/\/ironsky.pl\/sklep\/wp-json\/wp\/v2\/comments?post=59658"}],"wp:featuredmedia":[{"embeddable":true,"href":"https:\/\/ironsky.pl\/sklep\/wp-json\/wp\/v2\/media\/59659"}],"wp:attachment":[{"href":"https:\/\/ironsky.pl\/sklep\/wp-json\/wp\/v2\/media?parent=59658"}],"wp:term":[{"taxonomy":"product_brand","embeddable":true,"href":"https:\/\/ironsky.pl\/sklep\/wp-json\/wp\/v2\/product_brand?post=59658"},{"taxonomy":"product_cat","embeddable":true,"href":"https:\/\/ironsky.pl\/sklep\/wp-json\/wp\/v2\/product_cat?post=59658"},{"taxonomy":"product_tag","embeddable":true,"href":"https:\/\/ironsky.pl\/sklep\/wp-json\/wp\/v2\/product_tag?post=59658"}],"curies":[{"name":"wp","href":"https:\/\/api.w.org\/{rel}","templated":true}]}}