{"id":59620,"date":"2026-04-15T10:49:10","date_gmt":"2026-04-15T08:49:10","guid":{"rendered":"https:\/\/ironsky.pl\/sklep\/produkt\/adapter-zimnej-stopki-dji-osmo-action\/"},"modified":"2026-04-15T10:49:36","modified_gmt":"2026-04-15T08:49:36","slug":"adapter-zimnej-stopki-dji-osmo-action","status":"publish","type":"product","link":"https:\/\/ironsky.pl\/sklep\/produkt\/adapter-zimnej-stopki-dji-osmo-action\/","title":{"rendered":"Adapter zimnej stopki DJI Osmo Action"},"content":{"rendered":"<h3>DJI Osmo Action zestaw zimna stopka<\/h3>\n<p>Zestaw rozszerzaj\u0105cy Osmo Action Cold Shoe to praktyczne rozwi\u0105zanie, kt\u00f3re pozwala na monta\u017c dodatkowych akcesori\u00f3w, takich jak mikrofony czy \u015bwiat\u0142a wype\u0142niaj\u0105ce na Twojej kamerze. W sk\u0142ad zestawu wchodz\u0105 dwa adaptery \u2013 jeden do pokrywy akumulatora oraz adapter do szybkoz\u0142\u0105czki, kt\u00f3re s\u0105 kompatybilne z urz\u0105dzeniami wykorzystuj\u0105cymi mocowanie typu zimna stopka. Dzi\u0119ki kompaktowej konstrukcji zestaw umo\u017cliwia wygodne filmowanie z r\u0119ki, nawet z dwoma akcesoriami jednocze\u015bnie, bez zwi\u0119kszania rozmiaru lub wagi ca\u0142ego zestawu.\u00a0<\/p>\n<p>\n<img decoding=\"async\" src=\"https:\/\/assets.innpro.pl\/9745\/11369\/1.jpg\" border=\"0\" \/>\n<\/p>\n<h3>Pewne i bezpieczne mocowanie akcesori\u00f3w<\/h3>\n<p>Zestaw gwarantuje pewne i bezpieczne mocowanie Twoich akcesori\u00f3w, co pozwala Ci w pe\u0142ni skupi\u0107 si\u0119 na nagrywaniu. Dla optymalnej wydajno\u015bci wystarczy upewni\u0107 si\u0119, \u017ce adapter jest solidnie zamocowany, bez luz\u00f3w. Co wi\u0119cej, adapter szybkoz\u0142\u0105czki ze wbudowanymi magnesami zapewnia szybkie i wygodne pod\u0142\u0105czanie akcesori\u00f3w, takich jak mikrofony czy lampy, co pozwala na b\u0142yskawiczne dostosowanie sprz\u0119tu do warunk\u00f3w.\u00a0<\/p>\n<p>\n<img decoding=\"async\" src=\"https:\/\/assets.innpro.pl\/9745\/11369\/3.jpg\" border=\"0\" \/>\n<\/p>\n<h3>W zestawie<\/h3>\n<ul class=\"list-disc pl-5\">\n<li>Adapter zimnej stopki do pokrywy akumulatora Osmo Action \u00d71<\/li>\n<li>Adapter zimnej stopki do szybkoz\u0142\u0105czki Osmo Action \u00d71<\/li>\n<\/ul>\n<div class=\"table-wrapper\">\n<p>\u00a0<\/p>\n<h3><\/h3>\n<table>\n<tbody>\n<tr>\n<th>Producent<\/th>\n<td>DJI<\/td>\n<\/tr>\n<tr>\n<th>Kod producenta<\/th>\n<td>CP.OS.00000368.01<\/td>\n<\/tr>\n<tr>\n<th><\/th>\n<td><\/td>\n<\/tr>\n<\/tbody>\n<\/table>\n<p>\u00a0<\/p>\n<h3>Adapter zimnej stopki do pokrywy akumulatora Osmo Action:<\/h3>\n<table>\n<tbody>\n<tr>\n<th>Waga:<\/th>\n<td>8,7 g<\/td>\n<\/tr>\n<tr>\n<th>Wymiary: <\/th>\n<td>43,5 \u00d7 18,5 \u00d7 12,4 mm<\/td>\n<\/tr>\n<\/tbody>\n<\/table>\n<p>\u00a0<\/p>\n<h3>Adapter zimnej stopki do szybkoz\u0142\u0105czki Osmo Action:<\/h3>\n<table>\n<tbody>\n<tr>\n<th>Waga: <\/th>\n<td>17,6 g<\/td>\n<\/tr>\n<tr>\n<th>Wymiary: <\/th>\n<td>39,7 \u00d7 21,2 \u00d7 16,1 mm<\/td>\n<\/tr>\n<\/tbody>\n<\/table>\n<\/div>\n","protected":false},"excerpt":{"rendered":"<p>DJI Osmo Action zestaw zimna stopka Zestaw rozszerzaj\u0105cy Osmo Action Cold Shoe to praktyczne rozwi\u0105zanie, kt\u00f3re pozwala na monta\u017c dodatkowych<\/p>\n","protected":false},"featured_media":59621,"comment_status":"closed","ping_status":"open","template":"","meta":{"_acf_changed":false},"product_brand":[],"product_cat":[1130,1137,1128],"product_tag":[],"class_list":{"0":"post-59620","1":"product","2":"type-product","3":"status-publish","4":"has-post-thumbnail","6":"product_cat-akcesoria-foto","7":"product_cat-do-kamer-sportowych","8":"product_cat-foto-wideo","9":"pa_okres-gwarancji-5757","10":"pa_producent-dji","12":"first","13":"outofstock","14":"taxable","15":"shipping-taxable","16":"purchasable","17":"product-type-simple"},"acf":[],"yoast_head":"<!-- This site is optimized with the Yoast SEO plugin v27.2 - https:\/\/yoast.com\/product\/yoast-seo-wordpress\/ -->\n<title>Adapter zimnej stopki DJI Osmo Action - IRONSKY.PL Sklep z Dronami<\/title>\n<meta name=\"description\" content=\"Adapter zimnej stopki DJI Osmo Action - \u2705 sklep z dronami i fachowym doradztwem. \u2705 Tutaj kupisz produkty DJI, Yuneec, Parrot, Syma i wiele innych, a tak\u017ce kursy i licencje na operatora drona.\" \/>\n<meta name=\"robots\" content=\"index, follow, max-snippet:-1, max-image-preview:large, max-video-preview:-1\" \/>\n<link rel=\"canonical\" href=\"https:\/\/ironsky.pl\/sklep\/produkt\/adapter-zimnej-stopki-dji-osmo-action\/\" \/>\n<meta property=\"og:locale\" content=\"pl_PL\" \/>\n<meta property=\"og:type\" content=\"article\" \/>\n<meta property=\"og:title\" content=\"Adapter zimnej stopki DJI Osmo Action - IRONSKY.PL Sklep z Dronami\" \/>\n<meta property=\"og:description\" content=\"Adapter zimnej stopki DJI Osmo Action - \u2705 sklep z dronami i fachowym doradztwem. \u2705 Tutaj kupisz produkty DJI, Yuneec, Parrot, Syma i wiele innych, a tak\u017ce kursy i licencje na operatora drona.\" \/>\n<meta property=\"og:url\" content=\"https:\/\/ironsky.pl\/sklep\/produkt\/adapter-zimnej-stopki-dji-osmo-action\/\" \/>\n<meta property=\"og:site_name\" content=\"IRONSKY.PL Sklep z Dronami\" \/>\n<meta property=\"article:modified_time\" content=\"2026-04-15T08:49:36+00:00\" \/>\n<meta property=\"og:image\" content=\"https:\/\/ironsky.pl\/sklep\/wp-content\/uploads\/2026\/04\/47375_3.jpg\" \/>\n\t<meta property=\"og:image:width\" content=\"800\" \/>\n\t<meta property=\"og:image:height\" content=\"800\" \/>\n\t<meta property=\"og:image:type\" content=\"image\/jpeg\" \/>\n<meta name=\"twitter:card\" content=\"summary_large_image\" \/>\n<meta name=\"twitter:label1\" content=\"Szacowany czas czytania\" \/>\n\t<meta name=\"twitter:data1\" content=\"1 minuta\" \/>\n<script type=\"application\/ld+json\" class=\"yoast-schema-graph\">{\"@context\":\"https:\/\/schema.org\",\"@graph\":[{\"@type\":\"WebPage\",\"@id\":\"https:\/\/ironsky.pl\/sklep\/produkt\/adapter-zimnej-stopki-dji-osmo-action\/\",\"url\":\"https:\/\/ironsky.pl\/sklep\/produkt\/adapter-zimnej-stopki-dji-osmo-action\/\",\"name\":\"Adapter zimnej stopki DJI Osmo Action - IRONSKY.PL Sklep z Dronami\",\"isPartOf\":{\"@id\":\"https:\/\/ironsky.pl\/sklep\/#website\"},\"primaryImageOfPage\":{\"@id\":\"https:\/\/ironsky.pl\/sklep\/produkt\/adapter-zimnej-stopki-dji-osmo-action\/#primaryimage\"},\"image\":{\"@id\":\"https:\/\/ironsky.pl\/sklep\/produkt\/adapter-zimnej-stopki-dji-osmo-action\/#primaryimage\"},\"thumbnailUrl\":\"https:\/\/ironsky.pl\/sklep\/wp-content\/uploads\/2026\/04\/47375_3.jpg\",\"datePublished\":\"2026-04-15T08:49:10+00:00\",\"dateModified\":\"2026-04-15T08:49:36+00:00\",\"description\":\"Adapter zimnej stopki DJI Osmo Action - \u2705 sklep z dronami i fachowym doradztwem. \u2705 Tutaj kupisz produkty DJI, Yuneec, Parrot, Syma i wiele innych, a tak\u017ce kursy i licencje na operatora drona.\",\"breadcrumb\":{\"@id\":\"https:\/\/ironsky.pl\/sklep\/produkt\/adapter-zimnej-stopki-dji-osmo-action\/#breadcrumb\"},\"inLanguage\":\"pl-PL\",\"potentialAction\":[{\"@type\":\"ReadAction\",\"target\":[\"https:\/\/ironsky.pl\/sklep\/produkt\/adapter-zimnej-stopki-dji-osmo-action\/\"]}]},{\"@type\":\"ImageObject\",\"inLanguage\":\"pl-PL\",\"@id\":\"https:\/\/ironsky.pl\/sklep\/produkt\/adapter-zimnej-stopki-dji-osmo-action\/#primaryimage\",\"url\":\"https:\/\/ironsky.pl\/sklep\/wp-content\/uploads\/2026\/04\/47375_3.jpg\",\"contentUrl\":\"https:\/\/ironsky.pl\/sklep\/wp-content\/uploads\/2026\/04\/47375_3.jpg\",\"width\":800,\"height\":800},{\"@type\":\"BreadcrumbList\",\"@id\":\"https:\/\/ironsky.pl\/sklep\/produkt\/adapter-zimnej-stopki-dji-osmo-action\/#breadcrumb\",\"itemListElement\":[{\"@type\":\"ListItem\",\"position\":1,\"name\":\"Strona g\u0142\u00f3wna\",\"item\":\"https:\/\/ironsky.pl\/sklep\/\"},{\"@type\":\"ListItem\",\"position\":2,\"name\":\"Wszystkie produkty\",\"item\":\"https:\/\/ironsky.pl\/sklep\/produkty\/\"},{\"@type\":\"ListItem\",\"position\":3,\"name\":\"Adapter zimnej stopki DJI Osmo Action\"}]},{\"@type\":\"WebSite\",\"@id\":\"https:\/\/ironsky.pl\/sklep\/#website\",\"url\":\"https:\/\/ironsky.pl\/sklep\/\",\"name\":\"IRONSKY.PL Sklep z Dronami\",\"description\":\"IRONSKY.PL Sklep z Dronami\",\"potentialAction\":[{\"@type\":\"SearchAction\",\"target\":{\"@type\":\"EntryPoint\",\"urlTemplate\":\"https:\/\/ironsky.pl\/sklep\/?s={search_term_string}\"},\"query-input\":{\"@type\":\"PropertyValueSpecification\",\"valueRequired\":true,\"valueName\":\"search_term_string\"}}],\"inLanguage\":\"pl-PL\"}]}<\/script>\n<!-- \/ Yoast SEO plugin. -->","yoast_head_json":{"title":"Adapter zimnej stopki DJI Osmo Action - IRONSKY.PL Sklep z Dronami","description":"Adapter zimnej stopki DJI Osmo Action - \u2705 sklep z dronami i fachowym doradztwem. \u2705 Tutaj kupisz produkty DJI, Yuneec, Parrot, Syma i wiele innych, a tak\u017ce kursy i licencje na operatora drona.","robots":{"index":"index","follow":"follow","max-snippet":"max-snippet:-1","max-image-preview":"max-image-preview:large","max-video-preview":"max-video-preview:-1"},"canonical":"https:\/\/ironsky.pl\/sklep\/produkt\/adapter-zimnej-stopki-dji-osmo-action\/","og_locale":"pl_PL","og_type":"article","og_title":"Adapter zimnej stopki DJI Osmo Action - IRONSKY.PL Sklep z Dronami","og_description":"Adapter zimnej stopki DJI Osmo Action - \u2705 sklep z dronami i fachowym doradztwem. \u2705 Tutaj kupisz produkty DJI, Yuneec, Parrot, Syma i wiele innych, a tak\u017ce kursy i licencje na operatora drona.","og_url":"https:\/\/ironsky.pl\/sklep\/produkt\/adapter-zimnej-stopki-dji-osmo-action\/","og_site_name":"IRONSKY.PL Sklep z Dronami","article_modified_time":"2026-04-15T08:49:36+00:00","og_image":[{"width":800,"height":800,"url":"https:\/\/ironsky.pl\/sklep\/wp-content\/uploads\/2026\/04\/47375_3.jpg","type":"image\/jpeg"}],"twitter_card":"summary_large_image","twitter_misc":{"Szacowany czas czytania":"1 minuta"},"schema":{"@context":"https:\/\/schema.org","@graph":[{"@type":"WebPage","@id":"https:\/\/ironsky.pl\/sklep\/produkt\/adapter-zimnej-stopki-dji-osmo-action\/","url":"https:\/\/ironsky.pl\/sklep\/produkt\/adapter-zimnej-stopki-dji-osmo-action\/","name":"Adapter zimnej stopki DJI Osmo Action - IRONSKY.PL Sklep z Dronami","isPartOf":{"@id":"https:\/\/ironsky.pl\/sklep\/#website"},"primaryImageOfPage":{"@id":"https:\/\/ironsky.pl\/sklep\/produkt\/adapter-zimnej-stopki-dji-osmo-action\/#primaryimage"},"image":{"@id":"https:\/\/ironsky.pl\/sklep\/produkt\/adapter-zimnej-stopki-dji-osmo-action\/#primaryimage"},"thumbnailUrl":"https:\/\/ironsky.pl\/sklep\/wp-content\/uploads\/2026\/04\/47375_3.jpg","datePublished":"2026-04-15T08:49:10+00:00","dateModified":"2026-04-15T08:49:36+00:00","description":"Adapter zimnej stopki DJI Osmo Action - \u2705 sklep z dronami i fachowym doradztwem. \u2705 Tutaj kupisz produkty DJI, Yuneec, Parrot, Syma i wiele innych, a tak\u017ce kursy i licencje na operatora drona.","breadcrumb":{"@id":"https:\/\/ironsky.pl\/sklep\/produkt\/adapter-zimnej-stopki-dji-osmo-action\/#breadcrumb"},"inLanguage":"pl-PL","potentialAction":[{"@type":"ReadAction","target":["https:\/\/ironsky.pl\/sklep\/produkt\/adapter-zimnej-stopki-dji-osmo-action\/"]}]},{"@type":"ImageObject","inLanguage":"pl-PL","@id":"https:\/\/ironsky.pl\/sklep\/produkt\/adapter-zimnej-stopki-dji-osmo-action\/#primaryimage","url":"https:\/\/ironsky.pl\/sklep\/wp-content\/uploads\/2026\/04\/47375_3.jpg","contentUrl":"https:\/\/ironsky.pl\/sklep\/wp-content\/uploads\/2026\/04\/47375_3.jpg","width":800,"height":800},{"@type":"BreadcrumbList","@id":"https:\/\/ironsky.pl\/sklep\/produkt\/adapter-zimnej-stopki-dji-osmo-action\/#breadcrumb","itemListElement":[{"@type":"ListItem","position":1,"name":"Strona g\u0142\u00f3wna","item":"https:\/\/ironsky.pl\/sklep\/"},{"@type":"ListItem","position":2,"name":"Wszystkie produkty","item":"https:\/\/ironsky.pl\/sklep\/produkty\/"},{"@type":"ListItem","position":3,"name":"Adapter zimnej stopki DJI Osmo Action"}]},{"@type":"WebSite","@id":"https:\/\/ironsky.pl\/sklep\/#website","url":"https:\/\/ironsky.pl\/sklep\/","name":"IRONSKY.PL Sklep z Dronami","description":"IRONSKY.PL Sklep z Dronami","potentialAction":[{"@type":"SearchAction","target":{"@type":"EntryPoint","urlTemplate":"https:\/\/ironsky.pl\/sklep\/?s={search_term_string}"},"query-input":{"@type":"PropertyValueSpecification","valueRequired":true,"valueName":"search_term_string"}}],"inLanguage":"pl-PL"}]}},"_links":{"self":[{"href":"https:\/\/ironsky.pl\/sklep\/wp-json\/wp\/v2\/product\/59620","targetHints":{"allow":["GET"]}}],"collection":[{"href":"https:\/\/ironsky.pl\/sklep\/wp-json\/wp\/v2\/product"}],"about":[{"href":"https:\/\/ironsky.pl\/sklep\/wp-json\/wp\/v2\/types\/product"}],"replies":[{"embeddable":true,"href":"https:\/\/ironsky.pl\/sklep\/wp-json\/wp\/v2\/comments?post=59620"}],"wp:featuredmedia":[{"embeddable":true,"href":"https:\/\/ironsky.pl\/sklep\/wp-json\/wp\/v2\/media\/59621"}],"wp:attachment":[{"href":"https:\/\/ironsky.pl\/sklep\/wp-json\/wp\/v2\/media?parent=59620"}],"wp:term":[{"taxonomy":"product_brand","embeddable":true,"href":"https:\/\/ironsky.pl\/sklep\/wp-json\/wp\/v2\/product_brand?post=59620"},{"taxonomy":"product_cat","embeddable":true,"href":"https:\/\/ironsky.pl\/sklep\/wp-json\/wp\/v2\/product_cat?post=59620"},{"taxonomy":"product_tag","embeddable":true,"href":"https:\/\/ironsky.pl\/sklep\/wp-json\/wp\/v2\/product_tag?post=59620"}],"curies":[{"name":"wp","href":"https:\/\/api.w.org\/{rel}","templated":true}]}}