{"id":59613,"date":"2026-04-15T10:49:10","date_gmt":"2026-04-15T08:49:10","guid":{"rendered":"https:\/\/ironsky.pl\/sklep\/produkt\/uchwyt-ladujacy-dji-osmo-action-4900mah\/"},"modified":"2026-04-15T10:49:33","modified_gmt":"2026-04-15T08:49:33","slug":"uchwyt-ladujacy-dji-osmo-action-4900mah","status":"publish","type":"product","link":"https:\/\/ironsky.pl\/sklep\/produkt\/uchwyt-ladujacy-dji-osmo-action-4900mah\/","title":{"rendered":"Uchwyt \u0142aduj\u0105cy DJI Osmo Action 4900mAh"},"content":{"rendered":"<h3>DJI Osmo Action wielofunkcyjny uchwyt \u0142aduj\u0105cy<\/h3>\n<p>Wielofunkcyjny uchwyt do \u0142adowania Osmo Action to rewolucja w zarz\u0105dzaniu energi\u0105 i funkcjonalno\u015bci\u0105 Twojej kamery. Wyposa\u017cony w akumulator o pojemno\u015bci 4900 mAh, zapewnia 7 godzin nieprzerwanej pracy Osmo Action 5 Pro, pozwalaj\u0105c Ci uchwyci\u0107 ka\u017cdy moment. Solidna konstrukcja sprawia, \u017ce akcesorium sprawdza si\u0119 w ka\u017cdych warunkach \u2013 od mro\u017anych g\u00f3r po gor\u0105ce pustynie. Dzi\u0119ki temu mo\u017cesz dzia\u0142a\u0107 bez kompromis\u00f3w, maj\u0105c pewno\u015b\u0107, \u017ce Twoje uj\u0119cia b\u0119d\u0105 perfekcyjne. Uwaga: produkt ie jest wodoodporny.<\/p>\n<p>\n<img decoding=\"async\" src=\"https:\/\/assets.innpro.pl\/9538\/11134\/5.jpg\" border=\"0\" \/>\n<\/p>\n<h3>Pe\u0142na kontrola nad procesem tw\u00f3rczym<\/h3>\n<p>Dzi\u0119ki zintegrowanym elementom sterowania kamer\u0105 oraz szybkoz\u0142\u0105czce magnetycznej mo\u017cesz b\u0142yskawicznie dostosowa\u0107 swoje uj\u0119cia do zmieniaj\u0105cych si\u0119 warunk\u00f3w. Uchwyt posiada regulowany przegub kulowy, kt\u00f3ry pozwala idealnie dopasowa\u0107 k\u0105t, zapewniaj\u0105c perfekcyjne kadry. Wbudowany adapter audio 3,5 mm umo\u017cliwia pod\u0142\u0105czenie profesjonalnego mikrofonu, co sprawia, \u017ce ka\u017cdy Tw\u00f3j film nie tylko wygl\u0105da, ale i brzmi jak produkcja z najwy\u017cszej p\u00f3\u0142ki.<\/p>\n<p>\n<img decoding=\"async\" src=\"https:\/\/assets.innpro.pl\/9538\/11134\/2.jpg\" border=\"0\" \/>\n<\/p>\n<h3>Jeszcze wi\u0119cej mo\u017cliwo\u015bci<\/h3>\n<p>W jednym, lekkim urz\u0105dzeniu znajdziesz wszystko, czego potrzebujesz do nagrywania w ka\u017cdych warunkach \u2013 od stabilnej podstawy z otworem gwintowanym 1\/4&#8243;, przez wspornik do statywu, a\u017c po funkcje \u0142adowania. Uchwyt jest kompaktowy i \u0142atwy do przenoszenia, co czyni go idealnym towarzyszem zar\u00f3wno podczas intensywnych sesji nagraniowych, jak i spontanicznych przyg\u00f3d.\u00a0<\/p>\n<p>\n<img decoding=\"async\" src=\"https:\/\/assets.innpro.pl\/9538\/11134\/3.jpg\" border=\"0\" \/>\n<\/p>\n<h3>W zestawie<\/h3>\n<ul class=\"list-disc pl-5\">\n<li>Wielofunkcyjny uchwyt do \u0142adowania Osmo Action \u00d71<\/li>\n<li>Os\u0142ona portu \u0142adowania \u00d71<\/li>\n<li>Pasek na nadgarstek DJI \u00d71<\/li>\n<\/ul>\n<div class=\"table-wrapper\">\n<p>\u00a0<\/p>\n<h3><\/h3>\n<table>\n<tbody>\n<tr>\n<th>Producent<\/th>\n<td>DJI<\/td>\n<\/tr>\n<tr>\n<th>Kod producenta<\/th>\n<td>CP.OS.00000364.01<\/td>\n<\/tr>\n<tr>\n<th>Pojemno\u015b\u0107<\/th>\n<td>4900 mAh<\/td>\n<\/tr>\n<tr>\n<th>Wymiary<\/th>\n<td>32 \u00d7 38 \u00d7 181 mm<\/td>\n<\/tr>\n<tr>\n<th>Waga<\/th>\n<td>199 g<\/td>\n<\/tr>\n<tr>\n<th>Napi\u0119cie<\/th>\n<td>3,6 V<\/td>\n<\/tr>\n<tr>\n<th>Wyj\u015bcie USB<\/th>\n<td>5 V \/ 1,5 A<\/td>\n<\/tr>\n<tr>\n<th>Temperatura pracy<\/th>\n<td>od -20\u00b0 do 45\u00b0C<\/td>\n<\/tr>\n<tr>\n<th>Temperatura \u0142adowania<\/th>\n<td>od 5\u00b0 do 40\u00b0C<\/td>\n<\/tr>\n<\/tbody>\n<\/table>\n<\/div>\n","protected":false},"excerpt":{"rendered":"<p>DJI Osmo Action wielofunkcyjny uchwyt \u0142aduj\u0105cy Wielofunkcyjny uchwyt do \u0142adowania Osmo Action to rewolucja w zarz\u0105dzaniu energi\u0105 i funkcjonalno\u015bci\u0105 Twojej<\/p>\n","protected":false},"featured_media":59614,"comment_status":"closed","ping_status":"open","template":"","meta":{"_acf_changed":false},"product_brand":[],"product_cat":[1130,1137,1128],"product_tag":[],"class_list":{"0":"post-59613","1":"product","2":"type-product","3":"status-publish","4":"has-post-thumbnail","6":"product_cat-akcesoria-foto","7":"product_cat-do-kamer-sportowych","8":"product_cat-foto-wideo","9":"pa_okres-gwarancji-5757","10":"pa_producent-dji","12":"first","13":"outofstock","14":"taxable","15":"shipping-taxable","16":"purchasable","17":"product-type-simple"},"acf":[],"yoast_head":"<!-- This site is optimized with the Yoast SEO plugin v27.2 - https:\/\/yoast.com\/product\/yoast-seo-wordpress\/ -->\n<title>Uchwyt \u0142aduj\u0105cy DJI Osmo Action 4900mAh - IRONSKY.PL Sklep z Dronami<\/title>\n<meta name=\"description\" content=\"Uchwyt \u0142aduj\u0105cy DJI Osmo Action 4900mAh - \u2705 sklep z dronami i fachowym doradztwem. \u2705 Tutaj kupisz produkty DJI, Yuneec, Parrot, Syma i wiele innych, a tak\u017ce kursy i licencje na operatora drona.\" \/>\n<meta name=\"robots\" content=\"index, follow, max-snippet:-1, max-image-preview:large, max-video-preview:-1\" \/>\n<link rel=\"canonical\" href=\"https:\/\/ironsky.pl\/sklep\/produkt\/uchwyt-ladujacy-dji-osmo-action-4900mah\/\" \/>\n<meta property=\"og:locale\" content=\"pl_PL\" \/>\n<meta property=\"og:type\" content=\"article\" \/>\n<meta property=\"og:title\" content=\"Uchwyt \u0142aduj\u0105cy DJI Osmo Action 4900mAh - IRONSKY.PL Sklep z Dronami\" \/>\n<meta property=\"og:description\" content=\"Uchwyt \u0142aduj\u0105cy DJI Osmo Action 4900mAh - \u2705 sklep z dronami i fachowym doradztwem. \u2705 Tutaj kupisz produkty DJI, Yuneec, Parrot, Syma i wiele innych, a tak\u017ce kursy i licencje na operatora drona.\" \/>\n<meta property=\"og:url\" content=\"https:\/\/ironsky.pl\/sklep\/produkt\/uchwyt-ladujacy-dji-osmo-action-4900mah\/\" \/>\n<meta property=\"og:site_name\" content=\"IRONSKY.PL Sklep z Dronami\" \/>\n<meta property=\"article:modified_time\" content=\"2026-04-15T08:49:33+00:00\" \/>\n<meta property=\"og:image\" content=\"https:\/\/ironsky.pl\/sklep\/wp-content\/uploads\/2026\/04\/47373_1.jpg\" \/>\n\t<meta property=\"og:image:width\" content=\"800\" \/>\n\t<meta property=\"og:image:height\" content=\"800\" \/>\n\t<meta property=\"og:image:type\" content=\"image\/jpeg\" \/>\n<meta name=\"twitter:card\" content=\"summary_large_image\" \/>\n<meta name=\"twitter:label1\" content=\"Szacowany czas czytania\" \/>\n\t<meta name=\"twitter:data1\" content=\"1 minuta\" \/>\n<script type=\"application\/ld+json\" class=\"yoast-schema-graph\">{\"@context\":\"https:\/\/schema.org\",\"@graph\":[{\"@type\":\"WebPage\",\"@id\":\"https:\/\/ironsky.pl\/sklep\/produkt\/uchwyt-ladujacy-dji-osmo-action-4900mah\/\",\"url\":\"https:\/\/ironsky.pl\/sklep\/produkt\/uchwyt-ladujacy-dji-osmo-action-4900mah\/\",\"name\":\"Uchwyt \u0142aduj\u0105cy DJI Osmo Action 4900mAh - IRONSKY.PL Sklep z Dronami\",\"isPartOf\":{\"@id\":\"https:\/\/ironsky.pl\/sklep\/#website\"},\"primaryImageOfPage\":{\"@id\":\"https:\/\/ironsky.pl\/sklep\/produkt\/uchwyt-ladujacy-dji-osmo-action-4900mah\/#primaryimage\"},\"image\":{\"@id\":\"https:\/\/ironsky.pl\/sklep\/produkt\/uchwyt-ladujacy-dji-osmo-action-4900mah\/#primaryimage\"},\"thumbnailUrl\":\"https:\/\/ironsky.pl\/sklep\/wp-content\/uploads\/2026\/04\/47373_1.jpg\",\"datePublished\":\"2026-04-15T08:49:10+00:00\",\"dateModified\":\"2026-04-15T08:49:33+00:00\",\"description\":\"Uchwyt \u0142aduj\u0105cy DJI Osmo Action 4900mAh - \u2705 sklep z dronami i fachowym doradztwem. \u2705 Tutaj kupisz produkty DJI, Yuneec, Parrot, Syma i wiele innych, a tak\u017ce kursy i licencje na operatora drona.\",\"breadcrumb\":{\"@id\":\"https:\/\/ironsky.pl\/sklep\/produkt\/uchwyt-ladujacy-dji-osmo-action-4900mah\/#breadcrumb\"},\"inLanguage\":\"pl-PL\",\"potentialAction\":[{\"@type\":\"ReadAction\",\"target\":[\"https:\/\/ironsky.pl\/sklep\/produkt\/uchwyt-ladujacy-dji-osmo-action-4900mah\/\"]}]},{\"@type\":\"ImageObject\",\"inLanguage\":\"pl-PL\",\"@id\":\"https:\/\/ironsky.pl\/sklep\/produkt\/uchwyt-ladujacy-dji-osmo-action-4900mah\/#primaryimage\",\"url\":\"https:\/\/ironsky.pl\/sklep\/wp-content\/uploads\/2026\/04\/47373_1.jpg\",\"contentUrl\":\"https:\/\/ironsky.pl\/sklep\/wp-content\/uploads\/2026\/04\/47373_1.jpg\",\"width\":800,\"height\":800},{\"@type\":\"BreadcrumbList\",\"@id\":\"https:\/\/ironsky.pl\/sklep\/produkt\/uchwyt-ladujacy-dji-osmo-action-4900mah\/#breadcrumb\",\"itemListElement\":[{\"@type\":\"ListItem\",\"position\":1,\"name\":\"Strona g\u0142\u00f3wna\",\"item\":\"https:\/\/ironsky.pl\/sklep\/\"},{\"@type\":\"ListItem\",\"position\":2,\"name\":\"Wszystkie produkty\",\"item\":\"https:\/\/ironsky.pl\/sklep\/produkty\/\"},{\"@type\":\"ListItem\",\"position\":3,\"name\":\"Uchwyt \u0142aduj\u0105cy DJI Osmo Action 4900mAh\"}]},{\"@type\":\"WebSite\",\"@id\":\"https:\/\/ironsky.pl\/sklep\/#website\",\"url\":\"https:\/\/ironsky.pl\/sklep\/\",\"name\":\"IRONSKY.PL Sklep z Dronami\",\"description\":\"IRONSKY.PL Sklep z Dronami\",\"potentialAction\":[{\"@type\":\"SearchAction\",\"target\":{\"@type\":\"EntryPoint\",\"urlTemplate\":\"https:\/\/ironsky.pl\/sklep\/?s={search_term_string}\"},\"query-input\":{\"@type\":\"PropertyValueSpecification\",\"valueRequired\":true,\"valueName\":\"search_term_string\"}}],\"inLanguage\":\"pl-PL\"}]}<\/script>\n<!-- \/ Yoast SEO plugin. -->","yoast_head_json":{"title":"Uchwyt \u0142aduj\u0105cy DJI Osmo Action 4900mAh - IRONSKY.PL Sklep z Dronami","description":"Uchwyt \u0142aduj\u0105cy DJI Osmo Action 4900mAh - \u2705 sklep z dronami i fachowym doradztwem. \u2705 Tutaj kupisz produkty DJI, Yuneec, Parrot, Syma i wiele innych, a tak\u017ce kursy i licencje na operatora drona.","robots":{"index":"index","follow":"follow","max-snippet":"max-snippet:-1","max-image-preview":"max-image-preview:large","max-video-preview":"max-video-preview:-1"},"canonical":"https:\/\/ironsky.pl\/sklep\/produkt\/uchwyt-ladujacy-dji-osmo-action-4900mah\/","og_locale":"pl_PL","og_type":"article","og_title":"Uchwyt \u0142aduj\u0105cy DJI Osmo Action 4900mAh - IRONSKY.PL Sklep z Dronami","og_description":"Uchwyt \u0142aduj\u0105cy DJI Osmo Action 4900mAh - \u2705 sklep z dronami i fachowym doradztwem. \u2705 Tutaj kupisz produkty DJI, Yuneec, Parrot, Syma i wiele innych, a tak\u017ce kursy i licencje na operatora drona.","og_url":"https:\/\/ironsky.pl\/sklep\/produkt\/uchwyt-ladujacy-dji-osmo-action-4900mah\/","og_site_name":"IRONSKY.PL Sklep z Dronami","article_modified_time":"2026-04-15T08:49:33+00:00","og_image":[{"width":800,"height":800,"url":"https:\/\/ironsky.pl\/sklep\/wp-content\/uploads\/2026\/04\/47373_1.jpg","type":"image\/jpeg"}],"twitter_card":"summary_large_image","twitter_misc":{"Szacowany czas czytania":"1 minuta"},"schema":{"@context":"https:\/\/schema.org","@graph":[{"@type":"WebPage","@id":"https:\/\/ironsky.pl\/sklep\/produkt\/uchwyt-ladujacy-dji-osmo-action-4900mah\/","url":"https:\/\/ironsky.pl\/sklep\/produkt\/uchwyt-ladujacy-dji-osmo-action-4900mah\/","name":"Uchwyt \u0142aduj\u0105cy DJI Osmo Action 4900mAh - IRONSKY.PL Sklep z Dronami","isPartOf":{"@id":"https:\/\/ironsky.pl\/sklep\/#website"},"primaryImageOfPage":{"@id":"https:\/\/ironsky.pl\/sklep\/produkt\/uchwyt-ladujacy-dji-osmo-action-4900mah\/#primaryimage"},"image":{"@id":"https:\/\/ironsky.pl\/sklep\/produkt\/uchwyt-ladujacy-dji-osmo-action-4900mah\/#primaryimage"},"thumbnailUrl":"https:\/\/ironsky.pl\/sklep\/wp-content\/uploads\/2026\/04\/47373_1.jpg","datePublished":"2026-04-15T08:49:10+00:00","dateModified":"2026-04-15T08:49:33+00:00","description":"Uchwyt \u0142aduj\u0105cy DJI Osmo Action 4900mAh - \u2705 sklep z dronami i fachowym doradztwem. \u2705 Tutaj kupisz produkty DJI, Yuneec, Parrot, Syma i wiele innych, a tak\u017ce kursy i licencje na operatora drona.","breadcrumb":{"@id":"https:\/\/ironsky.pl\/sklep\/produkt\/uchwyt-ladujacy-dji-osmo-action-4900mah\/#breadcrumb"},"inLanguage":"pl-PL","potentialAction":[{"@type":"ReadAction","target":["https:\/\/ironsky.pl\/sklep\/produkt\/uchwyt-ladujacy-dji-osmo-action-4900mah\/"]}]},{"@type":"ImageObject","inLanguage":"pl-PL","@id":"https:\/\/ironsky.pl\/sklep\/produkt\/uchwyt-ladujacy-dji-osmo-action-4900mah\/#primaryimage","url":"https:\/\/ironsky.pl\/sklep\/wp-content\/uploads\/2026\/04\/47373_1.jpg","contentUrl":"https:\/\/ironsky.pl\/sklep\/wp-content\/uploads\/2026\/04\/47373_1.jpg","width":800,"height":800},{"@type":"BreadcrumbList","@id":"https:\/\/ironsky.pl\/sklep\/produkt\/uchwyt-ladujacy-dji-osmo-action-4900mah\/#breadcrumb","itemListElement":[{"@type":"ListItem","position":1,"name":"Strona g\u0142\u00f3wna","item":"https:\/\/ironsky.pl\/sklep\/"},{"@type":"ListItem","position":2,"name":"Wszystkie produkty","item":"https:\/\/ironsky.pl\/sklep\/produkty\/"},{"@type":"ListItem","position":3,"name":"Uchwyt \u0142aduj\u0105cy DJI Osmo Action 4900mAh"}]},{"@type":"WebSite","@id":"https:\/\/ironsky.pl\/sklep\/#website","url":"https:\/\/ironsky.pl\/sklep\/","name":"IRONSKY.PL Sklep z Dronami","description":"IRONSKY.PL Sklep z Dronami","potentialAction":[{"@type":"SearchAction","target":{"@type":"EntryPoint","urlTemplate":"https:\/\/ironsky.pl\/sklep\/?s={search_term_string}"},"query-input":{"@type":"PropertyValueSpecification","valueRequired":true,"valueName":"search_term_string"}}],"inLanguage":"pl-PL"}]}},"_links":{"self":[{"href":"https:\/\/ironsky.pl\/sklep\/wp-json\/wp\/v2\/product\/59613","targetHints":{"allow":["GET"]}}],"collection":[{"href":"https:\/\/ironsky.pl\/sklep\/wp-json\/wp\/v2\/product"}],"about":[{"href":"https:\/\/ironsky.pl\/sklep\/wp-json\/wp\/v2\/types\/product"}],"replies":[{"embeddable":true,"href":"https:\/\/ironsky.pl\/sklep\/wp-json\/wp\/v2\/comments?post=59613"}],"wp:featuredmedia":[{"embeddable":true,"href":"https:\/\/ironsky.pl\/sklep\/wp-json\/wp\/v2\/media\/59614"}],"wp:attachment":[{"href":"https:\/\/ironsky.pl\/sklep\/wp-json\/wp\/v2\/media?parent=59613"}],"wp:term":[{"taxonomy":"product_brand","embeddable":true,"href":"https:\/\/ironsky.pl\/sklep\/wp-json\/wp\/v2\/product_brand?post=59613"},{"taxonomy":"product_cat","embeddable":true,"href":"https:\/\/ironsky.pl\/sklep\/wp-json\/wp\/v2\/product_cat?post=59613"},{"taxonomy":"product_tag","embeddable":true,"href":"https:\/\/ironsky.pl\/sklep\/wp-json\/wp\/v2\/product_tag?post=59613"}],"curies":[{"name":"wp","href":"https:\/\/api.w.org\/{rel}","templated":true}]}}