{"id":59596,"date":"2026-04-15T10:49:10","date_gmt":"2026-04-15T08:49:10","guid":{"rendered":"https:\/\/ironsky.pl\/sklep\/produkt\/ladowarka-dwukanalowa-telesin-do-insta360-x3\/"},"modified":"2026-04-15T10:49:23","modified_gmt":"2026-04-15T08:49:23","slug":"ladowarka-dwukanalowa-telesin-do-insta360-x3","status":"publish","type":"product","link":"https:\/\/ironsky.pl\/sklep\/produkt\/ladowarka-dwukanalowa-telesin-do-insta360-x3\/","title":{"rendered":"\u0141adowarka dwukana\u0142owa TELESIN do Insta360 X3"},"content":{"rendered":"<h3>Dwukana\u0142owa \u0142adowarka TELESIN do Insta360 X3<\/h3>\n<p>\u0141adowarka zaprojektowana specjalnie dla kamery Insta360 X3 to praktyczne akcesorium, kt\u00f3re umo\u017cliwia jednoczesne \u0142adowanie dw\u00f3ch akumulator\u00f3w i przechowywanie kart pami\u0119ci TF. Pozwala odnowi\u0107 energi\u0119 akumulatora w zaledwie 75 minut, dzi\u0119ki wsparciu technologii PD3.0. Dodatkowo \u0142adowarka jest ma\u0142a i lekka, co u\u0142atwia przenoszenie, a wska\u017anik \u015bwietlny pozwala na b\u0142yskawiczne sprawdzenie statusu na\u0142adowania.<\/p>\n<p>\n<img decoding=\"async\" src=\"https:\/\/assets.innpro.pl\/10277\/12080\/6.jpg\" border=\"0\" \/>\n<\/p>\n<h3>Bezpiecze\u0144stwo u\u017cytkowania<\/h3>\n<p>\u0141aduj akumulator insta360 X3 nie tylko szybko, ale r\u00f3wnie\u017c bezpiecznie. \u0141adowarka oferuje szereg zabezpiecze\u0144, w tym przed pr\u0105dem przet\u0119\u017ceniowym, zwarciem, prze\u0142adowaniem, czy przegrzaniem. W rezultacie mo\u017cesz mie\u0107 pewno\u015b\u0107, \u017ce akumulator nie zostanie uszkodzony w trakcie \u0142adowania.<\/p>\n<p>\n<img decoding=\"async\" src=\"https:\/\/assets.innpro.pl\/10277\/12080\/8.jpg\" border=\"0\" \/>\n<\/p>\n<h3>Przeno\u015bna konstrukcja<\/h3>\n<p>Dzi\u0119ki niewielkim rozmiarom i lekkiej konstrukcji \u0142adowarka jest idealna do zabrania w podr\u00f3\u017c, zapewniaj\u0105c u\u017cytkownikowi wygod\u0119 i \u0142atwo\u015b\u0107 transportu. Obs\u0142uguje \u0142adowanie z gniazda samochodowego oraz mobilnych \u017ar\u00f3de\u0142 zasilania np. powerbanku, co pozwala na na\u0142adowanie akumulatora w dowolnym miejscu i czasie. Niezale\u017cnie od tego, czy jeste\u015b w drodze na przygod\u0119, czy kr\u0119cisz film w terenie, \u0142adowarka do Insta360 X3 zapewni Ci pe\u0142n\u0105 swobod\u0119 dzia\u0142ania i gotowo\u015b\u0107 do rejestrowania niezapomnianych chwil.<\/p>\n<p>\n<img decoding=\"async\" src=\"https:\/\/assets.innpro.pl\/10277\/12080\/2.jpg\" border=\"0\" \/>\n<\/p>\n<h3>W zestawie<\/h3>\n<ul class=\"list-disc pl-5\">\n<li>\u0142adowarka dwukana\u0142owa<\/li>\n<li>kabel \u0142adowania USB-A do USB-C<\/li>\n<li>instrukcja obs\u0142ugi<\/li>\n<\/ul>\n<div class=\"table-wrapper\">\n<p>\u00a0<\/p>\n<h3><\/h3>\n<table>\n<tbody>\n<tr>\n<th>Producent<\/th>\n<td>Telesin<\/td>\n<\/tr>\n<tr>\n<th>Model<\/th>\n<td>S0-BCG-03-TIS<\/td>\n<\/tr>\n<tr>\n<th>Waga<\/th>\n<td>84 g<\/td>\n<\/tr>\n<tr>\n<th>Wymiary<\/th>\n<td>76 x 60 x 43 mm<\/td>\n<\/tr>\n<tr>\n<th>Napi\u0119cie wej\u015bciowe<\/th>\n<td>5V\/3A, 9V\/3A, 12V\/2A<\/td>\n<\/tr>\n<tr>\n<th>Napi\u0119cie wyj\u015bciowe<\/th>\n<td>4.4V\/3A<\/td>\n<\/tr>\n<tr>\n<th>Temperatura robocza<\/th>\n<td>0\u00b0C ~ 40\u00b0C<\/td>\n<\/tr>\n<tr>\n<th>Czas \u0142adowania<\/th>\n<td>75 min<\/td>\n<\/tr>\n<\/tbody>\n<\/table>\n<\/div>\n","protected":false},"excerpt":{"rendered":"<p>Dwukana\u0142owa \u0142adowarka TELESIN do Insta360 X3 \u0141adowarka zaprojektowana specjalnie dla kamery Insta360 X3 to praktyczne akcesorium, kt\u00f3re umo\u017cliwia jednoczesne \u0142adowanie<\/p>\n","protected":false},"featured_media":59597,"comment_status":"closed","ping_status":"open","template":"","meta":{"_acf_changed":false},"product_brand":[],"product_cat":[1130,1137,1128],"product_tag":[],"class_list":{"0":"post-59596","1":"product","2":"type-product","3":"status-publish","4":"has-post-thumbnail","6":"product_cat-akcesoria-foto","7":"product_cat-do-kamer-sportowych","8":"product_cat-foto-wideo","9":"pa_okres-gwarancji-5754","10":"pa_producent-telesin","12":"first","13":"outofstock","14":"taxable","15":"shipping-taxable","16":"purchasable","17":"product-type-simple"},"acf":[],"yoast_head":"<!-- This site is optimized with the Yoast SEO plugin v27.2 - https:\/\/yoast.com\/product\/yoast-seo-wordpress\/ -->\n<title>\u0141adowarka dwukana\u0142owa TELESIN do Insta360 X3 - IRONSKY.PL Sklep z Dronami<\/title>\n<meta name=\"description\" content=\"\u0141adowarka dwukana\u0142owa TELESIN do Insta360 X3 - \u2705 sklep z dronami i fachowym doradztwem. \u2705 Tutaj kupisz produkty DJI, Yuneec, Parrot, Syma i wiele innych, a tak\u017ce kursy i licencje na operatora drona.\" \/>\n<meta name=\"robots\" content=\"index, follow, max-snippet:-1, max-image-preview:large, max-video-preview:-1\" \/>\n<link rel=\"canonical\" href=\"https:\/\/ironsky.pl\/sklep\/produkt\/ladowarka-dwukanalowa-telesin-do-insta360-x3\/\" \/>\n<meta property=\"og:locale\" content=\"pl_PL\" \/>\n<meta property=\"og:type\" content=\"article\" \/>\n<meta property=\"og:title\" content=\"\u0141adowarka dwukana\u0142owa TELESIN do Insta360 X3 - IRONSKY.PL Sklep z Dronami\" \/>\n<meta property=\"og:description\" content=\"\u0141adowarka dwukana\u0142owa TELESIN do Insta360 X3 - \u2705 sklep z dronami i fachowym doradztwem. \u2705 Tutaj kupisz produkty DJI, Yuneec, Parrot, Syma i wiele innych, a tak\u017ce kursy i licencje na operatora drona.\" \/>\n<meta property=\"og:url\" content=\"https:\/\/ironsky.pl\/sklep\/produkt\/ladowarka-dwukanalowa-telesin-do-insta360-x3\/\" \/>\n<meta property=\"og:site_name\" content=\"IRONSKY.PL Sklep z Dronami\" \/>\n<meta property=\"article:modified_time\" content=\"2026-04-15T08:49:23+00:00\" \/>\n<meta property=\"og:image\" content=\"https:\/\/ironsky.pl\/sklep\/wp-content\/uploads\/2026\/04\/47281_2.jpg\" \/>\n\t<meta property=\"og:image:width\" content=\"800\" \/>\n\t<meta property=\"og:image:height\" content=\"800\" \/>\n\t<meta property=\"og:image:type\" content=\"image\/jpeg\" \/>\n<meta name=\"twitter:card\" content=\"summary_large_image\" \/>\n<meta name=\"twitter:label1\" content=\"Szacowany czas czytania\" \/>\n\t<meta name=\"twitter:data1\" content=\"1 minuta\" \/>\n<script type=\"application\/ld+json\" class=\"yoast-schema-graph\">{\"@context\":\"https:\/\/schema.org\",\"@graph\":[{\"@type\":\"WebPage\",\"@id\":\"https:\/\/ironsky.pl\/sklep\/produkt\/ladowarka-dwukanalowa-telesin-do-insta360-x3\/\",\"url\":\"https:\/\/ironsky.pl\/sklep\/produkt\/ladowarka-dwukanalowa-telesin-do-insta360-x3\/\",\"name\":\"\u0141adowarka dwukana\u0142owa TELESIN do Insta360 X3 - IRONSKY.PL Sklep z Dronami\",\"isPartOf\":{\"@id\":\"https:\/\/ironsky.pl\/sklep\/#website\"},\"primaryImageOfPage\":{\"@id\":\"https:\/\/ironsky.pl\/sklep\/produkt\/ladowarka-dwukanalowa-telesin-do-insta360-x3\/#primaryimage\"},\"image\":{\"@id\":\"https:\/\/ironsky.pl\/sklep\/produkt\/ladowarka-dwukanalowa-telesin-do-insta360-x3\/#primaryimage\"},\"thumbnailUrl\":\"https:\/\/ironsky.pl\/sklep\/wp-content\/uploads\/2026\/04\/47281_2.jpg\",\"datePublished\":\"2026-04-15T08:49:10+00:00\",\"dateModified\":\"2026-04-15T08:49:23+00:00\",\"description\":\"\u0141adowarka dwukana\u0142owa TELESIN do Insta360 X3 - \u2705 sklep z dronami i fachowym doradztwem. \u2705 Tutaj kupisz produkty DJI, Yuneec, Parrot, Syma i wiele innych, a tak\u017ce kursy i licencje na operatora drona.\",\"breadcrumb\":{\"@id\":\"https:\/\/ironsky.pl\/sklep\/produkt\/ladowarka-dwukanalowa-telesin-do-insta360-x3\/#breadcrumb\"},\"inLanguage\":\"pl-PL\",\"potentialAction\":[{\"@type\":\"ReadAction\",\"target\":[\"https:\/\/ironsky.pl\/sklep\/produkt\/ladowarka-dwukanalowa-telesin-do-insta360-x3\/\"]}]},{\"@type\":\"ImageObject\",\"inLanguage\":\"pl-PL\",\"@id\":\"https:\/\/ironsky.pl\/sklep\/produkt\/ladowarka-dwukanalowa-telesin-do-insta360-x3\/#primaryimage\",\"url\":\"https:\/\/ironsky.pl\/sklep\/wp-content\/uploads\/2026\/04\/47281_2.jpg\",\"contentUrl\":\"https:\/\/ironsky.pl\/sklep\/wp-content\/uploads\/2026\/04\/47281_2.jpg\",\"width\":800,\"height\":800},{\"@type\":\"BreadcrumbList\",\"@id\":\"https:\/\/ironsky.pl\/sklep\/produkt\/ladowarka-dwukanalowa-telesin-do-insta360-x3\/#breadcrumb\",\"itemListElement\":[{\"@type\":\"ListItem\",\"position\":1,\"name\":\"Strona g\u0142\u00f3wna\",\"item\":\"https:\/\/ironsky.pl\/sklep\/\"},{\"@type\":\"ListItem\",\"position\":2,\"name\":\"Wszystkie produkty\",\"item\":\"https:\/\/ironsky.pl\/sklep\/produkty\/\"},{\"@type\":\"ListItem\",\"position\":3,\"name\":\"\u0141adowarka dwukana\u0142owa TELESIN do Insta360 X3\"}]},{\"@type\":\"WebSite\",\"@id\":\"https:\/\/ironsky.pl\/sklep\/#website\",\"url\":\"https:\/\/ironsky.pl\/sklep\/\",\"name\":\"IRONSKY.PL Sklep z Dronami\",\"description\":\"IRONSKY.PL Sklep z Dronami\",\"potentialAction\":[{\"@type\":\"SearchAction\",\"target\":{\"@type\":\"EntryPoint\",\"urlTemplate\":\"https:\/\/ironsky.pl\/sklep\/?s={search_term_string}\"},\"query-input\":{\"@type\":\"PropertyValueSpecification\",\"valueRequired\":true,\"valueName\":\"search_term_string\"}}],\"inLanguage\":\"pl-PL\"}]}<\/script>\n<!-- \/ Yoast SEO plugin. -->","yoast_head_json":{"title":"\u0141adowarka dwukana\u0142owa TELESIN do Insta360 X3 - IRONSKY.PL Sklep z Dronami","description":"\u0141adowarka dwukana\u0142owa TELESIN do Insta360 X3 - \u2705 sklep z dronami i fachowym doradztwem. \u2705 Tutaj kupisz produkty DJI, Yuneec, Parrot, Syma i wiele innych, a tak\u017ce kursy i licencje na operatora drona.","robots":{"index":"index","follow":"follow","max-snippet":"max-snippet:-1","max-image-preview":"max-image-preview:large","max-video-preview":"max-video-preview:-1"},"canonical":"https:\/\/ironsky.pl\/sklep\/produkt\/ladowarka-dwukanalowa-telesin-do-insta360-x3\/","og_locale":"pl_PL","og_type":"article","og_title":"\u0141adowarka dwukana\u0142owa TELESIN do Insta360 X3 - IRONSKY.PL Sklep z Dronami","og_description":"\u0141adowarka dwukana\u0142owa TELESIN do Insta360 X3 - \u2705 sklep z dronami i fachowym doradztwem. \u2705 Tutaj kupisz produkty DJI, Yuneec, Parrot, Syma i wiele innych, a tak\u017ce kursy i licencje na operatora drona.","og_url":"https:\/\/ironsky.pl\/sklep\/produkt\/ladowarka-dwukanalowa-telesin-do-insta360-x3\/","og_site_name":"IRONSKY.PL Sklep z Dronami","article_modified_time":"2026-04-15T08:49:23+00:00","og_image":[{"width":800,"height":800,"url":"https:\/\/ironsky.pl\/sklep\/wp-content\/uploads\/2026\/04\/47281_2.jpg","type":"image\/jpeg"}],"twitter_card":"summary_large_image","twitter_misc":{"Szacowany czas czytania":"1 minuta"},"schema":{"@context":"https:\/\/schema.org","@graph":[{"@type":"WebPage","@id":"https:\/\/ironsky.pl\/sklep\/produkt\/ladowarka-dwukanalowa-telesin-do-insta360-x3\/","url":"https:\/\/ironsky.pl\/sklep\/produkt\/ladowarka-dwukanalowa-telesin-do-insta360-x3\/","name":"\u0141adowarka dwukana\u0142owa TELESIN do Insta360 X3 - IRONSKY.PL Sklep z Dronami","isPartOf":{"@id":"https:\/\/ironsky.pl\/sklep\/#website"},"primaryImageOfPage":{"@id":"https:\/\/ironsky.pl\/sklep\/produkt\/ladowarka-dwukanalowa-telesin-do-insta360-x3\/#primaryimage"},"image":{"@id":"https:\/\/ironsky.pl\/sklep\/produkt\/ladowarka-dwukanalowa-telesin-do-insta360-x3\/#primaryimage"},"thumbnailUrl":"https:\/\/ironsky.pl\/sklep\/wp-content\/uploads\/2026\/04\/47281_2.jpg","datePublished":"2026-04-15T08:49:10+00:00","dateModified":"2026-04-15T08:49:23+00:00","description":"\u0141adowarka dwukana\u0142owa TELESIN do Insta360 X3 - \u2705 sklep z dronami i fachowym doradztwem. \u2705 Tutaj kupisz produkty DJI, Yuneec, Parrot, Syma i wiele innych, a tak\u017ce kursy i licencje na operatora drona.","breadcrumb":{"@id":"https:\/\/ironsky.pl\/sklep\/produkt\/ladowarka-dwukanalowa-telesin-do-insta360-x3\/#breadcrumb"},"inLanguage":"pl-PL","potentialAction":[{"@type":"ReadAction","target":["https:\/\/ironsky.pl\/sklep\/produkt\/ladowarka-dwukanalowa-telesin-do-insta360-x3\/"]}]},{"@type":"ImageObject","inLanguage":"pl-PL","@id":"https:\/\/ironsky.pl\/sklep\/produkt\/ladowarka-dwukanalowa-telesin-do-insta360-x3\/#primaryimage","url":"https:\/\/ironsky.pl\/sklep\/wp-content\/uploads\/2026\/04\/47281_2.jpg","contentUrl":"https:\/\/ironsky.pl\/sklep\/wp-content\/uploads\/2026\/04\/47281_2.jpg","width":800,"height":800},{"@type":"BreadcrumbList","@id":"https:\/\/ironsky.pl\/sklep\/produkt\/ladowarka-dwukanalowa-telesin-do-insta360-x3\/#breadcrumb","itemListElement":[{"@type":"ListItem","position":1,"name":"Strona g\u0142\u00f3wna","item":"https:\/\/ironsky.pl\/sklep\/"},{"@type":"ListItem","position":2,"name":"Wszystkie produkty","item":"https:\/\/ironsky.pl\/sklep\/produkty\/"},{"@type":"ListItem","position":3,"name":"\u0141adowarka dwukana\u0142owa TELESIN do Insta360 X3"}]},{"@type":"WebSite","@id":"https:\/\/ironsky.pl\/sklep\/#website","url":"https:\/\/ironsky.pl\/sklep\/","name":"IRONSKY.PL Sklep z Dronami","description":"IRONSKY.PL Sklep z Dronami","potentialAction":[{"@type":"SearchAction","target":{"@type":"EntryPoint","urlTemplate":"https:\/\/ironsky.pl\/sklep\/?s={search_term_string}"},"query-input":{"@type":"PropertyValueSpecification","valueRequired":true,"valueName":"search_term_string"}}],"inLanguage":"pl-PL"}]}},"_links":{"self":[{"href":"https:\/\/ironsky.pl\/sklep\/wp-json\/wp\/v2\/product\/59596","targetHints":{"allow":["GET"]}}],"collection":[{"href":"https:\/\/ironsky.pl\/sklep\/wp-json\/wp\/v2\/product"}],"about":[{"href":"https:\/\/ironsky.pl\/sklep\/wp-json\/wp\/v2\/types\/product"}],"replies":[{"embeddable":true,"href":"https:\/\/ironsky.pl\/sklep\/wp-json\/wp\/v2\/comments?post=59596"}],"wp:featuredmedia":[{"embeddable":true,"href":"https:\/\/ironsky.pl\/sklep\/wp-json\/wp\/v2\/media\/59597"}],"wp:attachment":[{"href":"https:\/\/ironsky.pl\/sklep\/wp-json\/wp\/v2\/media?parent=59596"}],"wp:term":[{"taxonomy":"product_brand","embeddable":true,"href":"https:\/\/ironsky.pl\/sklep\/wp-json\/wp\/v2\/product_brand?post=59596"},{"taxonomy":"product_cat","embeddable":true,"href":"https:\/\/ironsky.pl\/sklep\/wp-json\/wp\/v2\/product_cat?post=59596"},{"taxonomy":"product_tag","embeddable":true,"href":"https:\/\/ironsky.pl\/sklep\/wp-json\/wp\/v2\/product_tag?post=59596"}],"curies":[{"name":"wp","href":"https:\/\/api.w.org\/{rel}","templated":true}]}}