{"id":59591,"date":"2026-04-15T10:49:10","date_gmt":"2026-04-15T08:49:10","guid":{"rendered":"https:\/\/ironsky.pl\/sklep\/produkt\/trzykanalowa-ladowarka-telesin-do-dji-action4-3-5pro\/"},"modified":"2026-04-15T10:49:21","modified_gmt":"2026-04-15T08:49:21","slug":"trzykanalowa-ladowarka-telesin-do-dji-action4-3-5pro","status":"publish","type":"product","link":"https:\/\/ironsky.pl\/sklep\/produkt\/trzykanalowa-ladowarka-telesin-do-dji-action4-3-5pro\/","title":{"rendered":"Trzykana\u0142owa \u0142adowarka TELESIN do DJI Action4\/3\/5pro"},"content":{"rendered":"<h3>Trzykana\u0142owa \u0142adowarka TELESIN do DJI Action 4\/3\/5 Pro<\/h3>\n<p>Dzi\u0119ki trzykana\u0142owej \u0142adowarce TELESIN S0-BCG-02-TIS masz mo\u017cliwo\u015b\u0107 \u0142adowania trzech akumulator\u00f3w do kamer DJI Action 4\/3\/5 Pro. To innowacyjne urz\u0105dzenie nie tylko skraca czas \u0142adowania, ale tak\u017ce pe\u0142ni funkcj\u0119 ochronnego etui, zabezpieczaj\u0105c akumulatory w trakcie transportu. Jest to idealne rozwi\u0105zanie dla ka\u017cdego, kto potrzebuje niezawodnego \u017ar\u00f3d\u0142a energii na d\u0142ugie dni zdj\u0119ciowe.<\/p>\n<p>\n<img decoding=\"async\" src=\"https:\/\/assets.innpro.pl\/11045\/13014\/1.jpg\" border=\"0\" alt=\"\" \/>\n<\/p>\n<h3>Inteligentny system zarz\u0105dzania energi\u0105 <\/h3>\n<p>TELESIN S0-BCG-02-TIS to \u0142adowarka wyposa\u017cona w trzy sloty na akumulatory i inteligentny system zarz\u0105dzania energi\u0105, priorytetowo kieruj\u0105c wi\u0119cej mocy do ogniwa posiadaj\u0105cego najwy\u017cszy poziom na\u0142adowania. Oznacza to, \u017ce mo\u017cesz w szybki spos\u00f3b uzyska\u0107 gotowy do u\u017cycia akumulator. W tym samym czasie pozosta\u0142e akumulatory s\u0105 \u0142adowane z dynamicznym podzia\u0142em pr\u0105du, co optymalizuje proces odnawiania energii. Co wi\u0119cej, praktyczne wska\u017aniki \u015bwietlne dostarcz\u0105 Ci informacji na temat poziomu energii w akumulatorach, wi\u0119c zawsze masz pe\u0142n\u0105 kontrol\u0119!<\/p>\n<p>\n<img decoding=\"async\" src=\"https:\/\/assets.innpro.pl\/11045\/13014\/6.jpg\" border=\"0\" alt=\"\" \/>\n<\/p>\n<h3>Kompaktowy design i funkcja przechowywania<\/h3>\n<p>Kompaktowa konstrukcja pozwala na \u0142atwe przechowywanie \u0142adowarki w torbie lub plecaku, co sprawia, \u017ce idealnie sprawdzi si\u0119 w podr\u00f3\u017cy. Produkt pe\u0142ni r\u00f3wnie\u017c rol\u0119 etui ochronnego, zabezpieczaj\u0105c akumulatory przed uszkodzeniami mechanicznymi i wilgoci\u0105, co jest szczeg\u00f3lnie istotne w wymagaj\u0105cych warunkach plenerowych. Ale to nie wszystko! Na wieczku \u0142adowarki znajdziesz miejsce na dwie karty TF, a dzi\u0119ki magnetycznemu zamkni\u0119ciu zar\u00f3wno one, jak i Twoje akumulatory pozostan\u0105 bezpieczne na swoim miejscu.<\/p>\n<p>\n<img decoding=\"async\" src=\"https:\/\/assets.innpro.pl\/11045\/13014\/4.jpg\" border=\"0\" alt=\"\" \/>\n<\/p>\n<h3>Szybkie i bezpieczne \u0142adowanie<\/h3>\n<p>TELESIN S0-BCG-02-TIS zapewnia szybkie i stabilne \u0142adowanie, gwarantuj\u0105c pe\u0142ne na\u0142adowanie akumulator\u00f3w w kr\u00f3tkim czasie. Dzi\u0119ki inteligentnym zabezpieczeniom chroni przed prze\u0142adowaniem, przepi\u0119ciami oraz przegrzewaniem, co wyd\u0142u\u017ca \u017cywotno\u015b\u0107 akumulator\u00f3w i zapewnia bezpiecze\u0144stwo u\u017cytkowania.<\/p>\n<p>\n<img decoding=\"async\" src=\"https:\/\/assets.innpro.pl\/11045\/13014\/5.jpg\" border=\"0\" alt=\"\" \/>\n<\/p>\n<h3>W zestawie<\/h3>\n<ul class=\"list-disc pl-5\">\n<li>Trzykana\u0142owa \u0142adowarka TELESIN<\/li>\n<li>Kabel \u0142aduj\u0105cy<\/li>\n<li>Instrukcja obs\u0142ugi<\/li>\n<\/ul>\n<div class=\"table-wrapper\">\n<p>\u00a0<\/p>\n<h3><\/h3>\n<table>\n<tbody>\n<tr>\n<th>Producent<\/th>\n<td>Telesin<\/td>\n<\/tr>\n<tr>\n<th>Model<\/th>\n<td>S0-BCG-02-TIS<\/td>\n<\/tr>\n<tr>\n<th>Kompatybilno\u015b\u0107<\/th>\n<td>DJI Action 4\/3\/5 Pro<\/td>\n<\/tr>\n<tr>\n<th>Funkcje<\/th>\n<td>\u0141adowanie i przechowywanie baterii<\/td>\n<\/tr>\n<tr>\n<th>Rozmiar urz\u0105dzenia<\/th>\n<td>190 x 82 x 35 mm<\/td>\n<\/tr>\n<tr>\n<th>Waga ca\u0142kowita<\/th>\n<td>112 g<\/td>\n<\/tr>\n<tr>\n<th>Maksymalna liczba akumulator\u00f3w<\/th>\n<td>3<\/td>\n<\/tr>\n<tr>\n<th>Ochrona<\/th>\n<td>Zabezpieczenia przed przegrzewaniem, prze\u0142adowaniem i przepi\u0119ciami<\/td>\n<\/tr>\n<tr>\n<th>Napi\u0119cie wej\u015bciowe<\/th>\n<td>5V\/3A; 9V\/3A; 12V\/2A (szybkie \u0142adowanie)<\/td>\n<\/tr>\n<tr>\n<th>Napi\u0119cie wyj\u015bciowe<\/th>\n<td>4,4V 3A<\/td>\n<\/tr>\n<tr>\n<th>Temperatura robocza <\/th>\n<td>0-40\u2103<\/td>\n<\/tr>\n<tr>\n<th>Czas \u0142adowania <\/th>\n<td>oko\u0142o 75 minut<\/td>\n<\/tr>\n<\/tbody>\n<\/table>\n<\/div>\n","protected":false},"excerpt":{"rendered":"<p>Trzykana\u0142owa \u0142adowarka TELESIN do DJI Action 4\/3\/5 Pro Dzi\u0119ki trzykana\u0142owej \u0142adowarce TELESIN S0-BCG-02-TIS masz mo\u017cliwo\u015b\u0107 \u0142adowania trzech akumulator\u00f3w do kamer<\/p>\n","protected":false},"featured_media":59592,"comment_status":"closed","ping_status":"open","template":"","meta":{"_acf_changed":false},"product_brand":[],"product_cat":[1130,1137,1128],"product_tag":[],"class_list":{"0":"post-59591","1":"product","2":"type-product","3":"status-publish","4":"has-post-thumbnail","6":"product_cat-akcesoria-foto","7":"product_cat-do-kamer-sportowych","8":"product_cat-foto-wideo","9":"pa_okres-gwarancji-5754","10":"pa_producent-telesin","12":"first","13":"outofstock","14":"taxable","15":"shipping-taxable","16":"purchasable","17":"product-type-simple"},"acf":[],"yoast_head":"<!-- This site is optimized with the Yoast SEO plugin v27.2 - https:\/\/yoast.com\/product\/yoast-seo-wordpress\/ -->\n<title>Trzykana\u0142owa \u0142adowarka TELESIN do DJI Action4\/3\/5pro - IRONSKY.PL Sklep z Dronami<\/title>\n<meta name=\"description\" content=\"Trzykana\u0142owa \u0142adowarka TELESIN do DJI Action4\/3\/5pro - \u2705 sklep z dronami i fachowym doradztwem. \u2705 Tutaj kupisz produkty DJI, Yuneec, Parrot, Syma i wiele innych, a tak\u017ce kursy i licencje na operatora drona.\" \/>\n<meta name=\"robots\" content=\"index, follow, max-snippet:-1, max-image-preview:large, max-video-preview:-1\" \/>\n<link rel=\"canonical\" href=\"https:\/\/ironsky.pl\/sklep\/produkt\/trzykanalowa-ladowarka-telesin-do-dji-action4-3-5pro\/\" \/>\n<meta property=\"og:locale\" content=\"pl_PL\" \/>\n<meta property=\"og:type\" content=\"article\" \/>\n<meta property=\"og:title\" content=\"Trzykana\u0142owa \u0142adowarka TELESIN do DJI Action4\/3\/5pro - IRONSKY.PL Sklep z Dronami\" \/>\n<meta property=\"og:description\" content=\"Trzykana\u0142owa \u0142adowarka TELESIN do DJI Action4\/3\/5pro - \u2705 sklep z dronami i fachowym doradztwem. \u2705 Tutaj kupisz produkty DJI, Yuneec, Parrot, Syma i wiele innych, a tak\u017ce kursy i licencje na operatora drona.\" \/>\n<meta property=\"og:url\" content=\"https:\/\/ironsky.pl\/sklep\/produkt\/trzykanalowa-ladowarka-telesin-do-dji-action4-3-5pro\/\" \/>\n<meta property=\"og:site_name\" content=\"IRONSKY.PL Sklep z Dronami\" \/>\n<meta property=\"article:modified_time\" content=\"2026-04-15T08:49:21+00:00\" \/>\n<meta property=\"og:image\" content=\"https:\/\/ironsky.pl\/sklep\/wp-content\/uploads\/2026\/04\/47279_3.jpg\" \/>\n\t<meta property=\"og:image:width\" content=\"800\" \/>\n\t<meta property=\"og:image:height\" content=\"800\" \/>\n\t<meta property=\"og:image:type\" content=\"image\/jpeg\" \/>\n<meta name=\"twitter:card\" content=\"summary_large_image\" \/>\n<meta name=\"twitter:label1\" content=\"Szacowany czas czytania\" \/>\n\t<meta name=\"twitter:data1\" content=\"2 minuty\" \/>\n<script type=\"application\/ld+json\" class=\"yoast-schema-graph\">{\"@context\":\"https:\/\/schema.org\",\"@graph\":[{\"@type\":\"WebPage\",\"@id\":\"https:\/\/ironsky.pl\/sklep\/produkt\/trzykanalowa-ladowarka-telesin-do-dji-action4-3-5pro\/\",\"url\":\"https:\/\/ironsky.pl\/sklep\/produkt\/trzykanalowa-ladowarka-telesin-do-dji-action4-3-5pro\/\",\"name\":\"Trzykana\u0142owa \u0142adowarka TELESIN do DJI Action4\/3\/5pro - IRONSKY.PL Sklep z Dronami\",\"isPartOf\":{\"@id\":\"https:\/\/ironsky.pl\/sklep\/#website\"},\"primaryImageOfPage\":{\"@id\":\"https:\/\/ironsky.pl\/sklep\/produkt\/trzykanalowa-ladowarka-telesin-do-dji-action4-3-5pro\/#primaryimage\"},\"image\":{\"@id\":\"https:\/\/ironsky.pl\/sklep\/produkt\/trzykanalowa-ladowarka-telesin-do-dji-action4-3-5pro\/#primaryimage\"},\"thumbnailUrl\":\"https:\/\/ironsky.pl\/sklep\/wp-content\/uploads\/2026\/04\/47279_3.jpg\",\"datePublished\":\"2026-04-15T08:49:10+00:00\",\"dateModified\":\"2026-04-15T08:49:21+00:00\",\"description\":\"Trzykana\u0142owa \u0142adowarka TELESIN do DJI Action4\/3\/5pro - \u2705 sklep z dronami i fachowym doradztwem. \u2705 Tutaj kupisz produkty DJI, Yuneec, Parrot, Syma i wiele innych, a tak\u017ce kursy i licencje na operatora drona.\",\"breadcrumb\":{\"@id\":\"https:\/\/ironsky.pl\/sklep\/produkt\/trzykanalowa-ladowarka-telesin-do-dji-action4-3-5pro\/#breadcrumb\"},\"inLanguage\":\"pl-PL\",\"potentialAction\":[{\"@type\":\"ReadAction\",\"target\":[\"https:\/\/ironsky.pl\/sklep\/produkt\/trzykanalowa-ladowarka-telesin-do-dji-action4-3-5pro\/\"]}]},{\"@type\":\"ImageObject\",\"inLanguage\":\"pl-PL\",\"@id\":\"https:\/\/ironsky.pl\/sklep\/produkt\/trzykanalowa-ladowarka-telesin-do-dji-action4-3-5pro\/#primaryimage\",\"url\":\"https:\/\/ironsky.pl\/sklep\/wp-content\/uploads\/2026\/04\/47279_3.jpg\",\"contentUrl\":\"https:\/\/ironsky.pl\/sklep\/wp-content\/uploads\/2026\/04\/47279_3.jpg\",\"width\":800,\"height\":800},{\"@type\":\"BreadcrumbList\",\"@id\":\"https:\/\/ironsky.pl\/sklep\/produkt\/trzykanalowa-ladowarka-telesin-do-dji-action4-3-5pro\/#breadcrumb\",\"itemListElement\":[{\"@type\":\"ListItem\",\"position\":1,\"name\":\"Strona g\u0142\u00f3wna\",\"item\":\"https:\/\/ironsky.pl\/sklep\/\"},{\"@type\":\"ListItem\",\"position\":2,\"name\":\"Wszystkie produkty\",\"item\":\"https:\/\/ironsky.pl\/sklep\/produkty\/\"},{\"@type\":\"ListItem\",\"position\":3,\"name\":\"Trzykana\u0142owa \u0142adowarka TELESIN do DJI Action4\/3\/5pro\"}]},{\"@type\":\"WebSite\",\"@id\":\"https:\/\/ironsky.pl\/sklep\/#website\",\"url\":\"https:\/\/ironsky.pl\/sklep\/\",\"name\":\"IRONSKY.PL Sklep z Dronami\",\"description\":\"IRONSKY.PL Sklep z Dronami\",\"potentialAction\":[{\"@type\":\"SearchAction\",\"target\":{\"@type\":\"EntryPoint\",\"urlTemplate\":\"https:\/\/ironsky.pl\/sklep\/?s={search_term_string}\"},\"query-input\":{\"@type\":\"PropertyValueSpecification\",\"valueRequired\":true,\"valueName\":\"search_term_string\"}}],\"inLanguage\":\"pl-PL\"}]}<\/script>\n<!-- \/ Yoast SEO plugin. -->","yoast_head_json":{"title":"Trzykana\u0142owa \u0142adowarka TELESIN do DJI Action4\/3\/5pro - IRONSKY.PL Sklep z Dronami","description":"Trzykana\u0142owa \u0142adowarka TELESIN do DJI Action4\/3\/5pro - \u2705 sklep z dronami i fachowym doradztwem. \u2705 Tutaj kupisz produkty DJI, Yuneec, Parrot, Syma i wiele innych, a tak\u017ce kursy i licencje na operatora drona.","robots":{"index":"index","follow":"follow","max-snippet":"max-snippet:-1","max-image-preview":"max-image-preview:large","max-video-preview":"max-video-preview:-1"},"canonical":"https:\/\/ironsky.pl\/sklep\/produkt\/trzykanalowa-ladowarka-telesin-do-dji-action4-3-5pro\/","og_locale":"pl_PL","og_type":"article","og_title":"Trzykana\u0142owa \u0142adowarka TELESIN do DJI Action4\/3\/5pro - IRONSKY.PL Sklep z Dronami","og_description":"Trzykana\u0142owa \u0142adowarka TELESIN do DJI Action4\/3\/5pro - \u2705 sklep z dronami i fachowym doradztwem. \u2705 Tutaj kupisz produkty DJI, Yuneec, Parrot, Syma i wiele innych, a tak\u017ce kursy i licencje na operatora drona.","og_url":"https:\/\/ironsky.pl\/sklep\/produkt\/trzykanalowa-ladowarka-telesin-do-dji-action4-3-5pro\/","og_site_name":"IRONSKY.PL Sklep z Dronami","article_modified_time":"2026-04-15T08:49:21+00:00","og_image":[{"width":800,"height":800,"url":"https:\/\/ironsky.pl\/sklep\/wp-content\/uploads\/2026\/04\/47279_3.jpg","type":"image\/jpeg"}],"twitter_card":"summary_large_image","twitter_misc":{"Szacowany czas czytania":"2 minuty"},"schema":{"@context":"https:\/\/schema.org","@graph":[{"@type":"WebPage","@id":"https:\/\/ironsky.pl\/sklep\/produkt\/trzykanalowa-ladowarka-telesin-do-dji-action4-3-5pro\/","url":"https:\/\/ironsky.pl\/sklep\/produkt\/trzykanalowa-ladowarka-telesin-do-dji-action4-3-5pro\/","name":"Trzykana\u0142owa \u0142adowarka TELESIN do DJI Action4\/3\/5pro - IRONSKY.PL Sklep z Dronami","isPartOf":{"@id":"https:\/\/ironsky.pl\/sklep\/#website"},"primaryImageOfPage":{"@id":"https:\/\/ironsky.pl\/sklep\/produkt\/trzykanalowa-ladowarka-telesin-do-dji-action4-3-5pro\/#primaryimage"},"image":{"@id":"https:\/\/ironsky.pl\/sklep\/produkt\/trzykanalowa-ladowarka-telesin-do-dji-action4-3-5pro\/#primaryimage"},"thumbnailUrl":"https:\/\/ironsky.pl\/sklep\/wp-content\/uploads\/2026\/04\/47279_3.jpg","datePublished":"2026-04-15T08:49:10+00:00","dateModified":"2026-04-15T08:49:21+00:00","description":"Trzykana\u0142owa \u0142adowarka TELESIN do DJI Action4\/3\/5pro - \u2705 sklep z dronami i fachowym doradztwem. \u2705 Tutaj kupisz produkty DJI, Yuneec, Parrot, Syma i wiele innych, a tak\u017ce kursy i licencje na operatora drona.","breadcrumb":{"@id":"https:\/\/ironsky.pl\/sklep\/produkt\/trzykanalowa-ladowarka-telesin-do-dji-action4-3-5pro\/#breadcrumb"},"inLanguage":"pl-PL","potentialAction":[{"@type":"ReadAction","target":["https:\/\/ironsky.pl\/sklep\/produkt\/trzykanalowa-ladowarka-telesin-do-dji-action4-3-5pro\/"]}]},{"@type":"ImageObject","inLanguage":"pl-PL","@id":"https:\/\/ironsky.pl\/sklep\/produkt\/trzykanalowa-ladowarka-telesin-do-dji-action4-3-5pro\/#primaryimage","url":"https:\/\/ironsky.pl\/sklep\/wp-content\/uploads\/2026\/04\/47279_3.jpg","contentUrl":"https:\/\/ironsky.pl\/sklep\/wp-content\/uploads\/2026\/04\/47279_3.jpg","width":800,"height":800},{"@type":"BreadcrumbList","@id":"https:\/\/ironsky.pl\/sklep\/produkt\/trzykanalowa-ladowarka-telesin-do-dji-action4-3-5pro\/#breadcrumb","itemListElement":[{"@type":"ListItem","position":1,"name":"Strona g\u0142\u00f3wna","item":"https:\/\/ironsky.pl\/sklep\/"},{"@type":"ListItem","position":2,"name":"Wszystkie produkty","item":"https:\/\/ironsky.pl\/sklep\/produkty\/"},{"@type":"ListItem","position":3,"name":"Trzykana\u0142owa \u0142adowarka TELESIN do DJI Action4\/3\/5pro"}]},{"@type":"WebSite","@id":"https:\/\/ironsky.pl\/sklep\/#website","url":"https:\/\/ironsky.pl\/sklep\/","name":"IRONSKY.PL Sklep z Dronami","description":"IRONSKY.PL Sklep z Dronami","potentialAction":[{"@type":"SearchAction","target":{"@type":"EntryPoint","urlTemplate":"https:\/\/ironsky.pl\/sklep\/?s={search_term_string}"},"query-input":{"@type":"PropertyValueSpecification","valueRequired":true,"valueName":"search_term_string"}}],"inLanguage":"pl-PL"}]}},"_links":{"self":[{"href":"https:\/\/ironsky.pl\/sklep\/wp-json\/wp\/v2\/product\/59591","targetHints":{"allow":["GET"]}}],"collection":[{"href":"https:\/\/ironsky.pl\/sklep\/wp-json\/wp\/v2\/product"}],"about":[{"href":"https:\/\/ironsky.pl\/sklep\/wp-json\/wp\/v2\/types\/product"}],"replies":[{"embeddable":true,"href":"https:\/\/ironsky.pl\/sklep\/wp-json\/wp\/v2\/comments?post=59591"}],"wp:featuredmedia":[{"embeddable":true,"href":"https:\/\/ironsky.pl\/sklep\/wp-json\/wp\/v2\/media\/59592"}],"wp:attachment":[{"href":"https:\/\/ironsky.pl\/sklep\/wp-json\/wp\/v2\/media?parent=59591"}],"wp:term":[{"taxonomy":"product_brand","embeddable":true,"href":"https:\/\/ironsky.pl\/sklep\/wp-json\/wp\/v2\/product_brand?post=59591"},{"taxonomy":"product_cat","embeddable":true,"href":"https:\/\/ironsky.pl\/sklep\/wp-json\/wp\/v2\/product_cat?post=59591"},{"taxonomy":"product_tag","embeddable":true,"href":"https:\/\/ironsky.pl\/sklep\/wp-json\/wp\/v2\/product_tag?post=59591"}],"curies":[{"name":"wp","href":"https:\/\/api.w.org\/{rel}","templated":true}]}}