{"id":59584,"date":"2026-04-15T10:49:10","date_gmt":"2026-04-15T08:49:10","guid":{"rendered":"https:\/\/ironsky.pl\/sklep\/produkt\/stacja-zasilania-ecoflow-delta-2-max-2048wh-panel-400w\/"},"modified":"2026-04-15T10:49:16","modified_gmt":"2026-04-15T08:49:16","slug":"stacja-zasilania-ecoflow-delta-2-max-2048wh-panel-400w","status":"publish","type":"product","link":"https:\/\/ironsky.pl\/sklep\/produkt\/stacja-zasilania-ecoflow-delta-2-max-2048wh-panel-400w\/","title":{"rendered":"Stacja zasilania ECOFLOW Delta 2 Max 2048Wh + panel 400W"},"content":{"rendered":"<h3>Zestaw EcoFlow Delta 2 Max + panel fotowoltaiczny 400W (sk\u0142adany)<\/h3>\n<p>Szukasz innowacyjnego \u017ar\u00f3d\u0142a energii? EcoFlow DELTA 2 Max to nowy standard w\u015br\u00f3d akumulatorowych generator\u00f3w pr\u0105du. Wyr\u00f3\u017cnia si\u0119 pojemno\u015bci\u0105 2048 Wh, kt\u00f3r\u0105 rozszerzy\u0107 mo\u017cna do 6144 Wh. Gwarantuje wydajno\u015b\u0107 na najwy\u017cszym poziomie, a co wi\u0119cej zapewni zasilanie w dowolnym miejscu i w ka\u017cdej sytuacji, nawet podczas awarii sieci. Urz\u0105dzenie to wykorzystuje technologi\u0119 X-Boost, co sprawia, \u017ce mo\u017ce zasili\u0107 sprz\u0119ty nawet o mocy do 3100 W. DELTA 2 Max zosta\u0142a tak\u017ce wyposa\u017cona w najwy\u017cszej jako\u015bci akumulatory LFP, zapewniaj\u0105ce najd\u0142u\u017csz\u0105 mo\u017cliw\u0105 \u017cywotno\u015b\u0107. W zestawie znajdziesz r\u00f3wnie\u017c sk\u0142adany panel fotowoltaiczny EcoFlow, kt\u00f3ry wyr\u00f3\u017cnia si\u0119 moc\u0105 400 W. Z EcoFlow b\u0119dziesz przygotowany na ka\u017cd\u0105 sytuacj\u0119!<\/p>\n<p><img decoding=\"async\" src=\"https:\/\/assets.innpro.pl\/9650\/11258\/4.jpg\" border=\"0\" alt=\"\"><\/p>\n<h3>Najnowsza technologia<\/h3>\n<p>DELTA 2 Max, w por\u00f3wnaniu do standardowych generator\u00f3w, mo\u017ce by\u0107 zasilana za pomoc\u0105 dw\u00f3ch paneli o mocy 400 W lub czterech paneli o mocy 220 W. Jest to rozwi\u0105zanie w pe\u0142ni bezpieczne dla \u015brodowiska. Co wi\u0119cej, nie b\u0119dzie ona wytwarza\u0107 niebezpiecznych gaz\u00f3w, co sprawia, \u017ce bez problemu mo\u017cesz korzysta\u0107 z niej w zamkni\u0119tych pomieszczeniach. DELTA 2 Max wyr\u00f3\u017cnia si\u0119 kompatybilno\u015bci\u0105 ze wszystkimi urz\u0105dzeniami EcoFlow, dzi\u0119ki czemu mo\u017cesz stworzy\u0107 sw\u00f3j w\u0142asny, domowy ekosystem.<\/p>\n<p><img decoding=\"async\" src=\"https:\/\/assets.innpro.pl\/9650\/11258\/2.jpg\" border=\"0\" alt=\"\"><\/p>\n<h3>Szybkie i niezawodne \u0142adowanie dzi\u0119ki X-Stream<\/h3>\n<p>Generator EcoFlow wyr\u00f3\u017cnia si\u0119 du\u017c\u0105 pojemno\u015bci\u0105 wynosz\u0105c\u0105 2048 Wh, kt\u00f3r\u0105 mo\u017cna rozszerzy\u0107 do 6144 Wh. Sprawia to, \u017ce nie musisz martwi\u0107 si\u0119, \u017ce zabraknie Ci mocy do zasilenia wa\u017cnych urz\u0105dze\u0144. Co wi\u0119cej, DELTA 2 Max \u0142aduje si\u0119 bezpiecznie i szybko od 0 do 80% ju\u017c w 53 minuty, dzi\u0119ki technologii X-Stream. Do odnowienia jego energii mo\u017cesz wykorzysta\u0107 tak\u017ce szybkie \u0142adowanie solarne, kt\u00f3re umo\u017cliwi odzyskanie mocy od 0 do 100% ju\u017c w zaledwie 2-3 godziny!<\/p>\n<p><img decoding=\"async\" src=\"https:\/\/assets.innpro.pl\/9650\/11258\/3.jpg\" border=\"0\" alt=\"\"><\/p>\n<h3>Zasilanie dla domowych urz\u0105dze\u0144<\/h3>\n<p>Martwisz si\u0119, \u017ce generator nie b\u0119dzie w stanie zasili\u0107 Twoich sprz\u0119t\u00f3w? Z EcoFlow ten problem zniknie! DELTA 2 Max zasili 99% urz\u0105dze\u0144 (nawet do 13 jednocze\u015bnie) o mocy wyj\u015bciowej do 2400 W. Co wi\u0119cej, dzi\u0119ki technologii X-Boost b\u0119dzie tak\u017ce w stanie zapewni\u0107 zasilanie niekt\u00f3rym urz\u0105dzeniom o mocy do 3100 W. Sprawia to, \u017ce DELTA 2 Max b\u0119dzie w stanie dostarczy\u0107 energi\u0119 takim urz\u0105dzeniom jak spawarki, podgrzewacze wody, suszarki do w\u0142os\u00f3w, lod\u00f3wki i wiele wi\u0119cej!<\/p>\n<p><img decoding=\"async\" src=\"https:\/\/assets.innpro.pl\/9650\/11258\/9.jpg\" border=\"0\" alt=\"\"><\/p>\n<h3>Najwy\u017cszej jako\u015bci akumulator<\/h3>\n<p>DELTA 2 Max powsta\u0142a z my\u015bl\u0105 o d\u0142ugim i komfortowym u\u017cytkowaniu, dlatego wykorzystuje najwy\u017cszej jako\u015bci akumulatory LFP. Zapewniaj\u0105 one najd\u0142u\u017csz\u0105 mo\u017cliw\u0105 \u017cywotno\u015b\u0107. Generator EcoFlow wykazuje do 3000 cykli \u017cywotno\u015bci przed osi\u0105gni\u0119ciem 80% pojemno\u015bci. Sprawia to, \u017ce urz\u0105dzenie to zapewni Ci niezawodne zasilanie przez okres do 10 lat przy codziennym u\u017cytkowaniu.<\/p>\n<p><img decoding=\"async\" src=\"https:\/\/assets.innpro.pl\/9650\/11258\/10.jpg\" border=\"0\" alt=\"\"><\/p>\n<h3>Zasilania awaryjne<\/h3>\n<p>Co w sytuacjach awaryjnych, kt\u00f3rych nie da si\u0119 przewidzie\u0107? Z DELTA 2 Max b\u0119dziesz na nie przygotowany! W przypadku przerwy w dostawie pr\u0105du stacja zasilania prze\u0142\u0105cza si\u0119 automatycznie w tryb zasilania z akumulatora w czasie kr\u00f3tszym ni\u017c 30 ms. Co wi\u0119cej, zapewnia ona stabilne zasilanie nawet dla 13 urz\u0105dze\u0144 jednocze\u015bnie, co sprawia, \u017ce nie b\u0119dziesz musia\u0142 przerywa\u0107 swojej pracy czy czasu sp\u0119dzonego wsp\u00f3lnie z rodzin\u0105.<\/p>\n<p><img decoding=\"async\" src=\"https:\/\/assets.innpro.pl\/9650\/11258\/5.jpg\" border=\"0\" alt=\"\"><\/p>\n<h3>Bezpiecze\u0144stwo<\/h3>\n<p>By zapewni\u0107 ca\u0142kowite bezpiecze\u0144stwo u\u017cytkowania, stacja zasilania EcoFlow DELTA 2 Max zosta\u0142a wykonana z bezpiecznych i wytrzyma\u0142ych materia\u0142\u00f3w. Co wi\u0119cej, wyr\u00f3\u017cnia si\u0119 solidn\u0105 i jednocz\u0119\u015bciow\u0105 konstrukcj\u0105, kt\u00f3ra jest odporna na silne uderzenia i upadki. Jej obudowa wykazuje najwy\u017csz\u0105 klas\u0119 odporno\u015bci ogniowej. Dodatkowo ka\u017cdy port zosta\u0142 wzmocniony, aby zapewni\u0107 wi\u0119ksza odporno\u015b\u0107 na zu\u017cycie, a przewody s\u0105 miedziowane i owini\u0119te polimerem dla lepszego ch\u0142odzenia i wytrzyma\u0142o\u015bci.<\/p>\n<p><img decoding=\"async\" src=\"https:\/\/assets.innpro.pl\/9650\/11258\/1.jpg\" border=\"0\" alt=\"\"><\/p>\n<h3>\u0141atwa kontrola<\/h3>\n<p>Nie obawiaj si\u0119 tak\u017ce skomplikowanej obs\u0142ugi. DELTA 2 Max wykorzystuje inteligentne sterowanie za pomoc\u0105 aplikacji poprzez Wi-Fi lub funkcj\u0119 Bluetooth. Wystarczy pobra\u0107 j\u0105 na sw\u00f3j telefon! Za jej pomoc\u0105 b\u0119dziesz w stanie zindywidualizowa\u0107 zarz\u0105dzanie zu\u017cycia energii, z \u0142atwo\u015bci\u0105 ustawisz zasilanie awaryjne czy dostosujesz pr\u0119dko\u015b\u0107 \u0142adowania AC, jednocze\u015bnie reguluj\u0105c g\u0142o\u015bno\u015b\u0107 pracy urz\u0105dzenia. Z aplikacj\u0105 EcoFlow mo\u017cesz oszcz\u0119dzi\u0107 pieni\u0105dze na op\u0142atach za energi\u0119!<\/p>\n<p><img decoding=\"async\" src=\"https:\/\/assets.innpro.pl\/9650\/11258\/8.jpg\" border=\"0\" alt=\"\"><\/p>\n<h3>Komfort u\u017cytkowania<\/h3>\n<p>DELTA 2 Max to nie tylko praktyczne urz\u0105dzenie, ale tak\u017ce komfort u\u017cytkowania. Jej transport nie sprawi Ci problemu, poniewa\u017c wa\u017cy 23 kg, co sprawia, \u017ce jest o 30% l\u017cejsza ni\u017c standardowa stacja zasilania. Nie musisz tak\u017ce obawia\u0107 si\u0119 uci\u0105\u017cliwego ha\u0142asu, poniewa\u017c urz\u0105dzenie to emituje nie wi\u0119cej ni\u017c 30 dB \u2014 to jest o po\u0142ow\u0119 mniej ni\u017c d\u017awi\u0119k w\u0142\u0105czonego wiatraka. Z EcoFlow mo\u017cesz cieszy\u0107 si\u0119 swoim domowym \u017ar\u00f3d\u0142em energii!<\/p>\n<p><img decoding=\"async\" src=\"https:\/\/assets.innpro.pl\/9650\/11258\/7.jpg\" border=\"0\" alt=\"\"><\/p>\n<h3>Sk\u0142adany panel fotowoltaiczny<\/h3>\n<p>Panel fotowoltaiczny EcoFlow 400 W to przeno\u015bne, wydajne rozwi\u0105zanie dla os\u00f3b poszukuj\u0105cych niezale\u017cnego \u017ar\u00f3d\u0142a energii. Dzi\u0119ki sk\u0142adanej konstrukcji i wadze zaledwie 12,5 kg, panel idealnie sprawdzi si\u0119 podczas podr\u00f3\u017cy, umo\u017cliwiaj\u0105c \u0142adowanie stacji zasilania EcoFlow nawet w trudnych warunkach. W zestawie znajduje si\u0119 torba, kt\u00f3ra pe\u0142ni funkcj\u0119 podstawki, pozwalaj\u0105c ustawi\u0107 panel pod k\u0105tem 40-90\u00b0 dla maksymalnego poch\u0142aniania promieni s\u0142onecznych. Wytrzyma\u0142o\u015b\u0107, wodoodporno\u015b\u0107 IP67 oraz sprawno\u015b\u0107 na poziomie 22,4% zapewniaj\u0105 niezawodne zasilanie w ka\u017cdych warunkach.<\/p>\n<p><img decoding=\"async\" src=\"https:\/\/assets.innpro.pl\/9650\/11258\/6.jpg\" border=\"0\" alt=\"\"><\/p>\n<h3>W zestawie<\/h3>\n<ul>\n<li>Kabel do \u0142adowania AC<\/li>\n<li>Kabel do \u0142adowania samochodowego<\/li>\n<li>Panel fotowoltaiczny EcoFlow 400W<\/li>\n<li>Torba transportowa i podp\u00f3rka w jednym<\/li>\n<li>Kabel MC4&nbsp;&#8211; XC60 (2,5m)<\/li>\n<li>Instrukcja obs\u0142ugi<\/li>\n<\/ul>\n<div class=\"table-wrapper\">\n<p>&nbsp;<\/p>\n<h3>Stacja Delta 2 Max<\/h3>\n<table>\n<tbody>\n<tr>\n<th>Producent <\/th>\n<td>EcoFlow<\/td>\n<\/tr>\n<tr>\n<th>Model <\/th>\n<td>DELTA 2 Max<\/td>\n<\/tr>\n<tr>\n<th>Pojemno\u015b\u0107 <\/th>\n<td>2048 Wh (mo\u017cliwo\u015b\u0107 rozszerzenia do 6144 Wh)<\/td>\n<\/tr>\n<tr>\n<th>Port wej\u015bciowy AC <\/th>\n<td>X-Stream 2300W, 10A<\/td>\n<\/tr>\n<tr>\n<th>Port wyj\u015bciowy AC <\/th>\n<td>4 gniazda, 2400W (wzrost 4800W), X-Boost 3100W<\/td>\n<\/tr>\n<tr>\n<th>Port wyj\u015bciowy DC <\/th>\n<td>2 \u00d7 USB-A \/ 2 \u00d7 szybkie \u0142adowanie USB-A \/ 2 \u00d7 USB-C (100 W) \/ 1 \u00d7 samochodowe gniazdo zasilania \/ 2 \u00d7 DC5521<\/td>\n<\/tr>\n<tr>\n<th>Energia solarna <\/th>\n<td>Maks. 1000 W, 11 V-60 V, maks. 15 A; 500 W na port<\/td>\n<\/tr>\n<tr>\n<th>Akumulator <\/th>\n<td>Sk\u0142ad chemiczny LFP<\/td>\n<\/tr>\n<tr>\n<th>Ilo\u015b\u0107 cykli \u0142adowania <\/th>\n<td>3000 cykli do >80% pojemno\u015bci<\/td>\n<\/tr>\n<tr>\n<th>Po\u0142\u0105czenie <\/th>\n<td>Wi-Fi, Bluetooth<\/td>\n<\/tr>\n<tr>\n<th>Wymiary <\/th>\n<td>49.7\u00d724.2\u00d730.5 cm<\/td>\n<\/tr>\n<tr>\n<th>Waga <\/th>\n<td>23 kg<\/td>\n<\/tr>\n<\/tbody>\n<\/table>\n<p>&nbsp;<\/p>\n<h3>Panel fotowoltaiczny EcoFlow 400W<\/h3>\n<table>\n<tbody>\n<tr>\n<th>Producent <\/th>\n<td>EcoFlow<\/td>\n<\/tr>\n<tr>\n<th>Nazwa <\/th>\n<td>400W Solar Panel<\/td>\n<\/tr>\n<tr>\n<th>Moc znamionowa <\/th>\n<td>400 W (\u00b110 W)<\/td>\n<\/tr>\n<tr>\n<th>Napi\u0119cie obwodu otwartego <\/th>\n<td>48 V (Vmp 41 V)<\/td>\n<\/tr>\n<tr>\n<th>Pr\u0105d zwarciowy <\/th>\n<td>11 A (Imp 9,8 A)<\/td>\n<\/tr>\n<tr>\n<th>Sprawno\u015b\u0107 energetyczna <\/th>\n<td>22,4%<\/td>\n<\/tr>\n<tr>\n<th>Typ ogniwa <\/th>\n<td>Krzem monokrystaliczny<\/td>\n<\/tr>\n<tr>\n<th>Z\u0142\u0105cze <\/th>\n<td>MC4<\/td>\n<\/tr>\n<tr>\n<th>Waga panelu <\/th>\n<td>12,5 kg<\/td>\n<\/tr>\n<tr>\n<th>Wymiary po roz\u0142o\u017ceniu <\/th>\n<td>105,8 x 236,5 x 2,4 cm<\/td>\n<\/tr>\n<tr>\n<th>Wymiary po z\u0142o\u017ceniu <\/th>\n<td>105,8 x 62 x 2,4 cm<\/td>\n<\/tr>\n<tr>\n<th>Wodoodporno\u015b\u0107 <\/th>\n<td>IP67<\/td>\n<\/tr>\n<\/tbody>\n<\/table>\n<\/div>\n","protected":false},"excerpt":{"rendered":"<p>Zestaw EcoFlow Delta 2 Max + panel fotowoltaiczny 400W (sk\u0142adany) Szukasz innowacyjnego \u017ar\u00f3d\u0142a energii? EcoFlow DELTA 2 Max to nowy<\/p>\n","protected":false},"featured_media":59585,"comment_status":"closed","ping_status":"open","template":"","meta":{"_acf_changed":false},"product_brand":[],"product_cat":[1108,6199,1111],"product_tag":[],"class_list":{"0":"post-59584","1":"product","2":"type-product","3":"status-publish","4":"has-post-thumbnail","6":"product_cat-energia","7":"product_cat-stacje-zasilania-stacje-zasilania","8":"product_cat-stacje-zasilania","9":"pa_60-m-5771","10":"pa_producent-ecoflow","12":"first","13":"outofstock","14":"taxable","15":"shipping-taxable","16":"purchasable","17":"product-type-simple"},"acf":[],"yoast_head":"<!-- This site is optimized with the Yoast SEO plugin v27.2 - https:\/\/yoast.com\/product\/yoast-seo-wordpress\/ -->\n<title>Stacja zasilania ECOFLOW Delta 2 Max 2048Wh + panel 400W - IRONSKY.PL Sklep z Dronami<\/title>\n<meta name=\"description\" content=\"Stacja zasilania ECOFLOW Delta 2 Max 2048Wh + panel 400W - \u2705 sklep z dronami i fachowym doradztwem. \u2705 Tutaj kupisz produkty DJI, Yuneec, Parrot, Syma i wiele innych, a tak\u017ce kursy i licencje na operatora drona.\" \/>\n<meta name=\"robots\" content=\"index, follow, max-snippet:-1, max-image-preview:large, max-video-preview:-1\" \/>\n<link rel=\"canonical\" href=\"https:\/\/ironsky.pl\/sklep\/produkt\/stacja-zasilania-ecoflow-delta-2-max-2048wh-panel-400w\/\" \/>\n<meta property=\"og:locale\" content=\"pl_PL\" \/>\n<meta property=\"og:type\" content=\"article\" \/>\n<meta property=\"og:title\" content=\"Stacja zasilania ECOFLOW Delta 2 Max 2048Wh + panel 400W - IRONSKY.PL Sklep z Dronami\" \/>\n<meta property=\"og:description\" content=\"Stacja zasilania ECOFLOW Delta 2 Max 2048Wh + panel 400W - \u2705 sklep z dronami i fachowym doradztwem. \u2705 Tutaj kupisz produkty DJI, Yuneec, Parrot, Syma i wiele innych, a tak\u017ce kursy i licencje na operatora drona.\" \/>\n<meta property=\"og:url\" content=\"https:\/\/ironsky.pl\/sklep\/produkt\/stacja-zasilania-ecoflow-delta-2-max-2048wh-panel-400w\/\" \/>\n<meta property=\"og:site_name\" content=\"IRONSKY.PL Sklep z Dronami\" \/>\n<meta property=\"article:modified_time\" content=\"2026-04-15T08:49:16+00:00\" \/>\n<meta property=\"og:image\" content=\"https:\/\/ironsky.pl\/sklep\/wp-content\/uploads\/2026\/04\/47206_1.jpg\" \/>\n\t<meta property=\"og:image:width\" content=\"800\" \/>\n\t<meta property=\"og:image:height\" content=\"800\" \/>\n\t<meta property=\"og:image:type\" content=\"image\/jpeg\" \/>\n<meta name=\"twitter:card\" content=\"summary_large_image\" \/>\n<meta name=\"twitter:label1\" content=\"Szacowany czas czytania\" \/>\n\t<meta name=\"twitter:data1\" content=\"5 minut\" \/>\n<script type=\"application\/ld+json\" class=\"yoast-schema-graph\">{\"@context\":\"https:\/\/schema.org\",\"@graph\":[{\"@type\":\"WebPage\",\"@id\":\"https:\/\/ironsky.pl\/sklep\/produkt\/stacja-zasilania-ecoflow-delta-2-max-2048wh-panel-400w\/\",\"url\":\"https:\/\/ironsky.pl\/sklep\/produkt\/stacja-zasilania-ecoflow-delta-2-max-2048wh-panel-400w\/\",\"name\":\"Stacja zasilania ECOFLOW Delta 2 Max 2048Wh + panel 400W - IRONSKY.PL Sklep z Dronami\",\"isPartOf\":{\"@id\":\"https:\/\/ironsky.pl\/sklep\/#website\"},\"primaryImageOfPage\":{\"@id\":\"https:\/\/ironsky.pl\/sklep\/produkt\/stacja-zasilania-ecoflow-delta-2-max-2048wh-panel-400w\/#primaryimage\"},\"image\":{\"@id\":\"https:\/\/ironsky.pl\/sklep\/produkt\/stacja-zasilania-ecoflow-delta-2-max-2048wh-panel-400w\/#primaryimage\"},\"thumbnailUrl\":\"https:\/\/ironsky.pl\/sklep\/wp-content\/uploads\/2026\/04\/47206_1.jpg\",\"datePublished\":\"2026-04-15T08:49:10+00:00\",\"dateModified\":\"2026-04-15T08:49:16+00:00\",\"description\":\"Stacja zasilania ECOFLOW Delta 2 Max 2048Wh + panel 400W - \u2705 sklep z dronami i fachowym doradztwem. \u2705 Tutaj kupisz produkty DJI, Yuneec, Parrot, Syma i wiele innych, a tak\u017ce kursy i licencje na operatora drona.\",\"breadcrumb\":{\"@id\":\"https:\/\/ironsky.pl\/sklep\/produkt\/stacja-zasilania-ecoflow-delta-2-max-2048wh-panel-400w\/#breadcrumb\"},\"inLanguage\":\"pl-PL\",\"potentialAction\":[{\"@type\":\"ReadAction\",\"target\":[\"https:\/\/ironsky.pl\/sklep\/produkt\/stacja-zasilania-ecoflow-delta-2-max-2048wh-panel-400w\/\"]}]},{\"@type\":\"ImageObject\",\"inLanguage\":\"pl-PL\",\"@id\":\"https:\/\/ironsky.pl\/sklep\/produkt\/stacja-zasilania-ecoflow-delta-2-max-2048wh-panel-400w\/#primaryimage\",\"url\":\"https:\/\/ironsky.pl\/sklep\/wp-content\/uploads\/2026\/04\/47206_1.jpg\",\"contentUrl\":\"https:\/\/ironsky.pl\/sklep\/wp-content\/uploads\/2026\/04\/47206_1.jpg\",\"width\":800,\"height\":800},{\"@type\":\"BreadcrumbList\",\"@id\":\"https:\/\/ironsky.pl\/sklep\/produkt\/stacja-zasilania-ecoflow-delta-2-max-2048wh-panel-400w\/#breadcrumb\",\"itemListElement\":[{\"@type\":\"ListItem\",\"position\":1,\"name\":\"Strona g\u0142\u00f3wna\",\"item\":\"https:\/\/ironsky.pl\/sklep\/\"},{\"@type\":\"ListItem\",\"position\":2,\"name\":\"Wszystkie produkty\",\"item\":\"https:\/\/ironsky.pl\/sklep\/produkty\/\"},{\"@type\":\"ListItem\",\"position\":3,\"name\":\"Stacja zasilania ECOFLOW Delta 2 Max 2048Wh + panel 400W\"}]},{\"@type\":\"WebSite\",\"@id\":\"https:\/\/ironsky.pl\/sklep\/#website\",\"url\":\"https:\/\/ironsky.pl\/sklep\/\",\"name\":\"IRONSKY.PL Sklep z Dronami\",\"description\":\"IRONSKY.PL Sklep z Dronami\",\"potentialAction\":[{\"@type\":\"SearchAction\",\"target\":{\"@type\":\"EntryPoint\",\"urlTemplate\":\"https:\/\/ironsky.pl\/sklep\/?s={search_term_string}\"},\"query-input\":{\"@type\":\"PropertyValueSpecification\",\"valueRequired\":true,\"valueName\":\"search_term_string\"}}],\"inLanguage\":\"pl-PL\"}]}<\/script>\n<!-- \/ Yoast SEO plugin. -->","yoast_head_json":{"title":"Stacja zasilania ECOFLOW Delta 2 Max 2048Wh + panel 400W - IRONSKY.PL Sklep z Dronami","description":"Stacja zasilania ECOFLOW Delta 2 Max 2048Wh + panel 400W - \u2705 sklep z dronami i fachowym doradztwem. \u2705 Tutaj kupisz produkty DJI, Yuneec, Parrot, Syma i wiele innych, a tak\u017ce kursy i licencje na operatora drona.","robots":{"index":"index","follow":"follow","max-snippet":"max-snippet:-1","max-image-preview":"max-image-preview:large","max-video-preview":"max-video-preview:-1"},"canonical":"https:\/\/ironsky.pl\/sklep\/produkt\/stacja-zasilania-ecoflow-delta-2-max-2048wh-panel-400w\/","og_locale":"pl_PL","og_type":"article","og_title":"Stacja zasilania ECOFLOW Delta 2 Max 2048Wh + panel 400W - IRONSKY.PL Sklep z Dronami","og_description":"Stacja zasilania ECOFLOW Delta 2 Max 2048Wh + panel 400W - \u2705 sklep z dronami i fachowym doradztwem. \u2705 Tutaj kupisz produkty DJI, Yuneec, Parrot, Syma i wiele innych, a tak\u017ce kursy i licencje na operatora drona.","og_url":"https:\/\/ironsky.pl\/sklep\/produkt\/stacja-zasilania-ecoflow-delta-2-max-2048wh-panel-400w\/","og_site_name":"IRONSKY.PL Sklep z Dronami","article_modified_time":"2026-04-15T08:49:16+00:00","og_image":[{"width":800,"height":800,"url":"https:\/\/ironsky.pl\/sklep\/wp-content\/uploads\/2026\/04\/47206_1.jpg","type":"image\/jpeg"}],"twitter_card":"summary_large_image","twitter_misc":{"Szacowany czas czytania":"5 minut"},"schema":{"@context":"https:\/\/schema.org","@graph":[{"@type":"WebPage","@id":"https:\/\/ironsky.pl\/sklep\/produkt\/stacja-zasilania-ecoflow-delta-2-max-2048wh-panel-400w\/","url":"https:\/\/ironsky.pl\/sklep\/produkt\/stacja-zasilania-ecoflow-delta-2-max-2048wh-panel-400w\/","name":"Stacja zasilania ECOFLOW Delta 2 Max 2048Wh + panel 400W - IRONSKY.PL Sklep z Dronami","isPartOf":{"@id":"https:\/\/ironsky.pl\/sklep\/#website"},"primaryImageOfPage":{"@id":"https:\/\/ironsky.pl\/sklep\/produkt\/stacja-zasilania-ecoflow-delta-2-max-2048wh-panel-400w\/#primaryimage"},"image":{"@id":"https:\/\/ironsky.pl\/sklep\/produkt\/stacja-zasilania-ecoflow-delta-2-max-2048wh-panel-400w\/#primaryimage"},"thumbnailUrl":"https:\/\/ironsky.pl\/sklep\/wp-content\/uploads\/2026\/04\/47206_1.jpg","datePublished":"2026-04-15T08:49:10+00:00","dateModified":"2026-04-15T08:49:16+00:00","description":"Stacja zasilania ECOFLOW Delta 2 Max 2048Wh + panel 400W - \u2705 sklep z dronami i fachowym doradztwem. \u2705 Tutaj kupisz produkty DJI, Yuneec, Parrot, Syma i wiele innych, a tak\u017ce kursy i licencje na operatora drona.","breadcrumb":{"@id":"https:\/\/ironsky.pl\/sklep\/produkt\/stacja-zasilania-ecoflow-delta-2-max-2048wh-panel-400w\/#breadcrumb"},"inLanguage":"pl-PL","potentialAction":[{"@type":"ReadAction","target":["https:\/\/ironsky.pl\/sklep\/produkt\/stacja-zasilania-ecoflow-delta-2-max-2048wh-panel-400w\/"]}]},{"@type":"ImageObject","inLanguage":"pl-PL","@id":"https:\/\/ironsky.pl\/sklep\/produkt\/stacja-zasilania-ecoflow-delta-2-max-2048wh-panel-400w\/#primaryimage","url":"https:\/\/ironsky.pl\/sklep\/wp-content\/uploads\/2026\/04\/47206_1.jpg","contentUrl":"https:\/\/ironsky.pl\/sklep\/wp-content\/uploads\/2026\/04\/47206_1.jpg","width":800,"height":800},{"@type":"BreadcrumbList","@id":"https:\/\/ironsky.pl\/sklep\/produkt\/stacja-zasilania-ecoflow-delta-2-max-2048wh-panel-400w\/#breadcrumb","itemListElement":[{"@type":"ListItem","position":1,"name":"Strona g\u0142\u00f3wna","item":"https:\/\/ironsky.pl\/sklep\/"},{"@type":"ListItem","position":2,"name":"Wszystkie produkty","item":"https:\/\/ironsky.pl\/sklep\/produkty\/"},{"@type":"ListItem","position":3,"name":"Stacja zasilania ECOFLOW Delta 2 Max 2048Wh + panel 400W"}]},{"@type":"WebSite","@id":"https:\/\/ironsky.pl\/sklep\/#website","url":"https:\/\/ironsky.pl\/sklep\/","name":"IRONSKY.PL Sklep z Dronami","description":"IRONSKY.PL Sklep z Dronami","potentialAction":[{"@type":"SearchAction","target":{"@type":"EntryPoint","urlTemplate":"https:\/\/ironsky.pl\/sklep\/?s={search_term_string}"},"query-input":{"@type":"PropertyValueSpecification","valueRequired":true,"valueName":"search_term_string"}}],"inLanguage":"pl-PL"}]}},"_links":{"self":[{"href":"https:\/\/ironsky.pl\/sklep\/wp-json\/wp\/v2\/product\/59584","targetHints":{"allow":["GET"]}}],"collection":[{"href":"https:\/\/ironsky.pl\/sklep\/wp-json\/wp\/v2\/product"}],"about":[{"href":"https:\/\/ironsky.pl\/sklep\/wp-json\/wp\/v2\/types\/product"}],"replies":[{"embeddable":true,"href":"https:\/\/ironsky.pl\/sklep\/wp-json\/wp\/v2\/comments?post=59584"}],"wp:featuredmedia":[{"embeddable":true,"href":"https:\/\/ironsky.pl\/sklep\/wp-json\/wp\/v2\/media\/59585"}],"wp:attachment":[{"href":"https:\/\/ironsky.pl\/sklep\/wp-json\/wp\/v2\/media?parent=59584"}],"wp:term":[{"taxonomy":"product_brand","embeddable":true,"href":"https:\/\/ironsky.pl\/sklep\/wp-json\/wp\/v2\/product_brand?post=59584"},{"taxonomy":"product_cat","embeddable":true,"href":"https:\/\/ironsky.pl\/sklep\/wp-json\/wp\/v2\/product_cat?post=59584"},{"taxonomy":"product_tag","embeddable":true,"href":"https:\/\/ironsky.pl\/sklep\/wp-json\/wp\/v2\/product_tag?post=59584"}],"curies":[{"name":"wp","href":"https:\/\/api.w.org\/{rel}","templated":true}]}}