{"id":59564,"date":"2026-04-15T10:48:34","date_gmt":"2026-04-15T08:48:34","guid":{"rendered":"https:\/\/ironsky.pl\/sklep\/produkt\/stojak-telesin-do-dji-osmo-pocket-3-2\/"},"modified":"2026-04-15T10:49:01","modified_gmt":"2026-04-15T08:49:01","slug":"stojak-telesin-do-dji-osmo-pocket-3-2","status":"publish","type":"product","link":"https:\/\/ironsky.pl\/sklep\/produkt\/stojak-telesin-do-dji-osmo-pocket-3-2\/","title":{"rendered":"Stojak TELESIN do DJI Osmo Pocket 3"},"content":{"rendered":"<h3>Stojak TELESIN do DJI Osmo Pocket 3<\/h3>\n<p>Telesin S7-CFR-01-TDJ to wszechstronne akcesorium przeznaczone do kamery DJI Osmo Pocket 3. Pozwala na rozbudow\u0119 funkcji oraz u\u0142atwia rejestrowanie dynamicznych uj\u0119\u0107. Wykonany z wytrzyma\u0142ego stopu aluminium oraz nylonu, zapewnia solidn\u0105 ochron\u0119 urz\u0105dzenia i umo\u017cliwia jego wygodne mocowanie w r\u00f3\u017cnych konfiguracjach. Dzi\u0119ki lekkiej konstrukcji, wa\u017c\u0105cej zaledwie 50 g, produkt jest \u0142atwy w przenoszeniu i nie obci\u0105\u017ca kamery.<\/p>\n<p>\n<img decoding=\"async\" src=\"https:\/\/assets.innpro.pl\/10596\/12462\/6.jpg\" border=\"0\" \/>\n<\/p>\n<h3>\u0141atwa instalacja i szybkie od\u0142\u0105czanie<\/h3>\n<p>Ramka\u00a0 wyposa\u017cona jest w system szybkiego monta\u017cu, kt\u00f3ry umo\u017cliwia szybkie mocowanie kamery oraz \u0142atwe od\u0142\u0105czanie w dowolnym momencie. Zintegrowany system dual cold shoe oraz dwuz\u0105bkowy adapter pozwalaj\u0105 na instalacj\u0119 dodatkowych akcesori\u00f3w, takich jak mikrofony czy lampy LED, co czyni uchwyt idealnym narz\u0119dziem do kreatywnych uj\u0119\u0107 w r\u00f3\u017cnych trybach, takich jak selfie, nagrywanie na \u017cywo czy POV.<\/p>\n<p>\n<img decoding=\"async\" src=\"https:\/\/assets.innpro.pl\/10596\/12462\/5.jpg\" border=\"0\" \/>\n<\/p>\n<h3>Zwi\u0119kszona funkcjonalno\u015b\u0107 i stabilno\u015b\u0107<\/h3>\n<p>Akcesorium oferuje wszechstronne mo\u017cliwo\u015bci monta\u017cu, pozwalaj\u0105c na regulacj\u0119 k\u0105ta nagrywania, co daje pe\u0142n\u0105 kontrol\u0119 nad rejestrowanym obrazem. Dzi\u0119ki antypo\u015blizgowym wk\u0142adkom silikonowym kamera jest dodatkowo zabezpieczona przed przypadkowym wy\u015blizgni\u0119ciem si\u0119 z uchwytu.<\/p>\n<p>\n<img decoding=\"async\" src=\"https:\/\/assets.innpro.pl\/10596\/12462\/2.jpg\" border=\"0\" \/>\n<\/p>\n<h3>Kompaktowa i lekka konstrukcja<\/h3>\n<p>Z wag\u0105 wynosz\u0105c\u0105 oko\u0142o 50 g, stojak Telesin jest wyj\u0105tkowo lekki i kompaktowy, co u\u0142atwia jego transport i przechowywanie. Jego wymiary wynosz\u0105 60 \u00d7 53 \u00d7 91 mm, co sprawia, \u017ce jest idealnym akcesorium do podr\u00f3\u017cy i nagrywania w ruchu.<\/p>\n<p>\n<img decoding=\"async\" src=\"https:\/\/assets.innpro.pl\/10596\/12462\/3.jpg\" border=\"0\" \/>\n<\/p>\n<h3>W zestawie<\/h3>\n<ul class=\"list-disc pl-5\">\n<li>Ramka rozszerzaj\u0105ca<\/li>\n<li>Adapter <\/li>\n<\/ul>\n<div class=\"table-wrapper\">\n<p>\u00a0<\/p>\n<h3><\/h3>\n<table>\n<tbody>\n<tr>\n<th>Producent<\/th>\n<td>Telesin<\/td>\n<\/tr>\n<tr>\n<th>Kod producenta <\/th>\n<td>S7-CFR-01-TDJ<\/td>\n<\/tr>\n<tr>\n<th>Materia\u0142<\/th>\n<td>Stop aluminium + nylon<\/td>\n<\/tr>\n<tr>\n<th>Kompatybilno\u015b\u0107<\/th>\n<td>DJI Osmo Pocket 3<\/td>\n<\/tr>\n<tr>\n<th>Wymiary<\/th>\n<td>60 \u00d7 53 \u00d7 91 mm<\/td>\n<\/tr>\n<tr>\n<th>Waga<\/th>\n<td>50 g<\/td>\n<\/tr>\n<\/tbody>\n<\/table>\n<\/div>\n","protected":false},"excerpt":{"rendered":"<p>Stojak TELESIN do DJI Osmo Pocket 3 Telesin S7-CFR-01-TDJ to wszechstronne akcesorium przeznaczone do kamery DJI Osmo Pocket 3. Pozwala<\/p>\n","protected":false},"featured_media":59565,"comment_status":"closed","ping_status":"open","template":"","meta":{"_acf_changed":false},"product_brand":[],"product_cat":[1128,6178,6176,6190,6177,1138],"product_tag":[],"class_list":{"0":"post-59564","1":"product","2":"type-product","3":"status-publish","4":"has-post-thumbnail","6":"product_cat-foto-wideo","7":"product_cat-mocowania","8":"product_cat-selfie-stiki","9":"product_cat-statywy-mocowania","10":"product_cat-statywy-selfie-stiki","11":"product_cat-wysiegniki","12":"pa_okres-gwarancji-5754","13":"pa_producent-telesin","15":"first","16":"outofstock","17":"taxable","18":"shipping-taxable","19":"purchasable","20":"product-type-simple"},"acf":[],"yoast_head":"<!-- This site is optimized with the Yoast SEO plugin v27.2 - https:\/\/yoast.com\/product\/yoast-seo-wordpress\/ -->\n<title>Stojak TELESIN do DJI Osmo Pocket 3 - IRONSKY.PL Sklep z Dronami<\/title>\n<meta name=\"description\" content=\"Stojak TELESIN do DJI Osmo Pocket 3 - \u2705 sklep z dronami i fachowym doradztwem. \u2705 Tutaj kupisz produkty DJI, Yuneec, Parrot, Syma i wiele innych, a tak\u017ce kursy i licencje na operatora drona.\" \/>\n<meta name=\"robots\" content=\"index, follow, max-snippet:-1, max-image-preview:large, max-video-preview:-1\" \/>\n<link rel=\"canonical\" href=\"https:\/\/ironsky.pl\/sklep\/produkt\/stojak-telesin-do-dji-osmo-pocket-3-2\/\" \/>\n<meta property=\"og:locale\" content=\"pl_PL\" \/>\n<meta property=\"og:type\" content=\"article\" \/>\n<meta property=\"og:title\" content=\"Stojak TELESIN do DJI Osmo Pocket 3 - IRONSKY.PL Sklep z Dronami\" \/>\n<meta property=\"og:description\" content=\"Stojak TELESIN do DJI Osmo Pocket 3 - \u2705 sklep z dronami i fachowym doradztwem. \u2705 Tutaj kupisz produkty DJI, Yuneec, Parrot, Syma i wiele innych, a tak\u017ce kursy i licencje na operatora drona.\" \/>\n<meta property=\"og:url\" content=\"https:\/\/ironsky.pl\/sklep\/produkt\/stojak-telesin-do-dji-osmo-pocket-3-2\/\" \/>\n<meta property=\"og:site_name\" content=\"IRONSKY.PL Sklep z Dronami\" \/>\n<meta property=\"article:modified_time\" content=\"2026-04-15T08:49:01+00:00\" \/>\n<meta property=\"og:image\" content=\"https:\/\/ironsky.pl\/sklep\/wp-content\/uploads\/2026\/04\/47045_5.jpg\" \/>\n\t<meta property=\"og:image:width\" content=\"800\" \/>\n\t<meta property=\"og:image:height\" content=\"800\" \/>\n\t<meta property=\"og:image:type\" content=\"image\/jpeg\" \/>\n<meta name=\"twitter:card\" content=\"summary_large_image\" \/>\n<meta name=\"twitter:label1\" content=\"Szacowany czas czytania\" \/>\n\t<meta name=\"twitter:data1\" content=\"1 minuta\" \/>\n<script type=\"application\/ld+json\" class=\"yoast-schema-graph\">{\"@context\":\"https:\/\/schema.org\",\"@graph\":[{\"@type\":\"WebPage\",\"@id\":\"https:\/\/ironsky.pl\/sklep\/produkt\/stojak-telesin-do-dji-osmo-pocket-3-2\/\",\"url\":\"https:\/\/ironsky.pl\/sklep\/produkt\/stojak-telesin-do-dji-osmo-pocket-3-2\/\",\"name\":\"Stojak TELESIN do DJI Osmo Pocket 3 - IRONSKY.PL Sklep z Dronami\",\"isPartOf\":{\"@id\":\"https:\/\/ironsky.pl\/sklep\/#website\"},\"primaryImageOfPage\":{\"@id\":\"https:\/\/ironsky.pl\/sklep\/produkt\/stojak-telesin-do-dji-osmo-pocket-3-2\/#primaryimage\"},\"image\":{\"@id\":\"https:\/\/ironsky.pl\/sklep\/produkt\/stojak-telesin-do-dji-osmo-pocket-3-2\/#primaryimage\"},\"thumbnailUrl\":\"https:\/\/ironsky.pl\/sklep\/wp-content\/uploads\/2026\/04\/47045_5.jpg\",\"datePublished\":\"2026-04-15T08:48:34+00:00\",\"dateModified\":\"2026-04-15T08:49:01+00:00\",\"description\":\"Stojak TELESIN do DJI Osmo Pocket 3 - \u2705 sklep z dronami i fachowym doradztwem. \u2705 Tutaj kupisz produkty DJI, Yuneec, Parrot, Syma i wiele innych, a tak\u017ce kursy i licencje na operatora drona.\",\"breadcrumb\":{\"@id\":\"https:\/\/ironsky.pl\/sklep\/produkt\/stojak-telesin-do-dji-osmo-pocket-3-2\/#breadcrumb\"},\"inLanguage\":\"pl-PL\",\"potentialAction\":[{\"@type\":\"ReadAction\",\"target\":[\"https:\/\/ironsky.pl\/sklep\/produkt\/stojak-telesin-do-dji-osmo-pocket-3-2\/\"]}]},{\"@type\":\"ImageObject\",\"inLanguage\":\"pl-PL\",\"@id\":\"https:\/\/ironsky.pl\/sklep\/produkt\/stojak-telesin-do-dji-osmo-pocket-3-2\/#primaryimage\",\"url\":\"https:\/\/ironsky.pl\/sklep\/wp-content\/uploads\/2026\/04\/47045_5.jpg\",\"contentUrl\":\"https:\/\/ironsky.pl\/sklep\/wp-content\/uploads\/2026\/04\/47045_5.jpg\",\"width\":800,\"height\":800},{\"@type\":\"BreadcrumbList\",\"@id\":\"https:\/\/ironsky.pl\/sklep\/produkt\/stojak-telesin-do-dji-osmo-pocket-3-2\/#breadcrumb\",\"itemListElement\":[{\"@type\":\"ListItem\",\"position\":1,\"name\":\"Strona g\u0142\u00f3wna\",\"item\":\"https:\/\/ironsky.pl\/sklep\/\"},{\"@type\":\"ListItem\",\"position\":2,\"name\":\"Wszystkie produkty\",\"item\":\"https:\/\/ironsky.pl\/sklep\/produkty\/\"},{\"@type\":\"ListItem\",\"position\":3,\"name\":\"Stojak TELESIN do DJI Osmo Pocket 3\"}]},{\"@type\":\"WebSite\",\"@id\":\"https:\/\/ironsky.pl\/sklep\/#website\",\"url\":\"https:\/\/ironsky.pl\/sklep\/\",\"name\":\"IRONSKY.PL Sklep z Dronami\",\"description\":\"IRONSKY.PL Sklep z Dronami\",\"potentialAction\":[{\"@type\":\"SearchAction\",\"target\":{\"@type\":\"EntryPoint\",\"urlTemplate\":\"https:\/\/ironsky.pl\/sklep\/?s={search_term_string}\"},\"query-input\":{\"@type\":\"PropertyValueSpecification\",\"valueRequired\":true,\"valueName\":\"search_term_string\"}}],\"inLanguage\":\"pl-PL\"}]}<\/script>\n<!-- \/ Yoast SEO plugin. -->","yoast_head_json":{"title":"Stojak TELESIN do DJI Osmo Pocket 3 - IRONSKY.PL Sklep z Dronami","description":"Stojak TELESIN do DJI Osmo Pocket 3 - \u2705 sklep z dronami i fachowym doradztwem. \u2705 Tutaj kupisz produkty DJI, Yuneec, Parrot, Syma i wiele innych, a tak\u017ce kursy i licencje na operatora drona.","robots":{"index":"index","follow":"follow","max-snippet":"max-snippet:-1","max-image-preview":"max-image-preview:large","max-video-preview":"max-video-preview:-1"},"canonical":"https:\/\/ironsky.pl\/sklep\/produkt\/stojak-telesin-do-dji-osmo-pocket-3-2\/","og_locale":"pl_PL","og_type":"article","og_title":"Stojak TELESIN do DJI Osmo Pocket 3 - IRONSKY.PL Sklep z Dronami","og_description":"Stojak TELESIN do DJI Osmo Pocket 3 - \u2705 sklep z dronami i fachowym doradztwem. \u2705 Tutaj kupisz produkty DJI, Yuneec, Parrot, Syma i wiele innych, a tak\u017ce kursy i licencje na operatora drona.","og_url":"https:\/\/ironsky.pl\/sklep\/produkt\/stojak-telesin-do-dji-osmo-pocket-3-2\/","og_site_name":"IRONSKY.PL Sklep z Dronami","article_modified_time":"2026-04-15T08:49:01+00:00","og_image":[{"width":800,"height":800,"url":"https:\/\/ironsky.pl\/sklep\/wp-content\/uploads\/2026\/04\/47045_5.jpg","type":"image\/jpeg"}],"twitter_card":"summary_large_image","twitter_misc":{"Szacowany czas czytania":"1 minuta"},"schema":{"@context":"https:\/\/schema.org","@graph":[{"@type":"WebPage","@id":"https:\/\/ironsky.pl\/sklep\/produkt\/stojak-telesin-do-dji-osmo-pocket-3-2\/","url":"https:\/\/ironsky.pl\/sklep\/produkt\/stojak-telesin-do-dji-osmo-pocket-3-2\/","name":"Stojak TELESIN do DJI Osmo Pocket 3 - IRONSKY.PL Sklep z Dronami","isPartOf":{"@id":"https:\/\/ironsky.pl\/sklep\/#website"},"primaryImageOfPage":{"@id":"https:\/\/ironsky.pl\/sklep\/produkt\/stojak-telesin-do-dji-osmo-pocket-3-2\/#primaryimage"},"image":{"@id":"https:\/\/ironsky.pl\/sklep\/produkt\/stojak-telesin-do-dji-osmo-pocket-3-2\/#primaryimage"},"thumbnailUrl":"https:\/\/ironsky.pl\/sklep\/wp-content\/uploads\/2026\/04\/47045_5.jpg","datePublished":"2026-04-15T08:48:34+00:00","dateModified":"2026-04-15T08:49:01+00:00","description":"Stojak TELESIN do DJI Osmo Pocket 3 - \u2705 sklep z dronami i fachowym doradztwem. \u2705 Tutaj kupisz produkty DJI, Yuneec, Parrot, Syma i wiele innych, a tak\u017ce kursy i licencje na operatora drona.","breadcrumb":{"@id":"https:\/\/ironsky.pl\/sklep\/produkt\/stojak-telesin-do-dji-osmo-pocket-3-2\/#breadcrumb"},"inLanguage":"pl-PL","potentialAction":[{"@type":"ReadAction","target":["https:\/\/ironsky.pl\/sklep\/produkt\/stojak-telesin-do-dji-osmo-pocket-3-2\/"]}]},{"@type":"ImageObject","inLanguage":"pl-PL","@id":"https:\/\/ironsky.pl\/sklep\/produkt\/stojak-telesin-do-dji-osmo-pocket-3-2\/#primaryimage","url":"https:\/\/ironsky.pl\/sklep\/wp-content\/uploads\/2026\/04\/47045_5.jpg","contentUrl":"https:\/\/ironsky.pl\/sklep\/wp-content\/uploads\/2026\/04\/47045_5.jpg","width":800,"height":800},{"@type":"BreadcrumbList","@id":"https:\/\/ironsky.pl\/sklep\/produkt\/stojak-telesin-do-dji-osmo-pocket-3-2\/#breadcrumb","itemListElement":[{"@type":"ListItem","position":1,"name":"Strona g\u0142\u00f3wna","item":"https:\/\/ironsky.pl\/sklep\/"},{"@type":"ListItem","position":2,"name":"Wszystkie produkty","item":"https:\/\/ironsky.pl\/sklep\/produkty\/"},{"@type":"ListItem","position":3,"name":"Stojak TELESIN do DJI Osmo Pocket 3"}]},{"@type":"WebSite","@id":"https:\/\/ironsky.pl\/sklep\/#website","url":"https:\/\/ironsky.pl\/sklep\/","name":"IRONSKY.PL Sklep z Dronami","description":"IRONSKY.PL Sklep z Dronami","potentialAction":[{"@type":"SearchAction","target":{"@type":"EntryPoint","urlTemplate":"https:\/\/ironsky.pl\/sklep\/?s={search_term_string}"},"query-input":{"@type":"PropertyValueSpecification","valueRequired":true,"valueName":"search_term_string"}}],"inLanguage":"pl-PL"}]}},"_links":{"self":[{"href":"https:\/\/ironsky.pl\/sklep\/wp-json\/wp\/v2\/product\/59564","targetHints":{"allow":["GET"]}}],"collection":[{"href":"https:\/\/ironsky.pl\/sklep\/wp-json\/wp\/v2\/product"}],"about":[{"href":"https:\/\/ironsky.pl\/sklep\/wp-json\/wp\/v2\/types\/product"}],"replies":[{"embeddable":true,"href":"https:\/\/ironsky.pl\/sklep\/wp-json\/wp\/v2\/comments?post=59564"}],"wp:featuredmedia":[{"embeddable":true,"href":"https:\/\/ironsky.pl\/sklep\/wp-json\/wp\/v2\/media\/59565"}],"wp:attachment":[{"href":"https:\/\/ironsky.pl\/sklep\/wp-json\/wp\/v2\/media?parent=59564"}],"wp:term":[{"taxonomy":"product_brand","embeddable":true,"href":"https:\/\/ironsky.pl\/sklep\/wp-json\/wp\/v2\/product_brand?post=59564"},{"taxonomy":"product_cat","embeddable":true,"href":"https:\/\/ironsky.pl\/sklep\/wp-json\/wp\/v2\/product_cat?post=59564"},{"taxonomy":"product_tag","embeddable":true,"href":"https:\/\/ironsky.pl\/sklep\/wp-json\/wp\/v2\/product_tag?post=59564"}],"curies":[{"name":"wp","href":"https:\/\/api.w.org\/{rel}","templated":true}]}}