{"id":59558,"date":"2026-04-15T10:48:34","date_gmt":"2026-04-15T08:48:34","guid":{"rendered":"https:\/\/ironsky.pl\/sklep\/produkt\/uchwyt-selfie-wodoodporny-telesin-do-gopro-hero-8-13\/"},"modified":"2026-04-15T10:48:58","modified_gmt":"2026-04-15T08:48:58","slug":"uchwyt-selfie-wodoodporny-telesin-do-gopro-hero-8-13","status":"publish","type":"product","link":"https:\/\/ironsky.pl\/sklep\/produkt\/uchwyt-selfie-wodoodporny-telesin-do-gopro-hero-8-13\/","title":{"rendered":"Uchwyt selfie wodoodporny TELESIN do GoPro Hero 8-13"},"content":{"rendered":"<h3>Wodoodporny uchwyt selfie TELESIN do GoPro 8 \/ 9 \/ 10 \/ 11 \/ 12 \/ 13<\/h3>\n<p>Uchwyt selfie pozwala na zdalne sterowanie kamer\u0105 pod wod\u0105, umo\u017cliwiaj\u0105c uchwycenie niezapomnianych chwil podczas nurkowania. Zosta\u0142 wyposa\u017cony w funkcj\u0119 zdalnego sterowania, dzi\u0119ki czemu mo\u017cesz robi\u0107 zdj\u0119cia w dowolnym momencie. Ca\u0142kowita d\u0142ugo\u015b\u0107 uchwytu wynosi 85 cm, co idealnie sprawdza si\u0119 w fotografowaniu scen podwodnych, takich jak rafy koralowe czy podmorskie krajobrazy.<\/p>\n<p>\n<img decoding=\"async\" src=\"https:\/\/assets.innpro.pl\/10283\/12086\/5.jpg\" border=\"0\" alt=\"\" \/>\n<\/p>\n<h3>Praktyczne akcesorium<\/h3>\n<p>Uchwyt selfie obs\u0142uguje szereg funkcji zdalnego sterowania, w tym robienie zdj\u0119\u0107, prze\u0142\u0105czanie tryb\u00f3w oraz w\u0142\u0105czanie i wy\u0142\u0105czanie zasilania, co czyni go prostym i \u0142atwym w obs\u0142udze. Jest odporny na wod\u0119, dzi\u0119ki czemu mo\u017cesz go zanurzy\u0107 na g\u0142\u0119boko\u015b\u0107 30 m, co czyni go idealnym akcesorium dla mi\u0142o\u015bnik\u00f3w sport\u00f3w wodnych. Kompatybilny z wieloma modelami kamer, takimi jak GoPro 8 \/ 9 \/ 10 \/ 11 \/ 12 \/ 13 zapewnia wszechstronno\u015b\u0107 w ka\u017cdej sytuacji.<\/p>\n<p>\n<img decoding=\"async\" src=\"https:\/\/assets.innpro.pl\/10283\/12086\/1.jpg\" border=\"0\" alt=\"\" \/>\n<\/p>\n<h3>W zestawie<\/h3>\n<ul class=\"list-disc pl-5\">\n<li>wodoodporny uchwyt selfie<\/li>\n<li>opaska na nadgarstek<\/li>\n<li>kabel \u0142adowania USB<\/li>\n<li>\u015bruba<\/li>\n<li>instrukcja obs\u0142ugi<\/li>\n<\/ul>\n<div class=\"table-wrapper\">\n<p>\u00a0<\/p>\n<h3><\/h3>\n<table>\n<tbody>\n<tr>\n<th>Producent<\/th>\n<td>Telesin<\/td>\n<\/tr>\n<tr>\n<th>Model<\/th>\n<td>GP-WBT-001<\/td>\n<\/tr>\n<tr>\n<th>D\u0142ugo\u015b\u0107<\/th>\n<td>85 cm<\/td>\n<\/tr>\n<tr>\n<th>Wodoodporno\u015b\u0107<\/th>\n<td>do 30 m<\/td>\n<\/tr>\n<tr>\n<th>Kompatybilno\u015b\u0107<\/th>\n<td>GoPro 8 \/ 9 \/ 10 \/ 11 \/ 12 \/ 13<\/td>\n<\/tr>\n<\/tbody>\n<\/table>\n<\/div>\n","protected":false},"excerpt":{"rendered":"<p>Wodoodporny uchwyt selfie TELESIN do GoPro 8 \/ 9 \/ 10 \/ 11 \/ 12 \/ 13 Uchwyt selfie pozwala<\/p>\n","protected":false},"featured_media":59559,"comment_status":"closed","ping_status":"open","template":"","meta":{"_acf_changed":false},"product_brand":[],"product_cat":[1128,6178,6176,6177,1138,6179],"product_tag":[],"class_list":{"0":"post-59558","1":"product","2":"type-product","3":"status-publish","4":"has-post-thumbnail","6":"product_cat-foto-wideo","7":"product_cat-mocowania","8":"product_cat-selfie-stiki","9":"product_cat-statywy-selfie-stiki","10":"product_cat-wysiegniki","11":"product_cat-wysiegniki-i-uchwyty-selfie","12":"pa_okres-gwarancji-5754","13":"pa_producent-telesin","15":"first","16":"outofstock","17":"taxable","18":"shipping-taxable","19":"purchasable","20":"product-type-simple"},"acf":[],"yoast_head":"<!-- This site is optimized with the Yoast SEO plugin v27.2 - https:\/\/yoast.com\/product\/yoast-seo-wordpress\/ -->\n<title>Uchwyt selfie wodoodporny TELESIN do GoPro Hero 8-13 - IRONSKY.PL Sklep z Dronami<\/title>\n<meta name=\"description\" content=\"Uchwyt selfie wodoodporny TELESIN do GoPro Hero 8-13 - \u2705 sklep z dronami i fachowym doradztwem. \u2705 Tutaj kupisz produkty DJI, Yuneec, Parrot, Syma i wiele innych, a tak\u017ce kursy i licencje na operatora drona.\" \/>\n<meta name=\"robots\" content=\"index, follow, max-snippet:-1, max-image-preview:large, max-video-preview:-1\" \/>\n<link rel=\"canonical\" href=\"https:\/\/ironsky.pl\/sklep\/produkt\/uchwyt-selfie-wodoodporny-telesin-do-gopro-hero-8-13\/\" \/>\n<meta property=\"og:locale\" content=\"pl_PL\" \/>\n<meta property=\"og:type\" content=\"article\" \/>\n<meta property=\"og:title\" content=\"Uchwyt selfie wodoodporny TELESIN do GoPro Hero 8-13 - IRONSKY.PL Sklep z Dronami\" \/>\n<meta property=\"og:description\" content=\"Uchwyt selfie wodoodporny TELESIN do GoPro Hero 8-13 - \u2705 sklep z dronami i fachowym doradztwem. \u2705 Tutaj kupisz produkty DJI, Yuneec, Parrot, Syma i wiele innych, a tak\u017ce kursy i licencje na operatora drona.\" \/>\n<meta property=\"og:url\" content=\"https:\/\/ironsky.pl\/sklep\/produkt\/uchwyt-selfie-wodoodporny-telesin-do-gopro-hero-8-13\/\" \/>\n<meta property=\"og:site_name\" content=\"IRONSKY.PL Sklep z Dronami\" \/>\n<meta property=\"article:modified_time\" content=\"2026-04-15T08:48:58+00:00\" \/>\n<meta property=\"og:image\" content=\"https:\/\/ironsky.pl\/sklep\/wp-content\/uploads\/2026\/04\/47044_4.jpg\" \/>\n\t<meta property=\"og:image:width\" content=\"800\" \/>\n\t<meta property=\"og:image:height\" content=\"800\" \/>\n\t<meta property=\"og:image:type\" content=\"image\/jpeg\" \/>\n<meta name=\"twitter:card\" content=\"summary_large_image\" \/>\n<meta name=\"twitter:label1\" content=\"Szacowany czas czytania\" \/>\n\t<meta name=\"twitter:data1\" content=\"1 minuta\" \/>\n<script type=\"application\/ld+json\" class=\"yoast-schema-graph\">{\"@context\":\"https:\/\/schema.org\",\"@graph\":[{\"@type\":\"WebPage\",\"@id\":\"https:\/\/ironsky.pl\/sklep\/produkt\/uchwyt-selfie-wodoodporny-telesin-do-gopro-hero-8-13\/\",\"url\":\"https:\/\/ironsky.pl\/sklep\/produkt\/uchwyt-selfie-wodoodporny-telesin-do-gopro-hero-8-13\/\",\"name\":\"Uchwyt selfie wodoodporny TELESIN do GoPro Hero 8-13 - IRONSKY.PL Sklep z Dronami\",\"isPartOf\":{\"@id\":\"https:\/\/ironsky.pl\/sklep\/#website\"},\"primaryImageOfPage\":{\"@id\":\"https:\/\/ironsky.pl\/sklep\/produkt\/uchwyt-selfie-wodoodporny-telesin-do-gopro-hero-8-13\/#primaryimage\"},\"image\":{\"@id\":\"https:\/\/ironsky.pl\/sklep\/produkt\/uchwyt-selfie-wodoodporny-telesin-do-gopro-hero-8-13\/#primaryimage\"},\"thumbnailUrl\":\"https:\/\/ironsky.pl\/sklep\/wp-content\/uploads\/2026\/04\/47044_4.jpg\",\"datePublished\":\"2026-04-15T08:48:34+00:00\",\"dateModified\":\"2026-04-15T08:48:58+00:00\",\"description\":\"Uchwyt selfie wodoodporny TELESIN do GoPro Hero 8-13 - \u2705 sklep z dronami i fachowym doradztwem. \u2705 Tutaj kupisz produkty DJI, Yuneec, Parrot, Syma i wiele innych, a tak\u017ce kursy i licencje na operatora drona.\",\"breadcrumb\":{\"@id\":\"https:\/\/ironsky.pl\/sklep\/produkt\/uchwyt-selfie-wodoodporny-telesin-do-gopro-hero-8-13\/#breadcrumb\"},\"inLanguage\":\"pl-PL\",\"potentialAction\":[{\"@type\":\"ReadAction\",\"target\":[\"https:\/\/ironsky.pl\/sklep\/produkt\/uchwyt-selfie-wodoodporny-telesin-do-gopro-hero-8-13\/\"]}]},{\"@type\":\"ImageObject\",\"inLanguage\":\"pl-PL\",\"@id\":\"https:\/\/ironsky.pl\/sklep\/produkt\/uchwyt-selfie-wodoodporny-telesin-do-gopro-hero-8-13\/#primaryimage\",\"url\":\"https:\/\/ironsky.pl\/sklep\/wp-content\/uploads\/2026\/04\/47044_4.jpg\",\"contentUrl\":\"https:\/\/ironsky.pl\/sklep\/wp-content\/uploads\/2026\/04\/47044_4.jpg\",\"width\":800,\"height\":800},{\"@type\":\"BreadcrumbList\",\"@id\":\"https:\/\/ironsky.pl\/sklep\/produkt\/uchwyt-selfie-wodoodporny-telesin-do-gopro-hero-8-13\/#breadcrumb\",\"itemListElement\":[{\"@type\":\"ListItem\",\"position\":1,\"name\":\"Strona g\u0142\u00f3wna\",\"item\":\"https:\/\/ironsky.pl\/sklep\/\"},{\"@type\":\"ListItem\",\"position\":2,\"name\":\"Wszystkie produkty\",\"item\":\"https:\/\/ironsky.pl\/sklep\/produkty\/\"},{\"@type\":\"ListItem\",\"position\":3,\"name\":\"Uchwyt selfie wodoodporny TELESIN do GoPro Hero 8-13\"}]},{\"@type\":\"WebSite\",\"@id\":\"https:\/\/ironsky.pl\/sklep\/#website\",\"url\":\"https:\/\/ironsky.pl\/sklep\/\",\"name\":\"IRONSKY.PL Sklep z Dronami\",\"description\":\"IRONSKY.PL Sklep z Dronami\",\"potentialAction\":[{\"@type\":\"SearchAction\",\"target\":{\"@type\":\"EntryPoint\",\"urlTemplate\":\"https:\/\/ironsky.pl\/sklep\/?s={search_term_string}\"},\"query-input\":{\"@type\":\"PropertyValueSpecification\",\"valueRequired\":true,\"valueName\":\"search_term_string\"}}],\"inLanguage\":\"pl-PL\"}]}<\/script>\n<!-- \/ Yoast SEO plugin. -->","yoast_head_json":{"title":"Uchwyt selfie wodoodporny TELESIN do GoPro Hero 8-13 - IRONSKY.PL Sklep z Dronami","description":"Uchwyt selfie wodoodporny TELESIN do GoPro Hero 8-13 - \u2705 sklep z dronami i fachowym doradztwem. \u2705 Tutaj kupisz produkty DJI, Yuneec, Parrot, Syma i wiele innych, a tak\u017ce kursy i licencje na operatora drona.","robots":{"index":"index","follow":"follow","max-snippet":"max-snippet:-1","max-image-preview":"max-image-preview:large","max-video-preview":"max-video-preview:-1"},"canonical":"https:\/\/ironsky.pl\/sklep\/produkt\/uchwyt-selfie-wodoodporny-telesin-do-gopro-hero-8-13\/","og_locale":"pl_PL","og_type":"article","og_title":"Uchwyt selfie wodoodporny TELESIN do GoPro Hero 8-13 - IRONSKY.PL Sklep z Dronami","og_description":"Uchwyt selfie wodoodporny TELESIN do GoPro Hero 8-13 - \u2705 sklep z dronami i fachowym doradztwem. \u2705 Tutaj kupisz produkty DJI, Yuneec, Parrot, Syma i wiele innych, a tak\u017ce kursy i licencje na operatora drona.","og_url":"https:\/\/ironsky.pl\/sklep\/produkt\/uchwyt-selfie-wodoodporny-telesin-do-gopro-hero-8-13\/","og_site_name":"IRONSKY.PL Sklep z Dronami","article_modified_time":"2026-04-15T08:48:58+00:00","og_image":[{"width":800,"height":800,"url":"https:\/\/ironsky.pl\/sklep\/wp-content\/uploads\/2026\/04\/47044_4.jpg","type":"image\/jpeg"}],"twitter_card":"summary_large_image","twitter_misc":{"Szacowany czas czytania":"1 minuta"},"schema":{"@context":"https:\/\/schema.org","@graph":[{"@type":"WebPage","@id":"https:\/\/ironsky.pl\/sklep\/produkt\/uchwyt-selfie-wodoodporny-telesin-do-gopro-hero-8-13\/","url":"https:\/\/ironsky.pl\/sklep\/produkt\/uchwyt-selfie-wodoodporny-telesin-do-gopro-hero-8-13\/","name":"Uchwyt selfie wodoodporny TELESIN do GoPro Hero 8-13 - IRONSKY.PL Sklep z Dronami","isPartOf":{"@id":"https:\/\/ironsky.pl\/sklep\/#website"},"primaryImageOfPage":{"@id":"https:\/\/ironsky.pl\/sklep\/produkt\/uchwyt-selfie-wodoodporny-telesin-do-gopro-hero-8-13\/#primaryimage"},"image":{"@id":"https:\/\/ironsky.pl\/sklep\/produkt\/uchwyt-selfie-wodoodporny-telesin-do-gopro-hero-8-13\/#primaryimage"},"thumbnailUrl":"https:\/\/ironsky.pl\/sklep\/wp-content\/uploads\/2026\/04\/47044_4.jpg","datePublished":"2026-04-15T08:48:34+00:00","dateModified":"2026-04-15T08:48:58+00:00","description":"Uchwyt selfie wodoodporny TELESIN do GoPro Hero 8-13 - \u2705 sklep z dronami i fachowym doradztwem. \u2705 Tutaj kupisz produkty DJI, Yuneec, Parrot, Syma i wiele innych, a tak\u017ce kursy i licencje na operatora drona.","breadcrumb":{"@id":"https:\/\/ironsky.pl\/sklep\/produkt\/uchwyt-selfie-wodoodporny-telesin-do-gopro-hero-8-13\/#breadcrumb"},"inLanguage":"pl-PL","potentialAction":[{"@type":"ReadAction","target":["https:\/\/ironsky.pl\/sklep\/produkt\/uchwyt-selfie-wodoodporny-telesin-do-gopro-hero-8-13\/"]}]},{"@type":"ImageObject","inLanguage":"pl-PL","@id":"https:\/\/ironsky.pl\/sklep\/produkt\/uchwyt-selfie-wodoodporny-telesin-do-gopro-hero-8-13\/#primaryimage","url":"https:\/\/ironsky.pl\/sklep\/wp-content\/uploads\/2026\/04\/47044_4.jpg","contentUrl":"https:\/\/ironsky.pl\/sklep\/wp-content\/uploads\/2026\/04\/47044_4.jpg","width":800,"height":800},{"@type":"BreadcrumbList","@id":"https:\/\/ironsky.pl\/sklep\/produkt\/uchwyt-selfie-wodoodporny-telesin-do-gopro-hero-8-13\/#breadcrumb","itemListElement":[{"@type":"ListItem","position":1,"name":"Strona g\u0142\u00f3wna","item":"https:\/\/ironsky.pl\/sklep\/"},{"@type":"ListItem","position":2,"name":"Wszystkie produkty","item":"https:\/\/ironsky.pl\/sklep\/produkty\/"},{"@type":"ListItem","position":3,"name":"Uchwyt selfie wodoodporny TELESIN do GoPro Hero 8-13"}]},{"@type":"WebSite","@id":"https:\/\/ironsky.pl\/sklep\/#website","url":"https:\/\/ironsky.pl\/sklep\/","name":"IRONSKY.PL Sklep z Dronami","description":"IRONSKY.PL Sklep z Dronami","potentialAction":[{"@type":"SearchAction","target":{"@type":"EntryPoint","urlTemplate":"https:\/\/ironsky.pl\/sklep\/?s={search_term_string}"},"query-input":{"@type":"PropertyValueSpecification","valueRequired":true,"valueName":"search_term_string"}}],"inLanguage":"pl-PL"}]}},"_links":{"self":[{"href":"https:\/\/ironsky.pl\/sklep\/wp-json\/wp\/v2\/product\/59558","targetHints":{"allow":["GET"]}}],"collection":[{"href":"https:\/\/ironsky.pl\/sklep\/wp-json\/wp\/v2\/product"}],"about":[{"href":"https:\/\/ironsky.pl\/sklep\/wp-json\/wp\/v2\/types\/product"}],"replies":[{"embeddable":true,"href":"https:\/\/ironsky.pl\/sklep\/wp-json\/wp\/v2\/comments?post=59558"}],"wp:featuredmedia":[{"embeddable":true,"href":"https:\/\/ironsky.pl\/sklep\/wp-json\/wp\/v2\/media\/59559"}],"wp:attachment":[{"href":"https:\/\/ironsky.pl\/sklep\/wp-json\/wp\/v2\/media?parent=59558"}],"wp:term":[{"taxonomy":"product_brand","embeddable":true,"href":"https:\/\/ironsky.pl\/sklep\/wp-json\/wp\/v2\/product_brand?post=59558"},{"taxonomy":"product_cat","embeddable":true,"href":"https:\/\/ironsky.pl\/sklep\/wp-json\/wp\/v2\/product_cat?post=59558"},{"taxonomy":"product_tag","embeddable":true,"href":"https:\/\/ironsky.pl\/sklep\/wp-json\/wp\/v2\/product_tag?post=59558"}],"curies":[{"name":"wp","href":"https:\/\/api.w.org\/{rel}","templated":true}]}}