{"id":59544,"date":"2026-04-15T10:48:34","date_gmt":"2026-04-15T08:48:34","guid":{"rendered":"https:\/\/ironsky.pl\/sklep\/produkt\/szelki-dla-zwierzat-insta360-do-go-3-3s-rozmiar-s\/"},"modified":"2026-04-15T10:48:51","modified_gmt":"2026-04-15T08:48:51","slug":"szelki-dla-zwierzat-insta360-do-go-3-3s-rozmiar-s","status":"publish","type":"product","link":"https:\/\/ironsky.pl\/sklep\/produkt\/szelki-dla-zwierzat-insta360-do-go-3-3s-rozmiar-s\/","title":{"rendered":"Szelki dla zwierz\u0105t INSTA360 do GO 3\/3S rozmiar S"},"content":{"rendered":"<h3>Szelki dla zwierz\u0105t rozmiar S do monta\u017cu kamer Insta360 GO 3\/ GO 3S<\/h3>\n<p>Szelki do monta\u017cu kamer Insta360 GO 3\/GO 3S (rozmiar S) pozwalaj\u0105 na rejestrowanie unikalnych uj\u0119\u0107 z punktu widzenia Twojego zwierzaka. Dzi\u0119ki mo\u017cliwo\u015bci zamontowania kamery zar\u00f3wno na obro\u017cy, jak i na grzbiecie, mo\u017cesz z \u0142atwo\u015bci\u0105 uzyska\u0107 r\u00f3\u017cnorodne kadry, kt\u00f3re idealnie oddadz\u0105 to, co widzi Tw\u00f3j pupil podczas zabawy lub spaceru.<\/p>\n<p>\n<img decoding=\"async\" src=\"https:\/\/assets.innpro.pl\/9674\/11296\/5.jpg\" border=\"0\" \/>\n<\/p>\n<h3>Komfort i bezpiecze\u0144stwo<\/h3>\n<p>Szelki zosta\u0142y zaprojektowane z my\u015bl\u0105 o komforcie zwierz\u0105t. Dzi\u0119ki lekkiej, mi\u0119kkiej podstawie z gumy oraz oddychaj\u0105cym, regulowanym paskom, produkt idealnie dopasowuje si\u0119 do cia\u0142a pupila, jednocze\u015bnie chroni\u0105c kamer\u0119. Mechanizm typu &#8222;snap-in&#8221; u\u0142atwia szybki monta\u017c i demonta\u017c szelek, co jest szczeg\u00f3lnie przydatne, gdy chcesz szybko rozpocz\u0105\u0107 nagrywanie.<\/p>\n<p>\n<img decoding=\"async\" src=\"https:\/\/assets.innpro.pl\/9674\/11296\/2.jpg\" border=\"0\" \/>\n<\/p>\n<h3>Dwa r\u00f3\u017cne k\u0105ty monta\u017cu<\/h3>\n<p>Opcje monta\u017cu na klatce piersiowej i plecach daj\u0105 jeszcze wi\u0119cej mo\u017cliwo\u015bci tw\u00f3rczych. Mo\u017cesz \u0142atwo dostosowa\u0107 szelki do preferowanego k\u0105ta widzenia, a dzi\u0119ki wyjmowanej tylnej podporze uzyskasz jeszcze szersze pole widzenia. Szelki doskonale sprawdz\u0105 si\u0119 na mniejszych i \u015brednich zwierzakach, oferuj\u0105c elastyczno\u015b\u0107 w rejestrowaniu ich przyg\u00f3d.<\/p>\n<p>\n<img decoding=\"async\" src=\"https:\/\/assets.innpro.pl\/9674\/11296\/6.jpg\" border=\"0\" \/>\n<\/p>\n<h3>Wytrzyma\u0142o\u015b\u0107 i \u0142atwa konserwacja<\/h3>\n<p>Szelki wykonano z materia\u0142\u00f3w wykorzystywanych w sportach outdoorowych, dzi\u0119ki czemu s\u0105 odporne na uszkodzenia i \u0142atwe w czyszczeniu. Szelki mo\u017cna pra\u0107 w zimnej wodzie, co u\u0142atwia utrzymanie ich w czysto\u015bci po intensywnych zabawach na \u015bwie\u017cym powietrzu.<\/p>\n<p>\n<img decoding=\"async\" src=\"https:\/\/assets.innpro.pl\/9674\/11296\/1.jpg\" border=\"0\" \/>\n<\/p>\n<h3>W zestawie<\/h3>\n<ul class=\"list-disc pl-5\">\n<li>1x Uchwyt na uprz\u0105\u017c <\/li>\n<li>1x 3-bolcowa podstawa tylna <\/li>\n<li>1x Podstawa pr\u0119ta przed\u0142u\u017caj\u0105cego grzbiet <\/li>\n<li>1x Uchwyt pionowy <\/li>\n<li>1x Mocowanie poziome <\/li>\n<li>2x \u015aruby motylkowe<\/li>\n<\/ul>\n<div class=\"table-wrapper\">\n<p>\u00a0<\/p>\n<h3><\/h3>\n<table>\n<tbody>\n<tr>\n<th>Nazwa:<\/th>\n<td>Szelki dla zwierz\u0105t rozmiar S do monta\u017cu kamer Insta360 GO 3\/ GO 3S<\/td>\n<\/tr>\n<tr>\n<th>Producent:<\/th>\n<td>Insta360<\/td>\n<\/tr>\n<tr>\n<th>Model:<\/th>\n<td>CINSBAVX<\/td>\n<\/tr>\n<tr>\n<th>Wymiary:<\/th>\n<td>155,8*139,5*55,7mm<\/td>\n<\/tr>\n<tr>\n<th>Waga:<\/th>\n<td>141,5g<\/td>\n<\/tr>\n<tr>\n<th>Materia\u0142:<\/th>\n<td>Tworzywo sztuczne, TPU, stal nierdzewna, nylon <\/td>\n<\/tr>\n<tr>\n<th>Kompatybilne z:<\/th>\n<td>GO 3, GO 3S<\/td>\n<\/tr>\n<\/tbody>\n<\/table>\n<\/div>\n","protected":false},"excerpt":{"rendered":"<p>Szelki dla zwierz\u0105t rozmiar S do monta\u017cu kamer Insta360 GO 3\/ GO 3S Szelki do monta\u017cu kamer Insta360 GO 3\/GO<\/p>\n","protected":false},"featured_media":59545,"comment_status":"closed","ping_status":"open","template":"","meta":{"_acf_changed":false},"product_brand":[],"product_cat":[1128,6178,6176,6177,6181,1138],"product_tag":[],"class_list":{"0":"post-59544","1":"product","2":"type-product","3":"status-publish","4":"has-post-thumbnail","6":"product_cat-foto-wideo","7":"product_cat-mocowania","8":"product_cat-selfie-stiki","9":"product_cat-statywy-selfie-stiki","10":"product_cat-szelki-mocowania-i-uchwyty","11":"product_cat-wysiegniki","12":"pa_okres-gwarancji-5757","13":"pa_producent-insta360","15":"first","16":"outofstock","17":"taxable","18":"shipping-taxable","19":"purchasable","20":"product-type-simple"},"acf":[],"yoast_head":"<!-- This site is optimized with the Yoast SEO plugin v27.2 - https:\/\/yoast.com\/product\/yoast-seo-wordpress\/ -->\n<title>Szelki dla zwierz\u0105t INSTA360 do GO 3\/3S rozmiar S - IRONSKY.PL Sklep z Dronami<\/title>\n<meta name=\"description\" content=\"Szelki dla zwierz\u0105t INSTA360 do GO 3\/3S rozmiar S - \u2705 sklep z dronami i fachowym doradztwem. \u2705 Tutaj kupisz produkty DJI, Yuneec, Parrot, Syma i wiele innych, a tak\u017ce kursy i licencje na operatora drona.\" \/>\n<meta name=\"robots\" content=\"index, follow, max-snippet:-1, max-image-preview:large, max-video-preview:-1\" \/>\n<link rel=\"canonical\" href=\"https:\/\/ironsky.pl\/sklep\/produkt\/szelki-dla-zwierzat-insta360-do-go-3-3s-rozmiar-s\/\" \/>\n<meta property=\"og:locale\" content=\"pl_PL\" \/>\n<meta property=\"og:type\" content=\"article\" \/>\n<meta property=\"og:title\" content=\"Szelki dla zwierz\u0105t INSTA360 do GO 3\/3S rozmiar S - IRONSKY.PL Sklep z Dronami\" \/>\n<meta property=\"og:description\" content=\"Szelki dla zwierz\u0105t INSTA360 do GO 3\/3S rozmiar S - \u2705 sklep z dronami i fachowym doradztwem. \u2705 Tutaj kupisz produkty DJI, Yuneec, Parrot, Syma i wiele innych, a tak\u017ce kursy i licencje na operatora drona.\" \/>\n<meta property=\"og:url\" content=\"https:\/\/ironsky.pl\/sklep\/produkt\/szelki-dla-zwierzat-insta360-do-go-3-3s-rozmiar-s\/\" \/>\n<meta property=\"og:site_name\" content=\"IRONSKY.PL Sklep z Dronami\" \/>\n<meta property=\"article:modified_time\" content=\"2026-04-15T08:48:51+00:00\" \/>\n<meta property=\"og:image\" content=\"https:\/\/ironsky.pl\/sklep\/wp-content\/uploads\/2026\/04\/47024_1.jpg\" \/>\n\t<meta property=\"og:image:width\" content=\"800\" \/>\n\t<meta property=\"og:image:height\" content=\"800\" \/>\n\t<meta property=\"og:image:type\" content=\"image\/jpeg\" \/>\n<meta name=\"twitter:card\" content=\"summary_large_image\" \/>\n<meta name=\"twitter:label1\" content=\"Szacowany czas czytania\" \/>\n\t<meta name=\"twitter:data1\" content=\"2 minuty\" \/>\n<script type=\"application\/ld+json\" class=\"yoast-schema-graph\">{\"@context\":\"https:\/\/schema.org\",\"@graph\":[{\"@type\":\"WebPage\",\"@id\":\"https:\/\/ironsky.pl\/sklep\/produkt\/szelki-dla-zwierzat-insta360-do-go-3-3s-rozmiar-s\/\",\"url\":\"https:\/\/ironsky.pl\/sklep\/produkt\/szelki-dla-zwierzat-insta360-do-go-3-3s-rozmiar-s\/\",\"name\":\"Szelki dla zwierz\u0105t INSTA360 do GO 3\/3S rozmiar S - IRONSKY.PL Sklep z Dronami\",\"isPartOf\":{\"@id\":\"https:\/\/ironsky.pl\/sklep\/#website\"},\"primaryImageOfPage\":{\"@id\":\"https:\/\/ironsky.pl\/sklep\/produkt\/szelki-dla-zwierzat-insta360-do-go-3-3s-rozmiar-s\/#primaryimage\"},\"image\":{\"@id\":\"https:\/\/ironsky.pl\/sklep\/produkt\/szelki-dla-zwierzat-insta360-do-go-3-3s-rozmiar-s\/#primaryimage\"},\"thumbnailUrl\":\"https:\/\/ironsky.pl\/sklep\/wp-content\/uploads\/2026\/04\/47024_1.jpg\",\"datePublished\":\"2026-04-15T08:48:34+00:00\",\"dateModified\":\"2026-04-15T08:48:51+00:00\",\"description\":\"Szelki dla zwierz\u0105t INSTA360 do GO 3\/3S rozmiar S - \u2705 sklep z dronami i fachowym doradztwem. \u2705 Tutaj kupisz produkty DJI, Yuneec, Parrot, Syma i wiele innych, a tak\u017ce kursy i licencje na operatora drona.\",\"breadcrumb\":{\"@id\":\"https:\/\/ironsky.pl\/sklep\/produkt\/szelki-dla-zwierzat-insta360-do-go-3-3s-rozmiar-s\/#breadcrumb\"},\"inLanguage\":\"pl-PL\",\"potentialAction\":[{\"@type\":\"ReadAction\",\"target\":[\"https:\/\/ironsky.pl\/sklep\/produkt\/szelki-dla-zwierzat-insta360-do-go-3-3s-rozmiar-s\/\"]}]},{\"@type\":\"ImageObject\",\"inLanguage\":\"pl-PL\",\"@id\":\"https:\/\/ironsky.pl\/sklep\/produkt\/szelki-dla-zwierzat-insta360-do-go-3-3s-rozmiar-s\/#primaryimage\",\"url\":\"https:\/\/ironsky.pl\/sklep\/wp-content\/uploads\/2026\/04\/47024_1.jpg\",\"contentUrl\":\"https:\/\/ironsky.pl\/sklep\/wp-content\/uploads\/2026\/04\/47024_1.jpg\",\"width\":800,\"height\":800},{\"@type\":\"BreadcrumbList\",\"@id\":\"https:\/\/ironsky.pl\/sklep\/produkt\/szelki-dla-zwierzat-insta360-do-go-3-3s-rozmiar-s\/#breadcrumb\",\"itemListElement\":[{\"@type\":\"ListItem\",\"position\":1,\"name\":\"Strona g\u0142\u00f3wna\",\"item\":\"https:\/\/ironsky.pl\/sklep\/\"},{\"@type\":\"ListItem\",\"position\":2,\"name\":\"Wszystkie produkty\",\"item\":\"https:\/\/ironsky.pl\/sklep\/produkty\/\"},{\"@type\":\"ListItem\",\"position\":3,\"name\":\"Szelki dla zwierz\u0105t INSTA360 do GO 3\/3S rozmiar S\"}]},{\"@type\":\"WebSite\",\"@id\":\"https:\/\/ironsky.pl\/sklep\/#website\",\"url\":\"https:\/\/ironsky.pl\/sklep\/\",\"name\":\"IRONSKY.PL Sklep z Dronami\",\"description\":\"IRONSKY.PL Sklep z Dronami\",\"potentialAction\":[{\"@type\":\"SearchAction\",\"target\":{\"@type\":\"EntryPoint\",\"urlTemplate\":\"https:\/\/ironsky.pl\/sklep\/?s={search_term_string}\"},\"query-input\":{\"@type\":\"PropertyValueSpecification\",\"valueRequired\":true,\"valueName\":\"search_term_string\"}}],\"inLanguage\":\"pl-PL\"}]}<\/script>\n<!-- \/ Yoast SEO plugin. -->","yoast_head_json":{"title":"Szelki dla zwierz\u0105t INSTA360 do GO 3\/3S rozmiar S - IRONSKY.PL Sklep z Dronami","description":"Szelki dla zwierz\u0105t INSTA360 do GO 3\/3S rozmiar S - \u2705 sklep z dronami i fachowym doradztwem. \u2705 Tutaj kupisz produkty DJI, Yuneec, Parrot, Syma i wiele innych, a tak\u017ce kursy i licencje na operatora drona.","robots":{"index":"index","follow":"follow","max-snippet":"max-snippet:-1","max-image-preview":"max-image-preview:large","max-video-preview":"max-video-preview:-1"},"canonical":"https:\/\/ironsky.pl\/sklep\/produkt\/szelki-dla-zwierzat-insta360-do-go-3-3s-rozmiar-s\/","og_locale":"pl_PL","og_type":"article","og_title":"Szelki dla zwierz\u0105t INSTA360 do GO 3\/3S rozmiar S - IRONSKY.PL Sklep z Dronami","og_description":"Szelki dla zwierz\u0105t INSTA360 do GO 3\/3S rozmiar S - \u2705 sklep z dronami i fachowym doradztwem. \u2705 Tutaj kupisz produkty DJI, Yuneec, Parrot, Syma i wiele innych, a tak\u017ce kursy i licencje na operatora drona.","og_url":"https:\/\/ironsky.pl\/sklep\/produkt\/szelki-dla-zwierzat-insta360-do-go-3-3s-rozmiar-s\/","og_site_name":"IRONSKY.PL Sklep z Dronami","article_modified_time":"2026-04-15T08:48:51+00:00","og_image":[{"width":800,"height":800,"url":"https:\/\/ironsky.pl\/sklep\/wp-content\/uploads\/2026\/04\/47024_1.jpg","type":"image\/jpeg"}],"twitter_card":"summary_large_image","twitter_misc":{"Szacowany czas czytania":"2 minuty"},"schema":{"@context":"https:\/\/schema.org","@graph":[{"@type":"WebPage","@id":"https:\/\/ironsky.pl\/sklep\/produkt\/szelki-dla-zwierzat-insta360-do-go-3-3s-rozmiar-s\/","url":"https:\/\/ironsky.pl\/sklep\/produkt\/szelki-dla-zwierzat-insta360-do-go-3-3s-rozmiar-s\/","name":"Szelki dla zwierz\u0105t INSTA360 do GO 3\/3S rozmiar S - IRONSKY.PL Sklep z Dronami","isPartOf":{"@id":"https:\/\/ironsky.pl\/sklep\/#website"},"primaryImageOfPage":{"@id":"https:\/\/ironsky.pl\/sklep\/produkt\/szelki-dla-zwierzat-insta360-do-go-3-3s-rozmiar-s\/#primaryimage"},"image":{"@id":"https:\/\/ironsky.pl\/sklep\/produkt\/szelki-dla-zwierzat-insta360-do-go-3-3s-rozmiar-s\/#primaryimage"},"thumbnailUrl":"https:\/\/ironsky.pl\/sklep\/wp-content\/uploads\/2026\/04\/47024_1.jpg","datePublished":"2026-04-15T08:48:34+00:00","dateModified":"2026-04-15T08:48:51+00:00","description":"Szelki dla zwierz\u0105t INSTA360 do GO 3\/3S rozmiar S - \u2705 sklep z dronami i fachowym doradztwem. \u2705 Tutaj kupisz produkty DJI, Yuneec, Parrot, Syma i wiele innych, a tak\u017ce kursy i licencje na operatora drona.","breadcrumb":{"@id":"https:\/\/ironsky.pl\/sklep\/produkt\/szelki-dla-zwierzat-insta360-do-go-3-3s-rozmiar-s\/#breadcrumb"},"inLanguage":"pl-PL","potentialAction":[{"@type":"ReadAction","target":["https:\/\/ironsky.pl\/sklep\/produkt\/szelki-dla-zwierzat-insta360-do-go-3-3s-rozmiar-s\/"]}]},{"@type":"ImageObject","inLanguage":"pl-PL","@id":"https:\/\/ironsky.pl\/sklep\/produkt\/szelki-dla-zwierzat-insta360-do-go-3-3s-rozmiar-s\/#primaryimage","url":"https:\/\/ironsky.pl\/sklep\/wp-content\/uploads\/2026\/04\/47024_1.jpg","contentUrl":"https:\/\/ironsky.pl\/sklep\/wp-content\/uploads\/2026\/04\/47024_1.jpg","width":800,"height":800},{"@type":"BreadcrumbList","@id":"https:\/\/ironsky.pl\/sklep\/produkt\/szelki-dla-zwierzat-insta360-do-go-3-3s-rozmiar-s\/#breadcrumb","itemListElement":[{"@type":"ListItem","position":1,"name":"Strona g\u0142\u00f3wna","item":"https:\/\/ironsky.pl\/sklep\/"},{"@type":"ListItem","position":2,"name":"Wszystkie produkty","item":"https:\/\/ironsky.pl\/sklep\/produkty\/"},{"@type":"ListItem","position":3,"name":"Szelki dla zwierz\u0105t INSTA360 do GO 3\/3S rozmiar S"}]},{"@type":"WebSite","@id":"https:\/\/ironsky.pl\/sklep\/#website","url":"https:\/\/ironsky.pl\/sklep\/","name":"IRONSKY.PL Sklep z Dronami","description":"IRONSKY.PL Sklep z Dronami","potentialAction":[{"@type":"SearchAction","target":{"@type":"EntryPoint","urlTemplate":"https:\/\/ironsky.pl\/sklep\/?s={search_term_string}"},"query-input":{"@type":"PropertyValueSpecification","valueRequired":true,"valueName":"search_term_string"}}],"inLanguage":"pl-PL"}]}},"_links":{"self":[{"href":"https:\/\/ironsky.pl\/sklep\/wp-json\/wp\/v2\/product\/59544","targetHints":{"allow":["GET"]}}],"collection":[{"href":"https:\/\/ironsky.pl\/sklep\/wp-json\/wp\/v2\/product"}],"about":[{"href":"https:\/\/ironsky.pl\/sklep\/wp-json\/wp\/v2\/types\/product"}],"replies":[{"embeddable":true,"href":"https:\/\/ironsky.pl\/sklep\/wp-json\/wp\/v2\/comments?post=59544"}],"wp:featuredmedia":[{"embeddable":true,"href":"https:\/\/ironsky.pl\/sklep\/wp-json\/wp\/v2\/media\/59545"}],"wp:attachment":[{"href":"https:\/\/ironsky.pl\/sklep\/wp-json\/wp\/v2\/media?parent=59544"}],"wp:term":[{"taxonomy":"product_brand","embeddable":true,"href":"https:\/\/ironsky.pl\/sklep\/wp-json\/wp\/v2\/product_brand?post=59544"},{"taxonomy":"product_cat","embeddable":true,"href":"https:\/\/ironsky.pl\/sklep\/wp-json\/wp\/v2\/product_cat?post=59544"},{"taxonomy":"product_tag","embeddable":true,"href":"https:\/\/ironsky.pl\/sklep\/wp-json\/wp\/v2\/product_tag?post=59544"}],"curies":[{"name":"wp","href":"https:\/\/api.w.org\/{rel}","templated":true}]}}