{"id":59533,"date":"2026-04-15T10:48:34","date_gmt":"2026-04-15T08:48:34","guid":{"rendered":"https:\/\/ironsky.pl\/sklep\/produkt\/mocowanie-motocyklowe-sunnylife-do-kamer-sportowych\/"},"modified":"2026-04-15T10:48:46","modified_gmt":"2026-04-15T08:48:46","slug":"mocowanie-motocyklowe-sunnylife-do-kamer-sportowych","status":"publish","type":"product","link":"https:\/\/ironsky.pl\/sklep\/produkt\/mocowanie-motocyklowe-sunnylife-do-kamer-sportowych\/","title":{"rendered":"Mocowanie motocyklowe SUNNYLIFE do kamer sportowych"},"content":{"rendered":"<h3>Mocowanie na motocykl Sunnylife do kamer sportowych<\/h3>\n<p>Odkryj nowe mo\u017cliwo\u015bci nagrywania podczas jazdy dzi\u0119ki mocowaniu do kamer sportowych. Zaprojektowane z my\u015bl\u0105 o mi\u0142o\u015bnikach motocykli, zapewnia pewne trzymanie kamery na przedniej szybie, gwarantuj\u0105c, \u017ce Twoje urz\u0105dzenie jest bezpieczne i stabilne podczas jazdy. Wykonane z wysokiej jako\u015bci stopu aluminium i wyposa\u017cone w silikonow\u0105 wk\u0142adk\u0119, \u0142\u0105czy trwa\u0142o\u015b\u0107 z funkcjonalno\u015bci\u0105, oferuj\u0105c Ci niezawodne wsparcie w tworzeniu niesamowitych film\u00f3w.<\/p>\n<p>\n<img decoding=\"async\" src=\"https:\/\/assets.innpro.pl\/9402\/10971\/2.jpg\" border=\"0\" alt=\"\" \/>\n<\/p>\n<h3>Solidna konstrukcja CNC z aluminium<\/h3>\n<p>Mocowanie Sunnylife zosta\u0142o precyzyjnie wykonane z wysokiej jako\u015bci stopu aluminium, kt\u00f3ry przeszed\u0142 proces obr\u00f3bki CNC. Dzi\u0119ki temu charakteryzuje si\u0119 wyj\u0105tkow\u0105 wytrzyma\u0142o\u015bci\u0105, zapewniaj\u0105c d\u0142ugotrwa\u0142\u0105 odporno\u015b\u0107 na uszkodzenia mechaniczne. Materia\u0142 jest idealny do intensywnego u\u017cytkowania, co sprawia, \u017ce mocowanie jest odporne na wstrz\u0105sy i wibracje podczas jazdy po trudnym terenie.<\/p>\n<p>\n<img decoding=\"async\" src=\"https:\/\/assets.innpro.pl\/9402\/10971\/4.jpg\" border=\"0\" alt=\"\" \/>\n<\/p>\n<h3>Wszechstronno\u015b\u0107 zastosowania<\/h3>\n<p>Niewa\u017cne czy je\u017adzisz na elektrycznym rowerze, motocyklu terenowym czy rajdowym! Mocowanie Sunnylife wsp\u00f3\u0142pracuje z r\u00f3\u017cnego rodzaju jedno\u015bladami. Mo\u017cliwo\u015b\u0107 regulacji k\u0105ta w zakresie 180 stopni to funkcjonalno\u015b\u0107, dzi\u0119ki kt\u00f3rej uzyskasz idealny k\u0105t nagrywania epickich film\u00f3w z podr\u00f3\u017cy.<\/p>\n<p>\n<img decoding=\"async\" src=\"https:\/\/assets.innpro.pl\/9402\/10971\/6.jpg\" border=\"0\" alt=\"\" \/>\n<\/p>\n<h3>Bezpieczne mocowanie na przedniej szybie<\/h3>\n<p>Innowacyjny mechanizm blokuj\u0105cy mocowanie Sunnylife zapewnia pewne i stabilne trzymanie kamery na przedniej szybie motocykla. Dzi\u0119ki \u015bcis\u0142emu dopasowaniu i skutecznemu systemowi blokady Twoje urz\u0105dzenie jest zabezpieczone przed przypadkowym przesuni\u0119ciem czy upadkiem, a dodatkowo nie musisz obawia\u0107 si\u0119 zarysowa\u0144 na szybie motocykla.\u00a0<\/p>\n<p>\n<img decoding=\"async\" src=\"https:\/\/assets.innpro.pl\/9402\/10971\/1.jpg\" border=\"0\" alt=\"\" \/>\n<\/p>\n<div class=\"table-wrapper\">\n<p>\u00a0<\/p>\n<h3><\/h3>\n<table>\n<tbody>\n<tr>\n<th>Producent<\/th>\n<td>Sunnylife <\/td>\n<\/tr>\n<tr>\n<th>Model<\/th>\n<td>ZJ846<\/td>\n<\/tr>\n<tr>\n<th>Materia\u0142<\/th>\n<td>Stop aluminium + silikon<\/td>\n<\/tr>\n<tr>\n<th>Waga <\/th>\n<td>80g<\/td>\n<\/tr>\n<tr>\n<th>Kompatybilno\u015b\u0107<\/th>\n<td>seria GoPro, seria Action, seria Pocket, seria Insta360 Go, Insta360 Ace\/Ace Pro, seria Insta360 ONE R, Insta360 X4\/X5, smartfony<\/td>\n<\/tr>\n<\/tbody>\n<\/table>\n<\/div>\n","protected":false},"excerpt":{"rendered":"<p>Mocowanie na motocykl Sunnylife do kamer sportowych Odkryj nowe mo\u017cliwo\u015bci nagrywania podczas jazdy dzi\u0119ki mocowaniu do kamer sportowych. Zaprojektowane z<\/p>\n","protected":false},"featured_media":59534,"comment_status":"closed","ping_status":"open","template":"","meta":{"_acf_changed":false},"product_brand":[],"product_cat":[1128,6178,6176,6177,6190,1138],"product_tag":[],"class_list":{"0":"post-59533","1":"product","2":"type-product","3":"status-publish","4":"has-post-thumbnail","6":"product_cat-foto-wideo","7":"product_cat-mocowania","8":"product_cat-selfie-stiki","9":"product_cat-statywy-selfie-stiki","10":"product_cat-statywy-mocowania","11":"product_cat-wysiegniki","12":"pa_okres-gwarancji-5754","13":"pa_producent-sunnylife","15":"first","16":"outofstock","17":"taxable","18":"shipping-taxable","19":"purchasable","20":"product-type-simple"},"acf":[],"yoast_head":"<!-- This site is optimized with the Yoast SEO plugin v27.2 - https:\/\/yoast.com\/product\/yoast-seo-wordpress\/ -->\n<title>Mocowanie motocyklowe SUNNYLIFE do kamer sportowych - IRONSKY.PL Sklep z Dronami<\/title>\n<meta name=\"description\" content=\"Mocowanie motocyklowe SUNNYLIFE do kamer sportowych - \u2705 sklep z dronami i fachowym doradztwem. \u2705 Tutaj kupisz produkty DJI, Yuneec, Parrot, Syma i wiele innych, a tak\u017ce kursy i licencje na operatora drona.\" \/>\n<meta name=\"robots\" content=\"index, follow, max-snippet:-1, max-image-preview:large, max-video-preview:-1\" \/>\n<link rel=\"canonical\" href=\"https:\/\/ironsky.pl\/sklep\/produkt\/mocowanie-motocyklowe-sunnylife-do-kamer-sportowych\/\" \/>\n<meta property=\"og:locale\" content=\"pl_PL\" \/>\n<meta property=\"og:type\" content=\"article\" \/>\n<meta property=\"og:title\" content=\"Mocowanie motocyklowe SUNNYLIFE do kamer sportowych - IRONSKY.PL Sklep z Dronami\" \/>\n<meta property=\"og:description\" content=\"Mocowanie motocyklowe SUNNYLIFE do kamer sportowych - \u2705 sklep z dronami i fachowym doradztwem. \u2705 Tutaj kupisz produkty DJI, Yuneec, Parrot, Syma i wiele innych, a tak\u017ce kursy i licencje na operatora drona.\" \/>\n<meta property=\"og:url\" content=\"https:\/\/ironsky.pl\/sklep\/produkt\/mocowanie-motocyklowe-sunnylife-do-kamer-sportowych\/\" \/>\n<meta property=\"og:site_name\" content=\"IRONSKY.PL Sklep z Dronami\" \/>\n<meta property=\"article:modified_time\" content=\"2026-04-15T08:48:46+00:00\" \/>\n<meta property=\"og:image\" content=\"https:\/\/ironsky.pl\/sklep\/wp-content\/uploads\/2026\/04\/47015_1.jpg\" \/>\n\t<meta property=\"og:image:width\" content=\"800\" \/>\n\t<meta property=\"og:image:height\" content=\"800\" \/>\n\t<meta property=\"og:image:type\" content=\"image\/jpeg\" \/>\n<meta name=\"twitter:card\" content=\"summary_large_image\" \/>\n<meta name=\"twitter:label1\" content=\"Szacowany czas czytania\" \/>\n\t<meta name=\"twitter:data1\" content=\"1 minuta\" \/>\n<script type=\"application\/ld+json\" class=\"yoast-schema-graph\">{\"@context\":\"https:\/\/schema.org\",\"@graph\":[{\"@type\":\"WebPage\",\"@id\":\"https:\/\/ironsky.pl\/sklep\/produkt\/mocowanie-motocyklowe-sunnylife-do-kamer-sportowych\/\",\"url\":\"https:\/\/ironsky.pl\/sklep\/produkt\/mocowanie-motocyklowe-sunnylife-do-kamer-sportowych\/\",\"name\":\"Mocowanie motocyklowe SUNNYLIFE do kamer sportowych - IRONSKY.PL Sklep z Dronami\",\"isPartOf\":{\"@id\":\"https:\/\/ironsky.pl\/sklep\/#website\"},\"primaryImageOfPage\":{\"@id\":\"https:\/\/ironsky.pl\/sklep\/produkt\/mocowanie-motocyklowe-sunnylife-do-kamer-sportowych\/#primaryimage\"},\"image\":{\"@id\":\"https:\/\/ironsky.pl\/sklep\/produkt\/mocowanie-motocyklowe-sunnylife-do-kamer-sportowych\/#primaryimage\"},\"thumbnailUrl\":\"https:\/\/ironsky.pl\/sklep\/wp-content\/uploads\/2026\/04\/47015_1.jpg\",\"datePublished\":\"2026-04-15T08:48:34+00:00\",\"dateModified\":\"2026-04-15T08:48:46+00:00\",\"description\":\"Mocowanie motocyklowe SUNNYLIFE do kamer sportowych - \u2705 sklep z dronami i fachowym doradztwem. \u2705 Tutaj kupisz produkty DJI, Yuneec, Parrot, Syma i wiele innych, a tak\u017ce kursy i licencje na operatora drona.\",\"breadcrumb\":{\"@id\":\"https:\/\/ironsky.pl\/sklep\/produkt\/mocowanie-motocyklowe-sunnylife-do-kamer-sportowych\/#breadcrumb\"},\"inLanguage\":\"pl-PL\",\"potentialAction\":[{\"@type\":\"ReadAction\",\"target\":[\"https:\/\/ironsky.pl\/sklep\/produkt\/mocowanie-motocyklowe-sunnylife-do-kamer-sportowych\/\"]}]},{\"@type\":\"ImageObject\",\"inLanguage\":\"pl-PL\",\"@id\":\"https:\/\/ironsky.pl\/sklep\/produkt\/mocowanie-motocyklowe-sunnylife-do-kamer-sportowych\/#primaryimage\",\"url\":\"https:\/\/ironsky.pl\/sklep\/wp-content\/uploads\/2026\/04\/47015_1.jpg\",\"contentUrl\":\"https:\/\/ironsky.pl\/sklep\/wp-content\/uploads\/2026\/04\/47015_1.jpg\",\"width\":800,\"height\":800},{\"@type\":\"BreadcrumbList\",\"@id\":\"https:\/\/ironsky.pl\/sklep\/produkt\/mocowanie-motocyklowe-sunnylife-do-kamer-sportowych\/#breadcrumb\",\"itemListElement\":[{\"@type\":\"ListItem\",\"position\":1,\"name\":\"Strona g\u0142\u00f3wna\",\"item\":\"https:\/\/ironsky.pl\/sklep\/\"},{\"@type\":\"ListItem\",\"position\":2,\"name\":\"Wszystkie produkty\",\"item\":\"https:\/\/ironsky.pl\/sklep\/produkty\/\"},{\"@type\":\"ListItem\",\"position\":3,\"name\":\"Mocowanie motocyklowe SUNNYLIFE do kamer sportowych\"}]},{\"@type\":\"WebSite\",\"@id\":\"https:\/\/ironsky.pl\/sklep\/#website\",\"url\":\"https:\/\/ironsky.pl\/sklep\/\",\"name\":\"IRONSKY.PL Sklep z Dronami\",\"description\":\"IRONSKY.PL Sklep z Dronami\",\"potentialAction\":[{\"@type\":\"SearchAction\",\"target\":{\"@type\":\"EntryPoint\",\"urlTemplate\":\"https:\/\/ironsky.pl\/sklep\/?s={search_term_string}\"},\"query-input\":{\"@type\":\"PropertyValueSpecification\",\"valueRequired\":true,\"valueName\":\"search_term_string\"}}],\"inLanguage\":\"pl-PL\"}]}<\/script>\n<!-- \/ Yoast SEO plugin. -->","yoast_head_json":{"title":"Mocowanie motocyklowe SUNNYLIFE do kamer sportowych - IRONSKY.PL Sklep z Dronami","description":"Mocowanie motocyklowe SUNNYLIFE do kamer sportowych - \u2705 sklep z dronami i fachowym doradztwem. \u2705 Tutaj kupisz produkty DJI, Yuneec, Parrot, Syma i wiele innych, a tak\u017ce kursy i licencje na operatora drona.","robots":{"index":"index","follow":"follow","max-snippet":"max-snippet:-1","max-image-preview":"max-image-preview:large","max-video-preview":"max-video-preview:-1"},"canonical":"https:\/\/ironsky.pl\/sklep\/produkt\/mocowanie-motocyklowe-sunnylife-do-kamer-sportowych\/","og_locale":"pl_PL","og_type":"article","og_title":"Mocowanie motocyklowe SUNNYLIFE do kamer sportowych - IRONSKY.PL Sklep z Dronami","og_description":"Mocowanie motocyklowe SUNNYLIFE do kamer sportowych - \u2705 sklep z dronami i fachowym doradztwem. \u2705 Tutaj kupisz produkty DJI, Yuneec, Parrot, Syma i wiele innych, a tak\u017ce kursy i licencje na operatora drona.","og_url":"https:\/\/ironsky.pl\/sklep\/produkt\/mocowanie-motocyklowe-sunnylife-do-kamer-sportowych\/","og_site_name":"IRONSKY.PL Sklep z Dronami","article_modified_time":"2026-04-15T08:48:46+00:00","og_image":[{"width":800,"height":800,"url":"https:\/\/ironsky.pl\/sklep\/wp-content\/uploads\/2026\/04\/47015_1.jpg","type":"image\/jpeg"}],"twitter_card":"summary_large_image","twitter_misc":{"Szacowany czas czytania":"1 minuta"},"schema":{"@context":"https:\/\/schema.org","@graph":[{"@type":"WebPage","@id":"https:\/\/ironsky.pl\/sklep\/produkt\/mocowanie-motocyklowe-sunnylife-do-kamer-sportowych\/","url":"https:\/\/ironsky.pl\/sklep\/produkt\/mocowanie-motocyklowe-sunnylife-do-kamer-sportowych\/","name":"Mocowanie motocyklowe SUNNYLIFE do kamer sportowych - IRONSKY.PL Sklep z Dronami","isPartOf":{"@id":"https:\/\/ironsky.pl\/sklep\/#website"},"primaryImageOfPage":{"@id":"https:\/\/ironsky.pl\/sklep\/produkt\/mocowanie-motocyklowe-sunnylife-do-kamer-sportowych\/#primaryimage"},"image":{"@id":"https:\/\/ironsky.pl\/sklep\/produkt\/mocowanie-motocyklowe-sunnylife-do-kamer-sportowych\/#primaryimage"},"thumbnailUrl":"https:\/\/ironsky.pl\/sklep\/wp-content\/uploads\/2026\/04\/47015_1.jpg","datePublished":"2026-04-15T08:48:34+00:00","dateModified":"2026-04-15T08:48:46+00:00","description":"Mocowanie motocyklowe SUNNYLIFE do kamer sportowych - \u2705 sklep z dronami i fachowym doradztwem. \u2705 Tutaj kupisz produkty DJI, Yuneec, Parrot, Syma i wiele innych, a tak\u017ce kursy i licencje na operatora drona.","breadcrumb":{"@id":"https:\/\/ironsky.pl\/sklep\/produkt\/mocowanie-motocyklowe-sunnylife-do-kamer-sportowych\/#breadcrumb"},"inLanguage":"pl-PL","potentialAction":[{"@type":"ReadAction","target":["https:\/\/ironsky.pl\/sklep\/produkt\/mocowanie-motocyklowe-sunnylife-do-kamer-sportowych\/"]}]},{"@type":"ImageObject","inLanguage":"pl-PL","@id":"https:\/\/ironsky.pl\/sklep\/produkt\/mocowanie-motocyklowe-sunnylife-do-kamer-sportowych\/#primaryimage","url":"https:\/\/ironsky.pl\/sklep\/wp-content\/uploads\/2026\/04\/47015_1.jpg","contentUrl":"https:\/\/ironsky.pl\/sklep\/wp-content\/uploads\/2026\/04\/47015_1.jpg","width":800,"height":800},{"@type":"BreadcrumbList","@id":"https:\/\/ironsky.pl\/sklep\/produkt\/mocowanie-motocyklowe-sunnylife-do-kamer-sportowych\/#breadcrumb","itemListElement":[{"@type":"ListItem","position":1,"name":"Strona g\u0142\u00f3wna","item":"https:\/\/ironsky.pl\/sklep\/"},{"@type":"ListItem","position":2,"name":"Wszystkie produkty","item":"https:\/\/ironsky.pl\/sklep\/produkty\/"},{"@type":"ListItem","position":3,"name":"Mocowanie motocyklowe SUNNYLIFE do kamer sportowych"}]},{"@type":"WebSite","@id":"https:\/\/ironsky.pl\/sklep\/#website","url":"https:\/\/ironsky.pl\/sklep\/","name":"IRONSKY.PL Sklep z Dronami","description":"IRONSKY.PL Sklep z Dronami","potentialAction":[{"@type":"SearchAction","target":{"@type":"EntryPoint","urlTemplate":"https:\/\/ironsky.pl\/sklep\/?s={search_term_string}"},"query-input":{"@type":"PropertyValueSpecification","valueRequired":true,"valueName":"search_term_string"}}],"inLanguage":"pl-PL"}]}},"_links":{"self":[{"href":"https:\/\/ironsky.pl\/sklep\/wp-json\/wp\/v2\/product\/59533","targetHints":{"allow":["GET"]}}],"collection":[{"href":"https:\/\/ironsky.pl\/sklep\/wp-json\/wp\/v2\/product"}],"about":[{"href":"https:\/\/ironsky.pl\/sklep\/wp-json\/wp\/v2\/types\/product"}],"replies":[{"embeddable":true,"href":"https:\/\/ironsky.pl\/sklep\/wp-json\/wp\/v2\/comments?post=59533"}],"wp:featuredmedia":[{"embeddable":true,"href":"https:\/\/ironsky.pl\/sklep\/wp-json\/wp\/v2\/media\/59534"}],"wp:attachment":[{"href":"https:\/\/ironsky.pl\/sklep\/wp-json\/wp\/v2\/media?parent=59533"}],"wp:term":[{"taxonomy":"product_brand","embeddable":true,"href":"https:\/\/ironsky.pl\/sklep\/wp-json\/wp\/v2\/product_brand?post=59533"},{"taxonomy":"product_cat","embeddable":true,"href":"https:\/\/ironsky.pl\/sklep\/wp-json\/wp\/v2\/product_cat?post=59533"},{"taxonomy":"product_tag","embeddable":true,"href":"https:\/\/ironsky.pl\/sklep\/wp-json\/wp\/v2\/product_tag?post=59533"}],"curies":[{"name":"wp","href":"https:\/\/api.w.org\/{rel}","templated":true}]}}