{"id":59525,"date":"2026-04-15T10:48:34","date_gmt":"2026-04-15T08:48:34","guid":{"rendered":"https:\/\/ironsky.pl\/sklep\/produkt\/filtr-cpl-telesin-58mm-do-iphone-15-pro-pro-max\/"},"modified":"2026-04-15T10:48:41","modified_gmt":"2026-04-15T08:48:41","slug":"filtr-cpl-telesin-58mm-do-iphone-15-pro-pro-max","status":"publish","type":"product","link":"https:\/\/ironsky.pl\/sklep\/produkt\/filtr-cpl-telesin-58mm-do-iphone-15-pro-pro-max\/","title":{"rendered":"Filtr CPL TELESIN 58mm do iPhone 15 Pro\/Pro Max"},"content":{"rendered":"<h3>Filtr CPL 58mm Telesin do iPhone 15 Pro\/Pro Max<\/h3>\n<p>Tw\u00f3rz dynamiczne, zachwycaj\u0105ce zdj\u0119cia za pomoc\u0105 smartfona. Filtr CPL 58mm TELESIN to akcesorium stworzone specjalnie z my\u015bl\u0105 o u\u017cytkownikach iPhone 15 Pro i 15 Pro Max. Zaprojektowany do u\u017cytku w po\u0142\u0105czeniu z etui TELESIN z magnetyczn\u0105 ramk\u0105 (w oddzielnej sprzeda\u017cy) oferuje precyzyjn\u0105 kontrol\u0119 nad ekspozycj\u0105, pozwalaj\u0105c uzyska\u0107 profesjonalne efekty w fotografii mobilnej.<\/p>\n<p>\n<img decoding=\"async\" src=\"https:\/\/assets.innpro.pl\/10329\/12135\/2.jpg\" border=\"0\" \/>\n<\/p>\n<h3>Pi\u0119kne uj\u0119cia bez niechcianych odblask\u00f3w<\/h3>\n<p>Naturalne i profesjonalne uj\u0119cia, nawet w trudnych warunkach o\u015bwietleniowych? \u017baden problem. Filtr CPL (Circular Polarizing Filter) 58mm Telesin do iPhone 15 Pro\/Pro Max to doskona\u0142e narz\u0119dzie do usuwania odblask\u00f3w z powierzchni niemetalicznych, takich jak woda czy szk\u0142o. Jego zastosowanie pozwala zwi\u0119kszy\u0107 nasycenie kolor\u00f3w i poprawi\u0107 klarowno\u015b\u0107 obrazu, dzi\u0119ki czemu zdj\u0119cia krajobraz\u00f3w i nieba staj\u0105 si\u0119 bardziej wyraziste i pe\u0142ne detali.\u00a0<\/p>\n<p>\n<img decoding=\"async\" src=\"https:\/\/assets.innpro.pl\/10329\/12135\/4.jpg\" border=\"0\" \/>\n<\/p>\n<h3>Wysoka jako\u015b\u0107, dziecinnie \u0142atwy monta\u017c<\/h3>\n<p>Filtr wykonany jest z wysokiej jako\u015bci szk\u0142a optycznego, pokrytego wielowarstwowymi pow\u0142okami ochronnymi, kt\u00f3re zabezpieczaj\u0105 go przed zarysowaniami, wod\u0105, t\u0142uszczem i smugami. Grubo\u015b\u0107 zaledwie 3.7 mm zapobiega winietowaniu, dlatego zdj\u0119cia tworzone przy u\u017cyciu filtra s\u0105 w ca\u0142o\u015bci klarowne i pozbawione zak\u0142\u00f3ce\u0144. Magnetyczne mocowanie zapewnia \u0142atwy monta\u017c i demonta\u017c, a jednocze\u015bnie stabilno\u015b\u0107 w dynamicznych warunkach.\u00a0<\/p>\n<p>\n<img decoding=\"async\" src=\"https:\/\/assets.innpro.pl\/10329\/12135\/3.jpg\" border=\"0\" \/>\n<\/p>\n<h3>W zestawie<\/h3>\n<ul class=\"list-disc pl-5\">\n<li>Magnetyczny filtr CPL 58mm x 1<\/li>\n<li>Adapter x 1<\/li>\n<li>Szmatka do czyszczenia x 1<\/li>\n<li>Etui na filtr x 1<\/li>\n<li>Instrukcja obs\u0142ugi<\/li>\n<\/ul>\n<div class=\"table-wrapper\">\n<p>\u00a0<\/p>\n<h3><\/h3>\n<table>\n<tbody>\n<tr>\n<th>Producent<\/th>\n<td>Telesin<\/td>\n<\/tr>\n<tr>\n<th>Kod producenta<\/th>\n<td>P10-FLT-02<\/td>\n<\/tr>\n<tr>\n<th>\u015arednica<\/th>\n<td>55 mm <\/td>\n<\/tr>\n<tr>\n<th>Grubo\u015b\u0107<\/th>\n<td>3.7 mm<\/td>\n<\/tr>\n<tr>\n<th>Waga<\/th>\n<td>13 g<\/td>\n<\/tr>\n<tr>\n<th>\u015arednica bazy<\/th>\n<td>58 mm<\/td>\n<\/tr>\n<tr>\n<th>Materia\u0142<\/th>\n<td>Szk\u0142o + Aluminium<\/td>\n<\/tr>\n<\/tbody>\n<\/table>\n<\/div>\n","protected":false},"excerpt":{"rendered":"<p>Filtr CPL 58mm Telesin do iPhone 15 Pro\/Pro Max Tw\u00f3rz dynamiczne, zachwycaj\u0105ce zdj\u0119cia za pomoc\u0105 smartfona. Filtr CPL 58mm TELESIN<\/p>\n","protected":false},"featured_media":59526,"comment_status":"closed","ping_status":"open","template":"","meta":{"_acf_changed":false},"product_brand":[],"product_cat":[6212,6211,1128],"product_tag":[],"class_list":{"0":"post-59525","1":"product","2":"type-product","3":"status-publish","4":"has-post-thumbnail","6":"product_cat-do-smartfonow-filtry","7":"product_cat-filtry","8":"product_cat-foto-wideo","9":"pa_okres-gwarancji-5754","10":"pa_producent-telesin","12":"first","13":"outofstock","14":"taxable","15":"shipping-taxable","16":"purchasable","17":"product-type-simple"},"acf":[],"yoast_head":"<!-- This site is optimized with the Yoast SEO plugin v27.2 - https:\/\/yoast.com\/product\/yoast-seo-wordpress\/ -->\n<title>Filtr CPL TELESIN 58mm do iPhone 15 Pro\/Pro Max - IRONSKY.PL Sklep z Dronami<\/title>\n<meta name=\"description\" content=\"Filtr CPL TELESIN 58mm do iPhone 15 Pro\/Pro Max - \u2705 sklep z dronami i fachowym doradztwem. \u2705 Tutaj kupisz produkty DJI, Yuneec, Parrot, Syma i wiele innych, a tak\u017ce kursy i licencje na operatora drona.\" \/>\n<meta name=\"robots\" content=\"index, follow, max-snippet:-1, max-image-preview:large, max-video-preview:-1\" \/>\n<link rel=\"canonical\" href=\"https:\/\/ironsky.pl\/sklep\/produkt\/filtr-cpl-telesin-58mm-do-iphone-15-pro-pro-max\/\" \/>\n<meta property=\"og:locale\" content=\"pl_PL\" \/>\n<meta property=\"og:type\" content=\"article\" \/>\n<meta property=\"og:title\" content=\"Filtr CPL TELESIN 58mm do iPhone 15 Pro\/Pro Max - IRONSKY.PL Sklep z Dronami\" \/>\n<meta property=\"og:description\" content=\"Filtr CPL TELESIN 58mm do iPhone 15 Pro\/Pro Max - \u2705 sklep z dronami i fachowym doradztwem. \u2705 Tutaj kupisz produkty DJI, Yuneec, Parrot, Syma i wiele innych, a tak\u017ce kursy i licencje na operatora drona.\" \/>\n<meta property=\"og:url\" content=\"https:\/\/ironsky.pl\/sklep\/produkt\/filtr-cpl-telesin-58mm-do-iphone-15-pro-pro-max\/\" \/>\n<meta property=\"og:site_name\" content=\"IRONSKY.PL Sklep z Dronami\" \/>\n<meta property=\"article:modified_time\" content=\"2026-04-15T08:48:41+00:00\" \/>\n<meta property=\"og:image\" content=\"https:\/\/ironsky.pl\/sklep\/wp-content\/uploads\/2026\/04\/47012_1.jpg\" \/>\n\t<meta property=\"og:image:width\" content=\"800\" \/>\n\t<meta property=\"og:image:height\" content=\"800\" \/>\n\t<meta property=\"og:image:type\" content=\"image\/jpeg\" \/>\n<meta name=\"twitter:card\" content=\"summary_large_image\" \/>\n<meta name=\"twitter:label1\" content=\"Szacowany czas czytania\" \/>\n\t<meta name=\"twitter:data1\" content=\"1 minuta\" \/>\n<script type=\"application\/ld+json\" class=\"yoast-schema-graph\">{\"@context\":\"https:\/\/schema.org\",\"@graph\":[{\"@type\":\"WebPage\",\"@id\":\"https:\/\/ironsky.pl\/sklep\/produkt\/filtr-cpl-telesin-58mm-do-iphone-15-pro-pro-max\/\",\"url\":\"https:\/\/ironsky.pl\/sklep\/produkt\/filtr-cpl-telesin-58mm-do-iphone-15-pro-pro-max\/\",\"name\":\"Filtr CPL TELESIN 58mm do iPhone 15 Pro\/Pro Max - IRONSKY.PL Sklep z Dronami\",\"isPartOf\":{\"@id\":\"https:\/\/ironsky.pl\/sklep\/#website\"},\"primaryImageOfPage\":{\"@id\":\"https:\/\/ironsky.pl\/sklep\/produkt\/filtr-cpl-telesin-58mm-do-iphone-15-pro-pro-max\/#primaryimage\"},\"image\":{\"@id\":\"https:\/\/ironsky.pl\/sklep\/produkt\/filtr-cpl-telesin-58mm-do-iphone-15-pro-pro-max\/#primaryimage\"},\"thumbnailUrl\":\"https:\/\/ironsky.pl\/sklep\/wp-content\/uploads\/2026\/04\/47012_1.jpg\",\"datePublished\":\"2026-04-15T08:48:34+00:00\",\"dateModified\":\"2026-04-15T08:48:41+00:00\",\"description\":\"Filtr CPL TELESIN 58mm do iPhone 15 Pro\/Pro Max - \u2705 sklep z dronami i fachowym doradztwem. \u2705 Tutaj kupisz produkty DJI, Yuneec, Parrot, Syma i wiele innych, a tak\u017ce kursy i licencje na operatora drona.\",\"breadcrumb\":{\"@id\":\"https:\/\/ironsky.pl\/sklep\/produkt\/filtr-cpl-telesin-58mm-do-iphone-15-pro-pro-max\/#breadcrumb\"},\"inLanguage\":\"pl-PL\",\"potentialAction\":[{\"@type\":\"ReadAction\",\"target\":[\"https:\/\/ironsky.pl\/sklep\/produkt\/filtr-cpl-telesin-58mm-do-iphone-15-pro-pro-max\/\"]}]},{\"@type\":\"ImageObject\",\"inLanguage\":\"pl-PL\",\"@id\":\"https:\/\/ironsky.pl\/sklep\/produkt\/filtr-cpl-telesin-58mm-do-iphone-15-pro-pro-max\/#primaryimage\",\"url\":\"https:\/\/ironsky.pl\/sklep\/wp-content\/uploads\/2026\/04\/47012_1.jpg\",\"contentUrl\":\"https:\/\/ironsky.pl\/sklep\/wp-content\/uploads\/2026\/04\/47012_1.jpg\",\"width\":800,\"height\":800},{\"@type\":\"BreadcrumbList\",\"@id\":\"https:\/\/ironsky.pl\/sklep\/produkt\/filtr-cpl-telesin-58mm-do-iphone-15-pro-pro-max\/#breadcrumb\",\"itemListElement\":[{\"@type\":\"ListItem\",\"position\":1,\"name\":\"Strona g\u0142\u00f3wna\",\"item\":\"https:\/\/ironsky.pl\/sklep\/\"},{\"@type\":\"ListItem\",\"position\":2,\"name\":\"Wszystkie produkty\",\"item\":\"https:\/\/ironsky.pl\/sklep\/produkty\/\"},{\"@type\":\"ListItem\",\"position\":3,\"name\":\"Filtr CPL TELESIN 58mm do iPhone 15 Pro\/Pro Max\"}]},{\"@type\":\"WebSite\",\"@id\":\"https:\/\/ironsky.pl\/sklep\/#website\",\"url\":\"https:\/\/ironsky.pl\/sklep\/\",\"name\":\"IRONSKY.PL Sklep z Dronami\",\"description\":\"IRONSKY.PL Sklep z Dronami\",\"potentialAction\":[{\"@type\":\"SearchAction\",\"target\":{\"@type\":\"EntryPoint\",\"urlTemplate\":\"https:\/\/ironsky.pl\/sklep\/?s={search_term_string}\"},\"query-input\":{\"@type\":\"PropertyValueSpecification\",\"valueRequired\":true,\"valueName\":\"search_term_string\"}}],\"inLanguage\":\"pl-PL\"}]}<\/script>\n<!-- \/ Yoast SEO plugin. -->","yoast_head_json":{"title":"Filtr CPL TELESIN 58mm do iPhone 15 Pro\/Pro Max - IRONSKY.PL Sklep z Dronami","description":"Filtr CPL TELESIN 58mm do iPhone 15 Pro\/Pro Max - \u2705 sklep z dronami i fachowym doradztwem. \u2705 Tutaj kupisz produkty DJI, Yuneec, Parrot, Syma i wiele innych, a tak\u017ce kursy i licencje na operatora drona.","robots":{"index":"index","follow":"follow","max-snippet":"max-snippet:-1","max-image-preview":"max-image-preview:large","max-video-preview":"max-video-preview:-1"},"canonical":"https:\/\/ironsky.pl\/sklep\/produkt\/filtr-cpl-telesin-58mm-do-iphone-15-pro-pro-max\/","og_locale":"pl_PL","og_type":"article","og_title":"Filtr CPL TELESIN 58mm do iPhone 15 Pro\/Pro Max - IRONSKY.PL Sklep z Dronami","og_description":"Filtr CPL TELESIN 58mm do iPhone 15 Pro\/Pro Max - \u2705 sklep z dronami i fachowym doradztwem. \u2705 Tutaj kupisz produkty DJI, Yuneec, Parrot, Syma i wiele innych, a tak\u017ce kursy i licencje na operatora drona.","og_url":"https:\/\/ironsky.pl\/sklep\/produkt\/filtr-cpl-telesin-58mm-do-iphone-15-pro-pro-max\/","og_site_name":"IRONSKY.PL Sklep z Dronami","article_modified_time":"2026-04-15T08:48:41+00:00","og_image":[{"width":800,"height":800,"url":"https:\/\/ironsky.pl\/sklep\/wp-content\/uploads\/2026\/04\/47012_1.jpg","type":"image\/jpeg"}],"twitter_card":"summary_large_image","twitter_misc":{"Szacowany czas czytania":"1 minuta"},"schema":{"@context":"https:\/\/schema.org","@graph":[{"@type":"WebPage","@id":"https:\/\/ironsky.pl\/sklep\/produkt\/filtr-cpl-telesin-58mm-do-iphone-15-pro-pro-max\/","url":"https:\/\/ironsky.pl\/sklep\/produkt\/filtr-cpl-telesin-58mm-do-iphone-15-pro-pro-max\/","name":"Filtr CPL TELESIN 58mm do iPhone 15 Pro\/Pro Max - IRONSKY.PL Sklep z Dronami","isPartOf":{"@id":"https:\/\/ironsky.pl\/sklep\/#website"},"primaryImageOfPage":{"@id":"https:\/\/ironsky.pl\/sklep\/produkt\/filtr-cpl-telesin-58mm-do-iphone-15-pro-pro-max\/#primaryimage"},"image":{"@id":"https:\/\/ironsky.pl\/sklep\/produkt\/filtr-cpl-telesin-58mm-do-iphone-15-pro-pro-max\/#primaryimage"},"thumbnailUrl":"https:\/\/ironsky.pl\/sklep\/wp-content\/uploads\/2026\/04\/47012_1.jpg","datePublished":"2026-04-15T08:48:34+00:00","dateModified":"2026-04-15T08:48:41+00:00","description":"Filtr CPL TELESIN 58mm do iPhone 15 Pro\/Pro Max - \u2705 sklep z dronami i fachowym doradztwem. \u2705 Tutaj kupisz produkty DJI, Yuneec, Parrot, Syma i wiele innych, a tak\u017ce kursy i licencje na operatora drona.","breadcrumb":{"@id":"https:\/\/ironsky.pl\/sklep\/produkt\/filtr-cpl-telesin-58mm-do-iphone-15-pro-pro-max\/#breadcrumb"},"inLanguage":"pl-PL","potentialAction":[{"@type":"ReadAction","target":["https:\/\/ironsky.pl\/sklep\/produkt\/filtr-cpl-telesin-58mm-do-iphone-15-pro-pro-max\/"]}]},{"@type":"ImageObject","inLanguage":"pl-PL","@id":"https:\/\/ironsky.pl\/sklep\/produkt\/filtr-cpl-telesin-58mm-do-iphone-15-pro-pro-max\/#primaryimage","url":"https:\/\/ironsky.pl\/sklep\/wp-content\/uploads\/2026\/04\/47012_1.jpg","contentUrl":"https:\/\/ironsky.pl\/sklep\/wp-content\/uploads\/2026\/04\/47012_1.jpg","width":800,"height":800},{"@type":"BreadcrumbList","@id":"https:\/\/ironsky.pl\/sklep\/produkt\/filtr-cpl-telesin-58mm-do-iphone-15-pro-pro-max\/#breadcrumb","itemListElement":[{"@type":"ListItem","position":1,"name":"Strona g\u0142\u00f3wna","item":"https:\/\/ironsky.pl\/sklep\/"},{"@type":"ListItem","position":2,"name":"Wszystkie produkty","item":"https:\/\/ironsky.pl\/sklep\/produkty\/"},{"@type":"ListItem","position":3,"name":"Filtr CPL TELESIN 58mm do iPhone 15 Pro\/Pro Max"}]},{"@type":"WebSite","@id":"https:\/\/ironsky.pl\/sklep\/#website","url":"https:\/\/ironsky.pl\/sklep\/","name":"IRONSKY.PL Sklep z Dronami","description":"IRONSKY.PL Sklep z Dronami","potentialAction":[{"@type":"SearchAction","target":{"@type":"EntryPoint","urlTemplate":"https:\/\/ironsky.pl\/sklep\/?s={search_term_string}"},"query-input":{"@type":"PropertyValueSpecification","valueRequired":true,"valueName":"search_term_string"}}],"inLanguage":"pl-PL"}]}},"_links":{"self":[{"href":"https:\/\/ironsky.pl\/sklep\/wp-json\/wp\/v2\/product\/59525","targetHints":{"allow":["GET"]}}],"collection":[{"href":"https:\/\/ironsky.pl\/sklep\/wp-json\/wp\/v2\/product"}],"about":[{"href":"https:\/\/ironsky.pl\/sklep\/wp-json\/wp\/v2\/types\/product"}],"replies":[{"embeddable":true,"href":"https:\/\/ironsky.pl\/sklep\/wp-json\/wp\/v2\/comments?post=59525"}],"wp:featuredmedia":[{"embeddable":true,"href":"https:\/\/ironsky.pl\/sklep\/wp-json\/wp\/v2\/media\/59526"}],"wp:attachment":[{"href":"https:\/\/ironsky.pl\/sklep\/wp-json\/wp\/v2\/media?parent=59525"}],"wp:term":[{"taxonomy":"product_brand","embeddable":true,"href":"https:\/\/ironsky.pl\/sklep\/wp-json\/wp\/v2\/product_brand?post=59525"},{"taxonomy":"product_cat","embeddable":true,"href":"https:\/\/ironsky.pl\/sklep\/wp-json\/wp\/v2\/product_cat?post=59525"},{"taxonomy":"product_tag","embeddable":true,"href":"https:\/\/ironsky.pl\/sklep\/wp-json\/wp\/v2\/product_tag?post=59525"}],"curies":[{"name":"wp","href":"https:\/\/api.w.org\/{rel}","templated":true}]}}