{"id":59518,"date":"2026-04-15T10:48:08","date_gmt":"2026-04-15T08:48:08","guid":{"rendered":"https:\/\/ironsky.pl\/sklep\/produkt\/lampa-warsztatowa-superfire-gm05-500lm-z-panelem-solarnym\/"},"modified":"2026-04-15T10:48:33","modified_gmt":"2026-04-15T08:48:33","slug":"lampa-warsztatowa-superfire-gm05-500lm-z-panelem-solarnym","status":"publish","type":"product","link":"https:\/\/ironsky.pl\/sklep\/produkt\/lampa-warsztatowa-superfire-gm05-500lm-z-panelem-solarnym\/","title":{"rendered":"Lampa warsztatowa SUPERFIRE GM05 500lm z panelem solarnym"},"content":{"rendered":"<h3>Lampa warsztatowa z panelem solarnym Superfire GM05 \u2013 500 lm, powerbank<\/h3>\n<p>Lampa warsztatowa Superfire GM05 to niezawodne \u017ar\u00f3d\u0142o \u015bwiat\u0142a w ka\u017cdym warsztacie, gara\u017cu i nie tylko. Oferuje kilka tryb\u00f3w pracy, jasno\u015b\u0107 do 500 lm\u00a0i zasi\u0119g do 100 m \u2013 zapewnia mocne i jasne o\u015bwietlenie, idealne do precyzyjnych prac i du\u017cych przestrzeni. Dzi\u0119ki obrotowemu uchwytowi 360 stopni i silnym magnesom lamp\u0119 mo\u017cna \u0142atwo zamocowa\u0107 w dowolnej pozycji.<\/p>\n<p>\n<img decoding=\"async\" src=\"https:\/\/assets.innpro.pl\/9382\/10949\/1.jpg\" border=\"0\" alt=\"Pomara\u0144czowo-czarna lampa warsztatowa ustawiona na drewnianym stoliku\" \/>\n<\/p>\n<h3>Idealna do r\u00f3\u017cnych zastosowa\u0144<\/h3>\n<p>Wysoki zakres jasno\u015bci sprawia, \u017ce lampa warsztatowa Superfire GM05 to wszechstronne narz\u0119dzie, kt\u00f3re znajdzie zastosowanie w ka\u017cdej sytuacji, niezale\u017cnie od tego, czy jeste\u015b w domu, w pracy, czy na \u0142onie natury. Doskonale sprawdzi si\u0119 podczas napraw w warsztacie, oferuj\u0105c jasne o\u015bwietlenie niezb\u0119dne do wykonywania wymagaj\u0105cych zada\u0144. Dzi\u0119ki wodoodpornej obudowie i solidnej konstrukcji jest idealnym kompanem podczas biwak\u00f3w, wypraw outdoorowych czy nocnych w\u0119dr\u00f3wek.<\/p>\n<p>\n<img decoding=\"async\" src=\"https:\/\/assets.innpro.pl\/9382\/10949\/4.jpg\" border=\"0\" alt=\"Pomara\u0144czowo-czarna lampa warsztatowa na biwaku w czasie deszczu\" \/>\n<\/p>\n<h3>Wysoka wydajno\u015b\u0107 i r\u00f3\u017cnorodne tryby o\u015bwietlenia<\/h3>\n<p>Wyposa\u017cona w diody LED o maksymalnej jasno\u015bci 500 lumen\u00f3w, lampa Superfire GM05 oferuje cztery r\u00f3\u017cne tryby \u015bwiecenia: Medium Light, Dim Light i SOS. Umo\u017cliwia to dostosowanie jej pracy do aktualnych potrzeb \u2013 od o\u015bwietlenia du\u017cych przestrzeni, po delikatne \u015bwiat\u0142o w warunkach campingowych. Dzi\u0119ki funkcji zmiany koloru \u015bwiat\u0142a mi\u0119dzy ciep\u0142ym \u017c\u00f3\u0142tym, ciep\u0142ym bia\u0142ym i zimnym bia\u0142ym z \u0142atwo\u015bci\u0105 stworzysz odpowiedni nastr\u00f3j i komfort pracy.<\/p>\n<p>\n<img decoding=\"async\" src=\"https:\/\/assets.innpro.pl\/9382\/10949\/5.jpg\" border=\"0\" alt=\"cztery lampy warsztatowe z r\u00f3\u017cnymi trybami \u015bwiecenia na czarnym tle\" \/>\n<\/p>\n<h3>R\u00f3\u017cne metody \u0142adowania<\/h3>\n<p>Superfire GM05 zapewnia wygodne i wszechstronne opcje \u0142adowania, idealne do ka\u017cdej sytuacji. Wyposa\u017cona w panel solarny, umo\u017cliwia szybkie \u0142adowanie energi\u0105 s\u0142oneczn\u0105 (3-6 V, 1-200 mA), co jest \u015bwietnym rozwi\u0105zaniem na biwakach czy podczas wypraw outdoorowych. Dodatkowo, dzi\u0119ki portowi USB-C (Universal Serial Bus typu C, uniwersalne z\u0142\u0105cze do przesy\u0142ania danych i zasilania), lamp\u0119 mo\u017cna \u0142atwo na\u0142adowa\u0107 z dowolnego \u017ar\u00f3d\u0142a zasilania, jak laptop czy powerbank. Akumulatory 18650 o pojemno\u015bci 2600 mAh ka\u017cdy zapewniaj\u0105 d\u0142ugie dzia\u0142anie, a specjalny wska\u017anik informuje o poziomie na\u0142adowania.<\/p>\n<p>\n<img decoding=\"async\" src=\"https:\/\/assets.innpro.pl\/9382\/10949\/2.jpg\" border=\"0\" alt=\"Lampa warsztatowa z wbudowanym panelem fotowoltaicznym \u0142adowana energi\u0105 ze s\u0142o\u0144ca\" \/>\n<\/p>\n<h3>Stworzona dla Twojej wygody<\/h3>\n<p>Lampa Superfire GM05 zosta\u0142a zaprojektowana z my\u015bl\u0105 o maksymalnej funkcjonalno\u015bci i wygodzie. Obrotowy uchwyt, kt\u00f3ry obraca si\u0119 o 360 stopni, umo\u017cliwia precyzyjne ustawienie kierunku \u015bwiat\u0142a tam, gdzie jest najbardziej potrzebne. Dzi\u0119ki temu mo\u017cesz j\u0105 \u0142atwo zamocowa\u0107 w dowolnej pozycji, zapewniaj\u0105c sobie optymalne o\u015bwietlenie ka\u017cdej przestrzeni. Lampa wyposa\u017cona jest te\u017c w silne magnesy, kt\u00f3re umo\u017cliwiaj\u0105 jej stabilne przymocowanie do metalowych powierzchni, co jest niezwykle przydatne w warsztacie czy gara\u017cu. Co wi\u0119cej, model GM05 pe\u0142ni tak\u017ce funkcj\u0119 powerbanku, pozwalaj\u0105c na \u0142adowanie urz\u0105dze\u0144 w sytuacjach awaryjnych.<\/p>\n<p>\n<img decoding=\"async\" src=\"https:\/\/assets.innpro.pl\/9382\/10949\/3.jpg\" border=\"0\" alt=\"obrotowa lampa warsztatowa przymocowana magnetycznie do metalowej powierzchni w warsztacie\" \/>\n<\/p>\n<h3>Bezpieczne u\u017cytkowanie<\/h3>\n<p>Lampa zosta\u0142a wyposa\u017cona w zaawansowane mechanizmy, kt\u00f3re chroni\u0105 j\u0105 przed prze\u0142adowaniem i nadmiernym roz\u0142adowaniem. Co wi\u0119cej, w przypadku zbyt niskiego napi\u0119cia mo\u017ce Ci\u0119 o tym powiadomi\u0107 lub si\u0119 wy\u0142\u0105czy\u0107. Dzi\u0119ki temu zapewnia bezpiecze\u0144stwo u\u017cytkowania.<\/p>\n<p>\n<img decoding=\"async\" src=\"https:\/\/assets.innpro.pl\/9382\/10949\/7.jpg\" border=\"0\" alt=\"pomara\u0144czowo-czarna lampa warsztatowa na tle ciemnego studia muzycznego z g\u0142o\u015bnikami\" \/>\n<\/p>\n<h3>W zestawie:<\/h3>\n<ul class=\"list-disc pl-5\">\n<li>Lampa<\/li>\n<li>Kabel USB-C do USB-A<\/li>\n<li>Instrukcja obs\u0142ugi<\/li>\n<\/ul>\n<div class=\"table-wrapper\">\n<p>\u00a0<\/p>\n<h3><\/h3>\n<table>\n<tbody>\n<tr>\n<th>Producent<\/th>\n<td>Superfire<\/td>\n<\/tr>\n<tr>\n<th>Model<\/th>\n<td>GM05<\/td>\n<\/tr>\n<tr>\n<th>Poziom jasno\u015bci<\/th>\n<td>500 lm<\/td>\n<\/tr>\n<tr>\n<th>Zasi\u0119g \u015bwiecenia<\/th>\n<td>100 m<\/td>\n<\/tr>\n<tr>\n<th>Zasilanie<\/th>\n<td>Bateria 18650 \/ 2600 mAh x2<\/td>\n<\/tr>\n<tr>\n<th>Tryby pracy<\/th>\n<td>Medium Light, Dim Light i SOS <\/td>\n<\/tr>\n<tr>\n<th>Kolory \u015bwiat\u0142a<\/th>\n<td>Ciep\u0142y \u017c\u00f3\u0142ty, ciep\u0142e bia\u0142e, zimne bia\u0142e<\/td>\n<\/tr>\n<tr>\n<th>Napi\u0119cie \u0142adowania s\u0142onecznego<\/th>\n<td>3-6 V<\/td>\n<\/tr>\n<tr>\n<th>Nat\u0119\u017cenie \u0142adowania s\u0142onecznego<\/th>\n<td>1-200 MA<\/td>\n<\/tr>\n<tr>\n<th>Wymiary<\/th>\n<td>188 mm x 126 mm x 38 mm<\/td>\n<\/tr>\n<tr>\n<th>Waga<\/th>\n<td>340 g<\/td>\n<\/tr>\n<\/tbody>\n<\/table>\n<\/div>\n","protected":false},"excerpt":{"rendered":"<p>Lampa warsztatowa z panelem solarnym Superfire GM05 \u2013 500 lm, powerbank Lampa warsztatowa Superfire GM05 to niezawodne \u017ar\u00f3d\u0142o \u015bwiat\u0142a w<\/p>\n","protected":false},"featured_media":45939,"comment_status":"closed","ping_status":"open","template":"","meta":{"_acf_changed":false},"product_brand":[],"product_cat":[5938,5941,5937],"product_tag":[],"class_list":{"0":"post-59518","1":"product","2":"type-product","3":"status-publish","4":"has-post-thumbnail","6":"product_cat-latarki","7":"product_cat-warsztatowe","8":"product_cat-outdoor","9":"pa_okres-gwarancji-5754","10":"pa_producent-superfire","12":"first","13":"outofstock","14":"taxable","15":"shipping-taxable","16":"purchasable","17":"product-type-simple"},"acf":[],"yoast_head":"<!-- This site is optimized with the Yoast SEO plugin v27.2 - https:\/\/yoast.com\/product\/yoast-seo-wordpress\/ -->\n<title>Lampa warsztatowa SUPERFIRE GM05 500lm z panelem solarnym - IRONSKY.PL Sklep z Dronami<\/title>\n<meta name=\"description\" content=\"Lampa warsztatowa SUPERFIRE GM05 500lm z panelem solarnym - \u2705 sklep z dronami i fachowym doradztwem. \u2705 Tutaj kupisz produkty DJI, Yuneec, Parrot, Syma i wiele innych, a tak\u017ce kursy i licencje na operatora drona.\" \/>\n<meta name=\"robots\" content=\"index, follow, max-snippet:-1, max-image-preview:large, max-video-preview:-1\" \/>\n<link rel=\"canonical\" href=\"https:\/\/ironsky.pl\/sklep\/produkt\/lampa-warsztatowa-superfire-gm05-500lm-z-panelem-solarnym\/\" \/>\n<meta property=\"og:locale\" content=\"pl_PL\" \/>\n<meta property=\"og:type\" content=\"article\" \/>\n<meta property=\"og:title\" content=\"Lampa warsztatowa SUPERFIRE GM05 500lm z panelem solarnym - IRONSKY.PL Sklep z Dronami\" \/>\n<meta property=\"og:description\" content=\"Lampa warsztatowa SUPERFIRE GM05 500lm z panelem solarnym - \u2705 sklep z dronami i fachowym doradztwem. \u2705 Tutaj kupisz produkty DJI, Yuneec, Parrot, Syma i wiele innych, a tak\u017ce kursy i licencje na operatora drona.\" \/>\n<meta property=\"og:url\" content=\"https:\/\/ironsky.pl\/sklep\/produkt\/lampa-warsztatowa-superfire-gm05-500lm-z-panelem-solarnym\/\" \/>\n<meta property=\"og:site_name\" content=\"IRONSKY.PL Sklep z Dronami\" \/>\n<meta property=\"article:modified_time\" content=\"2026-04-15T08:48:33+00:00\" \/>\n<meta property=\"og:image\" content=\"https:\/\/ironsky.pl\/sklep\/wp-content\/uploads\/2025\/06\/46891_2.jpg\" \/>\n\t<meta property=\"og:image:width\" content=\"800\" \/>\n\t<meta property=\"og:image:height\" content=\"800\" \/>\n\t<meta property=\"og:image:type\" content=\"image\/jpeg\" \/>\n<meta name=\"twitter:card\" content=\"summary_large_image\" \/>\n<meta name=\"twitter:label1\" content=\"Szacowany czas czytania\" \/>\n\t<meta name=\"twitter:data1\" content=\"3 minuty\" \/>\n<script type=\"application\/ld+json\" class=\"yoast-schema-graph\">{\"@context\":\"https:\/\/schema.org\",\"@graph\":[{\"@type\":\"WebPage\",\"@id\":\"https:\/\/ironsky.pl\/sklep\/produkt\/lampa-warsztatowa-superfire-gm05-500lm-z-panelem-solarnym\/\",\"url\":\"https:\/\/ironsky.pl\/sklep\/produkt\/lampa-warsztatowa-superfire-gm05-500lm-z-panelem-solarnym\/\",\"name\":\"Lampa warsztatowa SUPERFIRE GM05 500lm z panelem solarnym - IRONSKY.PL Sklep z Dronami\",\"isPartOf\":{\"@id\":\"https:\/\/ironsky.pl\/sklep\/#website\"},\"primaryImageOfPage\":{\"@id\":\"https:\/\/ironsky.pl\/sklep\/produkt\/lampa-warsztatowa-superfire-gm05-500lm-z-panelem-solarnym\/#primaryimage\"},\"image\":{\"@id\":\"https:\/\/ironsky.pl\/sklep\/produkt\/lampa-warsztatowa-superfire-gm05-500lm-z-panelem-solarnym\/#primaryimage\"},\"thumbnailUrl\":\"https:\/\/ironsky.pl\/sklep\/wp-content\/uploads\/2025\/06\/46891_2.jpg\",\"datePublished\":\"2026-04-15T08:48:08+00:00\",\"dateModified\":\"2026-04-15T08:48:33+00:00\",\"description\":\"Lampa warsztatowa SUPERFIRE GM05 500lm z panelem solarnym - \u2705 sklep z dronami i fachowym doradztwem. \u2705 Tutaj kupisz produkty DJI, Yuneec, Parrot, Syma i wiele innych, a tak\u017ce kursy i licencje na operatora drona.\",\"breadcrumb\":{\"@id\":\"https:\/\/ironsky.pl\/sklep\/produkt\/lampa-warsztatowa-superfire-gm05-500lm-z-panelem-solarnym\/#breadcrumb\"},\"inLanguage\":\"pl-PL\",\"potentialAction\":[{\"@type\":\"ReadAction\",\"target\":[\"https:\/\/ironsky.pl\/sklep\/produkt\/lampa-warsztatowa-superfire-gm05-500lm-z-panelem-solarnym\/\"]}]},{\"@type\":\"ImageObject\",\"inLanguage\":\"pl-PL\",\"@id\":\"https:\/\/ironsky.pl\/sklep\/produkt\/lampa-warsztatowa-superfire-gm05-500lm-z-panelem-solarnym\/#primaryimage\",\"url\":\"https:\/\/ironsky.pl\/sklep\/wp-content\/uploads\/2025\/06\/46891_2.jpg\",\"contentUrl\":\"https:\/\/ironsky.pl\/sklep\/wp-content\/uploads\/2025\/06\/46891_2.jpg\",\"width\":800,\"height\":800},{\"@type\":\"BreadcrumbList\",\"@id\":\"https:\/\/ironsky.pl\/sklep\/produkt\/lampa-warsztatowa-superfire-gm05-500lm-z-panelem-solarnym\/#breadcrumb\",\"itemListElement\":[{\"@type\":\"ListItem\",\"position\":1,\"name\":\"Strona g\u0142\u00f3wna\",\"item\":\"https:\/\/ironsky.pl\/sklep\/\"},{\"@type\":\"ListItem\",\"position\":2,\"name\":\"Wszystkie produkty\",\"item\":\"https:\/\/ironsky.pl\/sklep\/produkty\/\"},{\"@type\":\"ListItem\",\"position\":3,\"name\":\"Lampa warsztatowa SUPERFIRE GM05 500lm z panelem solarnym\"}]},{\"@type\":\"WebSite\",\"@id\":\"https:\/\/ironsky.pl\/sklep\/#website\",\"url\":\"https:\/\/ironsky.pl\/sklep\/\",\"name\":\"IRONSKY.PL Sklep z Dronami\",\"description\":\"IRONSKY.PL Sklep z Dronami\",\"potentialAction\":[{\"@type\":\"SearchAction\",\"target\":{\"@type\":\"EntryPoint\",\"urlTemplate\":\"https:\/\/ironsky.pl\/sklep\/?s={search_term_string}\"},\"query-input\":{\"@type\":\"PropertyValueSpecification\",\"valueRequired\":true,\"valueName\":\"search_term_string\"}}],\"inLanguage\":\"pl-PL\"}]}<\/script>\n<!-- \/ Yoast SEO plugin. -->","yoast_head_json":{"title":"Lampa warsztatowa SUPERFIRE GM05 500lm z panelem solarnym - IRONSKY.PL Sklep z Dronami","description":"Lampa warsztatowa SUPERFIRE GM05 500lm z panelem solarnym - \u2705 sklep z dronami i fachowym doradztwem. \u2705 Tutaj kupisz produkty DJI, Yuneec, Parrot, Syma i wiele innych, a tak\u017ce kursy i licencje na operatora drona.","robots":{"index":"index","follow":"follow","max-snippet":"max-snippet:-1","max-image-preview":"max-image-preview:large","max-video-preview":"max-video-preview:-1"},"canonical":"https:\/\/ironsky.pl\/sklep\/produkt\/lampa-warsztatowa-superfire-gm05-500lm-z-panelem-solarnym\/","og_locale":"pl_PL","og_type":"article","og_title":"Lampa warsztatowa SUPERFIRE GM05 500lm z panelem solarnym - IRONSKY.PL Sklep z Dronami","og_description":"Lampa warsztatowa SUPERFIRE GM05 500lm z panelem solarnym - \u2705 sklep z dronami i fachowym doradztwem. \u2705 Tutaj kupisz produkty DJI, Yuneec, Parrot, Syma i wiele innych, a tak\u017ce kursy i licencje na operatora drona.","og_url":"https:\/\/ironsky.pl\/sklep\/produkt\/lampa-warsztatowa-superfire-gm05-500lm-z-panelem-solarnym\/","og_site_name":"IRONSKY.PL Sklep z Dronami","article_modified_time":"2026-04-15T08:48:33+00:00","og_image":[{"width":800,"height":800,"url":"https:\/\/ironsky.pl\/sklep\/wp-content\/uploads\/2025\/06\/46891_2.jpg","type":"image\/jpeg"}],"twitter_card":"summary_large_image","twitter_misc":{"Szacowany czas czytania":"3 minuty"},"schema":{"@context":"https:\/\/schema.org","@graph":[{"@type":"WebPage","@id":"https:\/\/ironsky.pl\/sklep\/produkt\/lampa-warsztatowa-superfire-gm05-500lm-z-panelem-solarnym\/","url":"https:\/\/ironsky.pl\/sklep\/produkt\/lampa-warsztatowa-superfire-gm05-500lm-z-panelem-solarnym\/","name":"Lampa warsztatowa SUPERFIRE GM05 500lm z panelem solarnym - IRONSKY.PL Sklep z Dronami","isPartOf":{"@id":"https:\/\/ironsky.pl\/sklep\/#website"},"primaryImageOfPage":{"@id":"https:\/\/ironsky.pl\/sklep\/produkt\/lampa-warsztatowa-superfire-gm05-500lm-z-panelem-solarnym\/#primaryimage"},"image":{"@id":"https:\/\/ironsky.pl\/sklep\/produkt\/lampa-warsztatowa-superfire-gm05-500lm-z-panelem-solarnym\/#primaryimage"},"thumbnailUrl":"https:\/\/ironsky.pl\/sklep\/wp-content\/uploads\/2025\/06\/46891_2.jpg","datePublished":"2026-04-15T08:48:08+00:00","dateModified":"2026-04-15T08:48:33+00:00","description":"Lampa warsztatowa SUPERFIRE GM05 500lm z panelem solarnym - \u2705 sklep z dronami i fachowym doradztwem. \u2705 Tutaj kupisz produkty DJI, Yuneec, Parrot, Syma i wiele innych, a tak\u017ce kursy i licencje na operatora drona.","breadcrumb":{"@id":"https:\/\/ironsky.pl\/sklep\/produkt\/lampa-warsztatowa-superfire-gm05-500lm-z-panelem-solarnym\/#breadcrumb"},"inLanguage":"pl-PL","potentialAction":[{"@type":"ReadAction","target":["https:\/\/ironsky.pl\/sklep\/produkt\/lampa-warsztatowa-superfire-gm05-500lm-z-panelem-solarnym\/"]}]},{"@type":"ImageObject","inLanguage":"pl-PL","@id":"https:\/\/ironsky.pl\/sklep\/produkt\/lampa-warsztatowa-superfire-gm05-500lm-z-panelem-solarnym\/#primaryimage","url":"https:\/\/ironsky.pl\/sklep\/wp-content\/uploads\/2025\/06\/46891_2.jpg","contentUrl":"https:\/\/ironsky.pl\/sklep\/wp-content\/uploads\/2025\/06\/46891_2.jpg","width":800,"height":800},{"@type":"BreadcrumbList","@id":"https:\/\/ironsky.pl\/sklep\/produkt\/lampa-warsztatowa-superfire-gm05-500lm-z-panelem-solarnym\/#breadcrumb","itemListElement":[{"@type":"ListItem","position":1,"name":"Strona g\u0142\u00f3wna","item":"https:\/\/ironsky.pl\/sklep\/"},{"@type":"ListItem","position":2,"name":"Wszystkie produkty","item":"https:\/\/ironsky.pl\/sklep\/produkty\/"},{"@type":"ListItem","position":3,"name":"Lampa warsztatowa SUPERFIRE GM05 500lm z panelem solarnym"}]},{"@type":"WebSite","@id":"https:\/\/ironsky.pl\/sklep\/#website","url":"https:\/\/ironsky.pl\/sklep\/","name":"IRONSKY.PL Sklep z Dronami","description":"IRONSKY.PL Sklep z Dronami","potentialAction":[{"@type":"SearchAction","target":{"@type":"EntryPoint","urlTemplate":"https:\/\/ironsky.pl\/sklep\/?s={search_term_string}"},"query-input":{"@type":"PropertyValueSpecification","valueRequired":true,"valueName":"search_term_string"}}],"inLanguage":"pl-PL"}]}},"_links":{"self":[{"href":"https:\/\/ironsky.pl\/sklep\/wp-json\/wp\/v2\/product\/59518","targetHints":{"allow":["GET"]}}],"collection":[{"href":"https:\/\/ironsky.pl\/sklep\/wp-json\/wp\/v2\/product"}],"about":[{"href":"https:\/\/ironsky.pl\/sklep\/wp-json\/wp\/v2\/types\/product"}],"replies":[{"embeddable":true,"href":"https:\/\/ironsky.pl\/sklep\/wp-json\/wp\/v2\/comments?post=59518"}],"wp:featuredmedia":[{"embeddable":true,"href":"https:\/\/ironsky.pl\/sklep\/wp-json\/wp\/v2\/media\/45939"}],"wp:attachment":[{"href":"https:\/\/ironsky.pl\/sklep\/wp-json\/wp\/v2\/media?parent=59518"}],"wp:term":[{"taxonomy":"product_brand","embeddable":true,"href":"https:\/\/ironsky.pl\/sklep\/wp-json\/wp\/v2\/product_brand?post=59518"},{"taxonomy":"product_cat","embeddable":true,"href":"https:\/\/ironsky.pl\/sklep\/wp-json\/wp\/v2\/product_cat?post=59518"},{"taxonomy":"product_tag","embeddable":true,"href":"https:\/\/ironsky.pl\/sklep\/wp-json\/wp\/v2\/product_tag?post=59518"}],"curies":[{"name":"wp","href":"https:\/\/api.w.org\/{rel}","templated":true}]}}