{"id":59511,"date":"2026-04-15T10:48:08","date_gmt":"2026-04-15T08:48:08","guid":{"rendered":"https:\/\/ironsky.pl\/sklep\/produkt\/latarka-superfire-tf01-strumien-swietlny-1371lm\/"},"modified":"2026-04-15T10:48:25","modified_gmt":"2026-04-15T08:48:25","slug":"latarka-superfire-tf01-strumien-swietlny-1371lm","status":"publish","type":"product","link":"https:\/\/ironsky.pl\/sklep\/produkt\/latarka-superfire-tf01-strumien-swietlny-1371lm\/","title":{"rendered":"Latarka SUPERFIRE TF01 strumie\u0144 \u015bwietlny 1371lm"},"content":{"rendered":"<h3>Latarka Superfire Godfire TF01 \u2013 1371 lumen\u00f3w, 1000m, 7h pracy<\/h3>\n<p>Latarka Superfire TF01 to wysokiej jako\u015bci urz\u0105dzenie, zaprojektowane z my\u015bl\u0105 o u\u017cytkownikach potrzebuj\u0105cych niezawodnego i wydajnego o\u015bwietlenia w r\u00f3\u017cnych warunkach. Oferuje imponuj\u0105cy zasi\u0119g do 1000 metr\u00f3w w trybie Turbo oraz r\u00f3\u017cne poziomy jasno\u015bci, dostosowane do potrzeb u\u017cytkownika. Dzi\u0119ki pojemnemu akumulatorowi 4800 mAh Superfire TF01 zapewnia d\u0142ugotrwa\u0142\u0105 prac\u0119, osi\u0105gaj\u0105c do 52 godzin w trybie Low.<\/p>\n<p>\n<img decoding=\"async\" src=\"https:\/\/assets.innpro.pl\/9383\/10950\/1.jpg\" border=\"0\" alt=\"czarna latarka le\u017c\u0105ca na kamieniu\" \/>\n<\/p>\n<h3>Wytrzyma\u0142a konstrukcja<\/h3>\n<p>Superfire TF01 cechuje si\u0119 solidnym wykonaniem i odporno\u015bci\u0105 na trudne warunki atmosferyczne. Latarka jest wodoodporna w standardzie IP55, dzi\u0119ki czemu mo\u017cesz z niej korzysta\u0107 podczas niekorzystnych warunk\u00f3w atmosferycznych. Ponadto odporno\u015b\u0107 na upadki z wysoko\u015bci do 1 m i wyko\u0144czenie ze stopu aluminium gwarantuje, \u017ce urz\u0105dzenie zachowa swoje w\u0142a\u015bciwo\u015bci nawet w trudnych sytuacjach.\u00a0Powierzchnia produktu zosta\u0142a poddana procesowi twardego anodowania, co sprawia, \u017ce jest odporna na zu\u017cycie i korozj\u0119.<\/p>\n<p>\n<img decoding=\"async\" src=\"https:\/\/assets.innpro.pl\/9383\/10950\/5.jpg\" border=\"0\" alt=\"czarna latarka w wodzie\" \/>\n<\/p>\n<h3>Imponuj\u0105ca wydajno\u015b\u0107<\/h3>\n<p>Latarka TF01 ma wysokiej jako\u015bci importowane diody LED (Light Emitting Diode, dioda emituj\u0105ca \u015bwiat\u0142o) OSRAM, du\u017cy metalowy reflektor i oferuje 4 tryby pracy: Turbo (1371 lumen\u00f3w), High (561 lumen\u00f3w), Med (168 lumen\u00f3w) i Low (45 lumen\u00f3w). Dzi\u0119ki temu u\u017cytkownik mo\u017ce dostosowa\u0107 intensywno\u015b\u0107 \u015bwiat\u0142a do swoich potrzeb. W trybie Turbo nat\u0119\u017cenie \u015bwiat\u0142a wynosi 250 000 kandeli, co pozwala na o\u015bwietlenie obszaru o zasi\u0119gu a\u017c do 1000 metr\u00f3w.<\/p>\n<p>\n<img decoding=\"async\" src=\"https:\/\/assets.innpro.pl\/9383\/10950\/4.jpg\" border=\"0\" alt=\"osoba na biwaku noc\u0105 obok pomara\u0144czowego namiotu, o\u015bwietlaj\u0105ca otoczenie jasnym \u015bwiat\u0142em latarki\" \/>\n<\/p>\n<h3>Wydajny akumulator i wygodne \u0142adowanie<\/h3>\n<p>Latarka wyposa\u017cona jest w akumulator o pojemno\u015bci 4800 mAh, co zapewnia d\u0142ugotrwa\u0142e dzia\u0142anie do 52 h w trybie Low. Do\u0142\u0105czona \u0142adowarka wykorzystuje microchip AI (Artificial Intelligence, sztuczna inteligencja) i zapewnia stabilne \u0142adowanie. Wska\u017aniki LED informuj\u0105 o stanie na\u0142adowania baterii, a dzi\u0119ki szerokiej kompatybilno\u015bci pod\u0142\u0105czysz do niej r\u00f3\u017cne rodzaje akumulator\u00f3w litowo-jonowych.<\/p>\n<p>\n<img decoding=\"async\" src=\"https:\/\/assets.innpro.pl\/9383\/10950\/2.jpg\" border=\"0\" alt=\"dwa zdj\u0119cia prezentuj\u0105ce u\u017cycie latarki w nocy\" \/>\n<\/p>\n<h3>Prosta obs\u0142uga<\/h3>\n<p>Latarka TF01 wykorzystuje intuicyjny prze\u0142\u0105cznik taktyczny z funkcj\u0105 pami\u0119ci, kt\u00f3ry pozwala na szybkie w\u0142\u0105czanie \u015bwiat\u0142a i \u0142atwe prze\u0142\u0105czanie pomi\u0119dzy trybami jasno\u015bci. \u015arodkowy przycisk umo\u017cliwia dostosowanie jasno\u015bci jednym klikni\u0119ciem, co u\u0142atwia jej obs\u0142ug\u0119 w dynamicznych sytuacjach. Tego rodzaju konstrukcja jest idealna dla u\u017cytkownik\u00f3w potrzebuj\u0105cych natychmiastowego dost\u0119pu do intensywnego \u015bwiat\u0142a.<\/p>\n<p>\n<img decoding=\"async\" src=\"https:\/\/assets.innpro.pl\/9383\/10950\/6.jpg\" border=\"0\" alt=\"czarna latarka trzymana w d\u0142oni w ciemnej r\u0119kawiczce\" \/>\n<\/p>\n<h3>W zestawie<\/h3>\n<ul class=\"list-disc pl-5\">\n<li>latarka<\/li>\n<li>\n<p style=\"text-align:justify\">pasek na nadgarstek<\/p>\n<\/li>\n<li>\n<p style=\"text-align:justify\">bateria AB30<\/p>\n<\/li>\n<li>\n<p style=\"text-align:justify\">\u0142adowarka<\/p>\n<\/li>\n<li>\n<p style=\"text-align:justify\">kabel USB-C<\/p>\n<\/li>\n<li>\n<p style=\"text-align:justify\">instrukcja obs\u0142ugi<\/p>\n<\/li>\n<\/ul>\n<div class=\"table-wrapper\">\n<p>\u00a0<\/p>\n<h3><\/h3>\n<table>\n<tbody>\n<tr>\n<th>Producent<\/th>\n<td>Superfire<\/td>\n<\/tr>\n<tr>\n<th>Model<\/th>\n<td>TF01<\/td>\n<\/tr>\n<tr>\n<th>Kolor<\/th>\n<td>czarny<\/td>\n<\/tr>\n<tr>\n<th>Latarka<\/th>\n<td><\/td>\n<\/tr>\n<tr>\n<th>Wymiary<\/th>\n<td>179 x 62 x 29 mm<\/td>\n<\/tr>\n<tr>\n<th>Zasi\u0119g<\/th>\n<td>1000 m (Turbo), 658 m (High), 341 m (Med), 195 m (Low)<\/td>\n<\/tr>\n<tr>\n<th>Pojemno\u015b\u0107 akumulatora<\/th>\n<td>4800 mAh<\/td>\n<\/tr>\n<tr>\n<th>Waga<\/th>\n<td>245 g<\/td>\n<\/tr>\n<tr>\n<th>Wodoodporno\u015b\u0107<\/th>\n<td>IP55<\/td>\n<\/tr>\n<tr>\n<th>Odporno\u015b\u0107 na upadki<\/th>\n<td>1 m<\/td>\n<\/tr>\n<tr>\n<th>Jasno\u015b\u0107<\/th>\n<td>1371 lm (Turbo\/Strobe), 561 lm (High), 168 lm (Med), 45 lm (Low)<\/td>\n<\/tr>\n<tr>\n<th>Czas pracy<\/th>\n<td>2.5 h (Turbo), 3.2 h (High), 14 h (Med), 52 h (Low)<\/td>\n<\/tr>\n<tr>\n<th>Nat\u0119\u017cenie<\/th>\n<td>250000 cd (Turbo), 108241 cd (High), 29070 cd (Med), 9506 cd (Low)<\/td>\n<\/tr>\n<tr>\n<th>\u0141adowarka<\/th>\n<td><\/td>\n<\/tr>\n<tr>\n<th>Napi\u0119cie wej\u015bciowe<\/th>\n<td>5V\/2A<\/td>\n<\/tr>\n<tr>\n<th>Napi\u0119cie wyj\u015bciowe<\/th>\n<td>4.2V\/2A<\/td>\n<\/tr>\n<tr>\n<th>Kompatybilno\u015b\u0107<\/th>\n<td>IMR\/Li-ion: 26700\/26650\/25500\/22700\/21700\/20700\/22650\/22500\/18700\/18650<\/td>\n<\/tr>\n<\/tbody>\n<\/table>\n<\/div>\n","protected":false},"excerpt":{"rendered":"<p>Latarka Superfire Godfire TF01 \u2013 1371 lumen\u00f3w, 1000m, 7h pracy Latarka Superfire TF01 to wysokiej jako\u015bci urz\u0105dzenie, zaprojektowane z my\u015bl\u0105<\/p>\n","protected":false},"featured_media":45907,"comment_status":"closed","ping_status":"open","template":"","meta":{"_acf_changed":false},"product_brand":[],"product_cat":[5938,5937,5939],"product_tag":[],"class_list":{"0":"post-59511","1":"product","2":"type-product","3":"status-publish","4":"has-post-thumbnail","6":"product_cat-latarki","7":"product_cat-outdoor","8":"product_cat-pozostale-latarki","9":"pa_okres-gwarancji-5754","10":"pa_producent-superfire","12":"first","13":"outofstock","14":"taxable","15":"shipping-taxable","16":"purchasable","17":"product-type-simple"},"acf":[],"yoast_head":"<!-- This site is optimized with the Yoast SEO plugin v27.2 - https:\/\/yoast.com\/product\/yoast-seo-wordpress\/ -->\n<title>Latarka SUPERFIRE TF01 strumie\u0144 \u015bwietlny 1371lm - IRONSKY.PL Sklep z Dronami<\/title>\n<meta name=\"description\" content=\"Latarka SUPERFIRE TF01 strumie\u0144 \u015bwietlny 1371lm - \u2705 sklep z dronami i fachowym doradztwem. \u2705 Tutaj kupisz produkty DJI, Yuneec, Parrot, Syma i wiele innych, a tak\u017ce kursy i licencje na operatora drona.\" \/>\n<meta name=\"robots\" content=\"index, follow, max-snippet:-1, max-image-preview:large, max-video-preview:-1\" \/>\n<link rel=\"canonical\" href=\"https:\/\/ironsky.pl\/sklep\/produkt\/latarka-superfire-tf01-strumien-swietlny-1371lm\/\" \/>\n<meta property=\"og:locale\" content=\"pl_PL\" \/>\n<meta property=\"og:type\" content=\"article\" \/>\n<meta property=\"og:title\" content=\"Latarka SUPERFIRE TF01 strumie\u0144 \u015bwietlny 1371lm - IRONSKY.PL Sklep z Dronami\" \/>\n<meta property=\"og:description\" content=\"Latarka SUPERFIRE TF01 strumie\u0144 \u015bwietlny 1371lm - \u2705 sklep z dronami i fachowym doradztwem. \u2705 Tutaj kupisz produkty DJI, Yuneec, Parrot, Syma i wiele innych, a tak\u017ce kursy i licencje na operatora drona.\" \/>\n<meta property=\"og:url\" content=\"https:\/\/ironsky.pl\/sklep\/produkt\/latarka-superfire-tf01-strumien-swietlny-1371lm\/\" \/>\n<meta property=\"og:site_name\" content=\"IRONSKY.PL Sklep z Dronami\" \/>\n<meta property=\"article:modified_time\" content=\"2026-04-15T08:48:25+00:00\" \/>\n<meta property=\"og:image\" content=\"https:\/\/ironsky.pl\/sklep\/wp-content\/uploads\/2025\/06\/46865_1.jpg\" \/>\n\t<meta property=\"og:image:width\" content=\"800\" \/>\n\t<meta property=\"og:image:height\" content=\"800\" \/>\n\t<meta property=\"og:image:type\" content=\"image\/jpeg\" \/>\n<meta name=\"twitter:card\" content=\"summary_large_image\" \/>\n<meta name=\"twitter:label1\" content=\"Szacowany czas czytania\" \/>\n\t<meta name=\"twitter:data1\" content=\"2 minuty\" \/>\n<script type=\"application\/ld+json\" class=\"yoast-schema-graph\">{\"@context\":\"https:\/\/schema.org\",\"@graph\":[{\"@type\":\"WebPage\",\"@id\":\"https:\/\/ironsky.pl\/sklep\/produkt\/latarka-superfire-tf01-strumien-swietlny-1371lm\/\",\"url\":\"https:\/\/ironsky.pl\/sklep\/produkt\/latarka-superfire-tf01-strumien-swietlny-1371lm\/\",\"name\":\"Latarka SUPERFIRE TF01 strumie\u0144 \u015bwietlny 1371lm - IRONSKY.PL Sklep z Dronami\",\"isPartOf\":{\"@id\":\"https:\/\/ironsky.pl\/sklep\/#website\"},\"primaryImageOfPage\":{\"@id\":\"https:\/\/ironsky.pl\/sklep\/produkt\/latarka-superfire-tf01-strumien-swietlny-1371lm\/#primaryimage\"},\"image\":{\"@id\":\"https:\/\/ironsky.pl\/sklep\/produkt\/latarka-superfire-tf01-strumien-swietlny-1371lm\/#primaryimage\"},\"thumbnailUrl\":\"https:\/\/ironsky.pl\/sklep\/wp-content\/uploads\/2025\/06\/46865_1.jpg\",\"datePublished\":\"2026-04-15T08:48:08+00:00\",\"dateModified\":\"2026-04-15T08:48:25+00:00\",\"description\":\"Latarka SUPERFIRE TF01 strumie\u0144 \u015bwietlny 1371lm - \u2705 sklep z dronami i fachowym doradztwem. \u2705 Tutaj kupisz produkty DJI, Yuneec, Parrot, Syma i wiele innych, a tak\u017ce kursy i licencje na operatora drona.\",\"breadcrumb\":{\"@id\":\"https:\/\/ironsky.pl\/sklep\/produkt\/latarka-superfire-tf01-strumien-swietlny-1371lm\/#breadcrumb\"},\"inLanguage\":\"pl-PL\",\"potentialAction\":[{\"@type\":\"ReadAction\",\"target\":[\"https:\/\/ironsky.pl\/sklep\/produkt\/latarka-superfire-tf01-strumien-swietlny-1371lm\/\"]}]},{\"@type\":\"ImageObject\",\"inLanguage\":\"pl-PL\",\"@id\":\"https:\/\/ironsky.pl\/sklep\/produkt\/latarka-superfire-tf01-strumien-swietlny-1371lm\/#primaryimage\",\"url\":\"https:\/\/ironsky.pl\/sklep\/wp-content\/uploads\/2025\/06\/46865_1.jpg\",\"contentUrl\":\"https:\/\/ironsky.pl\/sklep\/wp-content\/uploads\/2025\/06\/46865_1.jpg\",\"width\":800,\"height\":800},{\"@type\":\"BreadcrumbList\",\"@id\":\"https:\/\/ironsky.pl\/sklep\/produkt\/latarka-superfire-tf01-strumien-swietlny-1371lm\/#breadcrumb\",\"itemListElement\":[{\"@type\":\"ListItem\",\"position\":1,\"name\":\"Strona g\u0142\u00f3wna\",\"item\":\"https:\/\/ironsky.pl\/sklep\/\"},{\"@type\":\"ListItem\",\"position\":2,\"name\":\"Wszystkie produkty\",\"item\":\"https:\/\/ironsky.pl\/sklep\/produkty\/\"},{\"@type\":\"ListItem\",\"position\":3,\"name\":\"Latarka SUPERFIRE TF01 strumie\u0144 \u015bwietlny 1371lm\"}]},{\"@type\":\"WebSite\",\"@id\":\"https:\/\/ironsky.pl\/sklep\/#website\",\"url\":\"https:\/\/ironsky.pl\/sklep\/\",\"name\":\"IRONSKY.PL Sklep z Dronami\",\"description\":\"IRONSKY.PL Sklep z Dronami\",\"potentialAction\":[{\"@type\":\"SearchAction\",\"target\":{\"@type\":\"EntryPoint\",\"urlTemplate\":\"https:\/\/ironsky.pl\/sklep\/?s={search_term_string}\"},\"query-input\":{\"@type\":\"PropertyValueSpecification\",\"valueRequired\":true,\"valueName\":\"search_term_string\"}}],\"inLanguage\":\"pl-PL\"}]}<\/script>\n<!-- \/ Yoast SEO plugin. -->","yoast_head_json":{"title":"Latarka SUPERFIRE TF01 strumie\u0144 \u015bwietlny 1371lm - IRONSKY.PL Sklep z Dronami","description":"Latarka SUPERFIRE TF01 strumie\u0144 \u015bwietlny 1371lm - \u2705 sklep z dronami i fachowym doradztwem. \u2705 Tutaj kupisz produkty DJI, Yuneec, Parrot, Syma i wiele innych, a tak\u017ce kursy i licencje na operatora drona.","robots":{"index":"index","follow":"follow","max-snippet":"max-snippet:-1","max-image-preview":"max-image-preview:large","max-video-preview":"max-video-preview:-1"},"canonical":"https:\/\/ironsky.pl\/sklep\/produkt\/latarka-superfire-tf01-strumien-swietlny-1371lm\/","og_locale":"pl_PL","og_type":"article","og_title":"Latarka SUPERFIRE TF01 strumie\u0144 \u015bwietlny 1371lm - IRONSKY.PL Sklep z Dronami","og_description":"Latarka SUPERFIRE TF01 strumie\u0144 \u015bwietlny 1371lm - \u2705 sklep z dronami i fachowym doradztwem. \u2705 Tutaj kupisz produkty DJI, Yuneec, Parrot, Syma i wiele innych, a tak\u017ce kursy i licencje na operatora drona.","og_url":"https:\/\/ironsky.pl\/sklep\/produkt\/latarka-superfire-tf01-strumien-swietlny-1371lm\/","og_site_name":"IRONSKY.PL Sklep z Dronami","article_modified_time":"2026-04-15T08:48:25+00:00","og_image":[{"width":800,"height":800,"url":"https:\/\/ironsky.pl\/sklep\/wp-content\/uploads\/2025\/06\/46865_1.jpg","type":"image\/jpeg"}],"twitter_card":"summary_large_image","twitter_misc":{"Szacowany czas czytania":"2 minuty"},"schema":{"@context":"https:\/\/schema.org","@graph":[{"@type":"WebPage","@id":"https:\/\/ironsky.pl\/sklep\/produkt\/latarka-superfire-tf01-strumien-swietlny-1371lm\/","url":"https:\/\/ironsky.pl\/sklep\/produkt\/latarka-superfire-tf01-strumien-swietlny-1371lm\/","name":"Latarka SUPERFIRE TF01 strumie\u0144 \u015bwietlny 1371lm - IRONSKY.PL Sklep z Dronami","isPartOf":{"@id":"https:\/\/ironsky.pl\/sklep\/#website"},"primaryImageOfPage":{"@id":"https:\/\/ironsky.pl\/sklep\/produkt\/latarka-superfire-tf01-strumien-swietlny-1371lm\/#primaryimage"},"image":{"@id":"https:\/\/ironsky.pl\/sklep\/produkt\/latarka-superfire-tf01-strumien-swietlny-1371lm\/#primaryimage"},"thumbnailUrl":"https:\/\/ironsky.pl\/sklep\/wp-content\/uploads\/2025\/06\/46865_1.jpg","datePublished":"2026-04-15T08:48:08+00:00","dateModified":"2026-04-15T08:48:25+00:00","description":"Latarka SUPERFIRE TF01 strumie\u0144 \u015bwietlny 1371lm - \u2705 sklep z dronami i fachowym doradztwem. \u2705 Tutaj kupisz produkty DJI, Yuneec, Parrot, Syma i wiele innych, a tak\u017ce kursy i licencje na operatora drona.","breadcrumb":{"@id":"https:\/\/ironsky.pl\/sklep\/produkt\/latarka-superfire-tf01-strumien-swietlny-1371lm\/#breadcrumb"},"inLanguage":"pl-PL","potentialAction":[{"@type":"ReadAction","target":["https:\/\/ironsky.pl\/sklep\/produkt\/latarka-superfire-tf01-strumien-swietlny-1371lm\/"]}]},{"@type":"ImageObject","inLanguage":"pl-PL","@id":"https:\/\/ironsky.pl\/sklep\/produkt\/latarka-superfire-tf01-strumien-swietlny-1371lm\/#primaryimage","url":"https:\/\/ironsky.pl\/sklep\/wp-content\/uploads\/2025\/06\/46865_1.jpg","contentUrl":"https:\/\/ironsky.pl\/sklep\/wp-content\/uploads\/2025\/06\/46865_1.jpg","width":800,"height":800},{"@type":"BreadcrumbList","@id":"https:\/\/ironsky.pl\/sklep\/produkt\/latarka-superfire-tf01-strumien-swietlny-1371lm\/#breadcrumb","itemListElement":[{"@type":"ListItem","position":1,"name":"Strona g\u0142\u00f3wna","item":"https:\/\/ironsky.pl\/sklep\/"},{"@type":"ListItem","position":2,"name":"Wszystkie produkty","item":"https:\/\/ironsky.pl\/sklep\/produkty\/"},{"@type":"ListItem","position":3,"name":"Latarka SUPERFIRE TF01 strumie\u0144 \u015bwietlny 1371lm"}]},{"@type":"WebSite","@id":"https:\/\/ironsky.pl\/sklep\/#website","url":"https:\/\/ironsky.pl\/sklep\/","name":"IRONSKY.PL Sklep z Dronami","description":"IRONSKY.PL Sklep z Dronami","potentialAction":[{"@type":"SearchAction","target":{"@type":"EntryPoint","urlTemplate":"https:\/\/ironsky.pl\/sklep\/?s={search_term_string}"},"query-input":{"@type":"PropertyValueSpecification","valueRequired":true,"valueName":"search_term_string"}}],"inLanguage":"pl-PL"}]}},"_links":{"self":[{"href":"https:\/\/ironsky.pl\/sklep\/wp-json\/wp\/v2\/product\/59511","targetHints":{"allow":["GET"]}}],"collection":[{"href":"https:\/\/ironsky.pl\/sklep\/wp-json\/wp\/v2\/product"}],"about":[{"href":"https:\/\/ironsky.pl\/sklep\/wp-json\/wp\/v2\/types\/product"}],"replies":[{"embeddable":true,"href":"https:\/\/ironsky.pl\/sklep\/wp-json\/wp\/v2\/comments?post=59511"}],"wp:featuredmedia":[{"embeddable":true,"href":"https:\/\/ironsky.pl\/sklep\/wp-json\/wp\/v2\/media\/45907"}],"wp:attachment":[{"href":"https:\/\/ironsky.pl\/sklep\/wp-json\/wp\/v2\/media?parent=59511"}],"wp:term":[{"taxonomy":"product_brand","embeddable":true,"href":"https:\/\/ironsky.pl\/sklep\/wp-json\/wp\/v2\/product_brand?post=59511"},{"taxonomy":"product_cat","embeddable":true,"href":"https:\/\/ironsky.pl\/sklep\/wp-json\/wp\/v2\/product_cat?post=59511"},{"taxonomy":"product_tag","embeddable":true,"href":"https:\/\/ironsky.pl\/sklep\/wp-json\/wp\/v2\/product_tag?post=59511"}],"curies":[{"name":"wp","href":"https:\/\/api.w.org\/{rel}","templated":true}]}}