{"id":59495,"date":"2026-04-15T10:48:08","date_gmt":"2026-04-15T08:48:08","guid":{"rendered":"https:\/\/ironsky.pl\/sklep\/produkt\/statyw-magnetyczny-do-telefonu-telesin\/"},"modified":"2026-04-15T10:48:09","modified_gmt":"2026-04-15T08:48:09","slug":"statyw-magnetyczny-do-telefonu-telesin","status":"publish","type":"product","link":"https:\/\/ironsky.pl\/sklep\/produkt\/statyw-magnetyczny-do-telefonu-telesin\/","title":{"rendered":"Statyw magnetyczny do telefonu TELESIN"},"content":{"rendered":"<h3>Magnetyczny statyw do telefonu Telesin<\/h3>\n<p>Magnetyczny statyw do telefonu Telesin to wszechstronne narz\u0119dzie, z kt\u00f3rym tworzenie profesjonalnych uj\u0119\u0107 jest \u0142atwiejsze ni\u017c kiedykolwiek. Dzi\u0119ki magnetycznemu mocowaniu i mo\u017cliwo\u015bci regulacji wysoko\u015bci staje si\u0119 idealnym rozwi\u0105zaniem zar\u00f3wno do transmisji na \u017cywo, nagrywania wideo, jak i codziennego ogl\u0105dania ulubionych seriali. Statyw jest stabilny i \u0142atwy w obs\u0142udze, wi\u0119c nie napotkasz \u017cadnych problem\u00f3w w drodze do stworzenia filmu z perfekcyjnym kadrem.<\/p>\n<p>\n<img decoding=\"async\" src=\"https:\/\/assets.innpro.pl\/10276\/12079\/6.jpg\" border=\"0\" \/>\n<\/p>\n<h3>Mocowanie magnetyczne dla pewnego uchwytu<\/h3>\n<p>Wyposa\u017cony w magnetyczny pier\u015bcie\u0144 statyw zapewnia szybkie i pewne mocowanie telefonu. Umo\u017cliwia on \u0142atwe zak\u0142adanie i zdejmowanie urz\u0105dzenia, co znacznie przyspiesza przygotowania do nagra\u0144. Statyw wsp\u00f3\u0142pracuje z iPhone&#8217;ami serii 13, 14, 15 z funkcj\u0105 MagSafe oraz telefonami z systemem Android (wymagane u\u017cycie magnetycznego pier\u015bcienia), co czyni go uniwersalnym narz\u0119dziem dla ka\u017cdego tw\u00f3rcy.<\/p>\n<p>\n<img decoding=\"async\" src=\"https:\/\/assets.innpro.pl\/10276\/12079\/2.jpg\" border=\"0\" \/>\n<\/p>\n<h3>Wielokierunkowa regulacja\u00a0<\/h3>\n<p>Wszechstronny przegub zapewnia pe\u0142n\u0105 elastyczno\u015b\u0107 \u2014 mo\u017cesz regulowa\u0107 k\u0105t nachylenia statywu w r\u00f3\u017cnych p\u0142aszczyznach. Ustawienia te pozwalaj\u0105 uzyska\u0107 idealne uj\u0119cia w trybie pionowym, z wysokich i niskich k\u0105t\u00f3w \u2014 mo\u017cliwo\u015bci s\u0105 nieograniczone. Takie rozwi\u0105zanie daje pe\u0142n\u0105 kontrol\u0119 nad kadrem, niezale\u017cnie od rodzaju nagrywanego materia\u0142u, czy to relacji na \u017cywo, czy kr\u00f3tkich filmik\u00f3w na media spo\u0142eczno\u015bciowe. Ale to nie koniec zalet! Statyw wspiera r\u00f3\u017cnego rodzaju akcesoria montowane za pomoc\u0105 \u015bruby 1\/4&#8221;, takie jak dodatkowe o\u015bwietlenia, dzi\u0119ki czemu uzyskasz dok\u0142adnie takie efekty, jakie zaplanujesz!<\/p>\n<p>\n<img decoding=\"async\" src=\"https:\/\/assets.innpro.pl\/10276\/12079\/1.jpg\" border=\"0\" \/>\n<\/p>\n<h3>Stabilno\u015b\u0107 i mobilno\u015b\u0107 w jednym<\/h3>\n<p>Stabilna, perfekcyjnie wywa\u017cona podstawa statywu Telesin z solidn\u0105 konstrukcj\u0105 sprawia, \u017ce nie musisz martwi\u0107 si\u0119 o przypadkowe przesuni\u0119cia podczas nagrywania. Statyw jednocze\u015bnie \u0142atwo si\u0119 sk\u0142ada, co u\u0142atwia jego przenoszenie i przechowywanie. Mo\u017cesz bez problemu korzysta\u0107 z niego zar\u00f3wno w domu, jak i w plenerze.<\/p>\n<p>\n<img decoding=\"async\" src=\"https:\/\/assets.innpro.pl\/10276\/12079\/5.jpg\" border=\"0\" \/>\n<\/p>\n<h3>W zestawie<\/h3>\n<ul class=\"list-disc pl-5\">\n<li>Pr\u0119t teleskopowy x 1<\/li>\n<li>P\u0142ytka magnetyczna x 1<\/li>\n<li>Pasek na r\u0119k\u0119 x 1<\/li>\n<li>Pier\u015bcie\u0144 magnetyczny x 1<\/li>\n<li>Podstawa x 1<\/li>\n<li>Rami\u0119 stojaka x 1<\/li>\n<li>Klucz sze\u015bciok\u0105tny x 1<\/li>\n<li>Zestaw do czyszczenia x 1<\/li>\n<li>\u015aruba monta\u017cowa podstawy x 1<\/li>\n<li>Instrukcja obs\u0142ugi x 1<\/li>\n<\/ul>\n<div class=\"table-wrapper\">\n<p>\u00a0<\/p>\n<h3><\/h3>\n<table>\n<tbody>\n<tr>\n<th>Producent<\/th>\n<td>Telesin<\/td>\n<\/tr>\n<tr>\n<th>Model<\/th>\n<td>P3-FS-01<\/td>\n<\/tr>\n<tr>\n<th>Kompatybilno\u015b\u0107: <\/th>\n<td>iPhone 13\/14\/15 Pro\/Pro Max (MagSafe), telefony Android (z magnetycznym pier\u015bcieniem)<\/td>\n<\/tr>\n<tr>\n<th>Regulacja wysoko\u015bci: <\/th>\n<td>Tak<\/td>\n<\/tr>\n<tr>\n<th>Materia\u0142: <\/th>\n<td>Aluminium + ABS<\/td>\n<\/tr>\n<tr>\n<th>Wymiary<\/th>\n<td>260 x 260 mm<\/td>\n<\/tr>\n<tr>\n<th>Waga<\/th>\n<td>2360 g<\/td>\n<\/tr>\n<\/tbody>\n<\/table>\n<\/div>\n","protected":false},"excerpt":{"rendered":"<p>Magnetyczny statyw do telefonu Telesin Magnetyczny statyw do telefonu Telesin to wszechstronne narz\u0119dzie, z kt\u00f3rym tworzenie profesjonalnych uj\u0119\u0107 jest \u0142atwiejsze<\/p>\n","protected":false},"featured_media":59496,"comment_status":"closed","ping_status":"open","template":"","meta":{"_acf_changed":false},"product_brand":[],"product_cat":[1128,6178,6176,6190,6177,1138],"product_tag":[],"class_list":{"0":"post-59495","1":"product","2":"type-product","3":"status-publish","4":"has-post-thumbnail","6":"product_cat-foto-wideo","7":"product_cat-mocowania","8":"product_cat-selfie-stiki","9":"product_cat-statywy-mocowania","10":"product_cat-statywy-selfie-stiki","11":"product_cat-wysiegniki","12":"pa_okres-gwarancji-5757","13":"pa_producent-telesin","15":"first","16":"outofstock","17":"taxable","18":"shipping-taxable","19":"purchasable","20":"product-type-simple"},"acf":[],"yoast_head":"<!-- This site is optimized with the Yoast SEO plugin v27.2 - https:\/\/yoast.com\/product\/yoast-seo-wordpress\/ -->\n<title>Statyw magnetyczny do telefonu TELESIN - IRONSKY.PL Sklep z Dronami<\/title>\n<meta name=\"description\" content=\"Statyw magnetyczny do telefonu TELESIN - \u2705 sklep z dronami i fachowym doradztwem. \u2705 Tutaj kupisz produkty DJI, Yuneec, Parrot, Syma i wiele innych, a tak\u017ce kursy i licencje na operatora drona.\" \/>\n<meta name=\"robots\" content=\"index, follow, max-snippet:-1, max-image-preview:large, max-video-preview:-1\" \/>\n<link rel=\"canonical\" href=\"https:\/\/ironsky.pl\/sklep\/produkt\/statyw-magnetyczny-do-telefonu-telesin\/\" \/>\n<meta property=\"og:locale\" content=\"pl_PL\" \/>\n<meta property=\"og:type\" content=\"article\" \/>\n<meta property=\"og:title\" content=\"Statyw magnetyczny do telefonu TELESIN - IRONSKY.PL Sklep z Dronami\" \/>\n<meta property=\"og:description\" content=\"Statyw magnetyczny do telefonu TELESIN - \u2705 sklep z dronami i fachowym doradztwem. \u2705 Tutaj kupisz produkty DJI, Yuneec, Parrot, Syma i wiele innych, a tak\u017ce kursy i licencje na operatora drona.\" \/>\n<meta property=\"og:url\" content=\"https:\/\/ironsky.pl\/sklep\/produkt\/statyw-magnetyczny-do-telefonu-telesin\/\" \/>\n<meta property=\"og:site_name\" content=\"IRONSKY.PL Sklep z Dronami\" \/>\n<meta property=\"article:modified_time\" content=\"2026-04-15T08:48:09+00:00\" \/>\n<meta property=\"og:image\" content=\"https:\/\/ironsky.pl\/sklep\/wp-content\/uploads\/2026\/04\/46807_1.jpg\" \/>\n\t<meta property=\"og:image:width\" content=\"800\" \/>\n\t<meta property=\"og:image:height\" content=\"800\" \/>\n\t<meta property=\"og:image:type\" content=\"image\/jpeg\" \/>\n<meta name=\"twitter:card\" content=\"summary_large_image\" \/>\n<meta name=\"twitter:label1\" content=\"Szacowany czas czytania\" \/>\n\t<meta name=\"twitter:data1\" content=\"2 minuty\" \/>\n<script type=\"application\/ld+json\" class=\"yoast-schema-graph\">{\"@context\":\"https:\/\/schema.org\",\"@graph\":[{\"@type\":\"WebPage\",\"@id\":\"https:\/\/ironsky.pl\/sklep\/produkt\/statyw-magnetyczny-do-telefonu-telesin\/\",\"url\":\"https:\/\/ironsky.pl\/sklep\/produkt\/statyw-magnetyczny-do-telefonu-telesin\/\",\"name\":\"Statyw magnetyczny do telefonu TELESIN - IRONSKY.PL Sklep z Dronami\",\"isPartOf\":{\"@id\":\"https:\/\/ironsky.pl\/sklep\/#website\"},\"primaryImageOfPage\":{\"@id\":\"https:\/\/ironsky.pl\/sklep\/produkt\/statyw-magnetyczny-do-telefonu-telesin\/#primaryimage\"},\"image\":{\"@id\":\"https:\/\/ironsky.pl\/sklep\/produkt\/statyw-magnetyczny-do-telefonu-telesin\/#primaryimage\"},\"thumbnailUrl\":\"https:\/\/ironsky.pl\/sklep\/wp-content\/uploads\/2026\/04\/46807_1.jpg\",\"datePublished\":\"2026-04-15T08:48:08+00:00\",\"dateModified\":\"2026-04-15T08:48:09+00:00\",\"description\":\"Statyw magnetyczny do telefonu TELESIN - \u2705 sklep z dronami i fachowym doradztwem. \u2705 Tutaj kupisz produkty DJI, Yuneec, Parrot, Syma i wiele innych, a tak\u017ce kursy i licencje na operatora drona.\",\"breadcrumb\":{\"@id\":\"https:\/\/ironsky.pl\/sklep\/produkt\/statyw-magnetyczny-do-telefonu-telesin\/#breadcrumb\"},\"inLanguage\":\"pl-PL\",\"potentialAction\":[{\"@type\":\"ReadAction\",\"target\":[\"https:\/\/ironsky.pl\/sklep\/produkt\/statyw-magnetyczny-do-telefonu-telesin\/\"]}]},{\"@type\":\"ImageObject\",\"inLanguage\":\"pl-PL\",\"@id\":\"https:\/\/ironsky.pl\/sklep\/produkt\/statyw-magnetyczny-do-telefonu-telesin\/#primaryimage\",\"url\":\"https:\/\/ironsky.pl\/sklep\/wp-content\/uploads\/2026\/04\/46807_1.jpg\",\"contentUrl\":\"https:\/\/ironsky.pl\/sklep\/wp-content\/uploads\/2026\/04\/46807_1.jpg\",\"width\":800,\"height\":800},{\"@type\":\"BreadcrumbList\",\"@id\":\"https:\/\/ironsky.pl\/sklep\/produkt\/statyw-magnetyczny-do-telefonu-telesin\/#breadcrumb\",\"itemListElement\":[{\"@type\":\"ListItem\",\"position\":1,\"name\":\"Strona g\u0142\u00f3wna\",\"item\":\"https:\/\/ironsky.pl\/sklep\/\"},{\"@type\":\"ListItem\",\"position\":2,\"name\":\"Wszystkie produkty\",\"item\":\"https:\/\/ironsky.pl\/sklep\/produkty\/\"},{\"@type\":\"ListItem\",\"position\":3,\"name\":\"Statyw magnetyczny do telefonu TELESIN\"}]},{\"@type\":\"WebSite\",\"@id\":\"https:\/\/ironsky.pl\/sklep\/#website\",\"url\":\"https:\/\/ironsky.pl\/sklep\/\",\"name\":\"IRONSKY.PL Sklep z Dronami\",\"description\":\"IRONSKY.PL Sklep z Dronami\",\"potentialAction\":[{\"@type\":\"SearchAction\",\"target\":{\"@type\":\"EntryPoint\",\"urlTemplate\":\"https:\/\/ironsky.pl\/sklep\/?s={search_term_string}\"},\"query-input\":{\"@type\":\"PropertyValueSpecification\",\"valueRequired\":true,\"valueName\":\"search_term_string\"}}],\"inLanguage\":\"pl-PL\"}]}<\/script>\n<!-- \/ Yoast SEO plugin. -->","yoast_head_json":{"title":"Statyw magnetyczny do telefonu TELESIN - IRONSKY.PL Sklep z Dronami","description":"Statyw magnetyczny do telefonu TELESIN - \u2705 sklep z dronami i fachowym doradztwem. \u2705 Tutaj kupisz produkty DJI, Yuneec, Parrot, Syma i wiele innych, a tak\u017ce kursy i licencje na operatora drona.","robots":{"index":"index","follow":"follow","max-snippet":"max-snippet:-1","max-image-preview":"max-image-preview:large","max-video-preview":"max-video-preview:-1"},"canonical":"https:\/\/ironsky.pl\/sklep\/produkt\/statyw-magnetyczny-do-telefonu-telesin\/","og_locale":"pl_PL","og_type":"article","og_title":"Statyw magnetyczny do telefonu TELESIN - IRONSKY.PL Sklep z Dronami","og_description":"Statyw magnetyczny do telefonu TELESIN - \u2705 sklep z dronami i fachowym doradztwem. \u2705 Tutaj kupisz produkty DJI, Yuneec, Parrot, Syma i wiele innych, a tak\u017ce kursy i licencje na operatora drona.","og_url":"https:\/\/ironsky.pl\/sklep\/produkt\/statyw-magnetyczny-do-telefonu-telesin\/","og_site_name":"IRONSKY.PL Sklep z Dronami","article_modified_time":"2026-04-15T08:48:09+00:00","og_image":[{"width":800,"height":800,"url":"https:\/\/ironsky.pl\/sklep\/wp-content\/uploads\/2026\/04\/46807_1.jpg","type":"image\/jpeg"}],"twitter_card":"summary_large_image","twitter_misc":{"Szacowany czas czytania":"2 minuty"},"schema":{"@context":"https:\/\/schema.org","@graph":[{"@type":"WebPage","@id":"https:\/\/ironsky.pl\/sklep\/produkt\/statyw-magnetyczny-do-telefonu-telesin\/","url":"https:\/\/ironsky.pl\/sklep\/produkt\/statyw-magnetyczny-do-telefonu-telesin\/","name":"Statyw magnetyczny do telefonu TELESIN - IRONSKY.PL Sklep z Dronami","isPartOf":{"@id":"https:\/\/ironsky.pl\/sklep\/#website"},"primaryImageOfPage":{"@id":"https:\/\/ironsky.pl\/sklep\/produkt\/statyw-magnetyczny-do-telefonu-telesin\/#primaryimage"},"image":{"@id":"https:\/\/ironsky.pl\/sklep\/produkt\/statyw-magnetyczny-do-telefonu-telesin\/#primaryimage"},"thumbnailUrl":"https:\/\/ironsky.pl\/sklep\/wp-content\/uploads\/2026\/04\/46807_1.jpg","datePublished":"2026-04-15T08:48:08+00:00","dateModified":"2026-04-15T08:48:09+00:00","description":"Statyw magnetyczny do telefonu TELESIN - \u2705 sklep z dronami i fachowym doradztwem. \u2705 Tutaj kupisz produkty DJI, Yuneec, Parrot, Syma i wiele innych, a tak\u017ce kursy i licencje na operatora drona.","breadcrumb":{"@id":"https:\/\/ironsky.pl\/sklep\/produkt\/statyw-magnetyczny-do-telefonu-telesin\/#breadcrumb"},"inLanguage":"pl-PL","potentialAction":[{"@type":"ReadAction","target":["https:\/\/ironsky.pl\/sklep\/produkt\/statyw-magnetyczny-do-telefonu-telesin\/"]}]},{"@type":"ImageObject","inLanguage":"pl-PL","@id":"https:\/\/ironsky.pl\/sklep\/produkt\/statyw-magnetyczny-do-telefonu-telesin\/#primaryimage","url":"https:\/\/ironsky.pl\/sklep\/wp-content\/uploads\/2026\/04\/46807_1.jpg","contentUrl":"https:\/\/ironsky.pl\/sklep\/wp-content\/uploads\/2026\/04\/46807_1.jpg","width":800,"height":800},{"@type":"BreadcrumbList","@id":"https:\/\/ironsky.pl\/sklep\/produkt\/statyw-magnetyczny-do-telefonu-telesin\/#breadcrumb","itemListElement":[{"@type":"ListItem","position":1,"name":"Strona g\u0142\u00f3wna","item":"https:\/\/ironsky.pl\/sklep\/"},{"@type":"ListItem","position":2,"name":"Wszystkie produkty","item":"https:\/\/ironsky.pl\/sklep\/produkty\/"},{"@type":"ListItem","position":3,"name":"Statyw magnetyczny do telefonu TELESIN"}]},{"@type":"WebSite","@id":"https:\/\/ironsky.pl\/sklep\/#website","url":"https:\/\/ironsky.pl\/sklep\/","name":"IRONSKY.PL Sklep z Dronami","description":"IRONSKY.PL Sklep z Dronami","potentialAction":[{"@type":"SearchAction","target":{"@type":"EntryPoint","urlTemplate":"https:\/\/ironsky.pl\/sklep\/?s={search_term_string}"},"query-input":{"@type":"PropertyValueSpecification","valueRequired":true,"valueName":"search_term_string"}}],"inLanguage":"pl-PL"}]}},"_links":{"self":[{"href":"https:\/\/ironsky.pl\/sklep\/wp-json\/wp\/v2\/product\/59495","targetHints":{"allow":["GET"]}}],"collection":[{"href":"https:\/\/ironsky.pl\/sklep\/wp-json\/wp\/v2\/product"}],"about":[{"href":"https:\/\/ironsky.pl\/sklep\/wp-json\/wp\/v2\/types\/product"}],"replies":[{"embeddable":true,"href":"https:\/\/ironsky.pl\/sklep\/wp-json\/wp\/v2\/comments?post=59495"}],"wp:featuredmedia":[{"embeddable":true,"href":"https:\/\/ironsky.pl\/sklep\/wp-json\/wp\/v2\/media\/59496"}],"wp:attachment":[{"href":"https:\/\/ironsky.pl\/sklep\/wp-json\/wp\/v2\/media?parent=59495"}],"wp:term":[{"taxonomy":"product_brand","embeddable":true,"href":"https:\/\/ironsky.pl\/sklep\/wp-json\/wp\/v2\/product_brand?post=59495"},{"taxonomy":"product_cat","embeddable":true,"href":"https:\/\/ironsky.pl\/sklep\/wp-json\/wp\/v2\/product_cat?post=59495"},{"taxonomy":"product_tag","embeddable":true,"href":"https:\/\/ironsky.pl\/sklep\/wp-json\/wp\/v2\/product_tag?post=59495"}],"curies":[{"name":"wp","href":"https:\/\/api.w.org\/{rel}","templated":true}]}}