{"id":59483,"date":"2026-04-15T10:47:32","date_gmt":"2026-04-15T08:47:32","guid":{"rendered":"https:\/\/ironsky.pl\/sklep\/produkt\/zestaw-filtrow-freewell-fuji-x100-z-oslona-czarny\/"},"modified":"2026-04-15T10:48:00","modified_gmt":"2026-04-15T08:48:00","slug":"zestaw-filtrow-freewell-fuji-x100-z-oslona-czarny","status":"publish","type":"product","link":"https:\/\/ironsky.pl\/sklep\/produkt\/zestaw-filtrow-freewell-fuji-x100-z-oslona-czarny\/","title":{"rendered":"Zestaw filtr\u00f3w FREEWELL Fuji X100 z os\u0142on\u0105 (czarny)"},"content":{"rendered":"<h3>Zestaw filtr\u00f3w Freewell FujiX100 z os\u0142on\u0105 obiektywu (czarny)<\/h3>\n<p>Zestaw filtr\u00f3w Freewell FujiX100 to nieodzowny dodatek dla ka\u017cdego mi\u0142o\u015bnika fotografii, kt\u00f3ry pragnie podnie\u015b\u0107 jako\u015b\u0107 swoich zdj\u0119\u0107 na wy\u017cszy poziom. Dzi\u0119ki innowacyjnemu po\u0142\u0105czeniu filtra polaryzacyjnego (CPL) i filtra Glow Mist 1\/4, ten zestaw zapewnia doskona\u0142\u0105 kontrol\u0119 nad \u015bwiat\u0142em i kolorem, a tak\u017ce dodaje subtelny, artystyczny efekt rozmycia.\u00a0<\/p>\n<p>\n<img decoding=\"async\" src=\"https:\/\/assets.innpro.pl\/9227\/10777\/1.jpg\" border=\"0\" \/>\n<\/p>\n<h3>Innowacyjny filtr hybrydowy<\/h3>\n<p>Zestaw filtr\u00f3w Freewell FujiX100 to wyj\u0105tkowa kombinacja, kt\u00f3ra \u0142\u0105czy zalety dw\u00f3ch zaawansowanych filtr\u00f3w. Innowacyjny filtr hybrydowy \u0142\u0105czy funkcje Circular Polarizera (CPL) do redukcji odblask\u00f3w i poprawy kolor\u00f3w z efektem delikatnego rozmycia i po\u015bwiaty\u00a0 filtra 1\/4 Glow Mist. Dzi\u0119ki temu filtr zapewnia zar\u00f3wno doskona\u0142\u0105 klarowno\u015b\u0107, jak i kinowy, artystyczny wygl\u0105d zdj\u0119\u0107.<\/p>\n<p>\n<img decoding=\"async\" src=\"https:\/\/assets.innpro.pl\/9227\/10777\/3.jpg\" border=\"0\" \/>\n<\/p>\n<h3>Regulowana polaryzacja dla lepszej kontroli<\/h3>\n<p>Dzi\u0119ki obrotowemu komponentowi CPL poziom polaryzacji mo\u017cna \u0142atwo dostosowa\u0107 do w\u0142asnych potrzeb. Pozwala to na precyzyjne zarz\u0105dzanie redukcj\u0105 odblask\u00f3w i nasyceniem kolor\u00f3w, co jest idealne w r\u00f3\u017cnych warunkach o\u015bwietleniowych. Niezale\u017cnie od tego, czy fotografujesz w pe\u0142nym s\u0142o\u0144cu, czy w bardziej mi\u0119kkim \u015bwietle, filtr Freewell FujiX100 daje pe\u0142n\u0105 kontrol\u0119 nad efektem ko\u0144cowym.<\/p>\n<p>\n<img decoding=\"async\" src=\"https:\/\/assets.innpro.pl\/9227\/10777\/4.jpg\" border=\"0\" \/>\n<\/p>\n<h3>Ochrona obiektywu z os\u0142on\u0105<\/h3>\n<p>Do zestawu do\u0142\u0105czono r\u00f3wnie\u017c os\u0142on\u0119 obiektywu, kt\u00f3ra redukuje niepo\u017c\u0105dane \u015bwiat\u0142o i flary, jednocze\u015bnie zapewniaj\u0105c solidn\u0105 ochron\u0119 przed zarysowaniami i uszkodzeniami mechanicznymi. Os\u0142ona nie tylko przed\u0142u\u017ca \u017cywotno\u015b\u0107 Twojego obiektywu, ale tak\u017ce pomaga w uzyskaniu lepszych jako\u015bciowo zdj\u0119\u0107, minimalizuj\u0105c zak\u0142\u00f3cenia \u015bwietlne.<\/p>\n<p>\n<img decoding=\"async\" src=\"https:\/\/assets.innpro.pl\/9227\/10777\/2.jpg\" border=\"0\" \/>\n<\/p>\n<h3>W zestawie:<\/h3>\n<ul class=\"list-disc pl-5\">\n<li>Pier\u015bcie\u0144 adaptacyjny<\/li>\n<li>Filtr hybrydowy CPL\/GMIST 1\/4\u00a0<\/li>\n<li>Os\u0142ona obiektywu<\/li>\n<li>Pokrywka obiektywu<\/li>\n<\/ul>\n<div class=\"table-wrapper\">\n<p>\u00a0<\/p>\n<h3><\/h3>\n<table>\n<tbody>\n<tr>\n<th>Producent<\/th>\n<td>Freewell<\/td>\n<\/tr>\n<tr>\n<th>Kolor<\/th>\n<td>Czarny<\/td>\n<\/tr>\n<tr>\n<th>Kompatybilno\u015b\u0107<\/th>\n<td>FujiX100 (X100VI \/ X100V \/ X100 \/ X100S \/ X100F \/ X100T)<\/td>\n<\/tr>\n<\/tbody>\n<\/table>\n<\/div>\n","protected":false},"excerpt":{"rendered":"<p>Zestaw filtr\u00f3w Freewell FujiX100 z os\u0142on\u0105 obiektywu (czarny) Zestaw filtr\u00f3w Freewell FujiX100 to nieodzowny dodatek dla ka\u017cdego mi\u0142o\u015bnika fotografii, kt\u00f3ry<\/p>\n","protected":false},"featured_media":59484,"comment_status":"closed","ping_status":"open","template":"","meta":{"_acf_changed":false},"product_brand":[],"product_cat":[6216,6211,1128],"product_tag":[],"class_list":{"0":"post-59483","1":"product","2":"type-product","3":"status-publish","4":"has-post-thumbnail","6":"product_cat-do-lustrzanek-filtry","7":"product_cat-filtry","8":"product_cat-foto-wideo","9":"pa_okres-gwarancji-5757","10":"pa_producent-freewell","12":"first","13":"outofstock","14":"taxable","15":"shipping-taxable","16":"purchasable","17":"product-type-simple"},"acf":[],"yoast_head":"<!-- This site is optimized with the Yoast SEO plugin v27.2 - https:\/\/yoast.com\/product\/yoast-seo-wordpress\/ -->\n<title>Zestaw filtr\u00f3w FREEWELL Fuji X100 z os\u0142on\u0105 (czarny) - IRONSKY.PL Sklep z Dronami<\/title>\n<meta name=\"description\" content=\"Zestaw filtr\u00f3w FREEWELL Fuji X100 z os\u0142on\u0105 (czarny) - \u2705 sklep z dronami i fachowym doradztwem. \u2705 Tutaj kupisz produkty DJI, Yuneec, Parrot, Syma i wiele innych, a tak\u017ce kursy i licencje na operatora drona.\" \/>\n<meta name=\"robots\" content=\"index, follow, max-snippet:-1, max-image-preview:large, max-video-preview:-1\" \/>\n<link rel=\"canonical\" href=\"https:\/\/ironsky.pl\/sklep\/produkt\/zestaw-filtrow-freewell-fuji-x100-z-oslona-czarny\/\" \/>\n<meta property=\"og:locale\" content=\"pl_PL\" \/>\n<meta property=\"og:type\" content=\"article\" \/>\n<meta property=\"og:title\" content=\"Zestaw filtr\u00f3w FREEWELL Fuji X100 z os\u0142on\u0105 (czarny) - IRONSKY.PL Sklep z Dronami\" \/>\n<meta property=\"og:description\" content=\"Zestaw filtr\u00f3w FREEWELL Fuji X100 z os\u0142on\u0105 (czarny) - \u2705 sklep z dronami i fachowym doradztwem. \u2705 Tutaj kupisz produkty DJI, Yuneec, Parrot, Syma i wiele innych, a tak\u017ce kursy i licencje na operatora drona.\" \/>\n<meta property=\"og:url\" content=\"https:\/\/ironsky.pl\/sklep\/produkt\/zestaw-filtrow-freewell-fuji-x100-z-oslona-czarny\/\" \/>\n<meta property=\"og:site_name\" content=\"IRONSKY.PL Sklep z Dronami\" \/>\n<meta property=\"article:modified_time\" content=\"2026-04-15T08:48:00+00:00\" \/>\n<meta property=\"og:image\" content=\"https:\/\/ironsky.pl\/sklep\/wp-content\/uploads\/2026\/04\/46796_1.jpg\" \/>\n\t<meta property=\"og:image:width\" content=\"800\" \/>\n\t<meta property=\"og:image:height\" content=\"800\" \/>\n\t<meta property=\"og:image:type\" content=\"image\/jpeg\" \/>\n<meta name=\"twitter:card\" content=\"summary_large_image\" \/>\n<meta name=\"twitter:label1\" content=\"Szacowany czas czytania\" \/>\n\t<meta name=\"twitter:data1\" content=\"1 minuta\" \/>\n<script type=\"application\/ld+json\" class=\"yoast-schema-graph\">{\"@context\":\"https:\/\/schema.org\",\"@graph\":[{\"@type\":\"WebPage\",\"@id\":\"https:\/\/ironsky.pl\/sklep\/produkt\/zestaw-filtrow-freewell-fuji-x100-z-oslona-czarny\/\",\"url\":\"https:\/\/ironsky.pl\/sklep\/produkt\/zestaw-filtrow-freewell-fuji-x100-z-oslona-czarny\/\",\"name\":\"Zestaw filtr\u00f3w FREEWELL Fuji X100 z os\u0142on\u0105 (czarny) - IRONSKY.PL Sklep z Dronami\",\"isPartOf\":{\"@id\":\"https:\/\/ironsky.pl\/sklep\/#website\"},\"primaryImageOfPage\":{\"@id\":\"https:\/\/ironsky.pl\/sklep\/produkt\/zestaw-filtrow-freewell-fuji-x100-z-oslona-czarny\/#primaryimage\"},\"image\":{\"@id\":\"https:\/\/ironsky.pl\/sklep\/produkt\/zestaw-filtrow-freewell-fuji-x100-z-oslona-czarny\/#primaryimage\"},\"thumbnailUrl\":\"https:\/\/ironsky.pl\/sklep\/wp-content\/uploads\/2026\/04\/46796_1.jpg\",\"datePublished\":\"2026-04-15T08:47:32+00:00\",\"dateModified\":\"2026-04-15T08:48:00+00:00\",\"description\":\"Zestaw filtr\u00f3w FREEWELL Fuji X100 z os\u0142on\u0105 (czarny) - \u2705 sklep z dronami i fachowym doradztwem. \u2705 Tutaj kupisz produkty DJI, Yuneec, Parrot, Syma i wiele innych, a tak\u017ce kursy i licencje na operatora drona.\",\"breadcrumb\":{\"@id\":\"https:\/\/ironsky.pl\/sklep\/produkt\/zestaw-filtrow-freewell-fuji-x100-z-oslona-czarny\/#breadcrumb\"},\"inLanguage\":\"pl-PL\",\"potentialAction\":[{\"@type\":\"ReadAction\",\"target\":[\"https:\/\/ironsky.pl\/sklep\/produkt\/zestaw-filtrow-freewell-fuji-x100-z-oslona-czarny\/\"]}]},{\"@type\":\"ImageObject\",\"inLanguage\":\"pl-PL\",\"@id\":\"https:\/\/ironsky.pl\/sklep\/produkt\/zestaw-filtrow-freewell-fuji-x100-z-oslona-czarny\/#primaryimage\",\"url\":\"https:\/\/ironsky.pl\/sklep\/wp-content\/uploads\/2026\/04\/46796_1.jpg\",\"contentUrl\":\"https:\/\/ironsky.pl\/sklep\/wp-content\/uploads\/2026\/04\/46796_1.jpg\",\"width\":800,\"height\":800},{\"@type\":\"BreadcrumbList\",\"@id\":\"https:\/\/ironsky.pl\/sklep\/produkt\/zestaw-filtrow-freewell-fuji-x100-z-oslona-czarny\/#breadcrumb\",\"itemListElement\":[{\"@type\":\"ListItem\",\"position\":1,\"name\":\"Strona g\u0142\u00f3wna\",\"item\":\"https:\/\/ironsky.pl\/sklep\/\"},{\"@type\":\"ListItem\",\"position\":2,\"name\":\"Wszystkie produkty\",\"item\":\"https:\/\/ironsky.pl\/sklep\/produkty\/\"},{\"@type\":\"ListItem\",\"position\":3,\"name\":\"Zestaw filtr\u00f3w FREEWELL Fuji X100 z os\u0142on\u0105 (czarny)\"}]},{\"@type\":\"WebSite\",\"@id\":\"https:\/\/ironsky.pl\/sklep\/#website\",\"url\":\"https:\/\/ironsky.pl\/sklep\/\",\"name\":\"IRONSKY.PL Sklep z Dronami\",\"description\":\"IRONSKY.PL Sklep z Dronami\",\"potentialAction\":[{\"@type\":\"SearchAction\",\"target\":{\"@type\":\"EntryPoint\",\"urlTemplate\":\"https:\/\/ironsky.pl\/sklep\/?s={search_term_string}\"},\"query-input\":{\"@type\":\"PropertyValueSpecification\",\"valueRequired\":true,\"valueName\":\"search_term_string\"}}],\"inLanguage\":\"pl-PL\"}]}<\/script>\n<!-- \/ Yoast SEO plugin. -->","yoast_head_json":{"title":"Zestaw filtr\u00f3w FREEWELL Fuji X100 z os\u0142on\u0105 (czarny) - IRONSKY.PL Sklep z Dronami","description":"Zestaw filtr\u00f3w FREEWELL Fuji X100 z os\u0142on\u0105 (czarny) - \u2705 sklep z dronami i fachowym doradztwem. \u2705 Tutaj kupisz produkty DJI, Yuneec, Parrot, Syma i wiele innych, a tak\u017ce kursy i licencje na operatora drona.","robots":{"index":"index","follow":"follow","max-snippet":"max-snippet:-1","max-image-preview":"max-image-preview:large","max-video-preview":"max-video-preview:-1"},"canonical":"https:\/\/ironsky.pl\/sklep\/produkt\/zestaw-filtrow-freewell-fuji-x100-z-oslona-czarny\/","og_locale":"pl_PL","og_type":"article","og_title":"Zestaw filtr\u00f3w FREEWELL Fuji X100 z os\u0142on\u0105 (czarny) - IRONSKY.PL Sklep z Dronami","og_description":"Zestaw filtr\u00f3w FREEWELL Fuji X100 z os\u0142on\u0105 (czarny) - \u2705 sklep z dronami i fachowym doradztwem. \u2705 Tutaj kupisz produkty DJI, Yuneec, Parrot, Syma i wiele innych, a tak\u017ce kursy i licencje na operatora drona.","og_url":"https:\/\/ironsky.pl\/sklep\/produkt\/zestaw-filtrow-freewell-fuji-x100-z-oslona-czarny\/","og_site_name":"IRONSKY.PL Sklep z Dronami","article_modified_time":"2026-04-15T08:48:00+00:00","og_image":[{"width":800,"height":800,"url":"https:\/\/ironsky.pl\/sklep\/wp-content\/uploads\/2026\/04\/46796_1.jpg","type":"image\/jpeg"}],"twitter_card":"summary_large_image","twitter_misc":{"Szacowany czas czytania":"1 minuta"},"schema":{"@context":"https:\/\/schema.org","@graph":[{"@type":"WebPage","@id":"https:\/\/ironsky.pl\/sklep\/produkt\/zestaw-filtrow-freewell-fuji-x100-z-oslona-czarny\/","url":"https:\/\/ironsky.pl\/sklep\/produkt\/zestaw-filtrow-freewell-fuji-x100-z-oslona-czarny\/","name":"Zestaw filtr\u00f3w FREEWELL Fuji X100 z os\u0142on\u0105 (czarny) - IRONSKY.PL Sklep z Dronami","isPartOf":{"@id":"https:\/\/ironsky.pl\/sklep\/#website"},"primaryImageOfPage":{"@id":"https:\/\/ironsky.pl\/sklep\/produkt\/zestaw-filtrow-freewell-fuji-x100-z-oslona-czarny\/#primaryimage"},"image":{"@id":"https:\/\/ironsky.pl\/sklep\/produkt\/zestaw-filtrow-freewell-fuji-x100-z-oslona-czarny\/#primaryimage"},"thumbnailUrl":"https:\/\/ironsky.pl\/sklep\/wp-content\/uploads\/2026\/04\/46796_1.jpg","datePublished":"2026-04-15T08:47:32+00:00","dateModified":"2026-04-15T08:48:00+00:00","description":"Zestaw filtr\u00f3w FREEWELL Fuji X100 z os\u0142on\u0105 (czarny) - \u2705 sklep z dronami i fachowym doradztwem. \u2705 Tutaj kupisz produkty DJI, Yuneec, Parrot, Syma i wiele innych, a tak\u017ce kursy i licencje na operatora drona.","breadcrumb":{"@id":"https:\/\/ironsky.pl\/sklep\/produkt\/zestaw-filtrow-freewell-fuji-x100-z-oslona-czarny\/#breadcrumb"},"inLanguage":"pl-PL","potentialAction":[{"@type":"ReadAction","target":["https:\/\/ironsky.pl\/sklep\/produkt\/zestaw-filtrow-freewell-fuji-x100-z-oslona-czarny\/"]}]},{"@type":"ImageObject","inLanguage":"pl-PL","@id":"https:\/\/ironsky.pl\/sklep\/produkt\/zestaw-filtrow-freewell-fuji-x100-z-oslona-czarny\/#primaryimage","url":"https:\/\/ironsky.pl\/sklep\/wp-content\/uploads\/2026\/04\/46796_1.jpg","contentUrl":"https:\/\/ironsky.pl\/sklep\/wp-content\/uploads\/2026\/04\/46796_1.jpg","width":800,"height":800},{"@type":"BreadcrumbList","@id":"https:\/\/ironsky.pl\/sklep\/produkt\/zestaw-filtrow-freewell-fuji-x100-z-oslona-czarny\/#breadcrumb","itemListElement":[{"@type":"ListItem","position":1,"name":"Strona g\u0142\u00f3wna","item":"https:\/\/ironsky.pl\/sklep\/"},{"@type":"ListItem","position":2,"name":"Wszystkie produkty","item":"https:\/\/ironsky.pl\/sklep\/produkty\/"},{"@type":"ListItem","position":3,"name":"Zestaw filtr\u00f3w FREEWELL Fuji X100 z os\u0142on\u0105 (czarny)"}]},{"@type":"WebSite","@id":"https:\/\/ironsky.pl\/sklep\/#website","url":"https:\/\/ironsky.pl\/sklep\/","name":"IRONSKY.PL Sklep z Dronami","description":"IRONSKY.PL Sklep z Dronami","potentialAction":[{"@type":"SearchAction","target":{"@type":"EntryPoint","urlTemplate":"https:\/\/ironsky.pl\/sklep\/?s={search_term_string}"},"query-input":{"@type":"PropertyValueSpecification","valueRequired":true,"valueName":"search_term_string"}}],"inLanguage":"pl-PL"}]}},"_links":{"self":[{"href":"https:\/\/ironsky.pl\/sklep\/wp-json\/wp\/v2\/product\/59483","targetHints":{"allow":["GET"]}}],"collection":[{"href":"https:\/\/ironsky.pl\/sklep\/wp-json\/wp\/v2\/product"}],"about":[{"href":"https:\/\/ironsky.pl\/sklep\/wp-json\/wp\/v2\/types\/product"}],"replies":[{"embeddable":true,"href":"https:\/\/ironsky.pl\/sklep\/wp-json\/wp\/v2\/comments?post=59483"}],"wp:featuredmedia":[{"embeddable":true,"href":"https:\/\/ironsky.pl\/sklep\/wp-json\/wp\/v2\/media\/59484"}],"wp:attachment":[{"href":"https:\/\/ironsky.pl\/sklep\/wp-json\/wp\/v2\/media?parent=59483"}],"wp:term":[{"taxonomy":"product_brand","embeddable":true,"href":"https:\/\/ironsky.pl\/sklep\/wp-json\/wp\/v2\/product_brand?post=59483"},{"taxonomy":"product_cat","embeddable":true,"href":"https:\/\/ironsky.pl\/sklep\/wp-json\/wp\/v2\/product_cat?post=59483"},{"taxonomy":"product_tag","embeddable":true,"href":"https:\/\/ironsky.pl\/sklep\/wp-json\/wp\/v2\/product_tag?post=59483"}],"curies":[{"name":"wp","href":"https:\/\/api.w.org\/{rel}","templated":true}]}}