{"id":59469,"date":"2026-04-15T10:47:32","date_gmt":"2026-04-15T08:47:32","guid":{"rendered":"https:\/\/ironsky.pl\/sklep\/produkt\/modem-lte-dji-cellular-dongle-2\/"},"modified":"2026-04-15T10:47:51","modified_gmt":"2026-04-15T08:47:51","slug":"modem-lte-dji-cellular-dongle-2","status":"publish","type":"product","link":"https:\/\/ironsky.pl\/sklep\/produkt\/modem-lte-dji-cellular-dongle-2\/","title":{"rendered":"Modem LTE DJI Cellular Dongle 2"},"content":{"rendered":"<h3>DJI Cellular Dongle 2<\/h3>\n<p>DJI Cellular Dongle 2 umo\u017cliwia pod\u0142\u0105czenie Twojego drona DJI do sieci 4G. Najnowsza wersja zosta\u0142a wyposa\u017cona w technologi\u0119 Antenna Switch Diversity (ASDIV), kt\u00f3ra daje Ci pewno\u015b\u0107, \u017ce nawet w trudnych warunkach utrzymasz stabiln\u0105 transmisj\u0119 i kontrol\u0119 nad swoim sprz\u0119tem. Dzi\u0119ki temu mo\u017cesz w pe\u0142ni skupi\u0107 si\u0119 na rejestrowaniu wyj\u0105tkowych uj\u0119\u0107, ciesz\u0105c si\u0119 niezawodnym po\u0142\u0105czeniem i bezpiecze\u0144stwem lotu! DJI Dongle 2 jest kompatybilny z dronami DJI Air 3 i DJI Mini 4 Pro.<\/p>\n<p>\n<img decoding=\"async\" src=\"https:\/\/assets.innpro.pl\/9983\/11684\/1.jpg\" border=\"0\" \/>\n<\/p>\n<h3>Ulepszona transmisja wideo<\/h3>\n<p>Z DJI Cellular Dongle 2 zyskujesz ulepszon\u0105 transmisj\u0119 wideo Enhanced Transmission. Jak to dzia\u0142a? W przypadku utraty sygna\u0142u mo\u017cesz nadal polega\u0107 na sieci 4G, co zapewnia bezproblemow\u0105 kontrol\u0119 nad dronem \u2013 nawet je\u015bli wyst\u0105pi\u0105 jakie\u015b zak\u0142\u00f3cenia lub przeszkody. Nie musisz wi\u0119c obawia\u0107 si\u0119 nag\u0142ego roz\u0142\u0105czenia urz\u0105dze\u0144! <\/p>\n<p>\n<img decoding=\"async\" src=\"https:\/\/assets.innpro.pl\/9983\/11684\/4.jpg\" border=\"0\" \/>\n<\/p>\n<h3>Szybka i prosta integracja<\/h3>\n<p>Aby zamontowa\u0107 DJI Cellular Dongle 2 na dronie DJI Mini 4 Pro, niezb\u0119dny jest odpowiedni zestaw monta\u017cowy (w sprzeda\u017cy oddzielnie). Natomiast w przypadku modelu DJI Air 3 mo\u017cliwe jest bezpo\u015brednie po\u0142\u0105czenie \u2013 bez konieczno\u015bci u\u017cycia dodatkowych akcesori\u00f3w. W obu przypadkach instalacja jest bardzo prosta i szybka, dzi\u0119ki czemu mo\u017cesz z \u0142atwo\u015bci\u0105 uzyska\u0107 dost\u0119p do sieci 4G.<\/p>\n<p>\n<img decoding=\"async\" src=\"https:\/\/assets.innpro.pl\/9983\/11684\/2.jpg\" border=\"0\" \/>\n<\/p>\n<h3>W zestawie<\/h3>\n<ul class=\"list-disc pl-5\">\n<li>DJI Cellular Dongle 2 x1<\/li>\n<li>\u015arubokr\u0119t x1<\/li>\n<li>Klips do kabla x1<\/li>\n<\/ul>\n<div class=\"table-wrapper\">\n<p>\u00a0<\/p>\n<h3><\/h3>\n<table>\n<tbody>\n<tr>\n<th>Producent<\/th>\n<td>DJI<\/td>\n<\/tr>\n<tr>\n<th>Nazwa<\/th>\n<td>DJI Cellular Dongle 2<\/td>\n<\/tr>\n<tr>\n<th>Kompatybilno\u015b\u0107<\/th>\n<td>DJI Air 3,<br \/> DJI Mini 4 Pro,<br \/> DJI Dock 2,<br \/> DJI Dock 3,<br \/> DJI Matrice 3D\/TD,<br \/> DJI Matrice 4E\/4T,<br \/> DJI Matrice 4D\/TD,<br \/> DJI Matrice 400, <br \/> DJI RC Plus 2<\/td>\n<\/tr>\n<\/tbody>\n<\/table>\n<\/div>\n","protected":false},"excerpt":{"rendered":"<p>DJI Cellular Dongle 2 DJI Cellular Dongle 2 umo\u017cliwia pod\u0142\u0105czenie Twojego drona DJI do sieci 4G. Najnowsza wersja zosta\u0142a wyposa\u017cona<\/p>\n","protected":false},"featured_media":59470,"comment_status":"closed","ping_status":"open","template":"","meta":{"_acf_changed":false},"product_brand":[],"product_cat":[6167,6170,1088],"product_tag":[],"class_list":{"0":"post-59469","1":"product","2":"type-product","3":"status-publish","4":"has-post-thumbnail","6":"product_cat-akcesoria-do-dronow","7":"product_cat-dji-akcesoria-do-dronow","8":"product_cat-drony","9":"pa_okres-gwarancji-5757","10":"pa_producent-dji","12":"first","13":"instock","14":"taxable","15":"shipping-taxable","16":"purchasable","17":"product-type-simple"},"acf":[],"yoast_head":"<!-- This site is optimized with the Yoast SEO plugin v27.2 - https:\/\/yoast.com\/product\/yoast-seo-wordpress\/ -->\n<title>Modem LTE DJI Cellular Dongle 2 - IRONSKY.PL Sklep z Dronami<\/title>\n<meta name=\"description\" content=\"Modem LTE DJI Cellular Dongle 2 - \u2705 sklep z dronami i fachowym doradztwem. \u2705 Tutaj kupisz produkty DJI, Yuneec, Parrot, Syma i wiele innych, a tak\u017ce kursy i licencje na operatora drona.\" \/>\n<meta name=\"robots\" content=\"index, follow, max-snippet:-1, max-image-preview:large, max-video-preview:-1\" \/>\n<link rel=\"canonical\" href=\"https:\/\/ironsky.pl\/sklep\/produkt\/modem-lte-dji-cellular-dongle-2\/\" \/>\n<meta property=\"og:locale\" content=\"pl_PL\" \/>\n<meta property=\"og:type\" content=\"article\" \/>\n<meta property=\"og:title\" content=\"Modem LTE DJI Cellular Dongle 2 - IRONSKY.PL Sklep z Dronami\" \/>\n<meta property=\"og:description\" content=\"Modem LTE DJI Cellular Dongle 2 - \u2705 sklep z dronami i fachowym doradztwem. \u2705 Tutaj kupisz produkty DJI, Yuneec, Parrot, Syma i wiele innych, a tak\u017ce kursy i licencje na operatora drona.\" \/>\n<meta property=\"og:url\" content=\"https:\/\/ironsky.pl\/sklep\/produkt\/modem-lte-dji-cellular-dongle-2\/\" \/>\n<meta property=\"og:site_name\" content=\"IRONSKY.PL Sklep z Dronami\" \/>\n<meta property=\"article:modified_time\" content=\"2026-04-15T08:47:51+00:00\" \/>\n<meta property=\"og:image\" content=\"https:\/\/ironsky.pl\/sklep\/wp-content\/uploads\/2026\/04\/46789_8.jpg\" \/>\n\t<meta property=\"og:image:width\" content=\"800\" \/>\n\t<meta property=\"og:image:height\" content=\"800\" \/>\n\t<meta property=\"og:image:type\" content=\"image\/jpeg\" \/>\n<meta name=\"twitter:card\" content=\"summary_large_image\" \/>\n<meta name=\"twitter:label1\" content=\"Szacowany czas czytania\" \/>\n\t<meta name=\"twitter:data1\" content=\"1 minuta\" \/>\n<script type=\"application\/ld+json\" class=\"yoast-schema-graph\">{\"@context\":\"https:\/\/schema.org\",\"@graph\":[{\"@type\":\"WebPage\",\"@id\":\"https:\/\/ironsky.pl\/sklep\/produkt\/modem-lte-dji-cellular-dongle-2\/\",\"url\":\"https:\/\/ironsky.pl\/sklep\/produkt\/modem-lte-dji-cellular-dongle-2\/\",\"name\":\"Modem LTE DJI Cellular Dongle 2 - IRONSKY.PL Sklep z Dronami\",\"isPartOf\":{\"@id\":\"https:\/\/ironsky.pl\/sklep\/#website\"},\"primaryImageOfPage\":{\"@id\":\"https:\/\/ironsky.pl\/sklep\/produkt\/modem-lte-dji-cellular-dongle-2\/#primaryimage\"},\"image\":{\"@id\":\"https:\/\/ironsky.pl\/sklep\/produkt\/modem-lte-dji-cellular-dongle-2\/#primaryimage\"},\"thumbnailUrl\":\"https:\/\/ironsky.pl\/sklep\/wp-content\/uploads\/2026\/04\/46789_8.jpg\",\"datePublished\":\"2026-04-15T08:47:32+00:00\",\"dateModified\":\"2026-04-15T08:47:51+00:00\",\"description\":\"Modem LTE DJI Cellular Dongle 2 - \u2705 sklep z dronami i fachowym doradztwem. \u2705 Tutaj kupisz produkty DJI, Yuneec, Parrot, Syma i wiele innych, a tak\u017ce kursy i licencje na operatora drona.\",\"breadcrumb\":{\"@id\":\"https:\/\/ironsky.pl\/sklep\/produkt\/modem-lte-dji-cellular-dongle-2\/#breadcrumb\"},\"inLanguage\":\"pl-PL\",\"potentialAction\":[{\"@type\":\"ReadAction\",\"target\":[\"https:\/\/ironsky.pl\/sklep\/produkt\/modem-lte-dji-cellular-dongle-2\/\"]}]},{\"@type\":\"ImageObject\",\"inLanguage\":\"pl-PL\",\"@id\":\"https:\/\/ironsky.pl\/sklep\/produkt\/modem-lte-dji-cellular-dongle-2\/#primaryimage\",\"url\":\"https:\/\/ironsky.pl\/sklep\/wp-content\/uploads\/2026\/04\/46789_8.jpg\",\"contentUrl\":\"https:\/\/ironsky.pl\/sklep\/wp-content\/uploads\/2026\/04\/46789_8.jpg\",\"width\":800,\"height\":800},{\"@type\":\"BreadcrumbList\",\"@id\":\"https:\/\/ironsky.pl\/sklep\/produkt\/modem-lte-dji-cellular-dongle-2\/#breadcrumb\",\"itemListElement\":[{\"@type\":\"ListItem\",\"position\":1,\"name\":\"Strona g\u0142\u00f3wna\",\"item\":\"https:\/\/ironsky.pl\/sklep\/\"},{\"@type\":\"ListItem\",\"position\":2,\"name\":\"Wszystkie produkty\",\"item\":\"https:\/\/ironsky.pl\/sklep\/produkty\/\"},{\"@type\":\"ListItem\",\"position\":3,\"name\":\"Modem LTE DJI Cellular Dongle 2\"}]},{\"@type\":\"WebSite\",\"@id\":\"https:\/\/ironsky.pl\/sklep\/#website\",\"url\":\"https:\/\/ironsky.pl\/sklep\/\",\"name\":\"IRONSKY.PL Sklep z Dronami\",\"description\":\"IRONSKY.PL Sklep z Dronami\",\"potentialAction\":[{\"@type\":\"SearchAction\",\"target\":{\"@type\":\"EntryPoint\",\"urlTemplate\":\"https:\/\/ironsky.pl\/sklep\/?s={search_term_string}\"},\"query-input\":{\"@type\":\"PropertyValueSpecification\",\"valueRequired\":true,\"valueName\":\"search_term_string\"}}],\"inLanguage\":\"pl-PL\"}]}<\/script>\n<!-- \/ Yoast SEO plugin. -->","yoast_head_json":{"title":"Modem LTE DJI Cellular Dongle 2 - IRONSKY.PL Sklep z Dronami","description":"Modem LTE DJI Cellular Dongle 2 - \u2705 sklep z dronami i fachowym doradztwem. \u2705 Tutaj kupisz produkty DJI, Yuneec, Parrot, Syma i wiele innych, a tak\u017ce kursy i licencje na operatora drona.","robots":{"index":"index","follow":"follow","max-snippet":"max-snippet:-1","max-image-preview":"max-image-preview:large","max-video-preview":"max-video-preview:-1"},"canonical":"https:\/\/ironsky.pl\/sklep\/produkt\/modem-lte-dji-cellular-dongle-2\/","og_locale":"pl_PL","og_type":"article","og_title":"Modem LTE DJI Cellular Dongle 2 - IRONSKY.PL Sklep z Dronami","og_description":"Modem LTE DJI Cellular Dongle 2 - \u2705 sklep z dronami i fachowym doradztwem. \u2705 Tutaj kupisz produkty DJI, Yuneec, Parrot, Syma i wiele innych, a tak\u017ce kursy i licencje na operatora drona.","og_url":"https:\/\/ironsky.pl\/sklep\/produkt\/modem-lte-dji-cellular-dongle-2\/","og_site_name":"IRONSKY.PL Sklep z Dronami","article_modified_time":"2026-04-15T08:47:51+00:00","og_image":[{"width":800,"height":800,"url":"https:\/\/ironsky.pl\/sklep\/wp-content\/uploads\/2026\/04\/46789_8.jpg","type":"image\/jpeg"}],"twitter_card":"summary_large_image","twitter_misc":{"Szacowany czas czytania":"1 minuta"},"schema":{"@context":"https:\/\/schema.org","@graph":[{"@type":"WebPage","@id":"https:\/\/ironsky.pl\/sklep\/produkt\/modem-lte-dji-cellular-dongle-2\/","url":"https:\/\/ironsky.pl\/sklep\/produkt\/modem-lte-dji-cellular-dongle-2\/","name":"Modem LTE DJI Cellular Dongle 2 - IRONSKY.PL Sklep z Dronami","isPartOf":{"@id":"https:\/\/ironsky.pl\/sklep\/#website"},"primaryImageOfPage":{"@id":"https:\/\/ironsky.pl\/sklep\/produkt\/modem-lte-dji-cellular-dongle-2\/#primaryimage"},"image":{"@id":"https:\/\/ironsky.pl\/sklep\/produkt\/modem-lte-dji-cellular-dongle-2\/#primaryimage"},"thumbnailUrl":"https:\/\/ironsky.pl\/sklep\/wp-content\/uploads\/2026\/04\/46789_8.jpg","datePublished":"2026-04-15T08:47:32+00:00","dateModified":"2026-04-15T08:47:51+00:00","description":"Modem LTE DJI Cellular Dongle 2 - \u2705 sklep z dronami i fachowym doradztwem. \u2705 Tutaj kupisz produkty DJI, Yuneec, Parrot, Syma i wiele innych, a tak\u017ce kursy i licencje na operatora drona.","breadcrumb":{"@id":"https:\/\/ironsky.pl\/sklep\/produkt\/modem-lte-dji-cellular-dongle-2\/#breadcrumb"},"inLanguage":"pl-PL","potentialAction":[{"@type":"ReadAction","target":["https:\/\/ironsky.pl\/sklep\/produkt\/modem-lte-dji-cellular-dongle-2\/"]}]},{"@type":"ImageObject","inLanguage":"pl-PL","@id":"https:\/\/ironsky.pl\/sklep\/produkt\/modem-lte-dji-cellular-dongle-2\/#primaryimage","url":"https:\/\/ironsky.pl\/sklep\/wp-content\/uploads\/2026\/04\/46789_8.jpg","contentUrl":"https:\/\/ironsky.pl\/sklep\/wp-content\/uploads\/2026\/04\/46789_8.jpg","width":800,"height":800},{"@type":"BreadcrumbList","@id":"https:\/\/ironsky.pl\/sklep\/produkt\/modem-lte-dji-cellular-dongle-2\/#breadcrumb","itemListElement":[{"@type":"ListItem","position":1,"name":"Strona g\u0142\u00f3wna","item":"https:\/\/ironsky.pl\/sklep\/"},{"@type":"ListItem","position":2,"name":"Wszystkie produkty","item":"https:\/\/ironsky.pl\/sklep\/produkty\/"},{"@type":"ListItem","position":3,"name":"Modem LTE DJI Cellular Dongle 2"}]},{"@type":"WebSite","@id":"https:\/\/ironsky.pl\/sklep\/#website","url":"https:\/\/ironsky.pl\/sklep\/","name":"IRONSKY.PL Sklep z Dronami","description":"IRONSKY.PL Sklep z Dronami","potentialAction":[{"@type":"SearchAction","target":{"@type":"EntryPoint","urlTemplate":"https:\/\/ironsky.pl\/sklep\/?s={search_term_string}"},"query-input":{"@type":"PropertyValueSpecification","valueRequired":true,"valueName":"search_term_string"}}],"inLanguage":"pl-PL"}]}},"_links":{"self":[{"href":"https:\/\/ironsky.pl\/sklep\/wp-json\/wp\/v2\/product\/59469","targetHints":{"allow":["GET"]}}],"collection":[{"href":"https:\/\/ironsky.pl\/sklep\/wp-json\/wp\/v2\/product"}],"about":[{"href":"https:\/\/ironsky.pl\/sklep\/wp-json\/wp\/v2\/types\/product"}],"replies":[{"embeddable":true,"href":"https:\/\/ironsky.pl\/sklep\/wp-json\/wp\/v2\/comments?post=59469"}],"wp:featuredmedia":[{"embeddable":true,"href":"https:\/\/ironsky.pl\/sklep\/wp-json\/wp\/v2\/media\/59470"}],"wp:attachment":[{"href":"https:\/\/ironsky.pl\/sklep\/wp-json\/wp\/v2\/media?parent=59469"}],"wp:term":[{"taxonomy":"product_brand","embeddable":true,"href":"https:\/\/ironsky.pl\/sklep\/wp-json\/wp\/v2\/product_brand?post=59469"},{"taxonomy":"product_cat","embeddable":true,"href":"https:\/\/ironsky.pl\/sklep\/wp-json\/wp\/v2\/product_cat?post=59469"},{"taxonomy":"product_tag","embeddable":true,"href":"https:\/\/ironsky.pl\/sklep\/wp-json\/wp\/v2\/product_tag?post=59469"}],"curies":[{"name":"wp","href":"https:\/\/api.w.org\/{rel}","templated":true}]}}