{"id":59466,"date":"2026-04-15T10:47:32","date_gmt":"2026-04-15T08:47:32","guid":{"rendered":"https:\/\/ironsky.pl\/sklep\/produkt\/smartfon-hotwav-cyber-15-czarny\/"},"modified":"2026-04-15T10:47:48","modified_gmt":"2026-04-15T08:47:48","slug":"smartfon-hotwav-cyber-15-czarny","status":"publish","type":"product","link":"https:\/\/ironsky.pl\/sklep\/produkt\/smartfon-hotwav-cyber-15-czarny\/","title":{"rendered":"Smartfon HOTWAV Cyber 15 (czarny)"},"content":{"rendered":"<h3>Smartfon HOTWAV Cyber 15 (czarny)<\/h3>\n<p>HOTWAV Cyber 15 to smartfon klasy premium, kt\u00f3ry redefiniuje poj\u0119cie wielofunkcyjno\u015bci i wydajno\u015bci. Wyposa\u017cony w pot\u0119\u017cny procesor Helio G99, 24GB pami\u0119ci RAM, ekran o rozdzielczo\u015bci 2K i aparat 200MP, Cyber 15 stanowi idealne po\u0142\u0105czenie stylu, mocy i innowacji. Ka\u017cdy element tego urz\u0105dzenia zosta\u0142 zaprojektowany, by oferowa\u0107 Ci do\u015bwiadczenie, jakiego do tej pory nie zazna\u0142e\u015b. Ten smartfon jest niezawodnym towarzyszem codziennych wyzwa\u0144 i przyg\u00f3d, kt\u00f3re warto uwieczni\u0107.<\/p>\n<p>\n<img decoding=\"async\" src=\"https:\/\/assets.innpro.pl\/9303\/10863\/1.jpg\" border=\"0\" alt=\"Ty\u0142 i prz\u00f3d smartfona HOTWAV na tle nocnego krajobrazu z g\u00f3rami i gwie\u017adzistym niebem.\" \/>\n<\/p>\n<h3>Niezr\u00f3wnany styl i wytrzyma\u0142o\u015b\u0107<\/h3>\n<p>HOTWAV Cyber 15 przyci\u0105ga uwag\u0119 smuk\u0142\u0105 sylwetk\u0105 (12,8 mm grubo\u015bci) i lekk\u0105 konstrukcj\u0105 (zaledwie 292 g). Wyj\u0105tkowy design podkre\u015bla jego luksusowy charakter. Urz\u0105dzenie jest wyposa\u017cone w wytrzyma\u0142e szk\u0142o Corning\u00ae Gorilla\u00ae Glass 3, kt\u00f3re chroni ekran przed zarysowaniami i uderzeniami, zapewniaj\u0105c jednocze\u015bnie doskona\u0142\u0105 jako\u015b\u0107 obrazu. Dodatkowo spe\u0142nia normy IP68 i IP69K oraz standard MIL-STD-810H, co czyni go odpornym na wod\u0119, kurz, wysokie ci\u015bnienie i ekstremalne temperatury. To prawdziwy wojownik w \u015bwiecie smartfon\u00f3w, kt\u00f3ry nie zawiedzie Ci\u0119 nawet w najtrudniejszych warunkach.<\/p>\n<p>\n<img decoding=\"async\" src=\"https:\/\/assets.innpro.pl\/9303\/10863\/3.jpg\" border=\"0\" alt=\"Wy\u015bwietlacz smartfona z na\u0142o\u017conym szk\u0142em hartowanym obok agresywnego goryla, symbolizuj\u0105cego wytrzyma\u0142o\u015b\u0107.\" \/>\n<\/p>\n<h3>Podw\u00f3jny wymiar interakcji<\/h3>\n<p>Cyber 15 wyposa\u017cony jest w imponuj\u0105cy 6,6-calowy wy\u015bwietlacz FHD+ o rozdzielczo\u015bci 2K (1080&#215;2408), kt\u00f3ry zapewnia niesamowit\u0105 klarowno\u015b\u0107 obrazu i \u017cywe kolory. Dzi\u0119ki cz\u0119stotliwo\u015bci od\u015bwie\u017cania 120 Hz ka\u017cdy ruch na ekranie jest p\u0142ynny, co czyni go idealnym wyborem dla graczy i mi\u0142o\u015bnik\u00f3w multimedi\u00f3w. Drugi, 1,45-calowy ekran dotykowy z ty\u0142u urz\u0105dzenia dodaje nowy wymiar interakcji \u2013 umo\u017cliwia kontrol\u0119 aplikacji, odbieranie po\u0142\u0105cze\u0144, sprawdzanie powiadomie\u0144 oraz monitorowanie stanu energii, czy te\u017c liczby krok\u00f3w. To praktyczne rozwi\u0105zanie, kt\u00f3re u\u0142atwia \u017cycie i zwi\u0119ksza efektywno\u015b\u0107.<\/p>\n<p>\n<img decoding=\"async\" src=\"https:\/\/assets.innpro.pl\/9303\/10863\/11.jpg\" border=\"0\" alt=\"Smartfon w uk\u0142adzie poziomym odtwarzaj\u0105cy film w jako\u015bci 2K na tle zimowego, g\u00f3rzystego krajobrazu.\" \/>\n<\/p>\n<h3>Perfekcyjne zdj\u0119cia w ka\u017cdych warunkach<\/h3>\n<p>HOTWAV Cyber 15 przenosi fotografi\u0119 mobiln\u0105 na wy\u017cszy poziom. G\u0142\u00f3wny aparat 200MP ISOCELL z technologi\u0105 PixSmart AI-Boost zapewnia niezr\u00f3wnan\u0105 jako\u015b\u0107 zdj\u0119\u0107, uchwycaj\u0105c najdrobniejsze szczeg\u00f3\u0142y w ka\u017cdym uj\u0119ciu. Dzi\u0119ki najmniejszemu na rynku rozmiarowi piksela 0 56\u03bcm kamera rejestruje wi\u0119cej \u015bwiat\u0142a, co przek\u0142ada si\u0119 na lepsze zdj\u0119cia w s\u0142abym o\u015bwietleniu. Technologia Super QPD Autofocus gwarantuje szybkie i precyzyjne ustawienie ostro\u015bci, a tryb Smart-ISO Pro i Staggered HDR oferuj\u0105 szeroki zakres dynamiczny i bogactwo kolor\u00f3w. Dodatkowo aparat przedni Sony 32MP i 24MP kamera do zdj\u0119\u0107 nocnych sprawiaj\u0105, \u017ce ka\u017cda chwila zostaje uchwycona w doskona\u0142ej jako\u015bci, niezale\u017cnie od warunk\u00f3w.<\/p>\n<p>\n<img decoding=\"async\" src=\"https:\/\/assets.innpro.pl\/9303\/10863\/7.jpg\" border=\"0\" alt=\"Zbli\u017cenie na ekran smartfona wy\u015bwietlaj\u0105cy kolorowe kamienice nad kana\u0142em w Amsterdamie.\" \/>\n<\/p>\n<h3>Niezawodna energia na ca\u0142y dzie\u0144<\/h3>\n<p>Pod mask\u0105 Cyber 15 kryje si\u0119 6nm, o\u015bmiordzeniowy procesor Helio G99, kt\u00f3ry zapewnia wyj\u0105tkow\u0105 wydajno\u015b\u0107 i p\u0142ynno\u015b\u0107 dzia\u0142ania. Dzi\u0119ki 24GB RAM (12GB RAM + 12GB rozszerzalnej VRAM) i 256GB pami\u0119ci wewn\u0119trznej urz\u0105dzenie jest gotowe na ka\u017cde wyzwanie \u2013 od intensywnego multitaskingu po wymagaj\u0105ce gry i aplikacje. Akumulator o pojemno\u015bci 6280mAh zapewnia d\u0142ugie godziny pracy na jednym \u0142adowaniu, a funkcja szybkiego \u0142adowania 33W pozwala b\u0142yskawicznie uzupe\u0142ni\u0107 energi\u0119. Funkcja \u0142adowania zwrotnego 10W umo\u017cliwia na\u0142adowanie innych urz\u0105dze\u0144 w razie potrzeby.<\/p>\n<p>\n<img decoding=\"async\" src=\"https:\/\/assets.innpro.pl\/9303\/10863\/4.jpg\" border=\"0\" alt=\"Wytrzyma\u0142y smartfon HOTWAV unosz\u0105cy si\u0119 w chmurze py\u0142u i od\u0142amk\u00f3w, podkre\u015blaj\u0105cy jego odporno\u015b\u0107 na trudne warunki.\" \/>\n<\/p>\n<h3>System pe\u0142en nowoczesnych rozwi\u0105za\u0144<\/h3>\n<p>Cyber 15 to tak\u017ce zaawansowane funkcje bezpiecze\u0144stwa i u\u017cytkowania, takie jak odblokowywanie twarz\u0105 i odciskiem palca, tryb obs\u0142ugi ekranu w r\u0119kawiczkach oraz funkcja DuraSpeed, kt\u00f3ra optymalizuje dzia\u0142anie urz\u0105dzenia i wyd\u0142u\u017ca jego \u017cywotno\u015b\u0107. System Android 13 zapewnia najnowsze funkcje i zabezpieczenia, umo\u017cliwiaj\u0105c spersonalizowane i bezpieczne do\u015bwiadczenie.<\/p>\n<p>\n<img decoding=\"async\" src=\"https:\/\/assets.innpro.pl\/9303\/10863\/12.jpg\" border=\"0\" alt=\"U\u015bmiechni\u0119ta kobieta w s\u0142uchawkach odpoczywaj\u0105ca w fotelu i trzymaj\u0105ca smartfon w uniesionej d\u0142oni.\" \/>\n<\/p>\n<h3>W zestawie<\/h3>\n<ul class=\"list-disc pl-5\">\n<li>Smartfon<\/li>\n<li>\u0141adowarka sieciowa<\/li>\n<li>Kabel USB-C<\/li>\n<li>Kabel OTG<\/li>\n<li>Instrukcja obs\u0142ugi<\/li>\n<\/ul>\n<div class=\"table-wrapper\">\n<p>\u00a0<\/p>\n<h3><\/h3>\n<table>\n<tbody>\n<tr>\n<th>Producent<\/th>\n<td>HOTWAV <\/td>\n<\/tr>\n<tr>\n<th>Model<\/th>\n<td>Cyber 15<\/td>\n<\/tr>\n<tr>\n<th>Wysoko\u015b\u0107: <\/th>\n<td>174,6 mm<\/td>\n<\/tr>\n<tr>\n<th>Grubo\u015b\u0107: <\/th>\n<td>12,8 mm<\/td>\n<\/tr>\n<tr>\n<th>Szeroko\u015b\u0107: <\/th>\n<td>82,3 mm<\/td>\n<\/tr>\n<tr>\n<th>Waga:<\/th>\n<td>292 g<\/td>\n<\/tr>\n<tr>\n<th>Kolor: <\/th>\n<td>Czarny<\/td>\n<\/tr>\n<tr>\n<th>Chipset: <\/th>\n<td>Helio G99<\/td>\n<\/tr>\n<tr>\n<th>Procesor: <\/th>\n<td>2x A76 2.0GHz + 6x A55 2.0GHz<\/td>\n<\/tr>\n<tr>\n<th>Pami\u0119\u0107 RAM: <\/th>\n<td>12GB + 12GB VRAM<\/td>\n<\/tr>\n<tr>\n<th>Rozszerzalna pami\u0119\u0107: <\/th>\n<td>do 2TB<\/td>\n<\/tr>\n<tr>\n<th>System operacyjny: <\/th>\n<td>Android 13.0<\/td>\n<\/tr>\n<tr>\n<th>GPU: <\/th>\n<td>Arm Mali-G57 MC2<\/td>\n<\/tr>\n<tr>\n<th>Pami\u0119\u0107 wewn\u0119trzna: <\/th>\n<td>256GB<\/td>\n<\/tr>\n<tr>\n<th>Bateria: <\/th>\n<td>6280mAh<\/td>\n<\/tr>\n<tr>\n<th>Wy\u015bwietlacz:<\/th>\n<td>G\u0142\u00f3wny: 6.6 cala, 2K (1080&#215;2408), 120Hz; Drugi: 1.45 cala, 240&#215;240<\/td>\n<\/tr>\n<tr>\n<th>Aparat:<\/th>\n<td>Tylny g\u0142\u00f3wny: 200MP ISOCELL; Tylny dodatkowy: 24MP (tryb nocny); Przedni: 32MP Sony<\/td>\n<\/tr>\n<tr>\n<th>\u0141\u0105czno\u015b\u0107:<\/th>\n<td>2G, 3G, 4G LTE (szczeg\u00f3\u0142owe pasma podane powy\u017cej), NFC, Bluetooth 5.1, WiFi 2.4+5GHz<\/td>\n<\/tr>\n<tr>\n<th>Nawigacja<\/th>\n<td>GPS, GLONASS, Beidou, Galileo<\/td>\n<\/tr>\n<tr>\n<th>Obs\u0142uga kart SIM<\/th>\n<td>2x Nano \/ 1x Nano + 1x TF Card<\/td>\n<\/tr>\n<\/tbody>\n<\/table>\n<\/div>\n","protected":false},"excerpt":{"rendered":"<p>Smartfon HOTWAV Cyber 15 (czarny) HOTWAV Cyber 15 to smartfon klasy premium, kt\u00f3ry redefiniuje poj\u0119cie wielofunkcyjno\u015bci i wydajno\u015bci. Wyposa\u017cony w<\/p>\n","protected":false},"featured_media":59467,"comment_status":"closed","ping_status":"open","template":"","meta":{"_acf_changed":false},"product_brand":[],"product_cat":[5929,6028],"product_tag":[],"class_list":{"0":"post-59466","1":"product","2":"type-product","3":"status-publish","4":"has-post-thumbnail","6":"product_cat-akcesoria-it","7":"product_cat-smartfony","8":"pa_okres-gwarancji-5757","9":"pa_producent-hotwav","11":"first","12":"outofstock","13":"taxable","14":"shipping-taxable","15":"purchasable","16":"product-type-simple"},"acf":[],"yoast_head":"<!-- This site is optimized with the Yoast SEO plugin v27.2 - https:\/\/yoast.com\/product\/yoast-seo-wordpress\/ -->\n<title>Smartfon HOTWAV Cyber 15 (czarny) - IRONSKY.PL Sklep z Dronami<\/title>\n<meta name=\"description\" content=\"Smartfon HOTWAV Cyber 15 (czarny) - \u2705 sklep z dronami i fachowym doradztwem. \u2705 Tutaj kupisz produkty DJI, Yuneec, Parrot, Syma i wiele innych, a tak\u017ce kursy i licencje na operatora drona.\" \/>\n<meta name=\"robots\" content=\"index, follow, max-snippet:-1, max-image-preview:large, max-video-preview:-1\" \/>\n<link rel=\"canonical\" href=\"https:\/\/ironsky.pl\/sklep\/produkt\/smartfon-hotwav-cyber-15-czarny\/\" \/>\n<meta property=\"og:locale\" content=\"pl_PL\" \/>\n<meta property=\"og:type\" content=\"article\" \/>\n<meta property=\"og:title\" content=\"Smartfon HOTWAV Cyber 15 (czarny) - IRONSKY.PL Sklep z Dronami\" \/>\n<meta property=\"og:description\" content=\"Smartfon HOTWAV Cyber 15 (czarny) - \u2705 sklep z dronami i fachowym doradztwem. \u2705 Tutaj kupisz produkty DJI, Yuneec, Parrot, Syma i wiele innych, a tak\u017ce kursy i licencje na operatora drona.\" \/>\n<meta property=\"og:url\" content=\"https:\/\/ironsky.pl\/sklep\/produkt\/smartfon-hotwav-cyber-15-czarny\/\" \/>\n<meta property=\"og:site_name\" content=\"IRONSKY.PL Sklep z Dronami\" \/>\n<meta property=\"article:modified_time\" content=\"2026-04-15T08:47:48+00:00\" \/>\n<meta property=\"og:image\" content=\"https:\/\/ironsky.pl\/sklep\/wp-content\/uploads\/2026\/04\/46763_9.jpg\" \/>\n\t<meta property=\"og:image:width\" content=\"800\" \/>\n\t<meta property=\"og:image:height\" content=\"800\" \/>\n\t<meta property=\"og:image:type\" content=\"image\/jpeg\" \/>\n<meta name=\"twitter:card\" content=\"summary_large_image\" \/>\n<meta name=\"twitter:label1\" content=\"Szacowany czas czytania\" \/>\n\t<meta name=\"twitter:data1\" content=\"3 minuty\" \/>\n<script type=\"application\/ld+json\" class=\"yoast-schema-graph\">{\"@context\":\"https:\/\/schema.org\",\"@graph\":[{\"@type\":\"WebPage\",\"@id\":\"https:\/\/ironsky.pl\/sklep\/produkt\/smartfon-hotwav-cyber-15-czarny\/\",\"url\":\"https:\/\/ironsky.pl\/sklep\/produkt\/smartfon-hotwav-cyber-15-czarny\/\",\"name\":\"Smartfon HOTWAV Cyber 15 (czarny) - IRONSKY.PL Sklep z Dronami\",\"isPartOf\":{\"@id\":\"https:\/\/ironsky.pl\/sklep\/#website\"},\"primaryImageOfPage\":{\"@id\":\"https:\/\/ironsky.pl\/sklep\/produkt\/smartfon-hotwav-cyber-15-czarny\/#primaryimage\"},\"image\":{\"@id\":\"https:\/\/ironsky.pl\/sklep\/produkt\/smartfon-hotwav-cyber-15-czarny\/#primaryimage\"},\"thumbnailUrl\":\"https:\/\/ironsky.pl\/sklep\/wp-content\/uploads\/2026\/04\/46763_9.jpg\",\"datePublished\":\"2026-04-15T08:47:32+00:00\",\"dateModified\":\"2026-04-15T08:47:48+00:00\",\"description\":\"Smartfon HOTWAV Cyber 15 (czarny) - \u2705 sklep z dronami i fachowym doradztwem. \u2705 Tutaj kupisz produkty DJI, Yuneec, Parrot, Syma i wiele innych, a tak\u017ce kursy i licencje na operatora drona.\",\"breadcrumb\":{\"@id\":\"https:\/\/ironsky.pl\/sklep\/produkt\/smartfon-hotwav-cyber-15-czarny\/#breadcrumb\"},\"inLanguage\":\"pl-PL\",\"potentialAction\":[{\"@type\":\"ReadAction\",\"target\":[\"https:\/\/ironsky.pl\/sklep\/produkt\/smartfon-hotwav-cyber-15-czarny\/\"]}]},{\"@type\":\"ImageObject\",\"inLanguage\":\"pl-PL\",\"@id\":\"https:\/\/ironsky.pl\/sklep\/produkt\/smartfon-hotwav-cyber-15-czarny\/#primaryimage\",\"url\":\"https:\/\/ironsky.pl\/sklep\/wp-content\/uploads\/2026\/04\/46763_9.jpg\",\"contentUrl\":\"https:\/\/ironsky.pl\/sklep\/wp-content\/uploads\/2026\/04\/46763_9.jpg\",\"width\":800,\"height\":800},{\"@type\":\"BreadcrumbList\",\"@id\":\"https:\/\/ironsky.pl\/sklep\/produkt\/smartfon-hotwav-cyber-15-czarny\/#breadcrumb\",\"itemListElement\":[{\"@type\":\"ListItem\",\"position\":1,\"name\":\"Strona g\u0142\u00f3wna\",\"item\":\"https:\/\/ironsky.pl\/sklep\/\"},{\"@type\":\"ListItem\",\"position\":2,\"name\":\"Wszystkie produkty\",\"item\":\"https:\/\/ironsky.pl\/sklep\/produkty\/\"},{\"@type\":\"ListItem\",\"position\":3,\"name\":\"Smartfon HOTWAV Cyber 15 (czarny)\"}]},{\"@type\":\"WebSite\",\"@id\":\"https:\/\/ironsky.pl\/sklep\/#website\",\"url\":\"https:\/\/ironsky.pl\/sklep\/\",\"name\":\"IRONSKY.PL Sklep z Dronami\",\"description\":\"IRONSKY.PL Sklep z Dronami\",\"potentialAction\":[{\"@type\":\"SearchAction\",\"target\":{\"@type\":\"EntryPoint\",\"urlTemplate\":\"https:\/\/ironsky.pl\/sklep\/?s={search_term_string}\"},\"query-input\":{\"@type\":\"PropertyValueSpecification\",\"valueRequired\":true,\"valueName\":\"search_term_string\"}}],\"inLanguage\":\"pl-PL\"}]}<\/script>\n<!-- \/ Yoast SEO plugin. -->","yoast_head_json":{"title":"Smartfon HOTWAV Cyber 15 (czarny) - IRONSKY.PL Sklep z Dronami","description":"Smartfon HOTWAV Cyber 15 (czarny) - \u2705 sklep z dronami i fachowym doradztwem. \u2705 Tutaj kupisz produkty DJI, Yuneec, Parrot, Syma i wiele innych, a tak\u017ce kursy i licencje na operatora drona.","robots":{"index":"index","follow":"follow","max-snippet":"max-snippet:-1","max-image-preview":"max-image-preview:large","max-video-preview":"max-video-preview:-1"},"canonical":"https:\/\/ironsky.pl\/sklep\/produkt\/smartfon-hotwav-cyber-15-czarny\/","og_locale":"pl_PL","og_type":"article","og_title":"Smartfon HOTWAV Cyber 15 (czarny) - IRONSKY.PL Sklep z Dronami","og_description":"Smartfon HOTWAV Cyber 15 (czarny) - \u2705 sklep z dronami i fachowym doradztwem. \u2705 Tutaj kupisz produkty DJI, Yuneec, Parrot, Syma i wiele innych, a tak\u017ce kursy i licencje na operatora drona.","og_url":"https:\/\/ironsky.pl\/sklep\/produkt\/smartfon-hotwav-cyber-15-czarny\/","og_site_name":"IRONSKY.PL Sklep z Dronami","article_modified_time":"2026-04-15T08:47:48+00:00","og_image":[{"width":800,"height":800,"url":"https:\/\/ironsky.pl\/sklep\/wp-content\/uploads\/2026\/04\/46763_9.jpg","type":"image\/jpeg"}],"twitter_card":"summary_large_image","twitter_misc":{"Szacowany czas czytania":"3 minuty"},"schema":{"@context":"https:\/\/schema.org","@graph":[{"@type":"WebPage","@id":"https:\/\/ironsky.pl\/sklep\/produkt\/smartfon-hotwav-cyber-15-czarny\/","url":"https:\/\/ironsky.pl\/sklep\/produkt\/smartfon-hotwav-cyber-15-czarny\/","name":"Smartfon HOTWAV Cyber 15 (czarny) - IRONSKY.PL Sklep z Dronami","isPartOf":{"@id":"https:\/\/ironsky.pl\/sklep\/#website"},"primaryImageOfPage":{"@id":"https:\/\/ironsky.pl\/sklep\/produkt\/smartfon-hotwav-cyber-15-czarny\/#primaryimage"},"image":{"@id":"https:\/\/ironsky.pl\/sklep\/produkt\/smartfon-hotwav-cyber-15-czarny\/#primaryimage"},"thumbnailUrl":"https:\/\/ironsky.pl\/sklep\/wp-content\/uploads\/2026\/04\/46763_9.jpg","datePublished":"2026-04-15T08:47:32+00:00","dateModified":"2026-04-15T08:47:48+00:00","description":"Smartfon HOTWAV Cyber 15 (czarny) - \u2705 sklep z dronami i fachowym doradztwem. \u2705 Tutaj kupisz produkty DJI, Yuneec, Parrot, Syma i wiele innych, a tak\u017ce kursy i licencje na operatora drona.","breadcrumb":{"@id":"https:\/\/ironsky.pl\/sklep\/produkt\/smartfon-hotwav-cyber-15-czarny\/#breadcrumb"},"inLanguage":"pl-PL","potentialAction":[{"@type":"ReadAction","target":["https:\/\/ironsky.pl\/sklep\/produkt\/smartfon-hotwav-cyber-15-czarny\/"]}]},{"@type":"ImageObject","inLanguage":"pl-PL","@id":"https:\/\/ironsky.pl\/sklep\/produkt\/smartfon-hotwav-cyber-15-czarny\/#primaryimage","url":"https:\/\/ironsky.pl\/sklep\/wp-content\/uploads\/2026\/04\/46763_9.jpg","contentUrl":"https:\/\/ironsky.pl\/sklep\/wp-content\/uploads\/2026\/04\/46763_9.jpg","width":800,"height":800},{"@type":"BreadcrumbList","@id":"https:\/\/ironsky.pl\/sklep\/produkt\/smartfon-hotwav-cyber-15-czarny\/#breadcrumb","itemListElement":[{"@type":"ListItem","position":1,"name":"Strona g\u0142\u00f3wna","item":"https:\/\/ironsky.pl\/sklep\/"},{"@type":"ListItem","position":2,"name":"Wszystkie produkty","item":"https:\/\/ironsky.pl\/sklep\/produkty\/"},{"@type":"ListItem","position":3,"name":"Smartfon HOTWAV Cyber 15 (czarny)"}]},{"@type":"WebSite","@id":"https:\/\/ironsky.pl\/sklep\/#website","url":"https:\/\/ironsky.pl\/sklep\/","name":"IRONSKY.PL Sklep z Dronami","description":"IRONSKY.PL Sklep z Dronami","potentialAction":[{"@type":"SearchAction","target":{"@type":"EntryPoint","urlTemplate":"https:\/\/ironsky.pl\/sklep\/?s={search_term_string}"},"query-input":{"@type":"PropertyValueSpecification","valueRequired":true,"valueName":"search_term_string"}}],"inLanguage":"pl-PL"}]}},"_links":{"self":[{"href":"https:\/\/ironsky.pl\/sklep\/wp-json\/wp\/v2\/product\/59466","targetHints":{"allow":["GET"]}}],"collection":[{"href":"https:\/\/ironsky.pl\/sklep\/wp-json\/wp\/v2\/product"}],"about":[{"href":"https:\/\/ironsky.pl\/sklep\/wp-json\/wp\/v2\/types\/product"}],"replies":[{"embeddable":true,"href":"https:\/\/ironsky.pl\/sklep\/wp-json\/wp\/v2\/comments?post=59466"}],"wp:featuredmedia":[{"embeddable":true,"href":"https:\/\/ironsky.pl\/sklep\/wp-json\/wp\/v2\/media\/59467"}],"wp:attachment":[{"href":"https:\/\/ironsky.pl\/sklep\/wp-json\/wp\/v2\/media?parent=59466"}],"wp:term":[{"taxonomy":"product_brand","embeddable":true,"href":"https:\/\/ironsky.pl\/sklep\/wp-json\/wp\/v2\/product_brand?post=59466"},{"taxonomy":"product_cat","embeddable":true,"href":"https:\/\/ironsky.pl\/sklep\/wp-json\/wp\/v2\/product_cat?post=59466"},{"taxonomy":"product_tag","embeddable":true,"href":"https:\/\/ironsky.pl\/sklep\/wp-json\/wp\/v2\/product_tag?post=59466"}],"curies":[{"name":"wp","href":"https:\/\/api.w.org\/{rel}","templated":true}]}}