{"id":59446,"date":"2026-04-15T10:47:32","date_gmt":"2026-04-15T08:47:32","guid":{"rendered":"https:\/\/ironsky.pl\/sklep\/produkt\/szklo-hartowane-telesin-do-insta360-x4-x5\/"},"modified":"2026-04-15T10:47:38","modified_gmt":"2026-04-15T08:47:38","slug":"szklo-hartowane-telesin-do-insta360-x4-x5","status":"publish","type":"product","link":"https:\/\/ironsky.pl\/sklep\/produkt\/szklo-hartowane-telesin-do-insta360-x4-x5\/","title":{"rendered":"Szk\u0142o hartowane TELESIN do Insta360 X4\/X5"},"content":{"rendered":"<h3>Folia ze szk\u0142a hartowanego dla Insta360 X4\/X5<\/h3>\n<p>Folia ze szk\u0142a hartowanego TELESIN do kamery Insta360 X4\/X5 to niezawodna os\u0142ona ekranu, zaprojektowana z my\u015bl\u0105 o zapewnieniu maksymalnej ochrony. Jej wielowarstwowa konstrukcja i wysokiej jako\u015bci materia\u0142, skutecznie chroni ekran przed zarysowaniami, zabrudzeniami i uszkodzeniami mechanicznymi, jednocze\u015bnie zapewniaj\u0105c klarowny obraz i pe\u0142n\u0105 funkcjonalno\u015b\u0107 dotykow\u0105. To idealne rozwi\u0105zanie dla u\u017cytkownik\u00f3w, kt\u00f3rzy chc\u0105 dba\u0107 o sw\u00f3j sprz\u0119t, nie rezygnuj\u0105c z jego pe\u0142nej wydajno\u015bci.<\/p>\n<p>\n<img decoding=\"async\" src=\"https:\/\/assets.innpro.pl\/9327\/10887\/3.jpg\" border=\"0\" alt=\"\" \/>\n<\/p>\n<h3>Niezawodna ochrona i wysoka jako\u015b\u0107 wykonania<\/h3>\n<p>Os\u0142ona ze szk\u0142a hartowanego TELESIN zosta\u0142a zaprojektowana, aby zapewni\u0107 najwy\u017csz\u0105 ochron\u0119 ekranu kamery Insta360 X4\/X5. Wykonana z niezwykle odpornego szk\u0142a hartowanego, os\u0142ona skutecznie chroni przed wszelkiego rodzaju uszkodzeniami mechanicznymi, takimi jak zarysowania czy p\u0119kni\u0119cia. Wielowarstwowy system pow\u0142ok przeciwodblaskowych dodatkowo zabezpiecza ekran przed promieniowaniem UV, co zapewnia klarowno\u015b\u0107 obrazu bez przebarwie\u0144.<\/p>\n<p>\n<img decoding=\"async\" src=\"https:\/\/assets.innpro.pl\/9327\/10887\/5.jpg\" border=\"0\" alt=\"\" \/>\n<\/p>\n<h3>Doskona\u0142a przepuszczalno\u015b\u0107 \u015bwiat\u0142a i komfort u\u017cytkowania<\/h3>\n<p>Jednym z najwa\u017cniejszych atut\u00f3w os\u0142ony TELESIN jest wysoki stopie\u0144 przepuszczalno\u015bci \u015bwiat\u0142a, wynosz\u0105cy ponad 99%. Dzi\u0119ki temu obraz na ekranie pozostaje niezwykle klarowny i pe\u0142en barw, a folia nie powoduje odbi\u0107 ani strat jako\u015bciowych. Co wi\u0119cej, os\u0142ona jest super cienka (zaledwie 0,33 mm), co nie wp\u0142ywa na czu\u0142o\u015b\u0107 i precyzj\u0119 funkcji dotykowej ekranu. U\u017cytkownicy mog\u0105 swobodnie korzysta\u0107 z ekranu dotykowego bez \u017cadnych ogranicze\u0144, co zwi\u0119ksza komfort i wygod\u0119 u\u017cytkowania kamery.<\/p>\n<p>\n<img decoding=\"async\" src=\"https:\/\/assets.innpro.pl\/9327\/10887\/1.jpg\" border=\"0\" alt=\"\" \/>\n<\/p>\n<h3>\u0141atwo\u015b\u0107 monta\u017cu i utrzymania<\/h3>\n<p>Folia ze szk\u0142a hartowanego TELESIN jest niezwykle prosta w monta\u017cu. Wystarczy zdj\u0105\u0107 foli\u0119 ochronn\u0105, przy\u0142o\u017cy\u0107 os\u0142on\u0119 do ekranu i delikatnie docisn\u0105\u0107, aby idealnie przylega\u0142a. Dodatkowo specjalnie profilowana i zakrzywiona konstrukcja, os\u0142ony idealnie dopasowuje si\u0119 do kszta\u0142tu ekranu Insta360 X4\/X5, nie pozostawiaj\u0105c p\u0119cherzyk\u00f3w powietrza i nie odstaj\u0105c od powierzchni. Co wi\u0119cej, folia nie zostawia \u015blad\u00f3w u\u017cytkowania, jest \u0142atwa do czyszczenia i nie niszczy ekranu, co zapewnia d\u0142ugotrwa\u0142e u\u017cytkowanie bez problem\u00f3w.<\/p>\n<p>\n<img decoding=\"async\" src=\"https:\/\/assets.innpro.pl\/9327\/10887\/4.jpg\" border=\"0\" alt=\"\" \/>\n<\/p>\n<h3>W zestawie<\/h3>\n<ul class=\"list-disc pl-5\">\n<li>Os\u0142ona na ekran LCD kamery<\/li>\n<li>\u015aciereczka czyszcz\u0105ca z mikrofibry wielokrotnego u\u017cytku<\/li>\n<li>\u015aciereczka czyszcz\u0105ca mokra jednokrotnego u\u017cytku<\/li>\n<li>Przylepce adhezyjne do usuwania plam<\/li>\n<li>Pude\u0142ko ochronne na zestaw<\/li>\n<\/ul>\n<div class=\"table-wrapper\">\n<p>\u00a0<\/p>\n<h3><\/h3>\n<table>\n<tbody>\n<tr>\n<th>Producent<\/th>\n<td>Telesin<\/td>\n<\/tr>\n<tr>\n<th>Nazwa<\/th>\n<td>Folia ze szk\u0142a hartowanego dla Insta360 X4\/X5<\/td>\n<\/tr>\n<tr>\n<th>Model<\/th>\n<td>S6-FLM-04-TIS<\/td>\n<\/tr>\n<tr>\n<th>Grubo\u015b\u0107 os\u0142ony<\/th>\n<td>0,33 mm<\/td>\n<\/tr>\n<tr>\n<th>Materia\u0142<\/th>\n<td>Szk\u0142o hartowane<\/td>\n<\/tr>\n<\/tbody>\n<\/table>\n<\/div>\n","protected":false},"excerpt":{"rendered":"<p>Folia ze szk\u0142a hartowanego dla Insta360 X4\/X5 Folia ze szk\u0142a hartowanego TELESIN do kamery Insta360 X4\/X5 to niezawodna os\u0142ona ekranu,<\/p>\n","protected":false},"featured_media":59447,"comment_status":"closed","ping_status":"open","template":"","meta":{"_acf_changed":false},"product_brand":[],"product_cat":[1130,1137,1128],"product_tag":[],"class_list":{"0":"post-59446","1":"product","2":"type-product","3":"status-publish","4":"has-post-thumbnail","6":"product_cat-akcesoria-foto","7":"product_cat-do-kamer-sportowych","8":"product_cat-foto-wideo","9":"pa_okres-gwarancji-5754","10":"pa_producent-telesin","12":"first","13":"outofstock","14":"taxable","15":"shipping-taxable","16":"purchasable","17":"product-type-simple"},"acf":[],"yoast_head":"<!-- This site is optimized with the Yoast SEO plugin v27.2 - https:\/\/yoast.com\/product\/yoast-seo-wordpress\/ -->\n<title>Szk\u0142o hartowane TELESIN do Insta360 X4\/X5 - IRONSKY.PL Sklep z Dronami<\/title>\n<meta name=\"description\" content=\"Szk\u0142o hartowane TELESIN do Insta360 X4\/X5 - \u2705 sklep z dronami i fachowym doradztwem. \u2705 Tutaj kupisz produkty DJI, Yuneec, Parrot, Syma i wiele innych, a tak\u017ce kursy i licencje na operatora drona.\" \/>\n<meta name=\"robots\" content=\"index, follow, max-snippet:-1, max-image-preview:large, max-video-preview:-1\" \/>\n<link rel=\"canonical\" href=\"https:\/\/ironsky.pl\/sklep\/produkt\/szklo-hartowane-telesin-do-insta360-x4-x5\/\" \/>\n<meta property=\"og:locale\" content=\"pl_PL\" \/>\n<meta property=\"og:type\" content=\"article\" \/>\n<meta property=\"og:title\" content=\"Szk\u0142o hartowane TELESIN do Insta360 X4\/X5 - IRONSKY.PL Sklep z Dronami\" \/>\n<meta property=\"og:description\" content=\"Szk\u0142o hartowane TELESIN do Insta360 X4\/X5 - \u2705 sklep z dronami i fachowym doradztwem. \u2705 Tutaj kupisz produkty DJI, Yuneec, Parrot, Syma i wiele innych, a tak\u017ce kursy i licencje na operatora drona.\" \/>\n<meta property=\"og:url\" content=\"https:\/\/ironsky.pl\/sklep\/produkt\/szklo-hartowane-telesin-do-insta360-x4-x5\/\" \/>\n<meta property=\"og:site_name\" content=\"IRONSKY.PL Sklep z Dronami\" \/>\n<meta property=\"article:modified_time\" content=\"2026-04-15T08:47:38+00:00\" \/>\n<meta property=\"og:image\" content=\"https:\/\/ironsky.pl\/sklep\/wp-content\/uploads\/2026\/04\/46757_1.jpg\" \/>\n\t<meta property=\"og:image:width\" content=\"800\" \/>\n\t<meta property=\"og:image:height\" content=\"800\" \/>\n\t<meta property=\"og:image:type\" content=\"image\/jpeg\" \/>\n<meta name=\"twitter:card\" content=\"summary_large_image\" \/>\n<meta name=\"twitter:label1\" content=\"Szacowany czas czytania\" \/>\n\t<meta name=\"twitter:data1\" content=\"2 minuty\" \/>\n<script type=\"application\/ld+json\" class=\"yoast-schema-graph\">{\"@context\":\"https:\/\/schema.org\",\"@graph\":[{\"@type\":\"WebPage\",\"@id\":\"https:\/\/ironsky.pl\/sklep\/produkt\/szklo-hartowane-telesin-do-insta360-x4-x5\/\",\"url\":\"https:\/\/ironsky.pl\/sklep\/produkt\/szklo-hartowane-telesin-do-insta360-x4-x5\/\",\"name\":\"Szk\u0142o hartowane TELESIN do Insta360 X4\/X5 - IRONSKY.PL Sklep z Dronami\",\"isPartOf\":{\"@id\":\"https:\/\/ironsky.pl\/sklep\/#website\"},\"primaryImageOfPage\":{\"@id\":\"https:\/\/ironsky.pl\/sklep\/produkt\/szklo-hartowane-telesin-do-insta360-x4-x5\/#primaryimage\"},\"image\":{\"@id\":\"https:\/\/ironsky.pl\/sklep\/produkt\/szklo-hartowane-telesin-do-insta360-x4-x5\/#primaryimage\"},\"thumbnailUrl\":\"https:\/\/ironsky.pl\/sklep\/wp-content\/uploads\/2026\/04\/46757_1.jpg\",\"datePublished\":\"2026-04-15T08:47:32+00:00\",\"dateModified\":\"2026-04-15T08:47:38+00:00\",\"description\":\"Szk\u0142o hartowane TELESIN do Insta360 X4\/X5 - \u2705 sklep z dronami i fachowym doradztwem. \u2705 Tutaj kupisz produkty DJI, Yuneec, Parrot, Syma i wiele innych, a tak\u017ce kursy i licencje na operatora drona.\",\"breadcrumb\":{\"@id\":\"https:\/\/ironsky.pl\/sklep\/produkt\/szklo-hartowane-telesin-do-insta360-x4-x5\/#breadcrumb\"},\"inLanguage\":\"pl-PL\",\"potentialAction\":[{\"@type\":\"ReadAction\",\"target\":[\"https:\/\/ironsky.pl\/sklep\/produkt\/szklo-hartowane-telesin-do-insta360-x4-x5\/\"]}]},{\"@type\":\"ImageObject\",\"inLanguage\":\"pl-PL\",\"@id\":\"https:\/\/ironsky.pl\/sklep\/produkt\/szklo-hartowane-telesin-do-insta360-x4-x5\/#primaryimage\",\"url\":\"https:\/\/ironsky.pl\/sklep\/wp-content\/uploads\/2026\/04\/46757_1.jpg\",\"contentUrl\":\"https:\/\/ironsky.pl\/sklep\/wp-content\/uploads\/2026\/04\/46757_1.jpg\",\"width\":800,\"height\":800},{\"@type\":\"BreadcrumbList\",\"@id\":\"https:\/\/ironsky.pl\/sklep\/produkt\/szklo-hartowane-telesin-do-insta360-x4-x5\/#breadcrumb\",\"itemListElement\":[{\"@type\":\"ListItem\",\"position\":1,\"name\":\"Strona g\u0142\u00f3wna\",\"item\":\"https:\/\/ironsky.pl\/sklep\/\"},{\"@type\":\"ListItem\",\"position\":2,\"name\":\"Wszystkie produkty\",\"item\":\"https:\/\/ironsky.pl\/sklep\/produkty\/\"},{\"@type\":\"ListItem\",\"position\":3,\"name\":\"Szk\u0142o hartowane TELESIN do Insta360 X4\/X5\"}]},{\"@type\":\"WebSite\",\"@id\":\"https:\/\/ironsky.pl\/sklep\/#website\",\"url\":\"https:\/\/ironsky.pl\/sklep\/\",\"name\":\"IRONSKY.PL Sklep z Dronami\",\"description\":\"IRONSKY.PL Sklep z Dronami\",\"potentialAction\":[{\"@type\":\"SearchAction\",\"target\":{\"@type\":\"EntryPoint\",\"urlTemplate\":\"https:\/\/ironsky.pl\/sklep\/?s={search_term_string}\"},\"query-input\":{\"@type\":\"PropertyValueSpecification\",\"valueRequired\":true,\"valueName\":\"search_term_string\"}}],\"inLanguage\":\"pl-PL\"}]}<\/script>\n<!-- \/ Yoast SEO plugin. -->","yoast_head_json":{"title":"Szk\u0142o hartowane TELESIN do Insta360 X4\/X5 - IRONSKY.PL Sklep z Dronami","description":"Szk\u0142o hartowane TELESIN do Insta360 X4\/X5 - \u2705 sklep z dronami i fachowym doradztwem. \u2705 Tutaj kupisz produkty DJI, Yuneec, Parrot, Syma i wiele innych, a tak\u017ce kursy i licencje na operatora drona.","robots":{"index":"index","follow":"follow","max-snippet":"max-snippet:-1","max-image-preview":"max-image-preview:large","max-video-preview":"max-video-preview:-1"},"canonical":"https:\/\/ironsky.pl\/sklep\/produkt\/szklo-hartowane-telesin-do-insta360-x4-x5\/","og_locale":"pl_PL","og_type":"article","og_title":"Szk\u0142o hartowane TELESIN do Insta360 X4\/X5 - IRONSKY.PL Sklep z Dronami","og_description":"Szk\u0142o hartowane TELESIN do Insta360 X4\/X5 - \u2705 sklep z dronami i fachowym doradztwem. \u2705 Tutaj kupisz produkty DJI, Yuneec, Parrot, Syma i wiele innych, a tak\u017ce kursy i licencje na operatora drona.","og_url":"https:\/\/ironsky.pl\/sklep\/produkt\/szklo-hartowane-telesin-do-insta360-x4-x5\/","og_site_name":"IRONSKY.PL Sklep z Dronami","article_modified_time":"2026-04-15T08:47:38+00:00","og_image":[{"width":800,"height":800,"url":"https:\/\/ironsky.pl\/sklep\/wp-content\/uploads\/2026\/04\/46757_1.jpg","type":"image\/jpeg"}],"twitter_card":"summary_large_image","twitter_misc":{"Szacowany czas czytania":"2 minuty"},"schema":{"@context":"https:\/\/schema.org","@graph":[{"@type":"WebPage","@id":"https:\/\/ironsky.pl\/sklep\/produkt\/szklo-hartowane-telesin-do-insta360-x4-x5\/","url":"https:\/\/ironsky.pl\/sklep\/produkt\/szklo-hartowane-telesin-do-insta360-x4-x5\/","name":"Szk\u0142o hartowane TELESIN do Insta360 X4\/X5 - IRONSKY.PL Sklep z Dronami","isPartOf":{"@id":"https:\/\/ironsky.pl\/sklep\/#website"},"primaryImageOfPage":{"@id":"https:\/\/ironsky.pl\/sklep\/produkt\/szklo-hartowane-telesin-do-insta360-x4-x5\/#primaryimage"},"image":{"@id":"https:\/\/ironsky.pl\/sklep\/produkt\/szklo-hartowane-telesin-do-insta360-x4-x5\/#primaryimage"},"thumbnailUrl":"https:\/\/ironsky.pl\/sklep\/wp-content\/uploads\/2026\/04\/46757_1.jpg","datePublished":"2026-04-15T08:47:32+00:00","dateModified":"2026-04-15T08:47:38+00:00","description":"Szk\u0142o hartowane TELESIN do Insta360 X4\/X5 - \u2705 sklep z dronami i fachowym doradztwem. \u2705 Tutaj kupisz produkty DJI, Yuneec, Parrot, Syma i wiele innych, a tak\u017ce kursy i licencje na operatora drona.","breadcrumb":{"@id":"https:\/\/ironsky.pl\/sklep\/produkt\/szklo-hartowane-telesin-do-insta360-x4-x5\/#breadcrumb"},"inLanguage":"pl-PL","potentialAction":[{"@type":"ReadAction","target":["https:\/\/ironsky.pl\/sklep\/produkt\/szklo-hartowane-telesin-do-insta360-x4-x5\/"]}]},{"@type":"ImageObject","inLanguage":"pl-PL","@id":"https:\/\/ironsky.pl\/sklep\/produkt\/szklo-hartowane-telesin-do-insta360-x4-x5\/#primaryimage","url":"https:\/\/ironsky.pl\/sklep\/wp-content\/uploads\/2026\/04\/46757_1.jpg","contentUrl":"https:\/\/ironsky.pl\/sklep\/wp-content\/uploads\/2026\/04\/46757_1.jpg","width":800,"height":800},{"@type":"BreadcrumbList","@id":"https:\/\/ironsky.pl\/sklep\/produkt\/szklo-hartowane-telesin-do-insta360-x4-x5\/#breadcrumb","itemListElement":[{"@type":"ListItem","position":1,"name":"Strona g\u0142\u00f3wna","item":"https:\/\/ironsky.pl\/sklep\/"},{"@type":"ListItem","position":2,"name":"Wszystkie produkty","item":"https:\/\/ironsky.pl\/sklep\/produkty\/"},{"@type":"ListItem","position":3,"name":"Szk\u0142o hartowane TELESIN do Insta360 X4\/X5"}]},{"@type":"WebSite","@id":"https:\/\/ironsky.pl\/sklep\/#website","url":"https:\/\/ironsky.pl\/sklep\/","name":"IRONSKY.PL Sklep z Dronami","description":"IRONSKY.PL Sklep z Dronami","potentialAction":[{"@type":"SearchAction","target":{"@type":"EntryPoint","urlTemplate":"https:\/\/ironsky.pl\/sklep\/?s={search_term_string}"},"query-input":{"@type":"PropertyValueSpecification","valueRequired":true,"valueName":"search_term_string"}}],"inLanguage":"pl-PL"}]}},"_links":{"self":[{"href":"https:\/\/ironsky.pl\/sklep\/wp-json\/wp\/v2\/product\/59446","targetHints":{"allow":["GET"]}}],"collection":[{"href":"https:\/\/ironsky.pl\/sklep\/wp-json\/wp\/v2\/product"}],"about":[{"href":"https:\/\/ironsky.pl\/sklep\/wp-json\/wp\/v2\/types\/product"}],"replies":[{"embeddable":true,"href":"https:\/\/ironsky.pl\/sklep\/wp-json\/wp\/v2\/comments?post=59446"}],"wp:featuredmedia":[{"embeddable":true,"href":"https:\/\/ironsky.pl\/sklep\/wp-json\/wp\/v2\/media\/59447"}],"wp:attachment":[{"href":"https:\/\/ironsky.pl\/sklep\/wp-json\/wp\/v2\/media?parent=59446"}],"wp:term":[{"taxonomy":"product_brand","embeddable":true,"href":"https:\/\/ironsky.pl\/sklep\/wp-json\/wp\/v2\/product_brand?post=59446"},{"taxonomy":"product_cat","embeddable":true,"href":"https:\/\/ironsky.pl\/sklep\/wp-json\/wp\/v2\/product_cat?post=59446"},{"taxonomy":"product_tag","embeddable":true,"href":"https:\/\/ironsky.pl\/sklep\/wp-json\/wp\/v2\/product_tag?post=59446"}],"curies":[{"name":"wp","href":"https:\/\/api.w.org\/{rel}","templated":true}]}}