{"id":59437,"date":"2026-04-15T10:47:32","date_gmt":"2026-04-15T08:47:32","guid":{"rendered":"https:\/\/ironsky.pl\/sklep\/produkt\/walizka-pgytech-dji-avata-2\/"},"modified":"2026-04-15T10:47:33","modified_gmt":"2026-04-15T08:47:33","slug":"walizka-pgytech-dji-avata-2","status":"publish","type":"product","link":"https:\/\/ironsky.pl\/sklep\/produkt\/walizka-pgytech-dji-avata-2\/","title":{"rendered":"Walizka PGYTECH DJI Avata 2"},"content":{"rendered":"<h3>Walizka PGYTech do DJI Avata 2<\/h3>\n<p>Szukasz sposobu na wygodny, a zarazem bezpieczny transport swojego drona DJI Avata 2? Pojemna walizka PGYTECH z pewno\u015bci\u0105 Ci si\u0119 przyda! Stopie\u0144 ochrony IP67 oznacza jej wodoodporno\u015b\u0107, a dzi\u0119ki zastosowaniu wytrzyma\u0142ych materia\u0142\u00f3w niestraszne jej wstrz\u0105sy i uderzenia. Specjalnie zaprojektowane przegr\u00f3dki u\u0142atwi\u0105 Ci zachowanie porz\u0105dku, a wbudowany zaw\u00f3r ci\u015bnieniowy zwi\u0119ksza bezpiecze\u0144stwo u\u017cytkowania niemal w ka\u017cdych warunkach.<\/p>\n<p>\n<img decoding=\"async\" src=\"https:\/\/assets.innpro.pl\/9200\/10741\/5.jpg\" border=\"0\" \/>\n<\/p>\n<h3>Optymalna organizacja przestrzeni dzi\u0119ki specjalnym przegr\u00f3dkom<\/h3>\n<p>Walizka umo\u017cliwia wygodne przechowywanie zestawu DJI Avata 2. Ju\u017c nie musisz transportowa\u0107 drona i akcesori\u00f3w oddzielnie! Dzi\u0119ki starannie przemy\u015blanej konstrukcji produktu z \u0142atwo\u015bci\u0105 zadbasz o porz\u0105dek. Walizka ma specjalne przegr\u00f3dki mi\u0119dzy innymi na DJI Avata 2, inteligentne akumulatory, filtry, kable i hub \u0142adowania. Zmie\u015bcisz w niej r\u00f3wnie\u017c aparatur\u0119 steruj\u0105c\u0105. Przechowuj\u0105c w niej urz\u0105dzenia, nie musisz nawet demontowa\u0107 \u015bmigie\u0142 i dr\u0105\u017ck\u00f3w!<\/p>\n<p>\n<img decoding=\"async\" src=\"https:\/\/assets.innpro.pl\/9200\/10741\/3.jpg\" border=\"0\" \/>\n<\/p>\n<h3>Niezr\u00f3wnana stabilno\u015b\u0107<\/h3>\n<p>Przegr\u00f3dki w walizce nie tylko pozwalaj\u0105 optymalnie zorganizowa\u0107 przestrze\u0144, ale te\u017c dodatkowo zabezpieczaj\u0105 umieszczone w nich urz\u0105dzenia. Wysokiej klasy g\u0105bka EVA idealnie przylega do drona i akcesori\u00f3w, zapobiegaj\u0105c ich wypadaniu i zapewniaj\u0105c im ochron\u0119 przed wstrz\u0105sami. Dzi\u0119ki temu mo\u017cesz mie\u0107 pewno\u015b\u0107, \u017ce Tw\u00f3j sprz\u0119t stabilnie pozostanie na swoim miejscu \u2013 nawet podczas jazdy na wyboistej drodze!<\/p>\n<p>\n<img decoding=\"async\" src=\"https:\/\/assets.innpro.pl\/9200\/10741\/6.jpg\" border=\"0\" \/>\n<\/p>\n<h3>Sprawdzi si\u0119 niemal w ka\u017cdych warunkach<\/h3>\n<p>Z walizk\u0105 PGYTECH niestraszne Ci nawet ekstremalne warunki pogodowe. Wodoodporno\u015b\u0107 IP67 oznacza, \u017ce mo\u017cesz bez obaw zanurzy\u0107 j\u0105 na g\u0142\u0119boko\u015b\u0107 do 1 m \u2013 woda nie przedostanie si\u0119 do jej wn\u0119trza! Produkt zosta\u0142 te\u017c wyposa\u017cony w specjalny zaw\u00f3r, kt\u00f3ry umo\u017cliwia jego bezpieczne otwieranie r\u00f3wnie\u017c przy du\u017cych r\u00f3\u017cnicach ci\u015bnienia spowodowanych na przyk\u0142ad przez zmiany wysoko\u015bci. Zabierz swojego drona na kolejn\u0105 wypraw\u0119 i miej pewno\u015b\u0107, \u017ce podczas transportu nic mu nie grozi!<\/p>\n<p>\n<img decoding=\"async\" src=\"https:\/\/assets.innpro.pl\/9200\/10741\/2.jpg\" border=\"0\" \/>\n<\/p>\n<h3>Ochrona przed kradzie\u017c\u0105<\/h3>\n<p>Produkt pozwoli Ci r\u00f3wnie\u017c zabezpieczy\u0107 drona przed kradzie\u017c\u0105. Zosta\u0142 wyposa\u017cony w specjalnie wzmocnione blokady, kt\u00f3re zapewni\u0105 mu niezawodne zamkni\u0119cie, a jednocze\u015bnie pozwol\u0105 Ci wygodnie go otworzy\u0107. Co wi\u0119cej, podw\u00f3jne otwory umo\u017cliwiaj\u0105 wykorzystanie dodatkowych k\u0142\u00f3dek. W ten spos\u00f3b jeszcze lepiej ochronisz sw\u00f3j sprz\u0119t przed dostaniem si\u0119 w niepo\u017c\u0105dane r\u0119ce i b\u0119dziesz cieszy\u0107 si\u0119 spokojem ducha!<\/p>\n<p>\n<img decoding=\"async\" src=\"https:\/\/assets.innpro.pl\/9200\/10741\/4.jpg\" border=\"0\" \/>\n<\/p>\n<h3>Praktyczna i wytrzyma\u0142a<\/h3>\n<p>Ta praktyczna walizka b\u0119dzie doskonale Ci s\u0142u\u017cy\u0107 przez d\u0142ugie lata. Zosta\u0142a wykonana z wytrzyma\u0142ych, odpornych na uszkodzenia materia\u0142\u00f3w. Dzi\u0119ki temu jest wyj\u0105tkowo ma\u0142o podatna na korozj\u0119 i zu\u017cycie, mo\u017cesz te\u017c bez obaw u\u017cywa\u0107 jej r\u00f3wnie\u017c w ekstremalnych temperaturach \u2013 od -25\u00b0C do nawet 60\u00b0C. Przenoszenie walizki u\u0142atwi Ci ergonomiczny, antypo\u015blizgowy uchwyt.<\/p>\n<p>\n<img decoding=\"async\" src=\"https:\/\/assets.innpro.pl\/9200\/10741\/1.jpg\" border=\"0\" \/>\n<\/p>\n<div class=\"table-wrapper\">\n<p>\u00a0<\/p>\n<h3><\/h3>\n<table>\n<tbody>\n<tr>\n<th>Producent<\/th>\n<td>PGYTECH<\/td>\n<\/tr>\n<tr>\n<th>Model<\/th>\n<td>P-54C-010<\/td>\n<\/tr>\n<tr>\n<th>Materia\u0142<\/th>\n<td>PP + EVA<\/td>\n<\/tr>\n<tr>\n<th>Waga<\/th>\n<td>2,6 kg<\/td>\n<\/tr>\n<tr>\n<th>Wymiary<\/th>\n<td>410 mm x 330 mm x 165 mm<\/td>\n<\/tr>\n<tr>\n<th>Kompatybilno\u015b\u0107 <\/th>\n<td>DJI Avata 2<\/td>\n<\/tr>\n<\/tbody>\n<\/table>\n<\/div>\n","protected":false},"excerpt":{"rendered":"<p>Walizka PGYTech do DJI Avata 2 Szukasz sposobu na wygodny, a zarazem bezpieczny transport swojego drona DJI Avata 2? Pojemna<\/p>\n","protected":false},"featured_media":59438,"comment_status":"closed","ping_status":"open","template":"","meta":{"_acf_changed":false},"product_brand":[],"product_cat":[6167,1088,6171],"product_tag":[],"class_list":{"0":"post-59437","1":"product","2":"type-product","3":"status-publish","4":"has-post-thumbnail","6":"product_cat-akcesoria-do-dronow","7":"product_cat-drony","8":"product_cat-torby-i-walizki","9":"pa_okres-gwarancji-5757","10":"pa_producent-pgytech","12":"first","13":"outofstock","14":"taxable","15":"shipping-taxable","16":"purchasable","17":"product-type-simple"},"acf":[],"yoast_head":"<!-- This site is optimized with the Yoast SEO plugin v27.2 - https:\/\/yoast.com\/product\/yoast-seo-wordpress\/ -->\n<title>Walizka PGYTECH DJI Avata 2 - IRONSKY.PL Sklep z Dronami<\/title>\n<meta name=\"description\" content=\"Walizka PGYTECH DJI Avata 2 - \u2705 sklep z dronami i fachowym doradztwem. \u2705 Tutaj kupisz produkty DJI, Yuneec, Parrot, Syma i wiele innych, a tak\u017ce kursy i licencje na operatora drona.\" \/>\n<meta name=\"robots\" content=\"index, follow, max-snippet:-1, max-image-preview:large, max-video-preview:-1\" \/>\n<link rel=\"canonical\" href=\"https:\/\/ironsky.pl\/sklep\/produkt\/walizka-pgytech-dji-avata-2\/\" \/>\n<meta property=\"og:locale\" content=\"pl_PL\" \/>\n<meta property=\"og:type\" content=\"article\" \/>\n<meta property=\"og:title\" content=\"Walizka PGYTECH DJI Avata 2 - IRONSKY.PL Sklep z Dronami\" \/>\n<meta property=\"og:description\" content=\"Walizka PGYTECH DJI Avata 2 - \u2705 sklep z dronami i fachowym doradztwem. \u2705 Tutaj kupisz produkty DJI, Yuneec, Parrot, Syma i wiele innych, a tak\u017ce kursy i licencje na operatora drona.\" \/>\n<meta property=\"og:url\" content=\"https:\/\/ironsky.pl\/sklep\/produkt\/walizka-pgytech-dji-avata-2\/\" \/>\n<meta property=\"og:site_name\" content=\"IRONSKY.PL Sklep z Dronami\" \/>\n<meta property=\"article:modified_time\" content=\"2026-04-15T08:47:33+00:00\" \/>\n<meta property=\"og:image\" content=\"https:\/\/ironsky.pl\/sklep\/wp-content\/uploads\/2026\/04\/46738_1.jpg\" \/>\n\t<meta property=\"og:image:width\" content=\"800\" \/>\n\t<meta property=\"og:image:height\" content=\"800\" \/>\n\t<meta property=\"og:image:type\" content=\"image\/jpeg\" \/>\n<meta name=\"twitter:card\" content=\"summary_large_image\" \/>\n<meta name=\"twitter:label1\" content=\"Szacowany czas czytania\" \/>\n\t<meta name=\"twitter:data1\" content=\"2 minuty\" \/>\n<script type=\"application\/ld+json\" class=\"yoast-schema-graph\">{\"@context\":\"https:\/\/schema.org\",\"@graph\":[{\"@type\":\"WebPage\",\"@id\":\"https:\/\/ironsky.pl\/sklep\/produkt\/walizka-pgytech-dji-avata-2\/\",\"url\":\"https:\/\/ironsky.pl\/sklep\/produkt\/walizka-pgytech-dji-avata-2\/\",\"name\":\"Walizka PGYTECH DJI Avata 2 - IRONSKY.PL Sklep z Dronami\",\"isPartOf\":{\"@id\":\"https:\/\/ironsky.pl\/sklep\/#website\"},\"primaryImageOfPage\":{\"@id\":\"https:\/\/ironsky.pl\/sklep\/produkt\/walizka-pgytech-dji-avata-2\/#primaryimage\"},\"image\":{\"@id\":\"https:\/\/ironsky.pl\/sklep\/produkt\/walizka-pgytech-dji-avata-2\/#primaryimage\"},\"thumbnailUrl\":\"https:\/\/ironsky.pl\/sklep\/wp-content\/uploads\/2026\/04\/46738_1.jpg\",\"datePublished\":\"2026-04-15T08:47:32+00:00\",\"dateModified\":\"2026-04-15T08:47:33+00:00\",\"description\":\"Walizka PGYTECH DJI Avata 2 - \u2705 sklep z dronami i fachowym doradztwem. \u2705 Tutaj kupisz produkty DJI, Yuneec, Parrot, Syma i wiele innych, a tak\u017ce kursy i licencje na operatora drona.\",\"breadcrumb\":{\"@id\":\"https:\/\/ironsky.pl\/sklep\/produkt\/walizka-pgytech-dji-avata-2\/#breadcrumb\"},\"inLanguage\":\"pl-PL\",\"potentialAction\":[{\"@type\":\"ReadAction\",\"target\":[\"https:\/\/ironsky.pl\/sklep\/produkt\/walizka-pgytech-dji-avata-2\/\"]}]},{\"@type\":\"ImageObject\",\"inLanguage\":\"pl-PL\",\"@id\":\"https:\/\/ironsky.pl\/sklep\/produkt\/walizka-pgytech-dji-avata-2\/#primaryimage\",\"url\":\"https:\/\/ironsky.pl\/sklep\/wp-content\/uploads\/2026\/04\/46738_1.jpg\",\"contentUrl\":\"https:\/\/ironsky.pl\/sklep\/wp-content\/uploads\/2026\/04\/46738_1.jpg\",\"width\":800,\"height\":800},{\"@type\":\"BreadcrumbList\",\"@id\":\"https:\/\/ironsky.pl\/sklep\/produkt\/walizka-pgytech-dji-avata-2\/#breadcrumb\",\"itemListElement\":[{\"@type\":\"ListItem\",\"position\":1,\"name\":\"Strona g\u0142\u00f3wna\",\"item\":\"https:\/\/ironsky.pl\/sklep\/\"},{\"@type\":\"ListItem\",\"position\":2,\"name\":\"Wszystkie produkty\",\"item\":\"https:\/\/ironsky.pl\/sklep\/produkty\/\"},{\"@type\":\"ListItem\",\"position\":3,\"name\":\"Walizka PGYTECH DJI Avata 2\"}]},{\"@type\":\"WebSite\",\"@id\":\"https:\/\/ironsky.pl\/sklep\/#website\",\"url\":\"https:\/\/ironsky.pl\/sklep\/\",\"name\":\"IRONSKY.PL Sklep z Dronami\",\"description\":\"IRONSKY.PL Sklep z Dronami\",\"potentialAction\":[{\"@type\":\"SearchAction\",\"target\":{\"@type\":\"EntryPoint\",\"urlTemplate\":\"https:\/\/ironsky.pl\/sklep\/?s={search_term_string}\"},\"query-input\":{\"@type\":\"PropertyValueSpecification\",\"valueRequired\":true,\"valueName\":\"search_term_string\"}}],\"inLanguage\":\"pl-PL\"}]}<\/script>\n<!-- \/ Yoast SEO plugin. -->","yoast_head_json":{"title":"Walizka PGYTECH DJI Avata 2 - IRONSKY.PL Sklep z Dronami","description":"Walizka PGYTECH DJI Avata 2 - \u2705 sklep z dronami i fachowym doradztwem. \u2705 Tutaj kupisz produkty DJI, Yuneec, Parrot, Syma i wiele innych, a tak\u017ce kursy i licencje na operatora drona.","robots":{"index":"index","follow":"follow","max-snippet":"max-snippet:-1","max-image-preview":"max-image-preview:large","max-video-preview":"max-video-preview:-1"},"canonical":"https:\/\/ironsky.pl\/sklep\/produkt\/walizka-pgytech-dji-avata-2\/","og_locale":"pl_PL","og_type":"article","og_title":"Walizka PGYTECH DJI Avata 2 - IRONSKY.PL Sklep z Dronami","og_description":"Walizka PGYTECH DJI Avata 2 - \u2705 sklep z dronami i fachowym doradztwem. \u2705 Tutaj kupisz produkty DJI, Yuneec, Parrot, Syma i wiele innych, a tak\u017ce kursy i licencje na operatora drona.","og_url":"https:\/\/ironsky.pl\/sklep\/produkt\/walizka-pgytech-dji-avata-2\/","og_site_name":"IRONSKY.PL Sklep z Dronami","article_modified_time":"2026-04-15T08:47:33+00:00","og_image":[{"width":800,"height":800,"url":"https:\/\/ironsky.pl\/sklep\/wp-content\/uploads\/2026\/04\/46738_1.jpg","type":"image\/jpeg"}],"twitter_card":"summary_large_image","twitter_misc":{"Szacowany czas czytania":"2 minuty"},"schema":{"@context":"https:\/\/schema.org","@graph":[{"@type":"WebPage","@id":"https:\/\/ironsky.pl\/sklep\/produkt\/walizka-pgytech-dji-avata-2\/","url":"https:\/\/ironsky.pl\/sklep\/produkt\/walizka-pgytech-dji-avata-2\/","name":"Walizka PGYTECH DJI Avata 2 - IRONSKY.PL Sklep z Dronami","isPartOf":{"@id":"https:\/\/ironsky.pl\/sklep\/#website"},"primaryImageOfPage":{"@id":"https:\/\/ironsky.pl\/sklep\/produkt\/walizka-pgytech-dji-avata-2\/#primaryimage"},"image":{"@id":"https:\/\/ironsky.pl\/sklep\/produkt\/walizka-pgytech-dji-avata-2\/#primaryimage"},"thumbnailUrl":"https:\/\/ironsky.pl\/sklep\/wp-content\/uploads\/2026\/04\/46738_1.jpg","datePublished":"2026-04-15T08:47:32+00:00","dateModified":"2026-04-15T08:47:33+00:00","description":"Walizka PGYTECH DJI Avata 2 - \u2705 sklep z dronami i fachowym doradztwem. \u2705 Tutaj kupisz produkty DJI, Yuneec, Parrot, Syma i wiele innych, a tak\u017ce kursy i licencje na operatora drona.","breadcrumb":{"@id":"https:\/\/ironsky.pl\/sklep\/produkt\/walizka-pgytech-dji-avata-2\/#breadcrumb"},"inLanguage":"pl-PL","potentialAction":[{"@type":"ReadAction","target":["https:\/\/ironsky.pl\/sklep\/produkt\/walizka-pgytech-dji-avata-2\/"]}]},{"@type":"ImageObject","inLanguage":"pl-PL","@id":"https:\/\/ironsky.pl\/sklep\/produkt\/walizka-pgytech-dji-avata-2\/#primaryimage","url":"https:\/\/ironsky.pl\/sklep\/wp-content\/uploads\/2026\/04\/46738_1.jpg","contentUrl":"https:\/\/ironsky.pl\/sklep\/wp-content\/uploads\/2026\/04\/46738_1.jpg","width":800,"height":800},{"@type":"BreadcrumbList","@id":"https:\/\/ironsky.pl\/sklep\/produkt\/walizka-pgytech-dji-avata-2\/#breadcrumb","itemListElement":[{"@type":"ListItem","position":1,"name":"Strona g\u0142\u00f3wna","item":"https:\/\/ironsky.pl\/sklep\/"},{"@type":"ListItem","position":2,"name":"Wszystkie produkty","item":"https:\/\/ironsky.pl\/sklep\/produkty\/"},{"@type":"ListItem","position":3,"name":"Walizka PGYTECH DJI Avata 2"}]},{"@type":"WebSite","@id":"https:\/\/ironsky.pl\/sklep\/#website","url":"https:\/\/ironsky.pl\/sklep\/","name":"IRONSKY.PL Sklep z Dronami","description":"IRONSKY.PL Sklep z Dronami","potentialAction":[{"@type":"SearchAction","target":{"@type":"EntryPoint","urlTemplate":"https:\/\/ironsky.pl\/sklep\/?s={search_term_string}"},"query-input":{"@type":"PropertyValueSpecification","valueRequired":true,"valueName":"search_term_string"}}],"inLanguage":"pl-PL"}]}},"_links":{"self":[{"href":"https:\/\/ironsky.pl\/sklep\/wp-json\/wp\/v2\/product\/59437","targetHints":{"allow":["GET"]}}],"collection":[{"href":"https:\/\/ironsky.pl\/sklep\/wp-json\/wp\/v2\/product"}],"about":[{"href":"https:\/\/ironsky.pl\/sklep\/wp-json\/wp\/v2\/types\/product"}],"replies":[{"embeddable":true,"href":"https:\/\/ironsky.pl\/sklep\/wp-json\/wp\/v2\/comments?post=59437"}],"wp:featuredmedia":[{"embeddable":true,"href":"https:\/\/ironsky.pl\/sklep\/wp-json\/wp\/v2\/media\/59438"}],"wp:attachment":[{"href":"https:\/\/ironsky.pl\/sklep\/wp-json\/wp\/v2\/media?parent=59437"}],"wp:term":[{"taxonomy":"product_brand","embeddable":true,"href":"https:\/\/ironsky.pl\/sklep\/wp-json\/wp\/v2\/product_brand?post=59437"},{"taxonomy":"product_cat","embeddable":true,"href":"https:\/\/ironsky.pl\/sklep\/wp-json\/wp\/v2\/product_cat?post=59437"},{"taxonomy":"product_tag","embeddable":true,"href":"https:\/\/ironsky.pl\/sklep\/wp-json\/wp\/v2\/product_tag?post=59437"}],"curies":[{"name":"wp","href":"https:\/\/api.w.org\/{rel}","templated":true}]}}