{"id":59436,"date":"2026-04-15T10:47:32","date_gmt":"2026-04-15T08:47:32","guid":{"rendered":"https:\/\/ironsky.pl\/sklep\/produkt\/latarka-superfire-j05-380450lm-2\/"},"modified":"2026-04-15T10:47:32","modified_gmt":"2026-04-15T08:47:32","slug":"latarka-superfire-j05-380450lm-2","status":"publish","type":"product","link":"https:\/\/ironsky.pl\/sklep\/produkt\/latarka-superfire-j05-380450lm-2\/","title":{"rendered":"Latarka SUPERFIRE J05 380+450lm"},"content":{"rendered":"<h3>Latarka Superfire J05, 380+450 lm, 4 tryby<\/h3>\n<p>Superfire J05 to praktyczna latarka o wielu funkcjach, kt\u00f3ra idealnie sprawdzi si\u0119 zar\u00f3wno w codziennym u\u017cytkowaniu, jak i w sytuacjach awaryjnych. Wyposa\u017cona w magnetyczn\u0105 podstaw\u0119, mo\u017ce by\u0107 przymocowana do metalowych powierzchni, co pozwala na wygodne o\u015bwietlenie przestrzeni. Mo\u017ce tak\u017ce pe\u0142ni\u0107 rol\u0119 powerbanku i odnowi\u0107 energi\u0119 urz\u0105dze\u0144 o niskim napi\u0119ciu np. smartfona. Dodatkowo pos\u0142u\u017cy jako tymczasowe \u015bwiat\u0142o ostrzegawcze, co czyni j\u0105 niezwykle przydatn\u0105 podczas prac technicznych, napraw samochodowych czy w trakcie wypraw na \u015bwie\u017cym powietrzu.<\/p>\n<p>\n<img decoding=\"async\" src=\"https:\/\/assets.innpro.pl\/9641\/11249\/5.jpg\" border=\"0\" alt=\"Zbli\u017cenie na magnetyczny ogon \u0142adowarki Superfire J05, do kt\u00f3rego przyczepione s\u0105 \u015bruby.\" \/>\n<\/p>\n<h3>Kompaktowy design<\/h3>\n<p>Latarka zosta\u0142a zaprojektowana z my\u015bl\u0105 o maksymalnej wygodzie. Wyposa\u017cona w klips do paska oraz smycz, mo\u017ce by\u0107 przymocowana do odzie\u017cy lub plecaka, co sprawia, \u017ce jest idealnym towarzyszem w podr\u00f3\u017cy. Co wi\u0119cej, niewielka waga i kompaktowe wymiary u\u0142atwiaj\u0105 transport i przechowywanie latarki \u2013 mo\u017cesz j\u0105 mie\u0107 przy sobie zawsze. Ogon latarki jest magnetycznie zasysany, co pozbywa Ci\u0119 konieczno\u015bci korzystania z r\u0105k. Powsta\u0142a z wysokiej jako\u015bci stopu aluminium, kt\u00f3re jest odporne na wod\u0119 oraz upadki.<\/p>\n<p>\n<img decoding=\"async\" src=\"https:\/\/assets.innpro.pl\/9641\/11249\/3.jpg\" border=\"0\" alt=\"Zbli\u017cenie na g\u0142owic\u0119 latarki Superfire J05.\" \/>\n<\/p>\n<h3>Kilka tryb\u00f3w pracy<\/h3>\n<p>Superfire J05 oferuje cztery \u017ae\u00f3d\u0142a \u015bwiat\u0142a (bia\u0142e, \u017c\u00f3\u0142te, fioletowe, czerwone) z mo\u017cliwo\u015bci\u0105 ustawienia wielu poziom\u00f3w jasno\u015bci wedle Twoich preferencji. Mo\u017cesz tak\u017ce regulowa\u0107 jasno\u015b\u0107 g\u0142\u00f3wnego \u015bwiat\u0142a na 2 poziomach. Te r\u00f3\u017cnorodne opcje sprawiaj\u0105, \u017ce latarka mo\u017ce by\u0107 u\u017cywana w szerokim zakresie sytuacji, od precyzyjnych zada\u0144 wymagaj\u0105cych silnego strumienia \u015bwiat\u0142a, po sytuacje wymagaj\u0105ce subtelniejszego o\u015bwietlenia. Ka\u017cdy z tryb\u00f3w mo\u017cna \u0142atwo prze\u0142\u0105czy\u0107 za pomoc\u0105 dedykowanych przycisk\u00f3w, co czyni obs\u0142ug\u0119 latarki intuicyjn\u0105 i wygodn\u0105.<\/p>\n<p>\n<img decoding=\"async\" src=\"https:\/\/assets.innpro.pl\/9641\/11249\/4.jpg\" border=\"0\" alt=\"Latarka Superfire J05 o\u015bwietlaj\u0105ca drog\u0119 jasnym, \u017c\u00f3\u0142tym \u015bwiat\u0142em.\" \/>\n<\/p>\n<h3>Wysoki wsp\u00f3\u0142czynnik odwzorowania barw (CRI)<\/h3>\n<p>Dzi\u0119ki zastosowaniu technologii o wysokim wsp\u00f3\u0142czynniku odwzorowania barw CRI \u2265 96% (Colour Rendering Index, za jego pomoc\u0105 okre\u015bla si\u0119, jak wiernie \u017ar\u00f3d\u0142o \u015bwiat\u0142a oddaje rzeczywiste kolory o\u015bwietlanych przedmiot\u00f3w w por\u00f3wnaniu do \u015bwiat\u0142a s\u0142onecznego), latarka Superfire J05 oferuje wyj\u0105tkow\u0105 jako\u015b\u0107 o\u015bwietlenia. Bia\u0142e \u015bwiat\u0142o mo\u017ce by\u0107 u\u017cywane do konwencjonalnego o\u015bwietlenia, \u017c\u00f3\u0142te \u015bwiat\u0142o do sprawdzania zadrapa\u0144, naprawy farby i wype\u0142niania \u015bwiat\u0142a do robienia zdj\u0119\u0107, fioletowe \u015bwiat\u0142o (UV, ultrafiolet) wykrywa zarazki i sprawdza p\u0119kni\u0119cia, a czerwone \u015bwiat\u0142o sprawdzi si\u0119 w dermokosmetyce lub do polowania i hodowli. W por\u00f3wnaniu do standardowych \u017ar\u00f3de\u0142 \u015bwiat\u0142a latarka z wysokim CRI dok\u0142adnie oddaje rzeczywiste kolory o\u015bwietlanych obiekt\u00f3w, co jest nieocenione podczas precyzyjnych prac technicznych.<\/p>\n<p>\n<img decoding=\"async\" src=\"https:\/\/assets.innpro.pl\/9641\/11249\/6.jpg\" border=\"0\" alt=\"Dwie latarki Superfire J05 stoj\u0105ce obok siebie na tle ska\u0142.\" \/>\n<\/p>\n<h3>Wykrywanie bakterii i o\u015bwietlenie UV<\/h3>\n<p>Superfire J05 jest wyposa\u017cona w \u015bwiat\u0142o UV o d\u0142ugo\u015bci fali 365 nm, kt\u00f3re mo\u017ce by\u0107 u\u017cywane do wykrywania bakterii i zanieczyszcze\u0144. To narz\u0119dzie sprawdzi si\u0119 nie tylko w bran\u017cy technicznej, ale r\u00f3wnie\u017c w codziennym u\u017cytkowaniu, np. do sprawdzania czysto\u015bci powierzchni, identyfikacji zanieczyszcze\u0144 czy diagnostyki technicznej.<\/p>\n<p>\n<img decoding=\"async\" src=\"https:\/\/assets.innpro.pl\/9641\/11249\/7.jpg\" border=\"0\" alt=\"Latarka Superfire J05 zasilana za pomoc\u0105 kabla USB.\" \/>\n<\/p>\n<h3>\u0141adowanie przez z\u0142\u0105cze USB-C i wska\u017anik na\u0142adowania<\/h3>\n<p>Latarka Superfire J05 wykorzystuje port \u0142adowania USB-C (Universal Serial Bus, standard interfejsu u\u017cywany do zasilania urz\u0105dze\u0144 elektronicznych, oraz do transferu plik\u00f3w), co zapewnia zgodno\u015b\u0107 z wi\u0119kszo\u015bci\u0105 dost\u0119pnych na rynku kabli \u0142adowania. Wbudowany wska\u017anik pozwala na monitorowanie poziomu na\u0142adowania, a diody LED (Light Emitting Diode, dioda elektroluminescencyjna) sygnalizuj\u0105 stopie\u0144 na\u0142adowania. Wbudowany system ochrony przed prze\u0142adowaniem oraz przed nadmiernym roz\u0142adowaniem zwi\u0119ksza bezpiecze\u0144stwo u\u017cytkowania. Latarka posiada tak\u017ce interfejs USB-A, kt\u00f3ry mo\u017ce \u0142adowa\u0107 niekt\u00f3re niskonapi\u0119ciowe produkty elektroniczne.<\/p>\n<p>\n<img decoding=\"async\" src=\"https:\/\/assets.innpro.pl\/9641\/11249\/2.jpg\" border=\"0\" alt=\"Zbli\u017cenie na latark\u0119 Superfire J05, do kt\u00f3rej pod\u0142\u0105czony jest kabel USB.\" \/>\n<\/p>\n<h3>Zabezpieczenia i trwa\u0142o\u015b\u0107<\/h3>\n<p>Latarka J05 zosta\u0142a wyposa\u017cona w r\u00f3\u017cne zabezpieczenia, kt\u00f3re zapewniaj\u0105 bezpiecze\u0144stwo u\u017cytkowania. Oferuje ochron\u0119 przed prze\u0142adowaniem, nadmiernym roz\u0142adowaniem, odwrotnym pod\u0142\u0105czeniem baterii, oszcz\u0119dzaniem energii oraz wy\u0142\u0105czaniem przy niskim napi\u0119ciu. Te zabezpieczenia sprawiaj\u0105, \u017ce latarka jest nie tylko funkcjonalna, ale r\u00f3wnie\u017c bezpieczna w d\u0142ugotrwa\u0142ym u\u017cytkowaniu. <\/p>\n<p>\n<img decoding=\"async\" src=\"https:\/\/assets.innpro.pl\/9641\/11249\/1.jpg\" border=\"0\" alt=\"Latarka Superfire J05 uderzaj\u0105ca o ciemne ska\u0142ki. \" \/>\n<\/p>\n<h3>W zestawie<\/h3>\n<ul class=\"list-disc pl-5\">\n<li>latarka<\/li>\n<li>pasek na nadgarstek<\/li>\n<li>kabel USB-C<\/li>\n<li>bateria<\/li>\n<li>instrukcja obs\u0142ugi<\/li>\n<\/ul>\n<div class=\"table-wrapper\">\n<p>\u00a0<\/p>\n<h3><\/h3>\n<table>\n<tbody>\n<tr>\n<th>Producent<\/th>\n<td>Superfire<\/td>\n<\/tr>\n<tr>\n<th>Model<\/th>\n<td>J05<\/td>\n<\/tr>\n<tr>\n<th>Kolor<\/th>\n<td>czarny<\/td>\n<\/tr>\n<tr>\n<th>Wymiary<\/th>\n<td>24 x 24 x 148 mm<\/td>\n<\/tr>\n<tr>\n<th>Moc<\/th>\n<td>7W + 5W (max)<\/td>\n<\/tr>\n<tr>\n<th>Napi\u0119cie<\/th>\n<td>DC 3.7V<\/td>\n<\/tr>\n<tr>\n<th>Waga<\/th>\n<td>88 g<\/td>\n<\/tr>\n<tr>\n<th>\u015awiat\u0142o LED<\/th>\n<td>bia\u0142e, czerwone, UV 365 nm<\/td>\n<\/tr>\n<tr>\n<th>Materia\u0142<\/th>\n<td>stop aluminium<\/td>\n<\/tr>\n<tr>\n<th>Odporno\u015b\u0107 na upadki<\/th>\n<td>1 m<\/td>\n<\/tr>\n<tr>\n<th>Wodoodporno\u015b\u0107<\/th>\n<td>IP43<\/td>\n<\/tr>\n<tr>\n<th>Bateria<\/th>\n<td>18650<\/td>\n<\/tr>\n<tr>\n<th>Czas pracy<\/th>\n<td>2.5 h<\/td>\n<\/tr>\n<tr>\n<th>Czas \u0142adowania<\/th>\n<td>2 h<\/td>\n<\/tr>\n<tr>\n<th>Jasno\u015b\u0107<\/th>\n<td>380+450 lm<\/td>\n<\/tr>\n<\/tbody>\n<\/table>\n<\/div>\n","protected":false},"excerpt":{"rendered":"<p>Latarka Superfire J05, 380+450 lm, 4 tryby Superfire J05 to praktyczna latarka o wielu funkcjach, kt\u00f3ra idealnie sprawdzi si\u0119 zar\u00f3wno<\/p>\n","protected":false},"featured_media":45821,"comment_status":"closed","ping_status":"open","template":"","meta":{"_acf_changed":false},"product_brand":[],"product_cat":[5938,5937,5939],"product_tag":[],"class_list":{"0":"post-59436","1":"product","2":"type-product","3":"status-publish","4":"has-post-thumbnail","6":"product_cat-latarki","7":"product_cat-outdoor","8":"product_cat-pozostale-latarki","9":"pa_okres-gwarancji-5754","10":"pa_producent-superfire","12":"first","13":"outofstock","14":"taxable","15":"shipping-taxable","16":"purchasable","17":"product-type-simple"},"acf":[],"yoast_head":"<!-- This site is optimized with the Yoast SEO plugin v27.2 - https:\/\/yoast.com\/product\/yoast-seo-wordpress\/ -->\n<title>Latarka SUPERFIRE J05 380+450lm - IRONSKY.PL Sklep z Dronami<\/title>\n<meta name=\"description\" content=\"Latarka SUPERFIRE J05 380+450lm - \u2705 sklep z dronami i fachowym doradztwem. \u2705 Tutaj kupisz produkty DJI, Yuneec, Parrot, Syma i wiele innych, a tak\u017ce kursy i licencje na operatora drona.\" \/>\n<meta name=\"robots\" content=\"index, follow, max-snippet:-1, max-image-preview:large, max-video-preview:-1\" \/>\n<link rel=\"canonical\" href=\"https:\/\/ironsky.pl\/sklep\/produkt\/latarka-superfire-j05-380450lm-2\/\" \/>\n<meta property=\"og:locale\" content=\"pl_PL\" \/>\n<meta property=\"og:type\" content=\"article\" \/>\n<meta property=\"og:title\" content=\"Latarka SUPERFIRE J05 380+450lm - IRONSKY.PL Sklep z Dronami\" \/>\n<meta property=\"og:description\" content=\"Latarka SUPERFIRE J05 380+450lm - \u2705 sklep z dronami i fachowym doradztwem. \u2705 Tutaj kupisz produkty DJI, Yuneec, Parrot, Syma i wiele innych, a tak\u017ce kursy i licencje na operatora drona.\" \/>\n<meta property=\"og:url\" content=\"https:\/\/ironsky.pl\/sklep\/produkt\/latarka-superfire-j05-380450lm-2\/\" \/>\n<meta property=\"og:site_name\" content=\"IRONSKY.PL Sklep z Dronami\" \/>\n<meta property=\"og:image\" content=\"https:\/\/ironsky.pl\/sklep\/wp-content\/uploads\/2025\/06\/46722_2.jpg\" \/>\n\t<meta property=\"og:image:width\" content=\"800\" \/>\n\t<meta property=\"og:image:height\" content=\"800\" \/>\n\t<meta property=\"og:image:type\" content=\"image\/jpeg\" \/>\n<meta name=\"twitter:card\" content=\"summary_large_image\" \/>\n<meta name=\"twitter:label1\" content=\"Szacowany czas czytania\" \/>\n\t<meta name=\"twitter:data1\" content=\"3 minuty\" \/>\n<script type=\"application\/ld+json\" class=\"yoast-schema-graph\">{\"@context\":\"https:\/\/schema.org\",\"@graph\":[{\"@type\":\"WebPage\",\"@id\":\"https:\/\/ironsky.pl\/sklep\/produkt\/latarka-superfire-j05-380450lm-2\/\",\"url\":\"https:\/\/ironsky.pl\/sklep\/produkt\/latarka-superfire-j05-380450lm-2\/\",\"name\":\"Latarka SUPERFIRE J05 380+450lm - IRONSKY.PL Sklep z Dronami\",\"isPartOf\":{\"@id\":\"https:\/\/ironsky.pl\/sklep\/#website\"},\"primaryImageOfPage\":{\"@id\":\"https:\/\/ironsky.pl\/sklep\/produkt\/latarka-superfire-j05-380450lm-2\/#primaryimage\"},\"image\":{\"@id\":\"https:\/\/ironsky.pl\/sklep\/produkt\/latarka-superfire-j05-380450lm-2\/#primaryimage\"},\"thumbnailUrl\":\"https:\/\/ironsky.pl\/sklep\/wp-content\/uploads\/2025\/06\/46722_2.jpg\",\"datePublished\":\"2026-04-15T08:47:32+00:00\",\"description\":\"Latarka SUPERFIRE J05 380+450lm - \u2705 sklep z dronami i fachowym doradztwem. \u2705 Tutaj kupisz produkty DJI, Yuneec, Parrot, Syma i wiele innych, a tak\u017ce kursy i licencje na operatora drona.\",\"breadcrumb\":{\"@id\":\"https:\/\/ironsky.pl\/sklep\/produkt\/latarka-superfire-j05-380450lm-2\/#breadcrumb\"},\"inLanguage\":\"pl-PL\",\"potentialAction\":[{\"@type\":\"ReadAction\",\"target\":[\"https:\/\/ironsky.pl\/sklep\/produkt\/latarka-superfire-j05-380450lm-2\/\"]}]},{\"@type\":\"ImageObject\",\"inLanguage\":\"pl-PL\",\"@id\":\"https:\/\/ironsky.pl\/sklep\/produkt\/latarka-superfire-j05-380450lm-2\/#primaryimage\",\"url\":\"https:\/\/ironsky.pl\/sklep\/wp-content\/uploads\/2025\/06\/46722_2.jpg\",\"contentUrl\":\"https:\/\/ironsky.pl\/sklep\/wp-content\/uploads\/2025\/06\/46722_2.jpg\",\"width\":800,\"height\":800},{\"@type\":\"BreadcrumbList\",\"@id\":\"https:\/\/ironsky.pl\/sklep\/produkt\/latarka-superfire-j05-380450lm-2\/#breadcrumb\",\"itemListElement\":[{\"@type\":\"ListItem\",\"position\":1,\"name\":\"Strona g\u0142\u00f3wna\",\"item\":\"https:\/\/ironsky.pl\/sklep\/\"},{\"@type\":\"ListItem\",\"position\":2,\"name\":\"Wszystkie produkty\",\"item\":\"https:\/\/ironsky.pl\/sklep\/produkty\/\"},{\"@type\":\"ListItem\",\"position\":3,\"name\":\"Latarka SUPERFIRE J05 380+450lm\"}]},{\"@type\":\"WebSite\",\"@id\":\"https:\/\/ironsky.pl\/sklep\/#website\",\"url\":\"https:\/\/ironsky.pl\/sklep\/\",\"name\":\"IRONSKY.PL Sklep z Dronami\",\"description\":\"IRONSKY.PL Sklep z Dronami\",\"potentialAction\":[{\"@type\":\"SearchAction\",\"target\":{\"@type\":\"EntryPoint\",\"urlTemplate\":\"https:\/\/ironsky.pl\/sklep\/?s={search_term_string}\"},\"query-input\":{\"@type\":\"PropertyValueSpecification\",\"valueRequired\":true,\"valueName\":\"search_term_string\"}}],\"inLanguage\":\"pl-PL\"}]}<\/script>\n<!-- \/ Yoast SEO plugin. -->","yoast_head_json":{"title":"Latarka SUPERFIRE J05 380+450lm - IRONSKY.PL Sklep z Dronami","description":"Latarka SUPERFIRE J05 380+450lm - \u2705 sklep z dronami i fachowym doradztwem. \u2705 Tutaj kupisz produkty DJI, Yuneec, Parrot, Syma i wiele innych, a tak\u017ce kursy i licencje na operatora drona.","robots":{"index":"index","follow":"follow","max-snippet":"max-snippet:-1","max-image-preview":"max-image-preview:large","max-video-preview":"max-video-preview:-1"},"canonical":"https:\/\/ironsky.pl\/sklep\/produkt\/latarka-superfire-j05-380450lm-2\/","og_locale":"pl_PL","og_type":"article","og_title":"Latarka SUPERFIRE J05 380+450lm - IRONSKY.PL Sklep z Dronami","og_description":"Latarka SUPERFIRE J05 380+450lm - \u2705 sklep z dronami i fachowym doradztwem. \u2705 Tutaj kupisz produkty DJI, Yuneec, Parrot, Syma i wiele innych, a tak\u017ce kursy i licencje na operatora drona.","og_url":"https:\/\/ironsky.pl\/sklep\/produkt\/latarka-superfire-j05-380450lm-2\/","og_site_name":"IRONSKY.PL Sklep z Dronami","og_image":[{"width":800,"height":800,"url":"https:\/\/ironsky.pl\/sklep\/wp-content\/uploads\/2025\/06\/46722_2.jpg","type":"image\/jpeg"}],"twitter_card":"summary_large_image","twitter_misc":{"Szacowany czas czytania":"3 minuty"},"schema":{"@context":"https:\/\/schema.org","@graph":[{"@type":"WebPage","@id":"https:\/\/ironsky.pl\/sklep\/produkt\/latarka-superfire-j05-380450lm-2\/","url":"https:\/\/ironsky.pl\/sklep\/produkt\/latarka-superfire-j05-380450lm-2\/","name":"Latarka SUPERFIRE J05 380+450lm - IRONSKY.PL Sklep z Dronami","isPartOf":{"@id":"https:\/\/ironsky.pl\/sklep\/#website"},"primaryImageOfPage":{"@id":"https:\/\/ironsky.pl\/sklep\/produkt\/latarka-superfire-j05-380450lm-2\/#primaryimage"},"image":{"@id":"https:\/\/ironsky.pl\/sklep\/produkt\/latarka-superfire-j05-380450lm-2\/#primaryimage"},"thumbnailUrl":"https:\/\/ironsky.pl\/sklep\/wp-content\/uploads\/2025\/06\/46722_2.jpg","datePublished":"2026-04-15T08:47:32+00:00","description":"Latarka SUPERFIRE J05 380+450lm - \u2705 sklep z dronami i fachowym doradztwem. \u2705 Tutaj kupisz produkty DJI, Yuneec, Parrot, Syma i wiele innych, a tak\u017ce kursy i licencje na operatora drona.","breadcrumb":{"@id":"https:\/\/ironsky.pl\/sklep\/produkt\/latarka-superfire-j05-380450lm-2\/#breadcrumb"},"inLanguage":"pl-PL","potentialAction":[{"@type":"ReadAction","target":["https:\/\/ironsky.pl\/sklep\/produkt\/latarka-superfire-j05-380450lm-2\/"]}]},{"@type":"ImageObject","inLanguage":"pl-PL","@id":"https:\/\/ironsky.pl\/sklep\/produkt\/latarka-superfire-j05-380450lm-2\/#primaryimage","url":"https:\/\/ironsky.pl\/sklep\/wp-content\/uploads\/2025\/06\/46722_2.jpg","contentUrl":"https:\/\/ironsky.pl\/sklep\/wp-content\/uploads\/2025\/06\/46722_2.jpg","width":800,"height":800},{"@type":"BreadcrumbList","@id":"https:\/\/ironsky.pl\/sklep\/produkt\/latarka-superfire-j05-380450lm-2\/#breadcrumb","itemListElement":[{"@type":"ListItem","position":1,"name":"Strona g\u0142\u00f3wna","item":"https:\/\/ironsky.pl\/sklep\/"},{"@type":"ListItem","position":2,"name":"Wszystkie produkty","item":"https:\/\/ironsky.pl\/sklep\/produkty\/"},{"@type":"ListItem","position":3,"name":"Latarka SUPERFIRE J05 380+450lm"}]},{"@type":"WebSite","@id":"https:\/\/ironsky.pl\/sklep\/#website","url":"https:\/\/ironsky.pl\/sklep\/","name":"IRONSKY.PL Sklep z Dronami","description":"IRONSKY.PL Sklep z Dronami","potentialAction":[{"@type":"SearchAction","target":{"@type":"EntryPoint","urlTemplate":"https:\/\/ironsky.pl\/sklep\/?s={search_term_string}"},"query-input":{"@type":"PropertyValueSpecification","valueRequired":true,"valueName":"search_term_string"}}],"inLanguage":"pl-PL"}]}},"_links":{"self":[{"href":"https:\/\/ironsky.pl\/sklep\/wp-json\/wp\/v2\/product\/59436","targetHints":{"allow":["GET"]}}],"collection":[{"href":"https:\/\/ironsky.pl\/sklep\/wp-json\/wp\/v2\/product"}],"about":[{"href":"https:\/\/ironsky.pl\/sklep\/wp-json\/wp\/v2\/types\/product"}],"replies":[{"embeddable":true,"href":"https:\/\/ironsky.pl\/sklep\/wp-json\/wp\/v2\/comments?post=59436"}],"wp:featuredmedia":[{"embeddable":true,"href":"https:\/\/ironsky.pl\/sklep\/wp-json\/wp\/v2\/media\/45821"}],"wp:attachment":[{"href":"https:\/\/ironsky.pl\/sklep\/wp-json\/wp\/v2\/media?parent=59436"}],"wp:term":[{"taxonomy":"product_brand","embeddable":true,"href":"https:\/\/ironsky.pl\/sklep\/wp-json\/wp\/v2\/product_brand?post=59436"},{"taxonomy":"product_cat","embeddable":true,"href":"https:\/\/ironsky.pl\/sklep\/wp-json\/wp\/v2\/product_cat?post=59436"},{"taxonomy":"product_tag","embeddable":true,"href":"https:\/\/ironsky.pl\/sklep\/wp-json\/wp\/v2\/product_tag?post=59436"}],"curies":[{"name":"wp","href":"https:\/\/api.w.org\/{rel}","templated":true}]}}