{"id":59434,"date":"2026-04-15T10:46:48","date_gmt":"2026-04-15T08:46:48","guid":{"rendered":"https:\/\/ironsky.pl\/sklep\/produkt\/zestaw-4g-dongle-kit-z-uchwytem-montazowym-dji-matrice-350-rtk-2\/"},"modified":"2026-04-15T10:47:29","modified_gmt":"2026-04-15T08:47:29","slug":"zestaw-4g-dongle-kit-z-uchwytem-montazowym-dji-matrice-350-rtk-2","status":"publish","type":"product","link":"https:\/\/ironsky.pl\/sklep\/produkt\/zestaw-4g-dongle-kit-z-uchwytem-montazowym-dji-matrice-350-rtk-2\/","title":{"rendered":"Zestaw 4G Dongle Kit z uchwytem monta\u017cowym DJI Matrice 350 RTK"},"content":{"rendered":"<h3>Zestaw 4G Dongle Kit z uchwytem monta\u017cowym DJI Matrice 350 RTK<\/h3>\n<p>Zestaw ten zawiera klucz sprz\u0119towy DJI Cellular Dongle i uchwyt monta\u017cowy,\u00a0dzi\u0119ki kt\u00f3rem dron mo\u017ce uzyska\u0107 dost\u0119p\u00a0do sieci 4G w\u00a0korzystaj\u0105c z funkcji ulepszonej transmisji (Enhanced Transmission) w po\u0142\u0105czeniu z aparatur\u0105 zdalnego sterowania pod\u0142\u0105czon\u0105 do Internetu.<\/p>\n<p>Funkcja Enhanced Transmission mo\u017ce \u0142\u0105czy\u0107 jako\u015b\u0107 transmisji wideo O3 i zu\u017cycie danych 4G, inteligentnie wykorzystuj\u0105c optymalne po\u0142\u0105czenie mi\u0119dzy sieci\u0105 4G a systemem transmisji wideo O3. Dzi\u0119ki temu po\u0142\u0105czenie 4G dzia\u0142a nawet po przerwaniu transmisji wideo O3, pozwalaj\u0105c Matrice 350 RTK bez trudu radzi\u0107 sobie z zak\u0142\u00f3ceniami sygna\u0142u, zwi\u0119kszaj\u0105c tym samym bezpiecze\u0144stwo lotu.<\/p>\n<h3>Zawarto\u015b\u0107 zestawu:<\/h3>\n<ul>\n<li>1x uchwyt monta\u017cowy<\/li>\n<li>1x DJI Cellular Dongle<\/li>\n<li>6x \u015bruba monta\u017cowa<\/li>\n<\/ul>\n<div class=\"table-wrapper\">\n<table>\n<tbody>\n<tr>\n<th>Kompatybilne drony<\/th>\n<td>Matrice 350 RTK <br \/>Matrice 300 RTK (wymagana aparatura DJI RC Plus)<\/td>\n<\/tr>\n<tr>\n<th>Kompatybilne karty SIM<\/th>\n<td>nano-SIM<\/td>\n<\/tr>\n<\/tbody>\n<\/table>\n<\/div>\n","protected":false},"excerpt":{"rendered":"<p>Zestaw 4G Dongle Kit z uchwytem monta\u017cowym DJI Matrice 350 RTK Zestaw ten zawiera klucz sprz\u0119towy DJI Cellular Dongle i<\/p>\n","protected":false},"featured_media":39311,"comment_status":"closed","ping_status":"open","template":"","meta":{"_acf_changed":false},"product_brand":[],"product_cat":[6169,1088,1105],"product_tag":[],"class_list":{"0":"post-59434","1":"product","2":"type-product","3":"status-publish","4":"has-post-thumbnail","6":"product_cat-akcesoria-i-czesci","7":"product_cat-drony","8":"product_cat-przemyslowe","9":"pa_okres-gwarancji-5757","10":"pa_producent-dji-enterprise","12":"first","13":"instock","14":"taxable","15":"shipping-taxable","16":"purchasable","17":"product-type-simple"},"acf":[],"yoast_head":"<!-- This site is optimized with the Yoast SEO plugin v27.2 - https:\/\/yoast.com\/product\/yoast-seo-wordpress\/ -->\n<title>Zestaw 4G Dongle Kit z uchwytem monta\u017cowym DJI Matrice 350 RTK - IRONSKY.PL Sklep z Dronami<\/title>\n<meta name=\"description\" content=\"Zestaw 4G Dongle Kit z uchwytem monta\u017cowym DJI Matrice 350 RTK - \u2705 sklep z dronami i fachowym doradztwem. \u2705 Tutaj kupisz produkty DJI, Yuneec, Parrot, Syma i wiele innych, a tak\u017ce kursy i licencje na operatora drona.\" \/>\n<meta name=\"robots\" content=\"index, follow, max-snippet:-1, max-image-preview:large, max-video-preview:-1\" \/>\n<link rel=\"canonical\" href=\"https:\/\/ironsky.pl\/sklep\/produkt\/zestaw-4g-dongle-kit-z-uchwytem-montazowym-dji-matrice-350-rtk-2\/\" \/>\n<meta property=\"og:locale\" content=\"pl_PL\" \/>\n<meta property=\"og:type\" content=\"article\" \/>\n<meta property=\"og:title\" content=\"Zestaw 4G Dongle Kit z uchwytem monta\u017cowym DJI Matrice 350 RTK - IRONSKY.PL Sklep z Dronami\" \/>\n<meta property=\"og:description\" content=\"Zestaw 4G Dongle Kit z uchwytem monta\u017cowym DJI Matrice 350 RTK - \u2705 sklep z dronami i fachowym doradztwem. \u2705 Tutaj kupisz produkty DJI, Yuneec, Parrot, Syma i wiele innych, a tak\u017ce kursy i licencje na operatora drona.\" \/>\n<meta property=\"og:url\" content=\"https:\/\/ironsky.pl\/sklep\/produkt\/zestaw-4g-dongle-kit-z-uchwytem-montazowym-dji-matrice-350-rtk-2\/\" \/>\n<meta property=\"og:site_name\" content=\"IRONSKY.PL Sklep z Dronami\" \/>\n<meta property=\"article:modified_time\" content=\"2026-04-15T08:47:29+00:00\" \/>\n<meta property=\"og:image\" content=\"https:\/\/ironsky.pl\/sklep\/wp-content\/uploads\/2025\/04\/46454_7.jpg\" \/>\n\t<meta property=\"og:image:width\" content=\"800\" \/>\n\t<meta property=\"og:image:height\" content=\"800\" \/>\n\t<meta property=\"og:image:type\" content=\"image\/jpeg\" \/>\n<meta name=\"twitter:card\" content=\"summary_large_image\" \/>\n<meta name=\"twitter:label1\" content=\"Szacowany czas czytania\" \/>\n\t<meta name=\"twitter:data1\" content=\"1 minuta\" \/>\n<script type=\"application\/ld+json\" class=\"yoast-schema-graph\">{\"@context\":\"https:\/\/schema.org\",\"@graph\":[{\"@type\":\"WebPage\",\"@id\":\"https:\/\/ironsky.pl\/sklep\/produkt\/zestaw-4g-dongle-kit-z-uchwytem-montazowym-dji-matrice-350-rtk-2\/\",\"url\":\"https:\/\/ironsky.pl\/sklep\/produkt\/zestaw-4g-dongle-kit-z-uchwytem-montazowym-dji-matrice-350-rtk-2\/\",\"name\":\"Zestaw 4G Dongle Kit z uchwytem monta\u017cowym DJI Matrice 350 RTK - IRONSKY.PL Sklep z Dronami\",\"isPartOf\":{\"@id\":\"https:\/\/ironsky.pl\/sklep\/#website\"},\"primaryImageOfPage\":{\"@id\":\"https:\/\/ironsky.pl\/sklep\/produkt\/zestaw-4g-dongle-kit-z-uchwytem-montazowym-dji-matrice-350-rtk-2\/#primaryimage\"},\"image\":{\"@id\":\"https:\/\/ironsky.pl\/sklep\/produkt\/zestaw-4g-dongle-kit-z-uchwytem-montazowym-dji-matrice-350-rtk-2\/#primaryimage\"},\"thumbnailUrl\":\"https:\/\/ironsky.pl\/sklep\/wp-content\/uploads\/2025\/04\/46454_7.jpg\",\"datePublished\":\"2026-04-15T08:46:48+00:00\",\"dateModified\":\"2026-04-15T08:47:29+00:00\",\"description\":\"Zestaw 4G Dongle Kit z uchwytem monta\u017cowym DJI Matrice 350 RTK - \u2705 sklep z dronami i fachowym doradztwem. \u2705 Tutaj kupisz produkty DJI, Yuneec, Parrot, Syma i wiele innych, a tak\u017ce kursy i licencje na operatora drona.\",\"breadcrumb\":{\"@id\":\"https:\/\/ironsky.pl\/sklep\/produkt\/zestaw-4g-dongle-kit-z-uchwytem-montazowym-dji-matrice-350-rtk-2\/#breadcrumb\"},\"inLanguage\":\"pl-PL\",\"potentialAction\":[{\"@type\":\"ReadAction\",\"target\":[\"https:\/\/ironsky.pl\/sklep\/produkt\/zestaw-4g-dongle-kit-z-uchwytem-montazowym-dji-matrice-350-rtk-2\/\"]}]},{\"@type\":\"ImageObject\",\"inLanguage\":\"pl-PL\",\"@id\":\"https:\/\/ironsky.pl\/sklep\/produkt\/zestaw-4g-dongle-kit-z-uchwytem-montazowym-dji-matrice-350-rtk-2\/#primaryimage\",\"url\":\"https:\/\/ironsky.pl\/sklep\/wp-content\/uploads\/2025\/04\/46454_7.jpg\",\"contentUrl\":\"https:\/\/ironsky.pl\/sklep\/wp-content\/uploads\/2025\/04\/46454_7.jpg\",\"width\":800,\"height\":800},{\"@type\":\"BreadcrumbList\",\"@id\":\"https:\/\/ironsky.pl\/sklep\/produkt\/zestaw-4g-dongle-kit-z-uchwytem-montazowym-dji-matrice-350-rtk-2\/#breadcrumb\",\"itemListElement\":[{\"@type\":\"ListItem\",\"position\":1,\"name\":\"Strona g\u0142\u00f3wna\",\"item\":\"https:\/\/ironsky.pl\/sklep\/\"},{\"@type\":\"ListItem\",\"position\":2,\"name\":\"Wszystkie produkty\",\"item\":\"https:\/\/ironsky.pl\/sklep\/produkty\/\"},{\"@type\":\"ListItem\",\"position\":3,\"name\":\"Zestaw 4G Dongle Kit z uchwytem monta\u017cowym DJI Matrice 350 RTK\"}]},{\"@type\":\"WebSite\",\"@id\":\"https:\/\/ironsky.pl\/sklep\/#website\",\"url\":\"https:\/\/ironsky.pl\/sklep\/\",\"name\":\"IRONSKY.PL Sklep z Dronami\",\"description\":\"IRONSKY.PL Sklep z Dronami\",\"potentialAction\":[{\"@type\":\"SearchAction\",\"target\":{\"@type\":\"EntryPoint\",\"urlTemplate\":\"https:\/\/ironsky.pl\/sklep\/?s={search_term_string}\"},\"query-input\":{\"@type\":\"PropertyValueSpecification\",\"valueRequired\":true,\"valueName\":\"search_term_string\"}}],\"inLanguage\":\"pl-PL\"}]}<\/script>\n<!-- \/ Yoast SEO plugin. -->","yoast_head_json":{"title":"Zestaw 4G Dongle Kit z uchwytem monta\u017cowym DJI Matrice 350 RTK - IRONSKY.PL Sklep z Dronami","description":"Zestaw 4G Dongle Kit z uchwytem monta\u017cowym DJI Matrice 350 RTK - \u2705 sklep z dronami i fachowym doradztwem. \u2705 Tutaj kupisz produkty DJI, Yuneec, Parrot, Syma i wiele innych, a tak\u017ce kursy i licencje na operatora drona.","robots":{"index":"index","follow":"follow","max-snippet":"max-snippet:-1","max-image-preview":"max-image-preview:large","max-video-preview":"max-video-preview:-1"},"canonical":"https:\/\/ironsky.pl\/sklep\/produkt\/zestaw-4g-dongle-kit-z-uchwytem-montazowym-dji-matrice-350-rtk-2\/","og_locale":"pl_PL","og_type":"article","og_title":"Zestaw 4G Dongle Kit z uchwytem monta\u017cowym DJI Matrice 350 RTK - IRONSKY.PL Sklep z Dronami","og_description":"Zestaw 4G Dongle Kit z uchwytem monta\u017cowym DJI Matrice 350 RTK - \u2705 sklep z dronami i fachowym doradztwem. \u2705 Tutaj kupisz produkty DJI, Yuneec, Parrot, Syma i wiele innych, a tak\u017ce kursy i licencje na operatora drona.","og_url":"https:\/\/ironsky.pl\/sklep\/produkt\/zestaw-4g-dongle-kit-z-uchwytem-montazowym-dji-matrice-350-rtk-2\/","og_site_name":"IRONSKY.PL Sklep z Dronami","article_modified_time":"2026-04-15T08:47:29+00:00","og_image":[{"width":800,"height":800,"url":"https:\/\/ironsky.pl\/sklep\/wp-content\/uploads\/2025\/04\/46454_7.jpg","type":"image\/jpeg"}],"twitter_card":"summary_large_image","twitter_misc":{"Szacowany czas czytania":"1 minuta"},"schema":{"@context":"https:\/\/schema.org","@graph":[{"@type":"WebPage","@id":"https:\/\/ironsky.pl\/sklep\/produkt\/zestaw-4g-dongle-kit-z-uchwytem-montazowym-dji-matrice-350-rtk-2\/","url":"https:\/\/ironsky.pl\/sklep\/produkt\/zestaw-4g-dongle-kit-z-uchwytem-montazowym-dji-matrice-350-rtk-2\/","name":"Zestaw 4G Dongle Kit z uchwytem monta\u017cowym DJI Matrice 350 RTK - IRONSKY.PL Sklep z Dronami","isPartOf":{"@id":"https:\/\/ironsky.pl\/sklep\/#website"},"primaryImageOfPage":{"@id":"https:\/\/ironsky.pl\/sklep\/produkt\/zestaw-4g-dongle-kit-z-uchwytem-montazowym-dji-matrice-350-rtk-2\/#primaryimage"},"image":{"@id":"https:\/\/ironsky.pl\/sklep\/produkt\/zestaw-4g-dongle-kit-z-uchwytem-montazowym-dji-matrice-350-rtk-2\/#primaryimage"},"thumbnailUrl":"https:\/\/ironsky.pl\/sklep\/wp-content\/uploads\/2025\/04\/46454_7.jpg","datePublished":"2026-04-15T08:46:48+00:00","dateModified":"2026-04-15T08:47:29+00:00","description":"Zestaw 4G Dongle Kit z uchwytem monta\u017cowym DJI Matrice 350 RTK - \u2705 sklep z dronami i fachowym doradztwem. \u2705 Tutaj kupisz produkty DJI, Yuneec, Parrot, Syma i wiele innych, a tak\u017ce kursy i licencje na operatora drona.","breadcrumb":{"@id":"https:\/\/ironsky.pl\/sklep\/produkt\/zestaw-4g-dongle-kit-z-uchwytem-montazowym-dji-matrice-350-rtk-2\/#breadcrumb"},"inLanguage":"pl-PL","potentialAction":[{"@type":"ReadAction","target":["https:\/\/ironsky.pl\/sklep\/produkt\/zestaw-4g-dongle-kit-z-uchwytem-montazowym-dji-matrice-350-rtk-2\/"]}]},{"@type":"ImageObject","inLanguage":"pl-PL","@id":"https:\/\/ironsky.pl\/sklep\/produkt\/zestaw-4g-dongle-kit-z-uchwytem-montazowym-dji-matrice-350-rtk-2\/#primaryimage","url":"https:\/\/ironsky.pl\/sklep\/wp-content\/uploads\/2025\/04\/46454_7.jpg","contentUrl":"https:\/\/ironsky.pl\/sklep\/wp-content\/uploads\/2025\/04\/46454_7.jpg","width":800,"height":800},{"@type":"BreadcrumbList","@id":"https:\/\/ironsky.pl\/sklep\/produkt\/zestaw-4g-dongle-kit-z-uchwytem-montazowym-dji-matrice-350-rtk-2\/#breadcrumb","itemListElement":[{"@type":"ListItem","position":1,"name":"Strona g\u0142\u00f3wna","item":"https:\/\/ironsky.pl\/sklep\/"},{"@type":"ListItem","position":2,"name":"Wszystkie produkty","item":"https:\/\/ironsky.pl\/sklep\/produkty\/"},{"@type":"ListItem","position":3,"name":"Zestaw 4G Dongle Kit z uchwytem monta\u017cowym DJI Matrice 350 RTK"}]},{"@type":"WebSite","@id":"https:\/\/ironsky.pl\/sklep\/#website","url":"https:\/\/ironsky.pl\/sklep\/","name":"IRONSKY.PL Sklep z Dronami","description":"IRONSKY.PL Sklep z Dronami","potentialAction":[{"@type":"SearchAction","target":{"@type":"EntryPoint","urlTemplate":"https:\/\/ironsky.pl\/sklep\/?s={search_term_string}"},"query-input":{"@type":"PropertyValueSpecification","valueRequired":true,"valueName":"search_term_string"}}],"inLanguage":"pl-PL"}]}},"_links":{"self":[{"href":"https:\/\/ironsky.pl\/sklep\/wp-json\/wp\/v2\/product\/59434","targetHints":{"allow":["GET"]}}],"collection":[{"href":"https:\/\/ironsky.pl\/sklep\/wp-json\/wp\/v2\/product"}],"about":[{"href":"https:\/\/ironsky.pl\/sklep\/wp-json\/wp\/v2\/types\/product"}],"replies":[{"embeddable":true,"href":"https:\/\/ironsky.pl\/sklep\/wp-json\/wp\/v2\/comments?post=59434"}],"wp:featuredmedia":[{"embeddable":true,"href":"https:\/\/ironsky.pl\/sklep\/wp-json\/wp\/v2\/media\/39311"}],"wp:attachment":[{"href":"https:\/\/ironsky.pl\/sklep\/wp-json\/wp\/v2\/media?parent=59434"}],"wp:term":[{"taxonomy":"product_brand","embeddable":true,"href":"https:\/\/ironsky.pl\/sklep\/wp-json\/wp\/v2\/product_brand?post=59434"},{"taxonomy":"product_cat","embeddable":true,"href":"https:\/\/ironsky.pl\/sklep\/wp-json\/wp\/v2\/product_cat?post=59434"},{"taxonomy":"product_tag","embeddable":true,"href":"https:\/\/ironsky.pl\/sklep\/wp-json\/wp\/v2\/product_tag?post=59434"}],"curies":[{"name":"wp","href":"https:\/\/api.w.org\/{rel}","templated":true}]}}