{"id":59413,"date":"2026-04-15T10:46:48","date_gmt":"2026-04-15T08:46:48","guid":{"rendered":"https:\/\/ironsky.pl\/sklep\/produkt\/bateria-dodatkowa-ecoflow-delta-pro-3-4096wh\/"},"modified":"2026-04-15T10:47:19","modified_gmt":"2026-04-15T08:47:19","slug":"bateria-dodatkowa-ecoflow-delta-pro-3-4096wh","status":"publish","type":"product","link":"https:\/\/ironsky.pl\/sklep\/produkt\/bateria-dodatkowa-ecoflow-delta-pro-3-4096wh\/","title":{"rendered":"Bateria dodatkowa ECOFLOW DELTA Pro 3 4096Wh"},"content":{"rendered":"<h3>Bateria do EcoFlow DELTA Pro 3<\/h3>\n<p>Wyobra\u017a sobie mo\u017cliwo\u015b\u0107 zasilania wszystkich swoich urz\u0105dze\u0144, gdziekolwiek jeste\u015b, bez potrzeby polegania na tradycyjnych \u017ar\u00f3d\u0142ach energii. Ta nowoczesna i kompaktowa bateria zosta\u0142a zaprojektowana specjalnie dla stacji zasilania EcoFlow DELTA Pro 3. Kryje w sobie imponuj\u0105c\u0105 pojemno\u015b\u0107 4096 Wh, o kt\u00f3r\u0105 mo\u017cesz rozbudowa\u0107 swoj\u0105 stacj\u0119. Istnieje mo\u017cliwo\u015b\u0107 po\u0142\u0105czenia DELTA Pro 3 z dwiema bateriami, co daje Ci \u0142\u0105cznie a\u017c 12 kWh, nie zajmuj\u0105c wiele przestrzeni. Ciesz si\u0119 jeszcze wi\u0119ksz\u0105 niezale\u017cno\u015bci\u0105 energetyczn\u0105 w ka\u017cdych warunkach.<\/p>\n<p>\n<img decoding=\"async\" src=\"https:\/\/assets.innpro.pl\/9239\/10795\/3.jpg\" border=\"0\" \/>\n<\/p>\n<h3>Rozbuduj swoj\u0105 stacj\u0119 zasilania<\/h3>\n<p>Dzi\u0119ki dodatkowej baterii mo\u017cesz z \u0142atwo\u015bci\u0105 rozbudowa\u0107 swoj\u0105 stacj\u0119 EcoFlow DELTA Pro 3 do nawet 12 kWh, \u0142\u0105cz\u0105c j\u0105 z dwoma dodatkowymi modu\u0142ami. Ka\u017cda bateria o pojemno\u015bci 4 kWh zwi\u0119ksza mo\u017cliwo\u015bci Twojej stacji, umo\u017cliwiaj\u0105c d\u0142ugotrwa\u0142e zasilanie wi\u0119kszej liczby urz\u0105dze\u0144 lub sprz\u0119tu w trakcie d\u0142u\u017cszych wyjazd\u00f3w czy w sytuacjach awaryjnych. Taka elastyczno\u015b\u0107 pozwala dostosowa\u0107 Tw\u00f3j zestaw dok\u0142adnie do Twoich potrzeb.<\/p>\n<p>\n<img decoding=\"async\" src=\"https:\/\/assets.innpro.pl\/9239\/10795\/2.jpg\" border=\"0\" \/>\n<\/p>\n<h3>Odporna na warunki zewn\u0119trzne<\/h3>\n<p>Bateria do EcoFlow DELTA Pro 3 jest przystosowana do pracy w wymagaj\u0105cych warunkach. Dzi\u0119ki mo\u017cliwo\u015bci pracy w zakresie temperatur od -10\u00b0C do 45\u00b0C, jest gotowa na ka\u017cde wyzwanie \u2013 czy to na kempingu w ch\u0142odne noce, czy podczas gor\u0105cych letnich dni. Mo\u017cliwo\u015b\u0107 przechowywania baterii w tym samym zakresie temperatur sprawia, \u017ce jest to produkt gotowy dzia\u0142a\u0107 w ka\u017cdych warunkach atmosferycznych.<\/p>\n<p>\n<img decoding=\"async\" src=\"https:\/\/assets.innpro.pl\/9239\/10795\/1.jpg\" border=\"0\" \/>\n<\/p>\n<h3>Przemy\u015blana konstrukcja\u00a0<\/h3>\n<p>Bateria zosta\u0142a zaprojektowana tak, aby mo\u017cna j\u0105 by\u0142o wygodnie uk\u0142ada\u0107 jedna na drugiej, zar\u00f3wno w orientacji poziomej, jak i pionowej. To oznacza, \u017ce niezale\u017cnie od tego, jak ma\u0142o masz miejsca, zawsze znajdziesz spos\u00f3b, aby optymalnie zagospodarowa\u0107 przestrze\u0144 pod swoj\u0105 stacj\u0119 zasilania. Ka\u017cda dodatkowa bateria dodaje kolejn\u0105 warstw\u0119 pojemno\u015bci, a jednocze\u015bnie zachowuje kompaktowy profil, dzi\u0119ki czemu ca\u0142o\u015b\u0107 pozostaje wygodna w u\u017cyciu i transporcie.<\/p>\n<p>\n<img decoding=\"async\" src=\"https:\/\/assets.innpro.pl\/9239\/10795\/5.jpg\" border=\"0\" \/>\n<\/p>\n<h3>W zestawie<\/h3>\n<ul class=\"list-disc pl-5\">\n<li>Bateria EcoFlow DELTA Pro 3<\/li>\n<li>Kabel \u0142\u0105cz\u0105cy stacj\u0119 z bateri\u0105<\/li>\n<li>Instrukcja obs\u0142ugi<\/li>\n<\/ul>\n<div class=\"table-wrapper\">\n<p>\u00a0<\/p>\n<h3><\/h3>\n<table>\n<tbody>\n<tr>\n<th>Producent<\/th>\n<td>EcoFlow<\/td>\n<\/tr>\n<tr>\n<th>Kod producenta<\/th>\n<td>EFDELTAPRO3EB<\/td>\n<\/tr>\n<tr>\n<th>Kolor<\/th>\n<td>Srebrny<\/td>\n<\/tr>\n<tr>\n<th>Pojemno\u015b\u0107<\/th>\n<td>4096 Wh<\/td>\n<\/tr>\n<tr>\n<th>Wymiary (D\u0142. x Szer. x Wys.)<\/th>\n<td>Ok. 694 mm x 295 mm x 215 mm<\/td>\n<\/tr>\n<tr>\n<th>Waga<\/th>\n<td>Ok. 33 kg<\/td>\n<\/tr>\n<tr>\n<th>Port po\u0142\u0105czeniowy<\/th>\n<td>1 x Port do pod\u0142\u0105czenia dodatkowej baterii<\/td>\n<\/tr>\n<tr>\n<th>Obs\u0142uga k\u00f3\u0142ek<\/th>\n<td>Nie<\/td>\n<\/tr>\n<tr>\n<th>Obs\u0142uga dr\u0105\u017cka<\/th>\n<td>Nie<\/td>\n<\/tr>\n<tr>\n<th>Uk\u0142adanie<\/th>\n<td>Poziomo lub pionowo<\/td>\n<\/tr>\n<tr>\n<th>Temperatura roz\u0142adowania<\/th>\n<td>-10\u00b0C ~ 45\u00b0C (14\u00b0F ~ 113\u00b0F)<\/td>\n<\/tr>\n<tr>\n<th>Temperatura \u0142adowania<\/th>\n<td>0\u00b0C ~ 45\u00b0C (32\u00b0F ~ 113\u00b0F)<\/td>\n<\/tr>\n<tr>\n<th>Temperatura przechowywania<\/th>\n<td>-10\u00b0C ~ 45\u00b0C (14\u00b0F ~ 113\u00b0F)<\/td>\n<\/tr>\n<tr>\n<th>Kompatybilno\u015b\u0107<\/th>\n<td>Stacja zasilania EcoFlow DELTA Pro 3<\/td>\n<\/tr>\n<\/tbody>\n<\/table>\n<\/div>\n","protected":false},"excerpt":{"rendered":"<p>Bateria do EcoFlow DELTA Pro 3 Wyobra\u017a sobie mo\u017cliwo\u015b\u0107 zasilania wszystkich swoich urz\u0105dze\u0144, gdziekolwiek jeste\u015b, bez potrzeby polegania na tradycyjnych<\/p>\n","protected":false},"featured_media":59414,"comment_status":"closed","ping_status":"open","template":"","meta":{"_acf_changed":false},"product_brand":[],"product_cat":[6196,1108,1111],"product_tag":[],"class_list":{"0":"post-59413","1":"product","2":"type-product","3":"status-publish","4":"has-post-thumbnail","6":"product_cat-akcesoria-stacje-zasilania","7":"product_cat-energia","8":"product_cat-stacje-zasilania","9":"pa_60-m-5771","10":"pa_producent-ecoflow","12":"first","13":"outofstock","14":"taxable","15":"shipping-taxable","16":"purchasable","17":"product-type-simple"},"acf":[],"yoast_head":"<!-- This site is optimized with the Yoast SEO plugin v27.2 - https:\/\/yoast.com\/product\/yoast-seo-wordpress\/ -->\n<title>Bateria dodatkowa ECOFLOW DELTA Pro 3 4096Wh - IRONSKY.PL Sklep z Dronami<\/title>\n<meta name=\"description\" content=\"Bateria dodatkowa ECOFLOW DELTA Pro 3 4096Wh - \u2705 sklep z dronami i fachowym doradztwem. \u2705 Tutaj kupisz produkty DJI, Yuneec, Parrot, Syma i wiele innych, a tak\u017ce kursy i licencje na operatora drona.\" \/>\n<meta name=\"robots\" content=\"index, follow, max-snippet:-1, max-image-preview:large, max-video-preview:-1\" \/>\n<link rel=\"canonical\" href=\"https:\/\/ironsky.pl\/sklep\/produkt\/bateria-dodatkowa-ecoflow-delta-pro-3-4096wh\/\" \/>\n<meta property=\"og:locale\" content=\"pl_PL\" \/>\n<meta property=\"og:type\" content=\"article\" \/>\n<meta property=\"og:title\" content=\"Bateria dodatkowa ECOFLOW DELTA Pro 3 4096Wh - IRONSKY.PL Sklep z Dronami\" \/>\n<meta property=\"og:description\" content=\"Bateria dodatkowa ECOFLOW DELTA Pro 3 4096Wh - \u2705 sklep z dronami i fachowym doradztwem. \u2705 Tutaj kupisz produkty DJI, Yuneec, Parrot, Syma i wiele innych, a tak\u017ce kursy i licencje na operatora drona.\" \/>\n<meta property=\"og:url\" content=\"https:\/\/ironsky.pl\/sklep\/produkt\/bateria-dodatkowa-ecoflow-delta-pro-3-4096wh\/\" \/>\n<meta property=\"og:site_name\" content=\"IRONSKY.PL Sklep z Dronami\" \/>\n<meta property=\"article:modified_time\" content=\"2026-04-15T08:47:19+00:00\" \/>\n<meta property=\"og:image\" content=\"https:\/\/ironsky.pl\/sklep\/wp-content\/uploads\/2026\/04\/46346_1.jpg\" \/>\n\t<meta property=\"og:image:width\" content=\"800\" \/>\n\t<meta property=\"og:image:height\" content=\"800\" \/>\n\t<meta property=\"og:image:type\" content=\"image\/jpeg\" \/>\n<meta name=\"twitter:card\" content=\"summary_large_image\" \/>\n<meta name=\"twitter:label1\" content=\"Szacowany czas czytania\" \/>\n\t<meta name=\"twitter:data1\" content=\"2 minuty\" \/>\n<script type=\"application\/ld+json\" class=\"yoast-schema-graph\">{\"@context\":\"https:\/\/schema.org\",\"@graph\":[{\"@type\":\"WebPage\",\"@id\":\"https:\/\/ironsky.pl\/sklep\/produkt\/bateria-dodatkowa-ecoflow-delta-pro-3-4096wh\/\",\"url\":\"https:\/\/ironsky.pl\/sklep\/produkt\/bateria-dodatkowa-ecoflow-delta-pro-3-4096wh\/\",\"name\":\"Bateria dodatkowa ECOFLOW DELTA Pro 3 4096Wh - IRONSKY.PL Sklep z Dronami\",\"isPartOf\":{\"@id\":\"https:\/\/ironsky.pl\/sklep\/#website\"},\"primaryImageOfPage\":{\"@id\":\"https:\/\/ironsky.pl\/sklep\/produkt\/bateria-dodatkowa-ecoflow-delta-pro-3-4096wh\/#primaryimage\"},\"image\":{\"@id\":\"https:\/\/ironsky.pl\/sklep\/produkt\/bateria-dodatkowa-ecoflow-delta-pro-3-4096wh\/#primaryimage\"},\"thumbnailUrl\":\"https:\/\/ironsky.pl\/sklep\/wp-content\/uploads\/2026\/04\/46346_1.jpg\",\"datePublished\":\"2026-04-15T08:46:48+00:00\",\"dateModified\":\"2026-04-15T08:47:19+00:00\",\"description\":\"Bateria dodatkowa ECOFLOW DELTA Pro 3 4096Wh - \u2705 sklep z dronami i fachowym doradztwem. \u2705 Tutaj kupisz produkty DJI, Yuneec, Parrot, Syma i wiele innych, a tak\u017ce kursy i licencje na operatora drona.\",\"breadcrumb\":{\"@id\":\"https:\/\/ironsky.pl\/sklep\/produkt\/bateria-dodatkowa-ecoflow-delta-pro-3-4096wh\/#breadcrumb\"},\"inLanguage\":\"pl-PL\",\"potentialAction\":[{\"@type\":\"ReadAction\",\"target\":[\"https:\/\/ironsky.pl\/sklep\/produkt\/bateria-dodatkowa-ecoflow-delta-pro-3-4096wh\/\"]}]},{\"@type\":\"ImageObject\",\"inLanguage\":\"pl-PL\",\"@id\":\"https:\/\/ironsky.pl\/sklep\/produkt\/bateria-dodatkowa-ecoflow-delta-pro-3-4096wh\/#primaryimage\",\"url\":\"https:\/\/ironsky.pl\/sklep\/wp-content\/uploads\/2026\/04\/46346_1.jpg\",\"contentUrl\":\"https:\/\/ironsky.pl\/sklep\/wp-content\/uploads\/2026\/04\/46346_1.jpg\",\"width\":800,\"height\":800},{\"@type\":\"BreadcrumbList\",\"@id\":\"https:\/\/ironsky.pl\/sklep\/produkt\/bateria-dodatkowa-ecoflow-delta-pro-3-4096wh\/#breadcrumb\",\"itemListElement\":[{\"@type\":\"ListItem\",\"position\":1,\"name\":\"Strona g\u0142\u00f3wna\",\"item\":\"https:\/\/ironsky.pl\/sklep\/\"},{\"@type\":\"ListItem\",\"position\":2,\"name\":\"Wszystkie produkty\",\"item\":\"https:\/\/ironsky.pl\/sklep\/produkty\/\"},{\"@type\":\"ListItem\",\"position\":3,\"name\":\"Bateria dodatkowa ECOFLOW DELTA Pro 3 4096Wh\"}]},{\"@type\":\"WebSite\",\"@id\":\"https:\/\/ironsky.pl\/sklep\/#website\",\"url\":\"https:\/\/ironsky.pl\/sklep\/\",\"name\":\"IRONSKY.PL Sklep z Dronami\",\"description\":\"IRONSKY.PL Sklep z Dronami\",\"potentialAction\":[{\"@type\":\"SearchAction\",\"target\":{\"@type\":\"EntryPoint\",\"urlTemplate\":\"https:\/\/ironsky.pl\/sklep\/?s={search_term_string}\"},\"query-input\":{\"@type\":\"PropertyValueSpecification\",\"valueRequired\":true,\"valueName\":\"search_term_string\"}}],\"inLanguage\":\"pl-PL\"}]}<\/script>\n<!-- \/ Yoast SEO plugin. -->","yoast_head_json":{"title":"Bateria dodatkowa ECOFLOW DELTA Pro 3 4096Wh - IRONSKY.PL Sklep z Dronami","description":"Bateria dodatkowa ECOFLOW DELTA Pro 3 4096Wh - \u2705 sklep z dronami i fachowym doradztwem. \u2705 Tutaj kupisz produkty DJI, Yuneec, Parrot, Syma i wiele innych, a tak\u017ce kursy i licencje na operatora drona.","robots":{"index":"index","follow":"follow","max-snippet":"max-snippet:-1","max-image-preview":"max-image-preview:large","max-video-preview":"max-video-preview:-1"},"canonical":"https:\/\/ironsky.pl\/sklep\/produkt\/bateria-dodatkowa-ecoflow-delta-pro-3-4096wh\/","og_locale":"pl_PL","og_type":"article","og_title":"Bateria dodatkowa ECOFLOW DELTA Pro 3 4096Wh - IRONSKY.PL Sklep z Dronami","og_description":"Bateria dodatkowa ECOFLOW DELTA Pro 3 4096Wh - \u2705 sklep z dronami i fachowym doradztwem. \u2705 Tutaj kupisz produkty DJI, Yuneec, Parrot, Syma i wiele innych, a tak\u017ce kursy i licencje na operatora drona.","og_url":"https:\/\/ironsky.pl\/sklep\/produkt\/bateria-dodatkowa-ecoflow-delta-pro-3-4096wh\/","og_site_name":"IRONSKY.PL Sklep z Dronami","article_modified_time":"2026-04-15T08:47:19+00:00","og_image":[{"width":800,"height":800,"url":"https:\/\/ironsky.pl\/sklep\/wp-content\/uploads\/2026\/04\/46346_1.jpg","type":"image\/jpeg"}],"twitter_card":"summary_large_image","twitter_misc":{"Szacowany czas czytania":"2 minuty"},"schema":{"@context":"https:\/\/schema.org","@graph":[{"@type":"WebPage","@id":"https:\/\/ironsky.pl\/sklep\/produkt\/bateria-dodatkowa-ecoflow-delta-pro-3-4096wh\/","url":"https:\/\/ironsky.pl\/sklep\/produkt\/bateria-dodatkowa-ecoflow-delta-pro-3-4096wh\/","name":"Bateria dodatkowa ECOFLOW DELTA Pro 3 4096Wh - IRONSKY.PL Sklep z Dronami","isPartOf":{"@id":"https:\/\/ironsky.pl\/sklep\/#website"},"primaryImageOfPage":{"@id":"https:\/\/ironsky.pl\/sklep\/produkt\/bateria-dodatkowa-ecoflow-delta-pro-3-4096wh\/#primaryimage"},"image":{"@id":"https:\/\/ironsky.pl\/sklep\/produkt\/bateria-dodatkowa-ecoflow-delta-pro-3-4096wh\/#primaryimage"},"thumbnailUrl":"https:\/\/ironsky.pl\/sklep\/wp-content\/uploads\/2026\/04\/46346_1.jpg","datePublished":"2026-04-15T08:46:48+00:00","dateModified":"2026-04-15T08:47:19+00:00","description":"Bateria dodatkowa ECOFLOW DELTA Pro 3 4096Wh - \u2705 sklep z dronami i fachowym doradztwem. \u2705 Tutaj kupisz produkty DJI, Yuneec, Parrot, Syma i wiele innych, a tak\u017ce kursy i licencje na operatora drona.","breadcrumb":{"@id":"https:\/\/ironsky.pl\/sklep\/produkt\/bateria-dodatkowa-ecoflow-delta-pro-3-4096wh\/#breadcrumb"},"inLanguage":"pl-PL","potentialAction":[{"@type":"ReadAction","target":["https:\/\/ironsky.pl\/sklep\/produkt\/bateria-dodatkowa-ecoflow-delta-pro-3-4096wh\/"]}]},{"@type":"ImageObject","inLanguage":"pl-PL","@id":"https:\/\/ironsky.pl\/sklep\/produkt\/bateria-dodatkowa-ecoflow-delta-pro-3-4096wh\/#primaryimage","url":"https:\/\/ironsky.pl\/sklep\/wp-content\/uploads\/2026\/04\/46346_1.jpg","contentUrl":"https:\/\/ironsky.pl\/sklep\/wp-content\/uploads\/2026\/04\/46346_1.jpg","width":800,"height":800},{"@type":"BreadcrumbList","@id":"https:\/\/ironsky.pl\/sklep\/produkt\/bateria-dodatkowa-ecoflow-delta-pro-3-4096wh\/#breadcrumb","itemListElement":[{"@type":"ListItem","position":1,"name":"Strona g\u0142\u00f3wna","item":"https:\/\/ironsky.pl\/sklep\/"},{"@type":"ListItem","position":2,"name":"Wszystkie produkty","item":"https:\/\/ironsky.pl\/sklep\/produkty\/"},{"@type":"ListItem","position":3,"name":"Bateria dodatkowa ECOFLOW DELTA Pro 3 4096Wh"}]},{"@type":"WebSite","@id":"https:\/\/ironsky.pl\/sklep\/#website","url":"https:\/\/ironsky.pl\/sklep\/","name":"IRONSKY.PL Sklep z Dronami","description":"IRONSKY.PL Sklep z Dronami","potentialAction":[{"@type":"SearchAction","target":{"@type":"EntryPoint","urlTemplate":"https:\/\/ironsky.pl\/sklep\/?s={search_term_string}"},"query-input":{"@type":"PropertyValueSpecification","valueRequired":true,"valueName":"search_term_string"}}],"inLanguage":"pl-PL"}]}},"_links":{"self":[{"href":"https:\/\/ironsky.pl\/sklep\/wp-json\/wp\/v2\/product\/59413","targetHints":{"allow":["GET"]}}],"collection":[{"href":"https:\/\/ironsky.pl\/sklep\/wp-json\/wp\/v2\/product"}],"about":[{"href":"https:\/\/ironsky.pl\/sklep\/wp-json\/wp\/v2\/types\/product"}],"replies":[{"embeddable":true,"href":"https:\/\/ironsky.pl\/sklep\/wp-json\/wp\/v2\/comments?post=59413"}],"wp:featuredmedia":[{"embeddable":true,"href":"https:\/\/ironsky.pl\/sklep\/wp-json\/wp\/v2\/media\/59414"}],"wp:attachment":[{"href":"https:\/\/ironsky.pl\/sklep\/wp-json\/wp\/v2\/media?parent=59413"}],"wp:term":[{"taxonomy":"product_brand","embeddable":true,"href":"https:\/\/ironsky.pl\/sklep\/wp-json\/wp\/v2\/product_brand?post=59413"},{"taxonomy":"product_cat","embeddable":true,"href":"https:\/\/ironsky.pl\/sklep\/wp-json\/wp\/v2\/product_cat?post=59413"},{"taxonomy":"product_tag","embeddable":true,"href":"https:\/\/ironsky.pl\/sklep\/wp-json\/wp\/v2\/product_tag?post=59413"}],"curies":[{"name":"wp","href":"https:\/\/api.w.org\/{rel}","templated":true}]}}