{"id":59401,"date":"2026-04-15T10:46:48","date_gmt":"2026-04-15T08:46:48","guid":{"rendered":"https:\/\/ironsky.pl\/sklep\/produkt\/selfie-stick-telesin-z-wlokna-weglowego-116m\/"},"modified":"2026-04-15T10:47:13","modified_gmt":"2026-04-15T08:47:13","slug":"selfie-stick-telesin-z-wlokna-weglowego-116m","status":"publish","type":"product","link":"https:\/\/ironsky.pl\/sklep\/produkt\/selfie-stick-telesin-z-wlokna-weglowego-116m\/","title":{"rendered":"Selfie stick TELESIN z w\u0142\u00f3kna w\u0119glowego 1,16m"},"content":{"rendered":"<h3>Selfie stick z w\u0142\u00f3kna w\u0119glowego o d\u0142ugo\u015bci 1,16m Telesin do kamer sportowych<\/h3>\n<p>Selfie stick Telesin z w\u0142\u00f3kna w\u0119glowego to idealne rozwi\u0105zanie dla wszystkich mi\u0142o\u015bnik\u00f3w sport\u00f3w ekstremalnych, podr\u00f3\u017cy i fotografii. Dzi\u0119ki jego zaawansowanej konstrukcji i zastosowaniu wysokiej jako\u015bci materia\u0142\u00f3w jest to akcesorium, kt\u00f3re umo\u017cliwia uchwycenie szerokok\u0105tnych uj\u0119\u0107 i pi\u0119knych panoram z r\u00f3\u017cnych perspektyw, bez wzgl\u0119du na warunki.<\/p>\n<p>\n<img decoding=\"async\" src=\"https:\/\/assets.innpro.pl\/9228\/10778\/7.jpg\" border=\"0\" alt=\"\" \/>\n<\/p>\n<h3>Lekko\u015b\u0107 i wytrzyma\u0142o\u015b\u0107<\/h3>\n<p>G\u0142\u00f3wnym materia\u0142em u\u017cytym w konstrukcji tego selfie sticka jest w\u0142\u00f3kno w\u0119glowe, co sprawia, \u017ce jest on znacznie l\u017cejszy i jednocze\u015bnie bardziej wytrzyma\u0142y w por\u00f3wnaniu do tradycyjnych modeli wykonanych z aluminium. W\u0142\u00f3kno w\u0119glowe jest nie tylko l\u017cejsze, ale tak\u017ce bardziej stabilne i trwa\u0142e, co sprawia, \u017ce selfie stick nie ulega deformacjom nawet po d\u0142ugotrwa\u0142ym u\u017cytkowaniu. Ta cecha czyni go idealnym wyborem dla os\u00f3b aktywnych, kt\u00f3re potrzebuj\u0105 niezawodnego sprz\u0119tu w ka\u017cdej sytuacji.<\/p>\n<p>\n<img decoding=\"async\" src=\"https:\/\/assets.innpro.pl\/9228\/10778\/5.jpg\" border=\"0\" alt=\"\" \/>\n<\/p>\n<h3>Odporno\u015b\u0107 na korozj\u0119 i mo\u017cliwo\u015b\u0107 nurkowania<\/h3>\n<p>Dzi\u0119ki wysokiej odporno\u015bci na korozj\u0119 oraz uderzenia selfie stick Telesin jest odpowiedni do u\u017cytku pod wod\u0105. Mo\u017cna go zabra\u0107 na nurkowanie, aby uchwyci\u0107 niesamowite zdj\u0119cia pod powierzchni\u0105 wody, bez obaw o uszkodzenie sprz\u0119tu. Solidna konstrukcja i wysoka jako\u015b\u0107 u\u017cytych materia\u0142\u00f3w sprawiaj\u0105, \u017ce selfie stick radzi sobie doskonale nawet w trudnych warunkach.<\/p>\n<p>\n<img decoding=\"async\" src=\"https:\/\/assets.innpro.pl\/9228\/10778\/1.jpg\" border=\"0\" alt=\"\" \/>\n<\/p>\n<h3>Regulowana d\u0142ugo\u015b\u0107 dla wszechstronnych zastosowa\u0144<\/h3>\n<p>Selfie stick Telesin oferuje mo\u017cliwo\u015b\u0107 regulacji d\u0142ugo\u015bci od 25 cm do 116 cm, co pozwala na dostosowanie go do r\u00f3\u017cnych potrzeb fotograficznych. Cztery ustawienia d\u0142ugo\u015bci (25 cm, 56 cm, 86 cm, 116 cm) umo\u017cliwiaj\u0105 uzyskanie idealnej perspektywy dla ka\u017cdego uj\u0119cia, od bliskich selfie po szerokok\u0105tne zdj\u0119cia panoramiczne. Jest to r\u00f3wnie\u017c tzw. &#8222;z\u0142ota odleg\u0142o\u015b\u0107&#8221; dla kamer panoramicznych, co pozwala na uzyskanie najlepszych efekt\u00f3w podczas filmowania.<\/p>\n<p>\n<img decoding=\"async\" src=\"https:\/\/assets.innpro.pl\/9228\/10778\/6.jpg\" border=\"0\" alt=\"\" \/>\n<\/p>\n<h3>Wielofunkcyjno\u015b\u0107 i kompatybilno\u015b\u0107 z r\u00f3\u017cnymi urz\u0105dzeniami<\/h3>\n<p>Dzi\u0119ki wbudowanemu gwintowi 1\/4 cala na g\u00f3rze i na dole selfie sticka mo\u017cna go \u0142atwo po\u0142\u0105czy\u0107 z r\u00f3\u017cnymi urz\u0105dzeniami, takimi jak aparaty fotograficzne, kamery sportowe czy statywy. Jest to doskona\u0142e rozwi\u0105zanie dla os\u00f3b, kt\u00f3re potrzebuj\u0105 uniwersalnego sprz\u0119tu do wielu zastosowa\u0144. Gwint 1\/4 cala pozwala na u\u017cycie z adapterami, co rozszerza mo\u017cliwo\u015bci monta\u017cu r\u00f3\u017cnych akcesori\u00f3w.<\/p>\n<p>\n<img decoding=\"async\" src=\"https:\/\/assets.innpro.pl\/9228\/10778\/3.jpg\" border=\"0\" alt=\"\" \/>\n<\/p>\n<h3>Kompaktowo\u015b\u0107 i \u0142atwo\u015b\u0107 przenoszenia<\/h3>\n<p>Selfie stick Telesin ma d\u0142ugo\u015b\u0107 zaledwie 25 cm w z\u0142o\u017conej formie i wa\u017cy tylko 82 g, co czyni go niezwykle \u0142atwym do przenoszenia. Mo\u017cna go bez problemu schowa\u0107 w torbie lub plecaku, a do\u0142\u0105czony woreczek do przechowywania dodatkowo zabezpiecza sprz\u0119t przed uszkodzeniami. Jego lekka i kompaktowa konstrukcja sprawia, \u017ce jest to idealny kompan na ka\u017cd\u0105 podr\u00f3\u017c.<\/p>\n<p>\n<img decoding=\"async\" src=\"https:\/\/assets.innpro.pl\/9228\/10778\/4.jpg\" border=\"0\" alt=\"\" \/>\n<\/p>\n<h3>Niewidoczny selfie stick do kamer panoramicznych<\/h3>\n<p>Dla u\u017cytkownik\u00f3w kamer panoramicznych selfie stick Telesin oferuje wyj\u0105tkow\u0105 funkcj\u0119 \u2013 po zamontowaniu kamer panoramicznych, kijek staje si\u0119 &#8222;niewidoczny&#8221; na zdj\u0119ciach, co umo\u017cliwia uzyskanie czystych i profesjonalnych uj\u0119\u0107 bez widocznych element\u00f3w trzymaj\u0105cych kamer\u0119.<\/p>\n<p>\n<img decoding=\"async\" src=\"https:\/\/assets.innpro.pl\/9228\/10778\/2.jpg\" border=\"0\" alt=\"\" \/>\n<\/p>\n<h3>W zestawie<\/h3>\n<ul class=\"list-disc pl-5\">\n<li>Torba do przechowywania*1<\/li>\n<li>Selfie stick*1<\/li>\n<\/ul>\n<div class=\"table-wrapper\">\n<p>\u00a0<\/p>\n<h3><\/h3>\n<table>\n<tbody>\n<tr>\n<th>Producent:<\/th>\n<td>Telesin<\/td>\n<\/tr>\n<tr>\n<th>Model:<\/th>\n<td>TE-MNP-117<\/td>\n<\/tr>\n<tr>\n<th>Waga:<\/th>\n<td>82g<\/td>\n<\/tr>\n<tr>\n<th>Wymiary:<\/th>\n<td>250-1160g<\/td>\n<\/tr>\n<tr>\n<th>Materia\u0142:<\/th>\n<td>W\u0142\u00f3kno w\u0119glowe + Stop aluminium<\/td>\n<\/tr>\n<\/tbody>\n<\/table>\n<\/div>\n","protected":false},"excerpt":{"rendered":"<p>Selfie stick z w\u0142\u00f3kna w\u0119glowego o d\u0142ugo\u015bci 1,16m Telesin do kamer sportowych Selfie stick Telesin z w\u0142\u00f3kna w\u0119glowego to idealne<\/p>\n","protected":false},"featured_media":59402,"comment_status":"closed","ping_status":"open","template":"","meta":{"_acf_changed":false},"product_brand":[],"product_cat":[1128,6178,6176,6177,1138,6179],"product_tag":[],"class_list":{"0":"post-59401","1":"product","2":"type-product","3":"status-publish","4":"has-post-thumbnail","6":"product_cat-foto-wideo","7":"product_cat-mocowania","8":"product_cat-selfie-stiki","9":"product_cat-statywy-selfie-stiki","10":"product_cat-wysiegniki","11":"product_cat-wysiegniki-i-uchwyty-selfie","12":"pa_okres-gwarancji-5757","13":"pa_producent-telesin","15":"first","16":"outofstock","17":"taxable","18":"shipping-taxable","19":"purchasable","20":"product-type-simple"},"acf":[],"yoast_head":"<!-- This site is optimized with the Yoast SEO plugin v27.2 - https:\/\/yoast.com\/product\/yoast-seo-wordpress\/ -->\n<title>Selfie stick TELESIN z w\u0142\u00f3kna w\u0119glowego 1,16m - IRONSKY.PL Sklep z Dronami<\/title>\n<meta name=\"description\" content=\"Selfie stick TELESIN z w\u0142\u00f3kna w\u0119glowego 1,16m - \u2705 sklep z dronami i fachowym doradztwem. \u2705 Tutaj kupisz produkty DJI, Yuneec, Parrot, Syma i wiele innych, a tak\u017ce kursy i licencje na operatora drona.\" \/>\n<meta name=\"robots\" content=\"index, follow, max-snippet:-1, max-image-preview:large, max-video-preview:-1\" \/>\n<link rel=\"canonical\" href=\"https:\/\/ironsky.pl\/sklep\/produkt\/selfie-stick-telesin-z-wlokna-weglowego-116m\/\" \/>\n<meta property=\"og:locale\" content=\"pl_PL\" \/>\n<meta property=\"og:type\" content=\"article\" \/>\n<meta property=\"og:title\" content=\"Selfie stick TELESIN z w\u0142\u00f3kna w\u0119glowego 1,16m - IRONSKY.PL Sklep z Dronami\" \/>\n<meta property=\"og:description\" content=\"Selfie stick TELESIN z w\u0142\u00f3kna w\u0119glowego 1,16m - \u2705 sklep z dronami i fachowym doradztwem. \u2705 Tutaj kupisz produkty DJI, Yuneec, Parrot, Syma i wiele innych, a tak\u017ce kursy i licencje na operatora drona.\" \/>\n<meta property=\"og:url\" content=\"https:\/\/ironsky.pl\/sklep\/produkt\/selfie-stick-telesin-z-wlokna-weglowego-116m\/\" \/>\n<meta property=\"og:site_name\" content=\"IRONSKY.PL Sklep z Dronami\" \/>\n<meta property=\"article:modified_time\" content=\"2026-04-15T08:47:13+00:00\" \/>\n<meta property=\"og:image\" content=\"https:\/\/ironsky.pl\/sklep\/wp-content\/uploads\/2026\/04\/46306_1.jpg\" \/>\n\t<meta property=\"og:image:width\" content=\"800\" \/>\n\t<meta property=\"og:image:height\" content=\"800\" \/>\n\t<meta property=\"og:image:type\" content=\"image\/jpeg\" \/>\n<meta name=\"twitter:card\" content=\"summary_large_image\" \/>\n<meta name=\"twitter:label1\" content=\"Szacowany czas czytania\" \/>\n\t<meta name=\"twitter:data1\" content=\"3 minuty\" \/>\n<script type=\"application\/ld+json\" class=\"yoast-schema-graph\">{\"@context\":\"https:\/\/schema.org\",\"@graph\":[{\"@type\":\"WebPage\",\"@id\":\"https:\/\/ironsky.pl\/sklep\/produkt\/selfie-stick-telesin-z-wlokna-weglowego-116m\/\",\"url\":\"https:\/\/ironsky.pl\/sklep\/produkt\/selfie-stick-telesin-z-wlokna-weglowego-116m\/\",\"name\":\"Selfie stick TELESIN z w\u0142\u00f3kna w\u0119glowego 1,16m - IRONSKY.PL Sklep z Dronami\",\"isPartOf\":{\"@id\":\"https:\/\/ironsky.pl\/sklep\/#website\"},\"primaryImageOfPage\":{\"@id\":\"https:\/\/ironsky.pl\/sklep\/produkt\/selfie-stick-telesin-z-wlokna-weglowego-116m\/#primaryimage\"},\"image\":{\"@id\":\"https:\/\/ironsky.pl\/sklep\/produkt\/selfie-stick-telesin-z-wlokna-weglowego-116m\/#primaryimage\"},\"thumbnailUrl\":\"https:\/\/ironsky.pl\/sklep\/wp-content\/uploads\/2026\/04\/46306_1.jpg\",\"datePublished\":\"2026-04-15T08:46:48+00:00\",\"dateModified\":\"2026-04-15T08:47:13+00:00\",\"description\":\"Selfie stick TELESIN z w\u0142\u00f3kna w\u0119glowego 1,16m - \u2705 sklep z dronami i fachowym doradztwem. \u2705 Tutaj kupisz produkty DJI, Yuneec, Parrot, Syma i wiele innych, a tak\u017ce kursy i licencje na operatora drona.\",\"breadcrumb\":{\"@id\":\"https:\/\/ironsky.pl\/sklep\/produkt\/selfie-stick-telesin-z-wlokna-weglowego-116m\/#breadcrumb\"},\"inLanguage\":\"pl-PL\",\"potentialAction\":[{\"@type\":\"ReadAction\",\"target\":[\"https:\/\/ironsky.pl\/sklep\/produkt\/selfie-stick-telesin-z-wlokna-weglowego-116m\/\"]}]},{\"@type\":\"ImageObject\",\"inLanguage\":\"pl-PL\",\"@id\":\"https:\/\/ironsky.pl\/sklep\/produkt\/selfie-stick-telesin-z-wlokna-weglowego-116m\/#primaryimage\",\"url\":\"https:\/\/ironsky.pl\/sklep\/wp-content\/uploads\/2026\/04\/46306_1.jpg\",\"contentUrl\":\"https:\/\/ironsky.pl\/sklep\/wp-content\/uploads\/2026\/04\/46306_1.jpg\",\"width\":800,\"height\":800},{\"@type\":\"BreadcrumbList\",\"@id\":\"https:\/\/ironsky.pl\/sklep\/produkt\/selfie-stick-telesin-z-wlokna-weglowego-116m\/#breadcrumb\",\"itemListElement\":[{\"@type\":\"ListItem\",\"position\":1,\"name\":\"Strona g\u0142\u00f3wna\",\"item\":\"https:\/\/ironsky.pl\/sklep\/\"},{\"@type\":\"ListItem\",\"position\":2,\"name\":\"Wszystkie produkty\",\"item\":\"https:\/\/ironsky.pl\/sklep\/produkty\/\"},{\"@type\":\"ListItem\",\"position\":3,\"name\":\"Selfie stick TELESIN z w\u0142\u00f3kna w\u0119glowego 1,16m\"}]},{\"@type\":\"WebSite\",\"@id\":\"https:\/\/ironsky.pl\/sklep\/#website\",\"url\":\"https:\/\/ironsky.pl\/sklep\/\",\"name\":\"IRONSKY.PL Sklep z Dronami\",\"description\":\"IRONSKY.PL Sklep z Dronami\",\"potentialAction\":[{\"@type\":\"SearchAction\",\"target\":{\"@type\":\"EntryPoint\",\"urlTemplate\":\"https:\/\/ironsky.pl\/sklep\/?s={search_term_string}\"},\"query-input\":{\"@type\":\"PropertyValueSpecification\",\"valueRequired\":true,\"valueName\":\"search_term_string\"}}],\"inLanguage\":\"pl-PL\"}]}<\/script>\n<!-- \/ Yoast SEO plugin. -->","yoast_head_json":{"title":"Selfie stick TELESIN z w\u0142\u00f3kna w\u0119glowego 1,16m - IRONSKY.PL Sklep z Dronami","description":"Selfie stick TELESIN z w\u0142\u00f3kna w\u0119glowego 1,16m - \u2705 sklep z dronami i fachowym doradztwem. \u2705 Tutaj kupisz produkty DJI, Yuneec, Parrot, Syma i wiele innych, a tak\u017ce kursy i licencje na operatora drona.","robots":{"index":"index","follow":"follow","max-snippet":"max-snippet:-1","max-image-preview":"max-image-preview:large","max-video-preview":"max-video-preview:-1"},"canonical":"https:\/\/ironsky.pl\/sklep\/produkt\/selfie-stick-telesin-z-wlokna-weglowego-116m\/","og_locale":"pl_PL","og_type":"article","og_title":"Selfie stick TELESIN z w\u0142\u00f3kna w\u0119glowego 1,16m - IRONSKY.PL Sklep z Dronami","og_description":"Selfie stick TELESIN z w\u0142\u00f3kna w\u0119glowego 1,16m - \u2705 sklep z dronami i fachowym doradztwem. \u2705 Tutaj kupisz produkty DJI, Yuneec, Parrot, Syma i wiele innych, a tak\u017ce kursy i licencje na operatora drona.","og_url":"https:\/\/ironsky.pl\/sklep\/produkt\/selfie-stick-telesin-z-wlokna-weglowego-116m\/","og_site_name":"IRONSKY.PL Sklep z Dronami","article_modified_time":"2026-04-15T08:47:13+00:00","og_image":[{"width":800,"height":800,"url":"https:\/\/ironsky.pl\/sklep\/wp-content\/uploads\/2026\/04\/46306_1.jpg","type":"image\/jpeg"}],"twitter_card":"summary_large_image","twitter_misc":{"Szacowany czas czytania":"3 minuty"},"schema":{"@context":"https:\/\/schema.org","@graph":[{"@type":"WebPage","@id":"https:\/\/ironsky.pl\/sklep\/produkt\/selfie-stick-telesin-z-wlokna-weglowego-116m\/","url":"https:\/\/ironsky.pl\/sklep\/produkt\/selfie-stick-telesin-z-wlokna-weglowego-116m\/","name":"Selfie stick TELESIN z w\u0142\u00f3kna w\u0119glowego 1,16m - IRONSKY.PL Sklep z Dronami","isPartOf":{"@id":"https:\/\/ironsky.pl\/sklep\/#website"},"primaryImageOfPage":{"@id":"https:\/\/ironsky.pl\/sklep\/produkt\/selfie-stick-telesin-z-wlokna-weglowego-116m\/#primaryimage"},"image":{"@id":"https:\/\/ironsky.pl\/sklep\/produkt\/selfie-stick-telesin-z-wlokna-weglowego-116m\/#primaryimage"},"thumbnailUrl":"https:\/\/ironsky.pl\/sklep\/wp-content\/uploads\/2026\/04\/46306_1.jpg","datePublished":"2026-04-15T08:46:48+00:00","dateModified":"2026-04-15T08:47:13+00:00","description":"Selfie stick TELESIN z w\u0142\u00f3kna w\u0119glowego 1,16m - \u2705 sklep z dronami i fachowym doradztwem. \u2705 Tutaj kupisz produkty DJI, Yuneec, Parrot, Syma i wiele innych, a tak\u017ce kursy i licencje na operatora drona.","breadcrumb":{"@id":"https:\/\/ironsky.pl\/sklep\/produkt\/selfie-stick-telesin-z-wlokna-weglowego-116m\/#breadcrumb"},"inLanguage":"pl-PL","potentialAction":[{"@type":"ReadAction","target":["https:\/\/ironsky.pl\/sklep\/produkt\/selfie-stick-telesin-z-wlokna-weglowego-116m\/"]}]},{"@type":"ImageObject","inLanguage":"pl-PL","@id":"https:\/\/ironsky.pl\/sklep\/produkt\/selfie-stick-telesin-z-wlokna-weglowego-116m\/#primaryimage","url":"https:\/\/ironsky.pl\/sklep\/wp-content\/uploads\/2026\/04\/46306_1.jpg","contentUrl":"https:\/\/ironsky.pl\/sklep\/wp-content\/uploads\/2026\/04\/46306_1.jpg","width":800,"height":800},{"@type":"BreadcrumbList","@id":"https:\/\/ironsky.pl\/sklep\/produkt\/selfie-stick-telesin-z-wlokna-weglowego-116m\/#breadcrumb","itemListElement":[{"@type":"ListItem","position":1,"name":"Strona g\u0142\u00f3wna","item":"https:\/\/ironsky.pl\/sklep\/"},{"@type":"ListItem","position":2,"name":"Wszystkie produkty","item":"https:\/\/ironsky.pl\/sklep\/produkty\/"},{"@type":"ListItem","position":3,"name":"Selfie stick TELESIN z w\u0142\u00f3kna w\u0119glowego 1,16m"}]},{"@type":"WebSite","@id":"https:\/\/ironsky.pl\/sklep\/#website","url":"https:\/\/ironsky.pl\/sklep\/","name":"IRONSKY.PL Sklep z Dronami","description":"IRONSKY.PL Sklep z Dronami","potentialAction":[{"@type":"SearchAction","target":{"@type":"EntryPoint","urlTemplate":"https:\/\/ironsky.pl\/sklep\/?s={search_term_string}"},"query-input":{"@type":"PropertyValueSpecification","valueRequired":true,"valueName":"search_term_string"}}],"inLanguage":"pl-PL"}]}},"_links":{"self":[{"href":"https:\/\/ironsky.pl\/sklep\/wp-json\/wp\/v2\/product\/59401","targetHints":{"allow":["GET"]}}],"collection":[{"href":"https:\/\/ironsky.pl\/sklep\/wp-json\/wp\/v2\/product"}],"about":[{"href":"https:\/\/ironsky.pl\/sklep\/wp-json\/wp\/v2\/types\/product"}],"replies":[{"embeddable":true,"href":"https:\/\/ironsky.pl\/sklep\/wp-json\/wp\/v2\/comments?post=59401"}],"wp:featuredmedia":[{"embeddable":true,"href":"https:\/\/ironsky.pl\/sklep\/wp-json\/wp\/v2\/media\/59402"}],"wp:attachment":[{"href":"https:\/\/ironsky.pl\/sklep\/wp-json\/wp\/v2\/media?parent=59401"}],"wp:term":[{"taxonomy":"product_brand","embeddable":true,"href":"https:\/\/ironsky.pl\/sklep\/wp-json\/wp\/v2\/product_brand?post=59401"},{"taxonomy":"product_cat","embeddable":true,"href":"https:\/\/ironsky.pl\/sklep\/wp-json\/wp\/v2\/product_cat?post=59401"},{"taxonomy":"product_tag","embeddable":true,"href":"https:\/\/ironsky.pl\/sklep\/wp-json\/wp\/v2\/product_tag?post=59401"}],"curies":[{"name":"wp","href":"https:\/\/api.w.org\/{rel}","templated":true}]}}