{"id":59365,"date":"2026-04-15T10:46:48","date_gmt":"2026-04-15T08:46:48","guid":{"rendered":"https:\/\/ironsky.pl\/sklep\/produkt\/plecak-walizka-neewer-2w1\/"},"modified":"2026-04-15T10:46:53","modified_gmt":"2026-04-15T08:46:53","slug":"plecak-walizka-neewer-2w1","status":"publish","type":"product","link":"https:\/\/ironsky.pl\/sklep\/produkt\/plecak-walizka-neewer-2w1\/","title":{"rendered":"Plecak-walizka NEEWER 2w1"},"content":{"rendered":"<h3>Walizka i plecak 2w1 Neewer<\/h3>\n<p>Neewer 2w1 Walizka i Plecak na k\u00f3\u0142kach to idealne rozwi\u0105zanie dla fotograf\u00f3w i filmowc\u00f3w, kt\u00f3rzy potrzebuj\u0105 wszechstronnego sposobu na bezpieczne przenoszenie sprz\u0119tu. Ten wysokiej jako\u015bci plecak mo\u017cna \u0142atwo przekszta\u0142ci\u0107 w wygodn\u0105 walizk\u0119 na k\u00f3\u0142kach, co sprawia, \u017ce jest idealnym towarzyszem podr\u00f3\u017cy, r\u00f3wnie\u017c tych samolotowych. Dzi\u0119ki mo\u017cliwo\u015bci odczepienia wewn\u0119trznego zestawu u\u017cytkownicy mog\u0105 dostosowa\u0107 wn\u0119trze do w\u0142asnych potrzeb, zapewniaj\u0105c miejsce na r\u00f3\u017cne akcesoria fotograficzne.<\/p>\n<p>\n<img decoding=\"async\" src=\"https:\/\/assets.innpro.pl\/8860\/10375\/3.jpg\" border=\"0\" \/>\n<\/p>\n<h3>Du\u017ca pojemno\u015b\u0107<\/h3>\n<p>Plecak oferuje imponuj\u0105c\u0105 pojemno\u015b\u0107, kt\u00f3ra pozwala na przechowywanie dw\u00f3ch lustrzanek z zamontowanymi obiektywami oraz dodatkowych obiektyw\u00f3w, lamp b\u0142yskowych i innych niezb\u0119dnych akcesori\u00f3w. Wn\u0119trze jest wyposa\u017cone w wy\u015bcie\u0142ane, odpinane przegrody, kt\u00f3re mo\u017cna dowolnie konfigurowa\u0107, co umo\u017cliwia optymalne wykorzystanie przestrzeni i ochron\u0119 sprz\u0119tu przed uszkodzeniami.<\/p>\n<p>\n<img decoding=\"async\" src=\"https:\/\/assets.innpro.pl\/8860\/10375\/5.jpg\" border=\"0\" \/>\n<\/p>\n<h3>\u0141atwo\u015b\u0107 u\u017cytkowania i elegancki wygl\u0105d<\/h3>\n<p>Plecak jest zaprojektowany z my\u015bl\u0105 o funkcjonalno\u015bci i estetyce. Posiada boczne paski, kt\u00f3re umo\u017cliwiaj\u0105 zamocowanie statywu, monopodu lub lekkiego statywu o\u015bwietleniowego. Dodatkowo przednia kiesze\u0144 oferuje miejsce na dokumenty, karty oraz inne drobne przedmioty. Regulowane, wy\u015bcie\u0142ane szelki i uchwyty mo\u017cna \u0142atwo schowa\u0107, gdy nie s\u0105 potrzebne, co zwi\u0119ksza wygod\u0119 u\u017cytkowania.<\/p>\n<p>\n<img decoding=\"async\" src=\"https:\/\/assets.innpro.pl\/8860\/10375\/1.jpg\" border=\"0\" \/>\n<\/p>\n<h3>Trwa\u0142o\u015b\u0107 i mobilno\u015b\u0107<\/h3>\n<p>Korpus walizki wykonany jest z wysokiej g\u0119sto\u015bci nylonu wodoodpornego, kt\u00f3ry zapewnia ochron\u0119 sprz\u0119tu w trudnych warunkach. Regulowane, wy\u015bcie\u0142ane szelki zapewniaj\u0105 maksymalny komfort noszenia, a 50-centymetrowy metalowy dr\u0105\u017cek oraz wysokiej jako\u015bci k\u00f3\u0142ka umo\u017cliwiaj\u0105 p\u0142ynne przemieszczanie si\u0119, nawet na nier\u00f3wnych powierzchniach.<\/p>\n<p>\n<img decoding=\"async\" src=\"https:\/\/assets.innpro.pl\/8860\/10375\/7.jpg\" border=\"0\" \/>\n<\/p>\n<div class=\"table-wrapper\">\n<p>\u00a0<\/p>\n<h3><\/h3>\n<table>\n<tbody>\n<tr>\n<th>Nazwa:<\/th>\n<td>Walizka i plecak 2w1 Neewer<\/td>\n<\/tr>\n<tr>\n<th>Producent:<\/th>\n<td>Neewer<\/td>\n<\/tr>\n<tr>\n<th>Model:<\/th>\n<td>B078PGJ4HW<\/td>\n<\/tr>\n<tr>\n<th>Wymiary:<\/th>\n<td>49 x 33 x 20 cm<\/td>\n<\/tr>\n<tr>\n<th>D\u0142ugo\u015b\u0107 wysuwanego dr\u0105\u017cka:<\/th>\n<td>50 cm<\/td>\n<\/tr>\n<tr>\n<th>Materia\u0142:<\/th>\n<td>Wysokiej g\u0119sto\u015bci wodoodporny nylon<\/td>\n<\/tr>\n<\/tbody>\n<\/table>\n<\/div>\n","protected":false},"excerpt":{"rendered":"<p>Walizka i plecak 2w1 Neewer Neewer 2w1 Walizka i Plecak na k\u00f3\u0142kach to idealne rozwi\u0105zanie dla fotograf\u00f3w i filmowc\u00f3w, kt\u00f3rzy<\/p>\n","protected":false},"featured_media":59366,"comment_status":"closed","ping_status":"open","template":"","meta":{"_acf_changed":false},"product_brand":[],"product_cat":[1128,6172,6205],"product_tag":[],"class_list":{"0":"post-59365","1":"product","2":"type-product","3":"status-publish","4":"has-post-thumbnail","6":"product_cat-foto-wideo","7":"product_cat-przechowywanie-i-transport","8":"product_cat-torby","9":"pa_okres-gwarancji-5757","10":"pa_producent-neewer","12":"first","13":"outofstock","14":"taxable","15":"shipping-taxable","16":"purchasable","17":"product-type-simple"},"acf":[],"yoast_head":"<!-- This site is optimized with the Yoast SEO plugin v27.2 - https:\/\/yoast.com\/product\/yoast-seo-wordpress\/ -->\n<title>Plecak-walizka NEEWER 2w1 - IRONSKY.PL Sklep z Dronami<\/title>\n<meta name=\"description\" content=\"Plecak-walizka NEEWER 2w1 - \u2705 sklep z dronami i fachowym doradztwem. \u2705 Tutaj kupisz produkty DJI, Yuneec, Parrot, Syma i wiele innych, a tak\u017ce kursy i licencje na operatora drona.\" \/>\n<meta name=\"robots\" content=\"index, follow, max-snippet:-1, max-image-preview:large, max-video-preview:-1\" \/>\n<link rel=\"canonical\" href=\"https:\/\/ironsky.pl\/sklep\/produkt\/plecak-walizka-neewer-2w1\/\" \/>\n<meta property=\"og:locale\" content=\"pl_PL\" \/>\n<meta property=\"og:type\" content=\"article\" \/>\n<meta property=\"og:title\" content=\"Plecak-walizka NEEWER 2w1 - IRONSKY.PL Sklep z Dronami\" \/>\n<meta property=\"og:description\" content=\"Plecak-walizka NEEWER 2w1 - \u2705 sklep z dronami i fachowym doradztwem. \u2705 Tutaj kupisz produkty DJI, Yuneec, Parrot, Syma i wiele innych, a tak\u017ce kursy i licencje na operatora drona.\" \/>\n<meta property=\"og:url\" content=\"https:\/\/ironsky.pl\/sklep\/produkt\/plecak-walizka-neewer-2w1\/\" \/>\n<meta property=\"og:site_name\" content=\"IRONSKY.PL Sklep z Dronami\" \/>\n<meta property=\"article:modified_time\" content=\"2026-04-15T08:46:53+00:00\" \/>\n<meta property=\"og:image\" content=\"https:\/\/ironsky.pl\/sklep\/wp-content\/uploads\/2026\/04\/46164_1.jpg\" \/>\n\t<meta property=\"og:image:width\" content=\"800\" \/>\n\t<meta property=\"og:image:height\" content=\"800\" \/>\n\t<meta property=\"og:image:type\" content=\"image\/jpeg\" \/>\n<meta name=\"twitter:card\" content=\"summary_large_image\" \/>\n<meta name=\"twitter:label1\" content=\"Szacowany czas czytania\" \/>\n\t<meta name=\"twitter:data1\" content=\"1 minuta\" \/>\n<script type=\"application\/ld+json\" class=\"yoast-schema-graph\">{\"@context\":\"https:\/\/schema.org\",\"@graph\":[{\"@type\":\"WebPage\",\"@id\":\"https:\/\/ironsky.pl\/sklep\/produkt\/plecak-walizka-neewer-2w1\/\",\"url\":\"https:\/\/ironsky.pl\/sklep\/produkt\/plecak-walizka-neewer-2w1\/\",\"name\":\"Plecak-walizka NEEWER 2w1 - IRONSKY.PL Sklep z Dronami\",\"isPartOf\":{\"@id\":\"https:\/\/ironsky.pl\/sklep\/#website\"},\"primaryImageOfPage\":{\"@id\":\"https:\/\/ironsky.pl\/sklep\/produkt\/plecak-walizka-neewer-2w1\/#primaryimage\"},\"image\":{\"@id\":\"https:\/\/ironsky.pl\/sklep\/produkt\/plecak-walizka-neewer-2w1\/#primaryimage\"},\"thumbnailUrl\":\"https:\/\/ironsky.pl\/sklep\/wp-content\/uploads\/2026\/04\/46164_1.jpg\",\"datePublished\":\"2026-04-15T08:46:48+00:00\",\"dateModified\":\"2026-04-15T08:46:53+00:00\",\"description\":\"Plecak-walizka NEEWER 2w1 - \u2705 sklep z dronami i fachowym doradztwem. \u2705 Tutaj kupisz produkty DJI, Yuneec, Parrot, Syma i wiele innych, a tak\u017ce kursy i licencje na operatora drona.\",\"breadcrumb\":{\"@id\":\"https:\/\/ironsky.pl\/sklep\/produkt\/plecak-walizka-neewer-2w1\/#breadcrumb\"},\"inLanguage\":\"pl-PL\",\"potentialAction\":[{\"@type\":\"ReadAction\",\"target\":[\"https:\/\/ironsky.pl\/sklep\/produkt\/plecak-walizka-neewer-2w1\/\"]}]},{\"@type\":\"ImageObject\",\"inLanguage\":\"pl-PL\",\"@id\":\"https:\/\/ironsky.pl\/sklep\/produkt\/plecak-walizka-neewer-2w1\/#primaryimage\",\"url\":\"https:\/\/ironsky.pl\/sklep\/wp-content\/uploads\/2026\/04\/46164_1.jpg\",\"contentUrl\":\"https:\/\/ironsky.pl\/sklep\/wp-content\/uploads\/2026\/04\/46164_1.jpg\",\"width\":800,\"height\":800},{\"@type\":\"BreadcrumbList\",\"@id\":\"https:\/\/ironsky.pl\/sklep\/produkt\/plecak-walizka-neewer-2w1\/#breadcrumb\",\"itemListElement\":[{\"@type\":\"ListItem\",\"position\":1,\"name\":\"Strona g\u0142\u00f3wna\",\"item\":\"https:\/\/ironsky.pl\/sklep\/\"},{\"@type\":\"ListItem\",\"position\":2,\"name\":\"Wszystkie produkty\",\"item\":\"https:\/\/ironsky.pl\/sklep\/produkty\/\"},{\"@type\":\"ListItem\",\"position\":3,\"name\":\"Plecak-walizka NEEWER 2w1\"}]},{\"@type\":\"WebSite\",\"@id\":\"https:\/\/ironsky.pl\/sklep\/#website\",\"url\":\"https:\/\/ironsky.pl\/sklep\/\",\"name\":\"IRONSKY.PL Sklep z Dronami\",\"description\":\"IRONSKY.PL Sklep z Dronami\",\"potentialAction\":[{\"@type\":\"SearchAction\",\"target\":{\"@type\":\"EntryPoint\",\"urlTemplate\":\"https:\/\/ironsky.pl\/sklep\/?s={search_term_string}\"},\"query-input\":{\"@type\":\"PropertyValueSpecification\",\"valueRequired\":true,\"valueName\":\"search_term_string\"}}],\"inLanguage\":\"pl-PL\"}]}<\/script>\n<!-- \/ Yoast SEO plugin. -->","yoast_head_json":{"title":"Plecak-walizka NEEWER 2w1 - IRONSKY.PL Sklep z Dronami","description":"Plecak-walizka NEEWER 2w1 - \u2705 sklep z dronami i fachowym doradztwem. \u2705 Tutaj kupisz produkty DJI, Yuneec, Parrot, Syma i wiele innych, a tak\u017ce kursy i licencje na operatora drona.","robots":{"index":"index","follow":"follow","max-snippet":"max-snippet:-1","max-image-preview":"max-image-preview:large","max-video-preview":"max-video-preview:-1"},"canonical":"https:\/\/ironsky.pl\/sklep\/produkt\/plecak-walizka-neewer-2w1\/","og_locale":"pl_PL","og_type":"article","og_title":"Plecak-walizka NEEWER 2w1 - IRONSKY.PL Sklep z Dronami","og_description":"Plecak-walizka NEEWER 2w1 - \u2705 sklep z dronami i fachowym doradztwem. \u2705 Tutaj kupisz produkty DJI, Yuneec, Parrot, Syma i wiele innych, a tak\u017ce kursy i licencje na operatora drona.","og_url":"https:\/\/ironsky.pl\/sklep\/produkt\/plecak-walizka-neewer-2w1\/","og_site_name":"IRONSKY.PL Sklep z Dronami","article_modified_time":"2026-04-15T08:46:53+00:00","og_image":[{"width":800,"height":800,"url":"https:\/\/ironsky.pl\/sklep\/wp-content\/uploads\/2026\/04\/46164_1.jpg","type":"image\/jpeg"}],"twitter_card":"summary_large_image","twitter_misc":{"Szacowany czas czytania":"1 minuta"},"schema":{"@context":"https:\/\/schema.org","@graph":[{"@type":"WebPage","@id":"https:\/\/ironsky.pl\/sklep\/produkt\/plecak-walizka-neewer-2w1\/","url":"https:\/\/ironsky.pl\/sklep\/produkt\/plecak-walizka-neewer-2w1\/","name":"Plecak-walizka NEEWER 2w1 - IRONSKY.PL Sklep z Dronami","isPartOf":{"@id":"https:\/\/ironsky.pl\/sklep\/#website"},"primaryImageOfPage":{"@id":"https:\/\/ironsky.pl\/sklep\/produkt\/plecak-walizka-neewer-2w1\/#primaryimage"},"image":{"@id":"https:\/\/ironsky.pl\/sklep\/produkt\/plecak-walizka-neewer-2w1\/#primaryimage"},"thumbnailUrl":"https:\/\/ironsky.pl\/sklep\/wp-content\/uploads\/2026\/04\/46164_1.jpg","datePublished":"2026-04-15T08:46:48+00:00","dateModified":"2026-04-15T08:46:53+00:00","description":"Plecak-walizka NEEWER 2w1 - \u2705 sklep z dronami i fachowym doradztwem. \u2705 Tutaj kupisz produkty DJI, Yuneec, Parrot, Syma i wiele innych, a tak\u017ce kursy i licencje na operatora drona.","breadcrumb":{"@id":"https:\/\/ironsky.pl\/sklep\/produkt\/plecak-walizka-neewer-2w1\/#breadcrumb"},"inLanguage":"pl-PL","potentialAction":[{"@type":"ReadAction","target":["https:\/\/ironsky.pl\/sklep\/produkt\/plecak-walizka-neewer-2w1\/"]}]},{"@type":"ImageObject","inLanguage":"pl-PL","@id":"https:\/\/ironsky.pl\/sklep\/produkt\/plecak-walizka-neewer-2w1\/#primaryimage","url":"https:\/\/ironsky.pl\/sklep\/wp-content\/uploads\/2026\/04\/46164_1.jpg","contentUrl":"https:\/\/ironsky.pl\/sklep\/wp-content\/uploads\/2026\/04\/46164_1.jpg","width":800,"height":800},{"@type":"BreadcrumbList","@id":"https:\/\/ironsky.pl\/sklep\/produkt\/plecak-walizka-neewer-2w1\/#breadcrumb","itemListElement":[{"@type":"ListItem","position":1,"name":"Strona g\u0142\u00f3wna","item":"https:\/\/ironsky.pl\/sklep\/"},{"@type":"ListItem","position":2,"name":"Wszystkie produkty","item":"https:\/\/ironsky.pl\/sklep\/produkty\/"},{"@type":"ListItem","position":3,"name":"Plecak-walizka NEEWER 2w1"}]},{"@type":"WebSite","@id":"https:\/\/ironsky.pl\/sklep\/#website","url":"https:\/\/ironsky.pl\/sklep\/","name":"IRONSKY.PL Sklep z Dronami","description":"IRONSKY.PL Sklep z Dronami","potentialAction":[{"@type":"SearchAction","target":{"@type":"EntryPoint","urlTemplate":"https:\/\/ironsky.pl\/sklep\/?s={search_term_string}"},"query-input":{"@type":"PropertyValueSpecification","valueRequired":true,"valueName":"search_term_string"}}],"inLanguage":"pl-PL"}]}},"_links":{"self":[{"href":"https:\/\/ironsky.pl\/sklep\/wp-json\/wp\/v2\/product\/59365","targetHints":{"allow":["GET"]}}],"collection":[{"href":"https:\/\/ironsky.pl\/sklep\/wp-json\/wp\/v2\/product"}],"about":[{"href":"https:\/\/ironsky.pl\/sklep\/wp-json\/wp\/v2\/types\/product"}],"replies":[{"embeddable":true,"href":"https:\/\/ironsky.pl\/sklep\/wp-json\/wp\/v2\/comments?post=59365"}],"wp:featuredmedia":[{"embeddable":true,"href":"https:\/\/ironsky.pl\/sklep\/wp-json\/wp\/v2\/media\/59366"}],"wp:attachment":[{"href":"https:\/\/ironsky.pl\/sklep\/wp-json\/wp\/v2\/media?parent=59365"}],"wp:term":[{"taxonomy":"product_brand","embeddable":true,"href":"https:\/\/ironsky.pl\/sklep\/wp-json\/wp\/v2\/product_brand?post=59365"},{"taxonomy":"product_cat","embeddable":true,"href":"https:\/\/ironsky.pl\/sklep\/wp-json\/wp\/v2\/product_cat?post=59365"},{"taxonomy":"product_tag","embeddable":true,"href":"https:\/\/ironsky.pl\/sklep\/wp-json\/wp\/v2\/product_tag?post=59365"}],"curies":[{"name":"wp","href":"https:\/\/api.w.org\/{rel}","templated":true}]}}