{"id":59363,"date":"2026-04-15T10:46:48","date_gmt":"2026-04-15T08:46:48","guid":{"rendered":"https:\/\/ironsky.pl\/sklep\/produkt\/statyw-stolowy-neewer-dwuramienny-czarny\/"},"modified":"2026-04-15T10:46:51","modified_gmt":"2026-04-15T08:46:51","slug":"statyw-stolowy-neewer-dwuramienny-czarny","status":"publish","type":"product","link":"https:\/\/ironsky.pl\/sklep\/produkt\/statyw-stolowy-neewer-dwuramienny-czarny\/","title":{"rendered":"Statyw sto\u0142owy NEEWER dwuramienny (czarny)"},"content":{"rendered":"<h3>Dwuramienny statyw sto\u0142owy Neewer (czarny)<\/h3>\n<p>Poznaj Dwuramienny Statyw Sto\u0142owy Neewer, idealne rozwi\u0105zanie dla profesjonalist\u00f3w i entuzjast\u00f3w fotografii, wideografii oraz transmisji na \u017cywo. Dzi\u0119ki niemu uzyskasz stabilne uj\u0119cia z r\u00f3\u017cnych k\u0105t\u00f3w, niezale\u017cnie od tego, czy u\u017cywasz aparatu DSLR, kamerki internetowej, czy o\u015bwietlenia. Jego wszechstronno\u015b\u0107 sprawia, \u017ce jest idealnym narz\u0119dziem do pracy kreatywnej, a tak\u017ce do codziennych zada\u0144, takich jak wideokonferencje.<\/p>\n<p>\n<img decoding=\"async\" src=\"https:\/\/assets.innpro.pl\/8858\/10372\/6.jpg\" border=\"0\" \/>\n<\/p>\n<h3>Regulowany statyw z mocnym uchwytami<\/h3>\n<p>Statyw wyposa\u017cony jest w teleskopowy uchwyt, kt\u00f3ry mo\u017cna regulowa\u0107 w zakresie od 61 do 120 cm, co pozwala na precyzyjne dostosowanie wysoko\u015bci do twoich potrzeb. Mechanizm blokady twist lock umo\u017cliwia szybkie i \u0142atwe ustawienie wybranej pozycji. Zmodernizowany uchwyt zaciskowy o \u015brednicy otworu 9 cm zapewnia mocne trzymanie i zwi\u0119kszon\u0105 no\u015bno\u015b\u0107, dzi\u0119ki czemu statyw jest stabilny nawet przy ci\u0119\u017cszym sprz\u0119cie.<\/p>\n<p>\n<img decoding=\"async\" src=\"https:\/\/assets.innpro.pl\/8858\/10372\/4.jpg\" border=\"0\" \/>\n<\/p>\n<h3>Wszechstronne ramiona podtrzymuj\u0105ce<\/h3>\n<p>Statyw posiada dwa pomocnicze ramiona, kt\u00f3re mo\u017cna zamontowa\u0107 za pomoc\u0105 regulowanego klipsa okr\u0105g\u0142ego lub otworu gwintowanego 1\/4&#8243;. Ramiona te mog\u0105 utrzyma\u0107 aparat lub o\u015bwietlenie o wadze do 0,9 kg, co pozwala na wykonywanie zdj\u0119\u0107 z r\u00f3\u017cnych kierunk\u00f3w. To idealne rozwi\u0105zanie do tworzenia skomplikowanych uj\u0119\u0107, bez konieczno\u015bci przestawiania ca\u0142ego statywu.<\/p>\n<p>\n<img decoding=\"async\" src=\"https:\/\/assets.innpro.pl\/8858\/10372\/2.jpg\" border=\"0\" \/>\n<\/p>\n<h3>Obracalne g\u0142owice kulowe 360\u00b0<\/h3>\n<p>Dzi\u0119ki obrotowym g\u0142owicom kulkowym, ramiona statywu s\u0105 w pe\u0142ni wszechstronne i oferuj\u0105 elastyczne oraz precyzyjne pozycjonowanie. G\u0142owice umo\u017cliwiaj\u0105 obr\u00f3t o 360\u00b0 oraz nachylenie o 90\u00b0, co zapewnia maksymaln\u0105 kontrol\u0119 nad ustawieniem urz\u0105dze\u0144. Dodatkowo gumowe p\u0142ytki monta\u017cowe zabezpieczaj\u0105 sprz\u0119t przed zarysowaniami, a pokr\u0119t\u0142a blokuj\u0105ce zapewniaj\u0105 stabilno\u015b\u0107 urz\u0105dze\u0144.<\/p>\n<p>\n<img decoding=\"async\" src=\"https:\/\/assets.innpro.pl\/8858\/10372\/5.jpg\" border=\"0\" \/>\n<\/p>\n<h3>Wytrzyma\u0142a konstrukcja z aluminium<\/h3>\n<p>Statyw i ramiona wykonane s\u0105 z anodowanego aluminium w kolorze czarnym, co gwarantuje trwa\u0142o\u015b\u0107, odporno\u015b\u0107 na korozj\u0119, wilgo\u0107 oraz kurz. To oznacza, \u017ce sprz\u0119t b\u0119dzie s\u0142u\u017cy\u0142 przez lata, a jego utrzymanie w czysto\u015bci b\u0119dzie \u0142atwe.<\/p>\n<p>\n<img decoding=\"async\" src=\"https:\/\/assets.innpro.pl\/8858\/10372\/7.jpg\" border=\"0\" \/>\n<\/p>\n<h3>Uniwersalne Zastosowanie<\/h3>\n<p>Niezale\u017cnie od tego, czy potrzebujesz stabilnego uchwytu do fotografii flatlay, nagrywania tutoriali makija\u017cowych, prowadzenia wideokonferencji, czy transmisji na \u017cywo, ten statyw spe\u0142ni Twoje oczekiwania. Dzi\u0119ki mo\u017cliwo\u015bci regulacji i szerokim mo\u017cliwo\u015bciom ustawienia b\u0119dzie nieocenionym wsparciem w wielu projektach.<\/p>\n<p>\n<img decoding=\"async\" src=\"https:\/\/assets.innpro.pl\/8858\/10372\/3.jpg\" border=\"0\" \/>\n<\/p>\n<div class=\"table-wrapper\">\n<p>\u00a0<\/p>\n<h3><\/h3>\n<table>\n<tbody>\n<tr>\n<th>Nazwa:<\/th>\n<td>Dwuramienny statyw sto\u0142owy Neewer (czarny)<\/td>\n<\/tr>\n<tr>\n<th>Producent:<\/th>\n<td>Neewer<\/td>\n<\/tr>\n<tr>\n<th>Model:<\/th>\n<td>B0BH46BQWB<\/td>\n<\/tr>\n<tr>\n<th>Kolor:<\/th>\n<td>Czarny<\/td>\n<\/tr>\n<tr>\n<th>Kompatybilne urz\u0105dzenia:<\/th>\n<td>Aparaty fotograficzne, kamerki internetowe, o\u015bwietlenie<\/td>\n<\/tr>\n<tr>\n<th>Maksymalna no\u015bno\u015b\u0107:<\/th>\n<td>1 kg<\/td>\n<\/tr>\n<tr>\n<th>Waga produktu:<\/th>\n<td>ok. 1,64 kg<\/td>\n<\/tr>\n<tr>\n<th>Regulacja wysoko\u015bci statywu:<\/th>\n<td>61-120 cm<\/td>\n<\/tr>\n<tr>\n<th>Z\u0142o\u017cony rozmiar:<\/th>\n<td>61 cm<\/td>\n<\/tr>\n<tr>\n<th>Maksymalna \u015brednica otwarcia zacisku:<\/th>\n<td>9 cm<\/td>\n<\/tr>\n<tr>\n<th>Materia\u0142:<\/th>\n<td>Anodowane aluminium<\/td>\n<\/tr>\n<tr>\n<th>Zakres regulacji klipsa do mocowania ramion:<\/th>\n<td>22-28 mm<\/td>\n<\/tr>\n<tr>\n<th>Obracalno\u015b\u0107 g\u0142owicy kulkowej: <\/th>\n<td>360\u00b0 obr\u00f3t, 90\u00b0 nachylenie<\/td>\n<\/tr>\n<tr>\n<th>Gwinty monta\u017cowe:<\/th>\n<td>1\/4&#8243;, 3\/8&#8243;, 5\/8&#8243;<\/td>\n<\/tr>\n<tr>\n<th>No\u015bno\u015b\u0107 ramion pomocniczych (poziomo):<\/th>\n<td>1 kg<\/td>\n<\/tr>\n<tr>\n<th>Zastosowanie:<\/th>\n<td>Fotografia, wideografia, transmisje na \u017cywo, wideokonferencje, selfie, portrety<\/td>\n<\/tr>\n<\/tbody>\n<\/table>\n<\/div>\n","protected":false},"excerpt":{"rendered":"<p>Dwuramienny statyw sto\u0142owy Neewer (czarny) Poznaj Dwuramienny Statyw Sto\u0142owy Neewer, idealne rozwi\u0105zanie dla profesjonalist\u00f3w i entuzjast\u00f3w fotografii, wideografii oraz transmisji<\/p>\n","protected":false},"featured_media":59364,"comment_status":"closed","ping_status":"open","template":"","meta":{"_acf_changed":false},"product_brand":[],"product_cat":[1128,6178,6176,6190,6177,1138],"product_tag":[],"class_list":{"0":"post-59363","1":"product","2":"type-product","3":"status-publish","4":"has-post-thumbnail","6":"product_cat-foto-wideo","7":"product_cat-mocowania","8":"product_cat-selfie-stiki","9":"product_cat-statywy-mocowania","10":"product_cat-statywy-selfie-stiki","11":"product_cat-wysiegniki","12":"pa_okres-gwarancji-5757","13":"pa_producent-neewer","15":"first","16":"outofstock","17":"taxable","18":"shipping-taxable","19":"purchasable","20":"product-type-simple"},"acf":[],"yoast_head":"<!-- This site is optimized with the Yoast SEO plugin v27.2 - https:\/\/yoast.com\/product\/yoast-seo-wordpress\/ -->\n<title>Statyw sto\u0142owy NEEWER dwuramienny (czarny) - IRONSKY.PL Sklep z Dronami<\/title>\n<meta name=\"description\" content=\"Statyw sto\u0142owy NEEWER dwuramienny (czarny) - \u2705 sklep z dronami i fachowym doradztwem. \u2705 Tutaj kupisz produkty DJI, Yuneec, Parrot, Syma i wiele innych, a tak\u017ce kursy i licencje na operatora drona.\" \/>\n<meta name=\"robots\" content=\"index, follow, max-snippet:-1, max-image-preview:large, max-video-preview:-1\" \/>\n<link rel=\"canonical\" href=\"https:\/\/ironsky.pl\/sklep\/produkt\/statyw-stolowy-neewer-dwuramienny-czarny\/\" \/>\n<meta property=\"og:locale\" content=\"pl_PL\" \/>\n<meta property=\"og:type\" content=\"article\" \/>\n<meta property=\"og:title\" content=\"Statyw sto\u0142owy NEEWER dwuramienny (czarny) - IRONSKY.PL Sklep z Dronami\" \/>\n<meta property=\"og:description\" content=\"Statyw sto\u0142owy NEEWER dwuramienny (czarny) - \u2705 sklep z dronami i fachowym doradztwem. \u2705 Tutaj kupisz produkty DJI, Yuneec, Parrot, Syma i wiele innych, a tak\u017ce kursy i licencje na operatora drona.\" \/>\n<meta property=\"og:url\" content=\"https:\/\/ironsky.pl\/sklep\/produkt\/statyw-stolowy-neewer-dwuramienny-czarny\/\" \/>\n<meta property=\"og:site_name\" content=\"IRONSKY.PL Sklep z Dronami\" \/>\n<meta property=\"article:modified_time\" content=\"2026-04-15T08:46:51+00:00\" \/>\n<meta property=\"og:image\" content=\"https:\/\/ironsky.pl\/sklep\/wp-content\/uploads\/2026\/04\/46159_1.png\" \/>\n\t<meta property=\"og:image:width\" content=\"1200\" \/>\n\t<meta property=\"og:image:height\" content=\"1200\" \/>\n\t<meta property=\"og:image:type\" content=\"image\/png\" \/>\n<meta name=\"twitter:card\" content=\"summary_large_image\" \/>\n<meta name=\"twitter:label1\" content=\"Szacowany czas czytania\" \/>\n\t<meta name=\"twitter:data1\" content=\"2 minuty\" \/>\n<script type=\"application\/ld+json\" class=\"yoast-schema-graph\">{\"@context\":\"https:\/\/schema.org\",\"@graph\":[{\"@type\":\"WebPage\",\"@id\":\"https:\/\/ironsky.pl\/sklep\/produkt\/statyw-stolowy-neewer-dwuramienny-czarny\/\",\"url\":\"https:\/\/ironsky.pl\/sklep\/produkt\/statyw-stolowy-neewer-dwuramienny-czarny\/\",\"name\":\"Statyw sto\u0142owy NEEWER dwuramienny (czarny) - IRONSKY.PL Sklep z Dronami\",\"isPartOf\":{\"@id\":\"https:\/\/ironsky.pl\/sklep\/#website\"},\"primaryImageOfPage\":{\"@id\":\"https:\/\/ironsky.pl\/sklep\/produkt\/statyw-stolowy-neewer-dwuramienny-czarny\/#primaryimage\"},\"image\":{\"@id\":\"https:\/\/ironsky.pl\/sklep\/produkt\/statyw-stolowy-neewer-dwuramienny-czarny\/#primaryimage\"},\"thumbnailUrl\":\"https:\/\/ironsky.pl\/sklep\/wp-content\/uploads\/2026\/04\/46159_1.png\",\"datePublished\":\"2026-04-15T08:46:48+00:00\",\"dateModified\":\"2026-04-15T08:46:51+00:00\",\"description\":\"Statyw sto\u0142owy NEEWER dwuramienny (czarny) - \u2705 sklep z dronami i fachowym doradztwem. \u2705 Tutaj kupisz produkty DJI, Yuneec, Parrot, Syma i wiele innych, a tak\u017ce kursy i licencje na operatora drona.\",\"breadcrumb\":{\"@id\":\"https:\/\/ironsky.pl\/sklep\/produkt\/statyw-stolowy-neewer-dwuramienny-czarny\/#breadcrumb\"},\"inLanguage\":\"pl-PL\",\"potentialAction\":[{\"@type\":\"ReadAction\",\"target\":[\"https:\/\/ironsky.pl\/sklep\/produkt\/statyw-stolowy-neewer-dwuramienny-czarny\/\"]}]},{\"@type\":\"ImageObject\",\"inLanguage\":\"pl-PL\",\"@id\":\"https:\/\/ironsky.pl\/sklep\/produkt\/statyw-stolowy-neewer-dwuramienny-czarny\/#primaryimage\",\"url\":\"https:\/\/ironsky.pl\/sklep\/wp-content\/uploads\/2026\/04\/46159_1.png\",\"contentUrl\":\"https:\/\/ironsky.pl\/sklep\/wp-content\/uploads\/2026\/04\/46159_1.png\",\"width\":1200,\"height\":1200},{\"@type\":\"BreadcrumbList\",\"@id\":\"https:\/\/ironsky.pl\/sklep\/produkt\/statyw-stolowy-neewer-dwuramienny-czarny\/#breadcrumb\",\"itemListElement\":[{\"@type\":\"ListItem\",\"position\":1,\"name\":\"Strona g\u0142\u00f3wna\",\"item\":\"https:\/\/ironsky.pl\/sklep\/\"},{\"@type\":\"ListItem\",\"position\":2,\"name\":\"Wszystkie produkty\",\"item\":\"https:\/\/ironsky.pl\/sklep\/produkty\/\"},{\"@type\":\"ListItem\",\"position\":3,\"name\":\"Statyw sto\u0142owy NEEWER dwuramienny (czarny)\"}]},{\"@type\":\"WebSite\",\"@id\":\"https:\/\/ironsky.pl\/sklep\/#website\",\"url\":\"https:\/\/ironsky.pl\/sklep\/\",\"name\":\"IRONSKY.PL Sklep z Dronami\",\"description\":\"IRONSKY.PL Sklep z Dronami\",\"potentialAction\":[{\"@type\":\"SearchAction\",\"target\":{\"@type\":\"EntryPoint\",\"urlTemplate\":\"https:\/\/ironsky.pl\/sklep\/?s={search_term_string}\"},\"query-input\":{\"@type\":\"PropertyValueSpecification\",\"valueRequired\":true,\"valueName\":\"search_term_string\"}}],\"inLanguage\":\"pl-PL\"}]}<\/script>\n<!-- \/ Yoast SEO plugin. -->","yoast_head_json":{"title":"Statyw sto\u0142owy NEEWER dwuramienny (czarny) - IRONSKY.PL Sklep z Dronami","description":"Statyw sto\u0142owy NEEWER dwuramienny (czarny) - \u2705 sklep z dronami i fachowym doradztwem. \u2705 Tutaj kupisz produkty DJI, Yuneec, Parrot, Syma i wiele innych, a tak\u017ce kursy i licencje na operatora drona.","robots":{"index":"index","follow":"follow","max-snippet":"max-snippet:-1","max-image-preview":"max-image-preview:large","max-video-preview":"max-video-preview:-1"},"canonical":"https:\/\/ironsky.pl\/sklep\/produkt\/statyw-stolowy-neewer-dwuramienny-czarny\/","og_locale":"pl_PL","og_type":"article","og_title":"Statyw sto\u0142owy NEEWER dwuramienny (czarny) - IRONSKY.PL Sklep z Dronami","og_description":"Statyw sto\u0142owy NEEWER dwuramienny (czarny) - \u2705 sklep z dronami i fachowym doradztwem. \u2705 Tutaj kupisz produkty DJI, Yuneec, Parrot, Syma i wiele innych, a tak\u017ce kursy i licencje na operatora drona.","og_url":"https:\/\/ironsky.pl\/sklep\/produkt\/statyw-stolowy-neewer-dwuramienny-czarny\/","og_site_name":"IRONSKY.PL Sklep z Dronami","article_modified_time":"2026-04-15T08:46:51+00:00","og_image":[{"width":1200,"height":1200,"url":"https:\/\/ironsky.pl\/sklep\/wp-content\/uploads\/2026\/04\/46159_1.png","type":"image\/png"}],"twitter_card":"summary_large_image","twitter_misc":{"Szacowany czas czytania":"2 minuty"},"schema":{"@context":"https:\/\/schema.org","@graph":[{"@type":"WebPage","@id":"https:\/\/ironsky.pl\/sklep\/produkt\/statyw-stolowy-neewer-dwuramienny-czarny\/","url":"https:\/\/ironsky.pl\/sklep\/produkt\/statyw-stolowy-neewer-dwuramienny-czarny\/","name":"Statyw sto\u0142owy NEEWER dwuramienny (czarny) - IRONSKY.PL Sklep z Dronami","isPartOf":{"@id":"https:\/\/ironsky.pl\/sklep\/#website"},"primaryImageOfPage":{"@id":"https:\/\/ironsky.pl\/sklep\/produkt\/statyw-stolowy-neewer-dwuramienny-czarny\/#primaryimage"},"image":{"@id":"https:\/\/ironsky.pl\/sklep\/produkt\/statyw-stolowy-neewer-dwuramienny-czarny\/#primaryimage"},"thumbnailUrl":"https:\/\/ironsky.pl\/sklep\/wp-content\/uploads\/2026\/04\/46159_1.png","datePublished":"2026-04-15T08:46:48+00:00","dateModified":"2026-04-15T08:46:51+00:00","description":"Statyw sto\u0142owy NEEWER dwuramienny (czarny) - \u2705 sklep z dronami i fachowym doradztwem. \u2705 Tutaj kupisz produkty DJI, Yuneec, Parrot, Syma i wiele innych, a tak\u017ce kursy i licencje na operatora drona.","breadcrumb":{"@id":"https:\/\/ironsky.pl\/sklep\/produkt\/statyw-stolowy-neewer-dwuramienny-czarny\/#breadcrumb"},"inLanguage":"pl-PL","potentialAction":[{"@type":"ReadAction","target":["https:\/\/ironsky.pl\/sklep\/produkt\/statyw-stolowy-neewer-dwuramienny-czarny\/"]}]},{"@type":"ImageObject","inLanguage":"pl-PL","@id":"https:\/\/ironsky.pl\/sklep\/produkt\/statyw-stolowy-neewer-dwuramienny-czarny\/#primaryimage","url":"https:\/\/ironsky.pl\/sklep\/wp-content\/uploads\/2026\/04\/46159_1.png","contentUrl":"https:\/\/ironsky.pl\/sklep\/wp-content\/uploads\/2026\/04\/46159_1.png","width":1200,"height":1200},{"@type":"BreadcrumbList","@id":"https:\/\/ironsky.pl\/sklep\/produkt\/statyw-stolowy-neewer-dwuramienny-czarny\/#breadcrumb","itemListElement":[{"@type":"ListItem","position":1,"name":"Strona g\u0142\u00f3wna","item":"https:\/\/ironsky.pl\/sklep\/"},{"@type":"ListItem","position":2,"name":"Wszystkie produkty","item":"https:\/\/ironsky.pl\/sklep\/produkty\/"},{"@type":"ListItem","position":3,"name":"Statyw sto\u0142owy NEEWER dwuramienny (czarny)"}]},{"@type":"WebSite","@id":"https:\/\/ironsky.pl\/sklep\/#website","url":"https:\/\/ironsky.pl\/sklep\/","name":"IRONSKY.PL Sklep z Dronami","description":"IRONSKY.PL Sklep z Dronami","potentialAction":[{"@type":"SearchAction","target":{"@type":"EntryPoint","urlTemplate":"https:\/\/ironsky.pl\/sklep\/?s={search_term_string}"},"query-input":{"@type":"PropertyValueSpecification","valueRequired":true,"valueName":"search_term_string"}}],"inLanguage":"pl-PL"}]}},"_links":{"self":[{"href":"https:\/\/ironsky.pl\/sklep\/wp-json\/wp\/v2\/product\/59363","targetHints":{"allow":["GET"]}}],"collection":[{"href":"https:\/\/ironsky.pl\/sklep\/wp-json\/wp\/v2\/product"}],"about":[{"href":"https:\/\/ironsky.pl\/sklep\/wp-json\/wp\/v2\/types\/product"}],"replies":[{"embeddable":true,"href":"https:\/\/ironsky.pl\/sklep\/wp-json\/wp\/v2\/comments?post=59363"}],"wp:featuredmedia":[{"embeddable":true,"href":"https:\/\/ironsky.pl\/sklep\/wp-json\/wp\/v2\/media\/59364"}],"wp:attachment":[{"href":"https:\/\/ironsky.pl\/sklep\/wp-json\/wp\/v2\/media?parent=59363"}],"wp:term":[{"taxonomy":"product_brand","embeddable":true,"href":"https:\/\/ironsky.pl\/sklep\/wp-json\/wp\/v2\/product_brand?post=59363"},{"taxonomy":"product_cat","embeddable":true,"href":"https:\/\/ironsky.pl\/sklep\/wp-json\/wp\/v2\/product_cat?post=59363"},{"taxonomy":"product_tag","embeddable":true,"href":"https:\/\/ironsky.pl\/sklep\/wp-json\/wp\/v2\/product_tag?post=59363"}],"curies":[{"name":"wp","href":"https:\/\/api.w.org\/{rel}","templated":true}]}}