{"id":59357,"date":"2026-04-15T10:46:03","date_gmt":"2026-04-15T08:46:03","guid":{"rendered":"https:\/\/ironsky.pl\/sklep\/produkt\/softbox-neewer-65cm\/"},"modified":"2026-04-15T10:46:45","modified_gmt":"2026-04-15T08:46:45","slug":"softbox-neewer-65cm","status":"publish","type":"product","link":"https:\/\/ironsky.pl\/sklep\/produkt\/softbox-neewer-65cm\/","title":{"rendered":"Softbox NEEWER 65cm"},"content":{"rendered":"<h3>Softbox Neewer 65 cm<\/h3>\n<p>Softbox Neewer o \u015brednicy 65 cm (26 cali) to idealne narz\u0119dzie dla tw\u00f3rc\u00f3w wideo, streamer\u00f3w oraz do przeprowadzania wywiad\u00f3w, gdzie wa\u017cne jest r\u00f3wnomierne o\u015bwietlenie. Dzi\u0119ki latarniowej konstrukcji zapewnia szerokie, zbalansowane i pozbawione cieni \u015bwiat\u0142o o zasi\u0119gu 360\u00b0, co stanowi przewag\u0119 nad tradycyjnymi kwadratowymi lub parabolicznymi softboxami. Dodatkowo dzi\u0119ki sp\u00f3dnicy z zapi\u0119ciami dotykowymi, mo\u017cesz precyzyjnie kontrolowa\u0107 kszta\u0142t i kierunek \u015bwiat\u0142a, dostosowuj\u0105c jego ilo\u015b\u0107 do swoich potrzeb.<\/p>\n<p>\n<img decoding=\"async\" src=\"https:\/\/assets.innpro.pl\/8855\/10369\/3.jpg\" border=\"0\" \/>\n<\/p>\n<h3>Szybka instalacja i demonta\u017c<\/h3>\n<p>Produkt zosta\u0142 zaprojektowany z my\u015bl\u0105 o wygodzie. W przeciwie\u0144stwie do tradycyjnych softbox\u00f3w, mo\u017ce by\u0107 b\u0142yskawicznie roz\u0142o\u017cony i z\u0142o\u017cony jednym prostym ruchem. U\u0142atwieniem jest tak\u017ce poszerzony hak na dole konstrukcji, kt\u00f3ry zapewnia szybkie i pewne mocowanie. Jest to rozwi\u0105zanie, kt\u00f3re zaoszcz\u0119dzi Tw\u00f3j czas i upro\u015bci proces konfiguracji o\u015bwietlenia.<\/p>\n<p>\n<img decoding=\"async\" src=\"https:\/\/assets.innpro.pl\/8855\/10369\/7.jpg\" border=\"0\" \/>\n<\/p>\n<h3><strong>Wytrzyma\u0142o\u015b\u0107 i doskona\u0142a jako\u015b\u0107 \u015bwiat\u0142a<br \/><\/strong><\/h3>\n<p>Softbox jest wyposa\u017cony w 12 wytrzyma\u0142ych \u017ceber, kt\u00f3re nadaj\u0105 mu doskona\u0142\u0105 trwa\u0142o\u015b\u0107 i niezmienny kszta\u0142t latarni, nawet po wielu latach u\u017cytkowania. Dzi\u0119ki wysokiej jako\u015bci dyfuzorom z refleksyjn\u0105 pow\u0142ok\u0105 softbox umo\u017cliwia realistyczne oddanie barw i temperatur\u0119 \u015bwiat\u0142a, co jest kluczowe przy profesjonalnej fotografii i filmowaniu.<\/p>\n<p>\n<img decoding=\"async\" src=\"https:\/\/assets.innpro.pl\/8855\/10369\/6.jpg\" border=\"0\" \/>\n<\/p>\n<h3><strong>Standardowe mocowanie Bowens<br \/><\/strong><\/h3>\n<p>Wyposa\u017cony w standardowe mocowanie Bowens Softbox jest kompatybilny z szerok\u0105 gam\u0105 lamp LED i monolight, takich jak Neewer CB60, CB100, CB150, CB60 RGB, oraz innymi urz\u0105dzeniami z mocowaniem Bowens. To uniwersalne rozwi\u0105zanie dla ka\u017cdego, kto potrzebuje wszechstronnego o\u015bwietlenia.<\/p>\n<p>\n<img decoding=\"async\" src=\"https:\/\/assets.innpro.pl\/8855\/10369\/5.jpg\" border=\"0\" \/>\n<\/p>\n<h3><strong>\u0141atwo\u015b\u0107 transportu i przechowywania<br \/><\/strong><\/h3>\n<p>Z wa\u017c\u0105cym jedynie 1,8 kg softboxem, kt\u00f3ry sk\u0142ada si\u0119 do p\u0142askiej formy o \u015brednicy 65 cm, mo\u017cesz \u0142atwo zabra\u0107 swoje o\u015bwietlenie w dowolne miejsce. W zestawie znajduje si\u0119 r\u00f3wnie\u017c torba do przechowywania, kt\u00f3ra u\u0142atwia transport i chroni softbox podczas podr\u00f3\u017cy.<\/p>\n<p>\n<img decoding=\"async\" src=\"https:\/\/assets.innpro.pl\/8855\/10369\/2.jpg\" border=\"0\" \/>\n<\/p>\n<h3>W zestawie<\/h3>\n<ul class=\"list-disc pl-5\">\n<li>Softbox z latarni\u0105 26&#8243;\/65 cm<\/li>\n<li>Sp\u00f3dnica z zapi\u0119ciami dotykowymi<\/li>\n<li>Torba do przechowywania<\/li>\n<li>Instrukcja obs\u0142ugi<\/li>\n<\/ul>\n<div class=\"table-wrapper\">\n<p>\u00a0<\/p>\n<h3><\/h3>\n<table>\n<tbody>\n<tr>\n<th>Producent<\/th>\n<td>Neewer<\/td>\n<\/tr>\n<tr>\n<th>Kod producenta<\/th>\n<td>B0BNMSPHRQ<\/td>\n<\/tr>\n<tr>\n<th>Typ: <\/th>\n<td>Softbox typu latarnia<\/td>\n<\/tr>\n<tr>\n<th>\u015arednica: <\/th>\n<td>65 cm (26 cali)<\/td>\n<\/tr>\n<tr>\n<th>Waga: <\/th>\n<td>1,8 kg<\/td>\n<\/tr>\n<tr>\n<th>Materia\u0142: <\/th>\n<td>Nylon, aluminium<\/td>\n<\/tr>\n<tr>\n<th>Mocowanie: <\/th>\n<td>Bowens<\/td>\n<\/tr>\n<tr>\n<th>Wymiary produktu: <\/th>\n<td>65 cm x 65 cm x 56 cm<\/td>\n<\/tr>\n<\/tbody>\n<\/table>\n<\/div>\n","protected":false},"excerpt":{"rendered":"<p>Softbox Neewer 65 cm Softbox Neewer o \u015brednicy 65 cm (26 cali) to idealne narz\u0119dzie dla tw\u00f3rc\u00f3w wideo, streamer\u00f3w oraz<\/p>\n","protected":false},"featured_media":59358,"comment_status":"closed","ping_status":"open","template":"","meta":{"_acf_changed":false},"product_brand":[],"product_cat":[1128,6184,6182],"product_tag":[],"class_list":{"0":"post-59357","1":"product","2":"type-product","3":"status-publish","4":"has-post-thumbnail","6":"product_cat-foto-wideo","7":"product_cat-softboxy","8":"product_cat-studio-fotograficzne","9":"pa_okres-gwarancji-5757","10":"pa_producent-neewer","12":"first","13":"outofstock","14":"taxable","15":"shipping-taxable","16":"purchasable","17":"product-type-simple"},"acf":[],"yoast_head":"<!-- This site is optimized with the Yoast SEO plugin v27.2 - https:\/\/yoast.com\/product\/yoast-seo-wordpress\/ -->\n<title>Softbox NEEWER 65cm - IRONSKY.PL Sklep z Dronami<\/title>\n<meta name=\"description\" content=\"Softbox NEEWER 65cm - \u2705 sklep z dronami i fachowym doradztwem. \u2705 Tutaj kupisz produkty DJI, Yuneec, Parrot, Syma i wiele innych, a tak\u017ce kursy i licencje na operatora drona.\" \/>\n<meta name=\"robots\" content=\"index, follow, max-snippet:-1, max-image-preview:large, max-video-preview:-1\" \/>\n<link rel=\"canonical\" href=\"https:\/\/ironsky.pl\/sklep\/produkt\/softbox-neewer-65cm\/\" \/>\n<meta property=\"og:locale\" content=\"pl_PL\" \/>\n<meta property=\"og:type\" content=\"article\" \/>\n<meta property=\"og:title\" content=\"Softbox NEEWER 65cm - IRONSKY.PL Sklep z Dronami\" \/>\n<meta property=\"og:description\" content=\"Softbox NEEWER 65cm - \u2705 sklep z dronami i fachowym doradztwem. \u2705 Tutaj kupisz produkty DJI, Yuneec, Parrot, Syma i wiele innych, a tak\u017ce kursy i licencje na operatora drona.\" \/>\n<meta property=\"og:url\" content=\"https:\/\/ironsky.pl\/sklep\/produkt\/softbox-neewer-65cm\/\" \/>\n<meta property=\"og:site_name\" content=\"IRONSKY.PL Sklep z Dronami\" \/>\n<meta property=\"article:modified_time\" content=\"2026-04-15T08:46:45+00:00\" \/>\n<meta property=\"og:image\" content=\"https:\/\/ironsky.pl\/sklep\/wp-content\/uploads\/2026\/04\/46148_1.jpg\" \/>\n\t<meta property=\"og:image:width\" content=\"800\" \/>\n\t<meta property=\"og:image:height\" content=\"800\" \/>\n\t<meta property=\"og:image:type\" content=\"image\/jpeg\" \/>\n<meta name=\"twitter:card\" content=\"summary_large_image\" \/>\n<meta name=\"twitter:label1\" content=\"Szacowany czas czytania\" \/>\n\t<meta name=\"twitter:data1\" content=\"2 minuty\" \/>\n<script type=\"application\/ld+json\" class=\"yoast-schema-graph\">{\"@context\":\"https:\/\/schema.org\",\"@graph\":[{\"@type\":\"WebPage\",\"@id\":\"https:\/\/ironsky.pl\/sklep\/produkt\/softbox-neewer-65cm\/\",\"url\":\"https:\/\/ironsky.pl\/sklep\/produkt\/softbox-neewer-65cm\/\",\"name\":\"Softbox NEEWER 65cm - IRONSKY.PL Sklep z Dronami\",\"isPartOf\":{\"@id\":\"https:\/\/ironsky.pl\/sklep\/#website\"},\"primaryImageOfPage\":{\"@id\":\"https:\/\/ironsky.pl\/sklep\/produkt\/softbox-neewer-65cm\/#primaryimage\"},\"image\":{\"@id\":\"https:\/\/ironsky.pl\/sklep\/produkt\/softbox-neewer-65cm\/#primaryimage\"},\"thumbnailUrl\":\"https:\/\/ironsky.pl\/sklep\/wp-content\/uploads\/2026\/04\/46148_1.jpg\",\"datePublished\":\"2026-04-15T08:46:03+00:00\",\"dateModified\":\"2026-04-15T08:46:45+00:00\",\"description\":\"Softbox NEEWER 65cm - \u2705 sklep z dronami i fachowym doradztwem. \u2705 Tutaj kupisz produkty DJI, Yuneec, Parrot, Syma i wiele innych, a tak\u017ce kursy i licencje na operatora drona.\",\"breadcrumb\":{\"@id\":\"https:\/\/ironsky.pl\/sklep\/produkt\/softbox-neewer-65cm\/#breadcrumb\"},\"inLanguage\":\"pl-PL\",\"potentialAction\":[{\"@type\":\"ReadAction\",\"target\":[\"https:\/\/ironsky.pl\/sklep\/produkt\/softbox-neewer-65cm\/\"]}]},{\"@type\":\"ImageObject\",\"inLanguage\":\"pl-PL\",\"@id\":\"https:\/\/ironsky.pl\/sklep\/produkt\/softbox-neewer-65cm\/#primaryimage\",\"url\":\"https:\/\/ironsky.pl\/sklep\/wp-content\/uploads\/2026\/04\/46148_1.jpg\",\"contentUrl\":\"https:\/\/ironsky.pl\/sklep\/wp-content\/uploads\/2026\/04\/46148_1.jpg\",\"width\":800,\"height\":800},{\"@type\":\"BreadcrumbList\",\"@id\":\"https:\/\/ironsky.pl\/sklep\/produkt\/softbox-neewer-65cm\/#breadcrumb\",\"itemListElement\":[{\"@type\":\"ListItem\",\"position\":1,\"name\":\"Strona g\u0142\u00f3wna\",\"item\":\"https:\/\/ironsky.pl\/sklep\/\"},{\"@type\":\"ListItem\",\"position\":2,\"name\":\"Wszystkie produkty\",\"item\":\"https:\/\/ironsky.pl\/sklep\/produkty\/\"},{\"@type\":\"ListItem\",\"position\":3,\"name\":\"Softbox NEEWER 65cm\"}]},{\"@type\":\"WebSite\",\"@id\":\"https:\/\/ironsky.pl\/sklep\/#website\",\"url\":\"https:\/\/ironsky.pl\/sklep\/\",\"name\":\"IRONSKY.PL Sklep z Dronami\",\"description\":\"IRONSKY.PL Sklep z Dronami\",\"potentialAction\":[{\"@type\":\"SearchAction\",\"target\":{\"@type\":\"EntryPoint\",\"urlTemplate\":\"https:\/\/ironsky.pl\/sklep\/?s={search_term_string}\"},\"query-input\":{\"@type\":\"PropertyValueSpecification\",\"valueRequired\":true,\"valueName\":\"search_term_string\"}}],\"inLanguage\":\"pl-PL\"}]}<\/script>\n<!-- \/ Yoast SEO plugin. -->","yoast_head_json":{"title":"Softbox NEEWER 65cm - IRONSKY.PL Sklep z Dronami","description":"Softbox NEEWER 65cm - \u2705 sklep z dronami i fachowym doradztwem. \u2705 Tutaj kupisz produkty DJI, Yuneec, Parrot, Syma i wiele innych, a tak\u017ce kursy i licencje na operatora drona.","robots":{"index":"index","follow":"follow","max-snippet":"max-snippet:-1","max-image-preview":"max-image-preview:large","max-video-preview":"max-video-preview:-1"},"canonical":"https:\/\/ironsky.pl\/sklep\/produkt\/softbox-neewer-65cm\/","og_locale":"pl_PL","og_type":"article","og_title":"Softbox NEEWER 65cm - IRONSKY.PL Sklep z Dronami","og_description":"Softbox NEEWER 65cm - \u2705 sklep z dronami i fachowym doradztwem. \u2705 Tutaj kupisz produkty DJI, Yuneec, Parrot, Syma i wiele innych, a tak\u017ce kursy i licencje na operatora drona.","og_url":"https:\/\/ironsky.pl\/sklep\/produkt\/softbox-neewer-65cm\/","og_site_name":"IRONSKY.PL Sklep z Dronami","article_modified_time":"2026-04-15T08:46:45+00:00","og_image":[{"width":800,"height":800,"url":"https:\/\/ironsky.pl\/sklep\/wp-content\/uploads\/2026\/04\/46148_1.jpg","type":"image\/jpeg"}],"twitter_card":"summary_large_image","twitter_misc":{"Szacowany czas czytania":"2 minuty"},"schema":{"@context":"https:\/\/schema.org","@graph":[{"@type":"WebPage","@id":"https:\/\/ironsky.pl\/sklep\/produkt\/softbox-neewer-65cm\/","url":"https:\/\/ironsky.pl\/sklep\/produkt\/softbox-neewer-65cm\/","name":"Softbox NEEWER 65cm - IRONSKY.PL Sklep z Dronami","isPartOf":{"@id":"https:\/\/ironsky.pl\/sklep\/#website"},"primaryImageOfPage":{"@id":"https:\/\/ironsky.pl\/sklep\/produkt\/softbox-neewer-65cm\/#primaryimage"},"image":{"@id":"https:\/\/ironsky.pl\/sklep\/produkt\/softbox-neewer-65cm\/#primaryimage"},"thumbnailUrl":"https:\/\/ironsky.pl\/sklep\/wp-content\/uploads\/2026\/04\/46148_1.jpg","datePublished":"2026-04-15T08:46:03+00:00","dateModified":"2026-04-15T08:46:45+00:00","description":"Softbox NEEWER 65cm - \u2705 sklep z dronami i fachowym doradztwem. \u2705 Tutaj kupisz produkty DJI, Yuneec, Parrot, Syma i wiele innych, a tak\u017ce kursy i licencje na operatora drona.","breadcrumb":{"@id":"https:\/\/ironsky.pl\/sklep\/produkt\/softbox-neewer-65cm\/#breadcrumb"},"inLanguage":"pl-PL","potentialAction":[{"@type":"ReadAction","target":["https:\/\/ironsky.pl\/sklep\/produkt\/softbox-neewer-65cm\/"]}]},{"@type":"ImageObject","inLanguage":"pl-PL","@id":"https:\/\/ironsky.pl\/sklep\/produkt\/softbox-neewer-65cm\/#primaryimage","url":"https:\/\/ironsky.pl\/sklep\/wp-content\/uploads\/2026\/04\/46148_1.jpg","contentUrl":"https:\/\/ironsky.pl\/sklep\/wp-content\/uploads\/2026\/04\/46148_1.jpg","width":800,"height":800},{"@type":"BreadcrumbList","@id":"https:\/\/ironsky.pl\/sklep\/produkt\/softbox-neewer-65cm\/#breadcrumb","itemListElement":[{"@type":"ListItem","position":1,"name":"Strona g\u0142\u00f3wna","item":"https:\/\/ironsky.pl\/sklep\/"},{"@type":"ListItem","position":2,"name":"Wszystkie produkty","item":"https:\/\/ironsky.pl\/sklep\/produkty\/"},{"@type":"ListItem","position":3,"name":"Softbox NEEWER 65cm"}]},{"@type":"WebSite","@id":"https:\/\/ironsky.pl\/sklep\/#website","url":"https:\/\/ironsky.pl\/sklep\/","name":"IRONSKY.PL Sklep z Dronami","description":"IRONSKY.PL Sklep z Dronami","potentialAction":[{"@type":"SearchAction","target":{"@type":"EntryPoint","urlTemplate":"https:\/\/ironsky.pl\/sklep\/?s={search_term_string}"},"query-input":{"@type":"PropertyValueSpecification","valueRequired":true,"valueName":"search_term_string"}}],"inLanguage":"pl-PL"}]}},"_links":{"self":[{"href":"https:\/\/ironsky.pl\/sklep\/wp-json\/wp\/v2\/product\/59357","targetHints":{"allow":["GET"]}}],"collection":[{"href":"https:\/\/ironsky.pl\/sklep\/wp-json\/wp\/v2\/product"}],"about":[{"href":"https:\/\/ironsky.pl\/sklep\/wp-json\/wp\/v2\/types\/product"}],"replies":[{"embeddable":true,"href":"https:\/\/ironsky.pl\/sklep\/wp-json\/wp\/v2\/comments?post=59357"}],"wp:featuredmedia":[{"embeddable":true,"href":"https:\/\/ironsky.pl\/sklep\/wp-json\/wp\/v2\/media\/59358"}],"wp:attachment":[{"href":"https:\/\/ironsky.pl\/sklep\/wp-json\/wp\/v2\/media?parent=59357"}],"wp:term":[{"taxonomy":"product_brand","embeddable":true,"href":"https:\/\/ironsky.pl\/sklep\/wp-json\/wp\/v2\/product_brand?post=59357"},{"taxonomy":"product_cat","embeddable":true,"href":"https:\/\/ironsky.pl\/sklep\/wp-json\/wp\/v2\/product_cat?post=59357"},{"taxonomy":"product_tag","embeddable":true,"href":"https:\/\/ironsky.pl\/sklep\/wp-json\/wp\/v2\/product_tag?post=59357"}],"curies":[{"name":"wp","href":"https:\/\/api.w.org\/{rel}","templated":true}]}}