{"id":59355,"date":"2026-04-15T10:46:03","date_gmt":"2026-04-15T08:46:03","guid":{"rendered":"https:\/\/ironsky.pl\/sklep\/produkt\/softbox-neewer-85cm\/"},"modified":"2026-04-15T10:46:43","modified_gmt":"2026-04-15T08:46:43","slug":"softbox-neewer-85cm","status":"publish","type":"product","link":"https:\/\/ironsky.pl\/sklep\/produkt\/softbox-neewer-85cm\/","title":{"rendered":"Softbox NEEWER 85cm"},"content":{"rendered":"<h3>Softbox Neewer 85 cm\u00a0<\/h3>\n<p>Softbox Neewer Hexadecagon o \u015brednicy 85 cm to narz\u0119dzie dla fotograf\u00f3w, kt\u00f3rzy oczekuj\u0105 perfekcyjnego, mi\u0119kkiego \u015bwiat\u0142a, idealnego do portret\u00f3w, zdj\u0119\u0107 produktowych, mody i innych styl\u00f3w fotografii. G\u0142\u0119boka, paraboliczna konstrukcja z wewn\u0119trzn\u0105, srebrn\u0105 pow\u0142ok\u0105 r\u00f3wnomiernie rozprasza \u015bwiat\u0142o, zachowuj\u0105c neutralny indeks oddawania barw (CRI) i temperatur\u0119, co przek\u0142ada si\u0119 na naturalny wygl\u0105d fotografowanych obiekt\u00f3w. Dzi\u0119ki dw\u00f3m warstwom dyfuzor\u00f3w, mo\u017cesz skutecznie zmi\u0119kczy\u0107 \u015bwiat\u0142o i wyeliminowa\u0107 niechciane cienie.<\/p>\n<p>\n<img decoding=\"async\" src=\"https:\/\/assets.innpro.pl\/8852\/10365\/1.jpg\" border=\"0\" \/>\n<\/p>\n<h3>Szybka instalacja i trwa\u0142a konstrukcja<\/h3>\n<p>Dzi\u0119ki 16 wytrzyma\u0142ym \u017cebrom softbox zapewnia niezr\u00f3wnan\u0105 trwa\u0142o\u015b\u0107 i doskona\u0142y kszta\u0142t paraboli, kt\u00f3ry nie ulega odkszta\u0142ceniom nawet po wielu latach intensywnego u\u017cytkowania. Mechanizm szybkiego rozk\u0142adania pozwala na pe\u0142ne roz\u0142o\u017cenie softboxa w mniej ni\u017c 15 sekund, bez potrzeby u\u017cycia narz\u0119dzi. Po z\u0142o\u017ceniu wa\u017cy jedynie 1,5 kg, co czyni go \u0142atwym do przechowywania i transportu w do\u0142\u0105czonej torbie.<\/p>\n<p>\n<img decoding=\"async\" src=\"https:\/\/assets.innpro.pl\/8852\/10365\/4.jpg\" border=\"0\" \/>\n<\/p>\n<h3>Modyfikowalny grid i dyfuzory dla jeszcze lepszej kontroli \u015bwiat\u0142a<\/h3>\n<p>Softbox Neewer wyposa\u017cony jest w grid o strukturze plastra miodu, kt\u00f3ry skupia \u015bwiat\u0142o pod k\u0105tem 45\u00b0, pozwalaj\u0105c na uzyskanie dramatycznych efekt\u00f3w o\u015bwietleniowych, doskonale podkre\u015blaj\u0105cych struktur\u0119 twarzy modela. W zestawie znajduj\u0105 si\u0119 r\u00f3wnie\u017c dwa wysokiej jako\u015bci dyfuzory, kt\u00f3re mo\u017cna dowolnie \u0142\u0105czy\u0107, aby uzyska\u0107 po\u017c\u0105dany efekt \u015bwietlny.<\/p>\n<p>\n<img decoding=\"async\" src=\"https:\/\/assets.innpro.pl\/8852\/10365\/3.jpg\" border=\"0\" \/>\n<\/p>\n<h3>Kompatybilno\u015b\u0107 z mocowaniem Bowens<\/h3>\n<p>Dzi\u0119ki mocowaniu Bowens, softbox ten jest kompatybilny z szerok\u0105 gam\u0105 lamp studyjnych i ci\u0105g\u0142ych, takich jak NEEWER, Godox, Aputure, oraz innymi lampami LED i b\u0142yskowymi, co czyni go uniwersalnym rozwi\u0105zaniem do r\u00f3\u017cnych zastosowa\u0144 fotograficznych.<\/p>\n<p>\n<img decoding=\"async\" src=\"https:\/\/assets.innpro.pl\/8852\/10365\/2.jpg\" border=\"0\" \/>\n<\/p>\n<h3>\u0141atwe przechowywanie i transport<\/h3>\n<p>Do zestawu do\u0142\u0105czona jest du\u017ca torba transportowa, wyposa\u017cona w wewn\u0119trzn\u0105 kiesze\u0144 z siatki, kt\u00f3ra umo\u017cliwia wygodne przechowywanie zar\u00f3wno samego softboxa, jak i grida oraz dyfuzor\u00f3w. Dzi\u0119ki temu softbox jest \u0142atwy do przenoszenia i idealny do pracy w plenerze.<\/p>\n<p>\n<img decoding=\"async\" src=\"https:\/\/assets.innpro.pl\/8852\/10365\/5.jpg\" border=\"0\" \/>\n<\/p>\n<h3>W zestawie<\/h3>\n<p>Softbox<\/p>\n<p>Dyfuzor x 2<\/p>\n<p>Grid x 1<\/p>\n<p>Torba transportowa x 1<\/p>\n<div class=\"table-wrapper\">\n<p>\u00a0<\/p>\n<h3><\/h3>\n<table>\n<tbody>\n<tr>\n<th>Producent<\/th>\n<td>Neewer<\/td>\n<\/tr>\n<tr>\n<th>Kod producenta<\/th>\n<td>B0BLC6NCGK<\/td>\n<\/tr>\n<tr>\n<th>\u015arednica: <\/th>\n<td>85 cm<\/td>\n<\/tr>\n<tr>\n<th>Waga<\/th>\n<td>1,5 kg<\/td>\n<\/tr>\n<tr>\n<th>Materia\u0142: <\/th>\n<td>Tkanina Oxford, stop aluminium<\/td>\n<\/tr>\n<tr>\n<th>Wymiary po z\u0142o\u017ceniu: <\/th>\n<td>74 cm x 20 cm x 20 cm<\/td>\n<\/tr>\n<tr>\n<th>Wymiary po roz\u0142o\u017ceniu: <\/th>\n<td>85 cm x 57 cm<\/td>\n<\/tr>\n<tr>\n<th>Rozmiar grida: <\/th>\n<td>83 cm<\/td>\n<\/tr>\n<tr>\n<th>Rozmiar zewn\u0119trzny: <\/th>\n<td>83 cm<\/td>\n<\/tr>\n<tr>\n<th>Rozmiar wewn\u0119trzny: <\/th>\n<td>64 cm<\/td>\n<\/tr>\n<\/tbody>\n<\/table>\n<\/div>\n","protected":false},"excerpt":{"rendered":"<p>Softbox Neewer 85 cm\u00a0 Softbox Neewer Hexadecagon o \u015brednicy 85 cm to narz\u0119dzie dla fotograf\u00f3w, kt\u00f3rzy oczekuj\u0105 perfekcyjnego, mi\u0119kkiego \u015bwiat\u0142a,<\/p>\n","protected":false},"featured_media":59356,"comment_status":"closed","ping_status":"open","template":"","meta":{"_acf_changed":false},"product_brand":[],"product_cat":[1128,6184,6182],"product_tag":[],"class_list":{"0":"post-59355","1":"product","2":"type-product","3":"status-publish","4":"has-post-thumbnail","6":"product_cat-foto-wideo","7":"product_cat-softboxy","8":"product_cat-studio-fotograficzne","9":"pa_okres-gwarancji-5757","10":"pa_producent-neewer","12":"first","13":"outofstock","14":"taxable","15":"shipping-taxable","16":"purchasable","17":"product-type-simple"},"acf":[],"yoast_head":"<!-- This site is optimized with the Yoast SEO plugin v27.2 - https:\/\/yoast.com\/product\/yoast-seo-wordpress\/ -->\n<title>Softbox NEEWER 85cm - IRONSKY.PL Sklep z Dronami<\/title>\n<meta name=\"description\" content=\"Softbox NEEWER 85cm - \u2705 sklep z dronami i fachowym doradztwem. \u2705 Tutaj kupisz produkty DJI, Yuneec, Parrot, Syma i wiele innych, a tak\u017ce kursy i licencje na operatora drona.\" \/>\n<meta name=\"robots\" content=\"index, follow, max-snippet:-1, max-image-preview:large, max-video-preview:-1\" \/>\n<link rel=\"canonical\" href=\"https:\/\/ironsky.pl\/sklep\/produkt\/softbox-neewer-85cm\/\" \/>\n<meta property=\"og:locale\" content=\"pl_PL\" \/>\n<meta property=\"og:type\" content=\"article\" \/>\n<meta property=\"og:title\" content=\"Softbox NEEWER 85cm - IRONSKY.PL Sklep z Dronami\" \/>\n<meta property=\"og:description\" content=\"Softbox NEEWER 85cm - \u2705 sklep z dronami i fachowym doradztwem. \u2705 Tutaj kupisz produkty DJI, Yuneec, Parrot, Syma i wiele innych, a tak\u017ce kursy i licencje na operatora drona.\" \/>\n<meta property=\"og:url\" content=\"https:\/\/ironsky.pl\/sklep\/produkt\/softbox-neewer-85cm\/\" \/>\n<meta property=\"og:site_name\" content=\"IRONSKY.PL Sklep z Dronami\" \/>\n<meta property=\"article:modified_time\" content=\"2026-04-15T08:46:43+00:00\" \/>\n<meta property=\"og:image\" content=\"https:\/\/ironsky.pl\/sklep\/wp-content\/uploads\/2026\/04\/46142_1.jpg\" \/>\n\t<meta property=\"og:image:width\" content=\"800\" \/>\n\t<meta property=\"og:image:height\" content=\"800\" \/>\n\t<meta property=\"og:image:type\" content=\"image\/jpeg\" \/>\n<meta name=\"twitter:card\" content=\"summary_large_image\" \/>\n<meta name=\"twitter:label1\" content=\"Szacowany czas czytania\" \/>\n\t<meta name=\"twitter:data1\" content=\"2 minuty\" \/>\n<script type=\"application\/ld+json\" class=\"yoast-schema-graph\">{\"@context\":\"https:\/\/schema.org\",\"@graph\":[{\"@type\":\"WebPage\",\"@id\":\"https:\/\/ironsky.pl\/sklep\/produkt\/softbox-neewer-85cm\/\",\"url\":\"https:\/\/ironsky.pl\/sklep\/produkt\/softbox-neewer-85cm\/\",\"name\":\"Softbox NEEWER 85cm - IRONSKY.PL Sklep z Dronami\",\"isPartOf\":{\"@id\":\"https:\/\/ironsky.pl\/sklep\/#website\"},\"primaryImageOfPage\":{\"@id\":\"https:\/\/ironsky.pl\/sklep\/produkt\/softbox-neewer-85cm\/#primaryimage\"},\"image\":{\"@id\":\"https:\/\/ironsky.pl\/sklep\/produkt\/softbox-neewer-85cm\/#primaryimage\"},\"thumbnailUrl\":\"https:\/\/ironsky.pl\/sklep\/wp-content\/uploads\/2026\/04\/46142_1.jpg\",\"datePublished\":\"2026-04-15T08:46:03+00:00\",\"dateModified\":\"2026-04-15T08:46:43+00:00\",\"description\":\"Softbox NEEWER 85cm - \u2705 sklep z dronami i fachowym doradztwem. \u2705 Tutaj kupisz produkty DJI, Yuneec, Parrot, Syma i wiele innych, a tak\u017ce kursy i licencje na operatora drona.\",\"breadcrumb\":{\"@id\":\"https:\/\/ironsky.pl\/sklep\/produkt\/softbox-neewer-85cm\/#breadcrumb\"},\"inLanguage\":\"pl-PL\",\"potentialAction\":[{\"@type\":\"ReadAction\",\"target\":[\"https:\/\/ironsky.pl\/sklep\/produkt\/softbox-neewer-85cm\/\"]}]},{\"@type\":\"ImageObject\",\"inLanguage\":\"pl-PL\",\"@id\":\"https:\/\/ironsky.pl\/sklep\/produkt\/softbox-neewer-85cm\/#primaryimage\",\"url\":\"https:\/\/ironsky.pl\/sklep\/wp-content\/uploads\/2026\/04\/46142_1.jpg\",\"contentUrl\":\"https:\/\/ironsky.pl\/sklep\/wp-content\/uploads\/2026\/04\/46142_1.jpg\",\"width\":800,\"height\":800},{\"@type\":\"BreadcrumbList\",\"@id\":\"https:\/\/ironsky.pl\/sklep\/produkt\/softbox-neewer-85cm\/#breadcrumb\",\"itemListElement\":[{\"@type\":\"ListItem\",\"position\":1,\"name\":\"Strona g\u0142\u00f3wna\",\"item\":\"https:\/\/ironsky.pl\/sklep\/\"},{\"@type\":\"ListItem\",\"position\":2,\"name\":\"Wszystkie produkty\",\"item\":\"https:\/\/ironsky.pl\/sklep\/produkty\/\"},{\"@type\":\"ListItem\",\"position\":3,\"name\":\"Softbox NEEWER 85cm\"}]},{\"@type\":\"WebSite\",\"@id\":\"https:\/\/ironsky.pl\/sklep\/#website\",\"url\":\"https:\/\/ironsky.pl\/sklep\/\",\"name\":\"IRONSKY.PL Sklep z Dronami\",\"description\":\"IRONSKY.PL Sklep z Dronami\",\"potentialAction\":[{\"@type\":\"SearchAction\",\"target\":{\"@type\":\"EntryPoint\",\"urlTemplate\":\"https:\/\/ironsky.pl\/sklep\/?s={search_term_string}\"},\"query-input\":{\"@type\":\"PropertyValueSpecification\",\"valueRequired\":true,\"valueName\":\"search_term_string\"}}],\"inLanguage\":\"pl-PL\"}]}<\/script>\n<!-- \/ Yoast SEO plugin. -->","yoast_head_json":{"title":"Softbox NEEWER 85cm - IRONSKY.PL Sklep z Dronami","description":"Softbox NEEWER 85cm - \u2705 sklep z dronami i fachowym doradztwem. \u2705 Tutaj kupisz produkty DJI, Yuneec, Parrot, Syma i wiele innych, a tak\u017ce kursy i licencje na operatora drona.","robots":{"index":"index","follow":"follow","max-snippet":"max-snippet:-1","max-image-preview":"max-image-preview:large","max-video-preview":"max-video-preview:-1"},"canonical":"https:\/\/ironsky.pl\/sklep\/produkt\/softbox-neewer-85cm\/","og_locale":"pl_PL","og_type":"article","og_title":"Softbox NEEWER 85cm - IRONSKY.PL Sklep z Dronami","og_description":"Softbox NEEWER 85cm - \u2705 sklep z dronami i fachowym doradztwem. \u2705 Tutaj kupisz produkty DJI, Yuneec, Parrot, Syma i wiele innych, a tak\u017ce kursy i licencje na operatora drona.","og_url":"https:\/\/ironsky.pl\/sklep\/produkt\/softbox-neewer-85cm\/","og_site_name":"IRONSKY.PL Sklep z Dronami","article_modified_time":"2026-04-15T08:46:43+00:00","og_image":[{"width":800,"height":800,"url":"https:\/\/ironsky.pl\/sklep\/wp-content\/uploads\/2026\/04\/46142_1.jpg","type":"image\/jpeg"}],"twitter_card":"summary_large_image","twitter_misc":{"Szacowany czas czytania":"2 minuty"},"schema":{"@context":"https:\/\/schema.org","@graph":[{"@type":"WebPage","@id":"https:\/\/ironsky.pl\/sklep\/produkt\/softbox-neewer-85cm\/","url":"https:\/\/ironsky.pl\/sklep\/produkt\/softbox-neewer-85cm\/","name":"Softbox NEEWER 85cm - IRONSKY.PL Sklep z Dronami","isPartOf":{"@id":"https:\/\/ironsky.pl\/sklep\/#website"},"primaryImageOfPage":{"@id":"https:\/\/ironsky.pl\/sklep\/produkt\/softbox-neewer-85cm\/#primaryimage"},"image":{"@id":"https:\/\/ironsky.pl\/sklep\/produkt\/softbox-neewer-85cm\/#primaryimage"},"thumbnailUrl":"https:\/\/ironsky.pl\/sklep\/wp-content\/uploads\/2026\/04\/46142_1.jpg","datePublished":"2026-04-15T08:46:03+00:00","dateModified":"2026-04-15T08:46:43+00:00","description":"Softbox NEEWER 85cm - \u2705 sklep z dronami i fachowym doradztwem. \u2705 Tutaj kupisz produkty DJI, Yuneec, Parrot, Syma i wiele innych, a tak\u017ce kursy i licencje na operatora drona.","breadcrumb":{"@id":"https:\/\/ironsky.pl\/sklep\/produkt\/softbox-neewer-85cm\/#breadcrumb"},"inLanguage":"pl-PL","potentialAction":[{"@type":"ReadAction","target":["https:\/\/ironsky.pl\/sklep\/produkt\/softbox-neewer-85cm\/"]}]},{"@type":"ImageObject","inLanguage":"pl-PL","@id":"https:\/\/ironsky.pl\/sklep\/produkt\/softbox-neewer-85cm\/#primaryimage","url":"https:\/\/ironsky.pl\/sklep\/wp-content\/uploads\/2026\/04\/46142_1.jpg","contentUrl":"https:\/\/ironsky.pl\/sklep\/wp-content\/uploads\/2026\/04\/46142_1.jpg","width":800,"height":800},{"@type":"BreadcrumbList","@id":"https:\/\/ironsky.pl\/sklep\/produkt\/softbox-neewer-85cm\/#breadcrumb","itemListElement":[{"@type":"ListItem","position":1,"name":"Strona g\u0142\u00f3wna","item":"https:\/\/ironsky.pl\/sklep\/"},{"@type":"ListItem","position":2,"name":"Wszystkie produkty","item":"https:\/\/ironsky.pl\/sklep\/produkty\/"},{"@type":"ListItem","position":3,"name":"Softbox NEEWER 85cm"}]},{"@type":"WebSite","@id":"https:\/\/ironsky.pl\/sklep\/#website","url":"https:\/\/ironsky.pl\/sklep\/","name":"IRONSKY.PL Sklep z Dronami","description":"IRONSKY.PL Sklep z Dronami","potentialAction":[{"@type":"SearchAction","target":{"@type":"EntryPoint","urlTemplate":"https:\/\/ironsky.pl\/sklep\/?s={search_term_string}"},"query-input":{"@type":"PropertyValueSpecification","valueRequired":true,"valueName":"search_term_string"}}],"inLanguage":"pl-PL"}]}},"_links":{"self":[{"href":"https:\/\/ironsky.pl\/sklep\/wp-json\/wp\/v2\/product\/59355","targetHints":{"allow":["GET"]}}],"collection":[{"href":"https:\/\/ironsky.pl\/sklep\/wp-json\/wp\/v2\/product"}],"about":[{"href":"https:\/\/ironsky.pl\/sklep\/wp-json\/wp\/v2\/types\/product"}],"replies":[{"embeddable":true,"href":"https:\/\/ironsky.pl\/sklep\/wp-json\/wp\/v2\/comments?post=59355"}],"wp:featuredmedia":[{"embeddable":true,"href":"https:\/\/ironsky.pl\/sklep\/wp-json\/wp\/v2\/media\/59356"}],"wp:attachment":[{"href":"https:\/\/ironsky.pl\/sklep\/wp-json\/wp\/v2\/media?parent=59355"}],"wp:term":[{"taxonomy":"product_brand","embeddable":true,"href":"https:\/\/ironsky.pl\/sklep\/wp-json\/wp\/v2\/product_brand?post=59355"},{"taxonomy":"product_cat","embeddable":true,"href":"https:\/\/ironsky.pl\/sklep\/wp-json\/wp\/v2\/product_cat?post=59355"},{"taxonomy":"product_tag","embeddable":true,"href":"https:\/\/ironsky.pl\/sklep\/wp-json\/wp\/v2\/product_tag?post=59355"}],"curies":[{"name":"wp","href":"https:\/\/api.w.org\/{rel}","templated":true}]}}