{"id":59353,"date":"2026-04-15T10:46:03","date_gmt":"2026-04-15T08:46:03","guid":{"rendered":"https:\/\/ironsky.pl\/sklep\/produkt\/obiektyw-szerokokatny-neewer-do-sony-zv1-czarny-2\/"},"modified":"2026-04-15T10:46:41","modified_gmt":"2026-04-15T08:46:41","slug":"obiektyw-szerokokatny-neewer-do-sony-zv1-czarny-2","status":"publish","type":"product","link":"https:\/\/ironsky.pl\/sklep\/produkt\/obiektyw-szerokokatny-neewer-do-sony-zv1-czarny-2\/","title":{"rendered":"Obiektyw szerokok\u0105tny NEEWER do Sony ZV1 (czarny)"},"content":{"rendered":"<h3>Obiektyw szerokok\u0105tny Neewer do Sony ZV1 (czarny)<\/h3>\n<p>Obiektyw szerokok\u0105tny Neewer 2 w 1 dla Sony ZV1 zamienia standardowy obiektyw 24mm w 18mm, pozwalaj\u0105c na uzyskanie szerszego k\u0105ta widzenia. Jest to idealne rozwi\u0105zanie dla os\u00f3b, kt\u00f3re chc\u0105 uchwyci\u0107 wi\u0119cej szczeg\u00f3\u0142\u00f3w w kadrze, co jest szczeg\u00f3lnie przydatne przy fotografowaniu krajobraz\u00f3w, architektury czy du\u017cych grup os\u00f3b. Aby uzyska\u0107 pe\u0142ne korzy\u015bci, obiektywu nale\u017cy u\u017cywa\u0107 razem z obiektywem makro.<\/p>\n<p>\n<img decoding=\"async\" src=\"https:\/\/assets.innpro.pl\/8848\/10359\/2.jpg\" border=\"0\" \/>\n<\/p>\n<h3><strong>Makro zbli\u017cenia na najwy\u017cszym poziomie<br \/><\/strong><\/h3>\n<p>Zmieniaj swoje standardowe zdj\u0119cia w szczeg\u00f3\u0142owe makrofotografie, przekszta\u0142caj\u0105c oryginalny obiektyw ZV1 w 10-krotny obiektyw makro. Wystarczy odkr\u0119ci\u0107 obiektyw szerokok\u0105tny w kierunku przeciwnym do ruchu wskaz\u00f3wek zegara, aby m\u00f3c u\u017cywa\u0107 samego obiektywu makro. Jest to doskona\u0142e rozwi\u0105zanie dla tych, kt\u00f3rzy chc\u0105 uchwyci\u0107 najmniejsze detale z bliska, na przyk\u0142ad owady, ro\u015bliny czy inne ma\u0142e obiekty.<\/p>\n<p>\n<img decoding=\"async\" src=\"https:\/\/assets.innpro.pl\/8848\/10359\/4.jpg\" border=\"0\" \/>\n<\/p>\n<h3><strong>Profesjonalne przed\u0142u\u017cenie dla idealnej jako\u015bci<br \/><\/strong><\/h3>\n<p>Wbudowana spr\u0119\u017cyna w rurce przed\u0142u\u017caj\u0105cej sprawia, \u017ce jest ona idealnym wyborem do makrofotografii. Dzi\u0119ki oddaleniu obiektywu konwersyjnego od sensora aparatu mo\u017cliwe jest uzyskanie wi\u0119kszego powi\u0119kszenia bez pogorszenia jako\u015bci obrazu. Jest to niezast\u0105pione narz\u0119dzie dla profesjonalist\u00f3w, kt\u00f3rzy oczekuj\u0105 najwy\u017cszej jako\u015bci makrofotografii.<\/p>\n<p>\n<img decoding=\"async\" src=\"https:\/\/assets.innpro.pl\/8848\/10359\/8.jpg\" border=\"0\" \/>\n<\/p>\n<h3><strong>Wysokiej jako\u015bci szk\u0142o optyczne i pow\u0142oka nano<br \/><\/strong><\/h3>\n<p>Obiektyw Neewer charakteryzuje si\u0119 zastosowaniem wysokiej jako\u015bci szk\u0142a optycznego oraz wielowarstwow\u0105 pow\u0142ok\u0105 nano, kt\u00f3ra przywraca naturalne kolory i eliminuje zak\u0142\u00f3cenia. Ramka obiektywu wykonana z anodowanego aluminium, precyzyjnie obrobiona technik\u0105 CNC, zapewnia idealne dopasowanie do oryginalnego obiektywu. Pow\u0142oki redukuj\u0105 odblaski i wewn\u0119trzne odbicia, co umo\u017cliwia uzyskanie obraz\u00f3w w wysokiej rozdzielczo\u015bci.<\/p>\n<p>\n<img decoding=\"async\" src=\"https:\/\/assets.innpro.pl\/8848\/10359\/6.jpg\" border=\"0\" \/>\n<\/p>\n<h3><strong>\u0141atwo\u015b\u0107 u\u017cycia i mobilno\u015b\u0107<br \/><\/strong><\/h3>\n<p>Montowanie obiektywu jest niezwykle proste. Wystarczy zamocowa\u0107 uchwyt bagnetowy na aparacie ZV1 i dokr\u0119ci\u0107 go za pomoc\u0105 do\u0142\u0105czonego klucza imbusowego w kszta\u0142cie litery L. Nast\u0119pnie przymocuj rurk\u0119 przed\u0142u\u017caj\u0105c\u0105 do uchwytu i przykr\u0119\u0107 obiektyw do rurki. Do zestawu do\u0142\u0105czono r\u00f3wnie\u017c por\u0119czny pokrowiec, kt\u00f3ry u\u0142atwia przechowywanie i transport obiektywu.<\/p>\n<p>\n<img decoding=\"async\" src=\"https:\/\/assets.innpro.pl\/8848\/10359\/1.jpg\" border=\"0\" \/>\n<\/p>\n<h3>W  zestawie<\/h3>\n<ul class=\"list-disc pl-5\">\n<li>Obiektyw<\/li>\n<li>Pokrowiec<\/li>\n<li>rurka przed\u0142u\u017caj\u0105ca z wbudowan\u0105 spr\u0119\u017cyn\u0105<\/li>\n<\/ul>\n<div class=\"table-wrapper\">\n<p>\u00a0<\/p>\n<h3><\/h3>\n<table>\n<tbody>\n<tr>\n<th>Producent<\/th>\n<td>Neewer<\/td>\n<\/tr>\n<tr>\n<th>Kod producenta<\/th>\n<td>B0BJTW6FNX<\/td>\n<\/tr>\n<tr>\n<th>Typ: <\/th>\n<td>Obiektyw szerokok\u0105tny i makro 2 w 1<\/td>\n<\/tr>\n<tr>\n<th>Ogniskowa: <\/th>\n<td>18mm (szerokok\u0105tny), 10x powi\u0119kszenie (makro)<\/td>\n<\/tr>\n<tr>\n<th>Kompatybilno\u015b\u0107: <\/th>\n<td>Sony ZV1<\/td>\n<\/tr>\n<tr>\n<th>Materia\u0142: <\/th>\n<td>Anodowane aluminium CNC, szk\u0142o optyczne z pow\u0142ok\u0105 nano<\/td>\n<\/tr>\n<tr>\n<th>Monta\u017c: <\/th>\n<td>Uchwyt bagnetowy z kluczem imbusowym<\/td>\n<\/tr>\n<\/tbody>\n<\/table>\n<\/div>\n","protected":false},"excerpt":{"rendered":"<p>Obiektyw szerokok\u0105tny Neewer do Sony ZV1 (czarny) Obiektyw szerokok\u0105tny Neewer 2 w 1 dla Sony ZV1 zamienia standardowy obiektyw 24mm<\/p>\n","protected":false},"featured_media":59354,"comment_status":"closed","ping_status":"open","template":"","meta":{"_acf_changed":false},"product_brand":[],"product_cat":[1130,6174,1128],"product_tag":[],"class_list":{"0":"post-59353","1":"product","2":"type-product","3":"status-publish","4":"has-post-thumbnail","6":"product_cat-akcesoria-foto","7":"product_cat-do-aparatow-i-kamer","8":"product_cat-foto-wideo","9":"pa_okres-gwarancji-5757","10":"pa_producent-neewer","12":"first","13":"outofstock","14":"taxable","15":"shipping-taxable","16":"purchasable","17":"product-type-simple"},"acf":[],"yoast_head":"<!-- This site is optimized with the Yoast SEO plugin v27.2 - https:\/\/yoast.com\/product\/yoast-seo-wordpress\/ -->\n<title>Obiektyw szerokok\u0105tny NEEWER do Sony ZV1 (czarny) - IRONSKY.PL Sklep z Dronami<\/title>\n<meta name=\"description\" content=\"Obiektyw szerokok\u0105tny NEEWER do Sony ZV1 (czarny) - \u2705 sklep z dronami i fachowym doradztwem. \u2705 Tutaj kupisz produkty DJI, Yuneec, Parrot, Syma i wiele innych, a tak\u017ce kursy i licencje na operatora drona.\" \/>\n<meta name=\"robots\" content=\"index, follow, max-snippet:-1, max-image-preview:large, max-video-preview:-1\" \/>\n<link rel=\"canonical\" href=\"https:\/\/ironsky.pl\/sklep\/produkt\/obiektyw-szerokokatny-neewer-do-sony-zv1-czarny-2\/\" \/>\n<meta property=\"og:locale\" content=\"pl_PL\" \/>\n<meta property=\"og:type\" content=\"article\" \/>\n<meta property=\"og:title\" content=\"Obiektyw szerokok\u0105tny NEEWER do Sony ZV1 (czarny) - IRONSKY.PL Sklep z Dronami\" \/>\n<meta property=\"og:description\" content=\"Obiektyw szerokok\u0105tny NEEWER do Sony ZV1 (czarny) - \u2705 sklep z dronami i fachowym doradztwem. \u2705 Tutaj kupisz produkty DJI, Yuneec, Parrot, Syma i wiele innych, a tak\u017ce kursy i licencje na operatora drona.\" \/>\n<meta property=\"og:url\" content=\"https:\/\/ironsky.pl\/sklep\/produkt\/obiektyw-szerokokatny-neewer-do-sony-zv1-czarny-2\/\" \/>\n<meta property=\"og:site_name\" content=\"IRONSKY.PL Sklep z Dronami\" \/>\n<meta property=\"article:modified_time\" content=\"2026-04-15T08:46:41+00:00\" \/>\n<meta property=\"og:image\" content=\"https:\/\/ironsky.pl\/sklep\/wp-content\/uploads\/2026\/04\/46130_1.jpg\" \/>\n\t<meta property=\"og:image:width\" content=\"800\" \/>\n\t<meta property=\"og:image:height\" content=\"800\" \/>\n\t<meta property=\"og:image:type\" content=\"image\/jpeg\" \/>\n<meta name=\"twitter:card\" content=\"summary_large_image\" \/>\n<meta name=\"twitter:label1\" content=\"Szacowany czas czytania\" \/>\n\t<meta name=\"twitter:data1\" content=\"2 minuty\" \/>\n<script type=\"application\/ld+json\" class=\"yoast-schema-graph\">{\"@context\":\"https:\/\/schema.org\",\"@graph\":[{\"@type\":\"WebPage\",\"@id\":\"https:\/\/ironsky.pl\/sklep\/produkt\/obiektyw-szerokokatny-neewer-do-sony-zv1-czarny-2\/\",\"url\":\"https:\/\/ironsky.pl\/sklep\/produkt\/obiektyw-szerokokatny-neewer-do-sony-zv1-czarny-2\/\",\"name\":\"Obiektyw szerokok\u0105tny NEEWER do Sony ZV1 (czarny) - IRONSKY.PL Sklep z Dronami\",\"isPartOf\":{\"@id\":\"https:\/\/ironsky.pl\/sklep\/#website\"},\"primaryImageOfPage\":{\"@id\":\"https:\/\/ironsky.pl\/sklep\/produkt\/obiektyw-szerokokatny-neewer-do-sony-zv1-czarny-2\/#primaryimage\"},\"image\":{\"@id\":\"https:\/\/ironsky.pl\/sklep\/produkt\/obiektyw-szerokokatny-neewer-do-sony-zv1-czarny-2\/#primaryimage\"},\"thumbnailUrl\":\"https:\/\/ironsky.pl\/sklep\/wp-content\/uploads\/2026\/04\/46130_1.jpg\",\"datePublished\":\"2026-04-15T08:46:03+00:00\",\"dateModified\":\"2026-04-15T08:46:41+00:00\",\"description\":\"Obiektyw szerokok\u0105tny NEEWER do Sony ZV1 (czarny) - \u2705 sklep z dronami i fachowym doradztwem. \u2705 Tutaj kupisz produkty DJI, Yuneec, Parrot, Syma i wiele innych, a tak\u017ce kursy i licencje na operatora drona.\",\"breadcrumb\":{\"@id\":\"https:\/\/ironsky.pl\/sklep\/produkt\/obiektyw-szerokokatny-neewer-do-sony-zv1-czarny-2\/#breadcrumb\"},\"inLanguage\":\"pl-PL\",\"potentialAction\":[{\"@type\":\"ReadAction\",\"target\":[\"https:\/\/ironsky.pl\/sklep\/produkt\/obiektyw-szerokokatny-neewer-do-sony-zv1-czarny-2\/\"]}]},{\"@type\":\"ImageObject\",\"inLanguage\":\"pl-PL\",\"@id\":\"https:\/\/ironsky.pl\/sklep\/produkt\/obiektyw-szerokokatny-neewer-do-sony-zv1-czarny-2\/#primaryimage\",\"url\":\"https:\/\/ironsky.pl\/sklep\/wp-content\/uploads\/2026\/04\/46130_1.jpg\",\"contentUrl\":\"https:\/\/ironsky.pl\/sklep\/wp-content\/uploads\/2026\/04\/46130_1.jpg\",\"width\":800,\"height\":800},{\"@type\":\"BreadcrumbList\",\"@id\":\"https:\/\/ironsky.pl\/sklep\/produkt\/obiektyw-szerokokatny-neewer-do-sony-zv1-czarny-2\/#breadcrumb\",\"itemListElement\":[{\"@type\":\"ListItem\",\"position\":1,\"name\":\"Strona g\u0142\u00f3wna\",\"item\":\"https:\/\/ironsky.pl\/sklep\/\"},{\"@type\":\"ListItem\",\"position\":2,\"name\":\"Wszystkie produkty\",\"item\":\"https:\/\/ironsky.pl\/sklep\/produkty\/\"},{\"@type\":\"ListItem\",\"position\":3,\"name\":\"Obiektyw szerokok\u0105tny NEEWER do Sony ZV1 (czarny)\"}]},{\"@type\":\"WebSite\",\"@id\":\"https:\/\/ironsky.pl\/sklep\/#website\",\"url\":\"https:\/\/ironsky.pl\/sklep\/\",\"name\":\"IRONSKY.PL Sklep z Dronami\",\"description\":\"IRONSKY.PL Sklep z Dronami\",\"potentialAction\":[{\"@type\":\"SearchAction\",\"target\":{\"@type\":\"EntryPoint\",\"urlTemplate\":\"https:\/\/ironsky.pl\/sklep\/?s={search_term_string}\"},\"query-input\":{\"@type\":\"PropertyValueSpecification\",\"valueRequired\":true,\"valueName\":\"search_term_string\"}}],\"inLanguage\":\"pl-PL\"}]}<\/script>\n<!-- \/ Yoast SEO plugin. -->","yoast_head_json":{"title":"Obiektyw szerokok\u0105tny NEEWER do Sony ZV1 (czarny) - IRONSKY.PL Sklep z Dronami","description":"Obiektyw szerokok\u0105tny NEEWER do Sony ZV1 (czarny) - \u2705 sklep z dronami i fachowym doradztwem. \u2705 Tutaj kupisz produkty DJI, Yuneec, Parrot, Syma i wiele innych, a tak\u017ce kursy i licencje na operatora drona.","robots":{"index":"index","follow":"follow","max-snippet":"max-snippet:-1","max-image-preview":"max-image-preview:large","max-video-preview":"max-video-preview:-1"},"canonical":"https:\/\/ironsky.pl\/sklep\/produkt\/obiektyw-szerokokatny-neewer-do-sony-zv1-czarny-2\/","og_locale":"pl_PL","og_type":"article","og_title":"Obiektyw szerokok\u0105tny NEEWER do Sony ZV1 (czarny) - IRONSKY.PL Sklep z Dronami","og_description":"Obiektyw szerokok\u0105tny NEEWER do Sony ZV1 (czarny) - \u2705 sklep z dronami i fachowym doradztwem. \u2705 Tutaj kupisz produkty DJI, Yuneec, Parrot, Syma i wiele innych, a tak\u017ce kursy i licencje na operatora drona.","og_url":"https:\/\/ironsky.pl\/sklep\/produkt\/obiektyw-szerokokatny-neewer-do-sony-zv1-czarny-2\/","og_site_name":"IRONSKY.PL Sklep z Dronami","article_modified_time":"2026-04-15T08:46:41+00:00","og_image":[{"width":800,"height":800,"url":"https:\/\/ironsky.pl\/sklep\/wp-content\/uploads\/2026\/04\/46130_1.jpg","type":"image\/jpeg"}],"twitter_card":"summary_large_image","twitter_misc":{"Szacowany czas czytania":"2 minuty"},"schema":{"@context":"https:\/\/schema.org","@graph":[{"@type":"WebPage","@id":"https:\/\/ironsky.pl\/sklep\/produkt\/obiektyw-szerokokatny-neewer-do-sony-zv1-czarny-2\/","url":"https:\/\/ironsky.pl\/sklep\/produkt\/obiektyw-szerokokatny-neewer-do-sony-zv1-czarny-2\/","name":"Obiektyw szerokok\u0105tny NEEWER do Sony ZV1 (czarny) - IRONSKY.PL Sklep z Dronami","isPartOf":{"@id":"https:\/\/ironsky.pl\/sklep\/#website"},"primaryImageOfPage":{"@id":"https:\/\/ironsky.pl\/sklep\/produkt\/obiektyw-szerokokatny-neewer-do-sony-zv1-czarny-2\/#primaryimage"},"image":{"@id":"https:\/\/ironsky.pl\/sklep\/produkt\/obiektyw-szerokokatny-neewer-do-sony-zv1-czarny-2\/#primaryimage"},"thumbnailUrl":"https:\/\/ironsky.pl\/sklep\/wp-content\/uploads\/2026\/04\/46130_1.jpg","datePublished":"2026-04-15T08:46:03+00:00","dateModified":"2026-04-15T08:46:41+00:00","description":"Obiektyw szerokok\u0105tny NEEWER do Sony ZV1 (czarny) - \u2705 sklep z dronami i fachowym doradztwem. \u2705 Tutaj kupisz produkty DJI, Yuneec, Parrot, Syma i wiele innych, a tak\u017ce kursy i licencje na operatora drona.","breadcrumb":{"@id":"https:\/\/ironsky.pl\/sklep\/produkt\/obiektyw-szerokokatny-neewer-do-sony-zv1-czarny-2\/#breadcrumb"},"inLanguage":"pl-PL","potentialAction":[{"@type":"ReadAction","target":["https:\/\/ironsky.pl\/sklep\/produkt\/obiektyw-szerokokatny-neewer-do-sony-zv1-czarny-2\/"]}]},{"@type":"ImageObject","inLanguage":"pl-PL","@id":"https:\/\/ironsky.pl\/sklep\/produkt\/obiektyw-szerokokatny-neewer-do-sony-zv1-czarny-2\/#primaryimage","url":"https:\/\/ironsky.pl\/sklep\/wp-content\/uploads\/2026\/04\/46130_1.jpg","contentUrl":"https:\/\/ironsky.pl\/sklep\/wp-content\/uploads\/2026\/04\/46130_1.jpg","width":800,"height":800},{"@type":"BreadcrumbList","@id":"https:\/\/ironsky.pl\/sklep\/produkt\/obiektyw-szerokokatny-neewer-do-sony-zv1-czarny-2\/#breadcrumb","itemListElement":[{"@type":"ListItem","position":1,"name":"Strona g\u0142\u00f3wna","item":"https:\/\/ironsky.pl\/sklep\/"},{"@type":"ListItem","position":2,"name":"Wszystkie produkty","item":"https:\/\/ironsky.pl\/sklep\/produkty\/"},{"@type":"ListItem","position":3,"name":"Obiektyw szerokok\u0105tny NEEWER do Sony ZV1 (czarny)"}]},{"@type":"WebSite","@id":"https:\/\/ironsky.pl\/sklep\/#website","url":"https:\/\/ironsky.pl\/sklep\/","name":"IRONSKY.PL Sklep z Dronami","description":"IRONSKY.PL Sklep z Dronami","potentialAction":[{"@type":"SearchAction","target":{"@type":"EntryPoint","urlTemplate":"https:\/\/ironsky.pl\/sklep\/?s={search_term_string}"},"query-input":{"@type":"PropertyValueSpecification","valueRequired":true,"valueName":"search_term_string"}}],"inLanguage":"pl-PL"}]}},"_links":{"self":[{"href":"https:\/\/ironsky.pl\/sklep\/wp-json\/wp\/v2\/product\/59353","targetHints":{"allow":["GET"]}}],"collection":[{"href":"https:\/\/ironsky.pl\/sklep\/wp-json\/wp\/v2\/product"}],"about":[{"href":"https:\/\/ironsky.pl\/sklep\/wp-json\/wp\/v2\/types\/product"}],"replies":[{"embeddable":true,"href":"https:\/\/ironsky.pl\/sklep\/wp-json\/wp\/v2\/comments?post=59353"}],"wp:featuredmedia":[{"embeddable":true,"href":"https:\/\/ironsky.pl\/sklep\/wp-json\/wp\/v2\/media\/59354"}],"wp:attachment":[{"href":"https:\/\/ironsky.pl\/sklep\/wp-json\/wp\/v2\/media?parent=59353"}],"wp:term":[{"taxonomy":"product_brand","embeddable":true,"href":"https:\/\/ironsky.pl\/sklep\/wp-json\/wp\/v2\/product_brand?post=59353"},{"taxonomy":"product_cat","embeddable":true,"href":"https:\/\/ironsky.pl\/sklep\/wp-json\/wp\/v2\/product_cat?post=59353"},{"taxonomy":"product_tag","embeddable":true,"href":"https:\/\/ironsky.pl\/sklep\/wp-json\/wp\/v2\/product_tag?post=59353"}],"curies":[{"name":"wp","href":"https:\/\/api.w.org\/{rel}","templated":true}]}}