{"id":59335,"date":"2026-04-15T10:46:03","date_gmt":"2026-04-15T08:46:03","guid":{"rendered":"https:\/\/ironsky.pl\/sklep\/produkt\/mocowanie-na-klatke-piersiowa-telesin\/"},"modified":"2026-04-15T10:46:29","modified_gmt":"2026-04-15T08:46:29","slug":"mocowanie-na-klatke-piersiowa-telesin","status":"publish","type":"product","link":"https:\/\/ironsky.pl\/sklep\/produkt\/mocowanie-na-klatke-piersiowa-telesin\/","title":{"rendered":"Mocowanie na klatk\u0119 piersiow\u0105 TELESIN"},"content":{"rendered":"<h3>Mocowanie na klatk\u0119 piersiow\u0105 TELESIN do kamer sportowych<\/h3>\n<p>Mocowanie TELESIN to idealne akcesorium dla pasjonat\u00f3w sport\u00f3w ekstremalnych i aktywno\u015bci na \u015bwie\u017cym powietrzu. Zapewnia stabilno\u015b\u0107 i wygod\u0119, kt\u00f3re s\u0105 kluczowe podczas sesji filmowych i zdj\u0119ciowych w ruchu. Dzi\u0119ki przemy\u015blanej konstrukcji i nowoczesnym rozwi\u0105zaniom pozwala na uchwycenie niesamowitych, dynamicznych uj\u0119\u0107 z perspektywy pierwszej osoby.\u00a0<\/p>\n<p>\n<img decoding=\"async\" src=\"https:\/\/assets.innpro.pl\/9097\/10624\/1.jpg\" border=\"0\" \/>\n<\/p>\n<h3>Szybka i \u0142atwa instalacja<\/h3>\n<p>Aby zainstalowa\u0107 kamer\u0119 na mocowaniu, wystarczy sekunda, poniewa\u017c jest ono wyposa\u017cone w funkcj\u0119 szybkiego zwalniania. Funkcja ta jest nieoceniona podczas dynamicznych aktywno\u015bci, gdzie ka\u017cda sekunda mo\u017ce stanowi\u0107 o efekcie ko\u0144cowym Twoich nagra\u0144. Jednocze\u015bnie, obs\u0142uga jedn\u0105 r\u0119k\u0105 zapewnia wygod\u0119 i prostot\u0119 u\u017cytkowania, eliminuj\u0105c potrzeb\u0119 skomplikowanych regulacji.<\/p>\n<p>\n<img decoding=\"async\" src=\"https:\/\/assets.innpro.pl\/9097\/10624\/2.jpg\" border=\"0\" \/>\n<\/p>\n<h3>Wygodne i oddychaj\u0105ce materia\u0142y<\/h3>\n<p>Mocowanie zosta\u0142o zaprojektowane z my\u015bl\u0105 o maksymalnym komforcie. Jego konstrukcja w stylu kamizelki rozwi\u0105zuje problem trudno\u015bci w zak\u0142adaniu i dopasowywaniu. Dodatkowo mi\u0119kkie, oddychaj\u0105ce poduszki poprawiaj\u0105 komfort noszenia, a ich mo\u017cliwo\u015b\u0107 zdejmowania i prania sprawia, \u017ce utrzymanie akcesorium w czysto\u015bci jest proste.<\/p>\n<p>\n<img decoding=\"async\" src=\"https:\/\/assets.innpro.pl\/9097\/10624\/3.jpg\" border=\"0\" \/>\n<\/p>\n<h3>Niezawodna stabilno\u015b\u0107 podczas ruchu<\/h3>\n<p>Jednym z kluczowych atut\u00f3w mocowania jest wyj\u0105tkowa stabilno\u015b\u0107, kt\u00f3ra czyni je idealnym rozwi\u0105zaniem dla os\u00f3b uprawiaj\u0105cych intensywne sporty. Dzi\u0119ki solidnej konstrukcji zapewnia pewne utrzymanie kamery podczas najbardziej dynamicznych ruch\u00f3w, co pozwala na uzyskanie wyra\u017anych i stabilnych nagra\u0144.<\/p>\n<p>\n<img decoding=\"async\" src=\"https:\/\/assets.innpro.pl\/9097\/10624\/4.jpg\" border=\"0\" \/>\n<\/p>\n<div class=\"table-wrapper\">\n<p>\u00a0<\/p>\n<h3><\/h3>\n<table>\n<tbody>\n<tr>\n<th>Producent<\/th>\n<td>Telesin<\/td>\n<\/tr>\n<tr>\n<th>Kod producenta<\/th>\n<td>S2-CGP-02-OL<\/td>\n<\/tr>\n<tr>\n<th>Typ mocowania kamery<\/th>\n<td>Quick release<\/td>\n<\/tr>\n<\/tbody>\n<\/table>\n<\/div>\n","protected":false},"excerpt":{"rendered":"<p>Mocowanie na klatk\u0119 piersiow\u0105 TELESIN do kamer sportowych Mocowanie TELESIN to idealne akcesorium dla pasjonat\u00f3w sport\u00f3w ekstremalnych i aktywno\u015bci na<\/p>\n","protected":false},"featured_media":59336,"comment_status":"closed","ping_status":"open","template":"","meta":{"_acf_changed":false},"product_brand":[],"product_cat":[1128,6178,6176,6177,6181,1138],"product_tag":[],"class_list":{"0":"post-59335","1":"product","2":"type-product","3":"status-publish","4":"has-post-thumbnail","6":"product_cat-foto-wideo","7":"product_cat-mocowania","8":"product_cat-selfie-stiki","9":"product_cat-statywy-selfie-stiki","10":"product_cat-szelki-mocowania-i-uchwyty","11":"product_cat-wysiegniki","12":"pa_okres-gwarancji-5754","13":"pa_producent-telesin","15":"first","16":"outofstock","17":"taxable","18":"shipping-taxable","19":"purchasable","20":"product-type-simple"},"acf":[],"yoast_head":"<!-- This site is optimized with the Yoast SEO plugin v27.2 - https:\/\/yoast.com\/product\/yoast-seo-wordpress\/ -->\n<title>Mocowanie na klatk\u0119 piersiow\u0105 TELESIN - IRONSKY.PL Sklep z Dronami<\/title>\n<meta name=\"description\" content=\"Mocowanie na klatk\u0119 piersiow\u0105 TELESIN - \u2705 sklep z dronami i fachowym doradztwem. \u2705 Tutaj kupisz produkty DJI, Yuneec, Parrot, Syma i wiele innych, a tak\u017ce kursy i licencje na operatora drona.\" \/>\n<meta name=\"robots\" content=\"index, follow, max-snippet:-1, max-image-preview:large, max-video-preview:-1\" \/>\n<link rel=\"canonical\" href=\"https:\/\/ironsky.pl\/sklep\/produkt\/mocowanie-na-klatke-piersiowa-telesin\/\" \/>\n<meta property=\"og:locale\" content=\"pl_PL\" \/>\n<meta property=\"og:type\" content=\"article\" \/>\n<meta property=\"og:title\" content=\"Mocowanie na klatk\u0119 piersiow\u0105 TELESIN - IRONSKY.PL Sklep z Dronami\" \/>\n<meta property=\"og:description\" content=\"Mocowanie na klatk\u0119 piersiow\u0105 TELESIN - \u2705 sklep z dronami i fachowym doradztwem. \u2705 Tutaj kupisz produkty DJI, Yuneec, Parrot, Syma i wiele innych, a tak\u017ce kursy i licencje na operatora drona.\" \/>\n<meta property=\"og:url\" content=\"https:\/\/ironsky.pl\/sklep\/produkt\/mocowanie-na-klatke-piersiowa-telesin\/\" \/>\n<meta property=\"og:site_name\" content=\"IRONSKY.PL Sklep z Dronami\" \/>\n<meta property=\"article:modified_time\" content=\"2026-04-15T08:46:29+00:00\" \/>\n<meta property=\"og:image\" content=\"https:\/\/ironsky.pl\/sklep\/wp-content\/uploads\/2026\/04\/46112_4.jpg\" \/>\n\t<meta property=\"og:image:width\" content=\"800\" \/>\n\t<meta property=\"og:image:height\" content=\"800\" \/>\n\t<meta property=\"og:image:type\" content=\"image\/jpeg\" \/>\n<meta name=\"twitter:card\" content=\"summary_large_image\" \/>\n<meta name=\"twitter:label1\" content=\"Szacowany czas czytania\" \/>\n\t<meta name=\"twitter:data1\" content=\"1 minuta\" \/>\n<script type=\"application\/ld+json\" class=\"yoast-schema-graph\">{\"@context\":\"https:\/\/schema.org\",\"@graph\":[{\"@type\":\"WebPage\",\"@id\":\"https:\/\/ironsky.pl\/sklep\/produkt\/mocowanie-na-klatke-piersiowa-telesin\/\",\"url\":\"https:\/\/ironsky.pl\/sklep\/produkt\/mocowanie-na-klatke-piersiowa-telesin\/\",\"name\":\"Mocowanie na klatk\u0119 piersiow\u0105 TELESIN - IRONSKY.PL Sklep z Dronami\",\"isPartOf\":{\"@id\":\"https:\/\/ironsky.pl\/sklep\/#website\"},\"primaryImageOfPage\":{\"@id\":\"https:\/\/ironsky.pl\/sklep\/produkt\/mocowanie-na-klatke-piersiowa-telesin\/#primaryimage\"},\"image\":{\"@id\":\"https:\/\/ironsky.pl\/sklep\/produkt\/mocowanie-na-klatke-piersiowa-telesin\/#primaryimage\"},\"thumbnailUrl\":\"https:\/\/ironsky.pl\/sklep\/wp-content\/uploads\/2026\/04\/46112_4.jpg\",\"datePublished\":\"2026-04-15T08:46:03+00:00\",\"dateModified\":\"2026-04-15T08:46:29+00:00\",\"description\":\"Mocowanie na klatk\u0119 piersiow\u0105 TELESIN - \u2705 sklep z dronami i fachowym doradztwem. \u2705 Tutaj kupisz produkty DJI, Yuneec, Parrot, Syma i wiele innych, a tak\u017ce kursy i licencje na operatora drona.\",\"breadcrumb\":{\"@id\":\"https:\/\/ironsky.pl\/sklep\/produkt\/mocowanie-na-klatke-piersiowa-telesin\/#breadcrumb\"},\"inLanguage\":\"pl-PL\",\"potentialAction\":[{\"@type\":\"ReadAction\",\"target\":[\"https:\/\/ironsky.pl\/sklep\/produkt\/mocowanie-na-klatke-piersiowa-telesin\/\"]}]},{\"@type\":\"ImageObject\",\"inLanguage\":\"pl-PL\",\"@id\":\"https:\/\/ironsky.pl\/sklep\/produkt\/mocowanie-na-klatke-piersiowa-telesin\/#primaryimage\",\"url\":\"https:\/\/ironsky.pl\/sklep\/wp-content\/uploads\/2026\/04\/46112_4.jpg\",\"contentUrl\":\"https:\/\/ironsky.pl\/sklep\/wp-content\/uploads\/2026\/04\/46112_4.jpg\",\"width\":800,\"height\":800},{\"@type\":\"BreadcrumbList\",\"@id\":\"https:\/\/ironsky.pl\/sklep\/produkt\/mocowanie-na-klatke-piersiowa-telesin\/#breadcrumb\",\"itemListElement\":[{\"@type\":\"ListItem\",\"position\":1,\"name\":\"Strona g\u0142\u00f3wna\",\"item\":\"https:\/\/ironsky.pl\/sklep\/\"},{\"@type\":\"ListItem\",\"position\":2,\"name\":\"Wszystkie produkty\",\"item\":\"https:\/\/ironsky.pl\/sklep\/produkty\/\"},{\"@type\":\"ListItem\",\"position\":3,\"name\":\"Mocowanie na klatk\u0119 piersiow\u0105 TELESIN\"}]},{\"@type\":\"WebSite\",\"@id\":\"https:\/\/ironsky.pl\/sklep\/#website\",\"url\":\"https:\/\/ironsky.pl\/sklep\/\",\"name\":\"IRONSKY.PL Sklep z Dronami\",\"description\":\"IRONSKY.PL Sklep z Dronami\",\"potentialAction\":[{\"@type\":\"SearchAction\",\"target\":{\"@type\":\"EntryPoint\",\"urlTemplate\":\"https:\/\/ironsky.pl\/sklep\/?s={search_term_string}\"},\"query-input\":{\"@type\":\"PropertyValueSpecification\",\"valueRequired\":true,\"valueName\":\"search_term_string\"}}],\"inLanguage\":\"pl-PL\"}]}<\/script>\n<!-- \/ Yoast SEO plugin. -->","yoast_head_json":{"title":"Mocowanie na klatk\u0119 piersiow\u0105 TELESIN - IRONSKY.PL Sklep z Dronami","description":"Mocowanie na klatk\u0119 piersiow\u0105 TELESIN - \u2705 sklep z dronami i fachowym doradztwem. \u2705 Tutaj kupisz produkty DJI, Yuneec, Parrot, Syma i wiele innych, a tak\u017ce kursy i licencje na operatora drona.","robots":{"index":"index","follow":"follow","max-snippet":"max-snippet:-1","max-image-preview":"max-image-preview:large","max-video-preview":"max-video-preview:-1"},"canonical":"https:\/\/ironsky.pl\/sklep\/produkt\/mocowanie-na-klatke-piersiowa-telesin\/","og_locale":"pl_PL","og_type":"article","og_title":"Mocowanie na klatk\u0119 piersiow\u0105 TELESIN - IRONSKY.PL Sklep z Dronami","og_description":"Mocowanie na klatk\u0119 piersiow\u0105 TELESIN - \u2705 sklep z dronami i fachowym doradztwem. \u2705 Tutaj kupisz produkty DJI, Yuneec, Parrot, Syma i wiele innych, a tak\u017ce kursy i licencje na operatora drona.","og_url":"https:\/\/ironsky.pl\/sklep\/produkt\/mocowanie-na-klatke-piersiowa-telesin\/","og_site_name":"IRONSKY.PL Sklep z Dronami","article_modified_time":"2026-04-15T08:46:29+00:00","og_image":[{"width":800,"height":800,"url":"https:\/\/ironsky.pl\/sklep\/wp-content\/uploads\/2026\/04\/46112_4.jpg","type":"image\/jpeg"}],"twitter_card":"summary_large_image","twitter_misc":{"Szacowany czas czytania":"1 minuta"},"schema":{"@context":"https:\/\/schema.org","@graph":[{"@type":"WebPage","@id":"https:\/\/ironsky.pl\/sklep\/produkt\/mocowanie-na-klatke-piersiowa-telesin\/","url":"https:\/\/ironsky.pl\/sklep\/produkt\/mocowanie-na-klatke-piersiowa-telesin\/","name":"Mocowanie na klatk\u0119 piersiow\u0105 TELESIN - IRONSKY.PL Sklep z Dronami","isPartOf":{"@id":"https:\/\/ironsky.pl\/sklep\/#website"},"primaryImageOfPage":{"@id":"https:\/\/ironsky.pl\/sklep\/produkt\/mocowanie-na-klatke-piersiowa-telesin\/#primaryimage"},"image":{"@id":"https:\/\/ironsky.pl\/sklep\/produkt\/mocowanie-na-klatke-piersiowa-telesin\/#primaryimage"},"thumbnailUrl":"https:\/\/ironsky.pl\/sklep\/wp-content\/uploads\/2026\/04\/46112_4.jpg","datePublished":"2026-04-15T08:46:03+00:00","dateModified":"2026-04-15T08:46:29+00:00","description":"Mocowanie na klatk\u0119 piersiow\u0105 TELESIN - \u2705 sklep z dronami i fachowym doradztwem. \u2705 Tutaj kupisz produkty DJI, Yuneec, Parrot, Syma i wiele innych, a tak\u017ce kursy i licencje na operatora drona.","breadcrumb":{"@id":"https:\/\/ironsky.pl\/sklep\/produkt\/mocowanie-na-klatke-piersiowa-telesin\/#breadcrumb"},"inLanguage":"pl-PL","potentialAction":[{"@type":"ReadAction","target":["https:\/\/ironsky.pl\/sklep\/produkt\/mocowanie-na-klatke-piersiowa-telesin\/"]}]},{"@type":"ImageObject","inLanguage":"pl-PL","@id":"https:\/\/ironsky.pl\/sklep\/produkt\/mocowanie-na-klatke-piersiowa-telesin\/#primaryimage","url":"https:\/\/ironsky.pl\/sklep\/wp-content\/uploads\/2026\/04\/46112_4.jpg","contentUrl":"https:\/\/ironsky.pl\/sklep\/wp-content\/uploads\/2026\/04\/46112_4.jpg","width":800,"height":800},{"@type":"BreadcrumbList","@id":"https:\/\/ironsky.pl\/sklep\/produkt\/mocowanie-na-klatke-piersiowa-telesin\/#breadcrumb","itemListElement":[{"@type":"ListItem","position":1,"name":"Strona g\u0142\u00f3wna","item":"https:\/\/ironsky.pl\/sklep\/"},{"@type":"ListItem","position":2,"name":"Wszystkie produkty","item":"https:\/\/ironsky.pl\/sklep\/produkty\/"},{"@type":"ListItem","position":3,"name":"Mocowanie na klatk\u0119 piersiow\u0105 TELESIN"}]},{"@type":"WebSite","@id":"https:\/\/ironsky.pl\/sklep\/#website","url":"https:\/\/ironsky.pl\/sklep\/","name":"IRONSKY.PL Sklep z Dronami","description":"IRONSKY.PL Sklep z Dronami","potentialAction":[{"@type":"SearchAction","target":{"@type":"EntryPoint","urlTemplate":"https:\/\/ironsky.pl\/sklep\/?s={search_term_string}"},"query-input":{"@type":"PropertyValueSpecification","valueRequired":true,"valueName":"search_term_string"}}],"inLanguage":"pl-PL"}]}},"_links":{"self":[{"href":"https:\/\/ironsky.pl\/sklep\/wp-json\/wp\/v2\/product\/59335","targetHints":{"allow":["GET"]}}],"collection":[{"href":"https:\/\/ironsky.pl\/sklep\/wp-json\/wp\/v2\/product"}],"about":[{"href":"https:\/\/ironsky.pl\/sklep\/wp-json\/wp\/v2\/types\/product"}],"replies":[{"embeddable":true,"href":"https:\/\/ironsky.pl\/sklep\/wp-json\/wp\/v2\/comments?post=59335"}],"wp:featuredmedia":[{"embeddable":true,"href":"https:\/\/ironsky.pl\/sklep\/wp-json\/wp\/v2\/media\/59336"}],"wp:attachment":[{"href":"https:\/\/ironsky.pl\/sklep\/wp-json\/wp\/v2\/media?parent=59335"}],"wp:term":[{"taxonomy":"product_brand","embeddable":true,"href":"https:\/\/ironsky.pl\/sklep\/wp-json\/wp\/v2\/product_brand?post=59335"},{"taxonomy":"product_cat","embeddable":true,"href":"https:\/\/ironsky.pl\/sklep\/wp-json\/wp\/v2\/product_cat?post=59335"},{"taxonomy":"product_tag","embeddable":true,"href":"https:\/\/ironsky.pl\/sklep\/wp-json\/wp\/v2\/product_tag?post=59335"}],"curies":[{"name":"wp","href":"https:\/\/api.w.org\/{rel}","templated":true}]}}