{"id":59316,"date":"2026-04-15T10:46:03","date_gmt":"2026-04-15T08:46:03","guid":{"rendered":"https:\/\/ironsky.pl\/sklep\/produkt\/zestaw-filtrow-sunnylife-nd8-pl-nd64-pl-do-osmo-pocket-3\/"},"modified":"2026-04-15T10:46:15","modified_gmt":"2026-04-15T08:46:15","slug":"zestaw-filtrow-sunnylife-nd8-pl-nd64-pl-do-osmo-pocket-3","status":"publish","type":"product","link":"https:\/\/ironsky.pl\/sklep\/produkt\/zestaw-filtrow-sunnylife-nd8-pl-nd64-pl-do-osmo-pocket-3\/","title":{"rendered":"Zestaw filtr\u00f3w SUNNYLIFE ND8\/PL-ND64\/PL do Osmo Pocket 3"},"content":{"rendered":"<h3>Filtry ND8\/PL, ND16\/PL, ND32\/PL, ND64\/PL Sunnylife do DJI Osmo Pocket 3<\/h3>\n<p>Filtry do DJI Osmo Pocket 3 to niezb\u0119dne akcesoria dla ka\u017cdego, kto pragnie uzyska\u0107 profesjonalne rezultaty w swoich nagraniach i zdj\u0119ciach. Dzi\u0119ki cienkiej i lekkiej konstrukcji, filtry te nie wp\u0142ywaj\u0105 na ruchy i dzia\u0142anie gimbala, zachowuj\u0105c pe\u0142n\u0105 funkcjonalno\u015b\u0107 i p\u0142ynno\u015b\u0107 dzia\u0142ania kamery. S\u0105 one kompatybilne zar\u00f3wno z oryginaln\u0105 os\u0142on\u0105 ochronn\u0105, jak i os\u0142on\u0105 Sunnylife Z754, co zapewnia pe\u0142ne bezpiecze\u0144stwo sprz\u0119tu.<\/p>\n<p>\n<img decoding=\"async\" src=\"https:\/\/assets.innpro.pl\/8844\/10355\/2.jpg\" border=\"0\" \/>\n<\/p>\n<h3>Precyzyjna kontrola dzi\u0119ki regulowanym filtrom<\/h3>\n<p>Filtry Sunnylife zosta\u0142y wyposa\u017cone w anten\u0119 ze stopu aluminium oraz anodowan\u0105 ram\u0119, kt\u00f3ra umo\u017cliwia regulacj\u0119 k\u0105ta i dostosowanie filtr\u00f3w ND\/PL do Twoich potrzeb. Obracane z\u0142ote k\u00f3\u0142ka pozwalaj\u0105 na precyzyjne ustawienie k\u0105ta polaryzacji, co jest kluczowe w uzyskaniu idealnych uj\u0119\u0107 w r\u00f3\u017cnych warunkach o\u015bwietleniowych. Dzi\u0119ki adsorpcji magnetycznej filtry s\u0105 stabilnie zamontowane, co gwarantuje bezpiecze\u0144stwo i wygod\u0119 u\u017cytkowania.<\/p>\n<p>\n<img decoding=\"async\" src=\"https:\/\/assets.innpro.pl\/8844\/10355\/3.jpg\" border=\"0\" \/>\n<\/p>\n<h3>Profesjonalna jako\u015b\u0107 obrazu dzi\u0119ki optycznym soczewkom<\/h3>\n<p>Filtry Sunnylife wykonane s\u0105 z importowanego szk\u0142a optycznego z Niemiec, kt\u00f3re zapewnia doskona\u0142e w\u0142a\u015bciwo\u015bci fizyczne i chemiczne. Wielowarstwowa pow\u0142oka i wysoka przepuszczalno\u015b\u0107 \u015bwiat\u0142a przywracaj\u0105 naturalne kolory, umo\u017cliwiaj\u0105c rejestrowanie wyra\u017anych, profesjonalnych obraz\u00f3w. Dodatkowo filtry s\u0105 wodoodporne, olejoodporne i odporne na zarysowania, co skutecznie chroni obiektyw aparatu w trudnych warunkach.<\/p>\n<p>\n<img decoding=\"async\" src=\"https:\/\/assets.innpro.pl\/8844\/10355\/4.jpg\" border=\"0\" \/>\n<\/p>\n<h3>Eleganckie i funkcjonalne opakowanie<\/h3>\n<p>Filtry s\u0105 dostarczane w eleganckim pude\u0142ku, kt\u00f3re zosta\u0142o zaprojektowane z my\u015bl\u0105 o maksymalnej ochronie. Silikonowa taca wewn\u0119trzna chroni filtry przed zarysowaniami i uderzeniami, a magnetyczne zamkni\u0119cie zapewnia, \u017ce filtry s\u0105 zawsze na swoim miejscu. Dzi\u0119ki temu mo\u017cesz mie\u0107 pewno\u015b\u0107, \u017ce Twoje filtry b\u0119d\u0105 zawsze bezpieczne i gotowe do u\u017cycia, niezale\u017cnie od miejsca, w kt\u00f3rym si\u0119 znajdujesz.<\/p>\n<p>\n<img decoding=\"async\" src=\"https:\/\/assets.innpro.pl\/8844\/10355\/1.jpg\" border=\"0\" \/>\n<\/p>\n<h3>Wszechstronne zastosowanie i r\u00f3\u017cnorodno\u015b\u0107 filtr\u00f3w<\/h3>\n<p>Filtry Sunnylife \u0142\u0105cz\u0105 w sobie zalety filtr\u00f3w ND i CPL, aby spe\u0142ni\u0107 Twoje wymagania dotycz\u0105ce wyd\u0142u\u017cenia czasu ekspozycji i eliminacji niepo\u017c\u0105danego \u015bwiat\u0142a spolaryzowanego, co czyni go pot\u0119\u017cnym narz\u0119dziem do fotografii krajobrazowej. Zainwestuj w filtry Sunnylife do DJI Osmo Pocket 3 i ciesz si\u0119 pe\u0142n\u0105 kontrol\u0105 nad swoimi uj\u0119ciami oraz niezawodn\u0105 ochron\u0105 swojego sprz\u0119tu!<\/p>\n<p>\n<img decoding=\"async\" src=\"https:\/\/assets.innpro.pl\/8844\/10355\/6.jpg\" border=\"0\" \/>\n<\/p>\n<div class=\"table-wrapper\">\n<p>\u00a0<\/p>\n<h3><\/h3>\n<table>\n<tbody>\n<tr>\n<th>Producent<\/th>\n<td>Sunnylife<\/td>\n<\/tr>\n<tr>\n<th>Filtry<\/th>\n<td>ND8\/PL, ND16\/PL, ND32\/PL, ND64\/PL<\/td>\n<\/tr>\n<tr>\n<th>Kompatybilna kamera<\/th>\n<td>DJI Osmo Pocket 3<\/td>\n<\/tr>\n<tr>\n<th>Kompatybilne os\u0142ony<\/th>\n<td>Sunnylife Z754, oryginalna os\u0142ona ochronna<\/td>\n<\/tr>\n<tr>\n<th>Waga<\/th>\n<td>1g (jeden filtr)<\/td>\n<\/tr>\n<tr>\n<th>Materia\u0142 wykonania<\/th>\n<td>stop aluminium, szklane soczewki, silikon (etui na filtry)<\/td>\n<\/tr>\n<tr>\n<th>Wymiary<\/th>\n<td>16 x 22 mm (jeden filtr)<\/td>\n<\/tr>\n<tr>\n<th>Odporno\u015b\u0107<\/th>\n<td>wodoodporno\u015b\u0107, odporno\u015b\u0107 na olej i zarysowania<\/td>\n<\/tr>\n<tr>\n<th>Wymiary pude\u0142ek<\/th>\n<td>S, M, L<\/td>\n<\/tr>\n<\/tbody>\n<\/table>\n<\/div>\n","protected":false},"excerpt":{"rendered":"<p>Filtry ND8\/PL, ND16\/PL, ND32\/PL, ND64\/PL Sunnylife do DJI Osmo Pocket 3 Filtry do DJI Osmo Pocket 3 to niezb\u0119dne akcesoria<\/p>\n","protected":false},"featured_media":59317,"comment_status":"closed","ping_status":"open","template":"","meta":{"_acf_changed":false},"product_brand":[],"product_cat":[6224,6211,1128],"product_tag":[],"class_list":{"0":"post-59316","1":"product","2":"type-product","3":"status-publish","4":"has-post-thumbnail","6":"product_cat-do-kamer-sportowych-filtry","7":"product_cat-filtry","8":"product_cat-foto-wideo","9":"pa_okres-gwarancji-5754","10":"pa_producent-sunnylife","12":"first","13":"outofstock","14":"taxable","15":"shipping-taxable","16":"purchasable","17":"product-type-simple"},"acf":[],"yoast_head":"<!-- This site is optimized with the Yoast SEO plugin v27.2 - https:\/\/yoast.com\/product\/yoast-seo-wordpress\/ -->\n<title>Zestaw filtr\u00f3w SUNNYLIFE ND8\/PL-ND64\/PL do Osmo Pocket 3 - IRONSKY.PL Sklep z Dronami<\/title>\n<meta name=\"description\" content=\"Zestaw filtr\u00f3w SUNNYLIFE ND8\/PL-ND64\/PL do Osmo Pocket 3 - \u2705 sklep z dronami i fachowym doradztwem. \u2705 Tutaj kupisz produkty DJI, Yuneec, Parrot, Syma i wiele innych, a tak\u017ce kursy i licencje na operatora drona.\" \/>\n<meta name=\"robots\" content=\"index, follow, max-snippet:-1, max-image-preview:large, max-video-preview:-1\" \/>\n<link rel=\"canonical\" href=\"https:\/\/ironsky.pl\/sklep\/produkt\/zestaw-filtrow-sunnylife-nd8-pl-nd64-pl-do-osmo-pocket-3\/\" \/>\n<meta property=\"og:locale\" content=\"pl_PL\" \/>\n<meta property=\"og:type\" content=\"article\" \/>\n<meta property=\"og:title\" content=\"Zestaw filtr\u00f3w SUNNYLIFE ND8\/PL-ND64\/PL do Osmo Pocket 3 - IRONSKY.PL Sklep z Dronami\" \/>\n<meta property=\"og:description\" content=\"Zestaw filtr\u00f3w SUNNYLIFE ND8\/PL-ND64\/PL do Osmo Pocket 3 - \u2705 sklep z dronami i fachowym doradztwem. \u2705 Tutaj kupisz produkty DJI, Yuneec, Parrot, Syma i wiele innych, a tak\u017ce kursy i licencje na operatora drona.\" \/>\n<meta property=\"og:url\" content=\"https:\/\/ironsky.pl\/sklep\/produkt\/zestaw-filtrow-sunnylife-nd8-pl-nd64-pl-do-osmo-pocket-3\/\" \/>\n<meta property=\"og:site_name\" content=\"IRONSKY.PL Sklep z Dronami\" \/>\n<meta property=\"article:modified_time\" content=\"2026-04-15T08:46:15+00:00\" \/>\n<meta property=\"og:image\" content=\"https:\/\/ironsky.pl\/sklep\/wp-content\/uploads\/2026\/04\/46087_5.jpg\" \/>\n\t<meta property=\"og:image:width\" content=\"800\" \/>\n\t<meta property=\"og:image:height\" content=\"800\" \/>\n\t<meta property=\"og:image:type\" content=\"image\/jpeg\" \/>\n<meta name=\"twitter:card\" content=\"summary_large_image\" \/>\n<meta name=\"twitter:label1\" content=\"Szacowany czas czytania\" \/>\n\t<meta name=\"twitter:data1\" content=\"2 minuty\" \/>\n<script type=\"application\/ld+json\" class=\"yoast-schema-graph\">{\"@context\":\"https:\/\/schema.org\",\"@graph\":[{\"@type\":\"WebPage\",\"@id\":\"https:\/\/ironsky.pl\/sklep\/produkt\/zestaw-filtrow-sunnylife-nd8-pl-nd64-pl-do-osmo-pocket-3\/\",\"url\":\"https:\/\/ironsky.pl\/sklep\/produkt\/zestaw-filtrow-sunnylife-nd8-pl-nd64-pl-do-osmo-pocket-3\/\",\"name\":\"Zestaw filtr\u00f3w SUNNYLIFE ND8\/PL-ND64\/PL do Osmo Pocket 3 - IRONSKY.PL Sklep z Dronami\",\"isPartOf\":{\"@id\":\"https:\/\/ironsky.pl\/sklep\/#website\"},\"primaryImageOfPage\":{\"@id\":\"https:\/\/ironsky.pl\/sklep\/produkt\/zestaw-filtrow-sunnylife-nd8-pl-nd64-pl-do-osmo-pocket-3\/#primaryimage\"},\"image\":{\"@id\":\"https:\/\/ironsky.pl\/sklep\/produkt\/zestaw-filtrow-sunnylife-nd8-pl-nd64-pl-do-osmo-pocket-3\/#primaryimage\"},\"thumbnailUrl\":\"https:\/\/ironsky.pl\/sklep\/wp-content\/uploads\/2026\/04\/46087_5.jpg\",\"datePublished\":\"2026-04-15T08:46:03+00:00\",\"dateModified\":\"2026-04-15T08:46:15+00:00\",\"description\":\"Zestaw filtr\u00f3w SUNNYLIFE ND8\/PL-ND64\/PL do Osmo Pocket 3 - \u2705 sklep z dronami i fachowym doradztwem. \u2705 Tutaj kupisz produkty DJI, Yuneec, Parrot, Syma i wiele innych, a tak\u017ce kursy i licencje na operatora drona.\",\"breadcrumb\":{\"@id\":\"https:\/\/ironsky.pl\/sklep\/produkt\/zestaw-filtrow-sunnylife-nd8-pl-nd64-pl-do-osmo-pocket-3\/#breadcrumb\"},\"inLanguage\":\"pl-PL\",\"potentialAction\":[{\"@type\":\"ReadAction\",\"target\":[\"https:\/\/ironsky.pl\/sklep\/produkt\/zestaw-filtrow-sunnylife-nd8-pl-nd64-pl-do-osmo-pocket-3\/\"]}]},{\"@type\":\"ImageObject\",\"inLanguage\":\"pl-PL\",\"@id\":\"https:\/\/ironsky.pl\/sklep\/produkt\/zestaw-filtrow-sunnylife-nd8-pl-nd64-pl-do-osmo-pocket-3\/#primaryimage\",\"url\":\"https:\/\/ironsky.pl\/sklep\/wp-content\/uploads\/2026\/04\/46087_5.jpg\",\"contentUrl\":\"https:\/\/ironsky.pl\/sklep\/wp-content\/uploads\/2026\/04\/46087_5.jpg\",\"width\":800,\"height\":800},{\"@type\":\"BreadcrumbList\",\"@id\":\"https:\/\/ironsky.pl\/sklep\/produkt\/zestaw-filtrow-sunnylife-nd8-pl-nd64-pl-do-osmo-pocket-3\/#breadcrumb\",\"itemListElement\":[{\"@type\":\"ListItem\",\"position\":1,\"name\":\"Strona g\u0142\u00f3wna\",\"item\":\"https:\/\/ironsky.pl\/sklep\/\"},{\"@type\":\"ListItem\",\"position\":2,\"name\":\"Wszystkie produkty\",\"item\":\"https:\/\/ironsky.pl\/sklep\/produkty\/\"},{\"@type\":\"ListItem\",\"position\":3,\"name\":\"Zestaw filtr\u00f3w SUNNYLIFE ND8\/PL-ND64\/PL do Osmo Pocket 3\"}]},{\"@type\":\"WebSite\",\"@id\":\"https:\/\/ironsky.pl\/sklep\/#website\",\"url\":\"https:\/\/ironsky.pl\/sklep\/\",\"name\":\"IRONSKY.PL Sklep z Dronami\",\"description\":\"IRONSKY.PL Sklep z Dronami\",\"potentialAction\":[{\"@type\":\"SearchAction\",\"target\":{\"@type\":\"EntryPoint\",\"urlTemplate\":\"https:\/\/ironsky.pl\/sklep\/?s={search_term_string}\"},\"query-input\":{\"@type\":\"PropertyValueSpecification\",\"valueRequired\":true,\"valueName\":\"search_term_string\"}}],\"inLanguage\":\"pl-PL\"}]}<\/script>\n<!-- \/ Yoast SEO plugin. -->","yoast_head_json":{"title":"Zestaw filtr\u00f3w SUNNYLIFE ND8\/PL-ND64\/PL do Osmo Pocket 3 - IRONSKY.PL Sklep z Dronami","description":"Zestaw filtr\u00f3w SUNNYLIFE ND8\/PL-ND64\/PL do Osmo Pocket 3 - \u2705 sklep z dronami i fachowym doradztwem. \u2705 Tutaj kupisz produkty DJI, Yuneec, Parrot, Syma i wiele innych, a tak\u017ce kursy i licencje na operatora drona.","robots":{"index":"index","follow":"follow","max-snippet":"max-snippet:-1","max-image-preview":"max-image-preview:large","max-video-preview":"max-video-preview:-1"},"canonical":"https:\/\/ironsky.pl\/sklep\/produkt\/zestaw-filtrow-sunnylife-nd8-pl-nd64-pl-do-osmo-pocket-3\/","og_locale":"pl_PL","og_type":"article","og_title":"Zestaw filtr\u00f3w SUNNYLIFE ND8\/PL-ND64\/PL do Osmo Pocket 3 - IRONSKY.PL Sklep z Dronami","og_description":"Zestaw filtr\u00f3w SUNNYLIFE ND8\/PL-ND64\/PL do Osmo Pocket 3 - \u2705 sklep z dronami i fachowym doradztwem. \u2705 Tutaj kupisz produkty DJI, Yuneec, Parrot, Syma i wiele innych, a tak\u017ce kursy i licencje na operatora drona.","og_url":"https:\/\/ironsky.pl\/sklep\/produkt\/zestaw-filtrow-sunnylife-nd8-pl-nd64-pl-do-osmo-pocket-3\/","og_site_name":"IRONSKY.PL Sklep z Dronami","article_modified_time":"2026-04-15T08:46:15+00:00","og_image":[{"width":800,"height":800,"url":"https:\/\/ironsky.pl\/sklep\/wp-content\/uploads\/2026\/04\/46087_5.jpg","type":"image\/jpeg"}],"twitter_card":"summary_large_image","twitter_misc":{"Szacowany czas czytania":"2 minuty"},"schema":{"@context":"https:\/\/schema.org","@graph":[{"@type":"WebPage","@id":"https:\/\/ironsky.pl\/sklep\/produkt\/zestaw-filtrow-sunnylife-nd8-pl-nd64-pl-do-osmo-pocket-3\/","url":"https:\/\/ironsky.pl\/sklep\/produkt\/zestaw-filtrow-sunnylife-nd8-pl-nd64-pl-do-osmo-pocket-3\/","name":"Zestaw filtr\u00f3w SUNNYLIFE ND8\/PL-ND64\/PL do Osmo Pocket 3 - IRONSKY.PL Sklep z Dronami","isPartOf":{"@id":"https:\/\/ironsky.pl\/sklep\/#website"},"primaryImageOfPage":{"@id":"https:\/\/ironsky.pl\/sklep\/produkt\/zestaw-filtrow-sunnylife-nd8-pl-nd64-pl-do-osmo-pocket-3\/#primaryimage"},"image":{"@id":"https:\/\/ironsky.pl\/sklep\/produkt\/zestaw-filtrow-sunnylife-nd8-pl-nd64-pl-do-osmo-pocket-3\/#primaryimage"},"thumbnailUrl":"https:\/\/ironsky.pl\/sklep\/wp-content\/uploads\/2026\/04\/46087_5.jpg","datePublished":"2026-04-15T08:46:03+00:00","dateModified":"2026-04-15T08:46:15+00:00","description":"Zestaw filtr\u00f3w SUNNYLIFE ND8\/PL-ND64\/PL do Osmo Pocket 3 - \u2705 sklep z dronami i fachowym doradztwem. \u2705 Tutaj kupisz produkty DJI, Yuneec, Parrot, Syma i wiele innych, a tak\u017ce kursy i licencje na operatora drona.","breadcrumb":{"@id":"https:\/\/ironsky.pl\/sklep\/produkt\/zestaw-filtrow-sunnylife-nd8-pl-nd64-pl-do-osmo-pocket-3\/#breadcrumb"},"inLanguage":"pl-PL","potentialAction":[{"@type":"ReadAction","target":["https:\/\/ironsky.pl\/sklep\/produkt\/zestaw-filtrow-sunnylife-nd8-pl-nd64-pl-do-osmo-pocket-3\/"]}]},{"@type":"ImageObject","inLanguage":"pl-PL","@id":"https:\/\/ironsky.pl\/sklep\/produkt\/zestaw-filtrow-sunnylife-nd8-pl-nd64-pl-do-osmo-pocket-3\/#primaryimage","url":"https:\/\/ironsky.pl\/sklep\/wp-content\/uploads\/2026\/04\/46087_5.jpg","contentUrl":"https:\/\/ironsky.pl\/sklep\/wp-content\/uploads\/2026\/04\/46087_5.jpg","width":800,"height":800},{"@type":"BreadcrumbList","@id":"https:\/\/ironsky.pl\/sklep\/produkt\/zestaw-filtrow-sunnylife-nd8-pl-nd64-pl-do-osmo-pocket-3\/#breadcrumb","itemListElement":[{"@type":"ListItem","position":1,"name":"Strona g\u0142\u00f3wna","item":"https:\/\/ironsky.pl\/sklep\/"},{"@type":"ListItem","position":2,"name":"Wszystkie produkty","item":"https:\/\/ironsky.pl\/sklep\/produkty\/"},{"@type":"ListItem","position":3,"name":"Zestaw filtr\u00f3w SUNNYLIFE ND8\/PL-ND64\/PL do Osmo Pocket 3"}]},{"@type":"WebSite","@id":"https:\/\/ironsky.pl\/sklep\/#website","url":"https:\/\/ironsky.pl\/sklep\/","name":"IRONSKY.PL Sklep z Dronami","description":"IRONSKY.PL Sklep z Dronami","potentialAction":[{"@type":"SearchAction","target":{"@type":"EntryPoint","urlTemplate":"https:\/\/ironsky.pl\/sklep\/?s={search_term_string}"},"query-input":{"@type":"PropertyValueSpecification","valueRequired":true,"valueName":"search_term_string"}}],"inLanguage":"pl-PL"}]}},"_links":{"self":[{"href":"https:\/\/ironsky.pl\/sklep\/wp-json\/wp\/v2\/product\/59316","targetHints":{"allow":["GET"]}}],"collection":[{"href":"https:\/\/ironsky.pl\/sklep\/wp-json\/wp\/v2\/product"}],"about":[{"href":"https:\/\/ironsky.pl\/sklep\/wp-json\/wp\/v2\/types\/product"}],"replies":[{"embeddable":true,"href":"https:\/\/ironsky.pl\/sklep\/wp-json\/wp\/v2\/comments?post=59316"}],"wp:featuredmedia":[{"embeddable":true,"href":"https:\/\/ironsky.pl\/sklep\/wp-json\/wp\/v2\/media\/59317"}],"wp:attachment":[{"href":"https:\/\/ironsky.pl\/sklep\/wp-json\/wp\/v2\/media?parent=59316"}],"wp:term":[{"taxonomy":"product_brand","embeddable":true,"href":"https:\/\/ironsky.pl\/sklep\/wp-json\/wp\/v2\/product_brand?post=59316"},{"taxonomy":"product_cat","embeddable":true,"href":"https:\/\/ironsky.pl\/sklep\/wp-json\/wp\/v2\/product_cat?post=59316"},{"taxonomy":"product_tag","embeddable":true,"href":"https:\/\/ironsky.pl\/sklep\/wp-json\/wp\/v2\/product_tag?post=59316"}],"curies":[{"name":"wp","href":"https:\/\/api.w.org\/{rel}","templated":true}]}}