{"id":59312,"date":"2026-04-15T10:46:03","date_gmt":"2026-04-15T08:46:03","guid":{"rendered":"https:\/\/ironsky.pl\/sklep\/produkt\/magnetyczny-uchwyt-na-telefon-puluz-do-insta360-flow\/"},"modified":"2026-04-15T10:46:12","modified_gmt":"2026-04-15T08:46:12","slug":"magnetyczny-uchwyt-na-telefon-puluz-do-insta360-flow","status":"publish","type":"product","link":"https:\/\/ironsky.pl\/sklep\/produkt\/magnetyczny-uchwyt-na-telefon-puluz-do-insta360-flow\/","title":{"rendered":"Magnetyczny uchwyt na telefon PULUZ do Insta360 Flow"},"content":{"rendered":"<h3>Magnetyczny uchwyt na telefon PULUZ do gimbala Insta360 Flow<\/h3>\n<p>Magnetyczny uchwyt na telefon Puluz zosta\u0142 zaprojektowany specjalnie do wsp\u00f3\u0142pracy z gimbalem Insta360 Flow, oferuj\u0105c niezr\u00f3wnan\u0105 stabilno\u015b\u0107 i \u0142atwo\u015b\u0107 u\u017cytkowania. Dzi\u0119ki zaawansowanemu adapterowi magnetycznemu uchwyt ten jest idealnie dopasowany do serii iPhone&#8217;a 12 i nowszych, zapewniaj\u0105c pewne i bezpieczne mocowanie.<\/p>\n<p>\n<img decoding=\"async\" src=\"https:\/\/assets.innpro.pl\/8790\/10283\/4.jpg\" border=\"0\" \/>\n<\/p>\n<h3>Wyj\u0105tkowa konstrukcja i materia\u0142y<\/h3>\n<p>Uchwyt Puluz wyr\u00f3\u017cnia si\u0119 solidn\u0105, a zarazem lekk\u0105 konstrukcj\u0105. Wykonany z wysokiej jako\u015bci stopu aluminium, zapewnia nie tylko trwa\u0142o\u015b\u0107, ale tak\u017ce elegancki wygl\u0105d. Cienka i lekka konstrukcja sprawia, \u017ce uchwyt jest \u0142atwy do przenoszenia, co czyni go idealnym podczas codziennego u\u017cytkowania. Ca\u0142a rama z aluminium gwarantuje solidno\u015b\u0107, dzi\u0119ki kt\u00f3rej uchwyt wytrzyma intensywne u\u017cytkowanie, zachowuj\u0105c sw\u00f3j elegancki wygl\u0105d.<\/p>\n<p>\n<img decoding=\"async\" src=\"https:\/\/assets.innpro.pl\/8790\/10283\/3.jpg\" border=\"0\" \/>\n<\/p>\n<h3>Silne przyci\u0105ganie magnetyczne<\/h3>\n<p>Dzi\u0119ki mocnemu przyci\u0105ganiu magnetycznemu uchwyt Puluz zapewnia stabilne mocowanie telefonu, nawet w trudnych warunkach. Wystarczy przyklei\u0107 pier\u015bcie\u0144 magnetyczny z ty\u0142u telefonu, aby szybko i \u0142atwo zamocowa\u0107 adapter. Ta innowacyjna funkcja pozwala na b\u0142yskawiczne przygotowanie telefonu do pracy z gimbalem, eliminuj\u0105c konieczno\u015b\u0107 u\u017cycia dodatkowych narz\u0119dzi.<\/p>\n<p>\n<img decoding=\"async\" src=\"https:\/\/assets.innpro.pl\/8790\/10283\/5.jpg\" border=\"0\" \/>\n<\/p>\n<h3>Przeno\u015bno\u015b\u0107 i wygoda<\/h3>\n<p>Kompaktowe wymiary i lekka waga uchwytu sprawiaj\u0105, \u017ce jest on niezwykle \u0142atwy do przenoszenia. Niezale\u017cnie od tego, czy jeste\u015b w podr\u00f3\u017cy, czy na co dzie\u0144 korzystasz z gimbala, magnetyczny uchwyt Puluz b\u0119dzie idealnym rozwi\u0105zaniem, kt\u00f3re zapewni Ci wygod\u0119 i funkcjonalno\u015b\u0107 na najwy\u017cszym poziomie. Wybierz Puluz i ciesz si\u0119 wyj\u0105tkow\u0105 wydajno\u015bci\u0105 oraz komfortem u\u017cytkowania podczas tworzenia niesamowitych uj\u0119\u0107 z Insta360 Flow!<\/p>\n<p>\n<img decoding=\"async\" src=\"https:\/\/assets.innpro.pl\/8790\/10283\/2.jpg\" border=\"0\" \/>\n<\/p>\n<div class=\"table-wrapper\">\n<p>\u00a0<\/p>\n<h3><\/h3>\n<table>\n<tbody>\n<tr>\n<th>Producent<\/th>\n<td>Puluz<\/td>\n<\/tr>\n<tr>\n<th>Model<\/th>\n<td>PU710S<\/td>\n<\/tr>\n<tr>\n<th>Kompatybilno\u015b\u0107<\/th>\n<td>Insta360 Flow, iPhone 12\/13\/14\/15 <\/td>\n<\/tr>\n<tr>\n<th>Wymiary<\/th>\n<td>7.9 x 5.9 x 0.43 cm<\/td>\n<\/tr>\n<tr>\n<th>Materia\u0142<\/th>\n<td>aluminium<\/td>\n<\/tr>\n<\/tbody>\n<\/table>\n<\/div>\n","protected":false},"excerpt":{"rendered":"<p>Magnetyczny uchwyt na telefon PULUZ do gimbala Insta360 Flow Magnetyczny uchwyt na telefon Puluz zosta\u0142 zaprojektowany specjalnie do wsp\u00f3\u0142pracy z<\/p>\n","protected":false},"featured_media":59313,"comment_status":"closed","ping_status":"open","template":"","meta":{"_acf_changed":false},"product_brand":[],"product_cat":[6198,1128,6178,6176,6177,1138],"product_tag":[],"class_list":{"0":"post-59312","1":"product","2":"type-product","3":"status-publish","4":"has-post-thumbnail","6":"product_cat-adaptery-i-przejsciowki","7":"product_cat-foto-wideo","8":"product_cat-mocowania","9":"product_cat-selfie-stiki","10":"product_cat-statywy-selfie-stiki","11":"product_cat-wysiegniki","12":"pa_okres-gwarancji-5754","13":"pa_producent-puluz","15":"first","16":"outofstock","17":"taxable","18":"shipping-taxable","19":"purchasable","20":"product-type-simple"},"acf":[],"yoast_head":"<!-- This site is optimized with the Yoast SEO plugin v27.2 - https:\/\/yoast.com\/product\/yoast-seo-wordpress\/ -->\n<title>Magnetyczny uchwyt na telefon PULUZ do Insta360 Flow - IRONSKY.PL Sklep z Dronami<\/title>\n<meta name=\"description\" content=\"Magnetyczny uchwyt na telefon PULUZ do Insta360 Flow - \u2705 sklep z dronami i fachowym doradztwem. \u2705 Tutaj kupisz produkty DJI, Yuneec, Parrot, Syma i wiele innych, a tak\u017ce kursy i licencje na operatora drona.\" \/>\n<meta name=\"robots\" content=\"index, follow, max-snippet:-1, max-image-preview:large, max-video-preview:-1\" \/>\n<link rel=\"canonical\" href=\"https:\/\/ironsky.pl\/sklep\/produkt\/magnetyczny-uchwyt-na-telefon-puluz-do-insta360-flow\/\" \/>\n<meta property=\"og:locale\" content=\"pl_PL\" \/>\n<meta property=\"og:type\" content=\"article\" \/>\n<meta property=\"og:title\" content=\"Magnetyczny uchwyt na telefon PULUZ do Insta360 Flow - IRONSKY.PL Sklep z Dronami\" \/>\n<meta property=\"og:description\" content=\"Magnetyczny uchwyt na telefon PULUZ do Insta360 Flow - \u2705 sklep z dronami i fachowym doradztwem. \u2705 Tutaj kupisz produkty DJI, Yuneec, Parrot, Syma i wiele innych, a tak\u017ce kursy i licencje na operatora drona.\" \/>\n<meta property=\"og:url\" content=\"https:\/\/ironsky.pl\/sklep\/produkt\/magnetyczny-uchwyt-na-telefon-puluz-do-insta360-flow\/\" \/>\n<meta property=\"og:site_name\" content=\"IRONSKY.PL Sklep z Dronami\" \/>\n<meta property=\"article:modified_time\" content=\"2026-04-15T08:46:12+00:00\" \/>\n<meta property=\"og:image\" content=\"https:\/\/ironsky.pl\/sklep\/wp-content\/uploads\/2026\/04\/46061_1.jpg\" \/>\n\t<meta property=\"og:image:width\" content=\"800\" \/>\n\t<meta property=\"og:image:height\" content=\"800\" \/>\n\t<meta property=\"og:image:type\" content=\"image\/jpeg\" \/>\n<meta name=\"twitter:card\" content=\"summary_large_image\" \/>\n<meta name=\"twitter:label1\" content=\"Szacowany czas czytania\" \/>\n\t<meta name=\"twitter:data1\" content=\"1 minuta\" \/>\n<script type=\"application\/ld+json\" class=\"yoast-schema-graph\">{\"@context\":\"https:\/\/schema.org\",\"@graph\":[{\"@type\":\"WebPage\",\"@id\":\"https:\/\/ironsky.pl\/sklep\/produkt\/magnetyczny-uchwyt-na-telefon-puluz-do-insta360-flow\/\",\"url\":\"https:\/\/ironsky.pl\/sklep\/produkt\/magnetyczny-uchwyt-na-telefon-puluz-do-insta360-flow\/\",\"name\":\"Magnetyczny uchwyt na telefon PULUZ do Insta360 Flow - IRONSKY.PL Sklep z Dronami\",\"isPartOf\":{\"@id\":\"https:\/\/ironsky.pl\/sklep\/#website\"},\"primaryImageOfPage\":{\"@id\":\"https:\/\/ironsky.pl\/sklep\/produkt\/magnetyczny-uchwyt-na-telefon-puluz-do-insta360-flow\/#primaryimage\"},\"image\":{\"@id\":\"https:\/\/ironsky.pl\/sklep\/produkt\/magnetyczny-uchwyt-na-telefon-puluz-do-insta360-flow\/#primaryimage\"},\"thumbnailUrl\":\"https:\/\/ironsky.pl\/sklep\/wp-content\/uploads\/2026\/04\/46061_1.jpg\",\"datePublished\":\"2026-04-15T08:46:03+00:00\",\"dateModified\":\"2026-04-15T08:46:12+00:00\",\"description\":\"Magnetyczny uchwyt na telefon PULUZ do Insta360 Flow - \u2705 sklep z dronami i fachowym doradztwem. \u2705 Tutaj kupisz produkty DJI, Yuneec, Parrot, Syma i wiele innych, a tak\u017ce kursy i licencje na operatora drona.\",\"breadcrumb\":{\"@id\":\"https:\/\/ironsky.pl\/sklep\/produkt\/magnetyczny-uchwyt-na-telefon-puluz-do-insta360-flow\/#breadcrumb\"},\"inLanguage\":\"pl-PL\",\"potentialAction\":[{\"@type\":\"ReadAction\",\"target\":[\"https:\/\/ironsky.pl\/sklep\/produkt\/magnetyczny-uchwyt-na-telefon-puluz-do-insta360-flow\/\"]}]},{\"@type\":\"ImageObject\",\"inLanguage\":\"pl-PL\",\"@id\":\"https:\/\/ironsky.pl\/sklep\/produkt\/magnetyczny-uchwyt-na-telefon-puluz-do-insta360-flow\/#primaryimage\",\"url\":\"https:\/\/ironsky.pl\/sklep\/wp-content\/uploads\/2026\/04\/46061_1.jpg\",\"contentUrl\":\"https:\/\/ironsky.pl\/sklep\/wp-content\/uploads\/2026\/04\/46061_1.jpg\",\"width\":800,\"height\":800},{\"@type\":\"BreadcrumbList\",\"@id\":\"https:\/\/ironsky.pl\/sklep\/produkt\/magnetyczny-uchwyt-na-telefon-puluz-do-insta360-flow\/#breadcrumb\",\"itemListElement\":[{\"@type\":\"ListItem\",\"position\":1,\"name\":\"Strona g\u0142\u00f3wna\",\"item\":\"https:\/\/ironsky.pl\/sklep\/\"},{\"@type\":\"ListItem\",\"position\":2,\"name\":\"Wszystkie produkty\",\"item\":\"https:\/\/ironsky.pl\/sklep\/produkty\/\"},{\"@type\":\"ListItem\",\"position\":3,\"name\":\"Magnetyczny uchwyt na telefon PULUZ do Insta360 Flow\"}]},{\"@type\":\"WebSite\",\"@id\":\"https:\/\/ironsky.pl\/sklep\/#website\",\"url\":\"https:\/\/ironsky.pl\/sklep\/\",\"name\":\"IRONSKY.PL Sklep z Dronami\",\"description\":\"IRONSKY.PL Sklep z Dronami\",\"potentialAction\":[{\"@type\":\"SearchAction\",\"target\":{\"@type\":\"EntryPoint\",\"urlTemplate\":\"https:\/\/ironsky.pl\/sklep\/?s={search_term_string}\"},\"query-input\":{\"@type\":\"PropertyValueSpecification\",\"valueRequired\":true,\"valueName\":\"search_term_string\"}}],\"inLanguage\":\"pl-PL\"}]}<\/script>\n<!-- \/ Yoast SEO plugin. -->","yoast_head_json":{"title":"Magnetyczny uchwyt na telefon PULUZ do Insta360 Flow - IRONSKY.PL Sklep z Dronami","description":"Magnetyczny uchwyt na telefon PULUZ do Insta360 Flow - \u2705 sklep z dronami i fachowym doradztwem. \u2705 Tutaj kupisz produkty DJI, Yuneec, Parrot, Syma i wiele innych, a tak\u017ce kursy i licencje na operatora drona.","robots":{"index":"index","follow":"follow","max-snippet":"max-snippet:-1","max-image-preview":"max-image-preview:large","max-video-preview":"max-video-preview:-1"},"canonical":"https:\/\/ironsky.pl\/sklep\/produkt\/magnetyczny-uchwyt-na-telefon-puluz-do-insta360-flow\/","og_locale":"pl_PL","og_type":"article","og_title":"Magnetyczny uchwyt na telefon PULUZ do Insta360 Flow - IRONSKY.PL Sklep z Dronami","og_description":"Magnetyczny uchwyt na telefon PULUZ do Insta360 Flow - \u2705 sklep z dronami i fachowym doradztwem. \u2705 Tutaj kupisz produkty DJI, Yuneec, Parrot, Syma i wiele innych, a tak\u017ce kursy i licencje na operatora drona.","og_url":"https:\/\/ironsky.pl\/sklep\/produkt\/magnetyczny-uchwyt-na-telefon-puluz-do-insta360-flow\/","og_site_name":"IRONSKY.PL Sklep z Dronami","article_modified_time":"2026-04-15T08:46:12+00:00","og_image":[{"width":800,"height":800,"url":"https:\/\/ironsky.pl\/sklep\/wp-content\/uploads\/2026\/04\/46061_1.jpg","type":"image\/jpeg"}],"twitter_card":"summary_large_image","twitter_misc":{"Szacowany czas czytania":"1 minuta"},"schema":{"@context":"https:\/\/schema.org","@graph":[{"@type":"WebPage","@id":"https:\/\/ironsky.pl\/sklep\/produkt\/magnetyczny-uchwyt-na-telefon-puluz-do-insta360-flow\/","url":"https:\/\/ironsky.pl\/sklep\/produkt\/magnetyczny-uchwyt-na-telefon-puluz-do-insta360-flow\/","name":"Magnetyczny uchwyt na telefon PULUZ do Insta360 Flow - IRONSKY.PL Sklep z Dronami","isPartOf":{"@id":"https:\/\/ironsky.pl\/sklep\/#website"},"primaryImageOfPage":{"@id":"https:\/\/ironsky.pl\/sklep\/produkt\/magnetyczny-uchwyt-na-telefon-puluz-do-insta360-flow\/#primaryimage"},"image":{"@id":"https:\/\/ironsky.pl\/sklep\/produkt\/magnetyczny-uchwyt-na-telefon-puluz-do-insta360-flow\/#primaryimage"},"thumbnailUrl":"https:\/\/ironsky.pl\/sklep\/wp-content\/uploads\/2026\/04\/46061_1.jpg","datePublished":"2026-04-15T08:46:03+00:00","dateModified":"2026-04-15T08:46:12+00:00","description":"Magnetyczny uchwyt na telefon PULUZ do Insta360 Flow - \u2705 sklep z dronami i fachowym doradztwem. \u2705 Tutaj kupisz produkty DJI, Yuneec, Parrot, Syma i wiele innych, a tak\u017ce kursy i licencje na operatora drona.","breadcrumb":{"@id":"https:\/\/ironsky.pl\/sklep\/produkt\/magnetyczny-uchwyt-na-telefon-puluz-do-insta360-flow\/#breadcrumb"},"inLanguage":"pl-PL","potentialAction":[{"@type":"ReadAction","target":["https:\/\/ironsky.pl\/sklep\/produkt\/magnetyczny-uchwyt-na-telefon-puluz-do-insta360-flow\/"]}]},{"@type":"ImageObject","inLanguage":"pl-PL","@id":"https:\/\/ironsky.pl\/sklep\/produkt\/magnetyczny-uchwyt-na-telefon-puluz-do-insta360-flow\/#primaryimage","url":"https:\/\/ironsky.pl\/sklep\/wp-content\/uploads\/2026\/04\/46061_1.jpg","contentUrl":"https:\/\/ironsky.pl\/sklep\/wp-content\/uploads\/2026\/04\/46061_1.jpg","width":800,"height":800},{"@type":"BreadcrumbList","@id":"https:\/\/ironsky.pl\/sklep\/produkt\/magnetyczny-uchwyt-na-telefon-puluz-do-insta360-flow\/#breadcrumb","itemListElement":[{"@type":"ListItem","position":1,"name":"Strona g\u0142\u00f3wna","item":"https:\/\/ironsky.pl\/sklep\/"},{"@type":"ListItem","position":2,"name":"Wszystkie produkty","item":"https:\/\/ironsky.pl\/sklep\/produkty\/"},{"@type":"ListItem","position":3,"name":"Magnetyczny uchwyt na telefon PULUZ do Insta360 Flow"}]},{"@type":"WebSite","@id":"https:\/\/ironsky.pl\/sklep\/#website","url":"https:\/\/ironsky.pl\/sklep\/","name":"IRONSKY.PL Sklep z Dronami","description":"IRONSKY.PL Sklep z Dronami","potentialAction":[{"@type":"SearchAction","target":{"@type":"EntryPoint","urlTemplate":"https:\/\/ironsky.pl\/sklep\/?s={search_term_string}"},"query-input":{"@type":"PropertyValueSpecification","valueRequired":true,"valueName":"search_term_string"}}],"inLanguage":"pl-PL"}]}},"_links":{"self":[{"href":"https:\/\/ironsky.pl\/sklep\/wp-json\/wp\/v2\/product\/59312","targetHints":{"allow":["GET"]}}],"collection":[{"href":"https:\/\/ironsky.pl\/sklep\/wp-json\/wp\/v2\/product"}],"about":[{"href":"https:\/\/ironsky.pl\/sklep\/wp-json\/wp\/v2\/types\/product"}],"replies":[{"embeddable":true,"href":"https:\/\/ironsky.pl\/sklep\/wp-json\/wp\/v2\/comments?post=59312"}],"wp:featuredmedia":[{"embeddable":true,"href":"https:\/\/ironsky.pl\/sklep\/wp-json\/wp\/v2\/media\/59313"}],"wp:attachment":[{"href":"https:\/\/ironsky.pl\/sklep\/wp-json\/wp\/v2\/media?parent=59312"}],"wp:term":[{"taxonomy":"product_brand","embeddable":true,"href":"https:\/\/ironsky.pl\/sklep\/wp-json\/wp\/v2\/product_brand?post=59312"},{"taxonomy":"product_cat","embeddable":true,"href":"https:\/\/ironsky.pl\/sklep\/wp-json\/wp\/v2\/product_cat?post=59312"},{"taxonomy":"product_tag","embeddable":true,"href":"https:\/\/ironsky.pl\/sklep\/wp-json\/wp\/v2\/product_tag?post=59312"}],"curies":[{"name":"wp","href":"https:\/\/api.w.org\/{rel}","templated":true}]}}