{"id":59309,"date":"2026-04-15T10:46:03","date_gmt":"2026-04-15T08:46:03","guid":{"rendered":"https:\/\/ironsky.pl\/sklep\/produkt\/mocowanie-na-plecak-puluz-do-kamer-sportowych-czarne-2\/"},"modified":"2026-04-15T10:46:10","modified_gmt":"2026-04-15T08:46:10","slug":"mocowanie-na-plecak-puluz-do-kamer-sportowych-czarne-2","status":"publish","type":"product","link":"https:\/\/ironsky.pl\/sklep\/produkt\/mocowanie-na-plecak-puluz-do-kamer-sportowych-czarne-2\/","title":{"rendered":"Mocowanie na plecak PULUZ do kamer sportowych (czarne)"},"content":{"rendered":"<h3>Mocowanie na plecak PULUZ do kamer sportowych (m.in Osmo Action 5 Pro, Insta360 Ace Pro 2)(czarne)<\/h3>\n<p>Mocowanie na plecak marki Puluz zapewnia b\u0142yskawiczny monta\u017c i demonta\u017c kamery sportowej za pomoc\u0105 prostej i intuicyjnej obs\u0142ugi. Dzi\u0119ki prostemu klikni\u0119ciu mo\u017cesz szybko prze\u0142\u0105cza\u0107 si\u0119 mi\u0119dzy fotografowaniem w poziomie a w pionie. System szybkoz\u0142\u0105czek umo\u017cliwia ekspresowy demonta\u017c, co jest idealne dla dynamicznych aktywno\u015bci, gdzie liczy si\u0119 ka\u017cda sekunda.<\/p>\n<p>\n<img decoding=\"async\" src=\"https:\/\/assets.innpro.pl\/8786\/10279\/7.jpg\" border=\"0\" alt=\"\" \/>\n<\/p>\n<h3>Trwa\u0142o\u015b\u0107 i odporno\u015b\u0107<\/h3>\n<p>Wysoka jako\u015b\u0107 materia\u0142\u00f3w zastosowanych w mocowaniu gwarantuje jego d\u0142ugotrwa\u0142\u0105 funkcjonalno\u015b\u0107. Klucze mocuj\u0105ce wykonane ze stopu anodyzowanego s\u0105 odporne na zu\u017cycie i zarysowania, dzi\u0119ki czemu mocowanie wygl\u0105da jak nowe nawet po d\u0142ugotrwa\u0142ym u\u017cytkowaniu. Silikonowa mata antypo\u015blizgowa oraz spr\u0119\u017cyna o wysokiej elastyczno\u015bci zapewniaj\u0105 stabilno\u015b\u0107 mocowania i skutecznie zapobiegaj\u0105 dr\u017ceniu, co pozwala na precyzyjne uj\u0119cia.<\/p>\n<p>\n<img decoding=\"async\" src=\"https:\/\/assets.innpro.pl\/8786\/10279\/6.jpg\" border=\"0\" alt=\"\" \/>\n<\/p>\n<h3>Wszechstronno\u015b\u0107 i stabilno\u015b\u0107<\/h3>\n<p>Mocowanie Puluz oferuje szeroki zakres k\u0105t\u00f3w regulacji, co umo\u017cliwia dok\u0142adne dostosowanie k\u0105ta widzenia do potrzeb u\u017cytkownika. Jest to idealne rozwi\u0105zanie do tworzenia imponuj\u0105cych zdj\u0119\u0107 sportowych oraz do fotografii na \u015bwie\u017cym powietrzu. Od teraz ciesz si\u0119 nowym poziomem stabilno\u015bci i wszechstronno\u015bci w ka\u017cdym uj\u0119ciu.<\/p>\n<p>\n<img decoding=\"async\" src=\"https:\/\/assets.innpro.pl\/8786\/10279\/5.jpg\" border=\"0\" alt=\"\" \/>\n<\/p>\n<h3>Praktyczno\u015b\u0107 i kompaktowo\u015b\u0107<\/h3>\n<p>Dzi\u0119ki swojemu niewielkiemu rozmiarowi i niskiej wadze, mocowanie na plecak Puluz jest niezwykle praktyczne. Bez wzgl\u0119du na to, czy jeste\u015b w trakcie intensywnego treningu, czy eksplorujesz nowe tereny, to mocowanie zapewni Ci wygod\u0119 i niezawodno\u015b\u0107. Jest to doskona\u0142y wyb\u00f3r dla ka\u017cdego, kto potrzebuje niezawodnego akcesorium do kamer sportowych, kt\u00f3re zapewni stabilne i profesjonalne uj\u0119cia.<\/p>\n<p>\n<img decoding=\"async\" src=\"https:\/\/assets.innpro.pl\/8786\/10279\/3.jpg\" border=\"0\" alt=\"\" \/>\n<\/p>\n<h3>W zestawie<\/h3>\n<ul class=\"list-disc pl-5\">\n<li>klips do plecaka<\/li>\n<li>adapter szybkozamykaj\u0105cy<\/li>\n<li>d\u0142uga \u015bruba<\/li>\n<\/ul>\n<div class=\"table-wrapper\">\n<p>\u00a0<\/p>\n<h3><\/h3>\n<table>\n<tbody>\n<tr>\n<th>Producent<\/th>\n<td>Puluz<\/td>\n<\/tr>\n<tr>\n<th>Model<\/th>\n<td>PU1055B<\/td>\n<\/tr>\n<tr>\n<th>Kolor<\/th>\n<td>czarny<\/td>\n<\/tr>\n<tr>\n<th>Kompatybilno\u015b\u0107<\/th>\n<td>DJI: Osmo Action 5 Pro, Osmo Action 4, Osmo Action 3, Action 2, Osmo Action; Gopro: HERO13 Black, HERO12 Black, HERO11 Black Mini, HERO11 Black, HERO10 Black, HERO9 Black, HERO8 Black, HERO7 White, HERO7 Black, HERO7 Silver, NEW HERO, HERO6 Black, HERO5 Black, HERO5 Session, Hero Session, HERO4 Session, HERO4, HERO3+, HERO3, HERO2, HERO; Insta360: Ace Pro 2, Ace, Ace Pro<\/td>\n<\/tr>\n<\/tbody>\n<\/table>\n<\/div>\n","protected":false},"excerpt":{"rendered":"<p>Mocowanie na plecak PULUZ do kamer sportowych (m.in Osmo Action 5 Pro, Insta360 Ace Pro 2)(czarne) Mocowanie na plecak marki<\/p>\n","protected":false},"featured_media":59310,"comment_status":"closed","ping_status":"open","template":"","meta":{"_acf_changed":false},"product_brand":[],"product_cat":[1128,6178,6176,6177,6181,1138],"product_tag":[],"class_list":{"0":"post-59309","1":"product","2":"type-product","3":"status-publish","4":"has-post-thumbnail","6":"product_cat-foto-wideo","7":"product_cat-mocowania","8":"product_cat-selfie-stiki","9":"product_cat-statywy-selfie-stiki","10":"product_cat-szelki-mocowania-i-uchwyty","11":"product_cat-wysiegniki","12":"pa_okres-gwarancji-5754","13":"pa_producent-puluz","15":"first","16":"outofstock","17":"taxable","18":"shipping-taxable","19":"purchasable","20":"product-type-simple"},"acf":[],"yoast_head":"<!-- This site is optimized with the Yoast SEO plugin v27.2 - https:\/\/yoast.com\/product\/yoast-seo-wordpress\/ -->\n<title>Mocowanie na plecak PULUZ do kamer sportowych (czarne) - IRONSKY.PL Sklep z Dronami<\/title>\n<meta name=\"description\" content=\"Mocowanie na plecak PULUZ do kamer sportowych (czarne) - \u2705 sklep z dronami i fachowym doradztwem. \u2705 Tutaj kupisz produkty DJI, Yuneec, Parrot, Syma i wiele innych, a tak\u017ce kursy i licencje na operatora drona.\" \/>\n<meta name=\"robots\" content=\"index, follow, max-snippet:-1, max-image-preview:large, max-video-preview:-1\" \/>\n<link rel=\"canonical\" href=\"https:\/\/ironsky.pl\/sklep\/produkt\/mocowanie-na-plecak-puluz-do-kamer-sportowych-czarne-2\/\" \/>\n<meta property=\"og:locale\" content=\"pl_PL\" \/>\n<meta property=\"og:type\" content=\"article\" \/>\n<meta property=\"og:title\" content=\"Mocowanie na plecak PULUZ do kamer sportowych (czarne) - IRONSKY.PL Sklep z Dronami\" \/>\n<meta property=\"og:description\" content=\"Mocowanie na plecak PULUZ do kamer sportowych (czarne) - \u2705 sklep z dronami i fachowym doradztwem. \u2705 Tutaj kupisz produkty DJI, Yuneec, Parrot, Syma i wiele innych, a tak\u017ce kursy i licencje na operatora drona.\" \/>\n<meta property=\"og:url\" content=\"https:\/\/ironsky.pl\/sklep\/produkt\/mocowanie-na-plecak-puluz-do-kamer-sportowych-czarne-2\/\" \/>\n<meta property=\"og:site_name\" content=\"IRONSKY.PL Sklep z Dronami\" \/>\n<meta property=\"article:modified_time\" content=\"2026-04-15T08:46:10+00:00\" \/>\n<meta property=\"og:image\" content=\"https:\/\/ironsky.pl\/sklep\/wp-content\/uploads\/2026\/04\/46059_1.jpg\" \/>\n\t<meta property=\"og:image:width\" content=\"800\" \/>\n\t<meta property=\"og:image:height\" content=\"800\" \/>\n\t<meta property=\"og:image:type\" content=\"image\/jpeg\" \/>\n<meta name=\"twitter:card\" content=\"summary_large_image\" \/>\n<meta name=\"twitter:label1\" content=\"Szacowany czas czytania\" \/>\n\t<meta name=\"twitter:data1\" content=\"2 minuty\" \/>\n<script type=\"application\/ld+json\" class=\"yoast-schema-graph\">{\"@context\":\"https:\/\/schema.org\",\"@graph\":[{\"@type\":\"WebPage\",\"@id\":\"https:\/\/ironsky.pl\/sklep\/produkt\/mocowanie-na-plecak-puluz-do-kamer-sportowych-czarne-2\/\",\"url\":\"https:\/\/ironsky.pl\/sklep\/produkt\/mocowanie-na-plecak-puluz-do-kamer-sportowych-czarne-2\/\",\"name\":\"Mocowanie na plecak PULUZ do kamer sportowych (czarne) - IRONSKY.PL Sklep z Dronami\",\"isPartOf\":{\"@id\":\"https:\/\/ironsky.pl\/sklep\/#website\"},\"primaryImageOfPage\":{\"@id\":\"https:\/\/ironsky.pl\/sklep\/produkt\/mocowanie-na-plecak-puluz-do-kamer-sportowych-czarne-2\/#primaryimage\"},\"image\":{\"@id\":\"https:\/\/ironsky.pl\/sklep\/produkt\/mocowanie-na-plecak-puluz-do-kamer-sportowych-czarne-2\/#primaryimage\"},\"thumbnailUrl\":\"https:\/\/ironsky.pl\/sklep\/wp-content\/uploads\/2026\/04\/46059_1.jpg\",\"datePublished\":\"2026-04-15T08:46:03+00:00\",\"dateModified\":\"2026-04-15T08:46:10+00:00\",\"description\":\"Mocowanie na plecak PULUZ do kamer sportowych (czarne) - \u2705 sklep z dronami i fachowym doradztwem. \u2705 Tutaj kupisz produkty DJI, Yuneec, Parrot, Syma i wiele innych, a tak\u017ce kursy i licencje na operatora drona.\",\"breadcrumb\":{\"@id\":\"https:\/\/ironsky.pl\/sklep\/produkt\/mocowanie-na-plecak-puluz-do-kamer-sportowych-czarne-2\/#breadcrumb\"},\"inLanguage\":\"pl-PL\",\"potentialAction\":[{\"@type\":\"ReadAction\",\"target\":[\"https:\/\/ironsky.pl\/sklep\/produkt\/mocowanie-na-plecak-puluz-do-kamer-sportowych-czarne-2\/\"]}]},{\"@type\":\"ImageObject\",\"inLanguage\":\"pl-PL\",\"@id\":\"https:\/\/ironsky.pl\/sklep\/produkt\/mocowanie-na-plecak-puluz-do-kamer-sportowych-czarne-2\/#primaryimage\",\"url\":\"https:\/\/ironsky.pl\/sklep\/wp-content\/uploads\/2026\/04\/46059_1.jpg\",\"contentUrl\":\"https:\/\/ironsky.pl\/sklep\/wp-content\/uploads\/2026\/04\/46059_1.jpg\",\"width\":800,\"height\":800},{\"@type\":\"BreadcrumbList\",\"@id\":\"https:\/\/ironsky.pl\/sklep\/produkt\/mocowanie-na-plecak-puluz-do-kamer-sportowych-czarne-2\/#breadcrumb\",\"itemListElement\":[{\"@type\":\"ListItem\",\"position\":1,\"name\":\"Strona g\u0142\u00f3wna\",\"item\":\"https:\/\/ironsky.pl\/sklep\/\"},{\"@type\":\"ListItem\",\"position\":2,\"name\":\"Wszystkie produkty\",\"item\":\"https:\/\/ironsky.pl\/sklep\/produkty\/\"},{\"@type\":\"ListItem\",\"position\":3,\"name\":\"Mocowanie na plecak PULUZ do kamer sportowych (czarne)\"}]},{\"@type\":\"WebSite\",\"@id\":\"https:\/\/ironsky.pl\/sklep\/#website\",\"url\":\"https:\/\/ironsky.pl\/sklep\/\",\"name\":\"IRONSKY.PL Sklep z Dronami\",\"description\":\"IRONSKY.PL Sklep z Dronami\",\"potentialAction\":[{\"@type\":\"SearchAction\",\"target\":{\"@type\":\"EntryPoint\",\"urlTemplate\":\"https:\/\/ironsky.pl\/sklep\/?s={search_term_string}\"},\"query-input\":{\"@type\":\"PropertyValueSpecification\",\"valueRequired\":true,\"valueName\":\"search_term_string\"}}],\"inLanguage\":\"pl-PL\"}]}<\/script>\n<!-- \/ Yoast SEO plugin. -->","yoast_head_json":{"title":"Mocowanie na plecak PULUZ do kamer sportowych (czarne) - IRONSKY.PL Sklep z Dronami","description":"Mocowanie na plecak PULUZ do kamer sportowych (czarne) - \u2705 sklep z dronami i fachowym doradztwem. \u2705 Tutaj kupisz produkty DJI, Yuneec, Parrot, Syma i wiele innych, a tak\u017ce kursy i licencje na operatora drona.","robots":{"index":"index","follow":"follow","max-snippet":"max-snippet:-1","max-image-preview":"max-image-preview:large","max-video-preview":"max-video-preview:-1"},"canonical":"https:\/\/ironsky.pl\/sklep\/produkt\/mocowanie-na-plecak-puluz-do-kamer-sportowych-czarne-2\/","og_locale":"pl_PL","og_type":"article","og_title":"Mocowanie na plecak PULUZ do kamer sportowych (czarne) - IRONSKY.PL Sklep z Dronami","og_description":"Mocowanie na plecak PULUZ do kamer sportowych (czarne) - \u2705 sklep z dronami i fachowym doradztwem. \u2705 Tutaj kupisz produkty DJI, Yuneec, Parrot, Syma i wiele innych, a tak\u017ce kursy i licencje na operatora drona.","og_url":"https:\/\/ironsky.pl\/sklep\/produkt\/mocowanie-na-plecak-puluz-do-kamer-sportowych-czarne-2\/","og_site_name":"IRONSKY.PL Sklep z Dronami","article_modified_time":"2026-04-15T08:46:10+00:00","og_image":[{"width":800,"height":800,"url":"https:\/\/ironsky.pl\/sklep\/wp-content\/uploads\/2026\/04\/46059_1.jpg","type":"image\/jpeg"}],"twitter_card":"summary_large_image","twitter_misc":{"Szacowany czas czytania":"2 minuty"},"schema":{"@context":"https:\/\/schema.org","@graph":[{"@type":"WebPage","@id":"https:\/\/ironsky.pl\/sklep\/produkt\/mocowanie-na-plecak-puluz-do-kamer-sportowych-czarne-2\/","url":"https:\/\/ironsky.pl\/sklep\/produkt\/mocowanie-na-plecak-puluz-do-kamer-sportowych-czarne-2\/","name":"Mocowanie na plecak PULUZ do kamer sportowych (czarne) - IRONSKY.PL Sklep z Dronami","isPartOf":{"@id":"https:\/\/ironsky.pl\/sklep\/#website"},"primaryImageOfPage":{"@id":"https:\/\/ironsky.pl\/sklep\/produkt\/mocowanie-na-plecak-puluz-do-kamer-sportowych-czarne-2\/#primaryimage"},"image":{"@id":"https:\/\/ironsky.pl\/sklep\/produkt\/mocowanie-na-plecak-puluz-do-kamer-sportowych-czarne-2\/#primaryimage"},"thumbnailUrl":"https:\/\/ironsky.pl\/sklep\/wp-content\/uploads\/2026\/04\/46059_1.jpg","datePublished":"2026-04-15T08:46:03+00:00","dateModified":"2026-04-15T08:46:10+00:00","description":"Mocowanie na plecak PULUZ do kamer sportowych (czarne) - \u2705 sklep z dronami i fachowym doradztwem. \u2705 Tutaj kupisz produkty DJI, Yuneec, Parrot, Syma i wiele innych, a tak\u017ce kursy i licencje na operatora drona.","breadcrumb":{"@id":"https:\/\/ironsky.pl\/sklep\/produkt\/mocowanie-na-plecak-puluz-do-kamer-sportowych-czarne-2\/#breadcrumb"},"inLanguage":"pl-PL","potentialAction":[{"@type":"ReadAction","target":["https:\/\/ironsky.pl\/sklep\/produkt\/mocowanie-na-plecak-puluz-do-kamer-sportowych-czarne-2\/"]}]},{"@type":"ImageObject","inLanguage":"pl-PL","@id":"https:\/\/ironsky.pl\/sklep\/produkt\/mocowanie-na-plecak-puluz-do-kamer-sportowych-czarne-2\/#primaryimage","url":"https:\/\/ironsky.pl\/sklep\/wp-content\/uploads\/2026\/04\/46059_1.jpg","contentUrl":"https:\/\/ironsky.pl\/sklep\/wp-content\/uploads\/2026\/04\/46059_1.jpg","width":800,"height":800},{"@type":"BreadcrumbList","@id":"https:\/\/ironsky.pl\/sklep\/produkt\/mocowanie-na-plecak-puluz-do-kamer-sportowych-czarne-2\/#breadcrumb","itemListElement":[{"@type":"ListItem","position":1,"name":"Strona g\u0142\u00f3wna","item":"https:\/\/ironsky.pl\/sklep\/"},{"@type":"ListItem","position":2,"name":"Wszystkie produkty","item":"https:\/\/ironsky.pl\/sklep\/produkty\/"},{"@type":"ListItem","position":3,"name":"Mocowanie na plecak PULUZ do kamer sportowych (czarne)"}]},{"@type":"WebSite","@id":"https:\/\/ironsky.pl\/sklep\/#website","url":"https:\/\/ironsky.pl\/sklep\/","name":"IRONSKY.PL Sklep z Dronami","description":"IRONSKY.PL Sklep z Dronami","potentialAction":[{"@type":"SearchAction","target":{"@type":"EntryPoint","urlTemplate":"https:\/\/ironsky.pl\/sklep\/?s={search_term_string}"},"query-input":{"@type":"PropertyValueSpecification","valueRequired":true,"valueName":"search_term_string"}}],"inLanguage":"pl-PL"}]}},"_links":{"self":[{"href":"https:\/\/ironsky.pl\/sklep\/wp-json\/wp\/v2\/product\/59309","targetHints":{"allow":["GET"]}}],"collection":[{"href":"https:\/\/ironsky.pl\/sklep\/wp-json\/wp\/v2\/product"}],"about":[{"href":"https:\/\/ironsky.pl\/sklep\/wp-json\/wp\/v2\/types\/product"}],"replies":[{"embeddable":true,"href":"https:\/\/ironsky.pl\/sklep\/wp-json\/wp\/v2\/comments?post=59309"}],"wp:featuredmedia":[{"embeddable":true,"href":"https:\/\/ironsky.pl\/sklep\/wp-json\/wp\/v2\/media\/59310"}],"wp:attachment":[{"href":"https:\/\/ironsky.pl\/sklep\/wp-json\/wp\/v2\/media?parent=59309"}],"wp:term":[{"taxonomy":"product_brand","embeddable":true,"href":"https:\/\/ironsky.pl\/sklep\/wp-json\/wp\/v2\/product_brand?post=59309"},{"taxonomy":"product_cat","embeddable":true,"href":"https:\/\/ironsky.pl\/sklep\/wp-json\/wp\/v2\/product_cat?post=59309"},{"taxonomy":"product_tag","embeddable":true,"href":"https:\/\/ironsky.pl\/sklep\/wp-json\/wp\/v2\/product_tag?post=59309"}],"curies":[{"name":"wp","href":"https:\/\/api.w.org\/{rel}","templated":true}]}}