{"id":59307,"date":"2026-04-15T10:46:03","date_gmt":"2026-04-15T08:46:03","guid":{"rendered":"https:\/\/ironsky.pl\/sklep\/produkt\/opaska-na-glowe-puluz-z-mocowaniem-do-kamer-sportowych\/"},"modified":"2026-04-15T10:46:08","modified_gmt":"2026-04-15T08:46:08","slug":"opaska-na-glowe-puluz-z-mocowaniem-do-kamer-sportowych","status":"publish","type":"product","link":"https:\/\/ironsky.pl\/sklep\/produkt\/opaska-na-glowe-puluz-z-mocowaniem-do-kamer-sportowych\/","title":{"rendered":"Opaska na g\u0142ow\u0119 PULUZ z mocowaniem do kamer sportowych"},"content":{"rendered":"<h3>Opaska na g\u0142ow\u0119 Puluz z mocowaniem do kamer sportowych (m.in. Osmo Action 5 Pro, Ace Pro 2)<\/h3>\n<p>Opaska na g\u0142ow\u0119 Puluz wyr\u00f3\u017cnia si\u0119 nowoczesnym systemem magnetycznym, kt\u00f3ry umo\u017cliwia szybki demonta\u017c i monta\u017c kamery jednym klikni\u0119ciem. Dzi\u0119ki supermagnetycznej instalacji mo\u017cesz b\u0142yskawicznie zamocowa\u0107 lub zdj\u0105\u0107 swoj\u0105 kamer\u0119 sportow\u0105, co pozwala na wygodne i efektywne rejestrowanie swoich przyg\u00f3d, nawet jedn\u0105 r\u0119k\u0105.<\/p>\n<p>\n<img decoding=\"async\" src=\"https:\/\/assets.innpro.pl\/8784\/10277\/1.jpg\" border=\"0\" alt=\"\" \/>\n<\/p>\n<h3>Maksymalny komfort i stabilno\u015b\u0107<\/h3>\n<p>Opaska zosta\u0142a zaprojektowana z my\u015bl\u0105 o maksymalnym komforcie i stabilno\u015bci. Poszerzona i pogrubiona cz\u0119\u015b\u0107 na czole zapewnia doskona\u0142e dopasowanie, nosz\u0105c opask\u0119 \u015bci\u015ble przy g\u0142owie. Dzi\u0119ki zastosowaniu mi\u0119kkich, wysokiej jako\u015bci materia\u0142\u00f3w ABS i nylonu, opaska jest nie tylko wygodna, ale tak\u017ce stabilna, co zapobiega jej przypadkowemu odczepieniu si\u0119. To idealne rozwi\u0105zanie dla os\u00f3b, kt\u00f3re chc\u0105 robi\u0107 imponuj\u0105ce fotografie podczas biegania czy dynamicznych aktywno\u015bci fizycznych.<\/p>\n<p>\n<img decoding=\"async\" src=\"https:\/\/assets.innpro.pl\/8784\/10277\/3.jpg\" border=\"0\" alt=\"\" \/>\n<\/p>\n<h3>Uniwersalno\u015b\u0107 i regulacja<\/h3>\n<p>Opaska Puluz jest dostosowana do r\u00f3\u017cnych rozmiar\u00f3w g\u0142owy dzi\u0119ki regulacji w \u015brodkowej cz\u0119\u015bci. Mo\u017cliwo\u015b\u0107 ustawienia k\u0105ta nachylenia kamery w zakresie 180 stopni pozwala na precyzyjne dopasowanie k\u0105ta widzenia, co znacz\u0105co poprawia jako\u015b\u0107 zdj\u0119\u0107 i film\u00f3w. Nowo ulepszona ta\u015bma o wysokiej spr\u0119\u017cysto\u015bci zapewnia dodatkowy komfort i stabilno\u015b\u0107, niezale\u017cnie od intensywno\u015bci ruchu.<\/p>\n<p>\n<img decoding=\"async\" src=\"https:\/\/assets.innpro.pl\/8784\/10277\/5.jpg\" border=\"0\" alt=\"\" \/>\n<\/p>\n<h3>Elegancja i wysoka jako\u015b\u0107<\/h3>\n<p>Stylowa i elegancka opaska Puluz nie tylko \u015bwietnie wygl\u0105da, ale r\u00f3wnie\u017c jest niezwykle praktyczna dzi\u0119ki swojej uniwersalno\u015bci. Jest kompatybilna z kamerami r\u00f3\u017cnych marek, w tym DJI, GoPro, Insta360 i innymi. To wszechstronny dodatek, kt\u00f3ry \u0142\u0105czy funkcjonalno\u015b\u0107 z nowoczesnym designem. To idealne akcesorium dla ka\u017cdego entuzjasty sport\u00f3w i aktywno\u015bci na \u015bwie\u017cym powietrzu. Zyskaj pewno\u015b\u0107, \u017ce ka\u017cde Twoje uj\u0119cie b\u0119dzie perfekcyjne, a komfort u\u017cytkowania na najwy\u017cszym poziomie.<\/p>\n<p>\n<img decoding=\"async\" src=\"https:\/\/assets.innpro.pl\/8784\/10277\/4.jpg\" border=\"0\" alt=\"\" \/>\n<\/p>\n<div class=\"table-wrapper\">\n<p>\u00a0<\/p>\n<h3><\/h3>\n<table>\n<tbody>\n<tr>\n<th>Producent<\/th>\n<td>Puluz<\/td>\n<\/tr>\n<tr>\n<th>Model<\/th>\n<td>PU1050B<\/td>\n<\/tr>\n<tr>\n<th>Materia\u0142y<\/th>\n<td>ABS, nylon<\/td>\n<\/tr>\n<tr>\n<th>Kompatybilno\u015b\u0107<\/th>\n<td>DJI: Osmo Action 5 Pro, Osmo Action 4, Osmo Action 3, Action 2, Osmo Action; Gopro: HERO13 Black, HERO12 Black, HERO11 Black Mini, HERO11 Black, HERO10 Black, HERO9 Black, HERO8 Black, HERO7 White, HERO7 Black, HERO7 Silver, NEW HERO, HERO6 Black, HERO5 Black, HERO5 Session, Hero Session, HERO4 Session, HERO4, HERO3+, HERO3, HERO2, HERO; Insta360: Ace Pro 2, Ace, Ace Pro<\/td>\n<\/tr>\n<\/tbody>\n<\/table>\n<\/div>\n","protected":false},"excerpt":{"rendered":"<p>Opaska na g\u0142ow\u0119 Puluz z mocowaniem do kamer sportowych (m.in. Osmo Action 5 Pro, Ace Pro 2) Opaska na g\u0142ow\u0119<\/p>\n","protected":false},"featured_media":59308,"comment_status":"closed","ping_status":"open","template":"","meta":{"_acf_changed":false},"product_brand":[],"product_cat":[1128,6178,6176,6177,6181,1138],"product_tag":[],"class_list":{"0":"post-59307","1":"product","2":"type-product","3":"status-publish","4":"has-post-thumbnail","6":"product_cat-foto-wideo","7":"product_cat-mocowania","8":"product_cat-selfie-stiki","9":"product_cat-statywy-selfie-stiki","10":"product_cat-szelki-mocowania-i-uchwyty","11":"product_cat-wysiegniki","12":"pa_okres-gwarancji-5754","13":"pa_producent-puluz","15":"first","16":"outofstock","17":"taxable","18":"shipping-taxable","19":"purchasable","20":"product-type-simple"},"acf":[],"yoast_head":"<!-- This site is optimized with the Yoast SEO plugin v27.2 - https:\/\/yoast.com\/product\/yoast-seo-wordpress\/ -->\n<title>Opaska na g\u0142ow\u0119 PULUZ z mocowaniem do kamer sportowych - IRONSKY.PL Sklep z Dronami<\/title>\n<meta name=\"description\" content=\"Opaska na g\u0142ow\u0119 PULUZ z mocowaniem do kamer sportowych - \u2705 sklep z dronami i fachowym doradztwem. \u2705 Tutaj kupisz produkty DJI, Yuneec, Parrot, Syma i wiele innych, a tak\u017ce kursy i licencje na operatora drona.\" \/>\n<meta name=\"robots\" content=\"index, follow, max-snippet:-1, max-image-preview:large, max-video-preview:-1\" \/>\n<link rel=\"canonical\" href=\"https:\/\/ironsky.pl\/sklep\/produkt\/opaska-na-glowe-puluz-z-mocowaniem-do-kamer-sportowych\/\" \/>\n<meta property=\"og:locale\" content=\"pl_PL\" \/>\n<meta property=\"og:type\" content=\"article\" \/>\n<meta property=\"og:title\" content=\"Opaska na g\u0142ow\u0119 PULUZ z mocowaniem do kamer sportowych - IRONSKY.PL Sklep z Dronami\" \/>\n<meta property=\"og:description\" content=\"Opaska na g\u0142ow\u0119 PULUZ z mocowaniem do kamer sportowych - \u2705 sklep z dronami i fachowym doradztwem. \u2705 Tutaj kupisz produkty DJI, Yuneec, Parrot, Syma i wiele innych, a tak\u017ce kursy i licencje na operatora drona.\" \/>\n<meta property=\"og:url\" content=\"https:\/\/ironsky.pl\/sklep\/produkt\/opaska-na-glowe-puluz-z-mocowaniem-do-kamer-sportowych\/\" \/>\n<meta property=\"og:site_name\" content=\"IRONSKY.PL Sklep z Dronami\" \/>\n<meta property=\"article:modified_time\" content=\"2026-04-15T08:46:08+00:00\" \/>\n<meta property=\"og:image\" content=\"https:\/\/ironsky.pl\/sklep\/wp-content\/uploads\/2026\/04\/46058_1.jpg\" \/>\n\t<meta property=\"og:image:width\" content=\"800\" \/>\n\t<meta property=\"og:image:height\" content=\"800\" \/>\n\t<meta property=\"og:image:type\" content=\"image\/jpeg\" \/>\n<meta name=\"twitter:card\" content=\"summary_large_image\" \/>\n<meta name=\"twitter:label1\" content=\"Szacowany czas czytania\" \/>\n\t<meta name=\"twitter:data1\" content=\"2 minuty\" \/>\n<script type=\"application\/ld+json\" class=\"yoast-schema-graph\">{\"@context\":\"https:\/\/schema.org\",\"@graph\":[{\"@type\":\"WebPage\",\"@id\":\"https:\/\/ironsky.pl\/sklep\/produkt\/opaska-na-glowe-puluz-z-mocowaniem-do-kamer-sportowych\/\",\"url\":\"https:\/\/ironsky.pl\/sklep\/produkt\/opaska-na-glowe-puluz-z-mocowaniem-do-kamer-sportowych\/\",\"name\":\"Opaska na g\u0142ow\u0119 PULUZ z mocowaniem do kamer sportowych - IRONSKY.PL Sklep z Dronami\",\"isPartOf\":{\"@id\":\"https:\/\/ironsky.pl\/sklep\/#website\"},\"primaryImageOfPage\":{\"@id\":\"https:\/\/ironsky.pl\/sklep\/produkt\/opaska-na-glowe-puluz-z-mocowaniem-do-kamer-sportowych\/#primaryimage\"},\"image\":{\"@id\":\"https:\/\/ironsky.pl\/sklep\/produkt\/opaska-na-glowe-puluz-z-mocowaniem-do-kamer-sportowych\/#primaryimage\"},\"thumbnailUrl\":\"https:\/\/ironsky.pl\/sklep\/wp-content\/uploads\/2026\/04\/46058_1.jpg\",\"datePublished\":\"2026-04-15T08:46:03+00:00\",\"dateModified\":\"2026-04-15T08:46:08+00:00\",\"description\":\"Opaska na g\u0142ow\u0119 PULUZ z mocowaniem do kamer sportowych - \u2705 sklep z dronami i fachowym doradztwem. \u2705 Tutaj kupisz produkty DJI, Yuneec, Parrot, Syma i wiele innych, a tak\u017ce kursy i licencje na operatora drona.\",\"breadcrumb\":{\"@id\":\"https:\/\/ironsky.pl\/sklep\/produkt\/opaska-na-glowe-puluz-z-mocowaniem-do-kamer-sportowych\/#breadcrumb\"},\"inLanguage\":\"pl-PL\",\"potentialAction\":[{\"@type\":\"ReadAction\",\"target\":[\"https:\/\/ironsky.pl\/sklep\/produkt\/opaska-na-glowe-puluz-z-mocowaniem-do-kamer-sportowych\/\"]}]},{\"@type\":\"ImageObject\",\"inLanguage\":\"pl-PL\",\"@id\":\"https:\/\/ironsky.pl\/sklep\/produkt\/opaska-na-glowe-puluz-z-mocowaniem-do-kamer-sportowych\/#primaryimage\",\"url\":\"https:\/\/ironsky.pl\/sklep\/wp-content\/uploads\/2026\/04\/46058_1.jpg\",\"contentUrl\":\"https:\/\/ironsky.pl\/sklep\/wp-content\/uploads\/2026\/04\/46058_1.jpg\",\"width\":800,\"height\":800},{\"@type\":\"BreadcrumbList\",\"@id\":\"https:\/\/ironsky.pl\/sklep\/produkt\/opaska-na-glowe-puluz-z-mocowaniem-do-kamer-sportowych\/#breadcrumb\",\"itemListElement\":[{\"@type\":\"ListItem\",\"position\":1,\"name\":\"Strona g\u0142\u00f3wna\",\"item\":\"https:\/\/ironsky.pl\/sklep\/\"},{\"@type\":\"ListItem\",\"position\":2,\"name\":\"Wszystkie produkty\",\"item\":\"https:\/\/ironsky.pl\/sklep\/produkty\/\"},{\"@type\":\"ListItem\",\"position\":3,\"name\":\"Opaska na g\u0142ow\u0119 PULUZ z mocowaniem do kamer sportowych\"}]},{\"@type\":\"WebSite\",\"@id\":\"https:\/\/ironsky.pl\/sklep\/#website\",\"url\":\"https:\/\/ironsky.pl\/sklep\/\",\"name\":\"IRONSKY.PL Sklep z Dronami\",\"description\":\"IRONSKY.PL Sklep z Dronami\",\"potentialAction\":[{\"@type\":\"SearchAction\",\"target\":{\"@type\":\"EntryPoint\",\"urlTemplate\":\"https:\/\/ironsky.pl\/sklep\/?s={search_term_string}\"},\"query-input\":{\"@type\":\"PropertyValueSpecification\",\"valueRequired\":true,\"valueName\":\"search_term_string\"}}],\"inLanguage\":\"pl-PL\"}]}<\/script>\n<!-- \/ Yoast SEO plugin. -->","yoast_head_json":{"title":"Opaska na g\u0142ow\u0119 PULUZ z mocowaniem do kamer sportowych - IRONSKY.PL Sklep z Dronami","description":"Opaska na g\u0142ow\u0119 PULUZ z mocowaniem do kamer sportowych - \u2705 sklep z dronami i fachowym doradztwem. \u2705 Tutaj kupisz produkty DJI, Yuneec, Parrot, Syma i wiele innych, a tak\u017ce kursy i licencje na operatora drona.","robots":{"index":"index","follow":"follow","max-snippet":"max-snippet:-1","max-image-preview":"max-image-preview:large","max-video-preview":"max-video-preview:-1"},"canonical":"https:\/\/ironsky.pl\/sklep\/produkt\/opaska-na-glowe-puluz-z-mocowaniem-do-kamer-sportowych\/","og_locale":"pl_PL","og_type":"article","og_title":"Opaska na g\u0142ow\u0119 PULUZ z mocowaniem do kamer sportowych - IRONSKY.PL Sklep z Dronami","og_description":"Opaska na g\u0142ow\u0119 PULUZ z mocowaniem do kamer sportowych - \u2705 sklep z dronami i fachowym doradztwem. \u2705 Tutaj kupisz produkty DJI, Yuneec, Parrot, Syma i wiele innych, a tak\u017ce kursy i licencje na operatora drona.","og_url":"https:\/\/ironsky.pl\/sklep\/produkt\/opaska-na-glowe-puluz-z-mocowaniem-do-kamer-sportowych\/","og_site_name":"IRONSKY.PL Sklep z Dronami","article_modified_time":"2026-04-15T08:46:08+00:00","og_image":[{"width":800,"height":800,"url":"https:\/\/ironsky.pl\/sklep\/wp-content\/uploads\/2026\/04\/46058_1.jpg","type":"image\/jpeg"}],"twitter_card":"summary_large_image","twitter_misc":{"Szacowany czas czytania":"2 minuty"},"schema":{"@context":"https:\/\/schema.org","@graph":[{"@type":"WebPage","@id":"https:\/\/ironsky.pl\/sklep\/produkt\/opaska-na-glowe-puluz-z-mocowaniem-do-kamer-sportowych\/","url":"https:\/\/ironsky.pl\/sklep\/produkt\/opaska-na-glowe-puluz-z-mocowaniem-do-kamer-sportowych\/","name":"Opaska na g\u0142ow\u0119 PULUZ z mocowaniem do kamer sportowych - IRONSKY.PL Sklep z Dronami","isPartOf":{"@id":"https:\/\/ironsky.pl\/sklep\/#website"},"primaryImageOfPage":{"@id":"https:\/\/ironsky.pl\/sklep\/produkt\/opaska-na-glowe-puluz-z-mocowaniem-do-kamer-sportowych\/#primaryimage"},"image":{"@id":"https:\/\/ironsky.pl\/sklep\/produkt\/opaska-na-glowe-puluz-z-mocowaniem-do-kamer-sportowych\/#primaryimage"},"thumbnailUrl":"https:\/\/ironsky.pl\/sklep\/wp-content\/uploads\/2026\/04\/46058_1.jpg","datePublished":"2026-04-15T08:46:03+00:00","dateModified":"2026-04-15T08:46:08+00:00","description":"Opaska na g\u0142ow\u0119 PULUZ z mocowaniem do kamer sportowych - \u2705 sklep z dronami i fachowym doradztwem. \u2705 Tutaj kupisz produkty DJI, Yuneec, Parrot, Syma i wiele innych, a tak\u017ce kursy i licencje na operatora drona.","breadcrumb":{"@id":"https:\/\/ironsky.pl\/sklep\/produkt\/opaska-na-glowe-puluz-z-mocowaniem-do-kamer-sportowych\/#breadcrumb"},"inLanguage":"pl-PL","potentialAction":[{"@type":"ReadAction","target":["https:\/\/ironsky.pl\/sklep\/produkt\/opaska-na-glowe-puluz-z-mocowaniem-do-kamer-sportowych\/"]}]},{"@type":"ImageObject","inLanguage":"pl-PL","@id":"https:\/\/ironsky.pl\/sklep\/produkt\/opaska-na-glowe-puluz-z-mocowaniem-do-kamer-sportowych\/#primaryimage","url":"https:\/\/ironsky.pl\/sklep\/wp-content\/uploads\/2026\/04\/46058_1.jpg","contentUrl":"https:\/\/ironsky.pl\/sklep\/wp-content\/uploads\/2026\/04\/46058_1.jpg","width":800,"height":800},{"@type":"BreadcrumbList","@id":"https:\/\/ironsky.pl\/sklep\/produkt\/opaska-na-glowe-puluz-z-mocowaniem-do-kamer-sportowych\/#breadcrumb","itemListElement":[{"@type":"ListItem","position":1,"name":"Strona g\u0142\u00f3wna","item":"https:\/\/ironsky.pl\/sklep\/"},{"@type":"ListItem","position":2,"name":"Wszystkie produkty","item":"https:\/\/ironsky.pl\/sklep\/produkty\/"},{"@type":"ListItem","position":3,"name":"Opaska na g\u0142ow\u0119 PULUZ z mocowaniem do kamer sportowych"}]},{"@type":"WebSite","@id":"https:\/\/ironsky.pl\/sklep\/#website","url":"https:\/\/ironsky.pl\/sklep\/","name":"IRONSKY.PL Sklep z Dronami","description":"IRONSKY.PL Sklep z Dronami","potentialAction":[{"@type":"SearchAction","target":{"@type":"EntryPoint","urlTemplate":"https:\/\/ironsky.pl\/sklep\/?s={search_term_string}"},"query-input":{"@type":"PropertyValueSpecification","valueRequired":true,"valueName":"search_term_string"}}],"inLanguage":"pl-PL"}]}},"_links":{"self":[{"href":"https:\/\/ironsky.pl\/sklep\/wp-json\/wp\/v2\/product\/59307","targetHints":{"allow":["GET"]}}],"collection":[{"href":"https:\/\/ironsky.pl\/sklep\/wp-json\/wp\/v2\/product"}],"about":[{"href":"https:\/\/ironsky.pl\/sklep\/wp-json\/wp\/v2\/types\/product"}],"replies":[{"embeddable":true,"href":"https:\/\/ironsky.pl\/sklep\/wp-json\/wp\/v2\/comments?post=59307"}],"wp:featuredmedia":[{"embeddable":true,"href":"https:\/\/ironsky.pl\/sklep\/wp-json\/wp\/v2\/media\/59308"}],"wp:attachment":[{"href":"https:\/\/ironsky.pl\/sklep\/wp-json\/wp\/v2\/media?parent=59307"}],"wp:term":[{"taxonomy":"product_brand","embeddable":true,"href":"https:\/\/ironsky.pl\/sklep\/wp-json\/wp\/v2\/product_brand?post=59307"},{"taxonomy":"product_cat","embeddable":true,"href":"https:\/\/ironsky.pl\/sklep\/wp-json\/wp\/v2\/product_cat?post=59307"},{"taxonomy":"product_tag","embeddable":true,"href":"https:\/\/ironsky.pl\/sklep\/wp-json\/wp\/v2\/product_tag?post=59307"}],"curies":[{"name":"wp","href":"https:\/\/api.w.org\/{rel}","templated":true}]}}