{"id":59306,"date":"2026-04-15T10:46:03","date_gmt":"2026-04-15T08:46:03","guid":{"rendered":"https:\/\/ironsky.pl\/sklep\/produkt\/uchwyt-na-kask-motocyklowy-puluz-do-kamery-sportowej\/"},"modified":"2026-04-15T10:46:07","modified_gmt":"2026-04-15T08:46:07","slug":"uchwyt-na-kask-motocyklowy-puluz-do-kamery-sportowej","status":"publish","type":"product","link":"https:\/\/ironsky.pl\/sklep\/produkt\/uchwyt-na-kask-motocyklowy-puluz-do-kamery-sportowej\/","title":{"rendered":"Uchwyt na kask motocyklowy PULUZ do kamery sportowej"},"content":{"rendered":"<h3>Uchwyt na kask motocyklowy PULUZ do kamer sportowych (m.in. Ace Pro 2, Osmo Action 5 Pro)<\/h3>\n<p>Poznaj now\u0105 jako\u015b\u0107 w monta\u017cu kamer sportowych dzi\u0119ki uchwytowi Puluz. Nasza innowacyjna konstrukcja magnetyczna nie tylko eliminuje uci\u0105\u017cliwy proces instalacji, ale r\u00f3wnie\u017c zapewnia niezawodne trzymanie Twojej kamery. Dzi\u0119ki silnemu magnesowi samarowo-kobaltowo-neodymowemu uchwyt utrzyma si\u0119 w stabilnej pozycji nawet podczas ekstremalnych przeja\u017cd\u017cek.<\/p>\n<p>\n<img decoding=\"async\" src=\"https:\/\/assets.innpro.pl\/8780\/10273\/5.jpg\" border=\"0\" alt=\"\" \/>\n<\/p>\n<h3>Doskona\u0142a ochrona i dopasowanie<\/h3>\n<p>Uchwyt marki Puluz dba o to, aby Tw\u00f3j kask by\u0142 w pe\u0142ni chroniony. Pogrubiona ochronna podk\u0142adka silikonowa delikatnie dopasowuje si\u0119 do powierzchni kasku, minimalizuj\u0105c ryzyko jego uszkodzenia. Zakrzywiony kszta\u0142t uchwytu sprawia, \u017ce pasuje idealnie do ka\u017cdego kasku, oferuj\u0105c stabilno\u015b\u0107, kt\u00f3rej potrzebujesz do robienia profesjonalnych zdj\u0119\u0107 i nagrywania film\u00f3w.<\/p>\n<p>\n<img decoding=\"async\" src=\"https:\/\/assets.innpro.pl\/8780\/10273\/2.jpg\" border=\"0\" alt=\"\" \/>\n<\/p>\n<h3>Wygodna i szybka instalacja<\/h3>\n<p>Uchwyt Puluz zapewnia wygod\u0119 u\u017cytkowania dzi\u0119ki funkcji szybkiego prze\u0142\u0105czania mi\u0119dzy trybem poziomym a pionowym. Przycisk szybkiego zwalniania i przyciski do fotografowania w poziomie i pionie s\u0105 wykonane z anodowanego stopu, co gwarantuje ich trwa\u0142o\u015b\u0107 i precyzyjne dzia\u0142anie. Ca\u0142a operacja monta\u017cu i demonta\u017cu trwa zaledwie 1 sekund\u0119, co pozwala na b\u0142yskawiczne dostosowanie kamery do Twoich potrzeb.<\/p>\n<p>\n<img decoding=\"async\" src=\"https:\/\/assets.innpro.pl\/8780\/10273\/3.jpg\" border=\"0\" alt=\"\" \/>\n<\/p>\n<h3>Uniwersalno\u015b\u0107 i komfort<\/h3>\n<p>Bez wzgl\u0119du na typ kasku, uchwyt Puluz jest zaprojektowany tak, aby pasowa\u0142 do wszystkich modeli. Dzi\u0119ki prostocie monta\u017cu i demonta\u017cu mo\u017cesz \u0142atwo regulowa\u0107 i kontrolowa\u0107 swoj\u0105 kamer\u0119, by uchwyci\u0107 ka\u017cdy wa\u017cny moment w swojej motocyklowej przygodzie. Przygotuj si\u0119 na jeszcze lepsze rejestracje swoich przeja\u017cd\u017cek i ciesz si\u0119 maksymalnym komfortem oraz stabilno\u015bci\u0105 dzi\u0119ki uchwytowi na kask motocyklowy Puluz!<\/p>\n<p>\n<img decoding=\"async\" src=\"https:\/\/assets.innpro.pl\/8780\/10273\/1.jpg\" border=\"0\" alt=\"\" \/>\n<\/p>\n<h3>W zestawie<\/h3>\n<ul class=\"list-disc pl-5\">\n<li>uchwyt na kask motocyklowy<\/li>\n<li>pasek podbr\u00f3dkowy z szybkoz\u0142\u0105czk\u0105<\/li>\n<li>szybkozamykaj\u0105cy adapter<\/li>\n<li>d\u0142uga \u015bruba<\/li>\n<\/ul>\n<div class=\"table-wrapper\">\n<p>\u00a0<\/p>\n<h3><\/h3>\n<table>\n<tbody>\n<tr>\n<th>Producent<\/th>\n<td>Puluz<\/td>\n<\/tr>\n<tr>\n<th>Model<\/th>\n<td>PU1052B<\/td>\n<\/tr>\n<tr>\n<th>Kompatybilno\u015b\u0107<\/th>\n<td>DJI: Osmo Action 5 Pro, Osmo Action 4, Osmo Action 3, Action 2, Osmo Action; Gopro: HERO (2024), HERO13 Black, HERO12 Black, HERO11 Black Mini, HERO11 Black, HERO10 Black, HERO9 Black, HERO8 Black, HERO7 White, HERO7 Black, HERO7 Silver, NEW HERO, HERO6 Black, HERO5, Black HERO5 Session, Hero Session, HERO4 Session, HERO4, HERO3+, HERO3, HERO2, HERO; Insta360: Ace Pro 2, Ace, Ace Pro<\/td>\n<\/tr>\n<tr>\n<th>Materia\u0142<\/th>\n<td>silikon, stop anodowany <\/td>\n<\/tr>\n<\/tbody>\n<\/table>\n<\/div>\n","protected":false},"excerpt":{"rendered":"<p>Uchwyt na kask motocyklowy PULUZ do kamer sportowych (m.in. Ace Pro 2, Osmo Action 5 Pro) Poznaj now\u0105 jako\u015b\u0107 w<\/p>\n","protected":false},"featured_media":39283,"comment_status":"closed","ping_status":"open","template":"","meta":{"_acf_changed":false},"product_brand":[],"product_cat":[1128,6178,6176,6177,6181,1138],"product_tag":[],"class_list":{"0":"post-59306","1":"product","2":"type-product","3":"status-publish","4":"has-post-thumbnail","6":"product_cat-foto-wideo","7":"product_cat-mocowania","8":"product_cat-selfie-stiki","9":"product_cat-statywy-selfie-stiki","10":"product_cat-szelki-mocowania-i-uchwyty","11":"product_cat-wysiegniki","12":"pa_okres-gwarancji-5754","13":"pa_producent-puluz","15":"first","16":"outofstock","17":"taxable","18":"shipping-taxable","19":"purchasable","20":"product-type-simple"},"acf":[],"yoast_head":"<!-- This site is optimized with the Yoast SEO plugin v27.2 - https:\/\/yoast.com\/product\/yoast-seo-wordpress\/ -->\n<title>Uchwyt na kask motocyklowy PULUZ do kamery sportowej - IRONSKY.PL Sklep z Dronami<\/title>\n<meta name=\"description\" content=\"Uchwyt na kask motocyklowy PULUZ do kamery sportowej - \u2705 sklep z dronami i fachowym doradztwem. \u2705 Tutaj kupisz produkty DJI, Yuneec, Parrot, Syma i wiele innych, a tak\u017ce kursy i licencje na operatora drona.\" \/>\n<meta name=\"robots\" content=\"index, follow, max-snippet:-1, max-image-preview:large, max-video-preview:-1\" \/>\n<link rel=\"canonical\" href=\"https:\/\/ironsky.pl\/sklep\/produkt\/uchwyt-na-kask-motocyklowy-puluz-do-kamery-sportowej\/\" \/>\n<meta property=\"og:locale\" content=\"pl_PL\" \/>\n<meta property=\"og:type\" content=\"article\" \/>\n<meta property=\"og:title\" content=\"Uchwyt na kask motocyklowy PULUZ do kamery sportowej - IRONSKY.PL Sklep z Dronami\" \/>\n<meta property=\"og:description\" content=\"Uchwyt na kask motocyklowy PULUZ do kamery sportowej - \u2705 sklep z dronami i fachowym doradztwem. \u2705 Tutaj kupisz produkty DJI, Yuneec, Parrot, Syma i wiele innych, a tak\u017ce kursy i licencje na operatora drona.\" \/>\n<meta property=\"og:url\" content=\"https:\/\/ironsky.pl\/sklep\/produkt\/uchwyt-na-kask-motocyklowy-puluz-do-kamery-sportowej\/\" \/>\n<meta property=\"og:site_name\" content=\"IRONSKY.PL Sklep z Dronami\" \/>\n<meta property=\"article:modified_time\" content=\"2026-04-15T08:46:07+00:00\" \/>\n<meta property=\"og:image\" content=\"https:\/\/ironsky.pl\/sklep\/wp-content\/uploads\/2025\/04\/46056_1.jpg\" \/>\n\t<meta property=\"og:image:width\" content=\"800\" \/>\n\t<meta property=\"og:image:height\" content=\"800\" \/>\n\t<meta property=\"og:image:type\" content=\"image\/jpeg\" \/>\n<meta name=\"twitter:card\" content=\"summary_large_image\" \/>\n<meta name=\"twitter:label1\" content=\"Szacowany czas czytania\" \/>\n\t<meta name=\"twitter:data1\" content=\"2 minuty\" \/>\n<script type=\"application\/ld+json\" class=\"yoast-schema-graph\">{\"@context\":\"https:\/\/schema.org\",\"@graph\":[{\"@type\":\"WebPage\",\"@id\":\"https:\/\/ironsky.pl\/sklep\/produkt\/uchwyt-na-kask-motocyklowy-puluz-do-kamery-sportowej\/\",\"url\":\"https:\/\/ironsky.pl\/sklep\/produkt\/uchwyt-na-kask-motocyklowy-puluz-do-kamery-sportowej\/\",\"name\":\"Uchwyt na kask motocyklowy PULUZ do kamery sportowej - IRONSKY.PL Sklep z Dronami\",\"isPartOf\":{\"@id\":\"https:\/\/ironsky.pl\/sklep\/#website\"},\"primaryImageOfPage\":{\"@id\":\"https:\/\/ironsky.pl\/sklep\/produkt\/uchwyt-na-kask-motocyklowy-puluz-do-kamery-sportowej\/#primaryimage\"},\"image\":{\"@id\":\"https:\/\/ironsky.pl\/sklep\/produkt\/uchwyt-na-kask-motocyklowy-puluz-do-kamery-sportowej\/#primaryimage\"},\"thumbnailUrl\":\"https:\/\/ironsky.pl\/sklep\/wp-content\/uploads\/2025\/04\/46056_1.jpg\",\"datePublished\":\"2026-04-15T08:46:03+00:00\",\"dateModified\":\"2026-04-15T08:46:07+00:00\",\"description\":\"Uchwyt na kask motocyklowy PULUZ do kamery sportowej - \u2705 sklep z dronami i fachowym doradztwem. \u2705 Tutaj kupisz produkty DJI, Yuneec, Parrot, Syma i wiele innych, a tak\u017ce kursy i licencje na operatora drona.\",\"breadcrumb\":{\"@id\":\"https:\/\/ironsky.pl\/sklep\/produkt\/uchwyt-na-kask-motocyklowy-puluz-do-kamery-sportowej\/#breadcrumb\"},\"inLanguage\":\"pl-PL\",\"potentialAction\":[{\"@type\":\"ReadAction\",\"target\":[\"https:\/\/ironsky.pl\/sklep\/produkt\/uchwyt-na-kask-motocyklowy-puluz-do-kamery-sportowej\/\"]}]},{\"@type\":\"ImageObject\",\"inLanguage\":\"pl-PL\",\"@id\":\"https:\/\/ironsky.pl\/sklep\/produkt\/uchwyt-na-kask-motocyklowy-puluz-do-kamery-sportowej\/#primaryimage\",\"url\":\"https:\/\/ironsky.pl\/sklep\/wp-content\/uploads\/2025\/04\/46056_1.jpg\",\"contentUrl\":\"https:\/\/ironsky.pl\/sklep\/wp-content\/uploads\/2025\/04\/46056_1.jpg\",\"width\":800,\"height\":800},{\"@type\":\"BreadcrumbList\",\"@id\":\"https:\/\/ironsky.pl\/sklep\/produkt\/uchwyt-na-kask-motocyklowy-puluz-do-kamery-sportowej\/#breadcrumb\",\"itemListElement\":[{\"@type\":\"ListItem\",\"position\":1,\"name\":\"Strona g\u0142\u00f3wna\",\"item\":\"https:\/\/ironsky.pl\/sklep\/\"},{\"@type\":\"ListItem\",\"position\":2,\"name\":\"Wszystkie produkty\",\"item\":\"https:\/\/ironsky.pl\/sklep\/produkty\/\"},{\"@type\":\"ListItem\",\"position\":3,\"name\":\"Uchwyt na kask motocyklowy PULUZ do kamery sportowej\"}]},{\"@type\":\"WebSite\",\"@id\":\"https:\/\/ironsky.pl\/sklep\/#website\",\"url\":\"https:\/\/ironsky.pl\/sklep\/\",\"name\":\"IRONSKY.PL Sklep z Dronami\",\"description\":\"IRONSKY.PL Sklep z Dronami\",\"potentialAction\":[{\"@type\":\"SearchAction\",\"target\":{\"@type\":\"EntryPoint\",\"urlTemplate\":\"https:\/\/ironsky.pl\/sklep\/?s={search_term_string}\"},\"query-input\":{\"@type\":\"PropertyValueSpecification\",\"valueRequired\":true,\"valueName\":\"search_term_string\"}}],\"inLanguage\":\"pl-PL\"}]}<\/script>\n<!-- \/ Yoast SEO plugin. -->","yoast_head_json":{"title":"Uchwyt na kask motocyklowy PULUZ do kamery sportowej - IRONSKY.PL Sklep z Dronami","description":"Uchwyt na kask motocyklowy PULUZ do kamery sportowej - \u2705 sklep z dronami i fachowym doradztwem. \u2705 Tutaj kupisz produkty DJI, Yuneec, Parrot, Syma i wiele innych, a tak\u017ce kursy i licencje na operatora drona.","robots":{"index":"index","follow":"follow","max-snippet":"max-snippet:-1","max-image-preview":"max-image-preview:large","max-video-preview":"max-video-preview:-1"},"canonical":"https:\/\/ironsky.pl\/sklep\/produkt\/uchwyt-na-kask-motocyklowy-puluz-do-kamery-sportowej\/","og_locale":"pl_PL","og_type":"article","og_title":"Uchwyt na kask motocyklowy PULUZ do kamery sportowej - IRONSKY.PL Sklep z Dronami","og_description":"Uchwyt na kask motocyklowy PULUZ do kamery sportowej - \u2705 sklep z dronami i fachowym doradztwem. \u2705 Tutaj kupisz produkty DJI, Yuneec, Parrot, Syma i wiele innych, a tak\u017ce kursy i licencje na operatora drona.","og_url":"https:\/\/ironsky.pl\/sklep\/produkt\/uchwyt-na-kask-motocyklowy-puluz-do-kamery-sportowej\/","og_site_name":"IRONSKY.PL Sklep z Dronami","article_modified_time":"2026-04-15T08:46:07+00:00","og_image":[{"width":800,"height":800,"url":"https:\/\/ironsky.pl\/sklep\/wp-content\/uploads\/2025\/04\/46056_1.jpg","type":"image\/jpeg"}],"twitter_card":"summary_large_image","twitter_misc":{"Szacowany czas czytania":"2 minuty"},"schema":{"@context":"https:\/\/schema.org","@graph":[{"@type":"WebPage","@id":"https:\/\/ironsky.pl\/sklep\/produkt\/uchwyt-na-kask-motocyklowy-puluz-do-kamery-sportowej\/","url":"https:\/\/ironsky.pl\/sklep\/produkt\/uchwyt-na-kask-motocyklowy-puluz-do-kamery-sportowej\/","name":"Uchwyt na kask motocyklowy PULUZ do kamery sportowej - IRONSKY.PL Sklep z Dronami","isPartOf":{"@id":"https:\/\/ironsky.pl\/sklep\/#website"},"primaryImageOfPage":{"@id":"https:\/\/ironsky.pl\/sklep\/produkt\/uchwyt-na-kask-motocyklowy-puluz-do-kamery-sportowej\/#primaryimage"},"image":{"@id":"https:\/\/ironsky.pl\/sklep\/produkt\/uchwyt-na-kask-motocyklowy-puluz-do-kamery-sportowej\/#primaryimage"},"thumbnailUrl":"https:\/\/ironsky.pl\/sklep\/wp-content\/uploads\/2025\/04\/46056_1.jpg","datePublished":"2026-04-15T08:46:03+00:00","dateModified":"2026-04-15T08:46:07+00:00","description":"Uchwyt na kask motocyklowy PULUZ do kamery sportowej - \u2705 sklep z dronami i fachowym doradztwem. \u2705 Tutaj kupisz produkty DJI, Yuneec, Parrot, Syma i wiele innych, a tak\u017ce kursy i licencje na operatora drona.","breadcrumb":{"@id":"https:\/\/ironsky.pl\/sklep\/produkt\/uchwyt-na-kask-motocyklowy-puluz-do-kamery-sportowej\/#breadcrumb"},"inLanguage":"pl-PL","potentialAction":[{"@type":"ReadAction","target":["https:\/\/ironsky.pl\/sklep\/produkt\/uchwyt-na-kask-motocyklowy-puluz-do-kamery-sportowej\/"]}]},{"@type":"ImageObject","inLanguage":"pl-PL","@id":"https:\/\/ironsky.pl\/sklep\/produkt\/uchwyt-na-kask-motocyklowy-puluz-do-kamery-sportowej\/#primaryimage","url":"https:\/\/ironsky.pl\/sklep\/wp-content\/uploads\/2025\/04\/46056_1.jpg","contentUrl":"https:\/\/ironsky.pl\/sklep\/wp-content\/uploads\/2025\/04\/46056_1.jpg","width":800,"height":800},{"@type":"BreadcrumbList","@id":"https:\/\/ironsky.pl\/sklep\/produkt\/uchwyt-na-kask-motocyklowy-puluz-do-kamery-sportowej\/#breadcrumb","itemListElement":[{"@type":"ListItem","position":1,"name":"Strona g\u0142\u00f3wna","item":"https:\/\/ironsky.pl\/sklep\/"},{"@type":"ListItem","position":2,"name":"Wszystkie produkty","item":"https:\/\/ironsky.pl\/sklep\/produkty\/"},{"@type":"ListItem","position":3,"name":"Uchwyt na kask motocyklowy PULUZ do kamery sportowej"}]},{"@type":"WebSite","@id":"https:\/\/ironsky.pl\/sklep\/#website","url":"https:\/\/ironsky.pl\/sklep\/","name":"IRONSKY.PL Sklep z Dronami","description":"IRONSKY.PL Sklep z Dronami","potentialAction":[{"@type":"SearchAction","target":{"@type":"EntryPoint","urlTemplate":"https:\/\/ironsky.pl\/sklep\/?s={search_term_string}"},"query-input":{"@type":"PropertyValueSpecification","valueRequired":true,"valueName":"search_term_string"}}],"inLanguage":"pl-PL"}]}},"_links":{"self":[{"href":"https:\/\/ironsky.pl\/sklep\/wp-json\/wp\/v2\/product\/59306","targetHints":{"allow":["GET"]}}],"collection":[{"href":"https:\/\/ironsky.pl\/sklep\/wp-json\/wp\/v2\/product"}],"about":[{"href":"https:\/\/ironsky.pl\/sklep\/wp-json\/wp\/v2\/types\/product"}],"replies":[{"embeddable":true,"href":"https:\/\/ironsky.pl\/sklep\/wp-json\/wp\/v2\/comments?post=59306"}],"wp:featuredmedia":[{"embeddable":true,"href":"https:\/\/ironsky.pl\/sklep\/wp-json\/wp\/v2\/media\/39283"}],"wp:attachment":[{"href":"https:\/\/ironsky.pl\/sklep\/wp-json\/wp\/v2\/media?parent=59306"}],"wp:term":[{"taxonomy":"product_brand","embeddable":true,"href":"https:\/\/ironsky.pl\/sklep\/wp-json\/wp\/v2\/product_brand?post=59306"},{"taxonomy":"product_cat","embeddable":true,"href":"https:\/\/ironsky.pl\/sklep\/wp-json\/wp\/v2\/product_cat?post=59306"},{"taxonomy":"product_tag","embeddable":true,"href":"https:\/\/ironsky.pl\/sklep\/wp-json\/wp\/v2\/product_tag?post=59306"}],"curies":[{"name":"wp","href":"https:\/\/api.w.org\/{rel}","templated":true}]}}