{"id":59297,"date":"2026-04-15T10:45:29","date_gmt":"2026-04-15T08:45:29","guid":{"rendered":"https:\/\/ironsky.pl\/sklep\/produkt\/mocowanie-magnetyczne-telesin-do-kamer-sportowych-2\/"},"modified":"2026-04-15T10:45:59","modified_gmt":"2026-04-15T08:45:59","slug":"mocowanie-magnetyczne-telesin-do-kamer-sportowych-2","status":"publish","type":"product","link":"https:\/\/ironsky.pl\/sklep\/produkt\/mocowanie-magnetyczne-telesin-do-kamer-sportowych-2\/","title":{"rendered":"Mocowanie magnetyczne TELESIN do kamer sportowych"},"content":{"rendered":"<h3>Mocowanie magnetyczne Telesin do kamer sportowych<\/h3>\n<p>Mocowanie TELESIN to zaawansowane narz\u0119dzie, kt\u00f3re idealnie sprawdzi si\u0119 w dynamicznych warunkach, umo\u017cliwiaj\u0105c bezpieczne i stabilne nagrywanie. Dzi\u0119ki solidnej konstrukcji z aluminium i sze\u015bciu neodymowym magnesom oferuje niezawodn\u0105 si\u0142\u0119 przyci\u0105gania, zapewniaj\u0105c, \u017ce Twoja kamera sportowa pozostanie na swoim miejscu, niezale\u017cnie od okoliczno\u015bci.<\/p>\n<p>\n<img decoding=\"async\" src=\"https:\/\/assets.innpro.pl\/8976\/10499\/1.jpg\" border=\"0\" \/>\n<\/p>\n<h3>Si\u0142a, kt\u00f3rej mo\u017cesz zaufa\u0107<\/h3>\n<p>Uchwyt TELESIN wyposa\u017cony jest w sze\u015b\u0107 pot\u0119\u017cnych magnes\u00f3w neodymowych o sile 3600GS, co gwarantuje mocne i pewne zamocowanie na ka\u017cdej metalowej powierzchni. Dzi\u0119ki temu mo\u017cesz skupi\u0107 si\u0119 na rejestrowaniu swoich przyg\u00f3d, maj\u0105c pewno\u015b\u0107, \u017ce Twoja kamera jest stabilnie zamocowana, nawet w trudnych warunkach.<\/p>\n<p>\n<img decoding=\"async\" src=\"https:\/\/assets.innpro.pl\/8976\/10499\/2.jpg\" border=\"0\" \/>\n<\/p>\n<h3>Wszechstronno\u015b\u0107 dzi\u0119ki podw\u00f3jnej g\u0142owicy kulowej<\/h3>\n<p>Podw\u00f3jna g\u0142owica kulowa umo\u017cliwia pe\u0142n\u0105 regulacj\u0119 k\u0105ta nagrywania, co sprawia, \u017ce uchwyt TELESIN jest niezwykle wszechstronny. Mo\u017cesz dostosowa\u0107 po\u0142o\u017cenie kamery zar\u00f3wno w poziomie, jak i w pionie, co daje nieograniczone mo\u017cliwo\u015bci tw\u00f3rcze, niezale\u017cnie od tego, czy rejestrujesz podr\u00f3\u017c samochodem, przygotowujesz materia\u0142 kulinarny, czy zamierzasz uchwyci\u0107 dynamik\u0119 zawod\u00f3w sportowych.<\/p>\n<p>\n<img decoding=\"async\" src=\"https:\/\/assets.innpro.pl\/8976\/10499\/4.jpg\" border=\"0\" \/>\n<\/p>\n<h3>Kompaktowy design i ochrona powierzchni<\/h3>\n<p>TELESIN zadba\u0142 r\u00f3wnie\u017c o komfort u\u017cytkowania i przechowywania. Uchwyt jest sk\u0142adany, co pozwala na \u0142atwe schowanie go w kieszeni lub plecaku. Dodatkowo dolna cz\u0119\u015b\u0107 uchwytu zosta\u0142a wy\u0142o\u017cona silikonow\u0105 podk\u0142adk\u0105, kt\u00f3ra chroni powierzchni\u0119, do kt\u00f3rej przymocowany jest uchwyt, przed zarysowaniami, co jest szczeg\u00f3lnie istotne przy monta\u017cu na karoserii samochodu.<\/p>\n<p>\n<img decoding=\"async\" src=\"https:\/\/assets.innpro.pl\/8976\/10499\/7.jpg\" border=\"0\" \/>\n<\/p>\n<h3>W zestawie<\/h3>\n<ul class=\"list-disc pl-5\">\n<li>Uchwyt magnetyczny z podstaw\u0105<\/li>\n<li>G\u0142owica kulowa (tr\u00f3jramienna) 1\/4&#8243;<\/li>\n<li>G\u0142owica kulowa aluminiowa 1\/4&#8243;<\/li>\n<li>\u015aruba mocuj\u0105ca<\/li>\n<li>Lina zabezpieczaj\u0105ca<\/li>\n<li>Instrukcja obs\u0142ugi<\/li>\n<\/ul>\n<div class=\"table-wrapper\">\n<p>\u00a0<\/p>\n<h3><\/h3>\n<table>\n<tbody>\n<tr>\n<th>Producent<\/th>\n<td>Telesin<\/td>\n<\/tr>\n<tr>\n<th>Kod producenta<\/th>\n<td>CMM-001<\/td>\n<\/tr>\n<tr>\n<th>Materia\u0142<\/th>\n<td>Stop aluminium i nylon z w\u0142\u00f3knem<\/td>\n<\/tr>\n<tr>\n<th>Si\u0142a przyci\u0105gania magnetycznego<\/th>\n<td>3600GS<\/td>\n<\/tr>\n<tr>\n<th>Ud\u017awig<\/th>\n<td>Maksymalnie 300<\/td>\n<\/tr>\n<tr>\n<th>Wymiary<\/th>\n<td>Wysoko\u015b\u0107: 127 mm ; \u015arednica podstawy: 64,5 mm<\/td>\n<\/tr>\n<\/tbody>\n<\/table>\n<\/div>\n","protected":false},"excerpt":{"rendered":"<p>Mocowanie magnetyczne Telesin do kamer sportowych Mocowanie TELESIN to zaawansowane narz\u0119dzie, kt\u00f3re idealnie sprawdzi si\u0119 w dynamicznych warunkach, umo\u017cliwiaj\u0105c bezpieczne<\/p>\n","protected":false},"featured_media":59298,"comment_status":"closed","ping_status":"open","template":"","meta":{"_acf_changed":false},"product_brand":[],"product_cat":[1128,6178,6176,6190,6177,1138],"product_tag":[],"class_list":{"0":"post-59297","1":"product","2":"type-product","3":"status-publish","4":"has-post-thumbnail","6":"product_cat-foto-wideo","7":"product_cat-mocowania","8":"product_cat-selfie-stiki","9":"product_cat-statywy-mocowania","10":"product_cat-statywy-selfie-stiki","11":"product_cat-wysiegniki","12":"pa_okres-gwarancji-5754","13":"pa_producent-telesin","15":"first","16":"outofstock","17":"taxable","18":"shipping-taxable","19":"purchasable","20":"product-type-simple"},"acf":[],"yoast_head":"<!-- This site is optimized with the Yoast SEO plugin v27.2 - https:\/\/yoast.com\/product\/yoast-seo-wordpress\/ -->\n<title>Mocowanie magnetyczne TELESIN do kamer sportowych - IRONSKY.PL Sklep z Dronami<\/title>\n<meta name=\"description\" content=\"Mocowanie magnetyczne TELESIN do kamer sportowych - \u2705 sklep z dronami i fachowym doradztwem. \u2705 Tutaj kupisz produkty DJI, Yuneec, Parrot, Syma i wiele innych, a tak\u017ce kursy i licencje na operatora drona.\" \/>\n<meta name=\"robots\" content=\"index, follow, max-snippet:-1, max-image-preview:large, max-video-preview:-1\" \/>\n<link rel=\"canonical\" href=\"https:\/\/ironsky.pl\/sklep\/produkt\/mocowanie-magnetyczne-telesin-do-kamer-sportowych-2\/\" \/>\n<meta property=\"og:locale\" content=\"pl_PL\" \/>\n<meta property=\"og:type\" content=\"article\" \/>\n<meta property=\"og:title\" content=\"Mocowanie magnetyczne TELESIN do kamer sportowych - IRONSKY.PL Sklep z Dronami\" \/>\n<meta property=\"og:description\" content=\"Mocowanie magnetyczne TELESIN do kamer sportowych - \u2705 sklep z dronami i fachowym doradztwem. \u2705 Tutaj kupisz produkty DJI, Yuneec, Parrot, Syma i wiele innych, a tak\u017ce kursy i licencje na operatora drona.\" \/>\n<meta property=\"og:url\" content=\"https:\/\/ironsky.pl\/sklep\/produkt\/mocowanie-magnetyczne-telesin-do-kamer-sportowych-2\/\" \/>\n<meta property=\"og:site_name\" content=\"IRONSKY.PL Sklep z Dronami\" \/>\n<meta property=\"article:modified_time\" content=\"2026-04-15T08:45:59+00:00\" \/>\n<meta property=\"og:image\" content=\"https:\/\/ironsky.pl\/sklep\/wp-content\/uploads\/2026\/04\/45927_6.jpg\" \/>\n\t<meta property=\"og:image:width\" content=\"800\" \/>\n\t<meta property=\"og:image:height\" content=\"800\" \/>\n\t<meta property=\"og:image:type\" content=\"image\/jpeg\" \/>\n<meta name=\"twitter:card\" content=\"summary_large_image\" \/>\n<meta name=\"twitter:label1\" content=\"Szacowany czas czytania\" \/>\n\t<meta name=\"twitter:data1\" content=\"1 minuta\" \/>\n<script type=\"application\/ld+json\" class=\"yoast-schema-graph\">{\"@context\":\"https:\/\/schema.org\",\"@graph\":[{\"@type\":\"WebPage\",\"@id\":\"https:\/\/ironsky.pl\/sklep\/produkt\/mocowanie-magnetyczne-telesin-do-kamer-sportowych-2\/\",\"url\":\"https:\/\/ironsky.pl\/sklep\/produkt\/mocowanie-magnetyczne-telesin-do-kamer-sportowych-2\/\",\"name\":\"Mocowanie magnetyczne TELESIN do kamer sportowych - IRONSKY.PL Sklep z Dronami\",\"isPartOf\":{\"@id\":\"https:\/\/ironsky.pl\/sklep\/#website\"},\"primaryImageOfPage\":{\"@id\":\"https:\/\/ironsky.pl\/sklep\/produkt\/mocowanie-magnetyczne-telesin-do-kamer-sportowych-2\/#primaryimage\"},\"image\":{\"@id\":\"https:\/\/ironsky.pl\/sklep\/produkt\/mocowanie-magnetyczne-telesin-do-kamer-sportowych-2\/#primaryimage\"},\"thumbnailUrl\":\"https:\/\/ironsky.pl\/sklep\/wp-content\/uploads\/2026\/04\/45927_6.jpg\",\"datePublished\":\"2026-04-15T08:45:29+00:00\",\"dateModified\":\"2026-04-15T08:45:59+00:00\",\"description\":\"Mocowanie magnetyczne TELESIN do kamer sportowych - \u2705 sklep z dronami i fachowym doradztwem. \u2705 Tutaj kupisz produkty DJI, Yuneec, Parrot, Syma i wiele innych, a tak\u017ce kursy i licencje na operatora drona.\",\"breadcrumb\":{\"@id\":\"https:\/\/ironsky.pl\/sklep\/produkt\/mocowanie-magnetyczne-telesin-do-kamer-sportowych-2\/#breadcrumb\"},\"inLanguage\":\"pl-PL\",\"potentialAction\":[{\"@type\":\"ReadAction\",\"target\":[\"https:\/\/ironsky.pl\/sklep\/produkt\/mocowanie-magnetyczne-telesin-do-kamer-sportowych-2\/\"]}]},{\"@type\":\"ImageObject\",\"inLanguage\":\"pl-PL\",\"@id\":\"https:\/\/ironsky.pl\/sklep\/produkt\/mocowanie-magnetyczne-telesin-do-kamer-sportowych-2\/#primaryimage\",\"url\":\"https:\/\/ironsky.pl\/sklep\/wp-content\/uploads\/2026\/04\/45927_6.jpg\",\"contentUrl\":\"https:\/\/ironsky.pl\/sklep\/wp-content\/uploads\/2026\/04\/45927_6.jpg\",\"width\":800,\"height\":800},{\"@type\":\"BreadcrumbList\",\"@id\":\"https:\/\/ironsky.pl\/sklep\/produkt\/mocowanie-magnetyczne-telesin-do-kamer-sportowych-2\/#breadcrumb\",\"itemListElement\":[{\"@type\":\"ListItem\",\"position\":1,\"name\":\"Strona g\u0142\u00f3wna\",\"item\":\"https:\/\/ironsky.pl\/sklep\/\"},{\"@type\":\"ListItem\",\"position\":2,\"name\":\"Wszystkie produkty\",\"item\":\"https:\/\/ironsky.pl\/sklep\/produkty\/\"},{\"@type\":\"ListItem\",\"position\":3,\"name\":\"Mocowanie magnetyczne TELESIN do kamer sportowych\"}]},{\"@type\":\"WebSite\",\"@id\":\"https:\/\/ironsky.pl\/sklep\/#website\",\"url\":\"https:\/\/ironsky.pl\/sklep\/\",\"name\":\"IRONSKY.PL Sklep z Dronami\",\"description\":\"IRONSKY.PL Sklep z Dronami\",\"potentialAction\":[{\"@type\":\"SearchAction\",\"target\":{\"@type\":\"EntryPoint\",\"urlTemplate\":\"https:\/\/ironsky.pl\/sklep\/?s={search_term_string}\"},\"query-input\":{\"@type\":\"PropertyValueSpecification\",\"valueRequired\":true,\"valueName\":\"search_term_string\"}}],\"inLanguage\":\"pl-PL\"}]}<\/script>\n<!-- \/ Yoast SEO plugin. -->","yoast_head_json":{"title":"Mocowanie magnetyczne TELESIN do kamer sportowych - IRONSKY.PL Sklep z Dronami","description":"Mocowanie magnetyczne TELESIN do kamer sportowych - \u2705 sklep z dronami i fachowym doradztwem. \u2705 Tutaj kupisz produkty DJI, Yuneec, Parrot, Syma i wiele innych, a tak\u017ce kursy i licencje na operatora drona.","robots":{"index":"index","follow":"follow","max-snippet":"max-snippet:-1","max-image-preview":"max-image-preview:large","max-video-preview":"max-video-preview:-1"},"canonical":"https:\/\/ironsky.pl\/sklep\/produkt\/mocowanie-magnetyczne-telesin-do-kamer-sportowych-2\/","og_locale":"pl_PL","og_type":"article","og_title":"Mocowanie magnetyczne TELESIN do kamer sportowych - IRONSKY.PL Sklep z Dronami","og_description":"Mocowanie magnetyczne TELESIN do kamer sportowych - \u2705 sklep z dronami i fachowym doradztwem. \u2705 Tutaj kupisz produkty DJI, Yuneec, Parrot, Syma i wiele innych, a tak\u017ce kursy i licencje na operatora drona.","og_url":"https:\/\/ironsky.pl\/sklep\/produkt\/mocowanie-magnetyczne-telesin-do-kamer-sportowych-2\/","og_site_name":"IRONSKY.PL Sklep z Dronami","article_modified_time":"2026-04-15T08:45:59+00:00","og_image":[{"width":800,"height":800,"url":"https:\/\/ironsky.pl\/sklep\/wp-content\/uploads\/2026\/04\/45927_6.jpg","type":"image\/jpeg"}],"twitter_card":"summary_large_image","twitter_misc":{"Szacowany czas czytania":"1 minuta"},"schema":{"@context":"https:\/\/schema.org","@graph":[{"@type":"WebPage","@id":"https:\/\/ironsky.pl\/sklep\/produkt\/mocowanie-magnetyczne-telesin-do-kamer-sportowych-2\/","url":"https:\/\/ironsky.pl\/sklep\/produkt\/mocowanie-magnetyczne-telesin-do-kamer-sportowych-2\/","name":"Mocowanie magnetyczne TELESIN do kamer sportowych - IRONSKY.PL Sklep z Dronami","isPartOf":{"@id":"https:\/\/ironsky.pl\/sklep\/#website"},"primaryImageOfPage":{"@id":"https:\/\/ironsky.pl\/sklep\/produkt\/mocowanie-magnetyczne-telesin-do-kamer-sportowych-2\/#primaryimage"},"image":{"@id":"https:\/\/ironsky.pl\/sklep\/produkt\/mocowanie-magnetyczne-telesin-do-kamer-sportowych-2\/#primaryimage"},"thumbnailUrl":"https:\/\/ironsky.pl\/sklep\/wp-content\/uploads\/2026\/04\/45927_6.jpg","datePublished":"2026-04-15T08:45:29+00:00","dateModified":"2026-04-15T08:45:59+00:00","description":"Mocowanie magnetyczne TELESIN do kamer sportowych - \u2705 sklep z dronami i fachowym doradztwem. \u2705 Tutaj kupisz produkty DJI, Yuneec, Parrot, Syma i wiele innych, a tak\u017ce kursy i licencje na operatora drona.","breadcrumb":{"@id":"https:\/\/ironsky.pl\/sklep\/produkt\/mocowanie-magnetyczne-telesin-do-kamer-sportowych-2\/#breadcrumb"},"inLanguage":"pl-PL","potentialAction":[{"@type":"ReadAction","target":["https:\/\/ironsky.pl\/sklep\/produkt\/mocowanie-magnetyczne-telesin-do-kamer-sportowych-2\/"]}]},{"@type":"ImageObject","inLanguage":"pl-PL","@id":"https:\/\/ironsky.pl\/sklep\/produkt\/mocowanie-magnetyczne-telesin-do-kamer-sportowych-2\/#primaryimage","url":"https:\/\/ironsky.pl\/sklep\/wp-content\/uploads\/2026\/04\/45927_6.jpg","contentUrl":"https:\/\/ironsky.pl\/sklep\/wp-content\/uploads\/2026\/04\/45927_6.jpg","width":800,"height":800},{"@type":"BreadcrumbList","@id":"https:\/\/ironsky.pl\/sklep\/produkt\/mocowanie-magnetyczne-telesin-do-kamer-sportowych-2\/#breadcrumb","itemListElement":[{"@type":"ListItem","position":1,"name":"Strona g\u0142\u00f3wna","item":"https:\/\/ironsky.pl\/sklep\/"},{"@type":"ListItem","position":2,"name":"Wszystkie produkty","item":"https:\/\/ironsky.pl\/sklep\/produkty\/"},{"@type":"ListItem","position":3,"name":"Mocowanie magnetyczne TELESIN do kamer sportowych"}]},{"@type":"WebSite","@id":"https:\/\/ironsky.pl\/sklep\/#website","url":"https:\/\/ironsky.pl\/sklep\/","name":"IRONSKY.PL Sklep z Dronami","description":"IRONSKY.PL Sklep z Dronami","potentialAction":[{"@type":"SearchAction","target":{"@type":"EntryPoint","urlTemplate":"https:\/\/ironsky.pl\/sklep\/?s={search_term_string}"},"query-input":{"@type":"PropertyValueSpecification","valueRequired":true,"valueName":"search_term_string"}}],"inLanguage":"pl-PL"}]}},"_links":{"self":[{"href":"https:\/\/ironsky.pl\/sklep\/wp-json\/wp\/v2\/product\/59297","targetHints":{"allow":["GET"]}}],"collection":[{"href":"https:\/\/ironsky.pl\/sklep\/wp-json\/wp\/v2\/product"}],"about":[{"href":"https:\/\/ironsky.pl\/sklep\/wp-json\/wp\/v2\/types\/product"}],"replies":[{"embeddable":true,"href":"https:\/\/ironsky.pl\/sklep\/wp-json\/wp\/v2\/comments?post=59297"}],"wp:featuredmedia":[{"embeddable":true,"href":"https:\/\/ironsky.pl\/sklep\/wp-json\/wp\/v2\/media\/59298"}],"wp:attachment":[{"href":"https:\/\/ironsky.pl\/sklep\/wp-json\/wp\/v2\/media?parent=59297"}],"wp:term":[{"taxonomy":"product_brand","embeddable":true,"href":"https:\/\/ironsky.pl\/sklep\/wp-json\/wp\/v2\/product_brand?post=59297"},{"taxonomy":"product_cat","embeddable":true,"href":"https:\/\/ironsky.pl\/sklep\/wp-json\/wp\/v2\/product_cat?post=59297"},{"taxonomy":"product_tag","embeddable":true,"href":"https:\/\/ironsky.pl\/sklep\/wp-json\/wp\/v2\/product_tag?post=59297"}],"curies":[{"name":"wp","href":"https:\/\/api.w.org\/{rel}","templated":true}]}}