{"id":59281,"date":"2026-04-15T10:45:29","date_gmt":"2026-04-15T08:45:29","guid":{"rendered":"https:\/\/ironsky.pl\/sklep\/produkt\/opaska-na-glowe-telesin-z-szybkozlaczka-do-kamery\/"},"modified":"2026-04-15T10:45:52","modified_gmt":"2026-04-15T08:45:52","slug":"opaska-na-glowe-telesin-z-szybkozlaczka-do-kamery","status":"publish","type":"product","link":"https:\/\/ironsky.pl\/sklep\/produkt\/opaska-na-glowe-telesin-z-szybkozlaczka-do-kamery\/","title":{"rendered":"Opaska na g\u0142ow\u0119 TELESIN z szybkoz\u0142\u0105czk\u0105 do kamery"},"content":{"rendered":"<h3>Opaska na g\u0142ow\u0119 TELESIN z szybkoz\u0142\u0105czk\u0105 do kamer sportowych<\/h3>\n<p>Opaska TELESIN to przydatne akcesorium do kamer sportowych, kt\u00f3re \u0142\u0105czy w sobie funkcjonalno\u015b\u0107 tradycyjnej opaski oraz klipsu do czapki. Dzi\u0119ki szybkoz\u0142\u0105czce i mo\u017cliwo\u015bci regulacji, jest to produkt idealny dla aktywnych u\u017cytkownik\u00f3w, kt\u00f3rzy chc\u0105 wygodnie rejestrowa\u0107 swoje przygody.<\/p>\n<p>\n<img decoding=\"async\" src=\"https:\/\/assets.innpro.pl\/8965\/10484\/2.jpg\" border=\"0\" \/>\n<\/p>\n<h3>Wszechstronne zastosowanie<\/h3>\n<p>Opaska TELESIN jest wyj\u0105tkowo wszechstronna, pozwalaj\u0105c na noszenie jej bezpo\u015brednio na g\u0142owie lub przypi\u0119cie do czapki. Dzi\u0119ki szybkoz\u0142\u0105czce proces monta\u017cu i demonta\u017cu kamery jest szybki i prosty, co umo\u017cliwia natychmiastow\u0105 zmian\u0119 perspektywy nagrywania. Takie rozwi\u0105zanie doskonale sprawdzi si\u0119 podczas aktywno\u015bci na \u015bwie\u017cym powietrzu, jak jazda na rowerze, w\u0119dkowanie czy wspinaczka, zapewniaj\u0105c immersyjne nagrania z perspektywy pierwszej osoby.<\/p>\n<p>\n<img decoding=\"async\" src=\"https:\/\/assets.innpro.pl\/8965\/10484\/5.jpg\" border=\"0\" \/>\n<\/p>\n<h3>Elastyczna i stabilna<\/h3>\n<p>Opaska wyposa\u017cona jest w wysokiej jako\u015bci elastyczny pasek z podw\u00f3jnymi klamrami, kt\u00f3re umo\u017cliwiaj\u0105 regulacj\u0119 obwodu w zakresie od 55 do 65 cm, co gwarantuje wygodne i pewne dopasowanie do r\u00f3\u017cnych rozmiar\u00f3w g\u0142owy.<\/p>\n<p>\n<img decoding=\"async\" src=\"https:\/\/assets.innpro.pl\/8965\/10484\/7.jpg\" border=\"0\" \/>\n<\/p>\n<h3>Komfort i bezpiecze\u0144stwo<\/h3>\n<p>Opaska jest wyposa\u017cona w powi\u0119kszon\u0105, przyjazn\u0105 dla sk\u00f3ry wy\u015bci\u00f3\u0142k\u0119 silikonow\u0105, kt\u00f3ra zapewnia wygod\u0119 noszenia nawet przez d\u0142u\u017cszy czas. Wbudowane podk\u0142adki antypo\u015blizgowe na klipsie do czapki oraz rowki u\u0142atwiaj\u0105 stabilne zamocowanie kamery, zapewniaj\u0105c pewny chwyt i ochron\u0119 przed przypadkowym upadkiem.<\/p>\n<p>\n<img decoding=\"async\" src=\"https:\/\/assets.innpro.pl\/8965\/10484\/3.jpg\" border=\"0\" \/>\n<\/p>\n<div class=\"table-wrapper\">\n<p>\u00a0<\/p>\n<h3><\/h3>\n<table>\n<tbody>\n<tr>\n<th>Producent<\/th>\n<td>Telesin<\/td>\n<\/tr>\n<tr>\n<th>Kod producenta<\/th>\n<td>QHM-001<\/td>\n<\/tr>\n<tr>\n<th>Obw\u00f3d G\u0142owy: <\/th>\n<td>55-65 cm<\/td>\n<\/tr>\n<tr>\n<th>Wysoko\u015b\u0107: <\/th>\n<td>12-16 cm<\/td>\n<\/tr>\n<tr>\n<th>Waga: <\/th>\n<td>95 g<\/td>\n<\/tr>\n<tr>\n<th>Materia\u0142:<\/th>\n<td>Korpus uchwytu i tylna p\u0142ytka opaski: PC + ABS Ta\u015bma elastyczna:  Akrylowe w\u0142\u00f3kno o wysokiej elastyczno\u015bci +  jedwab lateksowy<\/td>\n<\/tr>\n<\/tbody>\n<\/table>\n<\/div>\n","protected":false},"excerpt":{"rendered":"<p>Opaska na g\u0142ow\u0119 TELESIN z szybkoz\u0142\u0105czk\u0105 do kamer sportowych Opaska TELESIN to przydatne akcesorium do kamer sportowych, kt\u00f3re \u0142\u0105czy w<\/p>\n","protected":false},"featured_media":59282,"comment_status":"closed","ping_status":"open","template":"","meta":{"_acf_changed":false},"product_brand":[],"product_cat":[1128,6178,6176,6177,6181,1138],"product_tag":[],"class_list":{"0":"post-59281","1":"product","2":"type-product","3":"status-publish","4":"has-post-thumbnail","6":"product_cat-foto-wideo","7":"product_cat-mocowania","8":"product_cat-selfie-stiki","9":"product_cat-statywy-selfie-stiki","10":"product_cat-szelki-mocowania-i-uchwyty","11":"product_cat-wysiegniki","12":"pa_okres-gwarancji-5754","13":"pa_producent-telesin","15":"first","16":"outofstock","17":"taxable","18":"shipping-taxable","19":"purchasable","20":"product-type-simple"},"acf":[],"yoast_head":"<!-- This site is optimized with the Yoast SEO plugin v27.2 - https:\/\/yoast.com\/product\/yoast-seo-wordpress\/ -->\n<title>Opaska na g\u0142ow\u0119 TELESIN z szybkoz\u0142\u0105czk\u0105 do kamery - IRONSKY.PL Sklep z Dronami<\/title>\n<meta name=\"description\" content=\"Opaska na g\u0142ow\u0119 TELESIN z szybkoz\u0142\u0105czk\u0105 do kamery - \u2705 sklep z dronami i fachowym doradztwem. \u2705 Tutaj kupisz produkty DJI, Yuneec, Parrot, Syma i wiele innych, a tak\u017ce kursy i licencje na operatora drona.\" \/>\n<meta name=\"robots\" content=\"index, follow, max-snippet:-1, max-image-preview:large, max-video-preview:-1\" \/>\n<link rel=\"canonical\" href=\"https:\/\/ironsky.pl\/sklep\/produkt\/opaska-na-glowe-telesin-z-szybkozlaczka-do-kamery\/\" \/>\n<meta property=\"og:locale\" content=\"pl_PL\" \/>\n<meta property=\"og:type\" content=\"article\" \/>\n<meta property=\"og:title\" content=\"Opaska na g\u0142ow\u0119 TELESIN z szybkoz\u0142\u0105czk\u0105 do kamery - IRONSKY.PL Sklep z Dronami\" \/>\n<meta property=\"og:description\" content=\"Opaska na g\u0142ow\u0119 TELESIN z szybkoz\u0142\u0105czk\u0105 do kamery - \u2705 sklep z dronami i fachowym doradztwem. \u2705 Tutaj kupisz produkty DJI, Yuneec, Parrot, Syma i wiele innych, a tak\u017ce kursy i licencje na operatora drona.\" \/>\n<meta property=\"og:url\" content=\"https:\/\/ironsky.pl\/sklep\/produkt\/opaska-na-glowe-telesin-z-szybkozlaczka-do-kamery\/\" \/>\n<meta property=\"og:site_name\" content=\"IRONSKY.PL Sklep z Dronami\" \/>\n<meta property=\"article:modified_time\" content=\"2026-04-15T08:45:52+00:00\" \/>\n<meta property=\"og:image\" content=\"https:\/\/ironsky.pl\/sklep\/wp-content\/uploads\/2026\/04\/45923_1.jpg\" \/>\n\t<meta property=\"og:image:width\" content=\"800\" \/>\n\t<meta property=\"og:image:height\" content=\"800\" \/>\n\t<meta property=\"og:image:type\" content=\"image\/jpeg\" \/>\n<meta name=\"twitter:card\" content=\"summary_large_image\" \/>\n<meta name=\"twitter:label1\" content=\"Szacowany czas czytania\" \/>\n\t<meta name=\"twitter:data1\" content=\"1 minuta\" \/>\n<script type=\"application\/ld+json\" class=\"yoast-schema-graph\">{\"@context\":\"https:\/\/schema.org\",\"@graph\":[{\"@type\":\"WebPage\",\"@id\":\"https:\/\/ironsky.pl\/sklep\/produkt\/opaska-na-glowe-telesin-z-szybkozlaczka-do-kamery\/\",\"url\":\"https:\/\/ironsky.pl\/sklep\/produkt\/opaska-na-glowe-telesin-z-szybkozlaczka-do-kamery\/\",\"name\":\"Opaska na g\u0142ow\u0119 TELESIN z szybkoz\u0142\u0105czk\u0105 do kamery - IRONSKY.PL Sklep z Dronami\",\"isPartOf\":{\"@id\":\"https:\/\/ironsky.pl\/sklep\/#website\"},\"primaryImageOfPage\":{\"@id\":\"https:\/\/ironsky.pl\/sklep\/produkt\/opaska-na-glowe-telesin-z-szybkozlaczka-do-kamery\/#primaryimage\"},\"image\":{\"@id\":\"https:\/\/ironsky.pl\/sklep\/produkt\/opaska-na-glowe-telesin-z-szybkozlaczka-do-kamery\/#primaryimage\"},\"thumbnailUrl\":\"https:\/\/ironsky.pl\/sklep\/wp-content\/uploads\/2026\/04\/45923_1.jpg\",\"datePublished\":\"2026-04-15T08:45:29+00:00\",\"dateModified\":\"2026-04-15T08:45:52+00:00\",\"description\":\"Opaska na g\u0142ow\u0119 TELESIN z szybkoz\u0142\u0105czk\u0105 do kamery - \u2705 sklep z dronami i fachowym doradztwem. \u2705 Tutaj kupisz produkty DJI, Yuneec, Parrot, Syma i wiele innych, a tak\u017ce kursy i licencje na operatora drona.\",\"breadcrumb\":{\"@id\":\"https:\/\/ironsky.pl\/sklep\/produkt\/opaska-na-glowe-telesin-z-szybkozlaczka-do-kamery\/#breadcrumb\"},\"inLanguage\":\"pl-PL\",\"potentialAction\":[{\"@type\":\"ReadAction\",\"target\":[\"https:\/\/ironsky.pl\/sklep\/produkt\/opaska-na-glowe-telesin-z-szybkozlaczka-do-kamery\/\"]}]},{\"@type\":\"ImageObject\",\"inLanguage\":\"pl-PL\",\"@id\":\"https:\/\/ironsky.pl\/sklep\/produkt\/opaska-na-glowe-telesin-z-szybkozlaczka-do-kamery\/#primaryimage\",\"url\":\"https:\/\/ironsky.pl\/sklep\/wp-content\/uploads\/2026\/04\/45923_1.jpg\",\"contentUrl\":\"https:\/\/ironsky.pl\/sklep\/wp-content\/uploads\/2026\/04\/45923_1.jpg\",\"width\":800,\"height\":800},{\"@type\":\"BreadcrumbList\",\"@id\":\"https:\/\/ironsky.pl\/sklep\/produkt\/opaska-na-glowe-telesin-z-szybkozlaczka-do-kamery\/#breadcrumb\",\"itemListElement\":[{\"@type\":\"ListItem\",\"position\":1,\"name\":\"Strona g\u0142\u00f3wna\",\"item\":\"https:\/\/ironsky.pl\/sklep\/\"},{\"@type\":\"ListItem\",\"position\":2,\"name\":\"Wszystkie produkty\",\"item\":\"https:\/\/ironsky.pl\/sklep\/produkty\/\"},{\"@type\":\"ListItem\",\"position\":3,\"name\":\"Opaska na g\u0142ow\u0119 TELESIN z szybkoz\u0142\u0105czk\u0105 do kamery\"}]},{\"@type\":\"WebSite\",\"@id\":\"https:\/\/ironsky.pl\/sklep\/#website\",\"url\":\"https:\/\/ironsky.pl\/sklep\/\",\"name\":\"IRONSKY.PL Sklep z Dronami\",\"description\":\"IRONSKY.PL Sklep z Dronami\",\"potentialAction\":[{\"@type\":\"SearchAction\",\"target\":{\"@type\":\"EntryPoint\",\"urlTemplate\":\"https:\/\/ironsky.pl\/sklep\/?s={search_term_string}\"},\"query-input\":{\"@type\":\"PropertyValueSpecification\",\"valueRequired\":true,\"valueName\":\"search_term_string\"}}],\"inLanguage\":\"pl-PL\"}]}<\/script>\n<!-- \/ Yoast SEO plugin. -->","yoast_head_json":{"title":"Opaska na g\u0142ow\u0119 TELESIN z szybkoz\u0142\u0105czk\u0105 do kamery - IRONSKY.PL Sklep z Dronami","description":"Opaska na g\u0142ow\u0119 TELESIN z szybkoz\u0142\u0105czk\u0105 do kamery - \u2705 sklep z dronami i fachowym doradztwem. \u2705 Tutaj kupisz produkty DJI, Yuneec, Parrot, Syma i wiele innych, a tak\u017ce kursy i licencje na operatora drona.","robots":{"index":"index","follow":"follow","max-snippet":"max-snippet:-1","max-image-preview":"max-image-preview:large","max-video-preview":"max-video-preview:-1"},"canonical":"https:\/\/ironsky.pl\/sklep\/produkt\/opaska-na-glowe-telesin-z-szybkozlaczka-do-kamery\/","og_locale":"pl_PL","og_type":"article","og_title":"Opaska na g\u0142ow\u0119 TELESIN z szybkoz\u0142\u0105czk\u0105 do kamery - IRONSKY.PL Sklep z Dronami","og_description":"Opaska na g\u0142ow\u0119 TELESIN z szybkoz\u0142\u0105czk\u0105 do kamery - \u2705 sklep z dronami i fachowym doradztwem. \u2705 Tutaj kupisz produkty DJI, Yuneec, Parrot, Syma i wiele innych, a tak\u017ce kursy i licencje na operatora drona.","og_url":"https:\/\/ironsky.pl\/sklep\/produkt\/opaska-na-glowe-telesin-z-szybkozlaczka-do-kamery\/","og_site_name":"IRONSKY.PL Sklep z Dronami","article_modified_time":"2026-04-15T08:45:52+00:00","og_image":[{"width":800,"height":800,"url":"https:\/\/ironsky.pl\/sklep\/wp-content\/uploads\/2026\/04\/45923_1.jpg","type":"image\/jpeg"}],"twitter_card":"summary_large_image","twitter_misc":{"Szacowany czas czytania":"1 minuta"},"schema":{"@context":"https:\/\/schema.org","@graph":[{"@type":"WebPage","@id":"https:\/\/ironsky.pl\/sklep\/produkt\/opaska-na-glowe-telesin-z-szybkozlaczka-do-kamery\/","url":"https:\/\/ironsky.pl\/sklep\/produkt\/opaska-na-glowe-telesin-z-szybkozlaczka-do-kamery\/","name":"Opaska na g\u0142ow\u0119 TELESIN z szybkoz\u0142\u0105czk\u0105 do kamery - IRONSKY.PL Sklep z Dronami","isPartOf":{"@id":"https:\/\/ironsky.pl\/sklep\/#website"},"primaryImageOfPage":{"@id":"https:\/\/ironsky.pl\/sklep\/produkt\/opaska-na-glowe-telesin-z-szybkozlaczka-do-kamery\/#primaryimage"},"image":{"@id":"https:\/\/ironsky.pl\/sklep\/produkt\/opaska-na-glowe-telesin-z-szybkozlaczka-do-kamery\/#primaryimage"},"thumbnailUrl":"https:\/\/ironsky.pl\/sklep\/wp-content\/uploads\/2026\/04\/45923_1.jpg","datePublished":"2026-04-15T08:45:29+00:00","dateModified":"2026-04-15T08:45:52+00:00","description":"Opaska na g\u0142ow\u0119 TELESIN z szybkoz\u0142\u0105czk\u0105 do kamery - \u2705 sklep z dronami i fachowym doradztwem. \u2705 Tutaj kupisz produkty DJI, Yuneec, Parrot, Syma i wiele innych, a tak\u017ce kursy i licencje na operatora drona.","breadcrumb":{"@id":"https:\/\/ironsky.pl\/sklep\/produkt\/opaska-na-glowe-telesin-z-szybkozlaczka-do-kamery\/#breadcrumb"},"inLanguage":"pl-PL","potentialAction":[{"@type":"ReadAction","target":["https:\/\/ironsky.pl\/sklep\/produkt\/opaska-na-glowe-telesin-z-szybkozlaczka-do-kamery\/"]}]},{"@type":"ImageObject","inLanguage":"pl-PL","@id":"https:\/\/ironsky.pl\/sklep\/produkt\/opaska-na-glowe-telesin-z-szybkozlaczka-do-kamery\/#primaryimage","url":"https:\/\/ironsky.pl\/sklep\/wp-content\/uploads\/2026\/04\/45923_1.jpg","contentUrl":"https:\/\/ironsky.pl\/sklep\/wp-content\/uploads\/2026\/04\/45923_1.jpg","width":800,"height":800},{"@type":"BreadcrumbList","@id":"https:\/\/ironsky.pl\/sklep\/produkt\/opaska-na-glowe-telesin-z-szybkozlaczka-do-kamery\/#breadcrumb","itemListElement":[{"@type":"ListItem","position":1,"name":"Strona g\u0142\u00f3wna","item":"https:\/\/ironsky.pl\/sklep\/"},{"@type":"ListItem","position":2,"name":"Wszystkie produkty","item":"https:\/\/ironsky.pl\/sklep\/produkty\/"},{"@type":"ListItem","position":3,"name":"Opaska na g\u0142ow\u0119 TELESIN z szybkoz\u0142\u0105czk\u0105 do kamery"}]},{"@type":"WebSite","@id":"https:\/\/ironsky.pl\/sklep\/#website","url":"https:\/\/ironsky.pl\/sklep\/","name":"IRONSKY.PL Sklep z Dronami","description":"IRONSKY.PL Sklep z Dronami","potentialAction":[{"@type":"SearchAction","target":{"@type":"EntryPoint","urlTemplate":"https:\/\/ironsky.pl\/sklep\/?s={search_term_string}"},"query-input":{"@type":"PropertyValueSpecification","valueRequired":true,"valueName":"search_term_string"}}],"inLanguage":"pl-PL"}]}},"_links":{"self":[{"href":"https:\/\/ironsky.pl\/sklep\/wp-json\/wp\/v2\/product\/59281","targetHints":{"allow":["GET"]}}],"collection":[{"href":"https:\/\/ironsky.pl\/sklep\/wp-json\/wp\/v2\/product"}],"about":[{"href":"https:\/\/ironsky.pl\/sklep\/wp-json\/wp\/v2\/types\/product"}],"replies":[{"embeddable":true,"href":"https:\/\/ironsky.pl\/sklep\/wp-json\/wp\/v2\/comments?post=59281"}],"wp:featuredmedia":[{"embeddable":true,"href":"https:\/\/ironsky.pl\/sklep\/wp-json\/wp\/v2\/media\/59282"}],"wp:attachment":[{"href":"https:\/\/ironsky.pl\/sklep\/wp-json\/wp\/v2\/media?parent=59281"}],"wp:term":[{"taxonomy":"product_brand","embeddable":true,"href":"https:\/\/ironsky.pl\/sklep\/wp-json\/wp\/v2\/product_brand?post=59281"},{"taxonomy":"product_cat","embeddable":true,"href":"https:\/\/ironsky.pl\/sklep\/wp-json\/wp\/v2\/product_cat?post=59281"},{"taxonomy":"product_tag","embeddable":true,"href":"https:\/\/ironsky.pl\/sklep\/wp-json\/wp\/v2\/product_tag?post=59281"}],"curies":[{"name":"wp","href":"https:\/\/api.w.org\/{rel}","templated":true}]}}