{"id":59271,"date":"2026-04-15T10:45:29","date_gmt":"2026-04-15T08:45:29","guid":{"rendered":"https:\/\/ironsky.pl\/sklep\/produkt\/panel-fotowoltaiczny-ecoflow-100w-zestaw-2-szt-nozki\/"},"modified":"2026-04-15T10:45:47","modified_gmt":"2026-04-15T08:45:47","slug":"panel-fotowoltaiczny-ecoflow-100w-zestaw-2-szt-nozki","status":"publish","type":"product","link":"https:\/\/ironsky.pl\/sklep\/produkt\/panel-fotowoltaiczny-ecoflow-100w-zestaw-2-szt-nozki\/","title":{"rendered":"Panel fotowoltaiczny ECOFLOW 100W zestaw 2 szt + n\u00f3\u017cki"},"content":{"rendered":"<h3>Zestaw EcoFlow Panel fotowoltaiczny 100W sztywny (2 szt) + n\u00f3\u017cki monta\u017cowe (2 szt)<\/h3>\n<p>Zyskaj dost\u0119p do darmowej i ekologicznej energii elektrycznej. Panele fotowoltaiczne EcoFlow wyr\u00f3\u017cnia solidna, odporna na r\u00f3\u017cne warunki atmosferyczne konstrukcja. Zastosowanie nowoczesnych technologii wp\u0142ywa na wydajno\u015b\u0107 produktu, a kabel MC4 odpowiada za szybk\u0105 i wygodn\u0105 instalacj\u0119. W zestawie znajduj\u0105 si\u0119 r\u00f3wnie\u017c n\u00f3\u017cki monta\u017cowe, dzi\u0119ki kt\u00f3rym z \u0142atwo\u015bci\u0105 zamontujesz produkt w dowolnym miejscu.<\/p>\n<p><img decoding=\"async\" src=\"https:\/\/assets.innpro.pl\/8171\/9568\/8.jpg\" border=\"0\" alt=\"\"><\/p>\n<h3>Wydajno\u015b\u0107 i wytrzyma\u0142o\u015b\u0107<\/h3>\n<p>Produkt cechuje si\u0119 solidnym wykonaniem, dzi\u0119ki czemu jest odporny na uszkodzenia i d\u0142ugo Ci pos\u0142u\u017cy. Panele zosta\u0142y wyko\u0144czone przejrzyst\u0105 pow\u0142ok\u0105 szklan\u0105, natomiast ram\u0119 wykonano z odpornego na korozj\u0119 aluminium. Co wi\u0119cej, ogniwa monokrystaliczne odpowiadaj\u0105 za sprawno\u015b\u0107 konwersji do 23%.<\/p>\n<p><img decoding=\"async\" src=\"https:\/\/assets.innpro.pl\/8171\/9568\/9.jpg\" border=\"0\" alt=\"\"><\/p>\n<h3>Szybka i prosta instalacja<\/h3>\n<p>Monta\u017c paneli fotowoltaicznych EcoFlow nie sprawi Ci problemu. Dzi\u0119ki wywierconym otworom z \u0142atwo\u015bci\u0105 zamontujesz je na ziemi lub na dachu. Co wi\u0119cej, pod\u0142\u0105czony do ka\u017cdego z paneli kabel MC4 o d\u0142ugo\u015bci 1 m pomo\u017ce je zainstalowa\u0107.<\/p>\n<p><img decoding=\"async\" src=\"https:\/\/assets.innpro.pl\/8171\/9568\/4.jpg\" border=\"0\" alt=\"\"><\/p>\n<h3>W zestawie:<\/h3>\n<ul>\n<li>Panel fotowoltaiczny 100W sztywny x2<\/li>\n<li>N\u00f3\u017cki monta\u017cowe x2<\/li>\n<li>Uchwyt Z x4<\/li>\n<li>Podk\u0142adka M6 x4<\/li>\n<li>M6 podk\u0142adka dzielona x4<\/li>\n<li>M6 sze\u015bciok\u0105tna nakr\u0119tka ko\u0142nierzowa x4<\/li>\n<li>\u015aruba sze\u015bciok\u0105tna M6-16 x4<\/li>\n<li>Podk\u0142adka p\u0142aska M6 x4<\/li>\n<li>#11 \u015aruba samowierc\u0105ca i plastikowy pier\u015bcie\u0144 zabezpieczaj\u0105cy x8<\/li>\n<\/ul>\n<div class=\"table-wrapper\">\n<p>&nbsp;<\/p>\n<h3>Panel fotowoltaiczny 100W sztywny<\/h3>\n<table>\n<tbody>\n<tr>\n<th>Producent <\/th>\n<td>EcoFlow<\/td>\n<\/tr>\n<tr>\n<th>Nazwa <\/th>\n<td>Panel fotowoltaiczny EcoFlow 100W (sztywna konstrukcja)<\/td>\n<\/tr>\n<tr>\n<th>Moc znamionowa <\/th>\n<td>100 W<\/td>\n<\/tr>\n<tr>\n<th>Napi\u0119cie obwodu otwartego <\/th>\n<td>20,3 V<\/td>\n<\/tr>\n<tr>\n<th>Pr\u0105d zwarciowy <\/th>\n<td>6,3 A<\/td>\n<\/tr>\n<tr>\n<th>Maksymalne napi\u0119cie robocze <\/th>\n<td>17,1 V<\/td>\n<\/tr>\n<tr>\n<th>Maksymalne nat\u0119\u017cenie robocze <\/th>\n<td>5,9 A<\/td>\n<\/tr>\n<tr>\n<th>Maksymalne napi\u0119cie systemowe <\/th>\n<td>600 V DC (UL)<\/td>\n<\/tr>\n<tr>\n<th>Maksymalne nat\u0119\u017cenie bezpiecznika <\/th>\n<td>15 A<\/td>\n<\/tr>\n<tr>\n<th>Z\u0142\u0105cze <\/th>\n<td>MC4<\/td>\n<\/tr>\n<tr>\n<th>Sprawno\u015b\u0107 konwersji <\/th>\n<td>23%<\/td>\n<\/tr>\n<tr>\n<th>Wymiary <\/th>\n<td>98 x 58,6 x 3 cm<\/td>\n<\/tr>\n<tr>\n<th>Waga <\/th>\n<td>Ok. 6,2 kg<\/td>\n<\/tr>\n<tr>\n<th>Liczba sztuk w zestawie <\/th>\n<td>2<\/td>\n<\/tr>\n<\/tbody>\n<\/table>\n<p>&nbsp;<\/p>\n<h3>N\u00f3\u017cki monta\u017cowe do panelu Ecoflow<\/h3>\n<table>\n<tbody>\n<tr>\n<th>Producent <\/th>\n<td>EcoFlow<\/td>\n<\/tr>\n<tr>\n<th>Nazwa <\/th>\n<td>N\u00f3\u017cki monta\u017cowe do Panelu Ecoflow<\/td>\n<\/tr>\n<tr>\n<th>Pasuje do <\/th>\n<td>Panel Ecoflow 100 W (sztywna konstrukcja); Panel Ecoflow 400 W (sztywna konstrukcja)<\/td>\n<\/tr>\n<\/tbody>\n<\/table>\n<\/div>\n","protected":false},"excerpt":{"rendered":"<p>Zestaw EcoFlow Panel fotowoltaiczny 100W sztywny (2 szt) + n\u00f3\u017cki monta\u017cowe (2 szt) Zyskaj dost\u0119p do darmowej i ekologicznej energii<\/p>\n","protected":false},"featured_media":59272,"comment_status":"closed","ping_status":"open","template":"","meta":{"_acf_changed":false},"product_brand":[],"product_cat":[1108,6193,1110],"product_tag":[],"class_list":{"0":"post-59271","1":"product","2":"type-product","3":"status-publish","4":"has-post-thumbnail","6":"product_cat-energia","7":"product_cat-panele-fotowoltaiczne-panele-fotowoltaiczne","8":"product_cat-panele-fotowoltaiczne","9":"pa_producent-ecoflow","11":"first","12":"outofstock","13":"taxable","14":"shipping-taxable","15":"purchasable","16":"product-type-simple"},"acf":[],"yoast_head":"<!-- This site is optimized with the Yoast SEO plugin v27.2 - https:\/\/yoast.com\/product\/yoast-seo-wordpress\/ -->\n<title>Panel fotowoltaiczny ECOFLOW 100W zestaw 2 szt + n\u00f3\u017cki - IRONSKY.PL Sklep z Dronami<\/title>\n<meta name=\"description\" content=\"Panel fotowoltaiczny ECOFLOW 100W zestaw 2 szt + n\u00f3\u017cki - \u2705 sklep z dronami i fachowym doradztwem. \u2705 Tutaj kupisz produkty DJI, Yuneec, Parrot, Syma i wiele innych, a tak\u017ce kursy i licencje na operatora drona.\" \/>\n<meta name=\"robots\" content=\"index, follow, max-snippet:-1, max-image-preview:large, max-video-preview:-1\" \/>\n<link rel=\"canonical\" href=\"https:\/\/ironsky.pl\/sklep\/produkt\/panel-fotowoltaiczny-ecoflow-100w-zestaw-2-szt-nozki\/\" \/>\n<meta property=\"og:locale\" content=\"pl_PL\" \/>\n<meta property=\"og:type\" content=\"article\" \/>\n<meta property=\"og:title\" content=\"Panel fotowoltaiczny ECOFLOW 100W zestaw 2 szt + n\u00f3\u017cki - IRONSKY.PL Sklep z Dronami\" \/>\n<meta property=\"og:description\" content=\"Panel fotowoltaiczny ECOFLOW 100W zestaw 2 szt + n\u00f3\u017cki - \u2705 sklep z dronami i fachowym doradztwem. \u2705 Tutaj kupisz produkty DJI, Yuneec, Parrot, Syma i wiele innych, a tak\u017ce kursy i licencje na operatora drona.\" \/>\n<meta property=\"og:url\" content=\"https:\/\/ironsky.pl\/sklep\/produkt\/panel-fotowoltaiczny-ecoflow-100w-zestaw-2-szt-nozki\/\" \/>\n<meta property=\"og:site_name\" content=\"IRONSKY.PL Sklep z Dronami\" \/>\n<meta property=\"article:modified_time\" content=\"2026-04-15T08:45:47+00:00\" \/>\n<meta property=\"og:image\" content=\"https:\/\/ironsky.pl\/sklep\/wp-content\/uploads\/2026\/04\/45873_1.jpg\" \/>\n\t<meta property=\"og:image:width\" content=\"800\" \/>\n\t<meta property=\"og:image:height\" content=\"800\" \/>\n\t<meta property=\"og:image:type\" content=\"image\/jpeg\" \/>\n<meta name=\"twitter:card\" content=\"summary_large_image\" \/>\n<meta name=\"twitter:label1\" content=\"Szacowany czas czytania\" \/>\n\t<meta name=\"twitter:data1\" content=\"2 minuty\" \/>\n<script type=\"application\/ld+json\" class=\"yoast-schema-graph\">{\"@context\":\"https:\/\/schema.org\",\"@graph\":[{\"@type\":\"WebPage\",\"@id\":\"https:\/\/ironsky.pl\/sklep\/produkt\/panel-fotowoltaiczny-ecoflow-100w-zestaw-2-szt-nozki\/\",\"url\":\"https:\/\/ironsky.pl\/sklep\/produkt\/panel-fotowoltaiczny-ecoflow-100w-zestaw-2-szt-nozki\/\",\"name\":\"Panel fotowoltaiczny ECOFLOW 100W zestaw 2 szt + n\u00f3\u017cki - IRONSKY.PL Sklep z Dronami\",\"isPartOf\":{\"@id\":\"https:\/\/ironsky.pl\/sklep\/#website\"},\"primaryImageOfPage\":{\"@id\":\"https:\/\/ironsky.pl\/sklep\/produkt\/panel-fotowoltaiczny-ecoflow-100w-zestaw-2-szt-nozki\/#primaryimage\"},\"image\":{\"@id\":\"https:\/\/ironsky.pl\/sklep\/produkt\/panel-fotowoltaiczny-ecoflow-100w-zestaw-2-szt-nozki\/#primaryimage\"},\"thumbnailUrl\":\"https:\/\/ironsky.pl\/sklep\/wp-content\/uploads\/2026\/04\/45873_1.jpg\",\"datePublished\":\"2026-04-15T08:45:29+00:00\",\"dateModified\":\"2026-04-15T08:45:47+00:00\",\"description\":\"Panel fotowoltaiczny ECOFLOW 100W zestaw 2 szt + n\u00f3\u017cki - \u2705 sklep z dronami i fachowym doradztwem. \u2705 Tutaj kupisz produkty DJI, Yuneec, Parrot, Syma i wiele innych, a tak\u017ce kursy i licencje na operatora drona.\",\"breadcrumb\":{\"@id\":\"https:\/\/ironsky.pl\/sklep\/produkt\/panel-fotowoltaiczny-ecoflow-100w-zestaw-2-szt-nozki\/#breadcrumb\"},\"inLanguage\":\"pl-PL\",\"potentialAction\":[{\"@type\":\"ReadAction\",\"target\":[\"https:\/\/ironsky.pl\/sklep\/produkt\/panel-fotowoltaiczny-ecoflow-100w-zestaw-2-szt-nozki\/\"]}]},{\"@type\":\"ImageObject\",\"inLanguage\":\"pl-PL\",\"@id\":\"https:\/\/ironsky.pl\/sklep\/produkt\/panel-fotowoltaiczny-ecoflow-100w-zestaw-2-szt-nozki\/#primaryimage\",\"url\":\"https:\/\/ironsky.pl\/sklep\/wp-content\/uploads\/2026\/04\/45873_1.jpg\",\"contentUrl\":\"https:\/\/ironsky.pl\/sklep\/wp-content\/uploads\/2026\/04\/45873_1.jpg\",\"width\":800,\"height\":800},{\"@type\":\"BreadcrumbList\",\"@id\":\"https:\/\/ironsky.pl\/sklep\/produkt\/panel-fotowoltaiczny-ecoflow-100w-zestaw-2-szt-nozki\/#breadcrumb\",\"itemListElement\":[{\"@type\":\"ListItem\",\"position\":1,\"name\":\"Strona g\u0142\u00f3wna\",\"item\":\"https:\/\/ironsky.pl\/sklep\/\"},{\"@type\":\"ListItem\",\"position\":2,\"name\":\"Wszystkie produkty\",\"item\":\"https:\/\/ironsky.pl\/sklep\/produkty\/\"},{\"@type\":\"ListItem\",\"position\":3,\"name\":\"Panel fotowoltaiczny ECOFLOW 100W zestaw 2 szt + n\u00f3\u017cki\"}]},{\"@type\":\"WebSite\",\"@id\":\"https:\/\/ironsky.pl\/sklep\/#website\",\"url\":\"https:\/\/ironsky.pl\/sklep\/\",\"name\":\"IRONSKY.PL Sklep z Dronami\",\"description\":\"IRONSKY.PL Sklep z Dronami\",\"potentialAction\":[{\"@type\":\"SearchAction\",\"target\":{\"@type\":\"EntryPoint\",\"urlTemplate\":\"https:\/\/ironsky.pl\/sklep\/?s={search_term_string}\"},\"query-input\":{\"@type\":\"PropertyValueSpecification\",\"valueRequired\":true,\"valueName\":\"search_term_string\"}}],\"inLanguage\":\"pl-PL\"}]}<\/script>\n<!-- \/ Yoast SEO plugin. -->","yoast_head_json":{"title":"Panel fotowoltaiczny ECOFLOW 100W zestaw 2 szt + n\u00f3\u017cki - IRONSKY.PL Sklep z Dronami","description":"Panel fotowoltaiczny ECOFLOW 100W zestaw 2 szt + n\u00f3\u017cki - \u2705 sklep z dronami i fachowym doradztwem. \u2705 Tutaj kupisz produkty DJI, Yuneec, Parrot, Syma i wiele innych, a tak\u017ce kursy i licencje na operatora drona.","robots":{"index":"index","follow":"follow","max-snippet":"max-snippet:-1","max-image-preview":"max-image-preview:large","max-video-preview":"max-video-preview:-1"},"canonical":"https:\/\/ironsky.pl\/sklep\/produkt\/panel-fotowoltaiczny-ecoflow-100w-zestaw-2-szt-nozki\/","og_locale":"pl_PL","og_type":"article","og_title":"Panel fotowoltaiczny ECOFLOW 100W zestaw 2 szt + n\u00f3\u017cki - IRONSKY.PL Sklep z Dronami","og_description":"Panel fotowoltaiczny ECOFLOW 100W zestaw 2 szt + n\u00f3\u017cki - \u2705 sklep z dronami i fachowym doradztwem. \u2705 Tutaj kupisz produkty DJI, Yuneec, Parrot, Syma i wiele innych, a tak\u017ce kursy i licencje na operatora drona.","og_url":"https:\/\/ironsky.pl\/sklep\/produkt\/panel-fotowoltaiczny-ecoflow-100w-zestaw-2-szt-nozki\/","og_site_name":"IRONSKY.PL Sklep z Dronami","article_modified_time":"2026-04-15T08:45:47+00:00","og_image":[{"width":800,"height":800,"url":"https:\/\/ironsky.pl\/sklep\/wp-content\/uploads\/2026\/04\/45873_1.jpg","type":"image\/jpeg"}],"twitter_card":"summary_large_image","twitter_misc":{"Szacowany czas czytania":"2 minuty"},"schema":{"@context":"https:\/\/schema.org","@graph":[{"@type":"WebPage","@id":"https:\/\/ironsky.pl\/sklep\/produkt\/panel-fotowoltaiczny-ecoflow-100w-zestaw-2-szt-nozki\/","url":"https:\/\/ironsky.pl\/sklep\/produkt\/panel-fotowoltaiczny-ecoflow-100w-zestaw-2-szt-nozki\/","name":"Panel fotowoltaiczny ECOFLOW 100W zestaw 2 szt + n\u00f3\u017cki - IRONSKY.PL Sklep z Dronami","isPartOf":{"@id":"https:\/\/ironsky.pl\/sklep\/#website"},"primaryImageOfPage":{"@id":"https:\/\/ironsky.pl\/sklep\/produkt\/panel-fotowoltaiczny-ecoflow-100w-zestaw-2-szt-nozki\/#primaryimage"},"image":{"@id":"https:\/\/ironsky.pl\/sklep\/produkt\/panel-fotowoltaiczny-ecoflow-100w-zestaw-2-szt-nozki\/#primaryimage"},"thumbnailUrl":"https:\/\/ironsky.pl\/sklep\/wp-content\/uploads\/2026\/04\/45873_1.jpg","datePublished":"2026-04-15T08:45:29+00:00","dateModified":"2026-04-15T08:45:47+00:00","description":"Panel fotowoltaiczny ECOFLOW 100W zestaw 2 szt + n\u00f3\u017cki - \u2705 sklep z dronami i fachowym doradztwem. \u2705 Tutaj kupisz produkty DJI, Yuneec, Parrot, Syma i wiele innych, a tak\u017ce kursy i licencje na operatora drona.","breadcrumb":{"@id":"https:\/\/ironsky.pl\/sklep\/produkt\/panel-fotowoltaiczny-ecoflow-100w-zestaw-2-szt-nozki\/#breadcrumb"},"inLanguage":"pl-PL","potentialAction":[{"@type":"ReadAction","target":["https:\/\/ironsky.pl\/sklep\/produkt\/panel-fotowoltaiczny-ecoflow-100w-zestaw-2-szt-nozki\/"]}]},{"@type":"ImageObject","inLanguage":"pl-PL","@id":"https:\/\/ironsky.pl\/sklep\/produkt\/panel-fotowoltaiczny-ecoflow-100w-zestaw-2-szt-nozki\/#primaryimage","url":"https:\/\/ironsky.pl\/sklep\/wp-content\/uploads\/2026\/04\/45873_1.jpg","contentUrl":"https:\/\/ironsky.pl\/sklep\/wp-content\/uploads\/2026\/04\/45873_1.jpg","width":800,"height":800},{"@type":"BreadcrumbList","@id":"https:\/\/ironsky.pl\/sklep\/produkt\/panel-fotowoltaiczny-ecoflow-100w-zestaw-2-szt-nozki\/#breadcrumb","itemListElement":[{"@type":"ListItem","position":1,"name":"Strona g\u0142\u00f3wna","item":"https:\/\/ironsky.pl\/sklep\/"},{"@type":"ListItem","position":2,"name":"Wszystkie produkty","item":"https:\/\/ironsky.pl\/sklep\/produkty\/"},{"@type":"ListItem","position":3,"name":"Panel fotowoltaiczny ECOFLOW 100W zestaw 2 szt + n\u00f3\u017cki"}]},{"@type":"WebSite","@id":"https:\/\/ironsky.pl\/sklep\/#website","url":"https:\/\/ironsky.pl\/sklep\/","name":"IRONSKY.PL Sklep z Dronami","description":"IRONSKY.PL Sklep z Dronami","potentialAction":[{"@type":"SearchAction","target":{"@type":"EntryPoint","urlTemplate":"https:\/\/ironsky.pl\/sklep\/?s={search_term_string}"},"query-input":{"@type":"PropertyValueSpecification","valueRequired":true,"valueName":"search_term_string"}}],"inLanguage":"pl-PL"}]}},"_links":{"self":[{"href":"https:\/\/ironsky.pl\/sklep\/wp-json\/wp\/v2\/product\/59271","targetHints":{"allow":["GET"]}}],"collection":[{"href":"https:\/\/ironsky.pl\/sklep\/wp-json\/wp\/v2\/product"}],"about":[{"href":"https:\/\/ironsky.pl\/sklep\/wp-json\/wp\/v2\/types\/product"}],"replies":[{"embeddable":true,"href":"https:\/\/ironsky.pl\/sklep\/wp-json\/wp\/v2\/comments?post=59271"}],"wp:featuredmedia":[{"embeddable":true,"href":"https:\/\/ironsky.pl\/sklep\/wp-json\/wp\/v2\/media\/59272"}],"wp:attachment":[{"href":"https:\/\/ironsky.pl\/sklep\/wp-json\/wp\/v2\/media?parent=59271"}],"wp:term":[{"taxonomy":"product_brand","embeddable":true,"href":"https:\/\/ironsky.pl\/sklep\/wp-json\/wp\/v2\/product_brand?post=59271"},{"taxonomy":"product_cat","embeddable":true,"href":"https:\/\/ironsky.pl\/sklep\/wp-json\/wp\/v2\/product_cat?post=59271"},{"taxonomy":"product_tag","embeddable":true,"href":"https:\/\/ironsky.pl\/sklep\/wp-json\/wp\/v2\/product_tag?post=59271"}],"curies":[{"name":"wp","href":"https:\/\/api.w.org\/{rel}","templated":true}]}}