{"id":59260,"date":"2026-04-15T10:45:29","date_gmt":"2026-04-15T08:45:29","guid":{"rendered":"https:\/\/ironsky.pl\/sklep\/produkt\/hub-orico-7-portowy-czarny\/"},"modified":"2026-04-15T10:45:34","modified_gmt":"2026-04-15T08:45:34","slug":"hub-orico-7-portowy-czarny","status":"publish","type":"product","link":"https:\/\/ironsky.pl\/sklep\/produkt\/hub-orico-7-portowy-czarny\/","title":{"rendered":"Hub ORICO 7-portowy (czarny)"},"content":{"rendered":"<h3>Adapter Hub Orico 7xUSB 3.0 (czarny) <\/h3>\n<p>Zyskaj a\u017c 7 dodatkowych port\u00f3w USB 3.0 i u\u0142atw sobie \u017cycie. Praktyczny hub marki Orico umo\u017cliwia transfer danych z pr\u0119dko\u015bci\u0105 do 5 Gbps i jest kompatybilny z wieloma r\u00f3\u017cnymi urz\u0105dzeniami. Za niezawodn\u0105 prac\u0119 produktu odpowiadaj\u0105 2-rdzeniowy chip VIA oraz \u017ar\u00f3d\u0142o zasilania 12 V. Od\u0142\u0105czany kabel USB zapewnia wi\u0119ksz\u0105 swobod\u0119 u\u017cytkowania produktu, a wbudowane wska\u017aniki LED informuj\u0105 o jego statusie.<\/p>\n<p>\n<img decoding=\"async\" src=\"https:\/\/assets.innpro.pl\/8267\/9670\/8.jpg\" border=\"0\" \/>\n<\/p>\n<h3><strong>Szeroka kompatybilno\u015b\u0107 &#8211; mn\u00f3stwo mo\u017cliwo\u015bci<\/strong><\/h3>\n<p>Tw\u00f3j komputer lub laptop ma za ma\u0142o port\u00f3w USB? Funkcjonalny hub marki Orico b\u0119dzie dla Ciebie idealnym rozwi\u0105zaniem! Produkt wyr\u00f3\u017cnia szeroka kompatybilno\u015b\u0107 &#8211; z powodzeniem pod\u0142\u0105czysz do niego mi\u0119dzy innymi klawiatur\u0119, telefon, mysz, dysk przeno\u015bny, aparat, kamer\u0119 internetow\u0105, a nawet drukark\u0119. Zwi\u0119ksz swoje mo\u017cliwo\u015bci i ciesz si\u0119 wygodn\u0105, efektywn\u0105 prac\u0105!<\/p>\n<p>\n<img decoding=\"async\" src=\"https:\/\/assets.innpro.pl\/8267\/9670\/5.jpg\" border=\"0\" \/>\n<\/p>\n<h3><strong>Przesy\u0142aj wszystkie potrzebne pliki w mgnieniu oka<\/strong><\/h3>\n<p>Irytuje Ci\u0119 zbyt d\u0142ugie oczekiwanie na skopiowanie Twoich plik\u00f3w? Z hubem Orico podobne problemy zostan\u0105 tylko przykrym wspomnieniem! Ka\u017cdy z 7 port\u00f3w USB 3.0 urz\u0105dzenia umo\u017cliwia przesy\u0142anie zdj\u0119\u0107, film\u00f3w czy dokument\u00f3w z pr\u0119dko\u015bci\u0105 si\u0119gaj\u0105c\u0105 5 Gbps. To a\u017c 10 razy szybciej ni\u017c w wypadku interfejsu poprzedniej generacji USB 2.0! Teraz mo\u017cesz cieszy\u0107 si\u0119 szybko\u015bci\u0105 odczytu danych do 80-130 MB\/s i zapisu do 100 MB\/s.<\/p>\n<p>\n<img decoding=\"async\" src=\"https:\/\/assets.innpro.pl\/8267\/9670\/7.jpg\" border=\"0\" \/>\n<\/p>\n<h3><strong>Zaawansowany chip VIA<\/strong><\/h3>\n<p>Co sprawia, \u017ce hub zachwyca niezawodnym dzia\u0142aniem? Wysokiej klasy 2-rdzeniowy chip VIA! To w\u0142a\u015bnie dzi\u0119ki niemu ka\u017cdy port USB 3.0 mo\u017ce zapewnia\u0107 pr\u0119dko\u015b\u0107 transmisji do 5 Gbps. Wieloletnie do\u015bwiadczenie Orico zwi\u0105zane z prac\u0105 nad uk\u0142adami PCB zaowocowa\u0142o stworzeniem hubu, kt\u00f3ry spe\u0142ni oczekiwania nawet najbardziej wymagaj\u0105cych u\u017cytkownik\u00f3w.<\/p>\n<p>\n<img decoding=\"async\" src=\"https:\/\/assets.innpro.pl\/8267\/9670\/4.jpg\" border=\"0\" \/>\n<\/p>\n<h3><strong>Adapter zasilania dla niezawodnego dzia\u0142ania<\/strong><\/h3>\n<p>Stosowanie hub\u00f3w, kt\u00f3re nie maj\u0105 wbudowanego \u017ar\u00f3d\u0142a energii, mo\u017ce skutkowa\u0107 nawet uszkodzeniem dysku twardego. Aby skutecznie zapobiega\u0107 podobnym zagro\u017ceniom, produkt marki Orico zosta\u0142 wyposa\u017cony w zasilanie 12 V. Dzi\u0119ki temu pod\u0142\u0105czone do niego urz\u0105dzenia mog\u0105 zawsze dzia\u0142a\u0107 bezpiecznie i stabilnie &#8211; nawet przy pe\u0142nym obci\u0105\u017ceniu.<\/p>\n<p>\n<img decoding=\"async\" src=\"https:\/\/assets.innpro.pl\/8267\/9670\/6.jpg\" border=\"0\" \/>\n<\/p>\n<h3><strong>Od\u0142\u0105czany kabel &#8211; swoboda u\u017cytkowania<\/strong><\/h3>\n<p>Ciesz si\u0119 swobod\u0105 i komfortem u\u017cytkowania. Hub zosta\u0142 wyposa\u017cony w 1-metrowy od\u0142\u0105czany kabel USB, za pomoc\u0105 kt\u00f3rego wygodnie pod\u0142\u0105czysz go do komputera. \u0141atwy w u\u017cyciu, przechowywaniu i transporcie, a zarazem niezwykle wytrzyma\u0142y &#8211; sprawdzi si\u0119 w wielu zastosowaniach i z pewno\u015bci\u0105 Ci\u0119 nie zawiedzie.<\/p>\n<p>\n<img decoding=\"async\" src=\"https:\/\/assets.innpro.pl\/8267\/9670\/2.jpg\" border=\"0\" \/>\n<\/p>\n<h3><strong>Praktyczne wska\u017aniki LED<\/strong><\/h3>\n<p>Ka\u017cdy port USB ma niezale\u017cny wska\u017anik LED, kt\u00f3ry dostarczy Ci informacji o jego statusie. Delikatne, niebieskie \u015bwiat\u0142o nie razi w oczy ani nie przeszkadza w pracy czy odpoczynku. Kiedy jest w\u0142\u0105czone, oznacza to, \u017ce okre\u015blone urz\u0105dzenie zosta\u0142o prawid\u0142owo pod\u0142\u0105czone i dzia\u0142a poprawnie.<\/p>\n<p>\n<img decoding=\"async\" src=\"https:\/\/assets.innpro.pl\/8267\/9670\/1.jpg\" border=\"0\" \/>\n<\/p>\n<div class=\"table-wrapper\">\n<p>\u00a0<\/p>\n<h3><\/h3>\n<table>\n<tbody>\n<tr>\n<th>Producent <\/th>\n<td>Orico<\/td>\n<\/tr>\n<tr>\n<th>Model<\/th>\n<td>H7928-U3-V1-EU-BK-BP<\/td>\n<\/tr>\n<tr>\n<th>Liczba port\u00f3w USB <\/th>\n<td>7<\/td>\n<\/tr>\n<tr>\n<th>Interfejs <\/th>\n<td>USB 3.0<\/td>\n<\/tr>\n<tr>\n<th>\u0179r\u00f3d\u0142o zasilania <\/th>\n<td>Adapter 12 V 2 A<\/td>\n<\/tr>\n<tr>\n<th>Kabel danych <\/th>\n<td>1 m USB 3.0<\/td>\n<\/tr>\n<tr>\n<th>Wymiary <\/th>\n<td>174 x 72 x 26,5 mm<\/td>\n<\/tr>\n<tr>\n<th>Sterownik <\/th>\n<td>Sterownik nie jest wymagany<\/td>\n<\/tr>\n<tr>\n<th>Obs\u0142ugiwane systemy <\/th>\n<td>Windows XP\/Vista\/7\/8\/8.1\/10, Mac OS, Linux<\/td>\n<\/tr>\n<\/tbody>\n<\/table>\n<\/div>\n","protected":false},"excerpt":{"rendered":"<p>Adapter Hub Orico 7xUSB 3.0 (czarny) Zyskaj a\u017c 7 dodatkowych port\u00f3w USB 3.0 i u\u0142atw sobie \u017cycie. Praktyczny hub marki<\/p>\n","protected":false},"featured_media":45668,"comment_status":"closed","ping_status":"open","template":"","meta":{"_acf_changed":false},"product_brand":[],"product_cat":[5929,5934],"product_tag":[],"class_list":{"0":"post-59260","1":"product","2":"type-product","3":"status-publish","4":"has-post-thumbnail","6":"product_cat-akcesoria-it","7":"product_cat-huby","8":"pa_okres-gwarancji-5754","9":"pa_producent-orico","11":"first","12":"outofstock","13":"taxable","14":"shipping-taxable","15":"purchasable","16":"product-type-simple"},"acf":[],"yoast_head":"<!-- This site is optimized with the Yoast SEO plugin v27.2 - https:\/\/yoast.com\/product\/yoast-seo-wordpress\/ -->\n<title>Hub ORICO 7-portowy (czarny) - IRONSKY.PL Sklep z Dronami<\/title>\n<meta name=\"description\" content=\"Hub ORICO 7-portowy (czarny) - \u2705 sklep z dronami i fachowym doradztwem. \u2705 Tutaj kupisz produkty DJI, Yuneec, Parrot, Syma i wiele innych, a tak\u017ce kursy i licencje na operatora drona.\" \/>\n<meta name=\"robots\" content=\"index, follow, max-snippet:-1, max-image-preview:large, max-video-preview:-1\" \/>\n<link rel=\"canonical\" href=\"https:\/\/ironsky.pl\/sklep\/produkt\/hub-orico-7-portowy-czarny\/\" \/>\n<meta property=\"og:locale\" content=\"pl_PL\" \/>\n<meta property=\"og:type\" content=\"article\" \/>\n<meta property=\"og:title\" content=\"Hub ORICO 7-portowy (czarny) - IRONSKY.PL Sklep z Dronami\" \/>\n<meta property=\"og:description\" content=\"Hub ORICO 7-portowy (czarny) - \u2705 sklep z dronami i fachowym doradztwem. \u2705 Tutaj kupisz produkty DJI, Yuneec, Parrot, Syma i wiele innych, a tak\u017ce kursy i licencje na operatora drona.\" \/>\n<meta property=\"og:url\" content=\"https:\/\/ironsky.pl\/sklep\/produkt\/hub-orico-7-portowy-czarny\/\" \/>\n<meta property=\"og:site_name\" content=\"IRONSKY.PL Sklep z Dronami\" \/>\n<meta property=\"article:modified_time\" content=\"2026-04-15T08:45:34+00:00\" \/>\n<meta property=\"og:image\" content=\"https:\/\/ironsky.pl\/sklep\/wp-content\/uploads\/2025\/06\/45728_1.jpg\" \/>\n\t<meta property=\"og:image:width\" content=\"800\" \/>\n\t<meta property=\"og:image:height\" content=\"800\" \/>\n\t<meta property=\"og:image:type\" content=\"image\/jpeg\" \/>\n<meta name=\"twitter:card\" content=\"summary_large_image\" \/>\n<meta name=\"twitter:label1\" content=\"Szacowany czas czytania\" \/>\n\t<meta name=\"twitter:data1\" content=\"3 minuty\" \/>\n<script type=\"application\/ld+json\" class=\"yoast-schema-graph\">{\"@context\":\"https:\/\/schema.org\",\"@graph\":[{\"@type\":\"WebPage\",\"@id\":\"https:\/\/ironsky.pl\/sklep\/produkt\/hub-orico-7-portowy-czarny\/\",\"url\":\"https:\/\/ironsky.pl\/sklep\/produkt\/hub-orico-7-portowy-czarny\/\",\"name\":\"Hub ORICO 7-portowy (czarny) - IRONSKY.PL Sklep z Dronami\",\"isPartOf\":{\"@id\":\"https:\/\/ironsky.pl\/sklep\/#website\"},\"primaryImageOfPage\":{\"@id\":\"https:\/\/ironsky.pl\/sklep\/produkt\/hub-orico-7-portowy-czarny\/#primaryimage\"},\"image\":{\"@id\":\"https:\/\/ironsky.pl\/sklep\/produkt\/hub-orico-7-portowy-czarny\/#primaryimage\"},\"thumbnailUrl\":\"https:\/\/ironsky.pl\/sklep\/wp-content\/uploads\/2025\/06\/45728_1.jpg\",\"datePublished\":\"2026-04-15T08:45:29+00:00\",\"dateModified\":\"2026-04-15T08:45:34+00:00\",\"description\":\"Hub ORICO 7-portowy (czarny) - \u2705 sklep z dronami i fachowym doradztwem. \u2705 Tutaj kupisz produkty DJI, Yuneec, Parrot, Syma i wiele innych, a tak\u017ce kursy i licencje na operatora drona.\",\"breadcrumb\":{\"@id\":\"https:\/\/ironsky.pl\/sklep\/produkt\/hub-orico-7-portowy-czarny\/#breadcrumb\"},\"inLanguage\":\"pl-PL\",\"potentialAction\":[{\"@type\":\"ReadAction\",\"target\":[\"https:\/\/ironsky.pl\/sklep\/produkt\/hub-orico-7-portowy-czarny\/\"]}]},{\"@type\":\"ImageObject\",\"inLanguage\":\"pl-PL\",\"@id\":\"https:\/\/ironsky.pl\/sklep\/produkt\/hub-orico-7-portowy-czarny\/#primaryimage\",\"url\":\"https:\/\/ironsky.pl\/sklep\/wp-content\/uploads\/2025\/06\/45728_1.jpg\",\"contentUrl\":\"https:\/\/ironsky.pl\/sklep\/wp-content\/uploads\/2025\/06\/45728_1.jpg\",\"width\":800,\"height\":800},{\"@type\":\"BreadcrumbList\",\"@id\":\"https:\/\/ironsky.pl\/sklep\/produkt\/hub-orico-7-portowy-czarny\/#breadcrumb\",\"itemListElement\":[{\"@type\":\"ListItem\",\"position\":1,\"name\":\"Strona g\u0142\u00f3wna\",\"item\":\"https:\/\/ironsky.pl\/sklep\/\"},{\"@type\":\"ListItem\",\"position\":2,\"name\":\"Wszystkie produkty\",\"item\":\"https:\/\/ironsky.pl\/sklep\/produkty\/\"},{\"@type\":\"ListItem\",\"position\":3,\"name\":\"Hub ORICO 7-portowy (czarny)\"}]},{\"@type\":\"WebSite\",\"@id\":\"https:\/\/ironsky.pl\/sklep\/#website\",\"url\":\"https:\/\/ironsky.pl\/sklep\/\",\"name\":\"IRONSKY.PL Sklep z Dronami\",\"description\":\"IRONSKY.PL Sklep z Dronami\",\"potentialAction\":[{\"@type\":\"SearchAction\",\"target\":{\"@type\":\"EntryPoint\",\"urlTemplate\":\"https:\/\/ironsky.pl\/sklep\/?s={search_term_string}\"},\"query-input\":{\"@type\":\"PropertyValueSpecification\",\"valueRequired\":true,\"valueName\":\"search_term_string\"}}],\"inLanguage\":\"pl-PL\"}]}<\/script>\n<!-- \/ Yoast SEO plugin. -->","yoast_head_json":{"title":"Hub ORICO 7-portowy (czarny) - IRONSKY.PL Sklep z Dronami","description":"Hub ORICO 7-portowy (czarny) - \u2705 sklep z dronami i fachowym doradztwem. \u2705 Tutaj kupisz produkty DJI, Yuneec, Parrot, Syma i wiele innych, a tak\u017ce kursy i licencje na operatora drona.","robots":{"index":"index","follow":"follow","max-snippet":"max-snippet:-1","max-image-preview":"max-image-preview:large","max-video-preview":"max-video-preview:-1"},"canonical":"https:\/\/ironsky.pl\/sklep\/produkt\/hub-orico-7-portowy-czarny\/","og_locale":"pl_PL","og_type":"article","og_title":"Hub ORICO 7-portowy (czarny) - IRONSKY.PL Sklep z Dronami","og_description":"Hub ORICO 7-portowy (czarny) - \u2705 sklep z dronami i fachowym doradztwem. \u2705 Tutaj kupisz produkty DJI, Yuneec, Parrot, Syma i wiele innych, a tak\u017ce kursy i licencje na operatora drona.","og_url":"https:\/\/ironsky.pl\/sklep\/produkt\/hub-orico-7-portowy-czarny\/","og_site_name":"IRONSKY.PL Sklep z Dronami","article_modified_time":"2026-04-15T08:45:34+00:00","og_image":[{"width":800,"height":800,"url":"https:\/\/ironsky.pl\/sklep\/wp-content\/uploads\/2025\/06\/45728_1.jpg","type":"image\/jpeg"}],"twitter_card":"summary_large_image","twitter_misc":{"Szacowany czas czytania":"3 minuty"},"schema":{"@context":"https:\/\/schema.org","@graph":[{"@type":"WebPage","@id":"https:\/\/ironsky.pl\/sklep\/produkt\/hub-orico-7-portowy-czarny\/","url":"https:\/\/ironsky.pl\/sklep\/produkt\/hub-orico-7-portowy-czarny\/","name":"Hub ORICO 7-portowy (czarny) - IRONSKY.PL Sklep z Dronami","isPartOf":{"@id":"https:\/\/ironsky.pl\/sklep\/#website"},"primaryImageOfPage":{"@id":"https:\/\/ironsky.pl\/sklep\/produkt\/hub-orico-7-portowy-czarny\/#primaryimage"},"image":{"@id":"https:\/\/ironsky.pl\/sklep\/produkt\/hub-orico-7-portowy-czarny\/#primaryimage"},"thumbnailUrl":"https:\/\/ironsky.pl\/sklep\/wp-content\/uploads\/2025\/06\/45728_1.jpg","datePublished":"2026-04-15T08:45:29+00:00","dateModified":"2026-04-15T08:45:34+00:00","description":"Hub ORICO 7-portowy (czarny) - \u2705 sklep z dronami i fachowym doradztwem. \u2705 Tutaj kupisz produkty DJI, Yuneec, Parrot, Syma i wiele innych, a tak\u017ce kursy i licencje na operatora drona.","breadcrumb":{"@id":"https:\/\/ironsky.pl\/sklep\/produkt\/hub-orico-7-portowy-czarny\/#breadcrumb"},"inLanguage":"pl-PL","potentialAction":[{"@type":"ReadAction","target":["https:\/\/ironsky.pl\/sklep\/produkt\/hub-orico-7-portowy-czarny\/"]}]},{"@type":"ImageObject","inLanguage":"pl-PL","@id":"https:\/\/ironsky.pl\/sklep\/produkt\/hub-orico-7-portowy-czarny\/#primaryimage","url":"https:\/\/ironsky.pl\/sklep\/wp-content\/uploads\/2025\/06\/45728_1.jpg","contentUrl":"https:\/\/ironsky.pl\/sklep\/wp-content\/uploads\/2025\/06\/45728_1.jpg","width":800,"height":800},{"@type":"BreadcrumbList","@id":"https:\/\/ironsky.pl\/sklep\/produkt\/hub-orico-7-portowy-czarny\/#breadcrumb","itemListElement":[{"@type":"ListItem","position":1,"name":"Strona g\u0142\u00f3wna","item":"https:\/\/ironsky.pl\/sklep\/"},{"@type":"ListItem","position":2,"name":"Wszystkie produkty","item":"https:\/\/ironsky.pl\/sklep\/produkty\/"},{"@type":"ListItem","position":3,"name":"Hub ORICO 7-portowy (czarny)"}]},{"@type":"WebSite","@id":"https:\/\/ironsky.pl\/sklep\/#website","url":"https:\/\/ironsky.pl\/sklep\/","name":"IRONSKY.PL Sklep z Dronami","description":"IRONSKY.PL Sklep z Dronami","potentialAction":[{"@type":"SearchAction","target":{"@type":"EntryPoint","urlTemplate":"https:\/\/ironsky.pl\/sklep\/?s={search_term_string}"},"query-input":{"@type":"PropertyValueSpecification","valueRequired":true,"valueName":"search_term_string"}}],"inLanguage":"pl-PL"}]}},"_links":{"self":[{"href":"https:\/\/ironsky.pl\/sklep\/wp-json\/wp\/v2\/product\/59260","targetHints":{"allow":["GET"]}}],"collection":[{"href":"https:\/\/ironsky.pl\/sklep\/wp-json\/wp\/v2\/product"}],"about":[{"href":"https:\/\/ironsky.pl\/sklep\/wp-json\/wp\/v2\/types\/product"}],"replies":[{"embeddable":true,"href":"https:\/\/ironsky.pl\/sklep\/wp-json\/wp\/v2\/comments?post=59260"}],"wp:featuredmedia":[{"embeddable":true,"href":"https:\/\/ironsky.pl\/sklep\/wp-json\/wp\/v2\/media\/45668"}],"wp:attachment":[{"href":"https:\/\/ironsky.pl\/sklep\/wp-json\/wp\/v2\/media?parent=59260"}],"wp:term":[{"taxonomy":"product_brand","embeddable":true,"href":"https:\/\/ironsky.pl\/sklep\/wp-json\/wp\/v2\/product_brand?post=59260"},{"taxonomy":"product_cat","embeddable":true,"href":"https:\/\/ironsky.pl\/sklep\/wp-json\/wp\/v2\/product_cat?post=59260"},{"taxonomy":"product_tag","embeddable":true,"href":"https:\/\/ironsky.pl\/sklep\/wp-json\/wp\/v2\/product_tag?post=59260"}],"curies":[{"name":"wp","href":"https:\/\/api.w.org\/{rel}","templated":true}]}}