{"id":59259,"date":"2026-04-15T10:45:29","date_gmt":"2026-04-15T08:45:29","guid":{"rendered":"https:\/\/ironsky.pl\/sklep\/produkt\/podstawka-orico-ma15-aluminiowa-szara\/"},"modified":"2026-04-15T10:45:33","modified_gmt":"2026-04-15T08:45:33","slug":"podstawka-orico-ma15-aluminiowa-szara","status":"publish","type":"product","link":"https:\/\/ironsky.pl\/sklep\/produkt\/podstawka-orico-ma15-aluminiowa-szara\/","title":{"rendered":"Podstawka ORICO MA15 aluminiowa (szara)"},"content":{"rendered":"<h3><strong>Podstawka na laptop Orico MA15-GY-BP (szara)<\/strong><\/h3>\n<p>U\u0142atw sobie codzienno\u015b\u0107. Podstawka pod laptop Orico MA15-GY-BP pozwoli Ci wygodnie ogl\u0105da\u0107 filmy czy pracowa\u0107 w ka\u017cdym miejscu. Jest zakrzywiona pod k\u0105tem 30 stopni oraz kompatybilna z szeregiem urz\u0105dze\u0144 o przek\u0105tnej 11-17.4\u201d. Wyr\u00f3\u017cnia si\u0119 wytrzyma\u0142o\u015bci\u0105 oraz stabilno\u015b\u0107, a tak\u017ce umo\u017cliwia lepsze odprowadzanie ciep\u0142a. Co wi\u0119cej, pozwoli zwi\u0119kszy\u0107 wydajno\u015b\u0107 pracy.<\/p>\n<p>\n<img decoding=\"async\" src=\"https:\/\/assets.innpro.pl\/8266\/9669\/2.jpg\" border=\"0\" \/>\n<\/p>\n<h3><strong>Stabilna i antypo\u015blizgowa<\/strong><\/h3>\n<p>Nie musisz obawia\u0107 si\u0119, \u017ce Tw\u00f3j laptop przypadkowo ze\u015blizgnie si\u0119 z podstawki. Antypo\u015blizgowe, silikonowe elementy utrzymuj\u0105 laptop w stabilnej pozycji, a tak\u017ce zapobiegaj\u0105 przesuwaniu si\u0119 podstawki po powierzchni biurka. Co wi\u0119cej, chroni\u0105 urz\u0105dzenie przed zarysowaniami. Mo\u017cesz mie\u0107 pewno\u015b\u0107, \u017ce Twoje sprz\u0119ty s\u0105 bezpieczne!<\/p>\n<p>\n<img decoding=\"async\" src=\"https:\/\/assets.innpro.pl\/8266\/9669\/1.jpg\" border=\"0\" \/>\n<\/p>\n<h3><strong>Ergonomiczna konstrukcja<\/strong><\/h3>\n<p>Konstrukcja podstawki jest zakrzywiona pod k\u0105tem 30\u00b0, a wysoko\u015b\u0107 linii wzroku wynosi 87 cm, co zapewni Ci niezr\u00f3wnany komfort podczas u\u017cytkowania. Specjalnie zaprojektowane akcesorium umo\u017cliwia efektywne rozpraszanie ciep\u0142a, jednocze\u015bnie chroni\u0105c laptop przed przegrzaniem.<\/p>\n<p>\n<img decoding=\"async\" src=\"https:\/\/assets.innpro.pl\/8266\/9669\/6.jpg\" border=\"0\" \/>\n<\/p>\n<h3><strong>Wiele mo\u017cliwo\u015bci<\/strong><\/h3>\n<p>Podstawka doskonale sprawdzi si\u0119 w wielu sytuacjach. Jest kompatybilna z urz\u0105dzeniami o przek\u0105tnej 11-17.4\u201d, dzi\u0119ki czemu bez problemu umie\u015bcisz tam zar\u00f3wno laptop, jak i tablet czy czytnik e-book\u00f3w. W efekcie czemu mo\u017cesz wygodnie ogl\u0105da\u0107 ulubione seriale, przygotowywa\u0107 pyszne dania z internetowych przepis\u00f3w czy robi\u0107 grafiki na tablecie graficznym. Twoje mo\u017cliwo\u015bci s\u0105 niemal nieograniczone!<\/p>\n<p>\n<img decoding=\"async\" src=\"https:\/\/assets.innpro.pl\/8266\/9669\/9.jpg\" border=\"0\" \/>\n<\/p>\n<div class=\"table-wrapper\">\n<p>\u00a0<\/p>\n<h3><\/h3>\n<table>\n<tbody>\n<tr>\n<th>Producent <\/th>\n<td>Orico<\/td>\n<\/tr>\n<tr>\n<th>Model <\/th>\n<td>MA15-GY-BP<\/td>\n<\/tr>\n<tr>\n<th>Kolor <\/th>\n<td>Szary<\/td>\n<\/tr>\n<tr>\n<th>Materia\u0142 <\/th>\n<td>Aluminium + silikon<\/td>\n<\/tr>\n<tr>\n<th>Waga <\/th>\n<td>420 g<\/td>\n<\/tr>\n<tr>\n<th>Wymiary<\/th>\n<td>233 x 260 x 87 mm<\/td>\n<\/tr>\n<tr>\n<th>Kompatybilno\u015b\u0107 <\/th>\n<td>Urz\u0105dzenia o przek\u0105tnej 11-17.4\u201d<\/td>\n<\/tr>\n<\/tbody>\n<\/table>\n<\/div>\n","protected":false},"excerpt":{"rendered":"<p>Podstawka na laptop Orico MA15-GY-BP (szara) U\u0142atw sobie codzienno\u015b\u0107. Podstawka pod laptop Orico MA15-GY-BP pozwoli Ci wygodnie ogl\u0105da\u0107 filmy czy<\/p>\n","protected":false},"featured_media":45663,"comment_status":"closed","ping_status":"open","template":"","meta":{"_acf_changed":false},"product_brand":[],"product_cat":[5929,6195],"product_tag":[],"class_list":{"0":"post-59259","1":"product","2":"type-product","3":"status-publish","4":"has-post-thumbnail","6":"product_cat-akcesoria-it","7":"product_cat-podstawki-pod-laptop","8":"pa_okres-gwarancji-5754","9":"pa_producent-orico","11":"first","12":"outofstock","13":"taxable","14":"shipping-taxable","15":"purchasable","16":"product-type-simple"},"acf":[],"yoast_head":"<!-- This site is optimized with the Yoast SEO plugin v27.2 - https:\/\/yoast.com\/product\/yoast-seo-wordpress\/ -->\n<title>Podstawka ORICO MA15 aluminiowa (szara) - IRONSKY.PL Sklep z Dronami<\/title>\n<meta name=\"description\" content=\"Podstawka ORICO MA15 aluminiowa (szara) - \u2705 sklep z dronami i fachowym doradztwem. \u2705 Tutaj kupisz produkty DJI, Yuneec, Parrot, Syma i wiele innych, a tak\u017ce kursy i licencje na operatora drona.\" \/>\n<meta name=\"robots\" content=\"index, follow, max-snippet:-1, max-image-preview:large, max-video-preview:-1\" \/>\n<link rel=\"canonical\" href=\"https:\/\/ironsky.pl\/sklep\/produkt\/podstawka-orico-ma15-aluminiowa-szara\/\" \/>\n<meta property=\"og:locale\" content=\"pl_PL\" \/>\n<meta property=\"og:type\" content=\"article\" \/>\n<meta property=\"og:title\" content=\"Podstawka ORICO MA15 aluminiowa (szara) - IRONSKY.PL Sklep z Dronami\" \/>\n<meta property=\"og:description\" content=\"Podstawka ORICO MA15 aluminiowa (szara) - \u2705 sklep z dronami i fachowym doradztwem. \u2705 Tutaj kupisz produkty DJI, Yuneec, Parrot, Syma i wiele innych, a tak\u017ce kursy i licencje na operatora drona.\" \/>\n<meta property=\"og:url\" content=\"https:\/\/ironsky.pl\/sklep\/produkt\/podstawka-orico-ma15-aluminiowa-szara\/\" \/>\n<meta property=\"og:site_name\" content=\"IRONSKY.PL Sklep z Dronami\" \/>\n<meta property=\"article:modified_time\" content=\"2026-04-15T08:45:33+00:00\" \/>\n<meta property=\"og:image\" content=\"https:\/\/ironsky.pl\/sklep\/wp-content\/uploads\/2025\/06\/45727_1.jpg\" \/>\n\t<meta property=\"og:image:width\" content=\"800\" \/>\n\t<meta property=\"og:image:height\" content=\"800\" \/>\n\t<meta property=\"og:image:type\" content=\"image\/jpeg\" \/>\n<meta name=\"twitter:card\" content=\"summary_large_image\" \/>\n<meta name=\"twitter:label1\" content=\"Szacowany czas czytania\" \/>\n\t<meta name=\"twitter:data1\" content=\"1 minuta\" \/>\n<script type=\"application\/ld+json\" class=\"yoast-schema-graph\">{\"@context\":\"https:\/\/schema.org\",\"@graph\":[{\"@type\":\"WebPage\",\"@id\":\"https:\/\/ironsky.pl\/sklep\/produkt\/podstawka-orico-ma15-aluminiowa-szara\/\",\"url\":\"https:\/\/ironsky.pl\/sklep\/produkt\/podstawka-orico-ma15-aluminiowa-szara\/\",\"name\":\"Podstawka ORICO MA15 aluminiowa (szara) - IRONSKY.PL Sklep z Dronami\",\"isPartOf\":{\"@id\":\"https:\/\/ironsky.pl\/sklep\/#website\"},\"primaryImageOfPage\":{\"@id\":\"https:\/\/ironsky.pl\/sklep\/produkt\/podstawka-orico-ma15-aluminiowa-szara\/#primaryimage\"},\"image\":{\"@id\":\"https:\/\/ironsky.pl\/sklep\/produkt\/podstawka-orico-ma15-aluminiowa-szara\/#primaryimage\"},\"thumbnailUrl\":\"https:\/\/ironsky.pl\/sklep\/wp-content\/uploads\/2025\/06\/45727_1.jpg\",\"datePublished\":\"2026-04-15T08:45:29+00:00\",\"dateModified\":\"2026-04-15T08:45:33+00:00\",\"description\":\"Podstawka ORICO MA15 aluminiowa (szara) - \u2705 sklep z dronami i fachowym doradztwem. \u2705 Tutaj kupisz produkty DJI, Yuneec, Parrot, Syma i wiele innych, a tak\u017ce kursy i licencje na operatora drona.\",\"breadcrumb\":{\"@id\":\"https:\/\/ironsky.pl\/sklep\/produkt\/podstawka-orico-ma15-aluminiowa-szara\/#breadcrumb\"},\"inLanguage\":\"pl-PL\",\"potentialAction\":[{\"@type\":\"ReadAction\",\"target\":[\"https:\/\/ironsky.pl\/sklep\/produkt\/podstawka-orico-ma15-aluminiowa-szara\/\"]}]},{\"@type\":\"ImageObject\",\"inLanguage\":\"pl-PL\",\"@id\":\"https:\/\/ironsky.pl\/sklep\/produkt\/podstawka-orico-ma15-aluminiowa-szara\/#primaryimage\",\"url\":\"https:\/\/ironsky.pl\/sklep\/wp-content\/uploads\/2025\/06\/45727_1.jpg\",\"contentUrl\":\"https:\/\/ironsky.pl\/sklep\/wp-content\/uploads\/2025\/06\/45727_1.jpg\",\"width\":800,\"height\":800},{\"@type\":\"BreadcrumbList\",\"@id\":\"https:\/\/ironsky.pl\/sklep\/produkt\/podstawka-orico-ma15-aluminiowa-szara\/#breadcrumb\",\"itemListElement\":[{\"@type\":\"ListItem\",\"position\":1,\"name\":\"Strona g\u0142\u00f3wna\",\"item\":\"https:\/\/ironsky.pl\/sklep\/\"},{\"@type\":\"ListItem\",\"position\":2,\"name\":\"Wszystkie produkty\",\"item\":\"https:\/\/ironsky.pl\/sklep\/produkty\/\"},{\"@type\":\"ListItem\",\"position\":3,\"name\":\"Podstawka ORICO MA15 aluminiowa (szara)\"}]},{\"@type\":\"WebSite\",\"@id\":\"https:\/\/ironsky.pl\/sklep\/#website\",\"url\":\"https:\/\/ironsky.pl\/sklep\/\",\"name\":\"IRONSKY.PL Sklep z Dronami\",\"description\":\"IRONSKY.PL Sklep z Dronami\",\"potentialAction\":[{\"@type\":\"SearchAction\",\"target\":{\"@type\":\"EntryPoint\",\"urlTemplate\":\"https:\/\/ironsky.pl\/sklep\/?s={search_term_string}\"},\"query-input\":{\"@type\":\"PropertyValueSpecification\",\"valueRequired\":true,\"valueName\":\"search_term_string\"}}],\"inLanguage\":\"pl-PL\"}]}<\/script>\n<!-- \/ Yoast SEO plugin. -->","yoast_head_json":{"title":"Podstawka ORICO MA15 aluminiowa (szara) - IRONSKY.PL Sklep z Dronami","description":"Podstawka ORICO MA15 aluminiowa (szara) - \u2705 sklep z dronami i fachowym doradztwem. \u2705 Tutaj kupisz produkty DJI, Yuneec, Parrot, Syma i wiele innych, a tak\u017ce kursy i licencje na operatora drona.","robots":{"index":"index","follow":"follow","max-snippet":"max-snippet:-1","max-image-preview":"max-image-preview:large","max-video-preview":"max-video-preview:-1"},"canonical":"https:\/\/ironsky.pl\/sklep\/produkt\/podstawka-orico-ma15-aluminiowa-szara\/","og_locale":"pl_PL","og_type":"article","og_title":"Podstawka ORICO MA15 aluminiowa (szara) - IRONSKY.PL Sklep z Dronami","og_description":"Podstawka ORICO MA15 aluminiowa (szara) - \u2705 sklep z dronami i fachowym doradztwem. \u2705 Tutaj kupisz produkty DJI, Yuneec, Parrot, Syma i wiele innych, a tak\u017ce kursy i licencje na operatora drona.","og_url":"https:\/\/ironsky.pl\/sklep\/produkt\/podstawka-orico-ma15-aluminiowa-szara\/","og_site_name":"IRONSKY.PL Sklep z Dronami","article_modified_time":"2026-04-15T08:45:33+00:00","og_image":[{"width":800,"height":800,"url":"https:\/\/ironsky.pl\/sklep\/wp-content\/uploads\/2025\/06\/45727_1.jpg","type":"image\/jpeg"}],"twitter_card":"summary_large_image","twitter_misc":{"Szacowany czas czytania":"1 minuta"},"schema":{"@context":"https:\/\/schema.org","@graph":[{"@type":"WebPage","@id":"https:\/\/ironsky.pl\/sklep\/produkt\/podstawka-orico-ma15-aluminiowa-szara\/","url":"https:\/\/ironsky.pl\/sklep\/produkt\/podstawka-orico-ma15-aluminiowa-szara\/","name":"Podstawka ORICO MA15 aluminiowa (szara) - IRONSKY.PL Sklep z Dronami","isPartOf":{"@id":"https:\/\/ironsky.pl\/sklep\/#website"},"primaryImageOfPage":{"@id":"https:\/\/ironsky.pl\/sklep\/produkt\/podstawka-orico-ma15-aluminiowa-szara\/#primaryimage"},"image":{"@id":"https:\/\/ironsky.pl\/sklep\/produkt\/podstawka-orico-ma15-aluminiowa-szara\/#primaryimage"},"thumbnailUrl":"https:\/\/ironsky.pl\/sklep\/wp-content\/uploads\/2025\/06\/45727_1.jpg","datePublished":"2026-04-15T08:45:29+00:00","dateModified":"2026-04-15T08:45:33+00:00","description":"Podstawka ORICO MA15 aluminiowa (szara) - \u2705 sklep z dronami i fachowym doradztwem. \u2705 Tutaj kupisz produkty DJI, Yuneec, Parrot, Syma i wiele innych, a tak\u017ce kursy i licencje na operatora drona.","breadcrumb":{"@id":"https:\/\/ironsky.pl\/sklep\/produkt\/podstawka-orico-ma15-aluminiowa-szara\/#breadcrumb"},"inLanguage":"pl-PL","potentialAction":[{"@type":"ReadAction","target":["https:\/\/ironsky.pl\/sklep\/produkt\/podstawka-orico-ma15-aluminiowa-szara\/"]}]},{"@type":"ImageObject","inLanguage":"pl-PL","@id":"https:\/\/ironsky.pl\/sklep\/produkt\/podstawka-orico-ma15-aluminiowa-szara\/#primaryimage","url":"https:\/\/ironsky.pl\/sklep\/wp-content\/uploads\/2025\/06\/45727_1.jpg","contentUrl":"https:\/\/ironsky.pl\/sklep\/wp-content\/uploads\/2025\/06\/45727_1.jpg","width":800,"height":800},{"@type":"BreadcrumbList","@id":"https:\/\/ironsky.pl\/sklep\/produkt\/podstawka-orico-ma15-aluminiowa-szara\/#breadcrumb","itemListElement":[{"@type":"ListItem","position":1,"name":"Strona g\u0142\u00f3wna","item":"https:\/\/ironsky.pl\/sklep\/"},{"@type":"ListItem","position":2,"name":"Wszystkie produkty","item":"https:\/\/ironsky.pl\/sklep\/produkty\/"},{"@type":"ListItem","position":3,"name":"Podstawka ORICO MA15 aluminiowa (szara)"}]},{"@type":"WebSite","@id":"https:\/\/ironsky.pl\/sklep\/#website","url":"https:\/\/ironsky.pl\/sklep\/","name":"IRONSKY.PL Sklep z Dronami","description":"IRONSKY.PL Sklep z Dronami","potentialAction":[{"@type":"SearchAction","target":{"@type":"EntryPoint","urlTemplate":"https:\/\/ironsky.pl\/sklep\/?s={search_term_string}"},"query-input":{"@type":"PropertyValueSpecification","valueRequired":true,"valueName":"search_term_string"}}],"inLanguage":"pl-PL"}]}},"_links":{"self":[{"href":"https:\/\/ironsky.pl\/sklep\/wp-json\/wp\/v2\/product\/59259","targetHints":{"allow":["GET"]}}],"collection":[{"href":"https:\/\/ironsky.pl\/sklep\/wp-json\/wp\/v2\/product"}],"about":[{"href":"https:\/\/ironsky.pl\/sklep\/wp-json\/wp\/v2\/types\/product"}],"replies":[{"embeddable":true,"href":"https:\/\/ironsky.pl\/sklep\/wp-json\/wp\/v2\/comments?post=59259"}],"wp:featuredmedia":[{"embeddable":true,"href":"https:\/\/ironsky.pl\/sklep\/wp-json\/wp\/v2\/media\/45663"}],"wp:attachment":[{"href":"https:\/\/ironsky.pl\/sklep\/wp-json\/wp\/v2\/media?parent=59259"}],"wp:term":[{"taxonomy":"product_brand","embeddable":true,"href":"https:\/\/ironsky.pl\/sklep\/wp-json\/wp\/v2\/product_brand?post=59259"},{"taxonomy":"product_cat","embeddable":true,"href":"https:\/\/ironsky.pl\/sklep\/wp-json\/wp\/v2\/product_cat?post=59259"},{"taxonomy":"product_tag","embeddable":true,"href":"https:\/\/ironsky.pl\/sklep\/wp-json\/wp\/v2\/product_tag?post=59259"}],"curies":[{"name":"wp","href":"https:\/\/api.w.org\/{rel}","templated":true}]}}